{"id":153445,"date":"2023-05-14T14:24:42","date_gmt":"2023-05-14T14:24:42","guid":{"rendered":"http:\/\/talkpal.ai\/gramatica-tailandesa\/"},"modified":"2025-12-13T15:46:59","modified_gmt":"2025-12-13T15:46:59","slug":"gramatica-tailandesa","status":"publish","type":"page","link":"https:\/\/talkpal.ai\/pt-pt\/gramatica-tailandesa\/","title":{"rendered":"Gram\u00e1tica Tailandesa"},"content":{"rendered":"\r\n\r\n\r\n<section class=\"languageChallengeSection\">\r\n    <div class=\"languageInfoWrapper\">\r\n        \r\n        <h1>Gram\u00e1tica Tailandesa<\/h1>\r\n        <p>Aprende a <a href=\"https:\/\/talkpal.ai\/thai-grammar\/\">gram\u00e1tica tailandesa<\/a> e experimenta a beleza de uma l\u00edngua que \u00e9 simultaneamente l\u00f3gica e expressiva. Come\u00e7a a tua viagem e abre a porta a uma forma fascinante de pensar e falar!<\/p>\r\n\r\n                            <a class=\"getStartedHidden\" href=\"https:\/\/app.talkpal.ai\/pt-pt\/signup?lng=\">Come\u00e7a<\/a>\r\n        \r\n    <\/div>\r\n\r\n    <figure>\r\n    <img decoding=\"async\" width=\"768\" height=\"768\" src=\"https:\/\/talkpal.ai\/wp-content\/uploads\/2023\/06\/thai-768x768.png\" class=\"languageImage no-lazy\" alt=\"Default alt text\" fetchpriority=\"high\" sizes=\"(max-width: 768px) 150px, 768px\" srcset=\"https:\/\/talkpal.ai\/wp-content\/uploads\/2023\/06\/thai-768x768.png 768w, https:\/\/talkpal.ai\/wp-content\/uploads\/2023\/06\/thai-300x300.png 300w\" \/>\r\n    \r\n\r\n    <\/figure>\r\n\r\n            <a class=\"getStartedVisible\" href=\"https:\/\/app.talkpal.ai\/pt-pt\/signup?lng=\">Come\u00e7a<\/a>\r\n    \r\n<\/section>\r\n        <section class=\"grammarSection\">\r\n            <div class=\"grammarLinks\">\r\n                <a href=\"https:\/\/talkpal.ai\/pt-pt\/language\/adjetivos-gramatica-tailandesa-pt-pt\/\">Adjetivos <\/a><a href=\"https:\/\/talkpal.ai\/pt-pt\/language\/adverbios-gramatica-tailandesa-pt-pt\/\">Adv\u00e9rbios <\/a><a href=\"https:\/\/talkpal.ai\/pt-pt\/language\/artigos-gramatica-tailandesa\/\">Artigos <\/a><a href=\"https:\/\/talkpal.ai\/pt-pt\/language\/comparacao-de-tempos-gramatica-tailandesa\/\">Compara\u00e7\u00e3o de tempos <\/a><a href=\"https:\/\/talkpal.ai\/pt-pt\/language\/condicionais-gramatica-tailandesa\/\">Condicionais <\/a><a href=\"https:\/\/talkpal.ai\/pt-pt\/language\/frases-gramatica-tailandesa\/\">Frases <\/a><a href=\"https:\/\/talkpal.ai\/pt-pt\/language\/preposicoes-gramatica-tailandesa\/\">Preposi\u00e7\u00f5es <\/a><a href=\"https:\/\/talkpal.ai\/pt-pt\/language\/progressivo-gramatica-tailandesa\/\">Progressivo <\/a><a href=\"https:\/\/talkpal.ai\/pt-pt\/language\/progressivo-perfeito-gramatica-tailandesa\/\">Progressivo Perfeito <\/a><a href=\"https:\/\/talkpal.ai\/pt-pt\/language\/pronomes-determinantes-gramatica-tailandesa\/\">Pronomes\/Determinantes <\/a><a href=\"https:\/\/talkpal.ai\/pt-pt\/language\/substantivos-gramatica-tailandesa\/\">Substantivos <\/a><a href=\"https:\/\/talkpal.ai\/pt-pt\/language\/tempos-verbais-gramatica-tailandesa\/\">Tempos Verbais <\/a><a href=\"https:\/\/talkpal.ai\/pt-pt\/language\/verbos-gramatica-tailandesa-pt-pt\/\">Verbos <\/a>            <\/div>\r\n        <\/section>\r\n    <section class=\"promotionalBanner\">\r\n    <p class=\"promotionalText\">A maneira mais eficiente de aprender um idioma<\/p>\r\n    <a class=\"promotionalLink\" href=\"https:\/\/app.talkpal.ai\/pt-pt\/signup?lng=\">Experimente o Talkpal gratuitamente<\/a>\r\n<\/section>\n<div class=\"wp-block-group pageContainerStyle\"><div class=\"wp-block-group__inner-container is-layout-constrained wp-block-group-is-layout-constrained\">\n<h2 class=\"wp-block-heading\" id=\"h-thai-grammar-exploring-a-unique-linguistic-world\">Gram\u00e1tica Tailandesa: Explorando um Mundo Lingu\u00edstico \u00danico<\/h2>\n\n\n\n<p>A <a href=\"https:\/\/talkpal.ai\/thai-grammar\/\">gram\u00e1tica tailandesa<\/a> &#8211; aparentemente enigm\u00e1tica, ex\u00f3tica e cativante. Ao partir em sua jornada para aprender a l\u00edngua tailandesa, voc\u00ea pode se ver inesperadamente encantado com sua gram\u00e1tica. N\u00e3o temas, meus companheiros exploradores lingu\u00edsticos! Estamos aqui para oferecer orienta\u00e7\u00e3o e apoio nesta aventura fascinante!<\/p>\n\n\n\n<p>Neste artigo, nos aprofundamos nos aspectos centrais da gram\u00e1tica tailandesa, detalhando conceitos-chave, explicando regras e at\u00e9 simplificando as complexidades. Junte-se a n\u00f3s enquanto levantamos o v\u00e9u sobre a gram\u00e1tica tailandesa e acendemos sua paix\u00e3o por este idioma maravilhosamente \u00fanico!<\/p>\n\n\n\n<h3 class=\"wp-block-heading\" id=\"h-1-nouns-no-plurals-no-genders-no-worries\">1. Substantivos: Sem plurais, sem g\u00eaneros, sem preocupa\u00e7\u00f5es!<\/h3>\n\n\n\n<p>A beleza da gram\u00e1tica tailandesa est\u00e1 em sua simplicidade em rela\u00e7\u00e3o aos substantivos. Os substantivos tailandeses n\u00e3o t\u00eam g\u00eanero ou formas plurais, tornando-os f\u00e1ceis de usar e entender. Para indicar pluralidade, simplesmente adiciona uma palavra de quantidade <a href=\"https:\/\/talkpal.ai\/locations\/language-courses-in-como\/\">como<\/a> \u201cmuitos\u201d (\u0e21\u0e32\u0e01, m\u00e2ak) ou \u201calguns\u201d (\u0e1a\u0e49\u0e32\u0e07, b\u00e2ang) ou repete o substantivo para enfatizar o significado plural.<\/p>\n\n\n\n<h3 class=\"wp-block-heading\" id=\"h-2-pronouns-choose-wisely-based-on-politeness\">2. Pronomes: Escolha sabiamente com base na polidez<\/h3>\n\n\n\n<p>Selecionar o pronome apropriado \u00e9 essencial na gram\u00e1tica tailandesa para mostrar respeito e humildade. Os pronomes tailandeses variam consoante o sexo, a idade e a rela\u00e7\u00e3o entre o falante e o ouvinte. Por exemplo, \u201c\u0e09\u0e31\u0e19\u201d (ch\u0103n) \u00e9 um pronome informal comum da primeira pessoa, enquanto \u201c\u0e1c\u0e21\u201d (p\u014fm) \u00e9 frequentemente utilizado pelos homens em situa\u00e7\u00f5es mais formais.<\/p>\n\n\n\n<p>Para seres mais educado, <a href=\"https:\/\/talkpal.ai\/locations\/learn-english-in-usa\/\">usa<\/a> \u201c\u0e04\u0e38\u0e13\u201d (kun) para \u201ctu\u201d e \u201c\u0e40\u0e02\u0e32\u201d (k\u0103o) para \u201cele\/ela\u201d.<\/p>\n\n\n\n<h3 class=\"wp-block-heading\" id=\"h-3-verbs-no-conjugation-or-tenses-only-particles\">3. Verbos: Sem conjuga\u00e7\u00e3o ou tempos, apenas part\u00edculas<\/h3>\n\n\n\n<p>Na gram\u00e1tica tailandesa, os verbos permanecem inalterados, independentemente do tempo, humor ou assunto. Em vez disso, o <a href=\"https:\/\/talkpal.ai\/learn-thai\/\">tailand\u00eas<\/a> se baseia em palavras simples conhecidas como part\u00edculas para indicar o tempo ou a atitude da frase. Essas part\u00edculas s\u00e3o colocadas no final da frase.<\/p>\n\n\n\n<p>Por exemplo, a part\u00edcula \u201c\u0e41\u0e25\u0e49\u0e27\u201d (l\u00e1ew) indica o tempo passado ou uma a\u00e7\u00e3o conclu\u00edda, e \u201c\u0e01\u0e33\u0e25\u0e31\u0e07\u201d (gam-lang) \u00e9 utilizada para ac\u00e7\u00f5es em curso. Portanto, \u201c\u0e40\u0e02\u0e32\u0e01\u0e34\u0e19\u201d (k\u0103o gin) significa \u201cele\/ela come\u201d, enquanto \u201c\u0e40\u0e02\u0e32\u0e01\u0e34\u0e19\u0e41\u0e25\u0e49\u0e27\u201d (k\u0103o gin l\u00e1ew) significa \u201cele\/ela comeu\u201d.<\/p>\n\n\n\n<h3 class=\"wp-block-heading\" id=\"h-4-sentence-structure-clear-and-straightforward\">4. Estrutura da frase: Clara e direta<\/h3>\n\n\n\n<p>A gram\u00e1tica tailandesa segue uma estrutura frasal Sujeito-Verbo-Objeto (SVO), semelhante ao <a href=\"https:\/\/talkpal.ai\/pt-pt\/locations\/aprenda-ingles-em-passos\/\">ingl\u00eas<\/a>, que simplifica a compreens\u00e3o para falantes de ingl\u00eas. A regra principal \u00e9 que adjetivos, adv\u00e9rbios e outras palavras descritivas sigam o substantivo ou verbo que descrevem.<\/p>\n\n\n\n<p>Por exemplo, \u201c\u0e1c\u0e21\u0e0a\u0e2d\u0e1a\u0e2b\u0e19\u0e31\u0e07\u0e2a\u0e37\u0e2d\u0e19\u0e35\u0e49\u201d (p\u014fm ch\u00e2wp n\u0103ng s\u011bu n\u00e9e) traduz-se por \u201cEu (sujeito) gosto (verbo) deste livro (objeto)\u201d.<\/p>\n\n\n\n<h3 class=\"wp-block-heading\" id=\"h-5-immerse-yourself-in-thai-practice-makes-perfect\">5. Mergulhe no tailand\u00eas: a pr\u00e1tica faz a perfei\u00e7\u00e3o<\/h3>\n\n\n\n<p>Compreender e dominar a gram\u00e1tica tailandesa pode inicialmente parecer desafiador, mas a chave \u00e9 a persist\u00eancia e a pr\u00e1tica consistente. Envolva todos os seus sentidos mergulhando no idioma, lendo, escrevendo, ouvindo e conversando com falantes nativos. Quanto mais exposi\u00e7\u00e3o voc\u00ea tiver \u00e0 gram\u00e1tica tailandesa, mais esses conceitos ex\u00f3ticos se sentir\u00e3o familiares e confort\u00e1veis.<\/p>\n\n\n\n<p>Ent\u00e3o, voc\u00ea est\u00e1 pronto para mergulhar no fascinante mundo da gram\u00e1tica tailandesa? Abrace o desafio e as caracter\u00edsticas \u00fanicas da gram\u00e1tica tailandesa e, com tempo, dedica\u00e7\u00e3o e senso de aventura, voc\u00ea pode desbloquear a beleza cativante da l\u00edngua tailandesa.<\/p>\n<\/div><\/div>\n\r\n<section class=\"learnNavigationSection\">\r\n            \r\n        <a href=\"https:\/\/talkpal.ai\/pt-pt\/aprenda-tailandes\/\">\r\n            <div class=\"learnNavigationWrapper\">\r\n                <div class=\"learnNavigationContent\">\r\n                    <img decoding=\"async\" src=\"https:\/\/talkpal.ai\/wp-content\/uploads\/2024\/08\/Thai.jpg\" alt=\"Thai Flag\">\r\n                    <div>\r\n                        <h4>Sobre a Thai Learning<\/h4>\r\n                        <p>Descubra tudo sobre a gram\u00e1tica tailandesa.<\/p>\r\n                    <\/div>\r\n                <\/div>\r\n            <\/div>\r\n        <\/a>\r\n\r\n        \r\n        <a href=\"https:\/\/talkpal.ai\/pt-pt\/exercicios-de-gramatica-tailandesa\/\">\r\n            <div class=\"learnNavigationWrapper\">\r\n                <div class=\"learnNavigationContent\">\r\n                    <img decoding=\"async\" src=\"https:\/\/talkpal.ai\/wp-content\/uploads\/2024\/08\/Thai.jpg\" alt=\"Thai Flag\">\r\n                    <div>\r\n                        <h4>Exerc\u00edcio de gram\u00e1tica tailandesa<\/h4>\r\n                        <p>Pratique a gram\u00e1tica tailandesa.<\/p>\r\n                    <\/div>\r\n                <\/div>\r\n            <\/div>\r\n        <\/a>\r\n\r\n        \r\n        <a href=\"https:\/\/talkpal.ai\/vocabulary_language\/thai\/\">\r\n            <div class=\"learnNavigationWrapper\">\r\n                <div class=\"learnNavigationContent\">\r\n                    <img decoding=\"async\" src=\"https:\/\/talkpal.ai\/wp-content\/uploads\/2024\/08\/Thai.jpg\" alt=\"Thai Flag\">\r\n                    <div>\r\n                        <h4>Vocabul\u00e1rio tailand\u00eas<\/h4>\r\n                        <p>Expanda seu vocabul\u00e1rio tailand\u00eas.<\/p>\r\n                    <\/div>\r\n                <\/div>\r\n            <\/div>\r\n        <\/a>\r\n\r\n            <\/section>","protected":false},"excerpt":{"rendered":"<p>Gram\u00e1tica Tailandesa: Explorando um Mundo Lingu\u00edstico \u00danico A gram\u00e1tica tailandesa &#8211; aparentemente enigm\u00e1tica, ex\u00f3tica e cativante. Ao partir em sua jornada para aprender a l\u00edngua tailandesa, voc\u00ea pode se ver inesperadamente encantado com sua gram\u00e1tica. N\u00e3o temas, meus companheiros exploradores lingu\u00edsticos! Estamos aqui para oferecer orienta\u00e7\u00e3o e apoio nesta aventura fascinante! Neste artigo, nos aprofundamos [&hellip;]<\/p>\n","protected":false},"author":1,"featured_media":28738,"parent":0,"menu_order":0,"comment_status":"closed","ping_status":"closed","template":"LearningContentPage.php","meta":{"_acf_changed":false,"footnotes":""},"class_list":["post-153445","page","type-page","status-publish","has-post-thumbnail","hentry"],"acf":[],"yoast_head":"<!-- This site is optimized with the Yoast SEO Premium plugin v27.2 (Yoast SEO v27.2) - https:\/\/yoast.com\/product\/yoast-seo-premium-wordpress\/ -->\n<title>Gram\u00e1tica Tailandesa - Talkpal<\/title>\n<meta name=\"description\" content=\"Explora o fascinante mundo da gram\u00e1tica tailandesa. Descobre a sua simplicidade e as suas carater\u00edsticas \u00fanicas que tornam a aprendizagem agrad\u00e1vel.\" \/>\n<meta name=\"robots\" content=\"index, follow, max-snippet:-1, max-image-preview:large, max-video-preview:-1\" \/>\n<link rel=\"canonical\" href=\"https:\/\/talkpal.ai\/pt-pt\/gramatica-tailandesa\/\" \/>\n<meta property=\"og:locale\" content=\"pt_PT\" \/>\n<meta property=\"og:type\" content=\"article\" \/>\n<meta property=\"og:title\" content=\"Gram\u00e1tica Tailandesa\" \/>\n<meta property=\"og:description\" content=\"Gram\u00e1tica Tailandesa: Explorando um Mundo Lingu\u00edstico \u00danico A gram\u00e1tica tailandesa - aparentemente enigm\u00e1tica, ex\u00f3tica e cativante. Ao partir em sua\" \/>\n<meta property=\"og:url\" content=\"https:\/\/talkpal.ai\/pt-pt\/gramatica-tailandesa\/\" \/>\n<meta property=\"og:site_name\" content=\"Talkpal\" \/>\n<meta property=\"article:publisher\" content=\"https:\/\/www.facebook.com\/profile.php?id=100090733639311\" \/>\n<meta property=\"article:modified_time\" content=\"2025-12-13T15:46:59+00:00\" \/>\n<meta property=\"og:image\" content=\"https:\/\/talkpal.ai\/wp-content\/uploads\/2023\/05\/thailand.png\" \/>\n\t<meta property=\"og:image:width\" content=\"512\" \/>\n\t<meta property=\"og:image:height\" content=\"512\" \/>\n\t<meta property=\"og:image:type\" content=\"image\/png\" \/>\n<meta name=\"twitter:card\" content=\"summary_large_image\" \/>\n<meta name=\"twitter:site\" content=\"@talkpalai\" \/>\n<meta name=\"twitter:label1\" content=\"Tempo estimado de leitura\" \/>\n\t<meta name=\"twitter:data1\" content=\"3 minutos\" \/>\n<script type=\"application\/ld+json\" class=\"yoast-schema-graph\">{\"@context\":\"https:\/\/schema.org\",\"@graph\":[{\"@type\":\"WebPage\",\"@id\":\"https:\/\/talkpal.ai\/pt-pt\/gramatica-tailandesa\/\",\"url\":\"https:\/\/talkpal.ai\/pt-pt\/gramatica-tailandesa\/\",\"name\":\"Gram\u00e1tica Tailandesa - Talkpal\",\"isPartOf\":{\"@id\":\"https:\/\/talkpal.ai\/pt-pt\/#website\"},\"primaryImageOfPage\":{\"@id\":\"https:\/\/talkpal.ai\/pt-pt\/gramatica-tailandesa\/#primaryimage\"},\"image\":{\"@id\":\"https:\/\/talkpal.ai\/pt-pt\/gramatica-tailandesa\/#primaryimage\"},\"thumbnailUrl\":\"https:\/\/talkpal.ai\/wp-content\/uploads\/2023\/05\/thailand.png\",\"datePublished\":\"2023-05-14T14:24:42+00:00\",\"dateModified\":\"2025-12-13T15:46:59+00:00\",\"description\":\"Explora o fascinante mundo da gram\u00e1tica tailandesa. Descobre a sua simplicidade e as suas carater\u00edsticas \u00fanicas que tornam a aprendizagem agrad\u00e1vel.\",\"breadcrumb\":{\"@id\":\"https:\/\/talkpal.ai\/pt-pt\/gramatica-tailandesa\/#breadcrumb\"},\"inLanguage\":\"pt-PT\",\"potentialAction\":[{\"@type\":\"ReadAction\",\"target\":[\"https:\/\/talkpal.ai\/pt-pt\/gramatica-tailandesa\/\"]}]},{\"@type\":\"ImageObject\",\"inLanguage\":\"pt-PT\",\"@id\":\"https:\/\/talkpal.ai\/pt-pt\/gramatica-tailandesa\/#primaryimage\",\"url\":\"https:\/\/talkpal.ai\/wp-content\/uploads\/2023\/05\/thailand.png\",\"contentUrl\":\"https:\/\/talkpal.ai\/wp-content\/uploads\/2023\/05\/thailand.png\",\"width\":512,\"height\":512},{\"@type\":\"BreadcrumbList\",\"@id\":\"https:\/\/talkpal.ai\/pt-pt\/gramatica-tailandesa\/#breadcrumb\",\"itemListElement\":[{\"@type\":\"ListItem\",\"position\":1,\"name\":\"Homepage\",\"item\":\"https:\/\/talkpal.ai\/pt-pt\/\"},{\"@type\":\"ListItem\",\"position\":2,\"name\":\"Gram\u00e1tica Tailandesa\"}]},{\"@type\":\"WebSite\",\"@id\":\"https:\/\/talkpal.ai\/pt-pt\/#website\",\"url\":\"https:\/\/talkpal.ai\/pt-pt\/\",\"name\":\"Talkpal\",\"description\":\"AI Language Learning\",\"publisher\":{\"@id\":\"https:\/\/talkpal.ai\/pt-pt\/#organization\"},\"alternateName\":\"Talkpal AI\",\"potentialAction\":[{\"@type\":\"SearchAction\",\"target\":{\"@type\":\"EntryPoint\",\"urlTemplate\":\"https:\/\/talkpal.ai\/pt-pt\/?s={search_term_string}\"},\"query-input\":{\"@type\":\"PropertyValueSpecification\",\"valueRequired\":true,\"valueName\":\"search_term_string\"}}],\"inLanguage\":\"pt-PT\"},{\"@type\":\"Organization\",\"@id\":\"https:\/\/talkpal.ai\/pt-pt\/#organization\",\"name\":\"Talkpal, Inc.\",\"alternateName\":\"Talkpal AI\",\"url\":\"https:\/\/talkpal.ai\/pt-pt\/\",\"logo\":{\"@type\":\"ImageObject\",\"inLanguage\":\"pt-PT\",\"@id\":\"https:\/\/talkpal.ai\/pt-pt\/#\/schema\/logo\/image\/\",\"url\":\"https:\/\/talkpal.ai\/wp-content\/uploads\/2024\/03\/Talkpal-Logo-Icon.png\",\"contentUrl\":\"https:\/\/talkpal.ai\/wp-content\/uploads\/2024\/03\/Talkpal-Logo-Icon.png\",\"width\":2880,\"height\":2880,\"caption\":\"Talkpal, Inc.\"},\"image\":{\"@id\":\"https:\/\/talkpal.ai\/pt-pt\/#\/schema\/logo\/image\/\"},\"sameAs\":[\"https:\/\/www.facebook.com\/profile.php?id=100090733639311\",\"https:\/\/x.com\/talkpalai\",\"https:\/\/www.linkedin.com\/company\/talkpal\/\",\"https:\/\/www.youtube.com\/@TalkPal\/\",\"https:\/\/www.tiktok.com\/@talkpal\",\"https:\/\/www.instagram.com\/talkpal_ai\/\",\"https:\/\/www.crunchbase.com\/organization\/talkpal-9cde\",\"https:\/\/www.g2.com\/products\/talkpal-for-business\/\",\"https:\/\/www.trustpilot.com\/review\/talkpal.ai\",\"https:\/\/www.capterra.com\/p\/10006800\/TalkPal\/\"],\"description\":\"Talkpal is a language learning web and mobile education app, powered by the latest AI technologies, that provides engaging experiences to its customers in many different languages to help them improve their language skills. Users can chat about unlimited amount of topics with the app and use other modes to practice their language learning.\",\"email\":\"support@talkpal.ai\",\"legalName\":\"Talkpal, Inc.\",\"foundingDate\":\"2023-04-03\",\"duns\":\"118989042\",\"numberOfEmployees\":{\"@type\":\"QuantitativeValue\",\"minValue\":\"11\",\"maxValue\":\"50\"},\"publishingPrinciples\":\"https:\/\/talkpal.ai\/publishing-principles\/\",\"actionableFeedbackPolicy\":\"https:\/\/talkpal.ai\/actionable-feedback-policy\/\",\"correctionsPolicy\":\"https:\/\/talkpal.ai\/corrections-policy\/\",\"ethicsPolicy\":\"https:\/\/talkpal.ai\/ethics-policy\/\",\"diversityPolicy\":\"https:\/\/talkpal.ai\/diversity-policy\/\",\"diversityStaffingReport\":\"https:\/\/talkpal.ai\/diversity-policy\/\"}]}<\/script>\n<!-- \/ Yoast SEO Premium plugin. -->","yoast_head_json":{"title":"Gram\u00e1tica Tailandesa - Talkpal","description":"Explora o fascinante mundo da gram\u00e1tica tailandesa. Descobre a sua simplicidade e as suas carater\u00edsticas \u00fanicas que tornam a aprendizagem agrad\u00e1vel.","robots":{"index":"index","follow":"follow","max-snippet":"max-snippet:-1","max-image-preview":"max-image-preview:large","max-video-preview":"max-video-preview:-1"},"canonical":"https:\/\/talkpal.ai\/pt-pt\/gramatica-tailandesa\/","og_locale":"pt_PT","og_type":"article","og_title":"Gram\u00e1tica Tailandesa","og_description":"Gram\u00e1tica Tailandesa: Explorando um Mundo Lingu\u00edstico \u00danico A gram\u00e1tica tailandesa - aparentemente enigm\u00e1tica, ex\u00f3tica e cativante. Ao partir em sua","og_url":"https:\/\/talkpal.ai\/pt-pt\/gramatica-tailandesa\/","og_site_name":"Talkpal","article_publisher":"https:\/\/www.facebook.com\/profile.php?id=100090733639311","article_modified_time":"2025-12-13T15:46:59+00:00","og_image":[{"width":512,"height":512,"url":"https:\/\/talkpal.ai\/wp-content\/uploads\/2023\/05\/thailand.png","type":"image\/png"}],"twitter_card":"summary_large_image","twitter_site":"@talkpalai","twitter_misc":{"Tempo estimado de leitura":"3 minutos"},"schema":{"@context":"https:\/\/schema.org","@graph":[{"@type":"WebPage","@id":"https:\/\/talkpal.ai\/pt-pt\/gramatica-tailandesa\/","url":"https:\/\/talkpal.ai\/pt-pt\/gramatica-tailandesa\/","name":"Gram\u00e1tica Tailandesa - Talkpal","isPartOf":{"@id":"https:\/\/talkpal.ai\/pt-pt\/#website"},"primaryImageOfPage":{"@id":"https:\/\/talkpal.ai\/pt-pt\/gramatica-tailandesa\/#primaryimage"},"image":{"@id":"https:\/\/talkpal.ai\/pt-pt\/gramatica-tailandesa\/#primaryimage"},"thumbnailUrl":"https:\/\/talkpal.ai\/wp-content\/uploads\/2023\/05\/thailand.png","datePublished":"2023-05-14T14:24:42+00:00","dateModified":"2025-12-13T15:46:59+00:00","description":"Explora o fascinante mundo da gram\u00e1tica tailandesa. Descobre a sua simplicidade e as suas carater\u00edsticas \u00fanicas que tornam a aprendizagem agrad\u00e1vel.","breadcrumb":{"@id":"https:\/\/talkpal.ai\/pt-pt\/gramatica-tailandesa\/#breadcrumb"},"inLanguage":"pt-PT","potentialAction":[{"@type":"ReadAction","target":["https:\/\/talkpal.ai\/pt-pt\/gramatica-tailandesa\/"]}]},{"@type":"ImageObject","inLanguage":"pt-PT","@id":"https:\/\/talkpal.ai\/pt-pt\/gramatica-tailandesa\/#primaryimage","url":"https:\/\/talkpal.ai\/wp-content\/uploads\/2023\/05\/thailand.png","contentUrl":"https:\/\/talkpal.ai\/wp-content\/uploads\/2023\/05\/thailand.png","width":512,"height":512},{"@type":"BreadcrumbList","@id":"https:\/\/talkpal.ai\/pt-pt\/gramatica-tailandesa\/#breadcrumb","itemListElement":[{"@type":"ListItem","position":1,"name":"Homepage","item":"https:\/\/talkpal.ai\/pt-pt\/"},{"@type":"ListItem","position":2,"name":"Gram\u00e1tica Tailandesa"}]},{"@type":"WebSite","@id":"https:\/\/talkpal.ai\/pt-pt\/#website","url":"https:\/\/talkpal.ai\/pt-pt\/","name":"Talkpal","description":"AI Language Learning","publisher":{"@id":"https:\/\/talkpal.ai\/pt-pt\/#organization"},"alternateName":"Talkpal AI","potentialAction":[{"@type":"SearchAction","target":{"@type":"EntryPoint","urlTemplate":"https:\/\/talkpal.ai\/pt-pt\/?s={search_term_string}"},"query-input":{"@type":"PropertyValueSpecification","valueRequired":true,"valueName":"search_term_string"}}],"inLanguage":"pt-PT"},{"@type":"Organization","@id":"https:\/\/talkpal.ai\/pt-pt\/#organization","name":"Talkpal, Inc.","alternateName":"Talkpal AI","url":"https:\/\/talkpal.ai\/pt-pt\/","logo":{"@type":"ImageObject","inLanguage":"pt-PT","@id":"https:\/\/talkpal.ai\/pt-pt\/#\/schema\/logo\/image\/","url":"https:\/\/talkpal.ai\/wp-content\/uploads\/2024\/03\/Talkpal-Logo-Icon.png","contentUrl":"https:\/\/talkpal.ai\/wp-content\/uploads\/2024\/03\/Talkpal-Logo-Icon.png","width":2880,"height":2880,"caption":"Talkpal, Inc."},"image":{"@id":"https:\/\/talkpal.ai\/pt-pt\/#\/schema\/logo\/image\/"},"sameAs":["https:\/\/www.facebook.com\/profile.php?id=100090733639311","https:\/\/x.com\/talkpalai","https:\/\/www.linkedin.com\/company\/talkpal\/","https:\/\/www.youtube.com\/@TalkPal\/","https:\/\/www.tiktok.com\/@talkpal","https:\/\/www.instagram.com\/talkpal_ai\/","https:\/\/www.crunchbase.com\/organization\/talkpal-9cde","https:\/\/www.g2.com\/products\/talkpal-for-business\/","https:\/\/www.trustpilot.com\/review\/talkpal.ai","https:\/\/www.capterra.com\/p\/10006800\/TalkPal\/"],"description":"Talkpal is a language learning web and mobile education app, powered by the latest AI technologies, that provides engaging experiences to its customers in many different languages to help them improve their language skills. Users can chat about unlimited amount of topics with the app and use other modes to practice their language learning.","email":"support@talkpal.ai","legalName":"Talkpal, Inc.","foundingDate":"2023-04-03","duns":"118989042","numberOfEmployees":{"@type":"QuantitativeValue","minValue":"11","maxValue":"50"},"publishingPrinciples":"https:\/\/talkpal.ai\/publishing-principles\/","actionableFeedbackPolicy":"https:\/\/talkpal.ai\/actionable-feedback-policy\/","correctionsPolicy":"https:\/\/talkpal.ai\/corrections-policy\/","ethicsPolicy":"https:\/\/talkpal.ai\/ethics-policy\/","diversityPolicy":"https:\/\/talkpal.ai\/diversity-policy\/","diversityStaffingReport":"https:\/\/talkpal.ai\/diversity-policy\/"}]}},"_links":{"self":[{"href":"https:\/\/talkpal.ai\/pt-pt\/wp-json\/wp\/v2\/pages\/153445","targetHints":{"allow":["GET"]}}],"collection":[{"href":"https:\/\/talkpal.ai\/pt-pt\/wp-json\/wp\/v2\/pages"}],"about":[{"href":"https:\/\/talkpal.ai\/pt-pt\/wp-json\/wp\/v2\/types\/page"}],"author":[{"embeddable":true,"href":"https:\/\/talkpal.ai\/pt-pt\/wp-json\/wp\/v2\/users\/1"}],"replies":[{"embeddable":true,"href":"https:\/\/talkpal.ai\/pt-pt\/wp-json\/wp\/v2\/comments?post=153445"}],"version-history":[{"count":0,"href":"https:\/\/talkpal.ai\/pt-pt\/wp-json\/wp\/v2\/pages\/153445\/revisions"}],"wp:featuredmedia":[{"embeddable":true,"href":"https:\/\/talkpal.ai\/pt-pt\/wp-json\/wp\/v2\/media\/28738"}],"wp:attachment":[{"href":"https:\/\/talkpal.ai\/pt-pt\/wp-json\/wp\/v2\/media?parent=153445"}],"curies":[{"name":"wp","href":"https:\/\/api.w.org\/{rel}","templated":true}]}}