{"id":153136,"date":"2023-05-14T14:23:49","date_gmt":"2023-05-14T14:23:49","guid":{"rendered":"http:\/\/talkpal.ai\/gramatica-turca\/"},"modified":"2025-12-13T15:45:45","modified_gmt":"2025-12-13T15:45:45","slug":"gramatica-turca","status":"publish","type":"page","link":"https:\/\/talkpal.ai\/pt-pt\/gramatica-turca\/","title":{"rendered":"Gram\u00e1tica Turca"},"content":{"rendered":"\r\n\r\n\r\n<section class=\"languageChallengeSection\">\r\n    <div class=\"languageInfoWrapper\">\r\n        \r\n        <h1>Gram\u00e1tica Turca<\/h1>\r\n        <p>Tens curiosidade em aprender <a href=\"https:\/\/talkpal.ai\/learn-turkish\/\">turco<\/a>? Explora a <a href=\"https:\/\/talkpal.ai\/pt-pt\/o-que-ha-de-especial-na-gramatica-turca\/\">gram\u00e1tica turca<\/a> e v\u00ea <a href=\"https:\/\/talkpal.ai\/locations\/language-courses-in-como\/\">como<\/a> a sua estrutura l\u00f3gica, a harmonia das vogais e os padr\u00f5es verbais f\u00e1ceis de seguir a tornam fascinante e acess\u00edvel. Come\u00e7a a tua viagem hoje &#8211; dominar a <a href=\"https:\/\/talkpal.ai\/pt-pt\/o-que-ha-de-especial-na-gramatica-turca\/\">gram\u00e1tica turca<\/a> \u00e9 a tua chave para uma comunica\u00e7\u00e3o fluente e para desbloquear um mundo vibrante de cultura e liga\u00e7\u00f5es!<\/p>\r\n\r\n                            <a class=\"getStartedHidden\" href=\"https:\/\/app.talkpal.ai\/pt-pt\/signup?lng=\">Come\u00e7a<\/a>\r\n        \r\n    <\/div>\r\n\r\n    <figure>\r\n    <img decoding=\"async\" width=\"768\" height=\"768\" src=\"https:\/\/talkpal.ai\/wp-content\/uploads\/2023\/06\/turkish-768x768.png\" class=\"languageImage no-lazy\" alt=\"Default alt text\" fetchpriority=\"high\" sizes=\"(max-width: 768px) 150px, 768px\" srcset=\"https:\/\/talkpal.ai\/wp-content\/uploads\/2023\/06\/turkish-768x768.png 768w, https:\/\/talkpal.ai\/wp-content\/uploads\/2023\/06\/turkish-300x300.png 300w\" \/>\r\n    \r\n\r\n    <\/figure>\r\n\r\n            <a class=\"getStartedVisible\" href=\"https:\/\/app.talkpal.ai\/pt-pt\/signup?lng=\">Come\u00e7a<\/a>\r\n    \r\n<\/section>\r\n        <section class=\"grammarSection\">\r\n            <div class=\"grammarLinks\">\r\n                <a href=\"https:\/\/talkpal.ai\/pt-pt\/language\/adjetivos-gramatica-turca-pt-pt\/\">Adjetivos <\/a><a href=\"https:\/\/talkpal.ai\/pt-pt\/language\/adverbios-gramatica-turca-pt-pt\/\">Adv\u00e9rbios <\/a><a href=\"https:\/\/talkpal.ai\/pt-pt\/language\/artigos-gramatica-turca\/\">Artigos <\/a><a href=\"https:\/\/talkpal.ai\/pt-pt\/language\/comparacao-de-tempos-gramatica-turca\/\">Compara\u00e7\u00e3o de tempos <\/a><a href=\"https:\/\/talkpal.ai\/pt-pt\/language\/condicionais-gramatica-turca\/\">Condicionais <\/a><a href=\"https:\/\/talkpal.ai\/pt-pt\/language\/frases-gramatica-turca\/\">Frases <\/a><a href=\"https:\/\/talkpal.ai\/pt-pt\/language\/preposicoes-gramatica-turca\/\">Preposi\u00e7\u00f5es <\/a><a href=\"https:\/\/talkpal.ai\/pt-pt\/language\/progressivo-gramatica-turca\/\">Progressivo <\/a><a href=\"https:\/\/talkpal.ai\/pt-pt\/language\/progressivo-perfeito-gramatica-turca\/\">Progressivo Perfeito <\/a><a href=\"https:\/\/talkpal.ai\/pt-pt\/language\/pronomes-determinantes-gramatica-turca\/\">Pronomes\/Determinantes <\/a><a href=\"https:\/\/talkpal.ai\/pt-pt\/language\/substantivos-gramatica-turca\/\">Substantivos <\/a><a href=\"https:\/\/talkpal.ai\/pt-pt\/language\/tempos-gramatica-turca\/\">Tempos <\/a><a href=\"https:\/\/talkpal.ai\/pt-pt\/language\/verbos-gramatica-turca-pt-pt\/\">Verbos <\/a>            <\/div>\r\n        <\/section>\r\n    <section class=\"promotionalBanner\">\r\n    <p class=\"promotionalText\">A maneira mais eficiente de aprender um idioma<\/p>\r\n    <a class=\"promotionalLink\" href=\"https:\/\/app.talkpal.ai\/pt-pt\/signup?lng=\">Experimente o Talkpal gratuitamente<\/a>\r\n<\/section>\n<div class=\"wp-block-group pageContainerStyle\"><div class=\"wp-block-group__inner-container is-layout-constrained wp-block-group-is-layout-constrained\">\n<h2 class=\"wp-block-heading\" id=\"h-the-ultimate-guide-to-turkish-grammar-navigating-the-intricacies-of-a-unique-language\">O Guia Definitivo da Gram\u00e1tica Turca: Navegando pelos Meandros de uma L\u00edngua \u00danica<\/h2>\n\n\n\n<p>A gram\u00e1tica turca, <a href=\"https:\/\/talkpal.ai\/locations\/language-courses-in-como\/\">como<\/a> a pr\u00f3pria l\u00edngua, apresenta uma rica e fascinante tape\u00e7aria de elementos lingu\u00edsticos. Como membro da fam\u00edlia de l\u00ednguas turcas, o turco cativa os alunos com suas diversas caracter\u00edsticas e desafia at\u00e9 mesmo os falantes mais proficientes. Neste guia, vamos explorar os princ\u00edpios fundamentais da gram\u00e1tica turca, desmistificar as suas complexidades e apoiar-te na tua jornada para te tornares fluente nesta l\u00edngua cativante. Come\u00e7a!<\/p>\n\n\n\n<h3 class=\"wp-block-heading\" id=\"h-the-nuts-and-bolts-turkish-sentence-structure\">As porcas e parafusos: estrutura da senten\u00e7a turca<\/h3>\n\n\n\n<p>Em sua ess\u00eancia, a gram\u00e1tica turca \u00e9 bastante direta. A l\u00edngua geralmente segue a estrutura frasal Sujeito-Objeto-Verbo (SOV), <a href=\"https:\/\/talkpal.ai\/culture\/how-do-you-use-the-phrase-ao-contrario-de\/\">ao contr\u00e1rio<\/a> do <a href=\"https:\/\/talkpal.ai\/pt-pt\/locations\/aprenda-ingles-em-passos\/\">ingl\u00eas<\/a> e de muitas outras l\u00ednguas. Por exemplo, a frase \u201cEu como uma ma\u00e7\u00e3\u201d traduz-se por \u201cBen elma yiyorum\u201d (Ben=Eu, elma=ma\u00e7\u00e3, yiyorum=comer). Simples, n\u00e3o? No entanto, \u00e0 medida que nos aprofundamos, vais encontrar algumas carater\u00edsticas intrigantes e distintas da gram\u00e1tica turca.<\/p>\n\n\n\n<h3 class=\"wp-block-heading\" id=\"h-meet-the-family-turkish-nouns-and-their-suffixes\">Conhe\u00e7a a fam\u00edlia: substantivos turcos e seus sufixos<\/h3>\n\n\n\n<p>Uma das caracter\u00edsticas mais peculiares da gram\u00e1tica turca \u00e9 o uso de sufixos para expressar v\u00e1rias rela\u00e7\u00f5es gramaticais. N\u00e3o h\u00e1 preposi\u00e7\u00f5es em turco; No lugar deles, sufixos s\u00e3o anexados a substantivos para indicar posse, objetos diretos e localiza\u00e7\u00e3o.<\/p>\n\n\n\n<p>Por exemplo, toma a palavra \u201celma\u201d (elma) que significa \u201cma\u00e7\u00e3\u201d:<\/p>\n\n\n\n<p><strong>&#8211; Posses: Benim elmam (A minha ma\u00e7\u00e3)<\/strong><\/p>\n\n\n\n<p><strong>&#8211; Objeto direto: Elmay\u0131 yedim (comi a ma\u00e7\u00e3)<\/strong><\/p>\n\n\n\n<p><strong>&#8211; Localiza-te: Elmada (Na ma\u00e7\u00e3)<\/strong><\/p>\n\n\n\n<p>\u00c9 importante que te familiarizes com estes sufixos, uma vez que podem alterar drasticamente o significado das tuas frases.<\/p>\n\n\n\n<h3 class=\"wp-block-heading\" id=\"h-playing-with-numbers-turkish-plurals-and-genders\">Brincando com n\u00fameros: plurais e g\u00eaneros turcos<\/h3>\n\n\n\n<p>Para formar plurais em turco, \u00e9 essencial adicionar apenas um sufixo: -ler ou -lar, dependendo da vogal mais pr\u00f3xima na palavra. <a href=\"https:\/\/talkpal.ai\/culture\/how-do-you-use-the-phrase-ao-contrario-de\/\">Ao contr\u00e1rio<\/a> de muitas outras l\u00ednguas, o turco n\u00e3o tem g\u00e9nero gramatical. Isto significa que n\u00e3o ter\u00e1s de te preocupar em aprender diferentes termina\u00e7\u00f5es ou formas para substantivos masculinos, femininos ou neutros.<\/p>\n\n\n\n<p>Por exemplo, \u201ck\u00f6pek\u201d (k\u00f6pek, um substantivo que significa \u201cc\u00e3o\u201d) torna-se \u201ck\u00f6pekler\u201d (k\u00f6pekler, c\u00e3es), e \u201ckedi\u201d (kedi, um substantivo que significa \u201cgato\u201d) torna-se \u201ckediler\u201d (kediler, gatos).<\/p>\n\n\n\n<h3 class=\"wp-block-heading\" id=\"h-the-art-of-conjugation-turkish-verbs\">A Arte da Conjuga\u00e7\u00e3o: Verbos Turcos<\/h3>\n\n\n\n<p>Os verbos turcos podem parecer assustadores no in\u00edcio, devido aos seus numerosos tempos, humores e conjuga\u00e7\u00f5es. No entanto, a chave para entend\u00ea-los \u00e9 reconhecer padr\u00f5es comuns e praticar regularmente.<\/p>\n\n\n\n<p>Em turco, os verbos usam uma variedade de sufixos para indicar tempo, humor e pessoa. O tronco verbal permanece inalterado. Tomemos como exemplo o verbo \u201cyemek\u201d (yemek, \u201ccomer\u201d):<\/p>\n\n\n\n<p><strong>Tempo cont\u00ednuo presente: Yiyorum (estou comendo)<\/strong><\/p>\n\n\n\n<p><strong>Pret\u00e9rito: Yedim (eu comi)<\/strong><\/p>\n\n\n\n<p><strong>Tempo futuro: Yiyece\u011fim (Eu vou comer)<\/strong><\/p>\n\n\n\n<p>Como voc\u00ea pode ver, os finais mudam de acordo com o tempo e a pessoa. Com pr\u00e1tica e paci\u00eancia, come\u00e7ar\u00e1s a reconhecer os padr\u00f5es e vencer\u00e1s este desafio.<\/p>\n\n\n\n<h3 class=\"wp-block-heading\" id=\"h-the-finishing-touches-turkish-adjectives-adverbs-and-more\">Os retoques finais: adjetivos, adv\u00e9rbios e muito mais<\/h3>\n\n\n\n<p>Quando se trata de adjetivos e adv\u00e9rbios turcos, eles desempenham um papel cr\u00edtico em adicionar profundidade e complexidade ao seu discurso. Em turco, os adjectivos n\u00e3o precisam de concordar com os substantivos que modificam, o que torna mais f\u00e1cil lidar com eles do que em muitas outras l\u00ednguas.<\/p>\n\n\n\n<p>Por exemplo, \u201cg\u00fczel\u201d (g\u00fczel) significa \u201cbonito\u201d, e podes v\u00ea-lo como \u201cg\u00fczel \u00e7i\u00e7ek\u201d (g\u00fczel \u00e7i\u00e7ek, \u201cflor bonita\u201d) ou \u201cg\u00fczel k\u00f6pek\u201d (g\u00fczel k\u00f6pek, \u201cc\u00e3o bonito\u201d), sem altera\u00e7\u00e3o de plural ou g\u00e9nero.<\/p>\n\n\n\n<p>Os adv\u00e9rbios geralmente seguem padr\u00f5es semelhantes, muitas vezes derivados de adjetivos. Em turco, muitos adv\u00e9rbios podem ser formados pela adi\u00e7\u00e3o do sufixo -ce ou -ca aos adjetivos, dependendo da vogal mais pr\u00f3xima.<\/p>\n\n\n\n<p>Em conclus\u00e3o, as complexidades e peculiaridades da gram\u00e1tica turca, embora desafiantes, conferem \u00e0 l\u00edngua a sua beleza e car\u00e1cter cativantes. Com uma combina\u00e7\u00e3o de persist\u00eancia, curiosidade e aplica\u00e7\u00e3o pr\u00e1tica, em breve navegar\u00e1s pela gram\u00e1tica turca com facilidade e confian\u00e7a. Feliz aprendizado!<\/p>\n<\/div><\/div>\n\r\n<section class=\"learnNavigationSection\">\r\n            \r\n        <a href=\"https:\/\/talkpal.ai\/pt-pt\/aprender-turco\/\">\r\n            <div class=\"learnNavigationWrapper\">\r\n                <div class=\"learnNavigationContent\">\r\n                    <img decoding=\"async\" src=\"https:\/\/talkpal.ai\/wp-content\/uploads\/2024\/08\/Turkish.jpg\" alt=\"Turkish Flag\">\r\n                    <div>\r\n                        <h4>Sobre a Turkish Learning<\/h4>\r\n                        <p>Descobre tudo sobre a gram\u00e1tica turca.<\/p>\r\n                    <\/div>\r\n                <\/div>\r\n            <\/div>\r\n        <\/a>\r\n\r\n        \r\n        <a href=\"https:\/\/talkpal.ai\/pt-pt\/exercicios-de-gramatica-turca\/\">\r\n            <div class=\"learnNavigationWrapper\">\r\n                <div class=\"learnNavigationContent\">\r\n                    <img decoding=\"async\" src=\"https:\/\/talkpal.ai\/wp-content\/uploads\/2024\/08\/Turkish.jpg\" alt=\"Turkish Flag\">\r\n                    <div>\r\n                        <h4>Exerc\u00edcio de gram\u00e1tica turca<\/h4>\r\n                        <p>Pratica a gram\u00e1tica turca.<\/p>\r\n                    <\/div>\r\n                <\/div>\r\n            <\/div>\r\n        <\/a>\r\n\r\n        \r\n        <a href=\"https:\/\/talkpal.ai\/vocabulary_language\/turkish\/\">\r\n            <div class=\"learnNavigationWrapper\">\r\n                <div class=\"learnNavigationContent\">\r\n                    <img decoding=\"async\" src=\"https:\/\/talkpal.ai\/wp-content\/uploads\/2024\/08\/Turkish.jpg\" alt=\"Turkish Flag\">\r\n                    <div>\r\n                        <h4>Vocabul\u00e1rio turco<\/h4>\r\n                        <p>Amplia o teu vocabul\u00e1rio turco.<\/p>\r\n                    <\/div>\r\n                <\/div>\r\n            <\/div>\r\n        <\/a>\r\n\r\n            <\/section>","protected":false},"excerpt":{"rendered":"<p>O Guia Definitivo da Gram\u00e1tica Turca: Navegando pelos Meandros de uma L\u00edngua \u00danica A gram\u00e1tica turca, como a pr\u00f3pria l\u00edngua, apresenta uma rica e fascinante tape\u00e7aria de elementos lingu\u00edsticos. Como membro da fam\u00edlia de l\u00ednguas turcas, o turco cativa os alunos com suas diversas caracter\u00edsticas e desafia at\u00e9 mesmo os falantes mais proficientes. Neste guia, [&hellip;]<\/p>\n","protected":false},"author":1,"featured_media":28754,"parent":0,"menu_order":0,"comment_status":"closed","ping_status":"closed","template":"LearningContentPage.php","meta":{"_acf_changed":false,"footnotes":""},"class_list":["post-153136","page","type-page","status-publish","has-post-thumbnail","hentry"],"acf":[],"yoast_head":"<!-- This site is optimized with the Yoast SEO Premium plugin v27.2 (Yoast SEO v27.2) - https:\/\/yoast.com\/product\/yoast-seo-premium-wordpress\/ -->\n<title>Gram\u00e1tica Turca - Talkpal<\/title>\n<meta name=\"description\" content=\"Desvenda os segredos da gram\u00e1tica turca com o nosso guia completo sobre os seus princ\u00edpios fundamentais e a estrutura das frases.\" \/>\n<meta name=\"robots\" content=\"index, follow, max-snippet:-1, max-image-preview:large, max-video-preview:-1\" \/>\n<link rel=\"canonical\" href=\"https:\/\/talkpal.ai\/pt-pt\/gramatica-turca\/\" \/>\n<meta property=\"og:locale\" content=\"pt_PT\" \/>\n<meta property=\"og:type\" content=\"article\" \/>\n<meta property=\"og:title\" content=\"Gram\u00e1tica Turca\" \/>\n<meta property=\"og:description\" content=\"O Guia Definitivo da Gram\u00e1tica Turca: Navegando pelos Meandros de uma L\u00edngua \u00danica A gram\u00e1tica turca, como a pr\u00f3pria l\u00edngua, apresenta uma rica e\" \/>\n<meta property=\"og:url\" content=\"https:\/\/talkpal.ai\/pt-pt\/gramatica-turca\/\" \/>\n<meta property=\"og:site_name\" content=\"Talkpal\" \/>\n<meta property=\"article:publisher\" content=\"https:\/\/www.facebook.com\/profile.php?id=100090733639311\" \/>\n<meta property=\"article:modified_time\" content=\"2025-12-13T15:45:45+00:00\" \/>\n<meta property=\"og:image\" content=\"https:\/\/talkpal.ai\/wp-content\/uploads\/2023\/05\/turkish.png\" \/>\n\t<meta property=\"og:image:width\" content=\"512\" \/>\n\t<meta property=\"og:image:height\" content=\"512\" \/>\n\t<meta property=\"og:image:type\" content=\"image\/png\" \/>\n<meta name=\"twitter:card\" content=\"summary_large_image\" \/>\n<meta name=\"twitter:site\" content=\"@talkpalai\" \/>\n<meta name=\"twitter:label1\" content=\"Tempo estimado de leitura\" \/>\n\t<meta name=\"twitter:data1\" content=\"3 minutos\" \/>\n<script type=\"application\/ld+json\" class=\"yoast-schema-graph\">{\"@context\":\"https:\/\/schema.org\",\"@graph\":[{\"@type\":\"WebPage\",\"@id\":\"https:\/\/talkpal.ai\/pt-pt\/gramatica-turca\/\",\"url\":\"https:\/\/talkpal.ai\/pt-pt\/gramatica-turca\/\",\"name\":\"Gram\u00e1tica Turca - Talkpal\",\"isPartOf\":{\"@id\":\"https:\/\/talkpal.ai\/pt-pt\/#website\"},\"primaryImageOfPage\":{\"@id\":\"https:\/\/talkpal.ai\/pt-pt\/gramatica-turca\/#primaryimage\"},\"image\":{\"@id\":\"https:\/\/talkpal.ai\/pt-pt\/gramatica-turca\/#primaryimage\"},\"thumbnailUrl\":\"https:\/\/talkpal.ai\/wp-content\/uploads\/2023\/05\/turkish.png\",\"datePublished\":\"2023-05-14T14:23:49+00:00\",\"dateModified\":\"2025-12-13T15:45:45+00:00\",\"description\":\"Desvenda os segredos da gram\u00e1tica turca com o nosso guia completo sobre os seus princ\u00edpios fundamentais e a estrutura das frases.\",\"breadcrumb\":{\"@id\":\"https:\/\/talkpal.ai\/pt-pt\/gramatica-turca\/#breadcrumb\"},\"inLanguage\":\"pt-PT\",\"potentialAction\":[{\"@type\":\"ReadAction\",\"target\":[\"https:\/\/talkpal.ai\/pt-pt\/gramatica-turca\/\"]}]},{\"@type\":\"ImageObject\",\"inLanguage\":\"pt-PT\",\"@id\":\"https:\/\/talkpal.ai\/pt-pt\/gramatica-turca\/#primaryimage\",\"url\":\"https:\/\/talkpal.ai\/wp-content\/uploads\/2023\/05\/turkish.png\",\"contentUrl\":\"https:\/\/talkpal.ai\/wp-content\/uploads\/2023\/05\/turkish.png\",\"width\":512,\"height\":512},{\"@type\":\"BreadcrumbList\",\"@id\":\"https:\/\/talkpal.ai\/pt-pt\/gramatica-turca\/#breadcrumb\",\"itemListElement\":[{\"@type\":\"ListItem\",\"position\":1,\"name\":\"Homepage\",\"item\":\"https:\/\/talkpal.ai\/pt-pt\/\"},{\"@type\":\"ListItem\",\"position\":2,\"name\":\"Gram\u00e1tica Turca\"}]},{\"@type\":\"WebSite\",\"@id\":\"https:\/\/talkpal.ai\/pt-pt\/#website\",\"url\":\"https:\/\/talkpal.ai\/pt-pt\/\",\"name\":\"Talkpal\",\"description\":\"AI Language Learning\",\"publisher\":{\"@id\":\"https:\/\/talkpal.ai\/pt-pt\/#organization\"},\"alternateName\":\"Talkpal AI\",\"potentialAction\":[{\"@type\":\"SearchAction\",\"target\":{\"@type\":\"EntryPoint\",\"urlTemplate\":\"https:\/\/talkpal.ai\/pt-pt\/?s={search_term_string}\"},\"query-input\":{\"@type\":\"PropertyValueSpecification\",\"valueRequired\":true,\"valueName\":\"search_term_string\"}}],\"inLanguage\":\"pt-PT\"},{\"@type\":\"Organization\",\"@id\":\"https:\/\/talkpal.ai\/pt-pt\/#organization\",\"name\":\"Talkpal, Inc.\",\"alternateName\":\"Talkpal AI\",\"url\":\"https:\/\/talkpal.ai\/pt-pt\/\",\"logo\":{\"@type\":\"ImageObject\",\"inLanguage\":\"pt-PT\",\"@id\":\"https:\/\/talkpal.ai\/pt-pt\/#\/schema\/logo\/image\/\",\"url\":\"https:\/\/talkpal.ai\/wp-content\/uploads\/2024\/03\/Talkpal-Logo-Icon.png\",\"contentUrl\":\"https:\/\/talkpal.ai\/wp-content\/uploads\/2024\/03\/Talkpal-Logo-Icon.png\",\"width\":2880,\"height\":2880,\"caption\":\"Talkpal, Inc.\"},\"image\":{\"@id\":\"https:\/\/talkpal.ai\/pt-pt\/#\/schema\/logo\/image\/\"},\"sameAs\":[\"https:\/\/www.facebook.com\/profile.php?id=100090733639311\",\"https:\/\/x.com\/talkpalai\",\"https:\/\/www.linkedin.com\/company\/talkpal\/\",\"https:\/\/www.youtube.com\/@TalkPal\/\",\"https:\/\/www.tiktok.com\/@talkpal\",\"https:\/\/www.instagram.com\/talkpal_ai\/\",\"https:\/\/www.crunchbase.com\/organization\/talkpal-9cde\",\"https:\/\/www.g2.com\/products\/talkpal-for-business\/\",\"https:\/\/www.trustpilot.com\/review\/talkpal.ai\",\"https:\/\/www.capterra.com\/p\/10006800\/TalkPal\/\"],\"description\":\"Talkpal is a language learning web and mobile education app, powered by the latest AI technologies, that provides engaging experiences to its customers in many different languages to help them improve their language skills. Users can chat about unlimited amount of topics with the app and use other modes to practice their language learning.\",\"email\":\"support@talkpal.ai\",\"legalName\":\"Talkpal, Inc.\",\"foundingDate\":\"2023-04-03\",\"duns\":\"118989042\",\"numberOfEmployees\":{\"@type\":\"QuantitativeValue\",\"minValue\":\"11\",\"maxValue\":\"50\"},\"publishingPrinciples\":\"https:\/\/talkpal.ai\/publishing-principles\/\",\"actionableFeedbackPolicy\":\"https:\/\/talkpal.ai\/actionable-feedback-policy\/\",\"correctionsPolicy\":\"https:\/\/talkpal.ai\/corrections-policy\/\",\"ethicsPolicy\":\"https:\/\/talkpal.ai\/ethics-policy\/\",\"diversityPolicy\":\"https:\/\/talkpal.ai\/diversity-policy\/\",\"diversityStaffingReport\":\"https:\/\/talkpal.ai\/diversity-policy\/\"}]}<\/script>\n<!-- \/ Yoast SEO Premium plugin. -->","yoast_head_json":{"title":"Gram\u00e1tica Turca - Talkpal","description":"Desvenda os segredos da gram\u00e1tica turca com o nosso guia completo sobre os seus princ\u00edpios fundamentais e a estrutura das frases.","robots":{"index":"index","follow":"follow","max-snippet":"max-snippet:-1","max-image-preview":"max-image-preview:large","max-video-preview":"max-video-preview:-1"},"canonical":"https:\/\/talkpal.ai\/pt-pt\/gramatica-turca\/","og_locale":"pt_PT","og_type":"article","og_title":"Gram\u00e1tica Turca","og_description":"O Guia Definitivo da Gram\u00e1tica Turca: Navegando pelos Meandros de uma L\u00edngua \u00danica A gram\u00e1tica turca, como a pr\u00f3pria l\u00edngua, apresenta uma rica e","og_url":"https:\/\/talkpal.ai\/pt-pt\/gramatica-turca\/","og_site_name":"Talkpal","article_publisher":"https:\/\/www.facebook.com\/profile.php?id=100090733639311","article_modified_time":"2025-12-13T15:45:45+00:00","og_image":[{"width":512,"height":512,"url":"https:\/\/talkpal.ai\/wp-content\/uploads\/2023\/05\/turkish.png","type":"image\/png"}],"twitter_card":"summary_large_image","twitter_site":"@talkpalai","twitter_misc":{"Tempo estimado de leitura":"3 minutos"},"schema":{"@context":"https:\/\/schema.org","@graph":[{"@type":"WebPage","@id":"https:\/\/talkpal.ai\/pt-pt\/gramatica-turca\/","url":"https:\/\/talkpal.ai\/pt-pt\/gramatica-turca\/","name":"Gram\u00e1tica Turca - Talkpal","isPartOf":{"@id":"https:\/\/talkpal.ai\/pt-pt\/#website"},"primaryImageOfPage":{"@id":"https:\/\/talkpal.ai\/pt-pt\/gramatica-turca\/#primaryimage"},"image":{"@id":"https:\/\/talkpal.ai\/pt-pt\/gramatica-turca\/#primaryimage"},"thumbnailUrl":"https:\/\/talkpal.ai\/wp-content\/uploads\/2023\/05\/turkish.png","datePublished":"2023-05-14T14:23:49+00:00","dateModified":"2025-12-13T15:45:45+00:00","description":"Desvenda os segredos da gram\u00e1tica turca com o nosso guia completo sobre os seus princ\u00edpios fundamentais e a estrutura das frases.","breadcrumb":{"@id":"https:\/\/talkpal.ai\/pt-pt\/gramatica-turca\/#breadcrumb"},"inLanguage":"pt-PT","potentialAction":[{"@type":"ReadAction","target":["https:\/\/talkpal.ai\/pt-pt\/gramatica-turca\/"]}]},{"@type":"ImageObject","inLanguage":"pt-PT","@id":"https:\/\/talkpal.ai\/pt-pt\/gramatica-turca\/#primaryimage","url":"https:\/\/talkpal.ai\/wp-content\/uploads\/2023\/05\/turkish.png","contentUrl":"https:\/\/talkpal.ai\/wp-content\/uploads\/2023\/05\/turkish.png","width":512,"height":512},{"@type":"BreadcrumbList","@id":"https:\/\/talkpal.ai\/pt-pt\/gramatica-turca\/#breadcrumb","itemListElement":[{"@type":"ListItem","position":1,"name":"Homepage","item":"https:\/\/talkpal.ai\/pt-pt\/"},{"@type":"ListItem","position":2,"name":"Gram\u00e1tica Turca"}]},{"@type":"WebSite","@id":"https:\/\/talkpal.ai\/pt-pt\/#website","url":"https:\/\/talkpal.ai\/pt-pt\/","name":"Talkpal","description":"AI Language Learning","publisher":{"@id":"https:\/\/talkpal.ai\/pt-pt\/#organization"},"alternateName":"Talkpal AI","potentialAction":[{"@type":"SearchAction","target":{"@type":"EntryPoint","urlTemplate":"https:\/\/talkpal.ai\/pt-pt\/?s={search_term_string}"},"query-input":{"@type":"PropertyValueSpecification","valueRequired":true,"valueName":"search_term_string"}}],"inLanguage":"pt-PT"},{"@type":"Organization","@id":"https:\/\/talkpal.ai\/pt-pt\/#organization","name":"Talkpal, Inc.","alternateName":"Talkpal AI","url":"https:\/\/talkpal.ai\/pt-pt\/","logo":{"@type":"ImageObject","inLanguage":"pt-PT","@id":"https:\/\/talkpal.ai\/pt-pt\/#\/schema\/logo\/image\/","url":"https:\/\/talkpal.ai\/wp-content\/uploads\/2024\/03\/Talkpal-Logo-Icon.png","contentUrl":"https:\/\/talkpal.ai\/wp-content\/uploads\/2024\/03\/Talkpal-Logo-Icon.png","width":2880,"height":2880,"caption":"Talkpal, Inc."},"image":{"@id":"https:\/\/talkpal.ai\/pt-pt\/#\/schema\/logo\/image\/"},"sameAs":["https:\/\/www.facebook.com\/profile.php?id=100090733639311","https:\/\/x.com\/talkpalai","https:\/\/www.linkedin.com\/company\/talkpal\/","https:\/\/www.youtube.com\/@TalkPal\/","https:\/\/www.tiktok.com\/@talkpal","https:\/\/www.instagram.com\/talkpal_ai\/","https:\/\/www.crunchbase.com\/organization\/talkpal-9cde","https:\/\/www.g2.com\/products\/talkpal-for-business\/","https:\/\/www.trustpilot.com\/review\/talkpal.ai","https:\/\/www.capterra.com\/p\/10006800\/TalkPal\/"],"description":"Talkpal is a language learning web and mobile education app, powered by the latest AI technologies, that provides engaging experiences to its customers in many different languages to help them improve their language skills. Users can chat about unlimited amount of topics with the app and use other modes to practice their language learning.","email":"support@talkpal.ai","legalName":"Talkpal, Inc.","foundingDate":"2023-04-03","duns":"118989042","numberOfEmployees":{"@type":"QuantitativeValue","minValue":"11","maxValue":"50"},"publishingPrinciples":"https:\/\/talkpal.ai\/publishing-principles\/","actionableFeedbackPolicy":"https:\/\/talkpal.ai\/actionable-feedback-policy\/","correctionsPolicy":"https:\/\/talkpal.ai\/corrections-policy\/","ethicsPolicy":"https:\/\/talkpal.ai\/ethics-policy\/","diversityPolicy":"https:\/\/talkpal.ai\/diversity-policy\/","diversityStaffingReport":"https:\/\/talkpal.ai\/diversity-policy\/"}]}},"_links":{"self":[{"href":"https:\/\/talkpal.ai\/pt-pt\/wp-json\/wp\/v2\/pages\/153136","targetHints":{"allow":["GET"]}}],"collection":[{"href":"https:\/\/talkpal.ai\/pt-pt\/wp-json\/wp\/v2\/pages"}],"about":[{"href":"https:\/\/talkpal.ai\/pt-pt\/wp-json\/wp\/v2\/types\/page"}],"author":[{"embeddable":true,"href":"https:\/\/talkpal.ai\/pt-pt\/wp-json\/wp\/v2\/users\/1"}],"replies":[{"embeddable":true,"href":"https:\/\/talkpal.ai\/pt-pt\/wp-json\/wp\/v2\/comments?post=153136"}],"version-history":[{"count":0,"href":"https:\/\/talkpal.ai\/pt-pt\/wp-json\/wp\/v2\/pages\/153136\/revisions"}],"wp:featuredmedia":[{"embeddable":true,"href":"https:\/\/talkpal.ai\/pt-pt\/wp-json\/wp\/v2\/media\/28754"}],"wp:attachment":[{"href":"https:\/\/talkpal.ai\/pt-pt\/wp-json\/wp\/v2\/media?parent=153136"}],"curies":[{"name":"wp","href":"https:\/\/api.w.org\/{rel}","templated":true}]}}