{"id":150213,"date":"2023-05-14T14:19:49","date_gmt":"2023-05-14T14:19:49","guid":{"rendered":"http:\/\/talkpal.ai\/gramatica-eslovaca\/"},"modified":"2025-12-12T11:10:08","modified_gmt":"2025-12-12T11:10:08","slug":"gramatica-eslovaca","status":"publish","type":"page","link":"https:\/\/talkpal.ai\/pt-pt\/gramatica-eslovaca\/","title":{"rendered":"Gram\u00e1tica Eslovaca"},"content":{"rendered":"\r\n\r\n\r\n<section class=\"languageChallengeSection\">\r\n    <div class=\"languageInfoWrapper\">\r\n        \r\n        <h1>Gram\u00e1tica Eslovaca<\/h1>\r\n        <p>Descobre a beleza da l\u00edngua eslovaca aprendendo as suas regras b\u00e1sicas de gram\u00e1tica. Compreender a <a href=\"https:\/\/talkpal.ai\/es\/gramatica-eslovaca\/\">gram\u00e1tica eslovaca<\/a> vai ajudar-te a comunicar com confian\u00e7a e a estabelecer uma liga\u00e7\u00e3o mais profunda com as ricas tradi\u00e7\u00f5es da Eslov\u00e1quia. Come\u00e7a hoje a tua viagem e d\u00e1 o primeiro passo para dominares o <a href=\"https:\/\/talkpal.ai\/learn-slovak\/\">eslovaco<\/a>!\n\n<\/p>\r\n\r\n                            <a class=\"getStartedHidden\" href=\"https:\/\/app.talkpal.ai\/pt-pt\/signup?lng=\">Come\u00e7a<\/a>\r\n        \r\n    <\/div>\r\n\r\n    <figure>\r\n    <img decoding=\"async\" width=\"768\" height=\"768\" src=\"https:\/\/talkpal.ai\/wp-content\/uploads\/2023\/06\/slovak-768x768.png\" class=\"languageImage no-lazy\" alt=\"Default alt text\" fetchpriority=\"high\" sizes=\"(max-width: 768px) 150px, 768px\" srcset=\"https:\/\/talkpal.ai\/wp-content\/uploads\/2023\/06\/slovak-768x768.png 768w, https:\/\/talkpal.ai\/wp-content\/uploads\/2023\/06\/slovak-300x300.png 300w\" \/>\r\n    \r\n\r\n    <\/figure>\r\n\r\n            <a class=\"getStartedVisible\" href=\"https:\/\/app.talkpal.ai\/pt-pt\/signup?lng=\">Come\u00e7a<\/a>\r\n    \r\n<\/section>\r\n        <section class=\"grammarSection\">\r\n            <div class=\"grammarLinks\">\r\n                <a href=\"https:\/\/talkpal.ai\/pt-pt\/language\/adjetivos-gramatica-eslovaca-pt-pt\/\">Adjetivos <\/a><a href=\"https:\/\/talkpal.ai\/pt-pt\/language\/adverbios-gramatica-eslovaca-pt-pt\/\">Adv\u00e9rbios <\/a><a href=\"https:\/\/talkpal.ai\/pt-pt\/language\/artigos-gramatica-eslovaca\/\">Artigos <\/a><a href=\"https:\/\/talkpal.ai\/pt-pt\/language\/comparacao-de-tempos-gramatica-eslovaca\/\">Compara\u00e7\u00e3o de tempos <\/a><a href=\"https:\/\/talkpal.ai\/pt-pt\/language\/condicionais-gramatica-eslovaca\/\">Condicionais <\/a><a href=\"https:\/\/talkpal.ai\/pt-pt\/language\/frases-gramatica-eslovaca\/\">Frases <\/a><a href=\"https:\/\/talkpal.ai\/pt-pt\/language\/preposicoes-gramatica-eslovaca\/\">Preposi\u00e7\u00f5es <\/a><a href=\"https:\/\/talkpal.ai\/pt-pt\/language\/progressivo-gramatica-eslovaca\/\">Progressivo <\/a><a href=\"https:\/\/talkpal.ai\/pt-pt\/language\/progressivo-perfeito-gramatica-eslovaca\/\">Progressivo Perfeito <\/a><a href=\"https:\/\/talkpal.ai\/pt-pt\/language\/pronomes-determinantes-gramatica-eslovaca\/\">Pronomes\/Determinantes <\/a><a href=\"https:\/\/talkpal.ai\/pt-pt\/language\/substantivos-gramatica-eslovaca\/\">Substantivos <\/a><a href=\"https:\/\/talkpal.ai\/pt-pt\/language\/tempos-verbais-gramatica-eslovaca\/\">Tempos Verbais <\/a><a href=\"https:\/\/talkpal.ai\/pt-pt\/language\/verbos-gramatica-eslovaca-pt-pt\/\">Verbos <\/a>            <\/div>\r\n        <\/section>\r\n    <section class=\"promotionalBanner\">\r\n    <p class=\"promotionalText\">A maneira mais eficiente de aprender um idioma<\/p>\r\n    <a class=\"promotionalLink\" href=\"https:\/\/app.talkpal.ai\/pt-pt\/signup?lng=\">Experimente o Talkpal gratuitamente<\/a>\r\n<\/section>\n<div class=\"wp-block-group pageContainerStyle\"><div class=\"wp-block-group__inner-container is-layout-constrained wp-block-group-is-layout-constrained\">\n<h2 class=\"wp-block-heading\" id=\"h-slovak-grammar-the-key-to-unlocking-a-beautiful-language\">Gram\u00e1tica eslovaca: a chave para desbloquear uma l\u00edngua bonita<\/h2>\n\n\n\n<p>Voc\u00ea est\u00e1 planejando <a href=\"https:\/\/talkpal.ai\/pt-pt\/aprender-eslovaco\/\">aprender eslovaco<\/a> ou apenas curioso sobre sua gram\u00e1tica \u00fanica? Est\u00e1s no s\u00edtio certo! A <a href=\"https:\/\/talkpal.ai\/es\/gramatica-eslovaca\/\">gram\u00e1tica eslovaca<\/a> pode parecer intimidante \u00e0 primeira <a href=\"https:\/\/talkpal.ai\/locations\/language-courses-in-vista\/\">vista<\/a>, mas n\u00e3o te preocupes &#8211; \u00e9 bastante l\u00f3gica e manej\u00e1vel. Neste artigo, vamos explorar os meandros da gram\u00e1tica eslovaca para te ajudar a compreender <a href=\"https:\/\/talkpal.ai\/es\/la-mejor-aplicacion-de-conversacion-con-ia\/\">melhor<\/a> e a apreciar a sua beleza.<\/p>\n\n\n\n<p>Primeiro, vamos come\u00e7ar com um pouco de hist\u00f3ria. O eslovaco \u00e9 uma l\u00edngua eslava ocidental falada principalmente na Eslov\u00e1quia, mas voc\u00ea tamb\u00e9m pode encontrar falantes nos pa\u00edses vizinhos. <a href=\"https:\/\/talkpal.ai\/locations\/language-courses-in-como\/\">Como<\/a> l\u00edngua eslava, compartilha muitas semelhan\u00e7as com outras l\u00ednguas da regi\u00e3o, <a href=\"https:\/\/talkpal.ai\/locations\/language-courses-in-como\/\">como<\/a> o <a href=\"https:\/\/talkpal.ai\/learn-czech\/\">tcheco<\/a> e o <a href=\"https:\/\/talkpal.ai\/learn-polish\/\">polon\u00eas<\/a>. No entanto, ele tem suas pr\u00f3prias regras gramaticais distintas e padr\u00f5es de uso que o diferenciam.<\/p>\n\n\n\n<p>Agora, vamos analisar alguns dos aspectos mais importantes da gram\u00e1tica eslovaca.<\/p>\n\n\n\n<h3 class=\"wp-block-heading\" id=\"h-1-nouns-and-their-cases\">1. Substantivos e seus casos<\/h3>\n\n\n\n<p>Uma das caracter\u00edsticas mais marcantes da gram\u00e1tica eslovaca \u00e9 o seu complexo sistema de casos. Se estiveres familiarizado com o alem\u00e3o ou o russo, saber\u00e1s do que estamos a falar: Os substantivos eslovacos mudam de forma consoante a sua fun\u00e7\u00e3o numa frase. Com sete casos (nominativo, genitivo, dativo, acusativo, locativo, instrumental e vocativo), isto pode parecer complicado no in\u00edcio, mas n\u00e3o desistas! Quando lhe apanhas o jeito, \u00e9 incrivelmente l\u00f3gico e at\u00e9 divertido.<\/p>\n\n\n\n<p>Toma como exemplo o substantivo \u201cchlapec\u201d (rapaz). Pode mudar para \u201cchlapca\u201d, \u201cchlapcovi\u201d, \u201cchlapcom\u201d e assim por diante, dependendo se \u00e9 o sujeito, o objeto ou o destinat\u00e1rio de uma a\u00e7\u00e3o. As termina\u00e7\u00f5es dependem tamb\u00e9m do g\u00e9nero do substantivo (masculino, feminino ou neutro), o que d\u00e1 ainda mais variedade \u00e0 l\u00edngua.<\/p>\n\n\n\n<h3 class=\"wp-block-heading\" id=\"h-2-verb-conjugation-and-tenses\">2. Conjuga\u00e7\u00e3o de verbos e tempos<\/h3>\n\n\n\n<p>Os verbos eslovacos mudam suas termina\u00e7\u00f5es com base na pessoa e no n\u00famero (singular ou plural) do sujeito. Por exemplo, o verbo \u201cvidie\u0165\u201d (ver) pode tornar-se \u201cvid\u00edm\u201d (eu vejo), \u201cvid\u00ed\u0161\u201d (tu v\u00eas), \u201cvidia\u201d (eles v\u00eaem), entre outros.<\/p>\n\n\n\n<p>O eslovaco tem tr\u00eas tempos principais: passado, presente e futuro. O interessante \u00e9 que, ao contr\u00e1rio do ingl\u00eas, o eslovaco normalmente n\u00e3o usa verbos auxiliares para formar esses tempos. Em vez disso, eles s\u00e3o formados pela mudan\u00e7a das termina\u00e7\u00f5es verbais. Por exemplo, \u201ceu vejo\u201d \u00e9 \u201cvid\u00edm\u201d, \u201ceu vi\u201d \u00e9 \u201cvidel som\u201d e \u201ceu vou ver\u201d \u00e9 \u201cuvid\u00edm\u201d.<\/p>\n\n\n\n<h3 class=\"wp-block-heading\" id=\"h-3-sentence-structure-and-word-order\">3. Estrutura das frases e ordem das palavras<\/h3>\n\n\n\n<p>O eslovaco tem uma ordem de palavras relativamente flex\u00edvel, gra\u00e7as ao seu sistema de conjuga\u00e7\u00e3o de mai\u00fasculas e min\u00fasculas. Isto significa que, ao contr\u00e1rio do ingl\u00eas, podes colocar palavras em posi\u00e7\u00f5es diferentes dentro de uma frase sem alterar o seu significado &#8211; por exemplo, \u201cchlapec vid\u00ed psa\u201d (o rapaz v\u00ea o c\u00e3o) tamb\u00e9m pode ser \u201cpsa vid\u00ed chlapec\u201d e continuar a ter o mesmo significado.<\/p>\n\n\n\n<p>Dito isso, a ordem de palavras mais comum em eslovaco \u00e9 sujeito-verbo-objeto ou SVO. \u00c9 semelhante ao ingl\u00eas e \u00e9 um \u00f3timo ponto de partida para os alunos. \u00c0 medida que voc\u00ea se torna mais confort\u00e1vel com o idioma, voc\u00ea pode experimentar diferentes ordens de palavras para adicionar \u00eanfase ou nuance \u00e0s suas frases.<\/p>\n\n\n\n<h3 class=\"wp-block-heading\" id=\"h-4-adjectives-and-adverbs\">4. Adjetivos e adv\u00e9rbios<\/h3>\n\n\n\n<p>Assim como em muitas outras l\u00ednguas, adjetivos e adv\u00e9rbios em eslovaco s\u00e3o usados para descrever substantivos e verbos. No entanto, eles tamb\u00e9m v\u00eam com seu pr\u00f3prio acordo de caso e regras de acordo de g\u00eanero, o que pode tornar as coisas um pouco mais complicadas. Felizmente, uma vez que voc\u00ea domine os casos substantivos e conjuga\u00e7\u00f5es verbais, essas regras vir\u00e3o mais naturalmente.<\/p>\n\n\n\n<p>Ent\u00e3o, voc\u00ea est\u00e1 pronto para enfrentar a gram\u00e1tica eslovaca? Com a mentalidade e os recursos certos, aprender eslovaco \u00e9 uma experi\u00eancia gratificante que pode abrir portas para uma cultura rica e um belo pa\u00eds. Vai passo a passo, pratica regularmente e n\u00e3o tenhas medo de cometer erros &#8211; afinal, \u00e9 assim que todos aprendemos. Ve\u013ea \u0161\u0165astia! (Boa sorte!)<\/p>\n<\/div><\/div>\n\r\n<section class=\"learnNavigationSection\">\r\n            \r\n        <a href=\"https:\/\/talkpal.ai\/pt-pt\/aprender-eslovaco\/\">\r\n            <div class=\"learnNavigationWrapper\">\r\n                <div class=\"learnNavigationContent\">\r\n                    <img decoding=\"async\" src=\"https:\/\/talkpal.ai\/wp-content\/uploads\/2024\/08\/Slovak.jpg\" alt=\"Slovak Flag\">\r\n                    <div>\r\n                        <h4>Acerca da aprendizagem da Eslov\u00e1quia<\/h4>\r\n                        <p>Descobre tudo sobre a gram\u00e1tica eslovaca.<\/p>\r\n                    <\/div>\r\n                <\/div>\r\n            <\/div>\r\n        <\/a>\r\n\r\n        \r\n        <a href=\"https:\/\/talkpal.ai\/pt-pt\/exercicios-de-gramatica-eslovaca\/\">\r\n            <div class=\"learnNavigationWrapper\">\r\n                <div class=\"learnNavigationContent\">\r\n                    <img decoding=\"async\" src=\"https:\/\/talkpal.ai\/wp-content\/uploads\/2024\/08\/Slovak.jpg\" alt=\"Slovak Flag\">\r\n                    <div>\r\n                        <h4>Exerc\u00edcio de gram\u00e1tica eslovaca<\/h4>\r\n                        <p>Pratica a gram\u00e1tica eslovaca.<\/p>\r\n                    <\/div>\r\n                <\/div>\r\n            <\/div>\r\n        <\/a>\r\n\r\n        \r\n        <a href=\"https:\/\/talkpal.ai\/vocabulary_language\/slovak\/\">\r\n            <div class=\"learnNavigationWrapper\">\r\n                <div class=\"learnNavigationContent\">\r\n                    <img decoding=\"async\" src=\"https:\/\/talkpal.ai\/wp-content\/uploads\/2024\/08\/Slovak.jpg\" alt=\"Slovak Flag\">\r\n                    <div>\r\n                        <h4>Vocabul\u00e1rio eslovaco<\/h4>\r\n                        <p>Amplia o teu vocabul\u00e1rio eslovaco.<\/p>\r\n                    <\/div>\r\n                <\/div>\r\n            <\/div>\r\n        <\/a>\r\n\r\n            <\/section>","protected":false},"excerpt":{"rendered":"<p>Gram\u00e1tica eslovaca: a chave para desbloquear uma l\u00edngua bonita Voc\u00ea est\u00e1 planejando aprender eslovaco ou apenas curioso sobre sua gram\u00e1tica \u00fanica? Est\u00e1s no s\u00edtio certo! A gram\u00e1tica eslovaca pode parecer intimidante \u00e0 primeira vista, mas n\u00e3o te preocupes &#8211; \u00e9 bastante l\u00f3gica e manej\u00e1vel. Neste artigo, vamos explorar os meandros da gram\u00e1tica eslovaca para te [&hellip;]<\/p>\n","protected":false},"author":1,"featured_media":28642,"parent":0,"menu_order":0,"comment_status":"closed","ping_status":"closed","template":"LearningContentPage.php","meta":{"_acf_changed":false,"footnotes":""},"class_list":["post-150213","page","type-page","status-publish","has-post-thumbnail","hentry"],"acf":[],"yoast_head":"<!-- This site is optimized with the Yoast SEO Premium plugin v27.2 (Yoast SEO v27.2) - https:\/\/yoast.com\/product\/yoast-seo-premium-wordpress\/ -->\n<title>Gram\u00e1tica Eslovaca - Talkpal<\/title>\n<meta name=\"description\" content=\"Domina a gram\u00e1tica eslovaca com explica\u00e7\u00f5es claras, exemplos pr\u00e1ticos e exerc\u00edcios interactivos. Melhora as tuas capacidades!\" \/>\n<meta name=\"robots\" content=\"index, follow, max-snippet:-1, max-image-preview:large, max-video-preview:-1\" \/>\n<link rel=\"canonical\" href=\"https:\/\/talkpal.ai\/pt-pt\/gramatica-eslovaca\/\" \/>\n<meta property=\"og:locale\" content=\"pt_PT\" \/>\n<meta property=\"og:type\" content=\"article\" \/>\n<meta property=\"og:title\" content=\"Gram\u00e1tica Eslovaca\" \/>\n<meta property=\"og:description\" content=\"Gram\u00e1tica eslovaca: a chave para desbloquear uma l\u00edngua bonita Voc\u00ea est\u00e1 planejando aprender eslovaco ou apenas curioso sobre sua gram\u00e1tica \u00fanica? Est\u00e1s\" \/>\n<meta property=\"og:url\" content=\"https:\/\/talkpal.ai\/pt-pt\/gramatica-eslovaca\/\" \/>\n<meta property=\"og:site_name\" content=\"Talkpal\" \/>\n<meta property=\"article:publisher\" content=\"https:\/\/www.facebook.com\/profile.php?id=100090733639311\" \/>\n<meta property=\"article:modified_time\" content=\"2025-12-12T11:10:08+00:00\" \/>\n<meta property=\"og:image\" content=\"https:\/\/talkpal.ai\/wp-content\/uploads\/2023\/05\/slovakia.png\" \/>\n\t<meta property=\"og:image:width\" content=\"512\" \/>\n\t<meta property=\"og:image:height\" content=\"512\" \/>\n\t<meta property=\"og:image:type\" content=\"image\/png\" \/>\n<meta name=\"twitter:card\" content=\"summary_large_image\" \/>\n<meta name=\"twitter:site\" content=\"@talkpalai\" \/>\n<meta name=\"twitter:label1\" content=\"Tempo estimado de leitura\" \/>\n\t<meta name=\"twitter:data1\" content=\"3 minutos\" \/>\n<script type=\"application\/ld+json\" class=\"yoast-schema-graph\">{\"@context\":\"https:\/\/schema.org\",\"@graph\":[{\"@type\":\"WebPage\",\"@id\":\"https:\/\/talkpal.ai\/pt-pt\/gramatica-eslovaca\/\",\"url\":\"https:\/\/talkpal.ai\/pt-pt\/gramatica-eslovaca\/\",\"name\":\"Gram\u00e1tica Eslovaca - Talkpal\",\"isPartOf\":{\"@id\":\"https:\/\/talkpal.ai\/pt-pt\/#website\"},\"primaryImageOfPage\":{\"@id\":\"https:\/\/talkpal.ai\/pt-pt\/gramatica-eslovaca\/#primaryimage\"},\"image\":{\"@id\":\"https:\/\/talkpal.ai\/pt-pt\/gramatica-eslovaca\/#primaryimage\"},\"thumbnailUrl\":\"https:\/\/talkpal.ai\/wp-content\/uploads\/2023\/05\/slovakia.png\",\"datePublished\":\"2023-05-14T14:19:49+00:00\",\"dateModified\":\"2025-12-12T11:10:08+00:00\",\"description\":\"Domina a gram\u00e1tica eslovaca com explica\u00e7\u00f5es claras, exemplos pr\u00e1ticos e exerc\u00edcios interactivos. Melhora as tuas capacidades!\",\"breadcrumb\":{\"@id\":\"https:\/\/talkpal.ai\/pt-pt\/gramatica-eslovaca\/#breadcrumb\"},\"inLanguage\":\"pt-PT\",\"potentialAction\":[{\"@type\":\"ReadAction\",\"target\":[\"https:\/\/talkpal.ai\/pt-pt\/gramatica-eslovaca\/\"]}]},{\"@type\":\"ImageObject\",\"inLanguage\":\"pt-PT\",\"@id\":\"https:\/\/talkpal.ai\/pt-pt\/gramatica-eslovaca\/#primaryimage\",\"url\":\"https:\/\/talkpal.ai\/wp-content\/uploads\/2023\/05\/slovakia.png\",\"contentUrl\":\"https:\/\/talkpal.ai\/wp-content\/uploads\/2023\/05\/slovakia.png\",\"width\":512,\"height\":512},{\"@type\":\"BreadcrumbList\",\"@id\":\"https:\/\/talkpal.ai\/pt-pt\/gramatica-eslovaca\/#breadcrumb\",\"itemListElement\":[{\"@type\":\"ListItem\",\"position\":1,\"name\":\"Homepage\",\"item\":\"https:\/\/talkpal.ai\/pt-pt\/\"},{\"@type\":\"ListItem\",\"position\":2,\"name\":\"Gram\u00e1tica Eslovaca\"}]},{\"@type\":\"WebSite\",\"@id\":\"https:\/\/talkpal.ai\/pt-pt\/#website\",\"url\":\"https:\/\/talkpal.ai\/pt-pt\/\",\"name\":\"Talkpal\",\"description\":\"AI Language Learning\",\"publisher\":{\"@id\":\"https:\/\/talkpal.ai\/pt-pt\/#organization\"},\"alternateName\":\"Talkpal AI\",\"potentialAction\":[{\"@type\":\"SearchAction\",\"target\":{\"@type\":\"EntryPoint\",\"urlTemplate\":\"https:\/\/talkpal.ai\/pt-pt\/?s={search_term_string}\"},\"query-input\":{\"@type\":\"PropertyValueSpecification\",\"valueRequired\":true,\"valueName\":\"search_term_string\"}}],\"inLanguage\":\"pt-PT\"},{\"@type\":\"Organization\",\"@id\":\"https:\/\/talkpal.ai\/pt-pt\/#organization\",\"name\":\"Talkpal, Inc.\",\"alternateName\":\"Talkpal AI\",\"url\":\"https:\/\/talkpal.ai\/pt-pt\/\",\"logo\":{\"@type\":\"ImageObject\",\"inLanguage\":\"pt-PT\",\"@id\":\"https:\/\/talkpal.ai\/pt-pt\/#\/schema\/logo\/image\/\",\"url\":\"https:\/\/talkpal.ai\/wp-content\/uploads\/2024\/03\/Talkpal-Logo-Icon.png\",\"contentUrl\":\"https:\/\/talkpal.ai\/wp-content\/uploads\/2024\/03\/Talkpal-Logo-Icon.png\",\"width\":2880,\"height\":2880,\"caption\":\"Talkpal, Inc.\"},\"image\":{\"@id\":\"https:\/\/talkpal.ai\/pt-pt\/#\/schema\/logo\/image\/\"},\"sameAs\":[\"https:\/\/www.facebook.com\/profile.php?id=100090733639311\",\"https:\/\/x.com\/talkpalai\",\"https:\/\/www.linkedin.com\/company\/talkpal\/\",\"https:\/\/www.youtube.com\/@TalkPal\/\",\"https:\/\/www.tiktok.com\/@talkpal\",\"https:\/\/www.instagram.com\/talkpal_ai\/\",\"https:\/\/www.crunchbase.com\/organization\/talkpal-9cde\",\"https:\/\/www.g2.com\/products\/talkpal-for-business\/\",\"https:\/\/www.trustpilot.com\/review\/talkpal.ai\",\"https:\/\/www.capterra.com\/p\/10006800\/TalkPal\/\"],\"description\":\"Talkpal is a language learning web and mobile education app, powered by the latest AI technologies, that provides engaging experiences to its customers in many different languages to help them improve their language skills. Users can chat about unlimited amount of topics with the app and use other modes to practice their language learning.\",\"email\":\"support@talkpal.ai\",\"legalName\":\"Talkpal, Inc.\",\"foundingDate\":\"2023-04-03\",\"duns\":\"118989042\",\"numberOfEmployees\":{\"@type\":\"QuantitativeValue\",\"minValue\":\"11\",\"maxValue\":\"50\"},\"publishingPrinciples\":\"https:\/\/talkpal.ai\/publishing-principles\/\",\"actionableFeedbackPolicy\":\"https:\/\/talkpal.ai\/actionable-feedback-policy\/\",\"correctionsPolicy\":\"https:\/\/talkpal.ai\/corrections-policy\/\",\"ethicsPolicy\":\"https:\/\/talkpal.ai\/ethics-policy\/\",\"diversityPolicy\":\"https:\/\/talkpal.ai\/diversity-policy\/\",\"diversityStaffingReport\":\"https:\/\/talkpal.ai\/diversity-policy\/\"}]}<\/script>\n<!-- \/ Yoast SEO Premium plugin. -->","yoast_head_json":{"title":"Gram\u00e1tica Eslovaca - Talkpal","description":"Domina a gram\u00e1tica eslovaca com explica\u00e7\u00f5es claras, exemplos pr\u00e1ticos e exerc\u00edcios interactivos. Melhora as tuas capacidades!","robots":{"index":"index","follow":"follow","max-snippet":"max-snippet:-1","max-image-preview":"max-image-preview:large","max-video-preview":"max-video-preview:-1"},"canonical":"https:\/\/talkpal.ai\/pt-pt\/gramatica-eslovaca\/","og_locale":"pt_PT","og_type":"article","og_title":"Gram\u00e1tica Eslovaca","og_description":"Gram\u00e1tica eslovaca: a chave para desbloquear uma l\u00edngua bonita Voc\u00ea est\u00e1 planejando aprender eslovaco ou apenas curioso sobre sua gram\u00e1tica \u00fanica? Est\u00e1s","og_url":"https:\/\/talkpal.ai\/pt-pt\/gramatica-eslovaca\/","og_site_name":"Talkpal","article_publisher":"https:\/\/www.facebook.com\/profile.php?id=100090733639311","article_modified_time":"2025-12-12T11:10:08+00:00","og_image":[{"width":512,"height":512,"url":"https:\/\/talkpal.ai\/wp-content\/uploads\/2023\/05\/slovakia.png","type":"image\/png"}],"twitter_card":"summary_large_image","twitter_site":"@talkpalai","twitter_misc":{"Tempo estimado de leitura":"3 minutos"},"schema":{"@context":"https:\/\/schema.org","@graph":[{"@type":"WebPage","@id":"https:\/\/talkpal.ai\/pt-pt\/gramatica-eslovaca\/","url":"https:\/\/talkpal.ai\/pt-pt\/gramatica-eslovaca\/","name":"Gram\u00e1tica Eslovaca - Talkpal","isPartOf":{"@id":"https:\/\/talkpal.ai\/pt-pt\/#website"},"primaryImageOfPage":{"@id":"https:\/\/talkpal.ai\/pt-pt\/gramatica-eslovaca\/#primaryimage"},"image":{"@id":"https:\/\/talkpal.ai\/pt-pt\/gramatica-eslovaca\/#primaryimage"},"thumbnailUrl":"https:\/\/talkpal.ai\/wp-content\/uploads\/2023\/05\/slovakia.png","datePublished":"2023-05-14T14:19:49+00:00","dateModified":"2025-12-12T11:10:08+00:00","description":"Domina a gram\u00e1tica eslovaca com explica\u00e7\u00f5es claras, exemplos pr\u00e1ticos e exerc\u00edcios interactivos. Melhora as tuas capacidades!","breadcrumb":{"@id":"https:\/\/talkpal.ai\/pt-pt\/gramatica-eslovaca\/#breadcrumb"},"inLanguage":"pt-PT","potentialAction":[{"@type":"ReadAction","target":["https:\/\/talkpal.ai\/pt-pt\/gramatica-eslovaca\/"]}]},{"@type":"ImageObject","inLanguage":"pt-PT","@id":"https:\/\/talkpal.ai\/pt-pt\/gramatica-eslovaca\/#primaryimage","url":"https:\/\/talkpal.ai\/wp-content\/uploads\/2023\/05\/slovakia.png","contentUrl":"https:\/\/talkpal.ai\/wp-content\/uploads\/2023\/05\/slovakia.png","width":512,"height":512},{"@type":"BreadcrumbList","@id":"https:\/\/talkpal.ai\/pt-pt\/gramatica-eslovaca\/#breadcrumb","itemListElement":[{"@type":"ListItem","position":1,"name":"Homepage","item":"https:\/\/talkpal.ai\/pt-pt\/"},{"@type":"ListItem","position":2,"name":"Gram\u00e1tica Eslovaca"}]},{"@type":"WebSite","@id":"https:\/\/talkpal.ai\/pt-pt\/#website","url":"https:\/\/talkpal.ai\/pt-pt\/","name":"Talkpal","description":"AI Language Learning","publisher":{"@id":"https:\/\/talkpal.ai\/pt-pt\/#organization"},"alternateName":"Talkpal AI","potentialAction":[{"@type":"SearchAction","target":{"@type":"EntryPoint","urlTemplate":"https:\/\/talkpal.ai\/pt-pt\/?s={search_term_string}"},"query-input":{"@type":"PropertyValueSpecification","valueRequired":true,"valueName":"search_term_string"}}],"inLanguage":"pt-PT"},{"@type":"Organization","@id":"https:\/\/talkpal.ai\/pt-pt\/#organization","name":"Talkpal, Inc.","alternateName":"Talkpal AI","url":"https:\/\/talkpal.ai\/pt-pt\/","logo":{"@type":"ImageObject","inLanguage":"pt-PT","@id":"https:\/\/talkpal.ai\/pt-pt\/#\/schema\/logo\/image\/","url":"https:\/\/talkpal.ai\/wp-content\/uploads\/2024\/03\/Talkpal-Logo-Icon.png","contentUrl":"https:\/\/talkpal.ai\/wp-content\/uploads\/2024\/03\/Talkpal-Logo-Icon.png","width":2880,"height":2880,"caption":"Talkpal, Inc."},"image":{"@id":"https:\/\/talkpal.ai\/pt-pt\/#\/schema\/logo\/image\/"},"sameAs":["https:\/\/www.facebook.com\/profile.php?id=100090733639311","https:\/\/x.com\/talkpalai","https:\/\/www.linkedin.com\/company\/talkpal\/","https:\/\/www.youtube.com\/@TalkPal\/","https:\/\/www.tiktok.com\/@talkpal","https:\/\/www.instagram.com\/talkpal_ai\/","https:\/\/www.crunchbase.com\/organization\/talkpal-9cde","https:\/\/www.g2.com\/products\/talkpal-for-business\/","https:\/\/www.trustpilot.com\/review\/talkpal.ai","https:\/\/www.capterra.com\/p\/10006800\/TalkPal\/"],"description":"Talkpal is a language learning web and mobile education app, powered by the latest AI technologies, that provides engaging experiences to its customers in many different languages to help them improve their language skills. Users can chat about unlimited amount of topics with the app and use other modes to practice their language learning.","email":"support@talkpal.ai","legalName":"Talkpal, Inc.","foundingDate":"2023-04-03","duns":"118989042","numberOfEmployees":{"@type":"QuantitativeValue","minValue":"11","maxValue":"50"},"publishingPrinciples":"https:\/\/talkpal.ai\/publishing-principles\/","actionableFeedbackPolicy":"https:\/\/talkpal.ai\/actionable-feedback-policy\/","correctionsPolicy":"https:\/\/talkpal.ai\/corrections-policy\/","ethicsPolicy":"https:\/\/talkpal.ai\/ethics-policy\/","diversityPolicy":"https:\/\/talkpal.ai\/diversity-policy\/","diversityStaffingReport":"https:\/\/talkpal.ai\/diversity-policy\/"}]}},"_links":{"self":[{"href":"https:\/\/talkpal.ai\/pt-pt\/wp-json\/wp\/v2\/pages\/150213","targetHints":{"allow":["GET"]}}],"collection":[{"href":"https:\/\/talkpal.ai\/pt-pt\/wp-json\/wp\/v2\/pages"}],"about":[{"href":"https:\/\/talkpal.ai\/pt-pt\/wp-json\/wp\/v2\/types\/page"}],"author":[{"embeddable":true,"href":"https:\/\/talkpal.ai\/pt-pt\/wp-json\/wp\/v2\/users\/1"}],"replies":[{"embeddable":true,"href":"https:\/\/talkpal.ai\/pt-pt\/wp-json\/wp\/v2\/comments?post=150213"}],"version-history":[{"count":0,"href":"https:\/\/talkpal.ai\/pt-pt\/wp-json\/wp\/v2\/pages\/150213\/revisions"}],"wp:featuredmedia":[{"embeddable":true,"href":"https:\/\/talkpal.ai\/pt-pt\/wp-json\/wp\/v2\/media\/28642"}],"wp:attachment":[{"href":"https:\/\/talkpal.ai\/pt-pt\/wp-json\/wp\/v2\/media?parent=150213"}],"curies":[{"name":"wp","href":"https:\/\/api.w.org\/{rel}","templated":true}]}}