{"id":148978,"date":"2023-05-14T14:18:46","date_gmt":"2023-05-14T14:18:46","guid":{"rendered":"http:\/\/talkpal.ai\/gramatica-polonesa\/"},"modified":"2025-12-17T17:15:15","modified_gmt":"2025-12-17T17:15:15","slug":"gramatica-polonesa","status":"publish","type":"page","link":"https:\/\/talkpal.ai\/pt-pt\/gramatica-polonesa\/","title":{"rendered":"Gram\u00e1tica polonesa"},"content":{"rendered":"\r\n\r\n\r\n<section class=\"languageChallengeSection\">\r\n    <div class=\"languageInfoWrapper\">\r\n        \r\n        <h1>Gram\u00e1tica polonesa<\/h1>\r\n        <p>Mergulha no fascinante mundo da gram\u00e1tica polaca e descobre os fundamentos de uma das l\u00ednguas mais faladas da Europa Central. Ao dominares as regras essenciais, comunicar\u00e1s de forma mais eficaz e compreender\u00e1s melhor a cultura polaca. Come\u00e7a hoje a aprender gram\u00e1tica polaca e d\u00e1 o primeiro passo em dire\u00e7\u00e3o \u00e0 flu\u00eancia!<\/p>\r\n\r\n                            <a class=\"getStartedHidden\" href=\"https:\/\/app.talkpal.ai\/pt-pt\/signup?lng=\">Come\u00e7a<\/a>\r\n        \r\n    <\/div>\r\n\r\n    <figure>\r\n    <img decoding=\"async\" width=\"768\" height=\"768\" src=\"https:\/\/talkpal.ai\/wp-content\/uploads\/2023\/06\/polish-768x768.png\" class=\"languageImage no-lazy\" alt=\"Default alt text\" fetchpriority=\"high\" sizes=\"(max-width: 768px) 150px, 768px\" srcset=\"https:\/\/talkpal.ai\/wp-content\/uploads\/2023\/06\/polish-768x768.png 768w, https:\/\/talkpal.ai\/wp-content\/uploads\/2023\/06\/polish-300x300.png 300w\" \/>\r\n    \r\n\r\n    <\/figure>\r\n\r\n            <a class=\"getStartedVisible\" href=\"https:\/\/app.talkpal.ai\/pt-pt\/signup?lng=\">Come\u00e7a<\/a>\r\n    \r\n<\/section>\r\n        <section class=\"grammarSection\">\r\n            <div class=\"grammarLinks\">\r\n                <a href=\"https:\/\/talkpal.ai\/pt-pt\/language\/adjetivos-gramatica-polaca-pt-pt\/\">Adjetivos <\/a><a href=\"https:\/\/talkpal.ai\/pt-pt\/language\/adverbios-gramatica-polaca-pt-pt\/\">Adv\u00e9rbios <\/a><a href=\"https:\/\/talkpal.ai\/pt-pt\/language\/artigos-gramatica-polonesa\/\">Artigos <\/a><a href=\"https:\/\/talkpal.ai\/pt-pt\/language\/comparacao-de-tempos-gramatica-polonesa\/\">Compara\u00e7\u00e3o de tempos <\/a><a href=\"https:\/\/talkpal.ai\/pt-pt\/language\/condicionais-gramatica-polonesa\/\">Condicionais <\/a><a href=\"https:\/\/talkpal.ai\/pt-pt\/language\/frases-gramatica-polaca\/\">Frases <\/a><a href=\"https:\/\/talkpal.ai\/pt-pt\/language\/preposicoes-gramatica-polonesa\/\">Preposi\u00e7\u00f5es <\/a><a href=\"https:\/\/talkpal.ai\/pt-pt\/language\/progressivo-gramatica-polonesa\/\">Progressivo <\/a><a href=\"https:\/\/talkpal.ai\/pt-pt\/language\/progressivo-perfeito-gramatica-polonesa\/\">Progressivo Perfeito <\/a><a href=\"https:\/\/talkpal.ai\/pt-pt\/language\/pronomes-determinantes-gramatica-polonesa\/\">Pronomes\/Determinantes <\/a><a href=\"https:\/\/talkpal.ai\/pt-pt\/language\/substantivos-gramatica-polonesa\/\">Substantivos <\/a><a href=\"https:\/\/talkpal.ai\/pt-pt\/language\/tempos-verbais-gramatica-polaca\/\">Tempos Verbais <\/a><a href=\"https:\/\/talkpal.ai\/pt-pt\/language\/verbos-gramatica-polaca-pt-pt\/\">Verbos <\/a>            <\/div>\r\n        <\/section>\r\n    <section class=\"promotionalBanner\">\r\n    <p class=\"promotionalText\">A maneira mais eficiente de aprender um idioma<\/p>\r\n    <a class=\"promotionalLink\" href=\"https:\/\/app.talkpal.ai\/pt-pt\/signup?lng=\">Experimente o Talkpal gratuitamente<\/a>\r\n<\/section>\n<div class=\"wp-block-group pageContainerStyle\"><div class=\"wp-block-group__inner-container is-layout-constrained wp-block-group-is-layout-constrained\">\n<h2 class=\"wp-block-heading\" id=\"h-breaking-down-the-puzzle-of-polish-grammar\">Destrinchando o quebra-cabe\u00e7a da gram\u00e1tica polonesa<\/h2>\n\n\n\n<p>O <a href=\"https:\/\/talkpal.ai\/learn-polish\/\">polon\u00eas<\/a>, uma l\u00edngua eslava, \u00e9 desafiador e gratificante para os <a href=\"https:\/\/talkpal.ai\/talkpal-discount-for-students\/\">estudantes<\/a> de idiomas que buscam uma aventura lingu\u00edstica \u00fanica. Ao mergulhar no polon\u00eas, voc\u00ea descobrir\u00e1 uma hist\u00f3ria e cultura fascinantes que complementam a riqueza do pr\u00f3prio idioma. Embora a <a href=\"https:\/\/talkpal.ai\/pt-pt\/o-que-ha-de-especial-na-gramatica-polonesa\/\">gram\u00e1tica polonesa<\/a> possa parecer intrincada, desconstru\u00ed-la em elementos gerenci\u00e1veis torna o processo de aprendizagem mais acess\u00edvel. Este artigo tem <a href=\"https:\/\/talkpal.ai\/locations\/language-courses-in-como\/\">como<\/a> objetivo apresent\u00e1-lo ao mundo cativante da gram\u00e1tica polonesa e fornecer orienta\u00e7\u00e3o sobre como lidar com suas complexidades.<\/p>\n\n\n\n<h3 class=\"wp-block-heading\" id=\"h-1-noun-gender-and-cases\">1. G\u00eanero do substantivo e casos<\/h3>\n\n\n\n<p>Os substantivos polacos t\u00eam g\u00e9neros gramaticais &#8211; masculino, feminino e neutro &#8211; que afectam as formas dos adjectivos, pronomes e verbos que os acompanham. Al\u00e9m disso, o polon\u00eas tem sete casos gramaticais: nominativo, genitivo, dativo, acusativo, instrumental, locativo e vocativo. Familiarizar-se com o sistema de g\u00eanero e caso \u00e9 crucial para entender e construir frases polonesas precisas.<\/p>\n\n\n\n<h3 class=\"wp-block-heading\" id=\"h-2-verb-conjugation-person-tense-and-aspect\">2. Conjuga\u00e7\u00e3o de Verbos: Pessoa, Tempo e Aspecto<\/h3>\n\n\n\n<p>Os verbos poloneses devem ser conjugados de acordo com o tempo, aspecto e pessoa (primeiro, segundo ou terceiro). H\u00e1 tr\u00eas tempos principais: <a href=\"https:\/\/talkpal.ai\/zh-hans\/grammar_exercises\/presente-%e8%a5%bf%e7%8f%ad%e7%89%99%e8%af%ad%e6%b3%95%e7%bb%83%e4%b9%a0\/\">presente<\/a>, passado e <a href=\"https:\/\/talkpal.ai\/ja\/grammar_exercises\/futuro-%e3%82%b9%e3%83%9a%e3%82%a4%e3%83%b3%e8%aa%9e%e3%81%ae%e6%96%87%e6%b3%95%e3%81%ae%e6%bc%94%e7%bf%92\/\">futuro<\/a>. Al\u00e9m disso, os verbos poloneses t\u00eam dois aspectos: perfectivo (para a\u00e7\u00f5es conclu\u00eddas) e imperfectivo (para a\u00e7\u00f5es cont\u00ednuas ou habitualmente realizadas). Dominar essas regras de conjuga\u00e7\u00e3o melhorar\u00e1 significativamente suas habilidades de comunica\u00e7\u00e3o verbal em polon\u00eas.<\/p>\n\n\n\n<h3 class=\"wp-block-heading\" id=\"h-3-adjectives-agreement-and-placement\">3. Adjetivos: Concord\u00e2ncia e Coloca\u00e7\u00e3o<\/h3>\n\n\n\n<p>Os adjetivos poloneses devem concordar com o substantivo que modificam em rela\u00e7\u00e3o a g\u00eanero, n\u00famero e caso. Os adjetivos tipicamente precedem o substantivo, fornecendo contexto descritivo essencial para a frase.<\/p>\n\n\n\n<p>Exemplos:<\/p>\n\n\n\n<p>&#8211; czerwona sukienka (um vestido vermelho)<\/p>\n\n\n\n<p>&#8211; pi\u0119kny ogr\u00f3d (um <a href=\"https:\/\/talkpal.ai\/locations\/learn-english-in-belo-jardim\/\">belo jardim<\/a>)<\/p>\n\n\n\n<h3 class=\"wp-block-heading\" id=\"h-4-pronouns-types-and-uses\">4. Pronomes: Tipos e Usos<\/h3>\n\n\n\n<p>Os pronomes poloneses v\u00eam em v\u00e1rias formas, incluindo pronomes pessoais, possessivos, reflexivos, demonstrativos e interrogativos. Entender como e quando usar esses pronomes tornar\u00e1 sua gram\u00e1tica polonesa mais precisa e aprimorar\u00e1 suas habilidades lingu\u00edsticas gerais.<\/p>\n\n\n\n<h3 class=\"wp-block-heading\" id=\"h-5-negation-conveying-the-opposite\">5. Nega\u00e7\u00e3o: Transmitindo o oposto<\/h3>\n\n\n\n<p>Na gram\u00e1tica polaca, a nega\u00e7\u00e3o \u00e9 conseguida acrescentando a palavra \u201cnie\u201d antes de verbos, adjectivos, adv\u00e9rbios ou pronomes. No entanto, regras espec\u00edficas se aplicam para negar ora\u00e7\u00f5es com substantivos, o que pode exigir uma preposi\u00e7\u00e3o adicional ou uma forma nominal diferente. Reconhecer esses padr\u00f5es de nega\u00e7\u00e3o ajudar\u00e1 voc\u00ea a transmitir seu significado pretendido claramente em polon\u00eas.<\/p>\n\n\n\n<h3 class=\"wp-block-heading\" id=\"h-6-engage-with-the-language\">6. Envolva-se com o idioma<\/h3>\n\n\n\n<p>A maneira mais eficaz de compreender e internalizar a gram\u00e1tica polonesa \u00e9 se envolver com o idioma regularmente. Desde ler literatura polonesa, assistir a filmes poloneses ou conversar ativamente com falantes nativos, mergulhar em v\u00e1rios contextos refor\u00e7ar\u00e1 sua compreens\u00e3o da gram\u00e1tica enquanto expande seu vocabul\u00e1rio.<\/p>\n\n\n\n<h3 class=\"wp-block-heading\" id=\"h-conclusion\">Conclus\u00e3o<\/h3>\n\n\n\n<p>Embora a gram\u00e1tica polonesa possa parecer complicada, pratic\u00e1-la consistentemente e enfrent\u00e1-la passo a passo ajudar\u00e1 voc\u00ea a se tornar proficiente neste idioma \u00fanico. Abrace o desafio ao come\u00e7ar sua jornada na l\u00edngua polonesa e, em breve, voc\u00ea se ver\u00e1 decodificando com confian\u00e7a os meandros de sua gram\u00e1tica. Boa sorte com seus estudos e aproveite para explorar as camadas da gram\u00e1tica polonesa!<\/p>\n<\/div><\/div>\n\r\n<section class=\"learnNavigationSection\">\r\n            \r\n        <a href=\"https:\/\/talkpal.ai\/pt-pt\/aprender-polaco\/\">\r\n            <div class=\"learnNavigationWrapper\">\r\n                <div class=\"learnNavigationContent\">\r\n                    <img decoding=\"async\" src=\"https:\/\/talkpal.ai\/wp-content\/uploads\/2024\/08\/Polish.jpg\" alt=\"Polish Flag\">\r\n                    <div>\r\n                        <h4>Sobre a aprendizagem da l\u00edngua polaca<\/h4>\r\n                        <p>Descobre tudo sobre a gram\u00e1tica polaca.<\/p>\r\n                    <\/div>\r\n                <\/div>\r\n            <\/div>\r\n        <\/a>\r\n\r\n        \r\n        <a href=\"https:\/\/talkpal.ai\/pt-pt\/exercicios-de-gramatica-polonesa\/\">\r\n            <div class=\"learnNavigationWrapper\">\r\n                <div class=\"learnNavigationContent\">\r\n                    <img decoding=\"async\" src=\"https:\/\/talkpal.ai\/wp-content\/uploads\/2024\/08\/Polish.jpg\" alt=\"Polish Flag\">\r\n                    <div>\r\n                        <h4>Exerc\u00edcio de gram\u00e1tica polaca<\/h4>\r\n                        <p>Pratica a gram\u00e1tica polaca.<\/p>\r\n                    <\/div>\r\n                <\/div>\r\n            <\/div>\r\n        <\/a>\r\n\r\n        \r\n        <a href=\"https:\/\/talkpal.ai\/vocabulary_language\/polish\/\">\r\n            <div class=\"learnNavigationWrapper\">\r\n                <div class=\"learnNavigationContent\">\r\n                    <img decoding=\"async\" src=\"https:\/\/talkpal.ai\/wp-content\/uploads\/2024\/08\/Polish.jpg\" alt=\"Polish Flag\">\r\n                    <div>\r\n                        <h4>Vocabul\u00e1rio polaco<\/h4>\r\n                        <p>Amplia o teu vocabul\u00e1rio polaco.<\/p>\r\n                    <\/div>\r\n                <\/div>\r\n            <\/div>\r\n        <\/a>\r\n\r\n            <\/section>","protected":false},"excerpt":{"rendered":"<p>Destrinchando o quebra-cabe\u00e7a da gram\u00e1tica polonesa O polon\u00eas, uma l\u00edngua eslava, \u00e9 desafiador e gratificante para os estudantes de idiomas que buscam uma aventura lingu\u00edstica \u00fanica. Ao mergulhar no polon\u00eas, voc\u00ea descobrir\u00e1 uma hist\u00f3ria e cultura fascinantes que complementam a riqueza do pr\u00f3prio idioma. Embora a gram\u00e1tica polonesa possa parecer intrincada, desconstru\u00ed-la em elementos gerenci\u00e1veis [&hellip;]<\/p>\n","protected":false},"author":1,"featured_media":28578,"parent":0,"menu_order":0,"comment_status":"closed","ping_status":"closed","template":"LearningContentPage.php","meta":{"_acf_changed":false,"footnotes":""},"class_list":["post-148978","page","type-page","status-publish","has-post-thumbnail","hentry"],"acf":[],"yoast_head":"<!-- This site is optimized with the Yoast SEO Premium plugin v27.2 (Yoast SEO v27.2) - https:\/\/yoast.com\/product\/yoast-seo-premium-wordpress\/ -->\n<title>Gram\u00e1tica polonesa - Talkpal<\/title>\n<meta name=\"description\" content=\"Domina a gram\u00e1tica polaca com exerc\u00edcios interactivos concebidos para todos os n\u00edveis de aprendizagem. Melhora os teus conhecimentos de polaco!\" \/>\n<meta name=\"robots\" content=\"index, follow, max-snippet:-1, max-image-preview:large, max-video-preview:-1\" \/>\n<link rel=\"canonical\" href=\"https:\/\/talkpal.ai\/pt-pt\/gramatica-polonesa\/\" \/>\n<meta property=\"og:locale\" content=\"pt_PT\" \/>\n<meta property=\"og:type\" content=\"article\" \/>\n<meta property=\"og:title\" content=\"Gram\u00e1tica polonesa\" \/>\n<meta property=\"og:description\" content=\"Destrinchando o quebra-cabe\u00e7a da gram\u00e1tica polonesa O polon\u00eas, uma l\u00edngua eslava, \u00e9 desafiador e gratificante para os estudantes de idiomas que buscam uma\" \/>\n<meta property=\"og:url\" content=\"https:\/\/talkpal.ai\/pt-pt\/gramatica-polonesa\/\" \/>\n<meta property=\"og:site_name\" content=\"Talkpal\" \/>\n<meta property=\"article:publisher\" content=\"https:\/\/www.facebook.com\/profile.php?id=100090733639311\" \/>\n<meta property=\"article:modified_time\" content=\"2025-12-17T17:15:15+00:00\" \/>\n<meta property=\"og:image\" content=\"https:\/\/talkpal.ai\/wp-content\/uploads\/2023\/05\/poland.png\" \/>\n\t<meta property=\"og:image:width\" content=\"512\" \/>\n\t<meta property=\"og:image:height\" content=\"512\" \/>\n\t<meta property=\"og:image:type\" content=\"image\/png\" \/>\n<meta name=\"twitter:card\" content=\"summary_large_image\" \/>\n<meta name=\"twitter:site\" content=\"@talkpalai\" \/>\n<meta name=\"twitter:label1\" content=\"Tempo estimado de leitura\" \/>\n\t<meta name=\"twitter:data1\" content=\"3 minutos\" \/>\n<script type=\"application\/ld+json\" class=\"yoast-schema-graph\">{\"@context\":\"https:\/\/schema.org\",\"@graph\":[{\"@type\":\"WebPage\",\"@id\":\"https:\/\/talkpal.ai\/pt-pt\/gramatica-polonesa\/\",\"url\":\"https:\/\/talkpal.ai\/pt-pt\/gramatica-polonesa\/\",\"name\":\"Gram\u00e1tica polonesa - Talkpal\",\"isPartOf\":{\"@id\":\"https:\/\/talkpal.ai\/pt-pt\/#website\"},\"primaryImageOfPage\":{\"@id\":\"https:\/\/talkpal.ai\/pt-pt\/gramatica-polonesa\/#primaryimage\"},\"image\":{\"@id\":\"https:\/\/talkpal.ai\/pt-pt\/gramatica-polonesa\/#primaryimage\"},\"thumbnailUrl\":\"https:\/\/talkpal.ai\/wp-content\/uploads\/2023\/05\/poland.png\",\"datePublished\":\"2023-05-14T14:18:46+00:00\",\"dateModified\":\"2025-12-17T17:15:15+00:00\",\"description\":\"Domina a gram\u00e1tica polaca com exerc\u00edcios interactivos concebidos para todos os n\u00edveis de aprendizagem. Melhora os teus conhecimentos de polaco!\",\"breadcrumb\":{\"@id\":\"https:\/\/talkpal.ai\/pt-pt\/gramatica-polonesa\/#breadcrumb\"},\"inLanguage\":\"pt-PT\",\"potentialAction\":[{\"@type\":\"ReadAction\",\"target\":[\"https:\/\/talkpal.ai\/pt-pt\/gramatica-polonesa\/\"]}]},{\"@type\":\"ImageObject\",\"inLanguage\":\"pt-PT\",\"@id\":\"https:\/\/talkpal.ai\/pt-pt\/gramatica-polonesa\/#primaryimage\",\"url\":\"https:\/\/talkpal.ai\/wp-content\/uploads\/2023\/05\/poland.png\",\"contentUrl\":\"https:\/\/talkpal.ai\/wp-content\/uploads\/2023\/05\/poland.png\",\"width\":512,\"height\":512},{\"@type\":\"BreadcrumbList\",\"@id\":\"https:\/\/talkpal.ai\/pt-pt\/gramatica-polonesa\/#breadcrumb\",\"itemListElement\":[{\"@type\":\"ListItem\",\"position\":1,\"name\":\"Homepage\",\"item\":\"https:\/\/talkpal.ai\/pt-pt\/\"},{\"@type\":\"ListItem\",\"position\":2,\"name\":\"Gram\u00e1tica polonesa\"}]},{\"@type\":\"WebSite\",\"@id\":\"https:\/\/talkpal.ai\/pt-pt\/#website\",\"url\":\"https:\/\/talkpal.ai\/pt-pt\/\",\"name\":\"Talkpal\",\"description\":\"AI Language Learning\",\"publisher\":{\"@id\":\"https:\/\/talkpal.ai\/pt-pt\/#organization\"},\"alternateName\":\"Talkpal AI\",\"potentialAction\":[{\"@type\":\"SearchAction\",\"target\":{\"@type\":\"EntryPoint\",\"urlTemplate\":\"https:\/\/talkpal.ai\/pt-pt\/?s={search_term_string}\"},\"query-input\":{\"@type\":\"PropertyValueSpecification\",\"valueRequired\":true,\"valueName\":\"search_term_string\"}}],\"inLanguage\":\"pt-PT\"},{\"@type\":\"Organization\",\"@id\":\"https:\/\/talkpal.ai\/pt-pt\/#organization\",\"name\":\"Talkpal, Inc.\",\"alternateName\":\"Talkpal AI\",\"url\":\"https:\/\/talkpal.ai\/pt-pt\/\",\"logo\":{\"@type\":\"ImageObject\",\"inLanguage\":\"pt-PT\",\"@id\":\"https:\/\/talkpal.ai\/pt-pt\/#\/schema\/logo\/image\/\",\"url\":\"https:\/\/talkpal.ai\/wp-content\/uploads\/2024\/03\/Talkpal-Logo-Icon.png\",\"contentUrl\":\"https:\/\/talkpal.ai\/wp-content\/uploads\/2024\/03\/Talkpal-Logo-Icon.png\",\"width\":2880,\"height\":2880,\"caption\":\"Talkpal, Inc.\"},\"image\":{\"@id\":\"https:\/\/talkpal.ai\/pt-pt\/#\/schema\/logo\/image\/\"},\"sameAs\":[\"https:\/\/www.facebook.com\/profile.php?id=100090733639311\",\"https:\/\/x.com\/talkpalai\",\"https:\/\/www.linkedin.com\/company\/talkpal\/\",\"https:\/\/www.youtube.com\/@TalkPal\/\",\"https:\/\/www.tiktok.com\/@talkpal\",\"https:\/\/www.instagram.com\/talkpal_ai\/\",\"https:\/\/www.crunchbase.com\/organization\/talkpal-9cde\",\"https:\/\/www.g2.com\/products\/talkpal-for-business\/\",\"https:\/\/www.trustpilot.com\/review\/talkpal.ai\",\"https:\/\/www.capterra.com\/p\/10006800\/TalkPal\/\"],\"description\":\"Talkpal is a language learning web and mobile education app, powered by the latest AI technologies, that provides engaging experiences to its customers in many different languages to help them improve their language skills. Users can chat about unlimited amount of topics with the app and use other modes to practice their language learning.\",\"email\":\"support@talkpal.ai\",\"legalName\":\"Talkpal, Inc.\",\"foundingDate\":\"2023-04-03\",\"duns\":\"118989042\",\"numberOfEmployees\":{\"@type\":\"QuantitativeValue\",\"minValue\":\"11\",\"maxValue\":\"50\"},\"publishingPrinciples\":\"https:\/\/talkpal.ai\/publishing-principles\/\",\"actionableFeedbackPolicy\":\"https:\/\/talkpal.ai\/actionable-feedback-policy\/\",\"correctionsPolicy\":\"https:\/\/talkpal.ai\/corrections-policy\/\",\"ethicsPolicy\":\"https:\/\/talkpal.ai\/ethics-policy\/\",\"diversityPolicy\":\"https:\/\/talkpal.ai\/diversity-policy\/\",\"diversityStaffingReport\":\"https:\/\/talkpal.ai\/diversity-policy\/\"}]}<\/script>\n<!-- \/ Yoast SEO Premium plugin. -->","yoast_head_json":{"title":"Gram\u00e1tica polonesa - Talkpal","description":"Domina a gram\u00e1tica polaca com exerc\u00edcios interactivos concebidos para todos os n\u00edveis de aprendizagem. Melhora os teus conhecimentos de polaco!","robots":{"index":"index","follow":"follow","max-snippet":"max-snippet:-1","max-image-preview":"max-image-preview:large","max-video-preview":"max-video-preview:-1"},"canonical":"https:\/\/talkpal.ai\/pt-pt\/gramatica-polonesa\/","og_locale":"pt_PT","og_type":"article","og_title":"Gram\u00e1tica polonesa","og_description":"Destrinchando o quebra-cabe\u00e7a da gram\u00e1tica polonesa O polon\u00eas, uma l\u00edngua eslava, \u00e9 desafiador e gratificante para os estudantes de idiomas que buscam uma","og_url":"https:\/\/talkpal.ai\/pt-pt\/gramatica-polonesa\/","og_site_name":"Talkpal","article_publisher":"https:\/\/www.facebook.com\/profile.php?id=100090733639311","article_modified_time":"2025-12-17T17:15:15+00:00","og_image":[{"width":512,"height":512,"url":"https:\/\/talkpal.ai\/wp-content\/uploads\/2023\/05\/poland.png","type":"image\/png"}],"twitter_card":"summary_large_image","twitter_site":"@talkpalai","twitter_misc":{"Tempo estimado de leitura":"3 minutos"},"schema":{"@context":"https:\/\/schema.org","@graph":[{"@type":"WebPage","@id":"https:\/\/talkpal.ai\/pt-pt\/gramatica-polonesa\/","url":"https:\/\/talkpal.ai\/pt-pt\/gramatica-polonesa\/","name":"Gram\u00e1tica polonesa - Talkpal","isPartOf":{"@id":"https:\/\/talkpal.ai\/pt-pt\/#website"},"primaryImageOfPage":{"@id":"https:\/\/talkpal.ai\/pt-pt\/gramatica-polonesa\/#primaryimage"},"image":{"@id":"https:\/\/talkpal.ai\/pt-pt\/gramatica-polonesa\/#primaryimage"},"thumbnailUrl":"https:\/\/talkpal.ai\/wp-content\/uploads\/2023\/05\/poland.png","datePublished":"2023-05-14T14:18:46+00:00","dateModified":"2025-12-17T17:15:15+00:00","description":"Domina a gram\u00e1tica polaca com exerc\u00edcios interactivos concebidos para todos os n\u00edveis de aprendizagem. Melhora os teus conhecimentos de polaco!","breadcrumb":{"@id":"https:\/\/talkpal.ai\/pt-pt\/gramatica-polonesa\/#breadcrumb"},"inLanguage":"pt-PT","potentialAction":[{"@type":"ReadAction","target":["https:\/\/talkpal.ai\/pt-pt\/gramatica-polonesa\/"]}]},{"@type":"ImageObject","inLanguage":"pt-PT","@id":"https:\/\/talkpal.ai\/pt-pt\/gramatica-polonesa\/#primaryimage","url":"https:\/\/talkpal.ai\/wp-content\/uploads\/2023\/05\/poland.png","contentUrl":"https:\/\/talkpal.ai\/wp-content\/uploads\/2023\/05\/poland.png","width":512,"height":512},{"@type":"BreadcrumbList","@id":"https:\/\/talkpal.ai\/pt-pt\/gramatica-polonesa\/#breadcrumb","itemListElement":[{"@type":"ListItem","position":1,"name":"Homepage","item":"https:\/\/talkpal.ai\/pt-pt\/"},{"@type":"ListItem","position":2,"name":"Gram\u00e1tica polonesa"}]},{"@type":"WebSite","@id":"https:\/\/talkpal.ai\/pt-pt\/#website","url":"https:\/\/talkpal.ai\/pt-pt\/","name":"Talkpal","description":"AI Language Learning","publisher":{"@id":"https:\/\/talkpal.ai\/pt-pt\/#organization"},"alternateName":"Talkpal AI","potentialAction":[{"@type":"SearchAction","target":{"@type":"EntryPoint","urlTemplate":"https:\/\/talkpal.ai\/pt-pt\/?s={search_term_string}"},"query-input":{"@type":"PropertyValueSpecification","valueRequired":true,"valueName":"search_term_string"}}],"inLanguage":"pt-PT"},{"@type":"Organization","@id":"https:\/\/talkpal.ai\/pt-pt\/#organization","name":"Talkpal, Inc.","alternateName":"Talkpal AI","url":"https:\/\/talkpal.ai\/pt-pt\/","logo":{"@type":"ImageObject","inLanguage":"pt-PT","@id":"https:\/\/talkpal.ai\/pt-pt\/#\/schema\/logo\/image\/","url":"https:\/\/talkpal.ai\/wp-content\/uploads\/2024\/03\/Talkpal-Logo-Icon.png","contentUrl":"https:\/\/talkpal.ai\/wp-content\/uploads\/2024\/03\/Talkpal-Logo-Icon.png","width":2880,"height":2880,"caption":"Talkpal, Inc."},"image":{"@id":"https:\/\/talkpal.ai\/pt-pt\/#\/schema\/logo\/image\/"},"sameAs":["https:\/\/www.facebook.com\/profile.php?id=100090733639311","https:\/\/x.com\/talkpalai","https:\/\/www.linkedin.com\/company\/talkpal\/","https:\/\/www.youtube.com\/@TalkPal\/","https:\/\/www.tiktok.com\/@talkpal","https:\/\/www.instagram.com\/talkpal_ai\/","https:\/\/www.crunchbase.com\/organization\/talkpal-9cde","https:\/\/www.g2.com\/products\/talkpal-for-business\/","https:\/\/www.trustpilot.com\/review\/talkpal.ai","https:\/\/www.capterra.com\/p\/10006800\/TalkPal\/"],"description":"Talkpal is a language learning web and mobile education app, powered by the latest AI technologies, that provides engaging experiences to its customers in many different languages to help them improve their language skills. Users can chat about unlimited amount of topics with the app and use other modes to practice their language learning.","email":"support@talkpal.ai","legalName":"Talkpal, Inc.","foundingDate":"2023-04-03","duns":"118989042","numberOfEmployees":{"@type":"QuantitativeValue","minValue":"11","maxValue":"50"},"publishingPrinciples":"https:\/\/talkpal.ai\/publishing-principles\/","actionableFeedbackPolicy":"https:\/\/talkpal.ai\/actionable-feedback-policy\/","correctionsPolicy":"https:\/\/talkpal.ai\/corrections-policy\/","ethicsPolicy":"https:\/\/talkpal.ai\/ethics-policy\/","diversityPolicy":"https:\/\/talkpal.ai\/diversity-policy\/","diversityStaffingReport":"https:\/\/talkpal.ai\/diversity-policy\/"}]}},"_links":{"self":[{"href":"https:\/\/talkpal.ai\/pt-pt\/wp-json\/wp\/v2\/pages\/148978","targetHints":{"allow":["GET"]}}],"collection":[{"href":"https:\/\/talkpal.ai\/pt-pt\/wp-json\/wp\/v2\/pages"}],"about":[{"href":"https:\/\/talkpal.ai\/pt-pt\/wp-json\/wp\/v2\/types\/page"}],"author":[{"embeddable":true,"href":"https:\/\/talkpal.ai\/pt-pt\/wp-json\/wp\/v2\/users\/1"}],"replies":[{"embeddable":true,"href":"https:\/\/talkpal.ai\/pt-pt\/wp-json\/wp\/v2\/comments?post=148978"}],"version-history":[{"count":0,"href":"https:\/\/talkpal.ai\/pt-pt\/wp-json\/wp\/v2\/pages\/148978\/revisions"}],"wp:featuredmedia":[{"embeddable":true,"href":"https:\/\/talkpal.ai\/pt-pt\/wp-json\/wp\/v2\/media\/28578"}],"wp:attachment":[{"href":"https:\/\/talkpal.ai\/pt-pt\/wp-json\/wp\/v2\/media?parent=148978"}],"curies":[{"name":"wp","href":"https:\/\/api.w.org\/{rel}","templated":true}]}}