{"id":1478434,"date":"2025-11-11T15:33:20","date_gmt":"2025-11-11T15:33:20","guid":{"rendered":"https:\/\/talkpal.ai\/exercicios-de-gramatica-basca\/"},"modified":"2025-12-30T15:06:18","modified_gmt":"2025-12-30T15:06:18","slug":"exercicios-de-gramatica-basca","status":"publish","type":"page","link":"https:\/\/talkpal.ai\/pt-pt\/exercicios-de-gramatica-basca\/","title":{"rendered":"Exerc\u00edcios de gram\u00e1tica basca"},"content":{"rendered":"\r\n\r\n\r\n<section class=\"languageChallengeSection\">\r\n    <div class=\"languageInfoWrapper\">\r\n        \r\n        <h1>Exerc\u00edcios de gram\u00e1tica basca<\/h1>\r\n        <p>Pronto para mergulhar na <a href=\"https:\/\/talkpal.ai\/basque-grammar\/\">gram\u00e1tica basca<\/a>? Praticar algumas no\u00e7\u00f5es b\u00e1sicas vai ajudar-te a sentir-te confort\u00e1vel com esta l\u00edngua \u00fanica e bela. Experimenta estes exerc\u00edcios para ganhares confian\u00e7a e divertires-te ao mesmo tempo!<\/p>\r\n\r\n                            <a class=\"getStartedHidden\" href=\"https:\/\/app.talkpal.ai\/pt-pt\/signup?lng=\">Come\u00e7a<\/a>\r\n        \r\n    <\/div>\r\n\r\n    <figure>\r\n    <img decoding=\"async\" width=\"768\" height=\"768\" src=\"https:\/\/talkpal.ai\/wp-content\/uploads\/2023\/06\/welsh-768x768.png\" class=\"languageImage no-lazy\" alt=\"Default alt text\" fetchpriority=\"high\" sizes=\"(max-width: 768px) 150px, 768px\" srcset=\"https:\/\/talkpal.ai\/wp-content\/uploads\/2023\/06\/welsh-768x768.png 768w, https:\/\/talkpal.ai\/wp-content\/uploads\/2023\/06\/welsh-300x300.png 300w\" \/>\r\n    \r\n\r\n    <\/figure>\r\n\r\n            <a class=\"getStartedVisible\" href=\"https:\/\/app.talkpal.ai\/pt-pt\/signup?lng=\">Come\u00e7a<\/a>\r\n    \r\n<\/section><section class=\"promotionalBanner\">\r\n    <p class=\"promotionalText\">A maneira mais eficiente de aprender um idioma<\/p>\r\n    <a class=\"promotionalLink\" href=\"https:\/\/app.talkpal.ai\/pt-pt\/signup?lng=\">Experimente o Talkpal gratuitamente<\/a>\r\n<\/section>\n<div class=\"wp-block-group pageContainerStyle\"><div class=\"wp-block-group__inner-container is-layout-constrained wp-block-group-is-layout-constrained\">\n<h2 class=\"wp-block-heading\" id=\"h-basque-grammar-topics\">T\u00f3picos de gram\u00e1tica basca<\/h2>\n\n\n\n<p><a href=\"https:\/\/talkpal.ai\/pt-pt\/os-maiores-erros-a-evitar-quando-aprendes-uma-nova-lingua\/\">Aprendendo um novo idioma<\/a> Aprender um <a href=\"https:\/\/talkpal.ai\/talkpal-new-years-discount\/\">novo<\/a> idioma pode ser um empreendimento desafiador, mas gratificante. O <a href=\"https:\/\/talkpal.ai\/learn-basque\/\">basco<\/a>, uma l\u00edngua isolada falada no Pa\u00eds <a href=\"https:\/\/talkpal.ai\/learn-basque\/\">Basco<\/a>, n\u00e3o \u00e9 exce\u00e7\u00e3o. Com suas caracter\u00edsticas e estruturas \u00fanicas, incluindo ergatividade e um extenso sistema de casos, <a href=\"https:\/\/talkpal.ai\/pt-pt\/talkpal-para-a-educacao\/\">aprender<\/a> basco requer uma abordagem sistem\u00e1tica para entender sua gram\u00e1tica. Este guia descreve as principais \u00e1reas da<a href=\"https:\/\/talkpal.ai\/pt-pt\/gramatica-basca\/\"> gram\u00e1tica <\/a>basca em uma sequ\u00eancia l\u00f3gica para o <a href=\"https:\/\/talkpal.ai\/pt-pt\/chatbot-de-ia-para-a-aprendizagem-de-linguas\/\">aprendizado de idiomas<\/a>, come\u00e7ando com o b\u00e1sico, <a href=\"https:\/\/talkpal.ai\/locations\/language-courses-in-como\/\">como<\/a> substantivos e artigos, e progredindo para \u00e1reas mais complexas, como tempos verbais e constru\u00e7\u00e3o de frases.<\/p>\n\n\n\n<h3 class=\"wp-block-heading\" id=\"h-1-nouns\">1. Substantivos:<\/h3>\n\n\n\n<p>Comece sua jornada no idioma basco aprendendo os substantivos. Isso inclui entender substantivos comuns e pr\u00f3prios, como o n\u00famero e a defini\u00e7\u00e3o s\u00e3o marcados com sufixos e como as termina\u00e7\u00f5es de caso funcionam para pap\u00e9is como absolutivo, ergativo e dativo.<\/p>\n\n\n\n<h3 class=\"wp-block-heading\" id=\"h-2-articles\">2. Artigos:<\/h3>\n\n\n\n<p>Os artigos na l\u00edngua basca funcionam de maneira diferente do <a href=\"https:\/\/talkpal.ai\/pt-pt\/ai-english-speaking-practice\/\">ingl\u00eas<\/a>. O artigo definido \u00e9 um sufixo ligado ao substantivo, e n\u00e3o h\u00e1 <a href=\"https:\/\/talkpal.ai\/pt-pt\/grammar\/artigo-indefinido-na-gramatica-galesa\/\">artigo indefinido<\/a> verdadeiro. Dominar como a defini\u00e7\u00e3o e o n\u00famero s\u00e3o marcados \u00e9 crucial na constru\u00e7\u00e3o da frase.<\/p>\n\n\n\n<h3 class=\"wp-block-heading\" id=\"h-3-adjectives\">3. Adjetivos:<\/h3>\n\n\n\n<p>Os adjetivos em basco geralmente seguem seus substantivos. Aprenda como o artigo se liga ao final de todo o sintagma nominal e como formar comparativos e superlativos, por exemplo, com -ago para <a href=\"https:\/\/talkpal.ai\/zh-hans\/grammar_exercises\/comparativo-%e8%a5%bf%e7%8f%ad%e7%89%99%e8%af%ad%e6%b3%95%e7%bb%83%e4%b9%a0\/\">comparativo<\/a> e -en com o artigo para superlativo.<\/p>\n\n\n\n<h3 class=\"wp-block-heading\" id=\"h-4-pronouns-determiners\">4. Pronomes\/Determinantes:<\/h3>\n\n\n\n<p>Pronomes e determinantes s\u00e3o essenciais em basco; eles substituem substantivos e fornecem informa\u00e7\u00f5es sobre quantidade, posse e muito mais. Preste aten\u00e7\u00e3o aos determinantes possessivos e a como a pessoa e o n\u00famero s\u00e3o refletidos no verbo auxiliar.<\/p>\n\n\n\n<h3 class=\"wp-block-heading\" id=\"h-5-verbs\">5. Verbos:<\/h3>\n\n\n\n<p>Os verbos bascos s\u00e3o em grande parte perifr\u00e1sticos, usando auxiliares que concordam com sujeito e objetos. Comece com o tempo <a href=\"https:\/\/talkpal.ai\/zh-hans\/grammar_exercises\/presente-%e8%a5%bf%e7%8f%ad%e7%89%99%e8%af%ad%e6%b3%95%e7%bb%83%e4%b9%a0\/\">presente<\/a> de auxiliares comuns e partic\u00edpios verbais principais e, em seguida, explore gradualmente o passado e o <a href=\"https:\/\/talkpal.ai\/ja\/grammar_exercises\/futuro-%e3%82%b9%e3%83%9a%e3%82%a4%e3%83%b3%e8%aa%9e%e3%81%ae%e6%96%87%e6%b3%95%e3%81%ae%e6%bc%94%e7%bf%92\/\">futuro<\/a>, bem como as formas imperativas.<\/p>\n\n\n\n<h3 class=\"wp-block-heading\" id=\"h-6-tenses\">6. Tempos:<\/h3>\n\n\n\n<p>Depois de dominar as formas verbais, aprofunde-se no tempo e no aspecto basco. Entenda como os significados presentes, passados e futuros s\u00e3o expressos com auxiliares e partic\u00edpios, e como as distin\u00e7\u00f5es aspectuais afetam o uso em diferentes contextos.<\/p>\n\n\n\n<h3 class=\"wp-block-heading\" id=\"h-7-tense-comparison\">7. Compara\u00e7\u00e3o tensa:<\/h3>\n\n\n\n<p>A compara\u00e7\u00e3o de tempos verbais em basco ajuda a entender a sequ\u00eancia de eventos. Comparar a mesma frase verbal entre auxiliares presentes, passados e futuros fornecer\u00e1 uma melhor compreens\u00e3o de como o basco lida com o tempo e o aspecto.<\/p>\n\n\n\n<h3 class=\"wp-block-heading\" id=\"h-8-progressive\">8. Progressiva:<\/h3>\n\n\n\n<p>O progressista em basco \u00e9 usado para expressar a\u00e7\u00f5es em andamento. \u00c9 formado com a forma -tzen do verbo junto com ari izan como auxiliar.<\/p>\n\n\n\n<h3 class=\"wp-block-heading\" id=\"h-9-perfect-progressive\">9. Perfeito Progressivo:<\/h3>\n\n\n\n<p>Isso \u00e9 usado para expressar a\u00e7\u00f5es que est\u00e3o em andamento at\u00e9 um determinado ponto. Em basco, \u00e9 formado com o perfeito de izan junto com ari e a forma -tzen do verbo principal.<\/p>\n\n\n\n<h3 class=\"wp-block-heading\" id=\"h-10-conditionals\">10. Condicionais:<\/h3>\n\n\n\n<p>As condicionais expressam situa\u00e7\u00f5es hipot\u00e9ticas e seus poss\u00edveis desfechos. Em basco, eles s\u00e3o formados com auxiliares condicionais e cl\u00e1usulas introduzidas com ba, e adicionar\u00e3o nuances e precis\u00e3o \u00e0s suas habilidades lingu\u00edsticas.<\/p>\n\n\n\n<h3 class=\"wp-block-heading\" id=\"h-11-adverbs\">11. Adv\u00e9rbios:<\/h3>\n\n\n\n<p>Os adv\u00e9rbios em basco modificam verbos, adjetivos ou outros adv\u00e9rbios. Eles fornecem informa\u00e7\u00f5es sobre maneira, lugar, tempo, grau e muito mais, e podem ser formados com palavras adverbiais comuns ou com sufixos como -ki ou -z, dependendo do contexto.<\/p>\n\n\n\n<h3 class=\"wp-block-heading\" id=\"h-12-prepositions\">12. Preposi\u00e7\u00f5es:<\/h3>\n\n\n\n<p>O basco usa principalmente posposi\u00e7\u00f5es e termina\u00e7\u00f5es de caso em vez de preposi\u00e7\u00f5es. Eles expressam rela\u00e7\u00f5es de tempo, lugar, dire\u00e7\u00e3o e muito mais, e s\u00e3o essenciais para ligar palavras e frases.<\/p>\n\n\n\n<h3 class=\"wp-block-heading\" id=\"h-13-sentences\">13. Senten\u00e7as:<\/h3>\n\n\n\n<p>Por fim, pratique a constru\u00e7\u00e3o de frases. Isso envolver\u00e1 o uso de todos os pontos gramaticais aprendidos anteriormente no contexto, prestando aten\u00e7\u00e3o \u00e0 ordem t\u00edpica das palavras SOV do basco, posicionamento do foco e nega\u00e7\u00e3o, garantindo assim uma compreens\u00e3o abrangente da l\u00edngua basca.<\/p>\n<\/div><\/div>\n\r\n<section class=\"learnNavigationSection\">\r\n            \r\n        <a href=\"https:\/\/talkpal.ai\/pt-pt\/aprenda-basco\/\">\r\n            <div class=\"learnNavigationWrapper\">\r\n                <div class=\"learnNavigationContent\">\r\n                    <img decoding=\"async\" src=\"https:\/\/talkpal.ai\/wp-content\/uploads\/2025\/11\/Basque.png\" alt=\"Basque Flag\">\r\n                    <div>\r\n                        <h4>Sobre o aprendizado basco<\/h4>\r\n                        <p>Descubra tudo sobre a gram\u00e1tica basca.<\/p>\r\n                    <\/div>\r\n                <\/div>\r\n            <\/div>\r\n        <\/a>\r\n\r\n        \r\n        <a href=\"https:\/\/talkpal.ai\/pt-pt\/gramatica-basca\/\">\r\n            <div class=\"learnNavigationWrapper\">\r\n                <div class=\"learnNavigationContent\">\r\n                    <img decoding=\"async\" src=\"https:\/\/talkpal.ai\/wp-content\/uploads\/2025\/11\/Basque.png\" alt=\"Basque Flag\">\r\n                    <div>\r\n                        <h4>Aulas de gram\u00e1tica basca<\/h4>\r\n                        <p>Pratique a gram\u00e1tica basca.<\/p>\r\n                    <\/div>\r\n                <\/div>\r\n            <\/div>\r\n        <\/a>\r\n\r\n            <\/section>","protected":false},"excerpt":{"rendered":"<p>T\u00f3picos de gram\u00e1tica basca Aprendendo um novo idioma Aprender um novo idioma pode ser um empreendimento desafiador, mas gratificante. O basco, uma l\u00edngua isolada falada no Pa\u00eds Basco, n\u00e3o \u00e9 exce\u00e7\u00e3o. Com suas caracter\u00edsticas e estruturas \u00fanicas, incluindo ergatividade e um extenso sistema de casos, aprender basco requer uma abordagem sistem\u00e1tica para entender sua gram\u00e1tica. [&hellip;]<\/p>\n","protected":false},"author":20,"featured_media":0,"parent":0,"menu_order":0,"comment_status":"closed","ping_status":"closed","template":"LearningContentPage.php","meta":{"_acf_changed":false,"footnotes":""},"class_list":["post-1478434","page","type-page","status-publish","hentry"],"acf":[],"yoast_head":"<!-- This site is optimized with the Yoast SEO Premium plugin v27.2 (Yoast SEO v27.2) - https:\/\/yoast.com\/product\/yoast-seo-premium-wordpress\/ -->\n<title>Exerc\u00edcios de gram\u00e1tica basca - Talkpal<\/title>\n<meta name=\"description\" content=\"Domina a gram\u00e1tica basca com exerc\u00edcios interessantes que abrangem substantivos, verbos e tempos verbais para aumentar a tua profici\u00eancia lingu\u00edstica.\" \/>\n<meta name=\"robots\" content=\"index, follow, max-snippet:-1, max-image-preview:large, max-video-preview:-1\" \/>\n<link rel=\"canonical\" href=\"https:\/\/talkpal.ai\/pt-pt\/exercicios-de-gramatica-basca\/\" \/>\n<meta property=\"og:locale\" content=\"pt_PT\" \/>\n<meta property=\"og:type\" content=\"article\" \/>\n<meta property=\"og:title\" content=\"Exerc\u00edcios de gram\u00e1tica basca\" \/>\n<meta property=\"og:description\" content=\"T\u00f3picos de gram\u00e1tica basca Aprendendo um novo idioma Aprender um novo idioma pode ser um empreendimento desafiador, mas gratificante. O basco, uma l\u00edngua\" \/>\n<meta property=\"og:url\" content=\"https:\/\/talkpal.ai\/pt-pt\/exercicios-de-gramatica-basca\/\" \/>\n<meta property=\"og:site_name\" content=\"Talkpal\" \/>\n<meta property=\"article:publisher\" content=\"https:\/\/www.facebook.com\/profile.php?id=100090733639311\" \/>\n<meta property=\"article:modified_time\" content=\"2025-12-30T15:06:18+00:00\" \/>\n<meta property=\"og:image\" content=\"https:\/\/talkpal.ai\/wp-content\/uploads\/2025\/02\/Progress-tab-16_9.png\" \/>\n\t<meta property=\"og:image:width\" content=\"2880\" \/>\n\t<meta property=\"og:image:height\" content=\"1620\" \/>\n\t<meta property=\"og:image:type\" content=\"image\/png\" \/>\n<meta name=\"twitter:card\" content=\"summary_large_image\" \/>\n<meta name=\"twitter:site\" content=\"@talkpalai\" \/>\n<meta name=\"twitter:label1\" content=\"Tempo estimado de leitura\" \/>\n\t<meta name=\"twitter:data1\" content=\"3 minutos\" \/>\n<script type=\"application\/ld+json\" class=\"yoast-schema-graph\">{\"@context\":\"https:\/\/schema.org\",\"@graph\":[{\"@type\":\"WebPage\",\"@id\":\"https:\/\/talkpal.ai\/pt-pt\/exercicios-de-gramatica-basca\/\",\"url\":\"https:\/\/talkpal.ai\/pt-pt\/exercicios-de-gramatica-basca\/\",\"name\":\"Exerc\u00edcios de gram\u00e1tica basca - Talkpal\",\"isPartOf\":{\"@id\":\"https:\/\/talkpal.ai\/pt-pt\/#website\"},\"datePublished\":\"2025-11-11T15:33:20+00:00\",\"dateModified\":\"2025-12-30T15:06:18+00:00\",\"description\":\"Domina a gram\u00e1tica basca com exerc\u00edcios interessantes que abrangem substantivos, verbos e tempos verbais para aumentar a tua profici\u00eancia lingu\u00edstica.\",\"breadcrumb\":{\"@id\":\"https:\/\/talkpal.ai\/pt-pt\/exercicios-de-gramatica-basca\/#breadcrumb\"},\"inLanguage\":\"pt-PT\",\"potentialAction\":[{\"@type\":\"ReadAction\",\"target\":[\"https:\/\/talkpal.ai\/pt-pt\/exercicios-de-gramatica-basca\/\"]}]},{\"@type\":\"BreadcrumbList\",\"@id\":\"https:\/\/talkpal.ai\/pt-pt\/exercicios-de-gramatica-basca\/#breadcrumb\",\"itemListElement\":[{\"@type\":\"ListItem\",\"position\":1,\"name\":\"Homepage\",\"item\":\"https:\/\/talkpal.ai\/pt-pt\/\"},{\"@type\":\"ListItem\",\"position\":2,\"name\":\"Exerc\u00edcios de gram\u00e1tica basca\"}]},{\"@type\":\"WebSite\",\"@id\":\"https:\/\/talkpal.ai\/pt-pt\/#website\",\"url\":\"https:\/\/talkpal.ai\/pt-pt\/\",\"name\":\"Talkpal\",\"description\":\"AI Language Learning\",\"publisher\":{\"@id\":\"https:\/\/talkpal.ai\/pt-pt\/#organization\"},\"alternateName\":\"Talkpal AI\",\"potentialAction\":[{\"@type\":\"SearchAction\",\"target\":{\"@type\":\"EntryPoint\",\"urlTemplate\":\"https:\/\/talkpal.ai\/pt-pt\/?s={search_term_string}\"},\"query-input\":{\"@type\":\"PropertyValueSpecification\",\"valueRequired\":true,\"valueName\":\"search_term_string\"}}],\"inLanguage\":\"pt-PT\"},{\"@type\":\"Organization\",\"@id\":\"https:\/\/talkpal.ai\/pt-pt\/#organization\",\"name\":\"Talkpal, Inc.\",\"alternateName\":\"Talkpal AI\",\"url\":\"https:\/\/talkpal.ai\/pt-pt\/\",\"logo\":{\"@type\":\"ImageObject\",\"inLanguage\":\"pt-PT\",\"@id\":\"https:\/\/talkpal.ai\/pt-pt\/#\/schema\/logo\/image\/\",\"url\":\"https:\/\/talkpal.ai\/wp-content\/uploads\/2024\/03\/Talkpal-Logo-Icon.png\",\"contentUrl\":\"https:\/\/talkpal.ai\/wp-content\/uploads\/2024\/03\/Talkpal-Logo-Icon.png\",\"width\":2880,\"height\":2880,\"caption\":\"Talkpal, Inc.\"},\"image\":{\"@id\":\"https:\/\/talkpal.ai\/pt-pt\/#\/schema\/logo\/image\/\"},\"sameAs\":[\"https:\/\/www.facebook.com\/profile.php?id=100090733639311\",\"https:\/\/x.com\/talkpalai\",\"https:\/\/www.linkedin.com\/company\/talkpal\/\",\"https:\/\/www.youtube.com\/@TalkPal\/\",\"https:\/\/www.tiktok.com\/@talkpal\",\"https:\/\/www.instagram.com\/talkpal_ai\/\",\"https:\/\/www.crunchbase.com\/organization\/talkpal-9cde\",\"https:\/\/www.g2.com\/products\/talkpal-for-business\/\",\"https:\/\/www.trustpilot.com\/review\/talkpal.ai\",\"https:\/\/www.capterra.com\/p\/10006800\/TalkPal\/\"],\"description\":\"Talkpal is a language learning web and mobile education app, powered by the latest AI technologies, that provides engaging experiences to its customers in many different languages to help them improve their language skills. Users can chat about unlimited amount of topics with the app and use other modes to practice their language learning.\",\"email\":\"support@talkpal.ai\",\"legalName\":\"Talkpal, Inc.\",\"foundingDate\":\"2023-04-03\",\"duns\":\"118989042\",\"numberOfEmployees\":{\"@type\":\"QuantitativeValue\",\"minValue\":\"11\",\"maxValue\":\"50\"},\"publishingPrinciples\":\"https:\/\/talkpal.ai\/publishing-principles\/\",\"actionableFeedbackPolicy\":\"https:\/\/talkpal.ai\/actionable-feedback-policy\/\",\"correctionsPolicy\":\"https:\/\/talkpal.ai\/corrections-policy\/\",\"ethicsPolicy\":\"https:\/\/talkpal.ai\/ethics-policy\/\",\"diversityPolicy\":\"https:\/\/talkpal.ai\/diversity-policy\/\",\"diversityStaffingReport\":\"https:\/\/talkpal.ai\/diversity-policy\/\"}]}<\/script>\n<!-- \/ Yoast SEO Premium plugin. -->","yoast_head_json":{"title":"Exerc\u00edcios de gram\u00e1tica basca - Talkpal","description":"Domina a gram\u00e1tica basca com exerc\u00edcios interessantes que abrangem substantivos, verbos e tempos verbais para aumentar a tua profici\u00eancia lingu\u00edstica.","robots":{"index":"index","follow":"follow","max-snippet":"max-snippet:-1","max-image-preview":"max-image-preview:large","max-video-preview":"max-video-preview:-1"},"canonical":"https:\/\/talkpal.ai\/pt-pt\/exercicios-de-gramatica-basca\/","og_locale":"pt_PT","og_type":"article","og_title":"Exerc\u00edcios de gram\u00e1tica basca","og_description":"T\u00f3picos de gram\u00e1tica basca Aprendendo um novo idioma Aprender um novo idioma pode ser um empreendimento desafiador, mas gratificante. O basco, uma l\u00edngua","og_url":"https:\/\/talkpal.ai\/pt-pt\/exercicios-de-gramatica-basca\/","og_site_name":"Talkpal","article_publisher":"https:\/\/www.facebook.com\/profile.php?id=100090733639311","article_modified_time":"2025-12-30T15:06:18+00:00","og_image":[{"width":2880,"height":1620,"url":"https:\/\/talkpal.ai\/wp-content\/uploads\/2025\/02\/Progress-tab-16_9.png","type":"image\/png"}],"twitter_card":"summary_large_image","twitter_site":"@talkpalai","twitter_misc":{"Tempo estimado de leitura":"3 minutos"},"schema":{"@context":"https:\/\/schema.org","@graph":[{"@type":"WebPage","@id":"https:\/\/talkpal.ai\/pt-pt\/exercicios-de-gramatica-basca\/","url":"https:\/\/talkpal.ai\/pt-pt\/exercicios-de-gramatica-basca\/","name":"Exerc\u00edcios de gram\u00e1tica basca - Talkpal","isPartOf":{"@id":"https:\/\/talkpal.ai\/pt-pt\/#website"},"datePublished":"2025-11-11T15:33:20+00:00","dateModified":"2025-12-30T15:06:18+00:00","description":"Domina a gram\u00e1tica basca com exerc\u00edcios interessantes que abrangem substantivos, verbos e tempos verbais para aumentar a tua profici\u00eancia lingu\u00edstica.","breadcrumb":{"@id":"https:\/\/talkpal.ai\/pt-pt\/exercicios-de-gramatica-basca\/#breadcrumb"},"inLanguage":"pt-PT","potentialAction":[{"@type":"ReadAction","target":["https:\/\/talkpal.ai\/pt-pt\/exercicios-de-gramatica-basca\/"]}]},{"@type":"BreadcrumbList","@id":"https:\/\/talkpal.ai\/pt-pt\/exercicios-de-gramatica-basca\/#breadcrumb","itemListElement":[{"@type":"ListItem","position":1,"name":"Homepage","item":"https:\/\/talkpal.ai\/pt-pt\/"},{"@type":"ListItem","position":2,"name":"Exerc\u00edcios de gram\u00e1tica basca"}]},{"@type":"WebSite","@id":"https:\/\/talkpal.ai\/pt-pt\/#website","url":"https:\/\/talkpal.ai\/pt-pt\/","name":"Talkpal","description":"AI Language Learning","publisher":{"@id":"https:\/\/talkpal.ai\/pt-pt\/#organization"},"alternateName":"Talkpal AI","potentialAction":[{"@type":"SearchAction","target":{"@type":"EntryPoint","urlTemplate":"https:\/\/talkpal.ai\/pt-pt\/?s={search_term_string}"},"query-input":{"@type":"PropertyValueSpecification","valueRequired":true,"valueName":"search_term_string"}}],"inLanguage":"pt-PT"},{"@type":"Organization","@id":"https:\/\/talkpal.ai\/pt-pt\/#organization","name":"Talkpal, Inc.","alternateName":"Talkpal AI","url":"https:\/\/talkpal.ai\/pt-pt\/","logo":{"@type":"ImageObject","inLanguage":"pt-PT","@id":"https:\/\/talkpal.ai\/pt-pt\/#\/schema\/logo\/image\/","url":"https:\/\/talkpal.ai\/wp-content\/uploads\/2024\/03\/Talkpal-Logo-Icon.png","contentUrl":"https:\/\/talkpal.ai\/wp-content\/uploads\/2024\/03\/Talkpal-Logo-Icon.png","width":2880,"height":2880,"caption":"Talkpal, Inc."},"image":{"@id":"https:\/\/talkpal.ai\/pt-pt\/#\/schema\/logo\/image\/"},"sameAs":["https:\/\/www.facebook.com\/profile.php?id=100090733639311","https:\/\/x.com\/talkpalai","https:\/\/www.linkedin.com\/company\/talkpal\/","https:\/\/www.youtube.com\/@TalkPal\/","https:\/\/www.tiktok.com\/@talkpal","https:\/\/www.instagram.com\/talkpal_ai\/","https:\/\/www.crunchbase.com\/organization\/talkpal-9cde","https:\/\/www.g2.com\/products\/talkpal-for-business\/","https:\/\/www.trustpilot.com\/review\/talkpal.ai","https:\/\/www.capterra.com\/p\/10006800\/TalkPal\/"],"description":"Talkpal is a language learning web and mobile education app, powered by the latest AI technologies, that provides engaging experiences to its customers in many different languages to help them improve their language skills. Users can chat about unlimited amount of topics with the app and use other modes to practice their language learning.","email":"support@talkpal.ai","legalName":"Talkpal, Inc.","foundingDate":"2023-04-03","duns":"118989042","numberOfEmployees":{"@type":"QuantitativeValue","minValue":"11","maxValue":"50"},"publishingPrinciples":"https:\/\/talkpal.ai\/publishing-principles\/","actionableFeedbackPolicy":"https:\/\/talkpal.ai\/actionable-feedback-policy\/","correctionsPolicy":"https:\/\/talkpal.ai\/corrections-policy\/","ethicsPolicy":"https:\/\/talkpal.ai\/ethics-policy\/","diversityPolicy":"https:\/\/talkpal.ai\/diversity-policy\/","diversityStaffingReport":"https:\/\/talkpal.ai\/diversity-policy\/"}]}},"_links":{"self":[{"href":"https:\/\/talkpal.ai\/pt-pt\/wp-json\/wp\/v2\/pages\/1478434","targetHints":{"allow":["GET"]}}],"collection":[{"href":"https:\/\/talkpal.ai\/pt-pt\/wp-json\/wp\/v2\/pages"}],"about":[{"href":"https:\/\/talkpal.ai\/pt-pt\/wp-json\/wp\/v2\/types\/page"}],"author":[{"embeddable":true,"href":"https:\/\/talkpal.ai\/pt-pt\/wp-json\/wp\/v2\/users\/20"}],"replies":[{"embeddable":true,"href":"https:\/\/talkpal.ai\/pt-pt\/wp-json\/wp\/v2\/comments?post=1478434"}],"version-history":[{"count":0,"href":"https:\/\/talkpal.ai\/pt-pt\/wp-json\/wp\/v2\/pages\/1478434\/revisions"}],"wp:attachment":[{"href":"https:\/\/talkpal.ai\/pt-pt\/wp-json\/wp\/v2\/media?parent=1478434"}],"curies":[{"name":"wp","href":"https:\/\/api.w.org\/{rel}","templated":true}]}}