{"id":1477906,"date":"2025-11-12T11:25:18","date_gmt":"2025-11-12T11:25:18","guid":{"rendered":"https:\/\/talkpal.ai\/exercicios-de-gramatica-khmer\/"},"modified":"2025-12-30T14:43:19","modified_gmt":"2025-12-30T14:43:19","slug":"exercicios-de-gramatica-khmer","status":"publish","type":"page","link":"https:\/\/talkpal.ai\/pt-pt\/exercicios-de-gramatica-khmer\/","title":{"rendered":"Exerc\u00edcios de gram\u00e1tica khmer"},"content":{"rendered":"\r\n\r\n\r\n<section class=\"languageChallengeSection\">\r\n    <div class=\"languageInfoWrapper\">\r\n        \r\n        <h1>Exerc\u00edcios de gram\u00e1tica khmer<\/h1>\r\n        <p>Pronto para mergulhar na <a href=\"https:\/\/talkpal.ai\/khmer-grammar\/\">gram\u00e1tica Khmer<\/a>? Praticar algumas no\u00e7\u00f5es b\u00e1sicas vai ajudar-te a sentir-te confort\u00e1vel com esta l\u00edngua \u00fanica e bela. Experimenta estes exerc\u00edcios para ganhares confian\u00e7a e divertires-te ao mesmo tempo!<\/p>\r\n\r\n                            <a class=\"getStartedHidden\" href=\"https:\/\/app.talkpal.ai\/pt-pt\/signup?lng=\">Come\u00e7a<\/a>\r\n        \r\n    <\/div>\r\n\r\n    <figure>\r\n    <img decoding=\"async\" width=\"768\" height=\"768\" src=\"https:\/\/talkpal.ai\/wp-content\/uploads\/2023\/06\/welsh-768x768.png\" class=\"languageImage no-lazy\" alt=\"Default alt text\" fetchpriority=\"high\" sizes=\"(max-width: 768px) 150px, 768px\" srcset=\"https:\/\/talkpal.ai\/wp-content\/uploads\/2023\/06\/welsh-768x768.png 768w, https:\/\/talkpal.ai\/wp-content\/uploads\/2023\/06\/welsh-300x300.png 300w\" \/>\r\n    \r\n\r\n    <\/figure>\r\n\r\n            <a class=\"getStartedVisible\" href=\"https:\/\/app.talkpal.ai\/pt-pt\/signup?lng=\">Come\u00e7a<\/a>\r\n    \r\n<\/section><section class=\"promotionalBanner\">\r\n    <p class=\"promotionalText\">A maneira mais eficiente de aprender um idioma<\/p>\r\n    <a class=\"promotionalLink\" href=\"https:\/\/app.talkpal.ai\/pt-pt\/signup?lng=\">Experimente o Talkpal gratuitamente<\/a>\r\n<\/section>\n<div class=\"wp-block-group pageContainerStyle\"><div class=\"wp-block-group__inner-container is-layout-constrained wp-block-group-is-layout-constrained\">\n<h2 class=\"wp-block-heading\" id=\"h-khmer-grammar-topics\">T\u00f3picos de gram\u00e1tica khmer<\/h2>\n\n\n\n<p><a href=\"https:\/\/talkpal.ai\/pt-pt\/os-maiores-erros-a-evitar-quando-aprendes-uma-nova-lingua\/\">Aprender um novo idioma<\/a> pode ser um empreendimento desafiador, mas gratificante. O <a href=\"https:\/\/talkpal.ai\/learn-khmer\/\">Khmer<\/a>, uma l\u00edngua austro-asi\u00e1tica falada principalmente no Camboja, n\u00e3o \u00e9 exce\u00e7\u00e3o. Com sua estrutura anal\u00edtica e part\u00edculas distintas, <a href=\"https:\/\/talkpal.ai\/pt-pt\/talkpal-para-a-educacao\/\">aprender<\/a> Khmer requer uma abordagem sistem\u00e1tica para entender <a href=\"https:\/\/talkpal.ai\/locations\/language-courses-in-como\/\">como<\/a> o significado \u00e9 constru\u00eddo sem inflex\u00e3o. Este guia descreve as principais \u00e1reas da <a href=\"https:\/\/talkpal.ai\/pt-pt\/gramatica-khmer\/\">gram\u00e1tica Khmer<\/a> em uma sequ\u00eancia l\u00f3gica para o <a href=\"https:\/\/talkpal.ai\/pt-pt\/chatbot-de-ia-para-a-aprendizagem-de-linguas\/\">aprendizado de idiomas<\/a>, come\u00e7ando pelo b\u00e1sico, como substantivos e artigos, e progredindo para \u00e1reas mais complexas, como tempos verbais e constru\u00e7\u00e3o de frases.<\/p>\n\n\n\n<h3 class=\"wp-block-heading\" id=\"h-1-nouns\">1. Substantivos:<\/h3>\n\n\n\n<p>Comece sua jornada no idioma Khmer aprendendo os substantivos. Isso inclui a compreens\u00e3o de substantivos comuns e pr\u00f3prios, como a pluralidade \u00e9 frequentemente mostrada com quantificadores, classificadores ou reduplica\u00e7\u00e3o em vez de inflex\u00e3o e a aus\u00eancia de <a href=\"https:\/\/talkpal.ai\/ar\/grammar_exercises\/genero-%d8%aa%d9%85%d8%a7%d8%b1%d9%8a%d9%86-%d9%84%d9%82%d9%88%d8%a7%d8%b9%d8%af-%d8%a7%d9%84%d9%84%d8%ba%d8%a9-%d8%a7%d9%84%d8%a5%d8%b3%d8%a8%d8%a7%d9%86%d9%8a%d8%a9\/\">g\u00eanero gramatical<\/a> ou caso.<\/p>\n\n\n\n<h3 class=\"wp-block-heading\" id=\"h-2-articles\">2. Artigos:<\/h3>\n\n\n\n<p>O Khmer n\u00e3o <a href=\"https:\/\/talkpal.ai\/locations\/learn-english-in-usa\/\">usa<\/a> <a href=\"https:\/\/talkpal.ai\/hi\/grammar_exercises\/articulos-%e0%a4%b8%e0%a5%8d%e0%a4%aa%e0%a5%87%e0%a4%a8%e0%a4%bf%e0%a4%b6-%e0%a4%b5%e0%a5%8d%e0%a4%af%e0%a4%be%e0%a4%95%e0%a4%b0%e0%a4%a3-%e0%a4%95%e0%a5%87-%e0%a4%b2%e0%a4%bf%e0%a4%8f-%e0%a4%b5\/\">artigos definidos<\/a> ou indefinidos como em <a href=\"https:\/\/talkpal.ai\/pt-pt\/ai-english-speaking-practice\/\">ingl\u00eas<\/a>. A defini\u00e7\u00e3o \u00e9 expressa atrav\u00e9s do contexto ou demonstrativos como \u1793\u17c1\u17c7 isso e \u1793\u17c4\u17c7 aquilo, enquanto a indefini\u00e7\u00e3o pode ser mostrada com o numeral \u1798\u17bd\u1799 um ou palavras como \u1798\u17bd\u1799\u1785\u17c6\u1793\u17bd\u1793 alguns.<\/p>\n\n\n\n<h3 class=\"wp-block-heading\" id=\"h-3-adjectives\">3. Adjetivos:<\/h3>\n\n\n\n<p>Os adjetivos em Khmer normalmente seguem seus substantivos e podem funcionar como verbos estativos em predicados. Aprenda marcadores de grau e compara\u00e7\u00e3o, como \u178e\u17b6\u179f\u17cb muito, \u1787\u17b6\u1784 para <a href=\"https:\/\/talkpal.ai\/zh-hans\/grammar_exercises\/comparativo-%e8%a5%bf%e7%8f%ad%e7%89%99%e8%af%ad%e6%b3%95%e7%bb%83%e4%b9%a0\/\">comparativo<\/a> e \u1787\u17b6\u1784\u1782\u17c1 para superlativo, bem como reduplica\u00e7\u00e3o para \u00eanfase.<\/p>\n\n\n\n<h3 class=\"wp-block-heading\" id=\"h-4-pronouns-determiners\">4. Pronomes\/Determinantes:<\/h3>\n\n\n\n<p>Pronomes e determinantes s\u00e3o essenciais no Khmer e refletem n\u00edveis de formalidade e rela\u00e7\u00f5es sociais. Domine <a href=\"https:\/\/talkpal.ai\/grammar\/pronomes-pessoais-in-portuguese-grammar\/\">pronomes pessoais<\/a>, demonstrativos, quantificadores, numerais com classificadores e possess\u00e3o usando \u179a\u1794\u179f\u17cb ou sequ\u00eancias substantivo-substantivo para uma comunica\u00e7\u00e3o clara e apropriada.<\/p>\n\n\n\n<h3 class=\"wp-block-heading\" id=\"h-5-verbs\">5. Verbos:<\/h3>\n\n\n\n<p>Os verbos em khmer n\u00e3o se conjugam para pessoa ou tempo. Aspecto, tempo e modo s\u00e3o mostrados com part\u00edculas e adv\u00e9rbios, como \u1780\u17c6\u1796\u17bb\u1784 progressivo, \u1794\u17b6\u1793 conclu\u00eddo ou passado, \u1793\u17b9\u1784 futuro ou inten\u00e7\u00e3o, \u1791\u17be\u1794 apenas e \u178f\u17c2\u1784 habitual, juntamente com constru\u00e7\u00f5es verbais seriais e uso limitado de c\u00f3pulas como \u1787\u17b6 para classifica\u00e7\u00e3o e \u1793\u17c5 para localiza\u00e7\u00e3o.<\/p>\n\n\n\n<h3 class=\"wp-block-heading\" id=\"h-6-tenses\">6. Tempos:<\/h3>\n\n\n\n<p>Depois de dominar o uso do verbo, explore como o Khmer expressa o tempo sem tempos flexionais. O presente geralmente n\u00e3o \u00e9 marcado, o passado \u00e9 comumente indicado com \u1794\u17b6\u1793 ou express\u00f5es de tempo, e o futuro ou inten\u00e7\u00e3o \u00e9 mostrado com \u1793\u17b9\u1784 ou contexto, com nuances completivas muitas vezes marcadas por \u17a0\u17be\u1799 j\u00e1.<\/p>\n\n\n\n<h3 class=\"wp-block-heading\" id=\"h-7-tense-comparison\">7. Compara\u00e7\u00e3o tensa:<\/h3>\n\n\n\n<p>A compara\u00e7\u00e3o de tempo e aspecto em Khmer se concentra em part\u00edculas e adv\u00e9rbios, em vez de mudan\u00e7as verbais. Usar o mesmo verbo com part\u00edculas como \u1794\u17b6\u1793, \u1793\u17b9\u1784 e \u1780\u17c6\u1796\u17bb\u1784 em v\u00e1rios contextos esclarecer\u00e1 como as sequ\u00eancias de eventos s\u00e3o expressas.<\/p>\n\n\n\n<h3 class=\"wp-block-heading\" id=\"h-8-progressive\">8. Progressiva:<\/h3>\n\n\n\n<p>O progressista em Khmer \u00e9 usado para expressar a\u00e7\u00f5es em andamento. \u00c9 formado pela coloca\u00e7\u00e3o de \u1780\u17c6\u1796\u17bb\u1784 antes do verbo principal, com \u178f\u17c2 opcional para \u00eanfase, e pode ser combinado com express\u00f5es de tempo para maior clareza.<\/p>\n\n\n\n<h3 class=\"wp-block-heading\" id=\"h-9-perfect-progressive\">9. Perfeito Progressivo:<\/h3>\n\n\n\n<p>Isso \u00e9 usado para expressar a\u00e7\u00f5es que est\u00e3o em andamento at\u00e9 um determinado ponto. Em Khmer, a continuidade at\u00e9 agora pode ser mostrada com \u1780\u17c6\u1796\u17bb\u1784 &#8230; \u1798\u1780 ou \u1794\u17b6\u1793 + verbo + \u1798\u1780 junto com frases de dura\u00e7\u00e3o, dependendo do contexto e da \u00eanfase.<\/p>\n\n\n\n<h3 class=\"wp-block-heading\" id=\"h-10-conditionals\">10. Condicionais:<\/h3>\n\n\n\n<p>As condicionais expressam situa\u00e7\u00f5es e resultados hipot\u00e9ticos. O khmer geralmente usa \u1794\u17be ou \u1794\u17d2\u179a\u179f\u17b7\u1793\u1794\u17be para if na cl\u00e1usula de condi\u00e7\u00e3o, com o resultado frequentemente marcado por part\u00edculas como \u1793\u17c4\u17c7 ou modais apropriados para nuances.<\/p>\n\n\n\n<h3 class=\"wp-block-heading\" id=\"h-11-adverbs\">11. Adv\u00e9rbios:<\/h3>\n\n\n\n<p>Os adv\u00e9rbios em Khmer modificam verbos, adjetivos ou outros adv\u00e9rbios e incluem maneira, lugar, tempo e grau. A posi\u00e7\u00e3o \u00e9 flex\u00edvel, com adv\u00e9rbios de tempo geralmente no in\u00edcio, maneira frequentemente ap\u00f3s o verbo e palavras de grau como \u178e\u17b6\u179f\u17cb e \u1794\u1793\u17d2\u178f\u17b7\u1785 moldando a intensidade.<\/p>\n\n\n\n<h3 class=\"wp-block-heading\" id=\"h-12-prepositions\">12. Preposi\u00e7\u00f5es:<\/h3>\n\n\n\n<p>As preposi\u00e7\u00f5es vinculam palavras e frases para mostrar rela\u00e7\u00f5es de tempo, lugar e dire\u00e7\u00e3o. O khmer usa itens como \u1793\u17c5 em ou em, \u1791\u17c5 para, \u1796\u17b8 de e formas relacionais como \u1781\u17b6\u1784\u1780\u17d2\u179a\u17c4\u1799 atr\u00e1s e \u179b\u17be em, muitas vezes em combina\u00e7\u00e3o com substantivos de localiza\u00e7\u00e3o.<\/p>\n\n\n\n<h3 class=\"wp-block-heading\" id=\"h-13-sentences\">13. Senten\u00e7as:<\/h3>\n\n\n\n<p>Por fim, pratique a constru\u00e7\u00e3o de frases. O Khmer tende \u00e0 ordem SVO com estruturas frequentes de t\u00f3picos-coment\u00e1rios. Nega\u00e7\u00e3o mestre com \u1798\u17b7\u1793 &#8230; \u1791\u17c1 no uso padr\u00e3o e formas coloquiais comuns, imperativos com part\u00edculas como \u179f\u17bc\u1798 e a integra\u00e7\u00e3o de todos os pontos gramaticais previamente aprendidos no contexto.<\/p>\n<\/div><\/div>\n\r\n<section class=\"learnNavigationSection\">\r\n            \r\n        <a href=\"https:\/\/talkpal.ai\/pt-pt\/aprender-gales\/\">\r\n            <div class=\"learnNavigationWrapper\">\r\n                <div class=\"learnNavigationContent\">\r\n                    <img decoding=\"async\" src=\"https:\/\/talkpal.ai\/wp-content\/uploads\/2025\/11\/Khmer.png\" alt=\"Cambodian Flag\">\r\n                    <div>\r\n                        <h4>Sobre o Khmer Learning<\/h4>\r\n                        <p>Saiba tudo sobre a gram\u00e1tica Khmer.<\/p>\r\n                    <\/div>\r\n                <\/div>\r\n            <\/div>\r\n        <\/a>\r\n\r\n        \r\n        <a href=\"https:\/\/talkpal.ai\/pt-pt\/gramatica-khmer\/\">\r\n            <div class=\"learnNavigationWrapper\">\r\n                <div class=\"learnNavigationContent\">\r\n                    <img decoding=\"async\" src=\"https:\/\/talkpal.ai\/wp-content\/uploads\/2025\/11\/Khmer.png\" alt=\"Cambodian Flag\">\r\n                    <div>\r\n                        <h4>Aulas de gram\u00e1tica khmer<\/h4>\r\n                        <p>Pratique a gram\u00e1tica Khmer.<\/p>\r\n                    <\/div>\r\n                <\/div>\r\n            <\/div>\r\n        <\/a>\r\n\r\n            <\/section>","protected":false},"excerpt":{"rendered":"<p>T\u00f3picos de gram\u00e1tica khmer Aprender um novo idioma pode ser um empreendimento desafiador, mas gratificante. O Khmer, uma l\u00edngua austro-asi\u00e1tica falada principalmente no Camboja, n\u00e3o \u00e9 exce\u00e7\u00e3o. Com sua estrutura anal\u00edtica e part\u00edculas distintas, aprender Khmer requer uma abordagem sistem\u00e1tica para entender como o significado \u00e9 constru\u00eddo sem inflex\u00e3o. Este guia descreve as principais \u00e1reas [&hellip;]<\/p>\n","protected":false},"author":20,"featured_media":0,"parent":0,"menu_order":0,"comment_status":"closed","ping_status":"closed","template":"LearningContentPage.php","meta":{"_acf_changed":false,"footnotes":""},"class_list":["post-1477906","page","type-page","status-publish","hentry"],"acf":[],"yoast_head":"<!-- This site is optimized with the Yoast SEO Premium plugin v27.2 (Yoast SEO v27.2) - https:\/\/yoast.com\/product\/yoast-seo-premium-wordpress\/ -->\n<title>Exerc\u00edcios de gram\u00e1tica khmer - Talkpal<\/title>\n<meta name=\"description\" content=\"Melhora a tua profici\u00eancia com exerc\u00edcios interactivos de gram\u00e1tica Khmer concebidos para te ajudar a falar e a escrever com confian\u00e7a.\" \/>\n<meta name=\"robots\" content=\"index, follow, max-snippet:-1, max-image-preview:large, max-video-preview:-1\" \/>\n<link rel=\"canonical\" href=\"https:\/\/talkpal.ai\/pt-pt\/exercicios-de-gramatica-khmer\/\" \/>\n<meta property=\"og:locale\" content=\"pt_PT\" \/>\n<meta property=\"og:type\" content=\"article\" \/>\n<meta property=\"og:title\" content=\"Exerc\u00edcios de gram\u00e1tica khmer\" \/>\n<meta property=\"og:description\" content=\"T\u00f3picos de gram\u00e1tica khmer Aprender um novo idioma pode ser um empreendimento desafiador, mas gratificante. O Khmer, uma l\u00edngua austro-asi\u00e1tica falada\" \/>\n<meta property=\"og:url\" content=\"https:\/\/talkpal.ai\/pt-pt\/exercicios-de-gramatica-khmer\/\" \/>\n<meta property=\"og:site_name\" content=\"Talkpal\" \/>\n<meta property=\"article:publisher\" content=\"https:\/\/www.facebook.com\/profile.php?id=100090733639311\" \/>\n<meta property=\"article:modified_time\" content=\"2025-12-30T14:43:19+00:00\" \/>\n<meta property=\"og:image\" content=\"https:\/\/talkpal.ai\/wp-content\/uploads\/2025\/02\/Progress-tab-16_9.png\" \/>\n\t<meta property=\"og:image:width\" content=\"2880\" \/>\n\t<meta property=\"og:image:height\" content=\"1620\" \/>\n\t<meta property=\"og:image:type\" content=\"image\/png\" \/>\n<meta name=\"twitter:card\" content=\"summary_large_image\" \/>\n<meta name=\"twitter:site\" content=\"@talkpalai\" \/>\n<meta name=\"twitter:label1\" content=\"Tempo estimado de leitura\" \/>\n\t<meta name=\"twitter:data1\" content=\"3 minutos\" \/>\n<script type=\"application\/ld+json\" class=\"yoast-schema-graph\">{\"@context\":\"https:\/\/schema.org\",\"@graph\":[{\"@type\":\"WebPage\",\"@id\":\"https:\/\/talkpal.ai\/pt-pt\/exercicios-de-gramatica-khmer\/\",\"url\":\"https:\/\/talkpal.ai\/pt-pt\/exercicios-de-gramatica-khmer\/\",\"name\":\"Exerc\u00edcios de gram\u00e1tica khmer - Talkpal\",\"isPartOf\":{\"@id\":\"https:\/\/talkpal.ai\/pt-pt\/#website\"},\"datePublished\":\"2025-11-12T11:25:18+00:00\",\"dateModified\":\"2025-12-30T14:43:19+00:00\",\"description\":\"Melhora a tua profici\u00eancia com exerc\u00edcios interactivos de gram\u00e1tica Khmer concebidos para te ajudar a falar e a escrever com confian\u00e7a.\",\"breadcrumb\":{\"@id\":\"https:\/\/talkpal.ai\/pt-pt\/exercicios-de-gramatica-khmer\/#breadcrumb\"},\"inLanguage\":\"pt-PT\",\"potentialAction\":[{\"@type\":\"ReadAction\",\"target\":[\"https:\/\/talkpal.ai\/pt-pt\/exercicios-de-gramatica-khmer\/\"]}]},{\"@type\":\"BreadcrumbList\",\"@id\":\"https:\/\/talkpal.ai\/pt-pt\/exercicios-de-gramatica-khmer\/#breadcrumb\",\"itemListElement\":[{\"@type\":\"ListItem\",\"position\":1,\"name\":\"Homepage\",\"item\":\"https:\/\/talkpal.ai\/pt-pt\/\"},{\"@type\":\"ListItem\",\"position\":2,\"name\":\"Exerc\u00edcios de gram\u00e1tica khmer\"}]},{\"@type\":\"WebSite\",\"@id\":\"https:\/\/talkpal.ai\/pt-pt\/#website\",\"url\":\"https:\/\/talkpal.ai\/pt-pt\/\",\"name\":\"Talkpal\",\"description\":\"AI Language Learning\",\"publisher\":{\"@id\":\"https:\/\/talkpal.ai\/pt-pt\/#organization\"},\"alternateName\":\"Talkpal AI\",\"potentialAction\":[{\"@type\":\"SearchAction\",\"target\":{\"@type\":\"EntryPoint\",\"urlTemplate\":\"https:\/\/talkpal.ai\/pt-pt\/?s={search_term_string}\"},\"query-input\":{\"@type\":\"PropertyValueSpecification\",\"valueRequired\":true,\"valueName\":\"search_term_string\"}}],\"inLanguage\":\"pt-PT\"},{\"@type\":\"Organization\",\"@id\":\"https:\/\/talkpal.ai\/pt-pt\/#organization\",\"name\":\"Talkpal, Inc.\",\"alternateName\":\"Talkpal AI\",\"url\":\"https:\/\/talkpal.ai\/pt-pt\/\",\"logo\":{\"@type\":\"ImageObject\",\"inLanguage\":\"pt-PT\",\"@id\":\"https:\/\/talkpal.ai\/pt-pt\/#\/schema\/logo\/image\/\",\"url\":\"https:\/\/talkpal.ai\/wp-content\/uploads\/2024\/03\/Talkpal-Logo-Icon.png\",\"contentUrl\":\"https:\/\/talkpal.ai\/wp-content\/uploads\/2024\/03\/Talkpal-Logo-Icon.png\",\"width\":2880,\"height\":2880,\"caption\":\"Talkpal, Inc.\"},\"image\":{\"@id\":\"https:\/\/talkpal.ai\/pt-pt\/#\/schema\/logo\/image\/\"},\"sameAs\":[\"https:\/\/www.facebook.com\/profile.php?id=100090733639311\",\"https:\/\/x.com\/talkpalai\",\"https:\/\/www.linkedin.com\/company\/talkpal\/\",\"https:\/\/www.youtube.com\/@TalkPal\/\",\"https:\/\/www.tiktok.com\/@talkpal\",\"https:\/\/www.instagram.com\/talkpal_ai\/\",\"https:\/\/www.crunchbase.com\/organization\/talkpal-9cde\",\"https:\/\/www.g2.com\/products\/talkpal-for-business\/\",\"https:\/\/www.trustpilot.com\/review\/talkpal.ai\",\"https:\/\/www.capterra.com\/p\/10006800\/TalkPal\/\"],\"description\":\"Talkpal is a language learning web and mobile education app, powered by the latest AI technologies, that provides engaging experiences to its customers in many different languages to help them improve their language skills. Users can chat about unlimited amount of topics with the app and use other modes to practice their language learning.\",\"email\":\"support@talkpal.ai\",\"legalName\":\"Talkpal, Inc.\",\"foundingDate\":\"2023-04-03\",\"duns\":\"118989042\",\"numberOfEmployees\":{\"@type\":\"QuantitativeValue\",\"minValue\":\"11\",\"maxValue\":\"50\"},\"publishingPrinciples\":\"https:\/\/talkpal.ai\/publishing-principles\/\",\"actionableFeedbackPolicy\":\"https:\/\/talkpal.ai\/actionable-feedback-policy\/\",\"correctionsPolicy\":\"https:\/\/talkpal.ai\/corrections-policy\/\",\"ethicsPolicy\":\"https:\/\/talkpal.ai\/ethics-policy\/\",\"diversityPolicy\":\"https:\/\/talkpal.ai\/diversity-policy\/\",\"diversityStaffingReport\":\"https:\/\/talkpal.ai\/diversity-policy\/\"}]}<\/script>\n<!-- \/ Yoast SEO Premium plugin. -->","yoast_head_json":{"title":"Exerc\u00edcios de gram\u00e1tica khmer - Talkpal","description":"Melhora a tua profici\u00eancia com exerc\u00edcios interactivos de gram\u00e1tica Khmer concebidos para te ajudar a falar e a escrever com confian\u00e7a.","robots":{"index":"index","follow":"follow","max-snippet":"max-snippet:-1","max-image-preview":"max-image-preview:large","max-video-preview":"max-video-preview:-1"},"canonical":"https:\/\/talkpal.ai\/pt-pt\/exercicios-de-gramatica-khmer\/","og_locale":"pt_PT","og_type":"article","og_title":"Exerc\u00edcios de gram\u00e1tica khmer","og_description":"T\u00f3picos de gram\u00e1tica khmer Aprender um novo idioma pode ser um empreendimento desafiador, mas gratificante. O Khmer, uma l\u00edngua austro-asi\u00e1tica falada","og_url":"https:\/\/talkpal.ai\/pt-pt\/exercicios-de-gramatica-khmer\/","og_site_name":"Talkpal","article_publisher":"https:\/\/www.facebook.com\/profile.php?id=100090733639311","article_modified_time":"2025-12-30T14:43:19+00:00","og_image":[{"width":2880,"height":1620,"url":"https:\/\/talkpal.ai\/wp-content\/uploads\/2025\/02\/Progress-tab-16_9.png","type":"image\/png"}],"twitter_card":"summary_large_image","twitter_site":"@talkpalai","twitter_misc":{"Tempo estimado de leitura":"3 minutos"},"schema":{"@context":"https:\/\/schema.org","@graph":[{"@type":"WebPage","@id":"https:\/\/talkpal.ai\/pt-pt\/exercicios-de-gramatica-khmer\/","url":"https:\/\/talkpal.ai\/pt-pt\/exercicios-de-gramatica-khmer\/","name":"Exerc\u00edcios de gram\u00e1tica khmer - Talkpal","isPartOf":{"@id":"https:\/\/talkpal.ai\/pt-pt\/#website"},"datePublished":"2025-11-12T11:25:18+00:00","dateModified":"2025-12-30T14:43:19+00:00","description":"Melhora a tua profici\u00eancia com exerc\u00edcios interactivos de gram\u00e1tica Khmer concebidos para te ajudar a falar e a escrever com confian\u00e7a.","breadcrumb":{"@id":"https:\/\/talkpal.ai\/pt-pt\/exercicios-de-gramatica-khmer\/#breadcrumb"},"inLanguage":"pt-PT","potentialAction":[{"@type":"ReadAction","target":["https:\/\/talkpal.ai\/pt-pt\/exercicios-de-gramatica-khmer\/"]}]},{"@type":"BreadcrumbList","@id":"https:\/\/talkpal.ai\/pt-pt\/exercicios-de-gramatica-khmer\/#breadcrumb","itemListElement":[{"@type":"ListItem","position":1,"name":"Homepage","item":"https:\/\/talkpal.ai\/pt-pt\/"},{"@type":"ListItem","position":2,"name":"Exerc\u00edcios de gram\u00e1tica khmer"}]},{"@type":"WebSite","@id":"https:\/\/talkpal.ai\/pt-pt\/#website","url":"https:\/\/talkpal.ai\/pt-pt\/","name":"Talkpal","description":"AI Language Learning","publisher":{"@id":"https:\/\/talkpal.ai\/pt-pt\/#organization"},"alternateName":"Talkpal AI","potentialAction":[{"@type":"SearchAction","target":{"@type":"EntryPoint","urlTemplate":"https:\/\/talkpal.ai\/pt-pt\/?s={search_term_string}"},"query-input":{"@type":"PropertyValueSpecification","valueRequired":true,"valueName":"search_term_string"}}],"inLanguage":"pt-PT"},{"@type":"Organization","@id":"https:\/\/talkpal.ai\/pt-pt\/#organization","name":"Talkpal, Inc.","alternateName":"Talkpal AI","url":"https:\/\/talkpal.ai\/pt-pt\/","logo":{"@type":"ImageObject","inLanguage":"pt-PT","@id":"https:\/\/talkpal.ai\/pt-pt\/#\/schema\/logo\/image\/","url":"https:\/\/talkpal.ai\/wp-content\/uploads\/2024\/03\/Talkpal-Logo-Icon.png","contentUrl":"https:\/\/talkpal.ai\/wp-content\/uploads\/2024\/03\/Talkpal-Logo-Icon.png","width":2880,"height":2880,"caption":"Talkpal, Inc."},"image":{"@id":"https:\/\/talkpal.ai\/pt-pt\/#\/schema\/logo\/image\/"},"sameAs":["https:\/\/www.facebook.com\/profile.php?id=100090733639311","https:\/\/x.com\/talkpalai","https:\/\/www.linkedin.com\/company\/talkpal\/","https:\/\/www.youtube.com\/@TalkPal\/","https:\/\/www.tiktok.com\/@talkpal","https:\/\/www.instagram.com\/talkpal_ai\/","https:\/\/www.crunchbase.com\/organization\/talkpal-9cde","https:\/\/www.g2.com\/products\/talkpal-for-business\/","https:\/\/www.trustpilot.com\/review\/talkpal.ai","https:\/\/www.capterra.com\/p\/10006800\/TalkPal\/"],"description":"Talkpal is a language learning web and mobile education app, powered by the latest AI technologies, that provides engaging experiences to its customers in many different languages to help them improve their language skills. Users can chat about unlimited amount of topics with the app and use other modes to practice their language learning.","email":"support@talkpal.ai","legalName":"Talkpal, Inc.","foundingDate":"2023-04-03","duns":"118989042","numberOfEmployees":{"@type":"QuantitativeValue","minValue":"11","maxValue":"50"},"publishingPrinciples":"https:\/\/talkpal.ai\/publishing-principles\/","actionableFeedbackPolicy":"https:\/\/talkpal.ai\/actionable-feedback-policy\/","correctionsPolicy":"https:\/\/talkpal.ai\/corrections-policy\/","ethicsPolicy":"https:\/\/talkpal.ai\/ethics-policy\/","diversityPolicy":"https:\/\/talkpal.ai\/diversity-policy\/","diversityStaffingReport":"https:\/\/talkpal.ai\/diversity-policy\/"}]}},"_links":{"self":[{"href":"https:\/\/talkpal.ai\/pt-pt\/wp-json\/wp\/v2\/pages\/1477906","targetHints":{"allow":["GET"]}}],"collection":[{"href":"https:\/\/talkpal.ai\/pt-pt\/wp-json\/wp\/v2\/pages"}],"about":[{"href":"https:\/\/talkpal.ai\/pt-pt\/wp-json\/wp\/v2\/types\/page"}],"author":[{"embeddable":true,"href":"https:\/\/talkpal.ai\/pt-pt\/wp-json\/wp\/v2\/users\/20"}],"replies":[{"embeddable":true,"href":"https:\/\/talkpal.ai\/pt-pt\/wp-json\/wp\/v2\/comments?post=1477906"}],"version-history":[{"count":0,"href":"https:\/\/talkpal.ai\/pt-pt\/wp-json\/wp\/v2\/pages\/1477906\/revisions"}],"wp:attachment":[{"href":"https:\/\/talkpal.ai\/pt-pt\/wp-json\/wp\/v2\/media?parent=1477906"}],"curies":[{"name":"wp","href":"https:\/\/api.w.org\/{rel}","templated":true}]}}