{"id":147104,"date":"2023-05-14T14:11:47","date_gmt":"2023-05-14T14:11:47","guid":{"rendered":"http:\/\/talkpal.ai\/gramatica-malaia\/"},"modified":"2025-12-17T16:40:30","modified_gmt":"2025-12-17T16:40:30","slug":"gramatica-malaia","status":"publish","type":"page","link":"https:\/\/talkpal.ai\/pt-pt\/gramatica-malaia\/","title":{"rendered":"Gram\u00e1tica Malaia"},"content":{"rendered":"\r\n\r\n\r\n<section class=\"languageChallengeSection\">\r\n    <div class=\"languageInfoWrapper\">\r\n        \r\n        <h1>Gram\u00e1tica Malaia<\/h1>\r\n        <p>Tens curiosidade em <a href=\"https:\/\/talkpal.ai\/pt-pt\/aprender-malaio\/\">aprender malaio<\/a>? Mergulha na <a href=\"https:\/\/talkpal.ai\/pt-pt\/o-que-ha-de-especial-na-gramatica-malaia\/\">gram\u00e1tica malaia<\/a>, conhecida pelas suas regras simples, pela falta de conjuga\u00e7\u00e3o de verbos e pela utiliza\u00e7\u00e3o de afixos para criar significado. Come\u00e7a hoje mesmo &#8211; dominar a <a href=\"https:\/\/talkpal.ai\/pt-pt\/o-que-ha-de-especial-na-gramatica-malaia\/\">gram\u00e1tica malaia<\/a> vai dar-te a confian\u00e7a necess\u00e1ria para comunicares facilmente e abrir portas \u00e0s diversas e din\u00e2micas culturas do Sudeste Asi\u00e1tico!<\/p>\r\n\r\n                            <a class=\"getStartedHidden\" href=\"https:\/\/app.talkpal.ai\/pt-pt\/signup?lng=\">Come\u00e7a<\/a>\r\n        \r\n    <\/div>\r\n\r\n    <figure>\r\n    <img decoding=\"async\" width=\"768\" height=\"768\" src=\"https:\/\/talkpal.ai\/wp-content\/uploads\/2023\/06\/malay-768x768.png\" class=\"languageImage no-lazy\" alt=\"Default alt text\" fetchpriority=\"high\" sizes=\"(max-width: 768px) 150px, 768px\" srcset=\"https:\/\/talkpal.ai\/wp-content\/uploads\/2023\/06\/malay-768x768.png 768w, https:\/\/talkpal.ai\/wp-content\/uploads\/2023\/06\/malay-300x300.png 300w\" \/>\r\n    \r\n\r\n    <\/figure>\r\n\r\n            <a class=\"getStartedVisible\" href=\"https:\/\/app.talkpal.ai\/pt-pt\/signup?lng=\">Come\u00e7a<\/a>\r\n    \r\n<\/section>\r\n        <section class=\"grammarSection\">\r\n            <div class=\"grammarLinks\">\r\n                <a href=\"https:\/\/talkpal.ai\/pt-pt\/language\/adjetivos-gramatica-malaia\/\">Adjetivos <\/a><a href=\"https:\/\/talkpal.ai\/pt-pt\/language\/adverbios-gramatica-malaia\/\">Adv\u00e9rbios <\/a><a href=\"https:\/\/talkpal.ai\/pt-pt\/language\/artigos-gramatica-malaia\/\">Artigos <\/a><a href=\"https:\/\/talkpal.ai\/pt-pt\/language\/comparacao-de-tempos-gramatica-malaia\/\">Compara\u00e7\u00e3o de tempos <\/a><a href=\"https:\/\/talkpal.ai\/pt-pt\/language\/condicionais-gramatica-malaia\/\">Condicionais <\/a><a href=\"https:\/\/talkpal.ai\/pt-pt\/language\/frases-gramatica-malaia\/\">Frases <\/a><a href=\"https:\/\/talkpal.ai\/pt-pt\/language\/preposicoes-gramatica-malaia\/\">Preposi\u00e7\u00f5es <\/a><a href=\"https:\/\/talkpal.ai\/pt-pt\/language\/progressivo-gramatica-malaia\/\">Progressivo <\/a><a href=\"https:\/\/talkpal.ai\/pt-pt\/language\/progressivo-perfeito-gramatica-malaia\/\">Progressivo Perfeito <\/a><a href=\"https:\/\/talkpal.ai\/pt-pt\/language\/pronomes-determinantes-gramatica-malaia\/\">Pronomes\/Determinantes <\/a><a href=\"https:\/\/talkpal.ai\/pt-pt\/language\/substantivos-gramatica-malaia\/\">Substantivos <\/a><a href=\"https:\/\/talkpal.ai\/pt-pt\/language\/tempos-gramatica-malaia\/\">Tempos <\/a><a href=\"https:\/\/talkpal.ai\/pt-pt\/language\/verbos-gramatica-malaia\/\">Verbos <\/a>            <\/div>\r\n        <\/section>\r\n    <section class=\"promotionalBanner\">\r\n    <p class=\"promotionalText\">A maneira mais eficiente de aprender um idioma<\/p>\r\n    <a class=\"promotionalLink\" href=\"https:\/\/app.talkpal.ai\/pt-pt\/signup?lng=\">Experimente o Talkpal gratuitamente<\/a>\r\n<\/section>\n<div class=\"wp-block-group pageContainerStyle\"><div class=\"wp-block-group__inner-container is-layout-constrained wp-block-group-is-layout-constrained\">\n<h2 class=\"wp-block-heading\" id=\"h-malay-grammar-exploring-the-richness-of-bahasa-melayu\">Gram\u00e1tica Malaia: Explorando a Riqueza de Bahasa Melayu<\/h2>\n\n\n\n<p>A l\u00edngua malaia, ou <a href=\"https:\/\/talkpal.ai\/ms\/belajar-bahasa-melayu\/\">Bahasa Melayu<\/a>, \u00e9 uma das <a href=\"https:\/\/talkpal.ai\/the-10-most-spoken-languages-in-the-world\/\">l\u00ednguas mais faladas<\/a> do mundo, unindo os diversos povos da Mal\u00e1sia, Indon\u00e9sia, Brunei e Singapura. Quando come\u00e7ares a aprender malaio, vais descobrir rapidamente a beleza da sua gram\u00e1tica e a sua paisagem lingu\u00edstica em expans\u00e3o. Este artigo tem <a href=\"https:\/\/talkpal.ai\/locations\/language-courses-in-como\/\">como<\/a> objetivo apresent\u00e1-lo aos princ\u00edpios fundamentais da gram\u00e1tica malaia, orientando-o a compreender e apreciar <a href=\"https:\/\/talkpal.ai\/es\/la-mejor-aplicacion-de-conversacion-con-ia\/\">melhor<\/a> esta linguagem vers\u00e1til.<\/p>\n\n\n\n<h3 class=\"wp-block-heading\" id=\"h-1-nouns-simplicity-rules\">1. Substantivos \u2013 Regras de Simplicidade<\/h3>\n\n\n\n<p><a href=\"https:\/\/talkpal.ai\/culture\/how-do-you-use-the-phrase-ao-contrario-de\/\">Ao contr\u00e1rio<\/a> de outras l\u00ednguas, a gram\u00e1tica malaia n\u00e3o apresenta declina\u00e7\u00f5es ou classifica\u00e7\u00f5es de g\u00e9nero para os seus substantivos. Em vez disso, o uso do substantivo coloca uma forte \u00eanfase na simplicidade. Formas plurais de substantivos s\u00e3o criadas simplesmente duplicando-os. Parece f\u00e1cil, certo? Por exemplo, \u201cma\u00e7\u00e3\u201d \u00e9 \u201cbuah epal\u201d, por isso \u201cma\u00e7\u00e3s\u201d torna-se \u201cbuah-buah epal\u201d. Voc\u00ea pode soltar a duplica\u00e7\u00e3o no discurso informal.<\/p>\n\n\n\n<h3 class=\"wp-block-heading\" id=\"h-2-adjectives-straightforward-descriptions\">2. Adjetivos \u2013 Descri\u00e7\u00f5es diretas<\/h3>\n\n\n\n<p>Os adjectivos malaios permanecem inalterados independentemente do substantivo que descrevem, o que os torna incrivelmente f\u00e1ceis de usar &#8211; mais uma <a href=\"https:\/\/talkpal.ai\/ko\/ai-%ec%96%b8%ec%96%b4-%ea%b5%90%ec%82%ac\/\">prova<\/a> da simplicidade da l\u00edngua. A coloca\u00e7\u00e3o adjetiva vem depois do substantivo, criando um fluxo agrad\u00e1vel nas frases. Por exemplo, \u201cuma casa grande\u201d \u00e9 \u201crumah besar\u201d, com \u201crumah\u201d a referir-se a \u201ccasa\u201d e \u201cbesar\u201d a significar \u201cgrande\u201d.<\/p>\n\n\n\n<h3 class=\"wp-block-heading\" id=\"h-3-verbs-the-magic-of-prefixes-and-suffixes\">3. Verbos \u2013 A Magia dos Prefixos e Sufixos<\/h3>\n\n\n\n<p>Os verbos malaios t\u00eam uma versatilidade que \u00e9 ao mesmo tempo excitante e simples. Em Bahasa Melayu, os tempos verbais n\u00e3o s\u00e3o explicitamente transmitidos atrav\u00e9s das formas verbais; em vez disso, s\u00e3o indicados atrav\u00e9s do contexto ou de marcadores temporais. Al\u00e9m disso, o malaio faz uso extensivo de prefixos e sufixos para expressar diferentes aspectos verbais.<\/p>\n\n\n\n<p>Existem tr\u00eas prefixos principais: \u201cmeN-\u201d, \u201cber-\u201d e \u201cter-\u201d. O prefixo \u201cmeN-\u201d tem uma vasta gama de utiliza\u00e7\u00f5es, incluindo a forma\u00e7\u00e3o de verbos activos e a indica\u00e7\u00e3o de ac\u00e7\u00f5es causais. Entretanto, \u201cber-\u201d significa ac\u00e7\u00f5es intransitivas, e \u201cter-\u201d indica ocorr\u00eancias acidentais ou ac\u00e7\u00f5es passivas. \u00c9 importante notar que cada prefixo pode provocar ligeiras altera\u00e7\u00f5es ortogr\u00e1ficas no verbo base.<\/p>\n\n\n\n<p>Os sufixos, como \u201c-kan\u201d e \u201c-i\u201d, ajudam a dar mais especificidade, enquanto o infixo \u201c-el-\u201d injeta intensidade ao verbo base.<\/p>\n\n\n\n<h3 class=\"wp-block-heading\" id=\"h-4-prepositions-amp-particles-adding-flavor-to-sentences\">4. Preposi\u00e7\u00f5es e part\u00edculas \u2013 adicionando sabor \u00e0s frases<\/h3>\n\n\n\n<p>Preposi\u00e7\u00f5es e part\u00edculas desempenham um papel vital na gram\u00e1tica malaia, atuando como cola lingu\u00edstica e fornecendo contexto essencial. As preposi\u00e7\u00f5es, como \u201cdi\u201d (em), \u201cke\u201d (para) e \u201cdari\u201d (de), ajudam a estabelecer rela\u00e7\u00f5es entre as palavras. Por outro lado, as part\u00edculas, como \u201clah\u201d, \u201ckah\u201d e \u201cpun\u201d, s\u00e3o usadas para dar \u00eanfase, emo\u00e7\u00e3o e pontos de interroga\u00e7\u00e3o \u00e0s frases.<\/p>\n\n\n\n<p>Por exemplo, a frase \u201cKamu pergi sana\u201d, que significa \u201cTu vais l\u00e1\u201d, torna-se mais enf\u00e1tica se acrescentares \u201clah\u201d no fim: \u201cKamu pergi sana lah.\u201d Agora significa \u201cVais l\u00e1 (agora mesmo)\u201d.<\/p>\n\n\n\n<h3 class=\"wp-block-heading\" id=\"h-5-embracing-the-journey\">5. Abra\u00e7ando a Jornada<\/h3>\n\n\n\n<p>Embora a gram\u00e1tica malaia possa parecer simples em compara\u00e7\u00e3o com outras l\u00ednguas, sua beleza est\u00e1 na riqueza e variedade de express\u00f5es alcan\u00e7adas atrav\u00e9s de regras simples. A facilidade de aprender a gram\u00e1tica malaia permitir\u00e1 que voc\u00ea se envolva com o mundo de l\u00edngua malaia diversificado de forma mais eficaz e mergulhe em sua cultura \u00fanica.<\/p>\n\n\n\n<p>Antes de mergulhar de cabe\u00e7a no mundo de Bahasa Melayu, lembre-se de que a viagem nem sempre pode ser tranquila. Mantenha a mente aberta, envolva-se com falantes nativos e, o mais importante, aprecie a experi\u00eancia de descobrir as nuances dentro desta bela l\u00edngua. Selamat belajar\u2013 feliz aprendizado!<\/p>\n<\/div><\/div>\n\r\n<section class=\"learnNavigationSection\">\r\n            \r\n        <a href=\"https:\/\/talkpal.ai\/pt-pt\/aprender-malaio\/\">\r\n            <div class=\"learnNavigationWrapper\">\r\n                <div class=\"learnNavigationContent\">\r\n                    <img decoding=\"async\" src=\"https:\/\/talkpal.ai\/wp-content\/uploads\/2024\/08\/Malay.jpg\" alt=\"Malaysian Flag\">\r\n                    <div>\r\n                        <h4>Acerca da aprendizagem malaia<\/h4>\r\n                        <p>Descobre tudo sobre a gram\u00e1tica malaia.<\/p>\r\n                    <\/div>\r\n                <\/div>\r\n            <\/div>\r\n        <\/a>\r\n\r\n        \r\n        <a href=\"https:\/\/talkpal.ai\/pt-pt\/exercicios-de-gramatica-malaia\/\">\r\n            <div class=\"learnNavigationWrapper\">\r\n                <div class=\"learnNavigationContent\">\r\n                    <img decoding=\"async\" src=\"https:\/\/talkpal.ai\/wp-content\/uploads\/2024\/08\/Malay.jpg\" alt=\"Malaysian Flag\">\r\n                    <div>\r\n                        <h4>Exerc\u00edcio de gram\u00e1tica malaia<\/h4>\r\n                        <p>Pratica a gram\u00e1tica malaia<\/p>\r\n                    <\/div>\r\n                <\/div>\r\n            <\/div>\r\n        <\/a>\r\n\r\n        \r\n        <a href=\"https:\/\/talkpal.ai\/vocabulary_language\/malay\/\">\r\n            <div class=\"learnNavigationWrapper\">\r\n                <div class=\"learnNavigationContent\">\r\n                    <img decoding=\"async\" src=\"https:\/\/talkpal.ai\/wp-content\/uploads\/2024\/08\/Malay.jpg\" alt=\"Malaysian Flag\">\r\n                    <div>\r\n                        <h4>Vocabul\u00e1rio malaio<\/h4>\r\n                        <p>Amplia o teu vocabul\u00e1rio malaio.<\/p>\r\n                    <\/div>\r\n                <\/div>\r\n            <\/div>\r\n        <\/a>\r\n\r\n            <\/section>","protected":false},"excerpt":{"rendered":"<p>Gram\u00e1tica Malaia: Explorando a Riqueza de Bahasa Melayu A l\u00edngua malaia, ou Bahasa Melayu, \u00e9 uma das l\u00ednguas mais faladas do mundo, unindo os diversos povos da Mal\u00e1sia, Indon\u00e9sia, Brunei e Singapura. Quando come\u00e7ares a aprender malaio, vais descobrir rapidamente a beleza da sua gram\u00e1tica e a sua paisagem lingu\u00edstica em expans\u00e3o. Este artigo tem [&hellip;]<\/p>\n","protected":false},"author":1,"featured_media":28482,"parent":0,"menu_order":0,"comment_status":"closed","ping_status":"closed","template":"LearningContentPage.php","meta":{"_acf_changed":false,"footnotes":""},"class_list":["post-147104","page","type-page","status-publish","has-post-thumbnail","hentry"],"acf":[],"yoast_head":"<!-- This site is optimized with the Yoast SEO Premium plugin v27.2 (Yoast SEO v27.2) - https:\/\/yoast.com\/product\/yoast-seo-premium-wordpress\/ -->\n<title>Gram\u00e1tica Malaia - Talkpal<\/title>\n<meta name=\"description\" content=\"Explora a gram\u00e1tica malaia e aprende como a sua simplicidade pode melhorar a tua compreens\u00e3o da l\u00edngua malaia.\" \/>\n<meta name=\"robots\" content=\"index, follow, max-snippet:-1, max-image-preview:large, max-video-preview:-1\" \/>\n<link rel=\"canonical\" href=\"https:\/\/talkpal.ai\/pt-pt\/gramatica-malaia\/\" \/>\n<meta property=\"og:locale\" content=\"pt_PT\" \/>\n<meta property=\"og:type\" content=\"article\" \/>\n<meta property=\"og:title\" content=\"Gram\u00e1tica Malaia\" \/>\n<meta property=\"og:description\" content=\"Gram\u00e1tica Malaia: Explorando a Riqueza de Bahasa Melayu A l\u00edngua malaia, ou Bahasa Melayu, \u00e9 uma das l\u00ednguas mais faladas do mundo, unindo os diversos\" \/>\n<meta property=\"og:url\" content=\"https:\/\/talkpal.ai\/pt-pt\/gramatica-malaia\/\" \/>\n<meta property=\"og:site_name\" content=\"Talkpal\" \/>\n<meta property=\"article:publisher\" content=\"https:\/\/www.facebook.com\/profile.php?id=100090733639311\" \/>\n<meta property=\"article:modified_time\" content=\"2025-12-17T16:40:30+00:00\" \/>\n<meta property=\"og:image\" content=\"https:\/\/talkpal.ai\/wp-content\/uploads\/2023\/05\/malaysia.png\" \/>\n\t<meta property=\"og:image:width\" content=\"512\" \/>\n\t<meta property=\"og:image:height\" content=\"512\" \/>\n\t<meta property=\"og:image:type\" content=\"image\/png\" \/>\n<meta name=\"twitter:card\" content=\"summary_large_image\" \/>\n<meta name=\"twitter:site\" content=\"@talkpalai\" \/>\n<meta name=\"twitter:label1\" content=\"Tempo estimado de leitura\" \/>\n\t<meta name=\"twitter:data1\" content=\"3 minutos\" \/>\n<script type=\"application\/ld+json\" class=\"yoast-schema-graph\">{\"@context\":\"https:\/\/schema.org\",\"@graph\":[{\"@type\":\"WebPage\",\"@id\":\"https:\/\/talkpal.ai\/pt-pt\/gramatica-malaia\/\",\"url\":\"https:\/\/talkpal.ai\/pt-pt\/gramatica-malaia\/\",\"name\":\"Gram\u00e1tica Malaia - Talkpal\",\"isPartOf\":{\"@id\":\"https:\/\/talkpal.ai\/pt-pt\/#website\"},\"primaryImageOfPage\":{\"@id\":\"https:\/\/talkpal.ai\/pt-pt\/gramatica-malaia\/#primaryimage\"},\"image\":{\"@id\":\"https:\/\/talkpal.ai\/pt-pt\/gramatica-malaia\/#primaryimage\"},\"thumbnailUrl\":\"https:\/\/talkpal.ai\/wp-content\/uploads\/2023\/05\/malaysia.png\",\"datePublished\":\"2023-05-14T14:11:47+00:00\",\"dateModified\":\"2025-12-17T16:40:30+00:00\",\"description\":\"Explora a gram\u00e1tica malaia e aprende como a sua simplicidade pode melhorar a tua compreens\u00e3o da l\u00edngua malaia.\",\"breadcrumb\":{\"@id\":\"https:\/\/talkpal.ai\/pt-pt\/gramatica-malaia\/#breadcrumb\"},\"inLanguage\":\"pt-PT\",\"potentialAction\":[{\"@type\":\"ReadAction\",\"target\":[\"https:\/\/talkpal.ai\/pt-pt\/gramatica-malaia\/\"]}]},{\"@type\":\"ImageObject\",\"inLanguage\":\"pt-PT\",\"@id\":\"https:\/\/talkpal.ai\/pt-pt\/gramatica-malaia\/#primaryimage\",\"url\":\"https:\/\/talkpal.ai\/wp-content\/uploads\/2023\/05\/malaysia.png\",\"contentUrl\":\"https:\/\/talkpal.ai\/wp-content\/uploads\/2023\/05\/malaysia.png\",\"width\":512,\"height\":512},{\"@type\":\"BreadcrumbList\",\"@id\":\"https:\/\/talkpal.ai\/pt-pt\/gramatica-malaia\/#breadcrumb\",\"itemListElement\":[{\"@type\":\"ListItem\",\"position\":1,\"name\":\"Homepage\",\"item\":\"https:\/\/talkpal.ai\/pt-pt\/\"},{\"@type\":\"ListItem\",\"position\":2,\"name\":\"Gram\u00e1tica Malaia\"}]},{\"@type\":\"WebSite\",\"@id\":\"https:\/\/talkpal.ai\/pt-pt\/#website\",\"url\":\"https:\/\/talkpal.ai\/pt-pt\/\",\"name\":\"Talkpal\",\"description\":\"AI Language Learning\",\"publisher\":{\"@id\":\"https:\/\/talkpal.ai\/pt-pt\/#organization\"},\"alternateName\":\"Talkpal AI\",\"potentialAction\":[{\"@type\":\"SearchAction\",\"target\":{\"@type\":\"EntryPoint\",\"urlTemplate\":\"https:\/\/talkpal.ai\/pt-pt\/?s={search_term_string}\"},\"query-input\":{\"@type\":\"PropertyValueSpecification\",\"valueRequired\":true,\"valueName\":\"search_term_string\"}}],\"inLanguage\":\"pt-PT\"},{\"@type\":\"Organization\",\"@id\":\"https:\/\/talkpal.ai\/pt-pt\/#organization\",\"name\":\"Talkpal, Inc.\",\"alternateName\":\"Talkpal AI\",\"url\":\"https:\/\/talkpal.ai\/pt-pt\/\",\"logo\":{\"@type\":\"ImageObject\",\"inLanguage\":\"pt-PT\",\"@id\":\"https:\/\/talkpal.ai\/pt-pt\/#\/schema\/logo\/image\/\",\"url\":\"https:\/\/talkpal.ai\/wp-content\/uploads\/2024\/03\/Talkpal-Logo-Icon.png\",\"contentUrl\":\"https:\/\/talkpal.ai\/wp-content\/uploads\/2024\/03\/Talkpal-Logo-Icon.png\",\"width\":2880,\"height\":2880,\"caption\":\"Talkpal, Inc.\"},\"image\":{\"@id\":\"https:\/\/talkpal.ai\/pt-pt\/#\/schema\/logo\/image\/\"},\"sameAs\":[\"https:\/\/www.facebook.com\/profile.php?id=100090733639311\",\"https:\/\/x.com\/talkpalai\",\"https:\/\/www.linkedin.com\/company\/talkpal\/\",\"https:\/\/www.youtube.com\/@TalkPal\/\",\"https:\/\/www.tiktok.com\/@talkpal\",\"https:\/\/www.instagram.com\/talkpal_ai\/\",\"https:\/\/www.crunchbase.com\/organization\/talkpal-9cde\",\"https:\/\/www.g2.com\/products\/talkpal-for-business\/\",\"https:\/\/www.trustpilot.com\/review\/talkpal.ai\",\"https:\/\/www.capterra.com\/p\/10006800\/TalkPal\/\"],\"description\":\"Talkpal is a language learning web and mobile education app, powered by the latest AI technologies, that provides engaging experiences to its customers in many different languages to help them improve their language skills. Users can chat about unlimited amount of topics with the app and use other modes to practice their language learning.\",\"email\":\"support@talkpal.ai\",\"legalName\":\"Talkpal, Inc.\",\"foundingDate\":\"2023-04-03\",\"duns\":\"118989042\",\"numberOfEmployees\":{\"@type\":\"QuantitativeValue\",\"minValue\":\"11\",\"maxValue\":\"50\"},\"publishingPrinciples\":\"https:\/\/talkpal.ai\/publishing-principles\/\",\"actionableFeedbackPolicy\":\"https:\/\/talkpal.ai\/actionable-feedback-policy\/\",\"correctionsPolicy\":\"https:\/\/talkpal.ai\/corrections-policy\/\",\"ethicsPolicy\":\"https:\/\/talkpal.ai\/ethics-policy\/\",\"diversityPolicy\":\"https:\/\/talkpal.ai\/diversity-policy\/\",\"diversityStaffingReport\":\"https:\/\/talkpal.ai\/diversity-policy\/\"}]}<\/script>\n<!-- \/ Yoast SEO Premium plugin. -->","yoast_head_json":{"title":"Gram\u00e1tica Malaia - Talkpal","description":"Explora a gram\u00e1tica malaia e aprende como a sua simplicidade pode melhorar a tua compreens\u00e3o da l\u00edngua malaia.","robots":{"index":"index","follow":"follow","max-snippet":"max-snippet:-1","max-image-preview":"max-image-preview:large","max-video-preview":"max-video-preview:-1"},"canonical":"https:\/\/talkpal.ai\/pt-pt\/gramatica-malaia\/","og_locale":"pt_PT","og_type":"article","og_title":"Gram\u00e1tica Malaia","og_description":"Gram\u00e1tica Malaia: Explorando a Riqueza de Bahasa Melayu A l\u00edngua malaia, ou Bahasa Melayu, \u00e9 uma das l\u00ednguas mais faladas do mundo, unindo os diversos","og_url":"https:\/\/talkpal.ai\/pt-pt\/gramatica-malaia\/","og_site_name":"Talkpal","article_publisher":"https:\/\/www.facebook.com\/profile.php?id=100090733639311","article_modified_time":"2025-12-17T16:40:30+00:00","og_image":[{"width":512,"height":512,"url":"https:\/\/talkpal.ai\/wp-content\/uploads\/2023\/05\/malaysia.png","type":"image\/png"}],"twitter_card":"summary_large_image","twitter_site":"@talkpalai","twitter_misc":{"Tempo estimado de leitura":"3 minutos"},"schema":{"@context":"https:\/\/schema.org","@graph":[{"@type":"WebPage","@id":"https:\/\/talkpal.ai\/pt-pt\/gramatica-malaia\/","url":"https:\/\/talkpal.ai\/pt-pt\/gramatica-malaia\/","name":"Gram\u00e1tica Malaia - Talkpal","isPartOf":{"@id":"https:\/\/talkpal.ai\/pt-pt\/#website"},"primaryImageOfPage":{"@id":"https:\/\/talkpal.ai\/pt-pt\/gramatica-malaia\/#primaryimage"},"image":{"@id":"https:\/\/talkpal.ai\/pt-pt\/gramatica-malaia\/#primaryimage"},"thumbnailUrl":"https:\/\/talkpal.ai\/wp-content\/uploads\/2023\/05\/malaysia.png","datePublished":"2023-05-14T14:11:47+00:00","dateModified":"2025-12-17T16:40:30+00:00","description":"Explora a gram\u00e1tica malaia e aprende como a sua simplicidade pode melhorar a tua compreens\u00e3o da l\u00edngua malaia.","breadcrumb":{"@id":"https:\/\/talkpal.ai\/pt-pt\/gramatica-malaia\/#breadcrumb"},"inLanguage":"pt-PT","potentialAction":[{"@type":"ReadAction","target":["https:\/\/talkpal.ai\/pt-pt\/gramatica-malaia\/"]}]},{"@type":"ImageObject","inLanguage":"pt-PT","@id":"https:\/\/talkpal.ai\/pt-pt\/gramatica-malaia\/#primaryimage","url":"https:\/\/talkpal.ai\/wp-content\/uploads\/2023\/05\/malaysia.png","contentUrl":"https:\/\/talkpal.ai\/wp-content\/uploads\/2023\/05\/malaysia.png","width":512,"height":512},{"@type":"BreadcrumbList","@id":"https:\/\/talkpal.ai\/pt-pt\/gramatica-malaia\/#breadcrumb","itemListElement":[{"@type":"ListItem","position":1,"name":"Homepage","item":"https:\/\/talkpal.ai\/pt-pt\/"},{"@type":"ListItem","position":2,"name":"Gram\u00e1tica Malaia"}]},{"@type":"WebSite","@id":"https:\/\/talkpal.ai\/pt-pt\/#website","url":"https:\/\/talkpal.ai\/pt-pt\/","name":"Talkpal","description":"AI Language Learning","publisher":{"@id":"https:\/\/talkpal.ai\/pt-pt\/#organization"},"alternateName":"Talkpal AI","potentialAction":[{"@type":"SearchAction","target":{"@type":"EntryPoint","urlTemplate":"https:\/\/talkpal.ai\/pt-pt\/?s={search_term_string}"},"query-input":{"@type":"PropertyValueSpecification","valueRequired":true,"valueName":"search_term_string"}}],"inLanguage":"pt-PT"},{"@type":"Organization","@id":"https:\/\/talkpal.ai\/pt-pt\/#organization","name":"Talkpal, Inc.","alternateName":"Talkpal AI","url":"https:\/\/talkpal.ai\/pt-pt\/","logo":{"@type":"ImageObject","inLanguage":"pt-PT","@id":"https:\/\/talkpal.ai\/pt-pt\/#\/schema\/logo\/image\/","url":"https:\/\/talkpal.ai\/wp-content\/uploads\/2024\/03\/Talkpal-Logo-Icon.png","contentUrl":"https:\/\/talkpal.ai\/wp-content\/uploads\/2024\/03\/Talkpal-Logo-Icon.png","width":2880,"height":2880,"caption":"Talkpal, Inc."},"image":{"@id":"https:\/\/talkpal.ai\/pt-pt\/#\/schema\/logo\/image\/"},"sameAs":["https:\/\/www.facebook.com\/profile.php?id=100090733639311","https:\/\/x.com\/talkpalai","https:\/\/www.linkedin.com\/company\/talkpal\/","https:\/\/www.youtube.com\/@TalkPal\/","https:\/\/www.tiktok.com\/@talkpal","https:\/\/www.instagram.com\/talkpal_ai\/","https:\/\/www.crunchbase.com\/organization\/talkpal-9cde","https:\/\/www.g2.com\/products\/talkpal-for-business\/","https:\/\/www.trustpilot.com\/review\/talkpal.ai","https:\/\/www.capterra.com\/p\/10006800\/TalkPal\/"],"description":"Talkpal is a language learning web and mobile education app, powered by the latest AI technologies, that provides engaging experiences to its customers in many different languages to help them improve their language skills. Users can chat about unlimited amount of topics with the app and use other modes to practice their language learning.","email":"support@talkpal.ai","legalName":"Talkpal, Inc.","foundingDate":"2023-04-03","duns":"118989042","numberOfEmployees":{"@type":"QuantitativeValue","minValue":"11","maxValue":"50"},"publishingPrinciples":"https:\/\/talkpal.ai\/publishing-principles\/","actionableFeedbackPolicy":"https:\/\/talkpal.ai\/actionable-feedback-policy\/","correctionsPolicy":"https:\/\/talkpal.ai\/corrections-policy\/","ethicsPolicy":"https:\/\/talkpal.ai\/ethics-policy\/","diversityPolicy":"https:\/\/talkpal.ai\/diversity-policy\/","diversityStaffingReport":"https:\/\/talkpal.ai\/diversity-policy\/"}]}},"_links":{"self":[{"href":"https:\/\/talkpal.ai\/pt-pt\/wp-json\/wp\/v2\/pages\/147104","targetHints":{"allow":["GET"]}}],"collection":[{"href":"https:\/\/talkpal.ai\/pt-pt\/wp-json\/wp\/v2\/pages"}],"about":[{"href":"https:\/\/talkpal.ai\/pt-pt\/wp-json\/wp\/v2\/types\/page"}],"author":[{"embeddable":true,"href":"https:\/\/talkpal.ai\/pt-pt\/wp-json\/wp\/v2\/users\/1"}],"replies":[{"embeddable":true,"href":"https:\/\/talkpal.ai\/pt-pt\/wp-json\/wp\/v2\/comments?post=147104"}],"version-history":[{"count":0,"href":"https:\/\/talkpal.ai\/pt-pt\/wp-json\/wp\/v2\/pages\/147104\/revisions"}],"wp:featuredmedia":[{"embeddable":true,"href":"https:\/\/talkpal.ai\/pt-pt\/wp-json\/wp\/v2\/media\/28482"}],"wp:attachment":[{"href":"https:\/\/talkpal.ai\/pt-pt\/wp-json\/wp\/v2\/media?parent=147104"}],"curies":[{"name":"wp","href":"https:\/\/api.w.org\/{rel}","templated":true}]}}