{"id":146767,"date":"2023-05-14T14:11:28","date_gmt":"2023-05-14T14:11:28","guid":{"rendered":"http:\/\/talkpal.ai\/gramatica-macedonia\/"},"modified":"2025-12-17T16:35:36","modified_gmt":"2025-12-17T16:35:36","slug":"gramatica-macedonia","status":"publish","type":"page","link":"https:\/\/talkpal.ai\/pt-pt\/gramatica-macedonia\/","title":{"rendered":"Gram\u00e1tica maced\u00f4nia"},"content":{"rendered":"\r\n\r\n\r\n<section class=\"languageChallengeSection\">\r\n    <div class=\"languageInfoWrapper\">\r\n        \r\n        <h1>Gram\u00e1tica maced\u00f4nia<\/h1>\r\n        <p>Mergulha no fascinante mundo da gram\u00e1tica maced\u00f3nia e descobre a estrutura por detr\u00e1s desta l\u00edngua eslava do Sul \u00fanica. Aprender as bases da gram\u00e1tica maced\u00f3nia vai permitir-te comunicar com mais confian\u00e7a e explorar a rica cultura da Maced\u00f3nia do Norte. Come\u00e7a hoje e d\u00e1 o teu primeiro passo para dominares o maced\u00f3nio!<\/p>\r\n\r\n                            <a class=\"getStartedHidden\" href=\"https:\/\/app.talkpal.ai\/pt-pt\/signup?lng=\">Come\u00e7a<\/a>\r\n        \r\n    <\/div>\r\n\r\n    <figure>\r\n    <img decoding=\"async\" width=\"768\" height=\"768\" src=\"https:\/\/talkpal.ai\/wp-content\/uploads\/2023\/06\/macedonian-768x768.png\" class=\"languageImage no-lazy\" alt=\"Default alt text\" fetchpriority=\"high\" sizes=\"(max-width: 768px) 150px, 768px\" srcset=\"https:\/\/talkpal.ai\/wp-content\/uploads\/2023\/06\/macedonian-768x768.png 768w, https:\/\/talkpal.ai\/wp-content\/uploads\/2023\/06\/macedonian-300x300.png 300w\" \/>\r\n    \r\n\r\n    <\/figure>\r\n\r\n            <a class=\"getStartedVisible\" href=\"https:\/\/app.talkpal.ai\/pt-pt\/signup?lng=\">Come\u00e7a<\/a>\r\n    \r\n<\/section>\r\n        <section class=\"grammarSection\">\r\n            <div class=\"grammarLinks\">\r\n                <a href=\"https:\/\/talkpal.ai\/pt-pt\/language\/adjetivos-gramatica-macedonia-pt-pt\/\">Adjetivos <\/a><a href=\"https:\/\/talkpal.ai\/pt-pt\/language\/adverbios-gramatica-macedonia-pt-pt\/\">Adv\u00e9rbios <\/a><a href=\"https:\/\/talkpal.ai\/pt-pt\/language\/artigos-gramatica-macedonia\/\">Artigos <\/a><a href=\"https:\/\/talkpal.ai\/pt-pt\/language\/comparacao-de-tempo-gramatica-macedonia\/\">Compara\u00e7\u00e3o de tempo <\/a><a href=\"https:\/\/talkpal.ai\/pt-pt\/language\/condicionais-gramatica-macedonia\/\">Condicionais <\/a><a href=\"https:\/\/talkpal.ai\/pt-pt\/language\/frases-gramatica-macedonia\/\">Frases <\/a><a href=\"https:\/\/talkpal.ai\/pt-pt\/language\/preposicoes-gramatica-macedonia\/\">Preposi\u00e7\u00f5es <\/a><a href=\"https:\/\/talkpal.ai\/pt-pt\/language\/progressivo-gramatica-macedonia\/\">Progressivo <\/a><a href=\"https:\/\/talkpal.ai\/pt-pt\/language\/progressivo-perfeito-gramatica-macedonia\/\">Progressivo Perfeito <\/a><a href=\"https:\/\/talkpal.ai\/pt-pt\/language\/pronomes-determinantes-gramatica-macedonia\/\">Pronomes\/Determinantes <\/a><a href=\"https:\/\/talkpal.ai\/pt-pt\/language\/substantivos-gramatica-macedonia\/\">Substantivos <\/a><a href=\"https:\/\/talkpal.ai\/pt-pt\/language\/tempos-gramatica-macedonia\/\">Tempos <\/a><a href=\"https:\/\/talkpal.ai\/pt-pt\/language\/verbos-gramatica-macedonia-pt-pt\/\">Verbos <\/a>            <\/div>\r\n        <\/section>\r\n    <section class=\"promotionalBanner\">\r\n    <p class=\"promotionalText\">A maneira mais eficiente de aprender um idioma<\/p>\r\n    <a class=\"promotionalLink\" href=\"https:\/\/app.talkpal.ai\/pt-pt\/signup?lng=\">Experimente o Talkpal gratuitamente<\/a>\r\n<\/section>\n<div class=\"wp-block-group pageContainerStyle\"><div class=\"wp-block-group__inner-container is-layout-constrained wp-block-group-is-layout-constrained\">\n<h2 class=\"wp-block-heading\" id=\"h-unraveling-the-mysteries-of-macedonian-grammar\">Desvendando os mist\u00e9rios da gram\u00e1tica maced\u00f4nia<\/h2>\n\n\n\n<p>A gram\u00e1tica maced\u00f3nia &#8211; intrincada mas acess\u00edvel, fascinante mas graciosa, complexa mas intrigante. Ao <a href=\"https:\/\/talkpal.ai\/ko\/ai-%ec%96%b8%ec%96%b4-%ea%b5%90%ec%82%ac\/\">iniciar<\/a> sua viagem ao mundo da l\u00edngua maced\u00f4nia, voc\u00ea pode sentir uma mistura de emo\u00e7\u00e3o e intimida\u00e7\u00e3o quando se trata de decifrar seus enigmas gramaticais. N\u00e3o temas, fervoroso entusiasta da l\u00edngua! Estamos aqui para te apoiar nesta aventura lingu\u00edstica!<\/p>\n\n\n\n<p>Neste artigo interessante, vamos esclarecer aspectos essenciais da gram\u00e1tica maced\u00f3nia, fornecendo-te informa\u00e7\u00f5es, explica\u00e7\u00f5es e exemplos pr\u00e1ticos. Vamos revelar-te que esta fascinante l\u00edngua dos Balc\u00e3s \u00e9 mais acess\u00edvel do que pensas! Ent\u00e3o aperte o cinto e nos permita simplificar e desmistificar a <a href=\"https:\/\/talkpal.ai\/macedonian-grammar\/\">gram\u00e1tica maced\u00f4nia<\/a> para voc\u00ea.<\/p>\n\n\n\n<h3 class=\"wp-block-heading\" id=\"h-1-delightful-declensions-noun-cases-made-easy\">1. Declina\u00e7\u00f5es deliciosas: casos substantivos facilitados<\/h3>\n\n\n\n<p><a href=\"https:\/\/talkpal.ai\/locations\/language-courses-in-como\/\">Como<\/a> outras l\u00ednguas eslavas, o <a href=\"https:\/\/talkpal.ai\/learn-macedonian\/\">maced\u00f4nio<\/a> apresenta um complexo sistema de casos substantivos, consistindo de tr\u00eas casos: nominativo, acusativo e dativo. Embora menos assustador do que idiomas com mais casos, dominar essas nuances \u00e9 essencial para alcan\u00e7ar a flu\u00eancia. Esses casos atribuem pap\u00e9is diferentes a substantivos, pronomes e adjetivos em uma frase. Aqui est\u00e1 uma breve vis\u00e3o geral:<\/p>\n\n\n\n<p><strong>&#8211; Nominativo: O sujeito da frase<\/strong><\/p>\n\n\n\n<p><strong>&#8211; Acusativo: O objeto direto ou o objetivo de uma a\u00e7\u00e3o<\/strong><\/p>\n\n\n\n<p><strong>&#8211; Dativo: O objeto indireto, ou que indica a dire\u00e7\u00e3o de uma a\u00e7\u00e3o<\/strong><\/p>\n\n\n\n<p>Para pegar o jeito desses casos, a pr\u00e1tica \u00e9 a chave. Com o tempo e a exposi\u00e7\u00e3o \u00e0 l\u00edngua, essas distin\u00e7\u00f5es se tornar\u00e3o uma segunda natureza.<\/p>\n\n\n\n<h3 class=\"wp-block-heading\" id=\"h-2-amiable-adjectives-agreement-is-everything\">2. Adjetivos am\u00e1veis: acordo \u00e9 tudo<\/h3>\n\n\n\n<p>Os adjetivos na gram\u00e1tica maced\u00f4nia s\u00e3o conformistas simp\u00e1ticos. Eles concordam com o g\u00eanero, n\u00famero e caso dos substantivos que descrevem. Isto significa que ter\u00e1s de ajustar a forma de cada adjetivo <a href=\"https:\/\/talkpal.ai\/culture\/how-do-i-use-para-que-correctly\/\">para que<\/a> se alinhe com as carater\u00edsticas do substantivo.<\/p>\n\n\n\n<p>Para tornar esse processo mais suave, concentre-se em aprender as principais formas adjetivas \u2013 masculino, feminino e neutro. Com a pr\u00e1tica regular, o processo de concord\u00e2ncia adjetiva logo se tornar\u00e1 intuitivo.<\/p>\n\n\n\n<h3 class=\"wp-block-heading\" id=\"h-3-vigorous-verbs-conjugation-and-aspect-mastery\">3. Verbos vigorosos: conjuga\u00e7\u00e3o e dom\u00ednio de aspectos<\/h3>\n\n\n\n<p>Tal <a href=\"https:\/\/talkpal.ai\/locations\/language-courses-in-como\/\">como<\/a> acontece com outras l\u00ednguas eslavas, os verbos maced\u00f4nios experimentam varia\u00e7\u00f5es substanciais. A conjuga\u00e7\u00e3o depende do tempo, do humor, da pessoa, do n\u00famero e, principalmente, do aspecto.<\/p>\n\n\n\n<p>Os verbos maced\u00f4nios t\u00eam dois aspectos: perfectivo e imperfectivo. Os verbos perfectivos expressam uma a\u00e7\u00e3o completa, enquanto os imperfectivos transmitem uma a\u00e7\u00e3o cont\u00ednua ou repetitiva. Entender esse conceito \u00e9 crucial para refinar sua experi\u00eancia gramatical.<\/p>\n\n\n\n<h3 class=\"wp-block-heading\" id=\"h-4-pitch-perfect-particles-mastering-stress-and-intonation\">4. Part\u00edculas perfeitas: dominando a tens\u00e3o e a entona\u00e7\u00e3o<\/h3>\n\n\n\n<p>Um desafio \u00fanico para os <a href=\"https:\/\/talkpal.ai\/talkpal-discount-for-students\/\">estudantes<\/a> de l\u00ednguas \u00e9 dominar o sistema distinto de sotaque que atribui \u00eanfase e entona\u00e7\u00e3o \u00e0s s\u00edlabas. Esse sistema pode impactar diretamente o significado e a compreens\u00e3o.<\/p>\n\n\n\n<p>Para obteres precis\u00e3o na pron\u00fancia e clareza na comunica\u00e7\u00e3o, presta muita aten\u00e7\u00e3o aos padr\u00f5es entoacionais no discurso dos falantes nativos da Maced\u00f3nia. Como iniciante, voc\u00ea pode ter dificuldades, mas lembre-se de que a pr\u00e1tica <a href=\"https:\/\/talkpal.ai\/locations\/language-courses-in-gera\/\">gera<\/a> confian\u00e7a e dom\u00ednio.<\/p>\n\n\n\n<h3 class=\"wp-block-heading\" id=\"h-5-embrace-the-intricacies-persevere-and-prosper\">5. Abrace os meandros: persevere e prospere<\/h3>\n\n\n\n<p>A gram\u00e1tica maced\u00f4nica, \u00e0 primeira <a href=\"https:\/\/talkpal.ai\/locations\/language-courses-in-vista\/\">vista<\/a>, pode parecer complexa, mas tenha em mente que paci\u00eancia, pr\u00e1tica e perseveran\u00e7a s\u00e3o os segredos para o sucesso. Envolva-se com o idioma por meio da leitura, escrita, audi\u00e7\u00e3o e fala. Abrace os desafios e recompense-se com a satisfa\u00e7\u00e3o do progresso.<\/p>\n\n\n\n<p>Ent\u00e3o, voc\u00ea est\u00e1 pronto para mergulhar no reino hipnotizante da gram\u00e1tica maced\u00f4nica? Abrace suas peculiaridades e complexidades, saboreie as sutilezas e lembre-se de que, com dedica\u00e7\u00e3o e entusiasmo, voc\u00ea pode desbloquear a verdadeira beleza da l\u00edngua maced\u00f4nia. \u0421\u043e \u0441\u0440\u0435\u045c\u0430! (Boa sorte!)<\/p>\n<\/div><\/div>\n\r\n<section class=\"learnNavigationSection\">\r\n            \r\n        <a href=\"https:\/\/talkpal.ai\/pt-pt\/aprender-macedonio\/\">\r\n            <div class=\"learnNavigationWrapper\">\r\n                <div class=\"learnNavigationContent\">\r\n                    <img decoding=\"async\" src=\"https:\/\/talkpal.ai\/wp-content\/uploads\/2024\/08\/Macedonian.jpg\" alt=\"Macedonian Flag\">\r\n                    <div>\r\n                        <h4>Sobre a Macedonian Learning<\/h4>\r\n                        <p>Descobre tudo sobre a gram\u00e1tica maced\u00f3nia.<\/p>\r\n                    <\/div>\r\n                <\/div>\r\n            <\/div>\r\n        <\/a>\r\n\r\n        \r\n        <a href=\"https:\/\/talkpal.ai\/pt-pt\/exercicios-de-gramatica-macedonia\/\">\r\n            <div class=\"learnNavigationWrapper\">\r\n                <div class=\"learnNavigationContent\">\r\n                    <img decoding=\"async\" src=\"https:\/\/talkpal.ai\/wp-content\/uploads\/2024\/08\/Macedonian.jpg\" alt=\"Macedonian Flag\">\r\n                    <div>\r\n                        <h4>Exerc\u00edcio de gram\u00e1tica maced\u00f3nia<\/h4>\r\n                        <p>Pratica a gram\u00e1tica maced\u00f3nia.<\/p>\r\n                    <\/div>\r\n                <\/div>\r\n            <\/div>\r\n        <\/a>\r\n\r\n        \r\n        <a href=\"https:\/\/talkpal.ai\/vocabulary_language\/macedonian\/\">\r\n            <div class=\"learnNavigationWrapper\">\r\n                <div class=\"learnNavigationContent\">\r\n                    <img decoding=\"async\" src=\"https:\/\/talkpal.ai\/wp-content\/uploads\/2024\/08\/Macedonian.jpg\" alt=\"Macedonian Flag\">\r\n                    <div>\r\n                        <h4>Vocabul\u00e1rio maced\u00f3nio<\/h4>\r\n                        <p>Amplia o teu vocabul\u00e1rio maced\u00f3nio.<\/p>\r\n                    <\/div>\r\n                <\/div>\r\n            <\/div>\r\n        <\/a>\r\n\r\n            <\/section>","protected":false},"excerpt":{"rendered":"<p>Desvendando os mist\u00e9rios da gram\u00e1tica maced\u00f4nia A gram\u00e1tica maced\u00f3nia &#8211; intrincada mas acess\u00edvel, fascinante mas graciosa, complexa mas intrigante. Ao iniciar sua viagem ao mundo da l\u00edngua maced\u00f4nia, voc\u00ea pode sentir uma mistura de emo\u00e7\u00e3o e intimida\u00e7\u00e3o quando se trata de decifrar seus enigmas gramaticais. N\u00e3o temas, fervoroso entusiasta da l\u00edngua! Estamos aqui para te [&hellip;]<\/p>\n","protected":false},"author":1,"featured_media":28594,"parent":0,"menu_order":0,"comment_status":"closed","ping_status":"closed","template":"LearningContentPage.php","meta":{"_acf_changed":false,"footnotes":""},"class_list":["post-146767","page","type-page","status-publish","has-post-thumbnail","hentry"],"acf":[],"yoast_head":"<!-- This site is optimized with the Yoast SEO Premium plugin v27.2 (Yoast SEO v27.2) - https:\/\/yoast.com\/product\/yoast-seo-premium-wordpress\/ -->\n<title>Gram\u00e1tica maced\u00f4nia - Talkpal<\/title>\n<meta name=\"description\" content=\"Domina a gram\u00e1tica maced\u00f3nia sem esfor\u00e7o com Talkpal, o teu tutor de l\u00ednguas alimentado por IA. Melhora as tuas capacidades de gram\u00e1tica maced\u00f3nia!\" \/>\n<meta name=\"robots\" content=\"index, follow, max-snippet:-1, max-image-preview:large, max-video-preview:-1\" \/>\n<link rel=\"canonical\" href=\"https:\/\/talkpal.ai\/pt-pt\/gramatica-macedonia\/\" \/>\n<meta property=\"og:locale\" content=\"pt_PT\" \/>\n<meta property=\"og:type\" content=\"article\" \/>\n<meta property=\"og:title\" content=\"Gram\u00e1tica maced\u00f4nia\" \/>\n<meta property=\"og:description\" content=\"Desvendando os mist\u00e9rios da gram\u00e1tica maced\u00f4nia A gram\u00e1tica maced\u00f3nia - intrincada mas acess\u00edvel, fascinante mas graciosa, complexa mas intrigante. Ao\" \/>\n<meta property=\"og:url\" content=\"https:\/\/talkpal.ai\/pt-pt\/gramatica-macedonia\/\" \/>\n<meta property=\"og:site_name\" content=\"Talkpal\" \/>\n<meta property=\"article:publisher\" content=\"https:\/\/www.facebook.com\/profile.php?id=100090733639311\" \/>\n<meta property=\"article:modified_time\" content=\"2025-12-17T16:35:36+00:00\" \/>\n<meta property=\"og:image\" content=\"https:\/\/talkpal.ai\/wp-content\/uploads\/2023\/05\/republic-of-macedonia.png\" \/>\n\t<meta property=\"og:image:width\" content=\"512\" \/>\n\t<meta property=\"og:image:height\" content=\"512\" \/>\n\t<meta property=\"og:image:type\" content=\"image\/png\" \/>\n<meta name=\"twitter:card\" content=\"summary_large_image\" \/>\n<meta name=\"twitter:site\" content=\"@talkpalai\" \/>\n<meta name=\"twitter:label1\" content=\"Tempo estimado de leitura\" \/>\n\t<meta name=\"twitter:data1\" content=\"3 minutos\" \/>\n<script type=\"application\/ld+json\" class=\"yoast-schema-graph\">{\"@context\":\"https:\/\/schema.org\",\"@graph\":[{\"@type\":\"WebPage\",\"@id\":\"https:\/\/talkpal.ai\/pt-pt\/gramatica-macedonia\/\",\"url\":\"https:\/\/talkpal.ai\/pt-pt\/gramatica-macedonia\/\",\"name\":\"Gram\u00e1tica maced\u00f4nia - Talkpal\",\"isPartOf\":{\"@id\":\"https:\/\/talkpal.ai\/pt-pt\/#website\"},\"primaryImageOfPage\":{\"@id\":\"https:\/\/talkpal.ai\/pt-pt\/gramatica-macedonia\/#primaryimage\"},\"image\":{\"@id\":\"https:\/\/talkpal.ai\/pt-pt\/gramatica-macedonia\/#primaryimage\"},\"thumbnailUrl\":\"https:\/\/talkpal.ai\/wp-content\/uploads\/2023\/05\/republic-of-macedonia.png\",\"datePublished\":\"2023-05-14T14:11:28+00:00\",\"dateModified\":\"2025-12-17T16:35:36+00:00\",\"description\":\"Domina a gram\u00e1tica maced\u00f3nia sem esfor\u00e7o com Talkpal, o teu tutor de l\u00ednguas alimentado por IA. Melhora as tuas capacidades de gram\u00e1tica maced\u00f3nia!\",\"breadcrumb\":{\"@id\":\"https:\/\/talkpal.ai\/pt-pt\/gramatica-macedonia\/#breadcrumb\"},\"inLanguage\":\"pt-PT\",\"potentialAction\":[{\"@type\":\"ReadAction\",\"target\":[\"https:\/\/talkpal.ai\/pt-pt\/gramatica-macedonia\/\"]}]},{\"@type\":\"ImageObject\",\"inLanguage\":\"pt-PT\",\"@id\":\"https:\/\/talkpal.ai\/pt-pt\/gramatica-macedonia\/#primaryimage\",\"url\":\"https:\/\/talkpal.ai\/wp-content\/uploads\/2023\/05\/republic-of-macedonia.png\",\"contentUrl\":\"https:\/\/talkpal.ai\/wp-content\/uploads\/2023\/05\/republic-of-macedonia.png\",\"width\":512,\"height\":512},{\"@type\":\"BreadcrumbList\",\"@id\":\"https:\/\/talkpal.ai\/pt-pt\/gramatica-macedonia\/#breadcrumb\",\"itemListElement\":[{\"@type\":\"ListItem\",\"position\":1,\"name\":\"Homepage\",\"item\":\"https:\/\/talkpal.ai\/pt-pt\/\"},{\"@type\":\"ListItem\",\"position\":2,\"name\":\"Gram\u00e1tica maced\u00f4nia\"}]},{\"@type\":\"WebSite\",\"@id\":\"https:\/\/talkpal.ai\/pt-pt\/#website\",\"url\":\"https:\/\/talkpal.ai\/pt-pt\/\",\"name\":\"Talkpal\",\"description\":\"AI Language Learning\",\"publisher\":{\"@id\":\"https:\/\/talkpal.ai\/pt-pt\/#organization\"},\"alternateName\":\"Talkpal AI\",\"potentialAction\":[{\"@type\":\"SearchAction\",\"target\":{\"@type\":\"EntryPoint\",\"urlTemplate\":\"https:\/\/talkpal.ai\/pt-pt\/?s={search_term_string}\"},\"query-input\":{\"@type\":\"PropertyValueSpecification\",\"valueRequired\":true,\"valueName\":\"search_term_string\"}}],\"inLanguage\":\"pt-PT\"},{\"@type\":\"Organization\",\"@id\":\"https:\/\/talkpal.ai\/pt-pt\/#organization\",\"name\":\"Talkpal, Inc.\",\"alternateName\":\"Talkpal AI\",\"url\":\"https:\/\/talkpal.ai\/pt-pt\/\",\"logo\":{\"@type\":\"ImageObject\",\"inLanguage\":\"pt-PT\",\"@id\":\"https:\/\/talkpal.ai\/pt-pt\/#\/schema\/logo\/image\/\",\"url\":\"https:\/\/talkpal.ai\/wp-content\/uploads\/2024\/03\/Talkpal-Logo-Icon.png\",\"contentUrl\":\"https:\/\/talkpal.ai\/wp-content\/uploads\/2024\/03\/Talkpal-Logo-Icon.png\",\"width\":2880,\"height\":2880,\"caption\":\"Talkpal, Inc.\"},\"image\":{\"@id\":\"https:\/\/talkpal.ai\/pt-pt\/#\/schema\/logo\/image\/\"},\"sameAs\":[\"https:\/\/www.facebook.com\/profile.php?id=100090733639311\",\"https:\/\/x.com\/talkpalai\",\"https:\/\/www.linkedin.com\/company\/talkpal\/\",\"https:\/\/www.youtube.com\/@TalkPal\/\",\"https:\/\/www.tiktok.com\/@talkpal\",\"https:\/\/www.instagram.com\/talkpal_ai\/\",\"https:\/\/www.crunchbase.com\/organization\/talkpal-9cde\",\"https:\/\/www.g2.com\/products\/talkpal-for-business\/\",\"https:\/\/www.trustpilot.com\/review\/talkpal.ai\",\"https:\/\/www.capterra.com\/p\/10006800\/TalkPal\/\"],\"description\":\"Talkpal is a language learning web and mobile education app, powered by the latest AI technologies, that provides engaging experiences to its customers in many different languages to help them improve their language skills. Users can chat about unlimited amount of topics with the app and use other modes to practice their language learning.\",\"email\":\"support@talkpal.ai\",\"legalName\":\"Talkpal, Inc.\",\"foundingDate\":\"2023-04-03\",\"duns\":\"118989042\",\"numberOfEmployees\":{\"@type\":\"QuantitativeValue\",\"minValue\":\"11\",\"maxValue\":\"50\"},\"publishingPrinciples\":\"https:\/\/talkpal.ai\/publishing-principles\/\",\"actionableFeedbackPolicy\":\"https:\/\/talkpal.ai\/actionable-feedback-policy\/\",\"correctionsPolicy\":\"https:\/\/talkpal.ai\/corrections-policy\/\",\"ethicsPolicy\":\"https:\/\/talkpal.ai\/ethics-policy\/\",\"diversityPolicy\":\"https:\/\/talkpal.ai\/diversity-policy\/\",\"diversityStaffingReport\":\"https:\/\/talkpal.ai\/diversity-policy\/\"}]}<\/script>\n<!-- \/ Yoast SEO Premium plugin. -->","yoast_head_json":{"title":"Gram\u00e1tica maced\u00f4nia - Talkpal","description":"Domina a gram\u00e1tica maced\u00f3nia sem esfor\u00e7o com Talkpal, o teu tutor de l\u00ednguas alimentado por IA. Melhora as tuas capacidades de gram\u00e1tica maced\u00f3nia!","robots":{"index":"index","follow":"follow","max-snippet":"max-snippet:-1","max-image-preview":"max-image-preview:large","max-video-preview":"max-video-preview:-1"},"canonical":"https:\/\/talkpal.ai\/pt-pt\/gramatica-macedonia\/","og_locale":"pt_PT","og_type":"article","og_title":"Gram\u00e1tica maced\u00f4nia","og_description":"Desvendando os mist\u00e9rios da gram\u00e1tica maced\u00f4nia A gram\u00e1tica maced\u00f3nia - intrincada mas acess\u00edvel, fascinante mas graciosa, complexa mas intrigante. Ao","og_url":"https:\/\/talkpal.ai\/pt-pt\/gramatica-macedonia\/","og_site_name":"Talkpal","article_publisher":"https:\/\/www.facebook.com\/profile.php?id=100090733639311","article_modified_time":"2025-12-17T16:35:36+00:00","og_image":[{"width":512,"height":512,"url":"https:\/\/talkpal.ai\/wp-content\/uploads\/2023\/05\/republic-of-macedonia.png","type":"image\/png"}],"twitter_card":"summary_large_image","twitter_site":"@talkpalai","twitter_misc":{"Tempo estimado de leitura":"3 minutos"},"schema":{"@context":"https:\/\/schema.org","@graph":[{"@type":"WebPage","@id":"https:\/\/talkpal.ai\/pt-pt\/gramatica-macedonia\/","url":"https:\/\/talkpal.ai\/pt-pt\/gramatica-macedonia\/","name":"Gram\u00e1tica maced\u00f4nia - Talkpal","isPartOf":{"@id":"https:\/\/talkpal.ai\/pt-pt\/#website"},"primaryImageOfPage":{"@id":"https:\/\/talkpal.ai\/pt-pt\/gramatica-macedonia\/#primaryimage"},"image":{"@id":"https:\/\/talkpal.ai\/pt-pt\/gramatica-macedonia\/#primaryimage"},"thumbnailUrl":"https:\/\/talkpal.ai\/wp-content\/uploads\/2023\/05\/republic-of-macedonia.png","datePublished":"2023-05-14T14:11:28+00:00","dateModified":"2025-12-17T16:35:36+00:00","description":"Domina a gram\u00e1tica maced\u00f3nia sem esfor\u00e7o com Talkpal, o teu tutor de l\u00ednguas alimentado por IA. Melhora as tuas capacidades de gram\u00e1tica maced\u00f3nia!","breadcrumb":{"@id":"https:\/\/talkpal.ai\/pt-pt\/gramatica-macedonia\/#breadcrumb"},"inLanguage":"pt-PT","potentialAction":[{"@type":"ReadAction","target":["https:\/\/talkpal.ai\/pt-pt\/gramatica-macedonia\/"]}]},{"@type":"ImageObject","inLanguage":"pt-PT","@id":"https:\/\/talkpal.ai\/pt-pt\/gramatica-macedonia\/#primaryimage","url":"https:\/\/talkpal.ai\/wp-content\/uploads\/2023\/05\/republic-of-macedonia.png","contentUrl":"https:\/\/talkpal.ai\/wp-content\/uploads\/2023\/05\/republic-of-macedonia.png","width":512,"height":512},{"@type":"BreadcrumbList","@id":"https:\/\/talkpal.ai\/pt-pt\/gramatica-macedonia\/#breadcrumb","itemListElement":[{"@type":"ListItem","position":1,"name":"Homepage","item":"https:\/\/talkpal.ai\/pt-pt\/"},{"@type":"ListItem","position":2,"name":"Gram\u00e1tica maced\u00f4nia"}]},{"@type":"WebSite","@id":"https:\/\/talkpal.ai\/pt-pt\/#website","url":"https:\/\/talkpal.ai\/pt-pt\/","name":"Talkpal","description":"AI Language Learning","publisher":{"@id":"https:\/\/talkpal.ai\/pt-pt\/#organization"},"alternateName":"Talkpal AI","potentialAction":[{"@type":"SearchAction","target":{"@type":"EntryPoint","urlTemplate":"https:\/\/talkpal.ai\/pt-pt\/?s={search_term_string}"},"query-input":{"@type":"PropertyValueSpecification","valueRequired":true,"valueName":"search_term_string"}}],"inLanguage":"pt-PT"},{"@type":"Organization","@id":"https:\/\/talkpal.ai\/pt-pt\/#organization","name":"Talkpal, Inc.","alternateName":"Talkpal AI","url":"https:\/\/talkpal.ai\/pt-pt\/","logo":{"@type":"ImageObject","inLanguage":"pt-PT","@id":"https:\/\/talkpal.ai\/pt-pt\/#\/schema\/logo\/image\/","url":"https:\/\/talkpal.ai\/wp-content\/uploads\/2024\/03\/Talkpal-Logo-Icon.png","contentUrl":"https:\/\/talkpal.ai\/wp-content\/uploads\/2024\/03\/Talkpal-Logo-Icon.png","width":2880,"height":2880,"caption":"Talkpal, Inc."},"image":{"@id":"https:\/\/talkpal.ai\/pt-pt\/#\/schema\/logo\/image\/"},"sameAs":["https:\/\/www.facebook.com\/profile.php?id=100090733639311","https:\/\/x.com\/talkpalai","https:\/\/www.linkedin.com\/company\/talkpal\/","https:\/\/www.youtube.com\/@TalkPal\/","https:\/\/www.tiktok.com\/@talkpal","https:\/\/www.instagram.com\/talkpal_ai\/","https:\/\/www.crunchbase.com\/organization\/talkpal-9cde","https:\/\/www.g2.com\/products\/talkpal-for-business\/","https:\/\/www.trustpilot.com\/review\/talkpal.ai","https:\/\/www.capterra.com\/p\/10006800\/TalkPal\/"],"description":"Talkpal is a language learning web and mobile education app, powered by the latest AI technologies, that provides engaging experiences to its customers in many different languages to help them improve their language skills. Users can chat about unlimited amount of topics with the app and use other modes to practice their language learning.","email":"support@talkpal.ai","legalName":"Talkpal, Inc.","foundingDate":"2023-04-03","duns":"118989042","numberOfEmployees":{"@type":"QuantitativeValue","minValue":"11","maxValue":"50"},"publishingPrinciples":"https:\/\/talkpal.ai\/publishing-principles\/","actionableFeedbackPolicy":"https:\/\/talkpal.ai\/actionable-feedback-policy\/","correctionsPolicy":"https:\/\/talkpal.ai\/corrections-policy\/","ethicsPolicy":"https:\/\/talkpal.ai\/ethics-policy\/","diversityPolicy":"https:\/\/talkpal.ai\/diversity-policy\/","diversityStaffingReport":"https:\/\/talkpal.ai\/diversity-policy\/"}]}},"_links":{"self":[{"href":"https:\/\/talkpal.ai\/pt-pt\/wp-json\/wp\/v2\/pages\/146767","targetHints":{"allow":["GET"]}}],"collection":[{"href":"https:\/\/talkpal.ai\/pt-pt\/wp-json\/wp\/v2\/pages"}],"about":[{"href":"https:\/\/talkpal.ai\/pt-pt\/wp-json\/wp\/v2\/types\/page"}],"author":[{"embeddable":true,"href":"https:\/\/talkpal.ai\/pt-pt\/wp-json\/wp\/v2\/users\/1"}],"replies":[{"embeddable":true,"href":"https:\/\/talkpal.ai\/pt-pt\/wp-json\/wp\/v2\/comments?post=146767"}],"version-history":[{"count":0,"href":"https:\/\/talkpal.ai\/pt-pt\/wp-json\/wp\/v2\/pages\/146767\/revisions"}],"wp:featuredmedia":[{"embeddable":true,"href":"https:\/\/talkpal.ai\/pt-pt\/wp-json\/wp\/v2\/media\/28594"}],"wp:attachment":[{"href":"https:\/\/talkpal.ai\/pt-pt\/wp-json\/wp\/v2\/media?parent=146767"}],"curies":[{"name":"wp","href":"https:\/\/api.w.org\/{rel}","templated":true}]}}