{"id":145864,"date":"2023-05-14T14:10:24","date_gmt":"2023-05-14T14:10:24","guid":{"rendered":"http:\/\/talkpal.ai\/gramatica-leta\/"},"modified":"2025-12-17T17:11:14","modified_gmt":"2025-12-17T17:11:14","slug":"gramatica-leta","status":"publish","type":"page","link":"https:\/\/talkpal.ai\/pt-pt\/gramatica-leta\/","title":{"rendered":"Gram\u00e1tica let\u00e3"},"content":{"rendered":"\r\n\r\n\r\n<section class=\"languageChallengeSection\">\r\n    <div class=\"languageInfoWrapper\">\r\n        \r\n        <h1>Gram\u00e1tica let\u00e3<\/h1>\r\n        <p>Explora o mundo \u00fanico da <a href=\"https:\/\/talkpal.ai\/latvian-grammar\/\">gram\u00e1tica let\u00e3<\/a> e desvenda a beleza de uma das l\u00ednguas mais vibrantes da regi\u00e3o do B\u00e1ltico. Ao compreenderes a sua estrutura e as suas regras, aumentar\u00e1s a tua confian\u00e7a e as tuas capacidades de comunica\u00e7\u00e3o. Come\u00e7a a aprender <a href=\"https:\/\/talkpal.ai\/latvian-grammar\/\">gram\u00e1tica let\u00e3<\/a> hoje e d\u00e1 o teu primeiro passo em dire\u00e7\u00e3o \u00e0 flu\u00eancia!\n\n<\/p>\r\n\r\n                            <a class=\"getStartedHidden\" href=\"https:\/\/app.talkpal.ai\/pt-pt\/signup?lng=\">Come\u00e7a<\/a>\r\n        \r\n    <\/div>\r\n\r\n    <figure>\r\n    <img decoding=\"async\" width=\"768\" height=\"768\" src=\"https:\/\/talkpal.ai\/wp-content\/uploads\/2023\/06\/latvian-768x768.png\" class=\"languageImage no-lazy\" alt=\"Default alt text\" fetchpriority=\"high\" sizes=\"(max-width: 768px) 150px, 768px\" srcset=\"https:\/\/talkpal.ai\/wp-content\/uploads\/2023\/06\/latvian-768x768.png 768w, https:\/\/talkpal.ai\/wp-content\/uploads\/2023\/06\/latvian-300x300.png 300w\" \/>\r\n    \r\n\r\n    <\/figure>\r\n\r\n            <a class=\"getStartedVisible\" href=\"https:\/\/app.talkpal.ai\/pt-pt\/signup?lng=\">Come\u00e7a<\/a>\r\n    \r\n<\/section>\r\n        <section class=\"grammarSection\">\r\n            <div class=\"grammarLinks\">\r\n                <a href=\"https:\/\/talkpal.ai\/pt-pt\/language\/adjetivos-gramatica-leta\/\">Adjetivos <\/a><a href=\"https:\/\/talkpal.ai\/pt-pt\/language\/adverbios-gramatica-leta\/\">Adv\u00e9rbios <\/a><a href=\"https:\/\/talkpal.ai\/pt-pt\/language\/artigos-gramatica-leta\/\">Artigos <\/a><a href=\"https:\/\/talkpal.ai\/pt-pt\/language\/comparacao-de-tempos-gramatica-leta\/\">Compara\u00e7\u00e3o de tempos <\/a><a href=\"https:\/\/talkpal.ai\/pt-pt\/language\/condicionais-gramatica-leta\/\">Condicionais <\/a><a href=\"https:\/\/talkpal.ai\/pt-pt\/language\/frases-gramatica-leta\/\">Frases <\/a><a href=\"https:\/\/talkpal.ai\/pt-pt\/language\/perfect-progressive-gramatica-leta\/\">Perfect Progressive <\/a><a href=\"https:\/\/talkpal.ai\/pt-pt\/language\/preposicoes-gramatica-leta\/\">Preposi\u00e7\u00f5es <\/a><a href=\"https:\/\/talkpal.ai\/pt-pt\/language\/progressivo-gramatica-leta\/\">Progressivo <\/a><a href=\"https:\/\/talkpal.ai\/pt-pt\/language\/pronomes-determinantes-gramatica-letao\/\">Pronomes\/Determinantes <\/a><a href=\"https:\/\/talkpal.ai\/pt-pt\/language\/substantivos-gramatica-leta\/\">Substantivos <\/a><a href=\"https:\/\/talkpal.ai\/pt-pt\/language\/tempos-gramatica-leta\/\">Tempos <\/a><a href=\"https:\/\/talkpal.ai\/pt-pt\/language\/verbos-gramatica-leta\/\">Verbos <\/a>            <\/div>\r\n        <\/section>\r\n    <section class=\"promotionalBanner\">\r\n    <p class=\"promotionalText\">A maneira mais eficiente de aprender um idioma<\/p>\r\n    <a class=\"promotionalLink\" href=\"https:\/\/app.talkpal.ai\/pt-pt\/signup?lng=\">Experimente o Talkpal gratuitamente<\/a>\r\n<\/section>\n<div class=\"wp-block-group pageContainerStyle\"><div class=\"wp-block-group__inner-container is-layout-constrained wp-block-group-is-layout-constrained\">\n<h2 class=\"wp-block-heading\" id=\"h-the-ultimate-guide-to-latvian-grammar-navigating-the-intricacies-of-a-unique-language\">O Guia Definitivo da Gram\u00e1tica Let\u00e3: Navegando pelos meandros de uma L\u00edngua \u00danica<\/h2>\n\n\n\n<p>A gram\u00e1tica let\u00e3, <a href=\"https:\/\/talkpal.ai\/locations\/language-courses-in-como\/\">como<\/a> a pr\u00f3pria l\u00edngua, apresenta uma rica e fascinante tape\u00e7aria de elementos lingu\u00edsticos. <a href=\"https:\/\/talkpal.ai\/locations\/language-courses-in-como\/\">Como<\/a> l\u00edngua b\u00e1ltica, o <a href=\"https:\/\/talkpal.ai\/learn-latvian\/\">let\u00e3o<\/a> encanta os alunos com suas diversas caracter\u00edsticas e desafia at\u00e9 mesmo os falantes mais proficientes. Neste guia, vamos explorar os princ\u00edpios fundamentais da gram\u00e1tica let\u00e3, desmistificar as suas complexidades e apoiar-te na tua jornada para te tornares fluente nesta l\u00edngua cativante. Come\u00e7a!<\/p>\n\n\n\n<h3 class=\"wp-block-heading\" id=\"h-the-nuts-and-bolts-latvian-sentence-structure\">As porcas e parafusos: estrutura da senten\u00e7a let\u00e3<\/h3>\n\n\n\n<p>Em sua ess\u00eancia, a gram\u00e1tica let\u00e3 \u00e9 bastante direta. A l\u00edngua geralmente segue a estrutura frasal Sujeito-Verbo-Objeto (SVO), semelhante ao <a href=\"https:\/\/talkpal.ai\/pt-pt\/locations\/aprenda-ingles-em-passos\/\">ingl\u00eas<\/a> e a muitos outros idiomas. Por exemplo, a frase \u201cEu como uma ma\u00e7\u00e3\u201d traduz-se por \u201cEs \u0113du \u0101bolu\u201d (Es \u0113du \u0101bolu). Simples, n\u00e3o? No entanto, \u00e0 medida que nos aprofundamos, vais encontrar algumas carater\u00edsticas intrigantes e distintivas da gram\u00e1tica let\u00e3.<\/p>\n\n\n\n<h3 class=\"wp-block-heading\" id=\"h-meet-the-family-latvian-nouns-and-their-cases\">Conhe\u00e7a a fam\u00edlia: substantivos let\u00f5es e seus casos<\/h3>\n\n\n\n<p>Uma das caracter\u00edsticas mais desconcertantes da gram\u00e1tica let\u00e3 para falantes de ingl\u00eas \u00e9 a no\u00e7\u00e3o de casos gramaticais. Em let\u00e3o, h\u00e1 sete casos: nominativo, genitivo, dativo, acusativo, locativo, instrumental e vocativo. Cada caso tem sua pr\u00f3pria fun\u00e7\u00e3o e impacta a forma de substantivos, adjetivos, pronomes e, \u00e0s vezes, at\u00e9 verbos.<\/p>\n\n\n\n<p>Por exemplo, pega na palavra \u201c\u0101bols\u201d (\u0101bols) que significa \u201cma\u00e7\u00e3\u201d:<\/p>\n\n\n\n<p><strong>&#8211; Caso nominativo (usado para sujeitos): \u0101bols<\/strong><\/p>\n\n\n\n<p><strong>&#8211; Caso genitivo (usado para posse): \u0101bola<\/strong><\/p>\n\n\n\n<p><strong>&#8211; Caso dativo (usado para objectos indirectos): \u0101bolam<\/strong><\/p>\n\n\n\n<p><strong>&#8211; Caso acusativo (usado para objectos diretos): \u0101bolu<\/strong><\/p>\n\n\n\n<p><strong>&#8211; Caso locativo (usado para localiza\u00e7\u00e3o): \u0101bol\u0101<\/strong><\/p>\n\n\n\n<p><strong>&#8211; Caso instrumental (usado para os meios pelos quais uma a\u00e7\u00e3o \u00e9 realizada): \u0101bolu\/-iem<\/strong><\/p>\n\n\n\n<p><strong>&#8211; Caso vocativo (utilizado para te dirigires a algu\u00e9m ou a alguma coisa): \u0101bol<\/strong><\/p>\n\n\n\n<p>\u00c9 importante que te familiarizes com estes casos, uma vez que podem alterar drasticamente o significado das tuas frases.<\/p>\n\n\n\n<h3 class=\"wp-block-heading\" id=\"h-playing-with-numbers-latvian-plurals-and-genders\">Brincando com n\u00fameros: plurais e g\u00eaneros let\u00f5es<\/h3>\n\n\n\n<p>Ao formar plurais em let\u00e3o, \u00e9 essencial ter em conta o g\u00e9nero do substantivo. Em let\u00e3o, os substantivos t\u00eam dois g\u00eaneros \u2013 masculino e feminino. O g\u00eanero afeta as termina\u00e7\u00f5es de substantivos, adjetivos, numerais e certas formas verbais.<\/p>\n\n\n\n<p>Em geral, substantivos masculinos no caso nominativo plural terminam em -i, enquanto substantivos femininos terminam em -as. Por exemplo, \u201czirgs\u201d (zirgs, um substantivo masculino que significa \u201ccavalo\u201d) torna-se \u201czirgi\u201d (zirgi, cavalos), e \u201csieviete\u201d (sieviete, um substantivo feminino que significa \u201cmulher\u201d) torna-se \u201csievietes\u201d (sievietes, mulheres).<\/p>\n\n\n\n<p>Claro que existem algumas excep\u00e7\u00f5es, e \u00e9 por isso que \u00e9 essencial aprenderes os substantivos juntamente com os seus g\u00e9neros e estares atento aos plurais irregulares.<\/p>\n\n\n\n<h3 class=\"wp-block-heading\" id=\"h-the-art-of-conjugation-latvian-verbs\">A Arte da Conjuga\u00e7\u00e3o: Verbos Let\u00f5es<\/h3>\n\n\n\n<p>Os verbos let\u00f5es podem inicialmente parecer assustadores devido aos seus numerosos tempos, humores e conjuga\u00e7\u00f5es. No entanto, a chave para entend\u00ea-los \u00e9 reconhecer padr\u00f5es comuns e praticar regularmente.<\/p>\n\n\n\n<p>Em let\u00e3o, os verbos s\u00e3o divididos em tr\u00eas grupos com base em suas termina\u00e7\u00f5es infinitivas, -t, -ties e -ties\/-t. Cada grupo tem regras de conjuga\u00e7\u00e3o espec\u00edficas. Toma o verbo \u201clas\u012bt\u201d (las\u012bt, \u201cler\u201d) como exemplo:<\/p>\n\n\n\n<p><strong>Presente do indicativo: Es lasu (Es lasu, \u201ceu leio\u201d)<\/strong><\/p>\n\n\n\n<p><strong>Passado: Es las\u012bju (Es las\u012bju, \u201ceu li\u201d)<\/strong><\/p>\n\n\n\n<p><strong>Tempo futuro: Es las\u012b\u0161u (Es las\u012b\u0161u, \u201ceu vou ler\u201d)<\/strong><\/p>\n\n\n\n<p>Como voc\u00ea pode ver, os finais mudam de acordo com o tempo. E isto nem sequer arranha a superf\u00edcie da conjuga\u00e7\u00e3o dos verbos em let\u00e3o! No entanto, n\u00e3o deixes que isso te desencoraje. Com pr\u00e1tica e paci\u00eancia, come\u00e7ar\u00e1s a reconhecer os padr\u00f5es e vencer\u00e1s este desafio.<\/p>\n\n\n\n<h3 class=\"wp-block-heading\" id=\"h-the-finishing-touches-latvian-adjectives-adverbs-and-more\">Os retoques finais: adjetivos, adv\u00e9rbios e muito mais<\/h3>\n\n\n\n<p>Quando se trata de adjetivos e adv\u00e9rbios let\u00f5es, eles desempenham um papel cr\u00edtico em adicionar profundidade e complexidade ao seu discurso. Os adjetivos devem concordar com os substantivos que modificam em termos de g\u00eanero e caso, com termina\u00e7\u00f5es que variam de acordo.<\/p>\n\n\n\n<p>Por exemplo, \u201cgar\u0161\u012bgs\u201d (gar\u0161\u012bgs) significa \u201cdelicioso\u201d, e poder\u00e1s v\u00ea-lo como \u201cgar\u0161\u012bgs \u0101bols\u201d (gar\u0161\u012bgs \u0101bols, \u201cma\u00e7\u00e3 deliciosa\u201d) ou \u201cgar\u0161\u012bga zupa\u201d (gar\u0161\u012bga zupa, \u201csopa deliciosa\u201d), com termina\u00e7\u00f5es diferentes para substantivos masculinos e femininos.<\/p>\n\n\n\n<p>Os adv\u00e9rbios geralmente seguem padr\u00f5es semelhantes, muitas vezes derivados de adjetivos. Em let\u00e3o, a maioria dos adv\u00e9rbios termina em -i, que \u00e9 a mesma forma do singular masculino acusativo para adjetivos.<\/p>\n\n\n\n<p>Em conclus\u00e3o, as complexidades e peculiaridades da gram\u00e1tica let\u00e3, apesar de desafiantes, conferem \u00e0 l\u00edngua a sua beleza e car\u00e1cter cativantes. Com uma combina\u00e7\u00e3o de persist\u00eancia, curiosidade e aplica\u00e7\u00e3o pr\u00e1tica, em breve navegar\u00e1s pela gram\u00e1tica let\u00e3 com facilidade e confian\u00e7a. Feliz aprendizado!<\/p>\n<\/div><\/div>\n\r\n<section class=\"learnNavigationSection\">\r\n            \r\n        <a href=\"https:\/\/talkpal.ai\/pt-pt\/aprender-letao\/\">\r\n            <div class=\"learnNavigationWrapper\">\r\n                <div class=\"learnNavigationContent\">\r\n                    <img decoding=\"async\" src=\"https:\/\/talkpal.ai\/wp-content\/uploads\/2024\/08\/Latvian.jpg\" alt=\"Latvian Flag\">\r\n                    <div>\r\n                        <h4>Acerca da aprendizagem do let\u00e3o<\/h4>\r\n                        <p>Descobre tudo sobre a gram\u00e1tica let\u00e3.<\/p>\r\n                    <\/div>\r\n                <\/div>\r\n            <\/div>\r\n        <\/a>\r\n\r\n        \r\n        <a href=\"https:\/\/talkpal.ai\/pt-pt\/exercicios-de-gramatica-leta\/\">\r\n            <div class=\"learnNavigationWrapper\">\r\n                <div class=\"learnNavigationContent\">\r\n                    <img decoding=\"async\" src=\"https:\/\/talkpal.ai\/wp-content\/uploads\/2024\/08\/Latvian.jpg\" alt=\"Latvian Flag\">\r\n                    <div>\r\n                        <h4>Exerc\u00edcio de gram\u00e1tica let\u00e3<\/h4>\r\n                        <p>Pratica a gram\u00e1tica let\u00e3.<\/p>\r\n                    <\/div>\r\n                <\/div>\r\n            <\/div>\r\n        <\/a>\r\n\r\n        \r\n        <a href=\"https:\/\/talkpal.ai\/vocabulary_language\/latvian\/\">\r\n            <div class=\"learnNavigationWrapper\">\r\n                <div class=\"learnNavigationContent\">\r\n                    <img decoding=\"async\" src=\"https:\/\/talkpal.ai\/wp-content\/uploads\/2024\/08\/Latvian.jpg\" alt=\"Latvian Flag\">\r\n                    <div>\r\n                        <h4>Vocabul\u00e1rio let\u00e3o<\/h4>\r\n                        <p>Amplia o teu vocabul\u00e1rio let\u00e3o.<\/p>\r\n                    <\/div>\r\n                <\/div>\r\n            <\/div>\r\n        <\/a>\r\n\r\n            <\/section>","protected":false},"excerpt":{"rendered":"<p>O Guia Definitivo da Gram\u00e1tica Let\u00e3: Navegando pelos meandros de uma L\u00edngua \u00danica A gram\u00e1tica let\u00e3, como a pr\u00f3pria l\u00edngua, apresenta uma rica e fascinante tape\u00e7aria de elementos lingu\u00edsticos. Como l\u00edngua b\u00e1ltica, o let\u00e3o encanta os alunos com suas diversas caracter\u00edsticas e desafia at\u00e9 mesmo os falantes mais proficientes. Neste guia, vamos explorar os princ\u00edpios [&hellip;]<\/p>\n","protected":false},"author":1,"featured_media":28450,"parent":0,"menu_order":0,"comment_status":"closed","ping_status":"closed","template":"LearningContentPage.php","meta":{"_acf_changed":false,"footnotes":""},"class_list":["post-145864","page","type-page","status-publish","has-post-thumbnail","hentry"],"acf":[],"yoast_head":"<!-- This site is optimized with the Yoast SEO Premium plugin v27.2 (Yoast SEO v27.2) - https:\/\/yoast.com\/product\/yoast-seo-premium-wordpress\/ -->\n<title>Gram\u00e1tica let\u00e3 - Talkpal<\/title>\n<meta name=\"description\" content=\"Domina a gram\u00e1tica let\u00e3 com confian\u00e7a - aprende regras, pratica a utiliza\u00e7\u00e3o e aumenta a precis\u00e3o da l\u00edngua facilmente com a orienta\u00e7\u00e3o personalizada da IA do Talkpala orienta\u00e7\u00e3o personalizada da IA.\" \/>\n<meta name=\"robots\" content=\"index, follow, max-snippet:-1, max-image-preview:large, max-video-preview:-1\" \/>\n<link rel=\"canonical\" href=\"https:\/\/talkpal.ai\/pt-pt\/gramatica-leta\/\" \/>\n<meta property=\"og:locale\" content=\"pt_PT\" \/>\n<meta property=\"og:type\" content=\"article\" \/>\n<meta property=\"og:title\" content=\"Gram\u00e1tica let\u00e3\" \/>\n<meta property=\"og:description\" content=\"O Guia Definitivo da Gram\u00e1tica Let\u00e3: Navegando pelos meandros de uma L\u00edngua \u00danica A gram\u00e1tica let\u00e3, como a pr\u00f3pria l\u00edngua, apresenta uma rica e fascinante\" \/>\n<meta property=\"og:url\" content=\"https:\/\/talkpal.ai\/pt-pt\/gramatica-leta\/\" \/>\n<meta property=\"og:site_name\" content=\"Talkpal\" \/>\n<meta property=\"article:publisher\" content=\"https:\/\/www.facebook.com\/profile.php?id=100090733639311\" \/>\n<meta property=\"article:modified_time\" content=\"2025-12-17T17:11:14+00:00\" \/>\n<meta property=\"og:image\" content=\"https:\/\/talkpal.ai\/wp-content\/uploads\/2023\/05\/latvia.png\" \/>\n\t<meta property=\"og:image:width\" content=\"512\" \/>\n\t<meta property=\"og:image:height\" content=\"512\" \/>\n\t<meta property=\"og:image:type\" content=\"image\/png\" \/>\n<meta name=\"twitter:card\" content=\"summary_large_image\" \/>\n<meta name=\"twitter:site\" content=\"@talkpalai\" \/>\n<meta name=\"twitter:label1\" content=\"Tempo estimado de leitura\" \/>\n\t<meta name=\"twitter:data1\" content=\"4 minutos\" \/>\n<script type=\"application\/ld+json\" class=\"yoast-schema-graph\">{\"@context\":\"https:\/\/schema.org\",\"@graph\":[{\"@type\":\"WebPage\",\"@id\":\"https:\/\/talkpal.ai\/pt-pt\/gramatica-leta\/\",\"url\":\"https:\/\/talkpal.ai\/pt-pt\/gramatica-leta\/\",\"name\":\"Gram\u00e1tica let\u00e3 - Talkpal\",\"isPartOf\":{\"@id\":\"https:\/\/talkpal.ai\/pt-pt\/#website\"},\"primaryImageOfPage\":{\"@id\":\"https:\/\/talkpal.ai\/pt-pt\/gramatica-leta\/#primaryimage\"},\"image\":{\"@id\":\"https:\/\/talkpal.ai\/pt-pt\/gramatica-leta\/#primaryimage\"},\"thumbnailUrl\":\"https:\/\/talkpal.ai\/wp-content\/uploads\/2023\/05\/latvia.png\",\"datePublished\":\"2023-05-14T14:10:24+00:00\",\"dateModified\":\"2025-12-17T17:11:14+00:00\",\"description\":\"Domina a gram\u00e1tica let\u00e3 com confian\u00e7a - aprende regras, pratica a utiliza\u00e7\u00e3o e aumenta a precis\u00e3o da l\u00edngua facilmente com a orienta\u00e7\u00e3o personalizada da IA do Talkpala orienta\u00e7\u00e3o personalizada da IA.\",\"breadcrumb\":{\"@id\":\"https:\/\/talkpal.ai\/pt-pt\/gramatica-leta\/#breadcrumb\"},\"inLanguage\":\"pt-PT\",\"potentialAction\":[{\"@type\":\"ReadAction\",\"target\":[\"https:\/\/talkpal.ai\/pt-pt\/gramatica-leta\/\"]}]},{\"@type\":\"ImageObject\",\"inLanguage\":\"pt-PT\",\"@id\":\"https:\/\/talkpal.ai\/pt-pt\/gramatica-leta\/#primaryimage\",\"url\":\"https:\/\/talkpal.ai\/wp-content\/uploads\/2023\/05\/latvia.png\",\"contentUrl\":\"https:\/\/talkpal.ai\/wp-content\/uploads\/2023\/05\/latvia.png\",\"width\":512,\"height\":512},{\"@type\":\"BreadcrumbList\",\"@id\":\"https:\/\/talkpal.ai\/pt-pt\/gramatica-leta\/#breadcrumb\",\"itemListElement\":[{\"@type\":\"ListItem\",\"position\":1,\"name\":\"Homepage\",\"item\":\"https:\/\/talkpal.ai\/pt-pt\/\"},{\"@type\":\"ListItem\",\"position\":2,\"name\":\"Gram\u00e1tica let\u00e3\"}]},{\"@type\":\"WebSite\",\"@id\":\"https:\/\/talkpal.ai\/pt-pt\/#website\",\"url\":\"https:\/\/talkpal.ai\/pt-pt\/\",\"name\":\"Talkpal\",\"description\":\"AI Language Learning\",\"publisher\":{\"@id\":\"https:\/\/talkpal.ai\/pt-pt\/#organization\"},\"alternateName\":\"Talkpal AI\",\"potentialAction\":[{\"@type\":\"SearchAction\",\"target\":{\"@type\":\"EntryPoint\",\"urlTemplate\":\"https:\/\/talkpal.ai\/pt-pt\/?s={search_term_string}\"},\"query-input\":{\"@type\":\"PropertyValueSpecification\",\"valueRequired\":true,\"valueName\":\"search_term_string\"}}],\"inLanguage\":\"pt-PT\"},{\"@type\":\"Organization\",\"@id\":\"https:\/\/talkpal.ai\/pt-pt\/#organization\",\"name\":\"Talkpal, Inc.\",\"alternateName\":\"Talkpal AI\",\"url\":\"https:\/\/talkpal.ai\/pt-pt\/\",\"logo\":{\"@type\":\"ImageObject\",\"inLanguage\":\"pt-PT\",\"@id\":\"https:\/\/talkpal.ai\/pt-pt\/#\/schema\/logo\/image\/\",\"url\":\"https:\/\/talkpal.ai\/wp-content\/uploads\/2024\/03\/Talkpal-Logo-Icon.png\",\"contentUrl\":\"https:\/\/talkpal.ai\/wp-content\/uploads\/2024\/03\/Talkpal-Logo-Icon.png\",\"width\":2880,\"height\":2880,\"caption\":\"Talkpal, Inc.\"},\"image\":{\"@id\":\"https:\/\/talkpal.ai\/pt-pt\/#\/schema\/logo\/image\/\"},\"sameAs\":[\"https:\/\/www.facebook.com\/profile.php?id=100090733639311\",\"https:\/\/x.com\/talkpalai\",\"https:\/\/www.linkedin.com\/company\/talkpal\/\",\"https:\/\/www.youtube.com\/@TalkPal\/\",\"https:\/\/www.tiktok.com\/@talkpal\",\"https:\/\/www.instagram.com\/talkpal_ai\/\",\"https:\/\/www.crunchbase.com\/organization\/talkpal-9cde\",\"https:\/\/www.g2.com\/products\/talkpal-for-business\/\",\"https:\/\/www.trustpilot.com\/review\/talkpal.ai\",\"https:\/\/www.capterra.com\/p\/10006800\/TalkPal\/\"],\"description\":\"Talkpal is a language learning web and mobile education app, powered by the latest AI technologies, that provides engaging experiences to its customers in many different languages to help them improve their language skills. Users can chat about unlimited amount of topics with the app and use other modes to practice their language learning.\",\"email\":\"support@talkpal.ai\",\"legalName\":\"Talkpal, Inc.\",\"foundingDate\":\"2023-04-03\",\"duns\":\"118989042\",\"numberOfEmployees\":{\"@type\":\"QuantitativeValue\",\"minValue\":\"11\",\"maxValue\":\"50\"},\"publishingPrinciples\":\"https:\/\/talkpal.ai\/publishing-principles\/\",\"actionableFeedbackPolicy\":\"https:\/\/talkpal.ai\/actionable-feedback-policy\/\",\"correctionsPolicy\":\"https:\/\/talkpal.ai\/corrections-policy\/\",\"ethicsPolicy\":\"https:\/\/talkpal.ai\/ethics-policy\/\",\"diversityPolicy\":\"https:\/\/talkpal.ai\/diversity-policy\/\",\"diversityStaffingReport\":\"https:\/\/talkpal.ai\/diversity-policy\/\"}]}<\/script>\n<!-- \/ Yoast SEO Premium plugin. -->","yoast_head_json":{"title":"Gram\u00e1tica let\u00e3 - Talkpal","description":"Domina a gram\u00e1tica let\u00e3 com confian\u00e7a - aprende regras, pratica a utiliza\u00e7\u00e3o e aumenta a precis\u00e3o da l\u00edngua facilmente com a orienta\u00e7\u00e3o personalizada da IA do Talkpala orienta\u00e7\u00e3o personalizada da IA.","robots":{"index":"index","follow":"follow","max-snippet":"max-snippet:-1","max-image-preview":"max-image-preview:large","max-video-preview":"max-video-preview:-1"},"canonical":"https:\/\/talkpal.ai\/pt-pt\/gramatica-leta\/","og_locale":"pt_PT","og_type":"article","og_title":"Gram\u00e1tica let\u00e3","og_description":"O Guia Definitivo da Gram\u00e1tica Let\u00e3: Navegando pelos meandros de uma L\u00edngua \u00danica A gram\u00e1tica let\u00e3, como a pr\u00f3pria l\u00edngua, apresenta uma rica e fascinante","og_url":"https:\/\/talkpal.ai\/pt-pt\/gramatica-leta\/","og_site_name":"Talkpal","article_publisher":"https:\/\/www.facebook.com\/profile.php?id=100090733639311","article_modified_time":"2025-12-17T17:11:14+00:00","og_image":[{"width":512,"height":512,"url":"https:\/\/talkpal.ai\/wp-content\/uploads\/2023\/05\/latvia.png","type":"image\/png"}],"twitter_card":"summary_large_image","twitter_site":"@talkpalai","twitter_misc":{"Tempo estimado de leitura":"4 minutos"},"schema":{"@context":"https:\/\/schema.org","@graph":[{"@type":"WebPage","@id":"https:\/\/talkpal.ai\/pt-pt\/gramatica-leta\/","url":"https:\/\/talkpal.ai\/pt-pt\/gramatica-leta\/","name":"Gram\u00e1tica let\u00e3 - Talkpal","isPartOf":{"@id":"https:\/\/talkpal.ai\/pt-pt\/#website"},"primaryImageOfPage":{"@id":"https:\/\/talkpal.ai\/pt-pt\/gramatica-leta\/#primaryimage"},"image":{"@id":"https:\/\/talkpal.ai\/pt-pt\/gramatica-leta\/#primaryimage"},"thumbnailUrl":"https:\/\/talkpal.ai\/wp-content\/uploads\/2023\/05\/latvia.png","datePublished":"2023-05-14T14:10:24+00:00","dateModified":"2025-12-17T17:11:14+00:00","description":"Domina a gram\u00e1tica let\u00e3 com confian\u00e7a - aprende regras, pratica a utiliza\u00e7\u00e3o e aumenta a precis\u00e3o da l\u00edngua facilmente com a orienta\u00e7\u00e3o personalizada da IA do Talkpala orienta\u00e7\u00e3o personalizada da IA.","breadcrumb":{"@id":"https:\/\/talkpal.ai\/pt-pt\/gramatica-leta\/#breadcrumb"},"inLanguage":"pt-PT","potentialAction":[{"@type":"ReadAction","target":["https:\/\/talkpal.ai\/pt-pt\/gramatica-leta\/"]}]},{"@type":"ImageObject","inLanguage":"pt-PT","@id":"https:\/\/talkpal.ai\/pt-pt\/gramatica-leta\/#primaryimage","url":"https:\/\/talkpal.ai\/wp-content\/uploads\/2023\/05\/latvia.png","contentUrl":"https:\/\/talkpal.ai\/wp-content\/uploads\/2023\/05\/latvia.png","width":512,"height":512},{"@type":"BreadcrumbList","@id":"https:\/\/talkpal.ai\/pt-pt\/gramatica-leta\/#breadcrumb","itemListElement":[{"@type":"ListItem","position":1,"name":"Homepage","item":"https:\/\/talkpal.ai\/pt-pt\/"},{"@type":"ListItem","position":2,"name":"Gram\u00e1tica let\u00e3"}]},{"@type":"WebSite","@id":"https:\/\/talkpal.ai\/pt-pt\/#website","url":"https:\/\/talkpal.ai\/pt-pt\/","name":"Talkpal","description":"AI Language Learning","publisher":{"@id":"https:\/\/talkpal.ai\/pt-pt\/#organization"},"alternateName":"Talkpal AI","potentialAction":[{"@type":"SearchAction","target":{"@type":"EntryPoint","urlTemplate":"https:\/\/talkpal.ai\/pt-pt\/?s={search_term_string}"},"query-input":{"@type":"PropertyValueSpecification","valueRequired":true,"valueName":"search_term_string"}}],"inLanguage":"pt-PT"},{"@type":"Organization","@id":"https:\/\/talkpal.ai\/pt-pt\/#organization","name":"Talkpal, Inc.","alternateName":"Talkpal AI","url":"https:\/\/talkpal.ai\/pt-pt\/","logo":{"@type":"ImageObject","inLanguage":"pt-PT","@id":"https:\/\/talkpal.ai\/pt-pt\/#\/schema\/logo\/image\/","url":"https:\/\/talkpal.ai\/wp-content\/uploads\/2024\/03\/Talkpal-Logo-Icon.png","contentUrl":"https:\/\/talkpal.ai\/wp-content\/uploads\/2024\/03\/Talkpal-Logo-Icon.png","width":2880,"height":2880,"caption":"Talkpal, Inc."},"image":{"@id":"https:\/\/talkpal.ai\/pt-pt\/#\/schema\/logo\/image\/"},"sameAs":["https:\/\/www.facebook.com\/profile.php?id=100090733639311","https:\/\/x.com\/talkpalai","https:\/\/www.linkedin.com\/company\/talkpal\/","https:\/\/www.youtube.com\/@TalkPal\/","https:\/\/www.tiktok.com\/@talkpal","https:\/\/www.instagram.com\/talkpal_ai\/","https:\/\/www.crunchbase.com\/organization\/talkpal-9cde","https:\/\/www.g2.com\/products\/talkpal-for-business\/","https:\/\/www.trustpilot.com\/review\/talkpal.ai","https:\/\/www.capterra.com\/p\/10006800\/TalkPal\/"],"description":"Talkpal is a language learning web and mobile education app, powered by the latest AI technologies, that provides engaging experiences to its customers in many different languages to help them improve their language skills. Users can chat about unlimited amount of topics with the app and use other modes to practice their language learning.","email":"support@talkpal.ai","legalName":"Talkpal, Inc.","foundingDate":"2023-04-03","duns":"118989042","numberOfEmployees":{"@type":"QuantitativeValue","minValue":"11","maxValue":"50"},"publishingPrinciples":"https:\/\/talkpal.ai\/publishing-principles\/","actionableFeedbackPolicy":"https:\/\/talkpal.ai\/actionable-feedback-policy\/","correctionsPolicy":"https:\/\/talkpal.ai\/corrections-policy\/","ethicsPolicy":"https:\/\/talkpal.ai\/ethics-policy\/","diversityPolicy":"https:\/\/talkpal.ai\/diversity-policy\/","diversityStaffingReport":"https:\/\/talkpal.ai\/diversity-policy\/"}]}},"_links":{"self":[{"href":"https:\/\/talkpal.ai\/pt-pt\/wp-json\/wp\/v2\/pages\/145864","targetHints":{"allow":["GET"]}}],"collection":[{"href":"https:\/\/talkpal.ai\/pt-pt\/wp-json\/wp\/v2\/pages"}],"about":[{"href":"https:\/\/talkpal.ai\/pt-pt\/wp-json\/wp\/v2\/types\/page"}],"author":[{"embeddable":true,"href":"https:\/\/talkpal.ai\/pt-pt\/wp-json\/wp\/v2\/users\/1"}],"replies":[{"embeddable":true,"href":"https:\/\/talkpal.ai\/pt-pt\/wp-json\/wp\/v2\/comments?post=145864"}],"version-history":[{"count":0,"href":"https:\/\/talkpal.ai\/pt-pt\/wp-json\/wp\/v2\/pages\/145864\/revisions"}],"wp:featuredmedia":[{"embeddable":true,"href":"https:\/\/talkpal.ai\/pt-pt\/wp-json\/wp\/v2\/media\/28450"}],"wp:attachment":[{"href":"https:\/\/talkpal.ai\/pt-pt\/wp-json\/wp\/v2\/media?parent=145864"}],"curies":[{"name":"wp","href":"https:\/\/api.w.org\/{rel}","templated":true}]}}