{"id":145496,"date":"2023-05-14T14:09:47","date_gmt":"2023-05-14T14:09:47","guid":{"rendered":"http:\/\/talkpal.ai\/gramatica-kannada\/"},"modified":"2025-12-11T16:20:04","modified_gmt":"2025-12-11T16:20:04","slug":"gramatica-kannada","status":"publish","type":"page","link":"https:\/\/talkpal.ai\/pt-pt\/gramatica-kannada\/","title":{"rendered":"Gram\u00e1tica Kannada"},"content":{"rendered":"\r\n\r\n\r\n<section class=\"languageChallengeSection\">\r\n    <div class=\"languageInfoWrapper\">\r\n        \r\n        <h1>Gram\u00e1tica Kannada<\/h1>\r\n        <p>Est\u00e1s ansioso por explorar o <a href=\"https:\/\/talkpal.ai\/learn-kannada\/\">Kannada<\/a>? Mergulha na <a href=\"https:\/\/talkpal.ai\/es\/gramatica-kannada\/\">gram\u00e1tica Kannada<\/a>, que apresenta conjuga\u00e7\u00f5es verbais ricas, substantivos com g\u00e9nero e um sistema de casos l\u00f3gico que d\u00e1 vida \u00e0 l\u00edngua. Come\u00e7a a aprender hoje &#8211; dominar a <a href=\"https:\/\/talkpal.ai\/es\/gramatica-kannada\/\">gram\u00e1tica Kannada<\/a> vai dar-te as ferramentas para te ligares profundamente \u00e0 cultura vibrante de Karnataka e comunicares com confian\u00e7a numa das l\u00ednguas mais expressivas do Sul da \u00cdndia!<\/p>\r\n\r\n                            <a class=\"getStartedHidden\" href=\"https:\/\/app.talkpal.ai\/pt-pt\/signup?lng=\">Come\u00e7a<\/a>\r\n        \r\n    <\/div>\r\n\r\n    <figure>\r\n    <img decoding=\"async\" width=\"768\" height=\"768\" src=\"https:\/\/talkpal.ai\/wp-content\/uploads\/2023\/06\/Kannada-768x768.png\" class=\"languageImage no-lazy\" alt=\"Default alt text\" fetchpriority=\"high\" sizes=\"(max-width: 768px) 150px, 768px\" srcset=\"https:\/\/talkpal.ai\/wp-content\/uploads\/2023\/06\/Kannada-768x768.png 768w, https:\/\/talkpal.ai\/wp-content\/uploads\/2023\/06\/Kannada-300x300.png 300w\" \/>\r\n    \r\n\r\n    <\/figure>\r\n\r\n            <a class=\"getStartedVisible\" href=\"https:\/\/app.talkpal.ai\/pt-pt\/signup?lng=\">Come\u00e7a<\/a>\r\n    \r\n<\/section>\r\n        <section class=\"grammarSection\">\r\n            <div class=\"grammarLinks\">\r\n                <a href=\"https:\/\/talkpal.ai\/pt-pt\/language\/adjetivos-gramatica-kannada-pt-pt\/\">Adjetivos <\/a><a href=\"https:\/\/talkpal.ai\/pt-pt\/language\/adverbios-gramatica-kannada-pt-pt\/\">Adv\u00e9rbios <\/a><a href=\"https:\/\/talkpal.ai\/pt-pt\/language\/artigos-gramatica-kannada\/\">Artigos <\/a><a href=\"https:\/\/talkpal.ai\/pt-pt\/language\/comparacao-de-tempos-gramatica-kannada\/\">Compara\u00e7\u00e3o de Tempos <\/a><a href=\"https:\/\/talkpal.ai\/pt-pt\/language\/condicionais-gramatica-kannada\/\">Condicionais <\/a><a href=\"https:\/\/talkpal.ai\/pt-pt\/language\/frases-gramatica-kannada\/\">Frases <\/a><a href=\"https:\/\/talkpal.ai\/pt-pt\/language\/preposicoes-gramatica-kannada\/\">Preposi\u00e7\u00f5es <\/a><a href=\"https:\/\/talkpal.ai\/pt-pt\/language\/progressivo-gramatica-kannada\/\">Progressivo <\/a><a href=\"https:\/\/talkpal.ai\/pt-pt\/language\/progressivo-perfeito-gramatica-kannada\/\">Progressivo Perfeito <\/a><a href=\"https:\/\/talkpal.ai\/pt-pt\/language\/pronomes-determinantes-gramatica-kannada\/\">Pronomes\/Determinantes <\/a><a href=\"https:\/\/talkpal.ai\/pt-pt\/language\/substantivos-gramatica-kannada\/\">Substantivos <\/a><a href=\"https:\/\/talkpal.ai\/pt-pt\/language\/tempos-verbais-gramatica-kannada\/\">Tempos Verbais <\/a><a href=\"https:\/\/talkpal.ai\/pt-pt\/language\/verbos-gramatica-kannada-pt-pt\/\">Verbos <\/a>            <\/div>\r\n        <\/section>\r\n    <section class=\"promotionalBanner\">\r\n    <p class=\"promotionalText\">A maneira mais eficiente de aprender um idioma<\/p>\r\n    <a class=\"promotionalLink\" href=\"https:\/\/app.talkpal.ai\/pt-pt\/signup?lng=\">Experimente o Talkpal gratuitamente<\/a>\r\n<\/section>\n<div class=\"wp-block-group pageContainerStyle\"><div class=\"wp-block-group__inner-container is-layout-constrained wp-block-group-is-layout-constrained\">\n<h2 class=\"wp-block-heading\" id=\"h-kannada-grammar-an-insight-into-the-richness-of-the-dravidian-language\">Gram\u00e1tica Kannada: Uma Vis\u00e3o da Riqueza da L\u00edngua Dravidiana<\/h2>\n\n\n\n<p>Voc\u00ea j\u00e1 se perguntou sobre a <a href=\"https:\/\/talkpal.ai\/pt-pt\/culture\/a-diversidade-linguistica-das-tradicoes-ciganas-em-portugal\/\">diversidade lingu\u00edstica<\/a> da \u00cdndia? <a href=\"https:\/\/talkpal.ai\/locations\/language-courses-in-como\/\">Como<\/a> um entusiasta da l\u00edngua ou um aprendiz curioso, voc\u00ea pode estar interessado em dar uma olhada mais de perto em uma das l\u00ednguas cl\u00e1ssicas da \u00cdndia &#8211; Kannada. Kannada \u00e9 uma l\u00edngua dravidiana falada predominantemente no sul do estado de Karnataka. \u00c9 a l\u00edngua nativa de aproximadamente 44 milh\u00f5es de pessoas, tornando-se uma das principais l\u00ednguas ind\u00edgenas. Vamos mergulhar no fascinante mundo da gram\u00e1tica Kannada e aprender mais sobre esta bela l\u00edngua.<\/p>\n\n\n\n<h3 class=\"wp-block-heading\" id=\"h-the-linguistic-alphabet-kannada-script\">O Alfabeto Lingu\u00edstico: Escrita Kannada<\/h3>\n\n\n\n<p>A escrita Kannada, tamb\u00e9m conhecida <a href=\"https:\/\/talkpal.ai\/locations\/language-courses-in-como\/\">como<\/a> \u201c\u0c95\u0ca8\u0ccd\u0ca8\u0ca1 \u0cb2\u0cbf\u0caa\u0cbf\u201d (Kannada Lipi), \u00e9 um abugida &#8211; um sistema de escrita com alfabetos sil\u00e1bicos. Cada letra representa uma combina\u00e7\u00e3o consoante-vogal diferente. A escrita \u00e9 composta por 49 caracteres, incluindo 34 consoantes e 13 vogais. Com uma apar\u00eancia visualmente distinta, a escrita Kannada \u00e9 uma forma maravilhosamente \u00fanica de transmitir os sons e os significados da l\u00edngua.<\/p>\n\n\n\n<h3 class=\"wp-block-heading\" id=\"h-nouns-pronouns-and-cases-more-than-meets-the-eye\">Substantivos, Pronomes e Casos \u2013 Mais do que Atende aos Olhos<\/h3>\n\n\n\n<p>Os substantivos kannada s\u00e3o \u00fanicos devido ao seu sistema de declina\u00e7\u00e3o \u2013 eles seguem um sistema de casos muito parecido com outras l\u00ednguas dravidianas. H\u00e1 oito casos em Kannada, que ajudam a definir a rela\u00e7\u00e3o entre o substantivo e as outras palavras da frase: nominativo, acusativo, instrumental, dativo, ablativo, genitivo, locativo e vocativo. Os substantivos em Kannada tamb\u00e9m s\u00e3o classificados de acordo com o g\u00eanero (masculino, feminino e neutro) e n\u00famero (singular, plural e dual \u2013 uma caracter\u00edstica rara entre as l\u00ednguas indianas).<\/p>\n\n\n\n<p>Pronomes em Kannada tamb\u00e9m s\u00e3o fascinantes. Eles carregam distin\u00e7\u00f5es para cada pessoa (primeira, segunda e terceira), n\u00famero (singular, plural e dual) e g\u00eanero (masculino, feminino e neutro). Al\u00e9m disso, o Kannada tem v\u00e1rias formas honor\u00edficas de tratamento, demonstrando os aspectos culturais de respeito e polidez da l\u00edngua.<\/p>\n\n\n\n<h3 class=\"wp-block-heading\" id=\"h-venturing-into-verbs-tenses-aspects-and-moods\">Aventurando-se em Verbos: Tempos, Aspectos e Humores<\/h3>\n\n\n\n<p>Os verbos kannada s\u00e3o caracterizados por um rico sistema de conjuga\u00e7\u00e3o. Os verbos s\u00e3o conjugados de acordo com o tempo (passado, <a href=\"https:\/\/talkpal.ai\/zh-hans\/grammar_exercises\/presente-%e8%a5%bf%e7%8f%ad%e7%89%99%e8%af%ad%e6%b3%95%e7%bb%83%e4%b9%a0\/\">presente<\/a> e <a href=\"https:\/\/talkpal.ai\/ja\/grammar_exercises\/futuro-%e3%82%b9%e3%83%9a%e3%82%a4%e3%83%b3%e8%aa%9e%e3%81%ae%e6%96%87%e6%b3%95%e3%81%ae%e6%bc%94%e7%bf%92\/\">futuro<\/a>), aspecto (perfectivo ou imperfectivo) e humor (indicativo, <a href=\"https:\/\/talkpal.ai\/ar\/grammar_exercises\/imperativo-%d8%aa%d9%85%d8%a7%d8%b1%d9%8a%d9%86-%d9%84%d9%82%d9%88%d8%a7%d8%b9%d8%af-%d8%a7%d9%84%d9%84%d8%ba%d8%a9-%d8%a7%d9%84%d8%a5%d8%b3%d8%a8%d8%a7%d9%86%d9%8a%d8%a9\/\">imperativo<\/a> e condicional). Maior complexidade \u00e9 adicionada com a presen\u00e7a de verbos causadores e vozes passivas e ativas. A conjuga\u00e7\u00e3o depende da pessoa, n\u00famero e g\u00eanero, tornando as formas verbais Kannada altamente flexionadas e intrincadas.<\/p>\n\n\n\n<h3 class=\"wp-block-heading\" id=\"h-adjectives-adverbs-and-more\">Adjetivos, Adv\u00e9rbios e muito mais<\/h3>\n\n\n\n<p>Os adjetivos e numerais kannada concordam com os substantivos que modificam em termos de g\u00eanero, n\u00famero e caso. Os adjetivos podem ser flexionados da mesma forma que os substantivos e podem at\u00e9 ser combinados para formar adv\u00e9rbios. A linguagem tamb\u00e9m usa v\u00e1rias conjun\u00e7\u00f5es, part\u00edculas e preposi\u00e7\u00f5es para reunir ora\u00e7\u00f5es e seus componentes em um todo coeso e expressivo.<\/p>\n\n\n\n<h3 class=\"wp-block-heading\" id=\"h-embracing-the-beauty-of-kannada-grammar\">Abra\u00e7ando a Beleza da Gram\u00e1tica Kannada<\/h3>\n\n\n\n<p>O mundo da gram\u00e1tica kannada \u00e9 t\u00e3o fascinante quanto complexo. O intrincado sistema de casos, a escrita \u00fanica e as formas verbais altamente flexionadas d\u00e3o a Kannada seu charme e riqueza. Ao mergulhar nos dom\u00ednios desta l\u00edngua requintada, voc\u00ea ganha uma compreens\u00e3o mais profunda da diversidade lingu\u00edstica e cultural da \u00cdndia.<\/p>\n\n\n\n<p>Ent\u00e3o, por que n\u00e3o explorar ainda mais a beleza de Kannada? Com paix\u00e3o e curiosidade, voc\u00ea logo poder\u00e1 se encontrar desfrutando da espl\u00eandida literatura, cinema e m\u00fasica nesta majestosa l\u00edngua. Feliz aprendizado!<\/p>\n<\/div><\/div>\n\r\n<section class=\"learnNavigationSection\">\r\n            \r\n        <a href=\"https:\/\/talkpal.ai\/pt-pt\/aprender-kannada\/\">\r\n            <div class=\"learnNavigationWrapper\">\r\n                <div class=\"learnNavigationContent\">\r\n                    <img decoding=\"async\" src=\"https:\/\/talkpal.ai\/wp-content\/uploads\/2024\/08\/Kannada.jpg\" alt=\"Indian Simplified Flag\">\r\n                    <div>\r\n                        <h4>Sobre a aprendizagem de Kannada<\/h4>\r\n                        <p>Descobre tudo sobre a gram\u00e1tica Kannada.<\/p>\r\n                    <\/div>\r\n                <\/div>\r\n            <\/div>\r\n        <\/a>\r\n\r\n        \r\n        <a href=\"https:\/\/talkpal.ai\/pt-pt\/exercicios-de-gramatica-kannada\/\">\r\n            <div class=\"learnNavigationWrapper\">\r\n                <div class=\"learnNavigationContent\">\r\n                    <img decoding=\"async\" src=\"https:\/\/talkpal.ai\/wp-content\/uploads\/2024\/08\/Kannada.jpg\" alt=\"Indian Simplified Flag\">\r\n                    <div>\r\n                        <h4>Exerc\u00edcio de gram\u00e1tica Kannada<\/h4>\r\n                        <p>Pratica a gram\u00e1tica Kannada.<\/p>\r\n                    <\/div>\r\n                <\/div>\r\n            <\/div>\r\n        <\/a>\r\n\r\n        \r\n        <a href=\"https:\/\/talkpal.ai\/vocabulary_language\/kannada\/\">\r\n            <div class=\"learnNavigationWrapper\">\r\n                <div class=\"learnNavigationContent\">\r\n                    <img decoding=\"async\" src=\"https:\/\/talkpal.ai\/wp-content\/uploads\/2024\/08\/Kannada.jpg\" alt=\"Indian Simplified Flag\">\r\n                    <div>\r\n                        <h4>Vocabul\u00e1rio Kannada<\/h4>\r\n                        <p>Amplia o teu vocabul\u00e1rio em Kannada.<\/p>\r\n                    <\/div>\r\n                <\/div>\r\n            <\/div>\r\n        <\/a>\r\n\r\n            <\/section>","protected":false},"excerpt":{"rendered":"<p>Gram\u00e1tica Kannada: Uma Vis\u00e3o da Riqueza da L\u00edngua Dravidiana Voc\u00ea j\u00e1 se perguntou sobre a diversidade lingu\u00edstica da \u00cdndia? Como um entusiasta da l\u00edngua ou um aprendiz curioso, voc\u00ea pode estar interessado em dar uma olhada mais de perto em uma das l\u00ednguas cl\u00e1ssicas da \u00cdndia &#8211; Kannada. Kannada \u00e9 uma l\u00edngua dravidiana falada predominantemente [&hellip;]<\/p>\n","protected":false},"author":1,"featured_media":28418,"parent":0,"menu_order":0,"comment_status":"closed","ping_status":"closed","template":"LearningContentPage.php","meta":{"_acf_changed":false,"footnotes":""},"class_list":["post-145496","page","type-page","status-publish","has-post-thumbnail","hentry"],"acf":[],"yoast_head":"<!-- This site is optimized with the Yoast SEO Premium plugin v27.2 (Yoast SEO v27.2) - https:\/\/yoast.com\/product\/yoast-seo-premium-wordpress\/ -->\n<title>Gram\u00e1tica Kannada - Talkpal<\/title>\n<meta name=\"description\" content=\"Aprende a gram\u00e1tica Kannada com confian\u00e7a - compreende as principais regras, aperfei\u00e7oa a constru\u00e7\u00e3o de frases e aumenta a flu\u00eancia\" \/>\n<meta name=\"robots\" content=\"index, follow, max-snippet:-1, max-image-preview:large, max-video-preview:-1\" \/>\n<link rel=\"canonical\" href=\"https:\/\/talkpal.ai\/pt-pt\/gramatica-kannada\/\" \/>\n<meta property=\"og:locale\" content=\"pt_PT\" \/>\n<meta property=\"og:type\" content=\"article\" \/>\n<meta property=\"og:title\" content=\"Gram\u00e1tica Kannada\" \/>\n<meta property=\"og:description\" content=\"Gram\u00e1tica Kannada: Uma Vis\u00e3o da Riqueza da L\u00edngua Dravidiana Voc\u00ea j\u00e1 se perguntou sobre a diversidade lingu\u00edstica da \u00cdndia? Como um entusiasta da l\u00edngua\" \/>\n<meta property=\"og:url\" content=\"https:\/\/talkpal.ai\/pt-pt\/gramatica-kannada\/\" \/>\n<meta property=\"og:site_name\" content=\"Talkpal\" \/>\n<meta property=\"article:publisher\" content=\"https:\/\/www.facebook.com\/profile.php?id=100090733639311\" \/>\n<meta property=\"article:modified_time\" content=\"2025-12-11T16:20:04+00:00\" \/>\n<meta property=\"og:image\" content=\"https:\/\/talkpal.ai\/wp-content\/uploads\/2023\/05\/Kannada-india.png\" \/>\n\t<meta property=\"og:image:width\" content=\"512\" \/>\n\t<meta property=\"og:image:height\" content=\"512\" \/>\n\t<meta property=\"og:image:type\" content=\"image\/png\" \/>\n<meta name=\"twitter:card\" content=\"summary_large_image\" \/>\n<meta name=\"twitter:site\" content=\"@talkpalai\" \/>\n<meta name=\"twitter:label1\" content=\"Tempo estimado de leitura\" \/>\n\t<meta name=\"twitter:data1\" content=\"3 minutos\" \/>\n<script type=\"application\/ld+json\" class=\"yoast-schema-graph\">{\"@context\":\"https:\/\/schema.org\",\"@graph\":[{\"@type\":\"WebPage\",\"@id\":\"https:\/\/talkpal.ai\/pt-pt\/gramatica-kannada\/\",\"url\":\"https:\/\/talkpal.ai\/pt-pt\/gramatica-kannada\/\",\"name\":\"Gram\u00e1tica Kannada - Talkpal\",\"isPartOf\":{\"@id\":\"https:\/\/talkpal.ai\/pt-pt\/#website\"},\"primaryImageOfPage\":{\"@id\":\"https:\/\/talkpal.ai\/pt-pt\/gramatica-kannada\/#primaryimage\"},\"image\":{\"@id\":\"https:\/\/talkpal.ai\/pt-pt\/gramatica-kannada\/#primaryimage\"},\"thumbnailUrl\":\"https:\/\/talkpal.ai\/wp-content\/uploads\/2023\/05\/Kannada-india.png\",\"datePublished\":\"2023-05-14T14:09:47+00:00\",\"dateModified\":\"2025-12-11T16:20:04+00:00\",\"description\":\"Aprende a gram\u00e1tica Kannada com confian\u00e7a - compreende as principais regras, aperfei\u00e7oa a constru\u00e7\u00e3o de frases e aumenta a flu\u00eancia\",\"breadcrumb\":{\"@id\":\"https:\/\/talkpal.ai\/pt-pt\/gramatica-kannada\/#breadcrumb\"},\"inLanguage\":\"pt-PT\",\"potentialAction\":[{\"@type\":\"ReadAction\",\"target\":[\"https:\/\/talkpal.ai\/pt-pt\/gramatica-kannada\/\"]}]},{\"@type\":\"ImageObject\",\"inLanguage\":\"pt-PT\",\"@id\":\"https:\/\/talkpal.ai\/pt-pt\/gramatica-kannada\/#primaryimage\",\"url\":\"https:\/\/talkpal.ai\/wp-content\/uploads\/2023\/05\/Kannada-india.png\",\"contentUrl\":\"https:\/\/talkpal.ai\/wp-content\/uploads\/2023\/05\/Kannada-india.png\",\"width\":512,\"height\":512},{\"@type\":\"BreadcrumbList\",\"@id\":\"https:\/\/talkpal.ai\/pt-pt\/gramatica-kannada\/#breadcrumb\",\"itemListElement\":[{\"@type\":\"ListItem\",\"position\":1,\"name\":\"Homepage\",\"item\":\"https:\/\/talkpal.ai\/pt-pt\/\"},{\"@type\":\"ListItem\",\"position\":2,\"name\":\"Gram\u00e1tica Kannada\"}]},{\"@type\":\"WebSite\",\"@id\":\"https:\/\/talkpal.ai\/pt-pt\/#website\",\"url\":\"https:\/\/talkpal.ai\/pt-pt\/\",\"name\":\"Talkpal\",\"description\":\"AI Language Learning\",\"publisher\":{\"@id\":\"https:\/\/talkpal.ai\/pt-pt\/#organization\"},\"alternateName\":\"Talkpal AI\",\"potentialAction\":[{\"@type\":\"SearchAction\",\"target\":{\"@type\":\"EntryPoint\",\"urlTemplate\":\"https:\/\/talkpal.ai\/pt-pt\/?s={search_term_string}\"},\"query-input\":{\"@type\":\"PropertyValueSpecification\",\"valueRequired\":true,\"valueName\":\"search_term_string\"}}],\"inLanguage\":\"pt-PT\"},{\"@type\":\"Organization\",\"@id\":\"https:\/\/talkpal.ai\/pt-pt\/#organization\",\"name\":\"Talkpal, Inc.\",\"alternateName\":\"Talkpal AI\",\"url\":\"https:\/\/talkpal.ai\/pt-pt\/\",\"logo\":{\"@type\":\"ImageObject\",\"inLanguage\":\"pt-PT\",\"@id\":\"https:\/\/talkpal.ai\/pt-pt\/#\/schema\/logo\/image\/\",\"url\":\"https:\/\/talkpal.ai\/wp-content\/uploads\/2024\/03\/Talkpal-Logo-Icon.png\",\"contentUrl\":\"https:\/\/talkpal.ai\/wp-content\/uploads\/2024\/03\/Talkpal-Logo-Icon.png\",\"width\":2880,\"height\":2880,\"caption\":\"Talkpal, Inc.\"},\"image\":{\"@id\":\"https:\/\/talkpal.ai\/pt-pt\/#\/schema\/logo\/image\/\"},\"sameAs\":[\"https:\/\/www.facebook.com\/profile.php?id=100090733639311\",\"https:\/\/x.com\/talkpalai\",\"https:\/\/www.linkedin.com\/company\/talkpal\/\",\"https:\/\/www.youtube.com\/@TalkPal\/\",\"https:\/\/www.tiktok.com\/@talkpal\",\"https:\/\/www.instagram.com\/talkpal_ai\/\",\"https:\/\/www.crunchbase.com\/organization\/talkpal-9cde\",\"https:\/\/www.g2.com\/products\/talkpal-for-business\/\",\"https:\/\/www.trustpilot.com\/review\/talkpal.ai\",\"https:\/\/www.capterra.com\/p\/10006800\/TalkPal\/\"],\"description\":\"Talkpal is a language learning web and mobile education app, powered by the latest AI technologies, that provides engaging experiences to its customers in many different languages to help them improve their language skills. Users can chat about unlimited amount of topics with the app and use other modes to practice their language learning.\",\"email\":\"support@talkpal.ai\",\"legalName\":\"Talkpal, Inc.\",\"foundingDate\":\"2023-04-03\",\"duns\":\"118989042\",\"numberOfEmployees\":{\"@type\":\"QuantitativeValue\",\"minValue\":\"11\",\"maxValue\":\"50\"},\"publishingPrinciples\":\"https:\/\/talkpal.ai\/publishing-principles\/\",\"actionableFeedbackPolicy\":\"https:\/\/talkpal.ai\/actionable-feedback-policy\/\",\"correctionsPolicy\":\"https:\/\/talkpal.ai\/corrections-policy\/\",\"ethicsPolicy\":\"https:\/\/talkpal.ai\/ethics-policy\/\",\"diversityPolicy\":\"https:\/\/talkpal.ai\/diversity-policy\/\",\"diversityStaffingReport\":\"https:\/\/talkpal.ai\/diversity-policy\/\"}]}<\/script>\n<!-- \/ Yoast SEO Premium plugin. -->","yoast_head_json":{"title":"Gram\u00e1tica Kannada - Talkpal","description":"Aprende a gram\u00e1tica Kannada com confian\u00e7a - compreende as principais regras, aperfei\u00e7oa a constru\u00e7\u00e3o de frases e aumenta a flu\u00eancia","robots":{"index":"index","follow":"follow","max-snippet":"max-snippet:-1","max-image-preview":"max-image-preview:large","max-video-preview":"max-video-preview:-1"},"canonical":"https:\/\/talkpal.ai\/pt-pt\/gramatica-kannada\/","og_locale":"pt_PT","og_type":"article","og_title":"Gram\u00e1tica Kannada","og_description":"Gram\u00e1tica Kannada: Uma Vis\u00e3o da Riqueza da L\u00edngua Dravidiana Voc\u00ea j\u00e1 se perguntou sobre a diversidade lingu\u00edstica da \u00cdndia? Como um entusiasta da l\u00edngua","og_url":"https:\/\/talkpal.ai\/pt-pt\/gramatica-kannada\/","og_site_name":"Talkpal","article_publisher":"https:\/\/www.facebook.com\/profile.php?id=100090733639311","article_modified_time":"2025-12-11T16:20:04+00:00","og_image":[{"width":512,"height":512,"url":"https:\/\/talkpal.ai\/wp-content\/uploads\/2023\/05\/Kannada-india.png","type":"image\/png"}],"twitter_card":"summary_large_image","twitter_site":"@talkpalai","twitter_misc":{"Tempo estimado de leitura":"3 minutos"},"schema":{"@context":"https:\/\/schema.org","@graph":[{"@type":"WebPage","@id":"https:\/\/talkpal.ai\/pt-pt\/gramatica-kannada\/","url":"https:\/\/talkpal.ai\/pt-pt\/gramatica-kannada\/","name":"Gram\u00e1tica Kannada - Talkpal","isPartOf":{"@id":"https:\/\/talkpal.ai\/pt-pt\/#website"},"primaryImageOfPage":{"@id":"https:\/\/talkpal.ai\/pt-pt\/gramatica-kannada\/#primaryimage"},"image":{"@id":"https:\/\/talkpal.ai\/pt-pt\/gramatica-kannada\/#primaryimage"},"thumbnailUrl":"https:\/\/talkpal.ai\/wp-content\/uploads\/2023\/05\/Kannada-india.png","datePublished":"2023-05-14T14:09:47+00:00","dateModified":"2025-12-11T16:20:04+00:00","description":"Aprende a gram\u00e1tica Kannada com confian\u00e7a - compreende as principais regras, aperfei\u00e7oa a constru\u00e7\u00e3o de frases e aumenta a flu\u00eancia","breadcrumb":{"@id":"https:\/\/talkpal.ai\/pt-pt\/gramatica-kannada\/#breadcrumb"},"inLanguage":"pt-PT","potentialAction":[{"@type":"ReadAction","target":["https:\/\/talkpal.ai\/pt-pt\/gramatica-kannada\/"]}]},{"@type":"ImageObject","inLanguage":"pt-PT","@id":"https:\/\/talkpal.ai\/pt-pt\/gramatica-kannada\/#primaryimage","url":"https:\/\/talkpal.ai\/wp-content\/uploads\/2023\/05\/Kannada-india.png","contentUrl":"https:\/\/talkpal.ai\/wp-content\/uploads\/2023\/05\/Kannada-india.png","width":512,"height":512},{"@type":"BreadcrumbList","@id":"https:\/\/talkpal.ai\/pt-pt\/gramatica-kannada\/#breadcrumb","itemListElement":[{"@type":"ListItem","position":1,"name":"Homepage","item":"https:\/\/talkpal.ai\/pt-pt\/"},{"@type":"ListItem","position":2,"name":"Gram\u00e1tica Kannada"}]},{"@type":"WebSite","@id":"https:\/\/talkpal.ai\/pt-pt\/#website","url":"https:\/\/talkpal.ai\/pt-pt\/","name":"Talkpal","description":"AI Language Learning","publisher":{"@id":"https:\/\/talkpal.ai\/pt-pt\/#organization"},"alternateName":"Talkpal AI","potentialAction":[{"@type":"SearchAction","target":{"@type":"EntryPoint","urlTemplate":"https:\/\/talkpal.ai\/pt-pt\/?s={search_term_string}"},"query-input":{"@type":"PropertyValueSpecification","valueRequired":true,"valueName":"search_term_string"}}],"inLanguage":"pt-PT"},{"@type":"Organization","@id":"https:\/\/talkpal.ai\/pt-pt\/#organization","name":"Talkpal, Inc.","alternateName":"Talkpal AI","url":"https:\/\/talkpal.ai\/pt-pt\/","logo":{"@type":"ImageObject","inLanguage":"pt-PT","@id":"https:\/\/talkpal.ai\/pt-pt\/#\/schema\/logo\/image\/","url":"https:\/\/talkpal.ai\/wp-content\/uploads\/2024\/03\/Talkpal-Logo-Icon.png","contentUrl":"https:\/\/talkpal.ai\/wp-content\/uploads\/2024\/03\/Talkpal-Logo-Icon.png","width":2880,"height":2880,"caption":"Talkpal, Inc."},"image":{"@id":"https:\/\/talkpal.ai\/pt-pt\/#\/schema\/logo\/image\/"},"sameAs":["https:\/\/www.facebook.com\/profile.php?id=100090733639311","https:\/\/x.com\/talkpalai","https:\/\/www.linkedin.com\/company\/talkpal\/","https:\/\/www.youtube.com\/@TalkPal\/","https:\/\/www.tiktok.com\/@talkpal","https:\/\/www.instagram.com\/talkpal_ai\/","https:\/\/www.crunchbase.com\/organization\/talkpal-9cde","https:\/\/www.g2.com\/products\/talkpal-for-business\/","https:\/\/www.trustpilot.com\/review\/talkpal.ai","https:\/\/www.capterra.com\/p\/10006800\/TalkPal\/"],"description":"Talkpal is a language learning web and mobile education app, powered by the latest AI technologies, that provides engaging experiences to its customers in many different languages to help them improve their language skills. Users can chat about unlimited amount of topics with the app and use other modes to practice their language learning.","email":"support@talkpal.ai","legalName":"Talkpal, Inc.","foundingDate":"2023-04-03","duns":"118989042","numberOfEmployees":{"@type":"QuantitativeValue","minValue":"11","maxValue":"50"},"publishingPrinciples":"https:\/\/talkpal.ai\/publishing-principles\/","actionableFeedbackPolicy":"https:\/\/talkpal.ai\/actionable-feedback-policy\/","correctionsPolicy":"https:\/\/talkpal.ai\/corrections-policy\/","ethicsPolicy":"https:\/\/talkpal.ai\/ethics-policy\/","diversityPolicy":"https:\/\/talkpal.ai\/diversity-policy\/","diversityStaffingReport":"https:\/\/talkpal.ai\/diversity-policy\/"}]}},"_links":{"self":[{"href":"https:\/\/talkpal.ai\/pt-pt\/wp-json\/wp\/v2\/pages\/145496","targetHints":{"allow":["GET"]}}],"collection":[{"href":"https:\/\/talkpal.ai\/pt-pt\/wp-json\/wp\/v2\/pages"}],"about":[{"href":"https:\/\/talkpal.ai\/pt-pt\/wp-json\/wp\/v2\/types\/page"}],"author":[{"embeddable":true,"href":"https:\/\/talkpal.ai\/pt-pt\/wp-json\/wp\/v2\/users\/1"}],"replies":[{"embeddable":true,"href":"https:\/\/talkpal.ai\/pt-pt\/wp-json\/wp\/v2\/comments?post=145496"}],"version-history":[{"count":0,"href":"https:\/\/talkpal.ai\/pt-pt\/wp-json\/wp\/v2\/pages\/145496\/revisions"}],"wp:featuredmedia":[{"embeddable":true,"href":"https:\/\/talkpal.ai\/pt-pt\/wp-json\/wp\/v2\/media\/28418"}],"wp:attachment":[{"href":"https:\/\/talkpal.ai\/pt-pt\/wp-json\/wp\/v2\/media?parent=145496"}],"curies":[{"name":"wp","href":"https:\/\/api.w.org\/{rel}","templated":true}]}}