{"id":145124,"date":"2023-05-14T14:09:29","date_gmt":"2023-05-14T14:09:29","guid":{"rendered":"http:\/\/talkpal.ai\/gramatica-indonesia\/"},"modified":"2025-12-13T15:41:56","modified_gmt":"2025-12-13T15:41:56","slug":"gramatica-indonesia","status":"publish","type":"page","link":"https:\/\/talkpal.ai\/pt-pt\/gramatica-indonesia\/","title":{"rendered":"Gram\u00e1tica indon\u00e9sia"},"content":{"rendered":"\r\n\r\n\r\n<section class=\"languageChallengeSection\">\r\n    <div class=\"languageInfoWrapper\">\r\n        \r\n        <h1>Gram\u00e1tica indon\u00e9sia<\/h1>\r\n        <p>Est\u00e1s interessado em dominar o <a href=\"https:\/\/talkpal.ai\/learn-indonesian\/\">indon\u00e9sio<\/a>? Com a sua gram\u00e1tica direta &#8211; sem conjuga\u00e7\u00f5es verbais, sem g\u00e9neros de substantivos e com uma estrutura de frases simples &#8211; o indon\u00e9sio \u00e9 uma das l\u00ednguas mais f\u00e1ceis de aprender. Come\u00e7a a tua viagem hoje e v\u00ea <a href=\"https:\/\/talkpal.ai\/locations\/language-courses-in-como\/\">como<\/a> compreender a <a href=\"https:\/\/talkpal.ai\/pt-pt\/o-que-ha-de-especial-na-gramatica-indonesia\/\">gram\u00e1tica indon\u00e9sia<\/a> pode abrir rapidamente um mundo de comunica\u00e7\u00e3o e experi\u00eancias culturais vibrantes!<\/p>\r\n\r\n                            <a class=\"getStartedHidden\" href=\"https:\/\/app.talkpal.ai\/pt-pt\/signup?lng=\">Come\u00e7a<\/a>\r\n        \r\n    <\/div>\r\n\r\n    <figure>\r\n    <img decoding=\"async\" width=\"768\" height=\"768\" src=\"https:\/\/talkpal.ai\/wp-content\/uploads\/2023\/06\/indonesia-768x768.png\" class=\"languageImage no-lazy\" alt=\"Default alt text\" fetchpriority=\"high\" sizes=\"(max-width: 768px) 150px, 768px\" srcset=\"https:\/\/talkpal.ai\/wp-content\/uploads\/2023\/06\/indonesia-768x768.png 768w, https:\/\/talkpal.ai\/wp-content\/uploads\/2023\/06\/indonesia-300x300.png 300w\" \/>\r\n    \r\n\r\n    <\/figure>\r\n\r\n            <a class=\"getStartedVisible\" href=\"https:\/\/app.talkpal.ai\/pt-pt\/signup?lng=\">Come\u00e7a<\/a>\r\n    \r\n<\/section>\r\n        <section class=\"grammarSection\">\r\n            <div class=\"grammarLinks\">\r\n                <a href=\"https:\/\/talkpal.ai\/pt-pt\/language\/adjetivos-gramatica-indonesia-pt-pt\/\">Adjetivos <\/a><a href=\"https:\/\/talkpal.ai\/pt-pt\/language\/adverbios-gramatica-indonesia-pt-pt\/\">Adv\u00e9rbios <\/a><a href=\"https:\/\/talkpal.ai\/pt-pt\/language\/artigos-gramatica-indonesia\/\">Artigos <\/a><a href=\"https:\/\/talkpal.ai\/pt-pt\/language\/comparacao-tensa-gramatica-indonesia\/\">Compara\u00e7\u00e3o Tensa <\/a><a href=\"https:\/\/talkpal.ai\/pt-pt\/language\/condicionais-gramatica-indonesia\/\">Condicionais <\/a><a href=\"https:\/\/talkpal.ai\/pt-pt\/language\/frases-gramatica-indonesia\/\">Frases <\/a><a href=\"https:\/\/talkpal.ai\/pt-pt\/language\/preposicoes-gramatica-indonesia\/\">Preposi\u00e7\u00f5es <\/a><a href=\"https:\/\/talkpal.ai\/pt-pt\/language\/progressivo-gramatica-indonesia\/\">Progressivo <\/a><a href=\"https:\/\/talkpal.ai\/pt-pt\/language\/progressivo-perfeito-gramatica-indonesia\/\">Progressivo Perfeito <\/a><a href=\"https:\/\/talkpal.ai\/pt-pt\/language\/pronomes-determinantes-gramatica-indonesia\/\">Pronomes\/Determinantes <\/a><a href=\"https:\/\/talkpal.ai\/pt-pt\/language\/substantivos-gramatica-indonesia\/\">Substantivos <\/a><a href=\"https:\/\/talkpal.ai\/pt-pt\/language\/tempos-verbais-gramatica-indonesia\/\">Tempos Verbais <\/a><a href=\"https:\/\/talkpal.ai\/pt-pt\/language\/verbos-gramatica-indonesia-pt-pt\/\">Verbos <\/a>            <\/div>\r\n        <\/section>\r\n    <section class=\"promotionalBanner\">\r\n    <p class=\"promotionalText\"><\/p>\r\n    <a class=\"promotionalLink\" href=\"https:\/\/app.talkpal.ai\/pt-pt\/signup?lng=\"><\/a>\r\n<\/section>\n<div class=\"wp-block-group pageContainerStyle\"><div class=\"wp-block-group__inner-container is-layout-constrained wp-block-group-is-layout-constrained\">\n<h2 class=\"wp-block-heading\" id=\"h-the-wonders-of-indonesian-grammar-a-guide-for-language-learners\">As maravilhas da gram\u00e1tica indon\u00e9sia: um guia para estudantes de l\u00ednguas<\/h2>\n\n\n\n<p>A gram\u00e1tica indon\u00e9sia &#8211; simples mas elegante, acolhedora mas envolvente, acess\u00edvel mas cativante. Ao embarcar em sua jornada para aprender a l\u00edngua indon\u00e9sia, tenha certeza de que abra\u00e7ar sua gram\u00e1tica ser\u00e1 uma experi\u00eancia agrad\u00e1vel. Com este artigo, pretendemos fornecer-lhe uma compreens\u00e3o dos principais aspectos da gram\u00e1tica indon\u00e9sia e ajud\u00e1-lo a abra\u00e7ar a beleza desta l\u00edngua do sudeste asi\u00e1tico.<\/p>\n\n\n\n<p>Vamos aprofundar os elementos fundamentais da gram\u00e1tica indon\u00e9sia, com explica\u00e7\u00f5es e exemplos que tornam as regras e os conceitos deliciosamente claros. Ent\u00e3o, sente-se, relaxe e permita-nos desvendar os fascinantes segredos da gram\u00e1tica indon\u00e9sia para voc\u00ea.<\/p>\n\n\n\n<h3 class=\"wp-block-heading\" id=\"h-1-nouns-no-genders-no-plurals-no-stress\">1. Substantivos: Sem g\u00eaneros, sem plurais, sem estresse!<\/h3>\n\n\n\n<p>Um dos aspectos mais refrescantes da gram\u00e1tica indon\u00e9sia \u00e9 a simplicidade de seu sistema de substantivos. Os substantivos indon\u00e9sios n\u00e3o t\u00eam g\u00eanero ou formas plurais. Isto significa que dizes \u201canjing\u201d (c\u00e3o) quer estejas a referir-te a um cachorro ou a um grupo de c\u00e3es adultos.<\/p>\n\n\n\n<p>Para especificar uma forma plural, podes repetir o substantivo (por exemplo, \u201canak-anak\u201d para \u201ccrian\u00e7as\u201d) ou usar um termo quantitativo como \u201cbanyak\u201d (muitos) ou \u201cbeberapa\u201d (alguns). \u00c9 isso mesmo! N\u00e3o achas que \u00e9 uma lufada de ar fresco em compara\u00e7\u00e3o com outras l\u00ednguas?<\/p>\n\n\n\n<h3 class=\"wp-block-heading\" id=\"h-2-pronouns-staying-humble-and-respectful\">2. Pronomes: Manter-se humilde e respeitoso<\/h3>\n\n\n\n<p>A gram\u00e1tica indon\u00e9sia faz uso de diferentes pronomes com base em diferentes n\u00edveis de formalidade. Usar o pronome apropriado ao se dirigir a algu\u00e9m \u00e9 essencial para demonstrar respeito e humildade. Por exemplo, \u201caku\u201d (eu\/me) \u00e9 casual e \u00edntimo, \u201csaya\u201d \u00e9 educado e neutro, e \u201csaya\u201d \u00e9 formal e humilde. Da mesma forma, \u201ckamu\u201d (tu) \u00e9 informal, \u201cAnda\u201d \u00e9 educado e \u201cBapak\/Ibu\u201d (senhor\/senhora) \u00e9 reservado para situa\u00e7\u00f5es muito formais.<\/p>\n\n\n\n<p>Lembra-te, \u00e9 sempre uma boa ideia errar pelo lado da cortesia em situa\u00e7\u00f5es novas ou incertas.<\/p>\n\n\n\n<h3 class=\"wp-block-heading\" id=\"h-3-verbs-no-conjugations-but-prefixes-and-suffixes-galore\">3. Verbos: Sem conjuga\u00e7\u00f5es, mas prefixos e sufixos em abund\u00e2ncia!<\/h3>\n\n\n\n<p>Os verbos indon\u00e9sios permanecem inalterados, independentemente do tempo, humor ou assunto, tornando-os muito mais simples do que os verbos em muitas outras l\u00ednguas. No entanto, ter\u00e1s de dominar o uso de prefixos e sufixos para modificar o significado do verbo.<\/p>\n\n\n\n<p>Alguns prefixos comuns incluem \u201cme-\u201d (verbos activos), \u201cdi-\u201d (verbos passivos) e \u201cber-\u201d (verbos estativos). Os sufixos mais comuns incluem \u201c-kan\u201d (verbos causativos) e \u201c-i\u201d (verbos transitivos). Por exemplo, \u201cmakan\u201d significa \u201ccomer\u201d, \u201cmemakan\u201d significa \u201cconsumir\u201d e \u201cdimakan\u201d significa \u201cser comido\u201d.<\/p>\n\n\n\n<h3 class=\"wp-block-heading\" id=\"h-4-word-order-subject-verb-object-simplicity\">4. Ordem das Palavras: Simplicidade Sujeito-Verbo-Objeto!<\/h3>\n\n\n\n<p>A gram\u00e1tica indon\u00e9sia segue uma ordem simples de palavras Sujeito-Verbo-Objeto (SVO), semelhante ao <a href=\"https:\/\/talkpal.ai\/pt-pt\/locations\/aprenda-ingles-em-passos\/\">ingl\u00eas<\/a>. Isso torna a constru\u00e7\u00e3o e a compreens\u00e3o de frases muito mais f\u00e1ceis para falantes de ingl\u00eas. Por exemplo, \u201cSaya memakan pisang\u201d traduz-se diretamente para \u201cEu (sujeito) como (verbo) banana (objeto)\u201d.<\/p>\n\n\n\n<h3 class=\"wp-block-heading\" id=\"h-5-immerse-yourself-in-indonesian-practice-makes-perfect\">5. Mergulhe no indon\u00e9sio: a pr\u00e1tica faz a perfei\u00e7\u00e3o<\/h3>\n\n\n\n<p>A beleza da gram\u00e1tica indon\u00e9sia reside na sua simplicidade e acessibilidade. A pr\u00e1tica regular atrav\u00e9s da leitura, escrita, audi\u00e7\u00e3o e fala ir\u00e1 ajud\u00e1-lo a dominar a l\u00edngua e sua gram\u00e1tica. Abrace os desafios, conquiste as complexidades e desbloqueie o verdadeiro charme da l\u00edngua indon\u00e9sia.<\/p>\n\n\n\n<p>Ent\u00e3o, voc\u00ea est\u00e1 pronto para mergulhar nas maravilhas da gram\u00e1tica indon\u00e9sia? Aborde-o com confian\u00e7a e curiosidade, e com compromisso e entusiasmo, voc\u00ea pode em breve se tornar um eloquente falante indon\u00e9sio. Selamat belajar! (Feliz estudo!)<\/p>\n<\/div><\/div>\n\r\n<section class=\"learnNavigationSection\">\r\n            \r\n        <a href=\"https:\/\/talkpal.ai\/pt-pt\/aprender-indonesio\/\">\r\n            <div class=\"learnNavigationWrapper\">\r\n                <div class=\"learnNavigationContent\">\r\n                    <img decoding=\"async\" src=\"https:\/\/talkpal.ai\/wp-content\/uploads\/2024\/08\/Indonesian.jpg\" alt=\"Indonesian Flag\">\r\n                    <div>\r\n                        <h4>Sobre a aprendizagem da l\u00edngua indon\u00e9sia<\/h4>\r\n                        <p>Descobre tudo sobre a gram\u00e1tica indon\u00e9sia.<\/p>\r\n                    <\/div>\r\n                <\/div>\r\n            <\/div>\r\n        <\/a>\r\n\r\n        \r\n        <a href=\"https:\/\/talkpal.ai\/pt-pt\/exercicios-de-gramatica-indonesia\/\">\r\n            <div class=\"learnNavigationWrapper\">\r\n                <div class=\"learnNavigationContent\">\r\n                    <img decoding=\"async\" src=\"https:\/\/talkpal.ai\/wp-content\/uploads\/2024\/08\/Indonesian.jpg\" alt=\"Indonesian Flag\">\r\n                    <div>\r\n                        <h4>Exerc\u00edcio de gram\u00e1tica indon\u00e9sia<\/h4>\r\n                        <p>Pratica a gram\u00e1tica indon\u00e9sia.<\/p>\r\n                    <\/div>\r\n                <\/div>\r\n            <\/div>\r\n        <\/a>\r\n\r\n        \r\n        <a href=\"https:\/\/talkpal.ai\/vocabulary_language\/indonesian\/\">\r\n            <div class=\"learnNavigationWrapper\">\r\n                <div class=\"learnNavigationContent\">\r\n                    <img decoding=\"async\" src=\"https:\/\/talkpal.ai\/wp-content\/uploads\/2024\/08\/Indonesian.jpg\" alt=\"Indonesian Flag\">\r\n                    <div>\r\n                        <h4>Vocabul\u00e1rio indon\u00e9sio<\/h4>\r\n                        <p>Amplia o teu vocabul\u00e1rio indon\u00e9sio.<\/p>\r\n                    <\/div>\r\n                <\/div>\r\n            <\/div>\r\n        <\/a>\r\n\r\n            <\/section>","protected":false},"excerpt":{"rendered":"<p>As maravilhas da gram\u00e1tica indon\u00e9sia: um guia para estudantes de l\u00ednguas A gram\u00e1tica indon\u00e9sia &#8211; simples mas elegante, acolhedora mas envolvente, acess\u00edvel mas cativante. Ao embarcar em sua jornada para aprender a l\u00edngua indon\u00e9sia, tenha certeza de que abra\u00e7ar sua gram\u00e1tica ser\u00e1 uma experi\u00eancia agrad\u00e1vel. Com este artigo, pretendemos fornecer-lhe uma compreens\u00e3o dos principais aspectos [&hellip;]<\/p>\n","protected":false},"author":1,"featured_media":28386,"parent":0,"menu_order":0,"comment_status":"closed","ping_status":"closed","template":"LearningContentPage.php","meta":{"_acf_changed":false,"footnotes":""},"class_list":["post-145124","page","type-page","status-publish","has-post-thumbnail","hentry"],"acf":[],"yoast_head":"<!-- This site is optimized with the Yoast SEO Premium plugin v27.2 (Yoast SEO v27.2) - https:\/\/yoast.com\/product\/yoast-seo-premium-wordpress\/ -->\n<title>Gram\u00e1tica indon\u00e9sia - Talkpal<\/title>\n<meta name=\"description\" content=\"Domina a gram\u00e1tica indon\u00e9sia sem esfor\u00e7o com a aplica\u00e7\u00e3o de aprendizagem de l\u00ednguas com IA da Talkpal. Comunica com confian\u00e7a utilizando a orienta\u00e7\u00e3o baseada em IA da Talkpalda Microsoft.\" \/>\n<meta name=\"robots\" content=\"index, follow, max-snippet:-1, max-image-preview:large, max-video-preview:-1\" \/>\n<link rel=\"canonical\" href=\"https:\/\/talkpal.ai\/pt-pt\/gramatica-indonesia\/\" \/>\n<meta property=\"og:locale\" content=\"pt_PT\" \/>\n<meta property=\"og:type\" content=\"article\" \/>\n<meta property=\"og:title\" content=\"Gram\u00e1tica indon\u00e9sia\" \/>\n<meta property=\"og:description\" content=\"As maravilhas da gram\u00e1tica indon\u00e9sia: um guia para estudantes de l\u00ednguas A gram\u00e1tica indon\u00e9sia - simples mas elegante, acolhedora mas envolvente,\" \/>\n<meta property=\"og:url\" content=\"https:\/\/talkpal.ai\/pt-pt\/gramatica-indonesia\/\" \/>\n<meta property=\"og:site_name\" content=\"Talkpal\" \/>\n<meta property=\"article:publisher\" content=\"https:\/\/www.facebook.com\/profile.php?id=100090733639311\" \/>\n<meta property=\"article:modified_time\" content=\"2025-12-13T15:41:56+00:00\" \/>\n<meta property=\"og:image\" content=\"https:\/\/talkpal.ai\/wp-content\/uploads\/2023\/05\/indonesia.png\" \/>\n\t<meta property=\"og:image:width\" content=\"512\" \/>\n\t<meta property=\"og:image:height\" content=\"512\" \/>\n\t<meta property=\"og:image:type\" content=\"image\/png\" \/>\n<meta name=\"twitter:card\" content=\"summary_large_image\" \/>\n<meta name=\"twitter:site\" content=\"@talkpalai\" \/>\n<meta name=\"twitter:label1\" content=\"Tempo estimado de leitura\" \/>\n\t<meta name=\"twitter:data1\" content=\"3 minutos\" \/>\n<script type=\"application\/ld+json\" class=\"yoast-schema-graph\">{\"@context\":\"https:\/\/schema.org\",\"@graph\":[{\"@type\":\"WebPage\",\"@id\":\"https:\/\/talkpal.ai\/pt-pt\/gramatica-indonesia\/\",\"url\":\"https:\/\/talkpal.ai\/pt-pt\/gramatica-indonesia\/\",\"name\":\"Gram\u00e1tica indon\u00e9sia - Talkpal\",\"isPartOf\":{\"@id\":\"https:\/\/talkpal.ai\/pt-pt\/#website\"},\"primaryImageOfPage\":{\"@id\":\"https:\/\/talkpal.ai\/pt-pt\/gramatica-indonesia\/#primaryimage\"},\"image\":{\"@id\":\"https:\/\/talkpal.ai\/pt-pt\/gramatica-indonesia\/#primaryimage\"},\"thumbnailUrl\":\"https:\/\/talkpal.ai\/wp-content\/uploads\/2023\/05\/indonesia.png\",\"datePublished\":\"2023-05-14T14:09:29+00:00\",\"dateModified\":\"2025-12-13T15:41:56+00:00\",\"description\":\"Domina a gram\u00e1tica indon\u00e9sia sem esfor\u00e7o com a aplica\u00e7\u00e3o de aprendizagem de l\u00ednguas com IA da Talkpal. Comunica com confian\u00e7a utilizando a orienta\u00e7\u00e3o baseada em IA da Talkpalda Microsoft.\",\"breadcrumb\":{\"@id\":\"https:\/\/talkpal.ai\/pt-pt\/gramatica-indonesia\/#breadcrumb\"},\"inLanguage\":\"pt-PT\",\"potentialAction\":[{\"@type\":\"ReadAction\",\"target\":[\"https:\/\/talkpal.ai\/pt-pt\/gramatica-indonesia\/\"]}]},{\"@type\":\"ImageObject\",\"inLanguage\":\"pt-PT\",\"@id\":\"https:\/\/talkpal.ai\/pt-pt\/gramatica-indonesia\/#primaryimage\",\"url\":\"https:\/\/talkpal.ai\/wp-content\/uploads\/2023\/05\/indonesia.png\",\"contentUrl\":\"https:\/\/talkpal.ai\/wp-content\/uploads\/2023\/05\/indonesia.png\",\"width\":512,\"height\":512},{\"@type\":\"BreadcrumbList\",\"@id\":\"https:\/\/talkpal.ai\/pt-pt\/gramatica-indonesia\/#breadcrumb\",\"itemListElement\":[{\"@type\":\"ListItem\",\"position\":1,\"name\":\"Homepage\",\"item\":\"https:\/\/talkpal.ai\/pt-pt\/\"},{\"@type\":\"ListItem\",\"position\":2,\"name\":\"Gram\u00e1tica indon\u00e9sia\"}]},{\"@type\":\"WebSite\",\"@id\":\"https:\/\/talkpal.ai\/pt-pt\/#website\",\"url\":\"https:\/\/talkpal.ai\/pt-pt\/\",\"name\":\"Talkpal\",\"description\":\"AI Language Learning\",\"publisher\":{\"@id\":\"https:\/\/talkpal.ai\/pt-pt\/#organization\"},\"alternateName\":\"Talkpal AI\",\"potentialAction\":[{\"@type\":\"SearchAction\",\"target\":{\"@type\":\"EntryPoint\",\"urlTemplate\":\"https:\/\/talkpal.ai\/pt-pt\/?s={search_term_string}\"},\"query-input\":{\"@type\":\"PropertyValueSpecification\",\"valueRequired\":true,\"valueName\":\"search_term_string\"}}],\"inLanguage\":\"pt-PT\"},{\"@type\":\"Organization\",\"@id\":\"https:\/\/talkpal.ai\/pt-pt\/#organization\",\"name\":\"Talkpal, Inc.\",\"alternateName\":\"Talkpal AI\",\"url\":\"https:\/\/talkpal.ai\/pt-pt\/\",\"logo\":{\"@type\":\"ImageObject\",\"inLanguage\":\"pt-PT\",\"@id\":\"https:\/\/talkpal.ai\/pt-pt\/#\/schema\/logo\/image\/\",\"url\":\"https:\/\/talkpal.ai\/wp-content\/uploads\/2024\/03\/Talkpal-Logo-Icon.png\",\"contentUrl\":\"https:\/\/talkpal.ai\/wp-content\/uploads\/2024\/03\/Talkpal-Logo-Icon.png\",\"width\":2880,\"height\":2880,\"caption\":\"Talkpal, Inc.\"},\"image\":{\"@id\":\"https:\/\/talkpal.ai\/pt-pt\/#\/schema\/logo\/image\/\"},\"sameAs\":[\"https:\/\/www.facebook.com\/profile.php?id=100090733639311\",\"https:\/\/x.com\/talkpalai\",\"https:\/\/www.linkedin.com\/company\/talkpal\/\",\"https:\/\/www.youtube.com\/@TalkPal\/\",\"https:\/\/www.tiktok.com\/@talkpal\",\"https:\/\/www.instagram.com\/talkpal_ai\/\",\"https:\/\/www.crunchbase.com\/organization\/talkpal-9cde\",\"https:\/\/www.g2.com\/products\/talkpal-for-business\/\",\"https:\/\/www.trustpilot.com\/review\/talkpal.ai\",\"https:\/\/www.capterra.com\/p\/10006800\/TalkPal\/\"],\"description\":\"Talkpal is a language learning web and mobile education app, powered by the latest AI technologies, that provides engaging experiences to its customers in many different languages to help them improve their language skills. Users can chat about unlimited amount of topics with the app and use other modes to practice their language learning.\",\"email\":\"support@talkpal.ai\",\"legalName\":\"Talkpal, Inc.\",\"foundingDate\":\"2023-04-03\",\"duns\":\"118989042\",\"numberOfEmployees\":{\"@type\":\"QuantitativeValue\",\"minValue\":\"11\",\"maxValue\":\"50\"},\"publishingPrinciples\":\"https:\/\/talkpal.ai\/publishing-principles\/\",\"actionableFeedbackPolicy\":\"https:\/\/talkpal.ai\/actionable-feedback-policy\/\",\"correctionsPolicy\":\"https:\/\/talkpal.ai\/corrections-policy\/\",\"ethicsPolicy\":\"https:\/\/talkpal.ai\/ethics-policy\/\",\"diversityPolicy\":\"https:\/\/talkpal.ai\/diversity-policy\/\",\"diversityStaffingReport\":\"https:\/\/talkpal.ai\/diversity-policy\/\"}]}<\/script>\n<!-- \/ Yoast SEO Premium plugin. -->","yoast_head_json":{"title":"Gram\u00e1tica indon\u00e9sia - Talkpal","description":"Domina a gram\u00e1tica indon\u00e9sia sem esfor\u00e7o com a aplica\u00e7\u00e3o de aprendizagem de l\u00ednguas com IA da Talkpal. Comunica com confian\u00e7a utilizando a orienta\u00e7\u00e3o baseada em IA da Talkpalda Microsoft.","robots":{"index":"index","follow":"follow","max-snippet":"max-snippet:-1","max-image-preview":"max-image-preview:large","max-video-preview":"max-video-preview:-1"},"canonical":"https:\/\/talkpal.ai\/pt-pt\/gramatica-indonesia\/","og_locale":"pt_PT","og_type":"article","og_title":"Gram\u00e1tica indon\u00e9sia","og_description":"As maravilhas da gram\u00e1tica indon\u00e9sia: um guia para estudantes de l\u00ednguas A gram\u00e1tica indon\u00e9sia - simples mas elegante, acolhedora mas envolvente,","og_url":"https:\/\/talkpal.ai\/pt-pt\/gramatica-indonesia\/","og_site_name":"Talkpal","article_publisher":"https:\/\/www.facebook.com\/profile.php?id=100090733639311","article_modified_time":"2025-12-13T15:41:56+00:00","og_image":[{"width":512,"height":512,"url":"https:\/\/talkpal.ai\/wp-content\/uploads\/2023\/05\/indonesia.png","type":"image\/png"}],"twitter_card":"summary_large_image","twitter_site":"@talkpalai","twitter_misc":{"Tempo estimado de leitura":"3 minutos"},"schema":{"@context":"https:\/\/schema.org","@graph":[{"@type":"WebPage","@id":"https:\/\/talkpal.ai\/pt-pt\/gramatica-indonesia\/","url":"https:\/\/talkpal.ai\/pt-pt\/gramatica-indonesia\/","name":"Gram\u00e1tica indon\u00e9sia - Talkpal","isPartOf":{"@id":"https:\/\/talkpal.ai\/pt-pt\/#website"},"primaryImageOfPage":{"@id":"https:\/\/talkpal.ai\/pt-pt\/gramatica-indonesia\/#primaryimage"},"image":{"@id":"https:\/\/talkpal.ai\/pt-pt\/gramatica-indonesia\/#primaryimage"},"thumbnailUrl":"https:\/\/talkpal.ai\/wp-content\/uploads\/2023\/05\/indonesia.png","datePublished":"2023-05-14T14:09:29+00:00","dateModified":"2025-12-13T15:41:56+00:00","description":"Domina a gram\u00e1tica indon\u00e9sia sem esfor\u00e7o com a aplica\u00e7\u00e3o de aprendizagem de l\u00ednguas com IA da Talkpal. Comunica com confian\u00e7a utilizando a orienta\u00e7\u00e3o baseada em IA da Talkpalda Microsoft.","breadcrumb":{"@id":"https:\/\/talkpal.ai\/pt-pt\/gramatica-indonesia\/#breadcrumb"},"inLanguage":"pt-PT","potentialAction":[{"@type":"ReadAction","target":["https:\/\/talkpal.ai\/pt-pt\/gramatica-indonesia\/"]}]},{"@type":"ImageObject","inLanguage":"pt-PT","@id":"https:\/\/talkpal.ai\/pt-pt\/gramatica-indonesia\/#primaryimage","url":"https:\/\/talkpal.ai\/wp-content\/uploads\/2023\/05\/indonesia.png","contentUrl":"https:\/\/talkpal.ai\/wp-content\/uploads\/2023\/05\/indonesia.png","width":512,"height":512},{"@type":"BreadcrumbList","@id":"https:\/\/talkpal.ai\/pt-pt\/gramatica-indonesia\/#breadcrumb","itemListElement":[{"@type":"ListItem","position":1,"name":"Homepage","item":"https:\/\/talkpal.ai\/pt-pt\/"},{"@type":"ListItem","position":2,"name":"Gram\u00e1tica indon\u00e9sia"}]},{"@type":"WebSite","@id":"https:\/\/talkpal.ai\/pt-pt\/#website","url":"https:\/\/talkpal.ai\/pt-pt\/","name":"Talkpal","description":"AI Language Learning","publisher":{"@id":"https:\/\/talkpal.ai\/pt-pt\/#organization"},"alternateName":"Talkpal AI","potentialAction":[{"@type":"SearchAction","target":{"@type":"EntryPoint","urlTemplate":"https:\/\/talkpal.ai\/pt-pt\/?s={search_term_string}"},"query-input":{"@type":"PropertyValueSpecification","valueRequired":true,"valueName":"search_term_string"}}],"inLanguage":"pt-PT"},{"@type":"Organization","@id":"https:\/\/talkpal.ai\/pt-pt\/#organization","name":"Talkpal, Inc.","alternateName":"Talkpal AI","url":"https:\/\/talkpal.ai\/pt-pt\/","logo":{"@type":"ImageObject","inLanguage":"pt-PT","@id":"https:\/\/talkpal.ai\/pt-pt\/#\/schema\/logo\/image\/","url":"https:\/\/talkpal.ai\/wp-content\/uploads\/2024\/03\/Talkpal-Logo-Icon.png","contentUrl":"https:\/\/talkpal.ai\/wp-content\/uploads\/2024\/03\/Talkpal-Logo-Icon.png","width":2880,"height":2880,"caption":"Talkpal, Inc."},"image":{"@id":"https:\/\/talkpal.ai\/pt-pt\/#\/schema\/logo\/image\/"},"sameAs":["https:\/\/www.facebook.com\/profile.php?id=100090733639311","https:\/\/x.com\/talkpalai","https:\/\/www.linkedin.com\/company\/talkpal\/","https:\/\/www.youtube.com\/@TalkPal\/","https:\/\/www.tiktok.com\/@talkpal","https:\/\/www.instagram.com\/talkpal_ai\/","https:\/\/www.crunchbase.com\/organization\/talkpal-9cde","https:\/\/www.g2.com\/products\/talkpal-for-business\/","https:\/\/www.trustpilot.com\/review\/talkpal.ai","https:\/\/www.capterra.com\/p\/10006800\/TalkPal\/"],"description":"Talkpal is a language learning web and mobile education app, powered by the latest AI technologies, that provides engaging experiences to its customers in many different languages to help them improve their language skills. Users can chat about unlimited amount of topics with the app and use other modes to practice their language learning.","email":"support@talkpal.ai","legalName":"Talkpal, Inc.","foundingDate":"2023-04-03","duns":"118989042","numberOfEmployees":{"@type":"QuantitativeValue","minValue":"11","maxValue":"50"},"publishingPrinciples":"https:\/\/talkpal.ai\/publishing-principles\/","actionableFeedbackPolicy":"https:\/\/talkpal.ai\/actionable-feedback-policy\/","correctionsPolicy":"https:\/\/talkpal.ai\/corrections-policy\/","ethicsPolicy":"https:\/\/talkpal.ai\/ethics-policy\/","diversityPolicy":"https:\/\/talkpal.ai\/diversity-policy\/","diversityStaffingReport":"https:\/\/talkpal.ai\/diversity-policy\/"}]}},"_links":{"self":[{"href":"https:\/\/talkpal.ai\/pt-pt\/wp-json\/wp\/v2\/pages\/145124","targetHints":{"allow":["GET"]}}],"collection":[{"href":"https:\/\/talkpal.ai\/pt-pt\/wp-json\/wp\/v2\/pages"}],"about":[{"href":"https:\/\/talkpal.ai\/pt-pt\/wp-json\/wp\/v2\/types\/page"}],"author":[{"embeddable":true,"href":"https:\/\/talkpal.ai\/pt-pt\/wp-json\/wp\/v2\/users\/1"}],"replies":[{"embeddable":true,"href":"https:\/\/talkpal.ai\/pt-pt\/wp-json\/wp\/v2\/comments?post=145124"}],"version-history":[{"count":0,"href":"https:\/\/talkpal.ai\/pt-pt\/wp-json\/wp\/v2\/pages\/145124\/revisions"}],"wp:featuredmedia":[{"embeddable":true,"href":"https:\/\/talkpal.ai\/pt-pt\/wp-json\/wp\/v2\/media\/28386"}],"wp:attachment":[{"href":"https:\/\/talkpal.ai\/pt-pt\/wp-json\/wp\/v2\/media?parent=145124"}],"curies":[{"name":"wp","href":"https:\/\/api.w.org\/{rel}","templated":true}]}}