{"id":144824,"date":"2023-05-14T14:09:11","date_gmt":"2023-05-14T14:09:11","guid":{"rendered":"http:\/\/talkpal.ai\/gramatica-islandesa\/"},"modified":"2025-12-12T10:50:54","modified_gmt":"2025-12-12T10:50:54","slug":"gramatica-islandesa","status":"publish","type":"page","link":"https:\/\/talkpal.ai\/pt-pt\/gramatica-islandesa\/","title":{"rendered":"Gram\u00e1tica islandesa"},"content":{"rendered":"\r\n\r\n\r\n<section class=\"languageChallengeSection\">\r\n    <div class=\"languageInfoWrapper\">\r\n        \r\n        <h1>Gram\u00e1tica islandesa<\/h1>\r\n        <p>Explora a estrutura fascinante do island\u00eas aprendendo as suas regras gramaticais fundamentais. Dominar a <a href=\"https:\/\/talkpal.ai\/pt-pt\/o-que-ha-de-especial-na-gramatica-islandesa\/\">gram\u00e1tica islandesa<\/a> vai ajudar-te a comunicar eficazmente e a estabelecer uma liga\u00e7\u00e3o mais profunda com a cultura e a hist\u00f3ria \u00fanicas da Isl\u00e2ndia. Come\u00e7a hoje a aprender <a href=\"https:\/\/talkpal.ai\/pt-pt\/o-que-ha-de-especial-na-gramatica-islandesa\/\">gram\u00e1tica islandesa<\/a> e d\u00e1 o teu primeiro passo em dire\u00e7\u00e3o \u00e0 flu\u00eancia!<\/p>\r\n\r\n                            <a class=\"getStartedHidden\" href=\"https:\/\/app.talkpal.ai\/pt-pt\/signup?lng=\">Come\u00e7a<\/a>\r\n        \r\n    <\/div>\r\n\r\n    <figure>\r\n    <img decoding=\"async\" width=\"768\" height=\"768\" src=\"https:\/\/talkpal.ai\/wp-content\/uploads\/2023\/06\/Icelandic-768x768.png\" class=\"languageImage no-lazy\" alt=\"Default alt text\" fetchpriority=\"high\" sizes=\"(max-width: 768px) 150px, 768px\" srcset=\"https:\/\/talkpal.ai\/wp-content\/uploads\/2023\/06\/Icelandic-768x768.png 768w, https:\/\/talkpal.ai\/wp-content\/uploads\/2023\/06\/Icelandic-300x300.png 300w\" \/>\r\n    \r\n\r\n    <\/figure>\r\n\r\n            <a class=\"getStartedVisible\" href=\"https:\/\/app.talkpal.ai\/pt-pt\/signup?lng=\">Come\u00e7a<\/a>\r\n    \r\n<\/section>\r\n        <section class=\"grammarSection\">\r\n            <div class=\"grammarLinks\">\r\n                <a href=\"https:\/\/talkpal.ai\/pt-pt\/language\/adjetivos-gramatica-islandesa-pt-pt\/\">Adjetivos <\/a><a href=\"https:\/\/talkpal.ai\/pt-pt\/language\/adverbios-gramatica-islandesa-pt-pt\/\">Adv\u00e9rbios <\/a><a href=\"https:\/\/talkpal.ai\/pt-pt\/language\/artigos-gramatica-islandesa\/\">Artigos <\/a><a href=\"https:\/\/talkpal.ai\/pt-pt\/language\/comparacao-de-tempos-gramatica-islandesa\/\">Compara\u00e7\u00e3o de Tempos <\/a><a href=\"https:\/\/talkpal.ai\/pt-pt\/language\/condicionais-gramatica-islandesa\/\">Condicionais <\/a><a href=\"https:\/\/talkpal.ai\/pt-pt\/language\/frases-gramatica-islandesa\/\">Frases <\/a><a href=\"https:\/\/talkpal.ai\/pt-pt\/language\/preposicoes-gramatica-islandesa\/\">Preposi\u00e7\u00f5es <\/a><a href=\"https:\/\/talkpal.ai\/pt-pt\/language\/progressivo-gramatica-islandesa\/\">Progressivo <\/a><a href=\"https:\/\/talkpal.ai\/pt-pt\/language\/progressivo-perfeito-gramatica-islandesa\/\">Progressivo Perfeito <\/a><a href=\"https:\/\/talkpal.ai\/pt-pt\/language\/pronomes-determinantes-gramatica-islandesa\/\">Pronomes\/Determinantes <\/a><a href=\"https:\/\/talkpal.ai\/pt-pt\/language\/substantivos-gramatica-islandesa\/\">Substantivos <\/a><a href=\"https:\/\/talkpal.ai\/pt-pt\/language\/tempos-verbais-gramatica-islandesa\/\">Tempos Verbais <\/a><a href=\"https:\/\/talkpal.ai\/pt-pt\/language\/verbos-gramatica-islandesa-pt-pt\/\">Verbos <\/a>            <\/div>\r\n        <\/section>\r\n    <section class=\"promotionalBanner\">\r\n    <p class=\"promotionalText\">A maneira mais eficiente de aprender um idioma<\/p>\r\n    <a class=\"promotionalLink\" href=\"https:\/\/app.talkpal.ai\/pt-pt\/signup?lng=\">Experimente o Talkpal gratuitamente<\/a>\r\n<\/section>\n<div class=\"wp-block-group pageContainerStyle\"><div class=\"wp-block-group__inner-container is-layout-constrained wp-block-group-is-layout-constrained\">\n<h2 class=\"wp-block-heading\" id=\"h-the-magic-of-icelandic-grammar-unlocking-the-secrets-of-the-viking-tongue\">A Magia da Gram\u00e1tica Islandesa: Desvendando os Segredos da L\u00edngua Viking<\/h2>\n\n\n\n<h3 class=\"wp-block-heading\" id=\"h-introduction-icelandic-the-land-of-fire-and-ice\">Introdu\u00e7\u00e3o: Island\u00eas, a Terra do Fogo e do Gelo<\/h3>\n\n\n\n<p>A l\u00edngua islandesa, falada pelo povo da deslumbrante na\u00e7\u00e3o insular da Isl\u00e2ndia, \u00e9 conhecida por sua rica hist\u00f3ria, tradi\u00e7\u00e3o po\u00e9tica cativante e excepcional capacidade de se adaptar e evoluir com os tempos. Descendente do n\u00f3rdico antigo, o island\u00eas tem um charme especial que encanta os amantes da l\u00edngua e aspirantes a poliglotas. Ent\u00e3o, aperte o cinto de seguran\u00e7a, gente! Estamos prestes a mergulhar no belo e complexo mundo da gram\u00e1tica islandesa, desvendando os seus mist\u00e9rios e descobrindo os seus tesouros escondidos pelo caminho.<\/p>\n\n\n\n<h3 class=\"wp-block-heading\" id=\"h-1-runic-scripts-to-latin-alphabet-a-story-of-transformation\">1. Scripts r\u00fanicos para o alfabeto latino: uma hist\u00f3ria de transforma\u00e7\u00e3o<\/h3>\n\n\n\n<p>O alfabeto island\u00eas \u00e9 uma aventura em si, consistindo de 32 caracteres que se originam de v\u00e1rias ra\u00edzes hist\u00f3ricas. Embora se baseie principalmente na escrita <a href=\"https:\/\/talkpal.ai\/locations\/language-courses-in-latina\/\">latina<\/a>, o alfabeto mant\u00e9m alguns caracteres distintivos da escrita r\u00fanica dos seus antigos antepassados n\u00f3rdicos. Dominar estes caracteres \u00e9 o primeiro obst\u00e1culo na aprendizagem da l\u00edngua, mas com a pr\u00e1tica, ser\u00e1s um <a href=\"https:\/\/talkpal.ai\/locations\/language-courses-in-mestre\/\">mestre<\/a> em pouco tempo!<\/p>\n\n\n\n<h3 class=\"wp-block-heading\" id=\"h-2-noun-mastery-getting-to-the-roots-of-icelandic-grammar\">2. Dom\u00ednio do substantivo: Chegando \u00e0s ra\u00edzes da gram\u00e1tica islandesa<\/h3>\n\n\n\n<p>Uma das principais caracter\u00edsticas da gram\u00e1tica islandesa \u00e9 a flex\u00e3o de substantivos por g\u00eanero, n\u00famero e caso. Os substantivos islandeses podem ser femininos, masculinos ou neutros, e cada g\u00eanero vem com seu conjunto \u00fanico de regras para declina\u00e7\u00e3o. Embora isso possa parecer uma montanha-russa lingu\u00edstica, entender esses meandros \u00e9 essencial para compreender a l\u00edngua <a href=\"https:\/\/talkpal.ai\/locations\/language-courses-in-como\/\">como<\/a> um todo. Os conhecimentos que adquirires abrir\u00e3o um mundo de possibilidades para exprimir uma s\u00e9rie de significados subtis e complexos &#8211; a verdadeira gl\u00f3ria da gram\u00e1tica islandesa!<\/p>\n\n\n\n<h3 class=\"wp-block-heading\" id=\"h-3-the-mighty-verb-icelandic-s-unsung-hero\">3. O poderoso verbo: o her\u00f3i desconhecido do island\u00eas<\/h3>\n\n\n\n<p>Tal como os substantivos, os verbos islandeses sofrem uma transforma\u00e7\u00e3o extensa, dependendo do tempo verbal, do estado de esp\u00edrito, da pessoa e do n\u00famero do sujeito. Este intrincado sistema pode ser assustador no in\u00edcio, mas tenha paci\u00eancia comigo! \u00c0 medida que vais aprendendo os padr\u00f5es regulares e as particularidades irregulares, vais come\u00e7ar a ver como a conjuga\u00e7\u00e3o dos verbos islandeses pode ser elegante e vers\u00e1til. Conquistar os verbos islandeses desbloquear\u00e1 o poder de expressar pensamentos, sentimentos e a\u00e7\u00f5es com precis\u00e3o e criatividade.<\/p>\n\n\n\n<h3 class=\"wp-block-heading\" id=\"h-4-word-order-icelandic-s-flexible-backbone\">4. Ordem das palavras: A espinha dorsal flex\u00edvel do island\u00eas<\/h3>\n\n\n\n<p>Em contraste com a rigidez de alguns elementos da gram\u00e1tica islandesa, a l\u00edngua oferece flexibilidade na ordena\u00e7\u00e3o de palavras. Isto significa que podes colocar o sujeito, o verbo e o objeto em v\u00e1rias disposi\u00e7\u00f5es, desde que mantenhas a concord\u00e2ncia em g\u00e9nero, n\u00famero, casos e muito mais &#8211; vais libertar o artista que h\u00e1 em ti! Adaptar suas frases dessa maneira l\u00fadica pode ajudar a criar \u00eanfase, nuances e um tom de conversa, tornando sua fala mais envolvente e agrad\u00e1vel.<\/p>\n\n\n\n<h3 class=\"wp-block-heading\" id=\"h-5-embrace-the-culture-discover-the-pulse-of-the-icelandic-language\">5. Abrace a Cultura: Descubra o Pulso da L\u00edngua Islandesa<\/h3>\n\n\n\n<p>A l\u00edngua islandesa n\u00e3o pode ser separada das suas ra\u00edzes culturais, com os seus fortes la\u00e7os com as sagas, as Eddas, a hist\u00f3ria e a vis\u00e3o do mundo \u00fanicas do pa\u00eds. Para mergulhar verdadeiramente na l\u00edngua, abrace seu contexto de todo o cora\u00e7\u00e3o. Mergulhe em seu folclore, devore seus tesouros liter\u00e1rios e envolva-se com falantes nativos. Esta abordagem \u00e9 fundamental para alcan\u00e7ar a profici\u00eancia lingu\u00edstica e uma liga\u00e7\u00e3o mais profunda com o povo island\u00eas e a sua rica <a href=\"https:\/\/talkpal.ai\/pt-pt\/culture\/estudando-a-heranca-cultural-dos-monumentos-megaliticos\/\">heran\u00e7a cultural<\/a>.<\/p>\n\n\n\n<h3 class=\"wp-block-heading\" id=\"h-conclusion-an-icelandic-grammar-journey-worth-taking\">Conclus\u00e3o: Uma viagem gramatical islandesa que vale a pena fazer<\/h3>\n\n\n\n<p>Embora a gram\u00e1tica islandesa possa parecer um desafio formid\u00e1vel, as recompensas s\u00e3o abundantes para aqueles que mergulham. Com perseveran\u00e7a, um grande interesse pela cultura e uma pitada generosa de curiosidade, vais dar por ti cativado pelos meandros da l\u00edngua islandesa. Ent\u00e3o, junte-se a n\u00f3s nesta aventura e descubra a magia da gram\u00e1tica islandesa, um passo emocionante de cada vez.<\/p>\n<\/div><\/div>\n\r\n<section class=\"learnNavigationSection\">\r\n            \r\n        <a href=\"https:\/\/talkpal.ai\/pt-pt\/aprender-islandes\/\">\r\n            <div class=\"learnNavigationWrapper\">\r\n                <div class=\"learnNavigationContent\">\r\n                    <img decoding=\"async\" src=\"https:\/\/talkpal.ai\/wp-content\/uploads\/2024\/08\/Icelandic.jpg\" alt=\"Iceland Flag\">\r\n                    <div>\r\n                        <h4>Sobre a Icelandic Learning<\/h4>\r\n                        <p>Descobre tudo sobre a gram\u00e1tica islandesa.<\/p>\r\n                    <\/div>\r\n                <\/div>\r\n            <\/div>\r\n        <\/a>\r\n\r\n        \r\n        <a href=\"https:\/\/talkpal.ai\/pt-pt\/exercicios-de-gramatica-islandesa\/\">\r\n            <div class=\"learnNavigationWrapper\">\r\n                <div class=\"learnNavigationContent\">\r\n                    <img decoding=\"async\" src=\"https:\/\/talkpal.ai\/wp-content\/uploads\/2024\/08\/Icelandic.jpg\" alt=\"Iceland Flag\">\r\n                    <div>\r\n                        <h4>Exerc\u00edcio de gram\u00e1tica islandesa<\/h4>\r\n                        <p>Pratica a gram\u00e1tica islandesa.<\/p>\r\n                    <\/div>\r\n                <\/div>\r\n            <\/div>\r\n        <\/a>\r\n\r\n        \r\n        <a href=\"https:\/\/talkpal.ai\/vocabulary_language\/icelandic\/\">\r\n            <div class=\"learnNavigationWrapper\">\r\n                <div class=\"learnNavigationContent\">\r\n                    <img decoding=\"async\" src=\"https:\/\/talkpal.ai\/wp-content\/uploads\/2024\/08\/Icelandic.jpg\" alt=\"Iceland Flag\">\r\n                    <div>\r\n                        <h4>Vocabul\u00e1rio island\u00eas<\/h4>\r\n                        <p>Amplia o teu vocabul\u00e1rio island\u00eas.<\/p>\r\n                    <\/div>\r\n                <\/div>\r\n            <\/div>\r\n        <\/a>\r\n\r\n            <\/section>","protected":false},"excerpt":{"rendered":"<p>A Magia da Gram\u00e1tica Islandesa: Desvendando os Segredos da L\u00edngua Viking Introdu\u00e7\u00e3o: Island\u00eas, a Terra do Fogo e do Gelo A l\u00edngua islandesa, falada pelo povo da deslumbrante na\u00e7\u00e3o insular da Isl\u00e2ndia, \u00e9 conhecida por sua rica hist\u00f3ria, tradi\u00e7\u00e3o po\u00e9tica cativante e excepcional capacidade de se adaptar e evoluir com os tempos. Descendente do n\u00f3rdico [&hellip;]<\/p>\n","protected":false},"author":1,"featured_media":28370,"parent":0,"menu_order":0,"comment_status":"closed","ping_status":"closed","template":"LearningContentPage.php","meta":{"_acf_changed":false,"footnotes":""},"class_list":["post-144824","page","type-page","status-publish","has-post-thumbnail","hentry"],"acf":[],"yoast_head":"<!-- This site is optimized with the Yoast SEO Premium plugin v27.2 (Yoast SEO v27.2) - https:\/\/yoast.com\/product\/yoast-seo-premium-wordpress\/ -->\n<title>Gram\u00e1tica islandesa - Talkpal<\/title>\n<meta name=\"description\" content=\"Aprende gram\u00e1tica islandesa de forma clara - compreende as principais regras gramaticais, forma frases corretas e aumenta a tua confian\u00e7a rapidamente com as li\u00e7\u00f5es de IA da Talkpalas li\u00e7\u00f5es de IA do\" \/>\n<meta name=\"robots\" content=\"index, follow, max-snippet:-1, max-image-preview:large, max-video-preview:-1\" \/>\n<link rel=\"canonical\" href=\"https:\/\/talkpal.ai\/pt-pt\/gramatica-islandesa\/\" \/>\n<meta property=\"og:locale\" content=\"pt_PT\" \/>\n<meta property=\"og:type\" content=\"article\" \/>\n<meta property=\"og:title\" content=\"Gram\u00e1tica islandesa\" \/>\n<meta property=\"og:description\" content=\"A Magia da Gram\u00e1tica Islandesa: Desvendando os Segredos da L\u00edngua Viking Introdu\u00e7\u00e3o: Island\u00eas, a Terra do Fogo e do Gelo A l\u00edngua islandesa, falada pelo\" \/>\n<meta property=\"og:url\" content=\"https:\/\/talkpal.ai\/pt-pt\/gramatica-islandesa\/\" \/>\n<meta property=\"og:site_name\" content=\"Talkpal\" \/>\n<meta property=\"article:publisher\" content=\"https:\/\/www.facebook.com\/profile.php?id=100090733639311\" \/>\n<meta property=\"article:modified_time\" content=\"2025-12-12T10:50:54+00:00\" \/>\n<meta property=\"og:image\" content=\"https:\/\/talkpal.ai\/wp-content\/uploads\/2023\/05\/iceland.png\" \/>\n\t<meta property=\"og:image:width\" content=\"512\" \/>\n\t<meta property=\"og:image:height\" content=\"512\" \/>\n\t<meta property=\"og:image:type\" content=\"image\/png\" \/>\n<meta name=\"twitter:card\" content=\"summary_large_image\" \/>\n<meta name=\"twitter:site\" content=\"@talkpalai\" \/>\n<meta name=\"twitter:label1\" content=\"Tempo estimado de leitura\" \/>\n\t<meta name=\"twitter:data1\" content=\"3 minutos\" \/>\n<script type=\"application\/ld+json\" class=\"yoast-schema-graph\">{\"@context\":\"https:\/\/schema.org\",\"@graph\":[{\"@type\":\"WebPage\",\"@id\":\"https:\/\/talkpal.ai\/pt-pt\/gramatica-islandesa\/\",\"url\":\"https:\/\/talkpal.ai\/pt-pt\/gramatica-islandesa\/\",\"name\":\"Gram\u00e1tica islandesa - Talkpal\",\"isPartOf\":{\"@id\":\"https:\/\/talkpal.ai\/pt-pt\/#website\"},\"primaryImageOfPage\":{\"@id\":\"https:\/\/talkpal.ai\/pt-pt\/gramatica-islandesa\/#primaryimage\"},\"image\":{\"@id\":\"https:\/\/talkpal.ai\/pt-pt\/gramatica-islandesa\/#primaryimage\"},\"thumbnailUrl\":\"https:\/\/talkpal.ai\/wp-content\/uploads\/2023\/05\/iceland.png\",\"datePublished\":\"2023-05-14T14:09:11+00:00\",\"dateModified\":\"2025-12-12T10:50:54+00:00\",\"description\":\"Aprende gram\u00e1tica islandesa de forma clara - compreende as principais regras gramaticais, forma frases corretas e aumenta a tua confian\u00e7a rapidamente com as li\u00e7\u00f5es de IA da Talkpalas li\u00e7\u00f5es de IA do\",\"breadcrumb\":{\"@id\":\"https:\/\/talkpal.ai\/pt-pt\/gramatica-islandesa\/#breadcrumb\"},\"inLanguage\":\"pt-PT\",\"potentialAction\":[{\"@type\":\"ReadAction\",\"target\":[\"https:\/\/talkpal.ai\/pt-pt\/gramatica-islandesa\/\"]}]},{\"@type\":\"ImageObject\",\"inLanguage\":\"pt-PT\",\"@id\":\"https:\/\/talkpal.ai\/pt-pt\/gramatica-islandesa\/#primaryimage\",\"url\":\"https:\/\/talkpal.ai\/wp-content\/uploads\/2023\/05\/iceland.png\",\"contentUrl\":\"https:\/\/talkpal.ai\/wp-content\/uploads\/2023\/05\/iceland.png\",\"width\":512,\"height\":512},{\"@type\":\"BreadcrumbList\",\"@id\":\"https:\/\/talkpal.ai\/pt-pt\/gramatica-islandesa\/#breadcrumb\",\"itemListElement\":[{\"@type\":\"ListItem\",\"position\":1,\"name\":\"Homepage\",\"item\":\"https:\/\/talkpal.ai\/pt-pt\/\"},{\"@type\":\"ListItem\",\"position\":2,\"name\":\"Gram\u00e1tica islandesa\"}]},{\"@type\":\"WebSite\",\"@id\":\"https:\/\/talkpal.ai\/pt-pt\/#website\",\"url\":\"https:\/\/talkpal.ai\/pt-pt\/\",\"name\":\"Talkpal\",\"description\":\"AI Language Learning\",\"publisher\":{\"@id\":\"https:\/\/talkpal.ai\/pt-pt\/#organization\"},\"alternateName\":\"Talkpal AI\",\"potentialAction\":[{\"@type\":\"SearchAction\",\"target\":{\"@type\":\"EntryPoint\",\"urlTemplate\":\"https:\/\/talkpal.ai\/pt-pt\/?s={search_term_string}\"},\"query-input\":{\"@type\":\"PropertyValueSpecification\",\"valueRequired\":true,\"valueName\":\"search_term_string\"}}],\"inLanguage\":\"pt-PT\"},{\"@type\":\"Organization\",\"@id\":\"https:\/\/talkpal.ai\/pt-pt\/#organization\",\"name\":\"Talkpal, Inc.\",\"alternateName\":\"Talkpal AI\",\"url\":\"https:\/\/talkpal.ai\/pt-pt\/\",\"logo\":{\"@type\":\"ImageObject\",\"inLanguage\":\"pt-PT\",\"@id\":\"https:\/\/talkpal.ai\/pt-pt\/#\/schema\/logo\/image\/\",\"url\":\"https:\/\/talkpal.ai\/wp-content\/uploads\/2024\/03\/Talkpal-Logo-Icon.png\",\"contentUrl\":\"https:\/\/talkpal.ai\/wp-content\/uploads\/2024\/03\/Talkpal-Logo-Icon.png\",\"width\":2880,\"height\":2880,\"caption\":\"Talkpal, Inc.\"},\"image\":{\"@id\":\"https:\/\/talkpal.ai\/pt-pt\/#\/schema\/logo\/image\/\"},\"sameAs\":[\"https:\/\/www.facebook.com\/profile.php?id=100090733639311\",\"https:\/\/x.com\/talkpalai\",\"https:\/\/www.linkedin.com\/company\/talkpal\/\",\"https:\/\/www.youtube.com\/@TalkPal\/\",\"https:\/\/www.tiktok.com\/@talkpal\",\"https:\/\/www.instagram.com\/talkpal_ai\/\",\"https:\/\/www.crunchbase.com\/organization\/talkpal-9cde\",\"https:\/\/www.g2.com\/products\/talkpal-for-business\/\",\"https:\/\/www.trustpilot.com\/review\/talkpal.ai\",\"https:\/\/www.capterra.com\/p\/10006800\/TalkPal\/\"],\"description\":\"Talkpal is a language learning web and mobile education app, powered by the latest AI technologies, that provides engaging experiences to its customers in many different languages to help them improve their language skills. Users can chat about unlimited amount of topics with the app and use other modes to practice their language learning.\",\"email\":\"support@talkpal.ai\",\"legalName\":\"Talkpal, Inc.\",\"foundingDate\":\"2023-04-03\",\"duns\":\"118989042\",\"numberOfEmployees\":{\"@type\":\"QuantitativeValue\",\"minValue\":\"11\",\"maxValue\":\"50\"},\"publishingPrinciples\":\"https:\/\/talkpal.ai\/publishing-principles\/\",\"actionableFeedbackPolicy\":\"https:\/\/talkpal.ai\/actionable-feedback-policy\/\",\"correctionsPolicy\":\"https:\/\/talkpal.ai\/corrections-policy\/\",\"ethicsPolicy\":\"https:\/\/talkpal.ai\/ethics-policy\/\",\"diversityPolicy\":\"https:\/\/talkpal.ai\/diversity-policy\/\",\"diversityStaffingReport\":\"https:\/\/talkpal.ai\/diversity-policy\/\"}]}<\/script>\n<!-- \/ Yoast SEO Premium plugin. -->","yoast_head_json":{"title":"Gram\u00e1tica islandesa - Talkpal","description":"Aprende gram\u00e1tica islandesa de forma clara - compreende as principais regras gramaticais, forma frases corretas e aumenta a tua confian\u00e7a rapidamente com as li\u00e7\u00f5es de IA da Talkpalas li\u00e7\u00f5es de IA do","robots":{"index":"index","follow":"follow","max-snippet":"max-snippet:-1","max-image-preview":"max-image-preview:large","max-video-preview":"max-video-preview:-1"},"canonical":"https:\/\/talkpal.ai\/pt-pt\/gramatica-islandesa\/","og_locale":"pt_PT","og_type":"article","og_title":"Gram\u00e1tica islandesa","og_description":"A Magia da Gram\u00e1tica Islandesa: Desvendando os Segredos da L\u00edngua Viking Introdu\u00e7\u00e3o: Island\u00eas, a Terra do Fogo e do Gelo A l\u00edngua islandesa, falada pelo","og_url":"https:\/\/talkpal.ai\/pt-pt\/gramatica-islandesa\/","og_site_name":"Talkpal","article_publisher":"https:\/\/www.facebook.com\/profile.php?id=100090733639311","article_modified_time":"2025-12-12T10:50:54+00:00","og_image":[{"width":512,"height":512,"url":"https:\/\/talkpal.ai\/wp-content\/uploads\/2023\/05\/iceland.png","type":"image\/png"}],"twitter_card":"summary_large_image","twitter_site":"@talkpalai","twitter_misc":{"Tempo estimado de leitura":"3 minutos"},"schema":{"@context":"https:\/\/schema.org","@graph":[{"@type":"WebPage","@id":"https:\/\/talkpal.ai\/pt-pt\/gramatica-islandesa\/","url":"https:\/\/talkpal.ai\/pt-pt\/gramatica-islandesa\/","name":"Gram\u00e1tica islandesa - Talkpal","isPartOf":{"@id":"https:\/\/talkpal.ai\/pt-pt\/#website"},"primaryImageOfPage":{"@id":"https:\/\/talkpal.ai\/pt-pt\/gramatica-islandesa\/#primaryimage"},"image":{"@id":"https:\/\/talkpal.ai\/pt-pt\/gramatica-islandesa\/#primaryimage"},"thumbnailUrl":"https:\/\/talkpal.ai\/wp-content\/uploads\/2023\/05\/iceland.png","datePublished":"2023-05-14T14:09:11+00:00","dateModified":"2025-12-12T10:50:54+00:00","description":"Aprende gram\u00e1tica islandesa de forma clara - compreende as principais regras gramaticais, forma frases corretas e aumenta a tua confian\u00e7a rapidamente com as li\u00e7\u00f5es de IA da Talkpalas li\u00e7\u00f5es de IA do","breadcrumb":{"@id":"https:\/\/talkpal.ai\/pt-pt\/gramatica-islandesa\/#breadcrumb"},"inLanguage":"pt-PT","potentialAction":[{"@type":"ReadAction","target":["https:\/\/talkpal.ai\/pt-pt\/gramatica-islandesa\/"]}]},{"@type":"ImageObject","inLanguage":"pt-PT","@id":"https:\/\/talkpal.ai\/pt-pt\/gramatica-islandesa\/#primaryimage","url":"https:\/\/talkpal.ai\/wp-content\/uploads\/2023\/05\/iceland.png","contentUrl":"https:\/\/talkpal.ai\/wp-content\/uploads\/2023\/05\/iceland.png","width":512,"height":512},{"@type":"BreadcrumbList","@id":"https:\/\/talkpal.ai\/pt-pt\/gramatica-islandesa\/#breadcrumb","itemListElement":[{"@type":"ListItem","position":1,"name":"Homepage","item":"https:\/\/talkpal.ai\/pt-pt\/"},{"@type":"ListItem","position":2,"name":"Gram\u00e1tica islandesa"}]},{"@type":"WebSite","@id":"https:\/\/talkpal.ai\/pt-pt\/#website","url":"https:\/\/talkpal.ai\/pt-pt\/","name":"Talkpal","description":"AI Language Learning","publisher":{"@id":"https:\/\/talkpal.ai\/pt-pt\/#organization"},"alternateName":"Talkpal AI","potentialAction":[{"@type":"SearchAction","target":{"@type":"EntryPoint","urlTemplate":"https:\/\/talkpal.ai\/pt-pt\/?s={search_term_string}"},"query-input":{"@type":"PropertyValueSpecification","valueRequired":true,"valueName":"search_term_string"}}],"inLanguage":"pt-PT"},{"@type":"Organization","@id":"https:\/\/talkpal.ai\/pt-pt\/#organization","name":"Talkpal, Inc.","alternateName":"Talkpal AI","url":"https:\/\/talkpal.ai\/pt-pt\/","logo":{"@type":"ImageObject","inLanguage":"pt-PT","@id":"https:\/\/talkpal.ai\/pt-pt\/#\/schema\/logo\/image\/","url":"https:\/\/talkpal.ai\/wp-content\/uploads\/2024\/03\/Talkpal-Logo-Icon.png","contentUrl":"https:\/\/talkpal.ai\/wp-content\/uploads\/2024\/03\/Talkpal-Logo-Icon.png","width":2880,"height":2880,"caption":"Talkpal, Inc."},"image":{"@id":"https:\/\/talkpal.ai\/pt-pt\/#\/schema\/logo\/image\/"},"sameAs":["https:\/\/www.facebook.com\/profile.php?id=100090733639311","https:\/\/x.com\/talkpalai","https:\/\/www.linkedin.com\/company\/talkpal\/","https:\/\/www.youtube.com\/@TalkPal\/","https:\/\/www.tiktok.com\/@talkpal","https:\/\/www.instagram.com\/talkpal_ai\/","https:\/\/www.crunchbase.com\/organization\/talkpal-9cde","https:\/\/www.g2.com\/products\/talkpal-for-business\/","https:\/\/www.trustpilot.com\/review\/talkpal.ai","https:\/\/www.capterra.com\/p\/10006800\/TalkPal\/"],"description":"Talkpal is a language learning web and mobile education app, powered by the latest AI technologies, that provides engaging experiences to its customers in many different languages to help them improve their language skills. Users can chat about unlimited amount of topics with the app and use other modes to practice their language learning.","email":"support@talkpal.ai","legalName":"Talkpal, Inc.","foundingDate":"2023-04-03","duns":"118989042","numberOfEmployees":{"@type":"QuantitativeValue","minValue":"11","maxValue":"50"},"publishingPrinciples":"https:\/\/talkpal.ai\/publishing-principles\/","actionableFeedbackPolicy":"https:\/\/talkpal.ai\/actionable-feedback-policy\/","correctionsPolicy":"https:\/\/talkpal.ai\/corrections-policy\/","ethicsPolicy":"https:\/\/talkpal.ai\/ethics-policy\/","diversityPolicy":"https:\/\/talkpal.ai\/diversity-policy\/","diversityStaffingReport":"https:\/\/talkpal.ai\/diversity-policy\/"}]}},"_links":{"self":[{"href":"https:\/\/talkpal.ai\/pt-pt\/wp-json\/wp\/v2\/pages\/144824","targetHints":{"allow":["GET"]}}],"collection":[{"href":"https:\/\/talkpal.ai\/pt-pt\/wp-json\/wp\/v2\/pages"}],"about":[{"href":"https:\/\/talkpal.ai\/pt-pt\/wp-json\/wp\/v2\/types\/page"}],"author":[{"embeddable":true,"href":"https:\/\/talkpal.ai\/pt-pt\/wp-json\/wp\/v2\/users\/1"}],"replies":[{"embeddable":true,"href":"https:\/\/talkpal.ai\/pt-pt\/wp-json\/wp\/v2\/comments?post=144824"}],"version-history":[{"count":0,"href":"https:\/\/talkpal.ai\/pt-pt\/wp-json\/wp\/v2\/pages\/144824\/revisions"}],"wp:featuredmedia":[{"embeddable":true,"href":"https:\/\/talkpal.ai\/pt-pt\/wp-json\/wp\/v2\/media\/28370"}],"wp:attachment":[{"href":"https:\/\/talkpal.ai\/pt-pt\/wp-json\/wp\/v2\/media?parent=144824"}],"curies":[{"name":"wp","href":"https:\/\/api.w.org\/{rel}","templated":true}]}}