{"id":144215,"date":"2023-05-14T14:04:48","date_gmt":"2023-05-14T14:04:48","guid":{"rendered":"http:\/\/talkpal.ai\/gramatica-hebraica\/"},"modified":"2025-12-13T15:37:55","modified_gmt":"2025-12-13T15:37:55","slug":"gramatica-hebraica","status":"publish","type":"page","link":"https:\/\/talkpal.ai\/pt-pt\/gramatica-hebraica\/","title":{"rendered":"Gram\u00e1tica Hebraica"},"content":{"rendered":"\r\n\r\n\r\n<section class=\"languageChallengeSection\">\r\n    <div class=\"languageInfoWrapper\">\r\n        \r\n        <h1>Gram\u00e1tica Hebraica<\/h1>\r\n        <p>Aprende a <a href=\"https:\/\/talkpal.ai\/hebrew-grammar\/\">gram\u00e1tica hebraica<\/a> e desvenda os segredos de uma l\u00edngua com ra\u00edzes hist\u00f3ricas profundas e relev\u00e2ncia moderna. Aceita o desafio e liga-te a uma cultura vibrante atrav\u00e9s da beleza da gram\u00e1tica hebraica!<\/p>\r\n\r\n                            <a class=\"getStartedHidden\" href=\"https:\/\/app.talkpal.ai\/pt-pt\/signup?lng=\">Come\u00e7a<\/a>\r\n        \r\n    <\/div>\r\n\r\n    <figure>\r\n    <img decoding=\"async\" width=\"768\" height=\"768\" src=\"https:\/\/talkpal.ai\/wp-content\/uploads\/2023\/06\/hebrew-768x768.png\" class=\"languageImage no-lazy\" alt=\"Default alt text\" fetchpriority=\"high\" sizes=\"(max-width: 768px) 150px, 768px\" srcset=\"https:\/\/talkpal.ai\/wp-content\/uploads\/2023\/06\/hebrew-768x768.png 768w, https:\/\/talkpal.ai\/wp-content\/uploads\/2023\/06\/hebrew-300x300.png 300w\" \/>\r\n    \r\n\r\n    <\/figure>\r\n\r\n            <a class=\"getStartedVisible\" href=\"https:\/\/app.talkpal.ai\/pt-pt\/signup?lng=\">Come\u00e7a<\/a>\r\n    \r\n<\/section>\r\n        <section class=\"grammarSection\">\r\n            <div class=\"grammarLinks\">\r\n                <a href=\"https:\/\/talkpal.ai\/pt-pt\/language\/adjetivos-gramatica-hebraica\/\">Adjetivos <\/a><a href=\"https:\/\/talkpal.ai\/pt-pt\/language\/adverbios-gramatica-hebraica\/\">Adv\u00e9rbios <\/a><a href=\"https:\/\/talkpal.ai\/pt-pt\/language\/artigos-gramatica-hebraica\/\">Artigos <\/a><a href=\"https:\/\/talkpal.ai\/pt-pt\/language\/comparacao-de-tempos-verbais-gramatica-hebraica\/\">Compara\u00e7\u00e3o de Tempos Verbais <\/a><a href=\"https:\/\/talkpal.ai\/pt-pt\/language\/condicionais-gramatica-hebraica\/\">Condicionais <\/a><a href=\"https:\/\/talkpal.ai\/pt-pt\/language\/frases-gramatica-hebraica\/\">Frases <\/a><a href=\"https:\/\/talkpal.ai\/pt-pt\/language\/preposicoes-gramatica-hebraica\/\">Preposi\u00e7\u00f5es <\/a><a href=\"https:\/\/talkpal.ai\/pt-pt\/language\/progressivo-gramatica-hebraica\/\">Progressivo <\/a><a href=\"https:\/\/talkpal.ai\/pt-pt\/language\/progressivo-perfeito-gramatica-hebraica\/\">Progressivo Perfeito <\/a><a href=\"https:\/\/talkpal.ai\/pt-pt\/language\/pronomes-determinantes-gramatica-hebraica\/\">Pronomes\/Determinantes <\/a><a href=\"https:\/\/talkpal.ai\/pt-pt\/language\/substantivos-gramatica-hebraica\/\">Substantivos <\/a><a href=\"https:\/\/talkpal.ai\/pt-pt\/language\/tempos-verbais-gramatica-hebraica\/\">Tempos Verbais <\/a><a href=\"https:\/\/talkpal.ai\/pt-pt\/language\/verbos-gramatica-hebraica\/\">Verbos <\/a>            <\/div>\r\n        <\/section>\r\n    <section class=\"promotionalBanner\">\r\n    <p class=\"promotionalText\">A maneira mais eficiente de aprender um idioma<\/p>\r\n    <a class=\"promotionalLink\" href=\"https:\/\/app.talkpal.ai\/pt-pt\/signup?lng=\">Experimente o Talkpal gratuitamente<\/a>\r\n<\/section>\n<div class=\"wp-block-group pageContainerStyle\"><div class=\"wp-block-group__inner-container is-layout-constrained wp-block-group-is-layout-constrained\">\n<h2 class=\"wp-block-heading\" id=\"h-mastering-hebrew-grammar-your-ultimate-guide\">Dominando a gram\u00e1tica hebraica: seu guia definitivo<\/h2>\n\n\n\n<p>Shalom, entusiastas da l\u00edngua! Voc\u00ea est\u00e1 pronto para mergulhar no fascinante mundo da gram\u00e1tica hebraica? Vieste ao s\u00edtio certo. Repleto de informa\u00e7\u00f5es f\u00e1ceis de entender e um tom de conversa, este artigo ir\u00e1 gui\u00e1-lo pelo reino hipnotizante da gram\u00e1tica hebraica. Em breve, ser\u00e1s capaz de construir frases e participar em conversas com significado com falantes nativos. Ent\u00e3o, vamos come\u00e7ar a tua viagem para dominar a gram\u00e1tica hebraica!<\/p>\n\n\n\n<p><strong>Mas primeiro, por que a gram\u00e1tica hebraica?<\/strong><\/p>\n\n\n\n<p>Se est\u00e1s a <a href=\"https:\/\/talkpal.ai\/pt-pt\/melhores-podcasts-para-aprender-hebraico\/\">aprender hebraico<\/a>, uma base s\u00f3lida de gram\u00e1tica \u00e9 essencial para falar, ler e escrever fluentemente. Embora a gram\u00e1tica hebraica possa inicialmente parecer complexa, ela se torna mais acess\u00edvel uma vez dividida em partes menores e mais gerenci\u00e1veis. Ent\u00e3o, vamos embarcar nesta viagem emocionante!<\/p>\n\n\n\n<h3 class=\"wp-block-heading\" id=\"h-1-nouns-gender-and-number\">1. Substantivos, g\u00eanero e n\u00famero<\/h3>\n\n\n\n<p>Os substantivos hebraicos t\u00eam dois g\u00eaneros \u2013 masculino e feminino \u2013 e podem ser singulares ou plurais. A identifica\u00e7\u00e3o do g\u00e9nero de um substantivo constitui uma base para a constru\u00e7\u00e3o correta de uma frase, uma vez que afecta outras partes do discurso, <a href=\"https:\/\/talkpal.ai\/locations\/language-courses-in-como\/\">como<\/a> os verbos e os adjectivos.  <\/p>\n\n\n\n<p>Uma regra geral: se um substantivo termina em \u201c\u05d4\u201d (hey) ou \u201c\u05ea\u201d (tav), \u00e9 normalmente feminino. No entanto, existem exce\u00e7\u00f5es, ent\u00e3o memorizar g\u00eaneros substantivos enquanto aprende vocabul\u00e1rio \u00e9 fundamental.<\/p>\n\n\n\n<p>Al\u00e9m disso, os substantivos hebraicos assumem formas diferentes dependendo do n\u00famero. O plural dos substantivos masculinos termina tipicamente em \u201c\u05d9\u05dd\u201d (yim), enquanto o plural dos substantivos femininos termina em \u201c\u05d5\u05ea\u201d (ot).<\/p>\n\n\n\n<h3 class=\"wp-block-heading\" id=\"h-2-adjectives-agreement-and-definite-articles\">2. Adjetivos, concord\u00e2ncia e artigos definidos<\/h3>\n\n\n\n<p>Os adjetivos em hebraico devem concordar em g\u00eanero e n\u00famero com o substantivo que modificam. Para tornar um adjetivo feminino, acrescenta um \u201c\u05d4\u201d (ei) no final, se ainda n\u00e3o tiver um. Para fazeres o plural de um adjetivo, segue o mesmo princ\u00edpio dos substantivos: acrescenta \u201c\u05d9\u05dd\u201d para o masculino e \u201c\u05d5\u05ea\u201d para o feminino.<\/p>\n\n\n\n<p>O artigo definido \u201co\u201d em hebraico \u00e9 \u201c\u05d4\u201d (hey) e \u00e9 adicionado como um prefixo ao substantivo ou adjetivo. Por exemplo, \u201c\u05d4\u05e1\u05e4\u05e8\u201d (haSefer &#8211; o livro) ou \u201c\u05d4\u05db\u05d3\u05d5\u05e8 \u05d4\u05d2\u05d3\u05d5\u05dc\u201d (hakadur hagadol &#8211; a bola grande).<\/p>\n\n\n\n<h3 class=\"wp-block-heading\" id=\"h-3-verbs-tense-and-conjugation\">3. Verbos, tempo e conjuga\u00e7\u00e3o<\/h3>\n\n\n\n<p>Os verbos hebraicos desempenham um papel crucial na gram\u00e1tica e est\u00e3o divididos em sete grupos de conjuga\u00e7\u00e3o chamados \u201cbinyanim\u201d. Cada binyan influencia o significado e o papel do verbo numa frase.<\/p>\n\n\n\n<p>Para te dar uma vis\u00e3o geral, vamos falar do tempo <a href=\"https:\/\/talkpal.ai\/zh-hans\/grammar_exercises\/presente-%e8%a5%bf%e7%8f%ad%e7%89%99%e8%af%ad%e6%b3%95%e7%bb%83%e4%b9%a0\/\">presente<\/a> dos verbos regulares:<\/p>\n\n\n\n<p><strong>&#8211; \u05d0\u05e0\u05d9 \u05e7\u05d5\u05e8\u05d0\/\u05ea (ani kore\/et &#8211; leio, masc.\/fem.)<\/strong><\/p>\n\n\n\n<p><strong>&#8211; \u05d0\u05ea\/\u05d4 \u05e7\u05d5\u05e8\u05d0\/\u05ea (ata\/at kore\/et &#8211; l\u00eas, masc.\/fem.)<\/strong><\/p>\n\n\n\n<p><strong>&#8211; \u05d4\u05d5\u05d0\/\u05d4\u05d9\u05d0 \u05e7\u05d5\u05e8\u05d0\/\u05ea (hu\/hi kore\/et &#8211; ele\/ela l\u00ea)<\/strong><\/p>\n\n\n\n<p>Lembre-se, este \u00e9 apenas o come\u00e7o! Muitos outros tempos, <a href=\"https:\/\/talkpal.ai\/culture\/what-are-the-most-irregular-verbs-in-galician\/\">verbos irregulares<\/a> e complexidades binyan surgir\u00e3o \u00e0 medida que voc\u00ea progride.<\/p>\n\n\n\n<h3 class=\"wp-block-heading\" id=\"h-4-pronouns-prepositions-and-more\">4. Pronomes, preposi\u00e7\u00f5es e muito mais!<\/h3>\n\n\n\n<p>A gram\u00e1tica hebraica envolve outros componentes como pronomes (\u05d0\u05e0\u05d9, \u05d0\u05ea\u05d4, \u05d4\u05d5\u05d0, \u05d4\u05d9\u05d0, e assim por diante), preposi\u00e7\u00f5es (\u05d1, \u05dc, \u05de, \u05e2\u05dc, etc.) e express\u00f5es idiom\u00e1ticas. Para atingir uma flu\u00eancia completa em hebraico, \u00e9 essencial que te dediques a cada elemento, por isso d\u00e1 um passo de cada vez.<\/p>\n\n\n\n<p>Em conclus\u00e3o, n\u00e3o h\u00e1 nenhum atalho para dominares a gram\u00e1tica hebraica. Exige persist\u00eancia, pr\u00e1tica e paci\u00eancia. No entanto, depois de compreenderes as suas complexidades, vais saborear as nuances da conversa\u00e7\u00e3o em hebraico, explorar a sua rica cultura e hist\u00f3ria e aprofundar o teu apre\u00e7o pela l\u00edngua. \u05d1\u05d4\u05e6\u05dc\u05d7\u05d4 (behatzlacha &#8211; <a href=\"https:\/\/talkpal.ai\/culture\/how-do-i-say-good-luck-in-portuguese\/\">boa sorte<\/a>)!<\/p>\n<\/div><\/div>\n\r\n<section class=\"learnNavigationSection\">\r\n            \r\n        <a href=\"https:\/\/talkpal.ai\/pt-pt\/aprender-hebraico\/\">\r\n            <div class=\"learnNavigationWrapper\">\r\n                <div class=\"learnNavigationContent\">\r\n                    <img decoding=\"async\" src=\"https:\/\/talkpal.ai\/wp-content\/uploads\/2024\/08\/Hebrew.jpg\" alt=\"Israel Flag\">\r\n                    <div>\r\n                        <h4>Sobre o ensino do hebraico<\/h4>\r\n                        <p>Descubra tudo sobre a gram\u00e1tica hebraica.<\/p>\r\n                    <\/div>\r\n                <\/div>\r\n            <\/div>\r\n        <\/a>\r\n\r\n        \r\n        <a href=\"https:\/\/talkpal.ai\/pt-pt\/exercicios-de-gramatica-hebraica\/\">\r\n            <div class=\"learnNavigationWrapper\">\r\n                <div class=\"learnNavigationContent\">\r\n                    <img decoding=\"async\" src=\"https:\/\/talkpal.ai\/wp-content\/uploads\/2024\/08\/Hebrew.jpg\" alt=\"Israel Flag\">\r\n                    <div>\r\n                        <h4>Exerc\u00edcio de gram\u00e1tica hebraica<\/h4>\r\n                        <p>Pratique a gram\u00e1tica hebraica.<\/p>\r\n                    <\/div>\r\n                <\/div>\r\n            <\/div>\r\n        <\/a>\r\n\r\n        \r\n        <a href=\"https:\/\/talkpal.ai\/vocabulary_language\/hebrew\/\">\r\n            <div class=\"learnNavigationWrapper\">\r\n                <div class=\"learnNavigationContent\">\r\n                    <img decoding=\"async\" src=\"https:\/\/talkpal.ai\/wp-content\/uploads\/2024\/08\/Hebrew.jpg\" alt=\"Israel Flag\">\r\n                    <div>\r\n                        <h4>Vocabul\u00e1rio hebraico<\/h4>\r\n                        <p>Expanda seu vocabul\u00e1rio hebraico.<\/p>\r\n                    <\/div>\r\n                <\/div>\r\n            <\/div>\r\n        <\/a>\r\n\r\n            <\/section>","protected":false},"excerpt":{"rendered":"<p>Dominando a gram\u00e1tica hebraica: seu guia definitivo Shalom, entusiastas da l\u00edngua! Voc\u00ea est\u00e1 pronto para mergulhar no fascinante mundo da gram\u00e1tica hebraica? Vieste ao s\u00edtio certo. Repleto de informa\u00e7\u00f5es f\u00e1ceis de entender e um tom de conversa, este artigo ir\u00e1 gui\u00e1-lo pelo reino hipnotizante da gram\u00e1tica hebraica. Em breve, ser\u00e1s capaz de construir frases e [&hellip;]<\/p>\n","protected":false},"author":1,"featured_media":28402,"parent":0,"menu_order":0,"comment_status":"closed","ping_status":"closed","template":"LearningContentPage.php","meta":{"_acf_changed":false,"footnotes":""},"class_list":["post-144215","page","type-page","status-publish","has-post-thumbnail","hentry"],"acf":[],"yoast_head":"<!-- This site is optimized with the Yoast SEO Premium plugin v27.2 (Yoast SEO v27.2) - https:\/\/yoast.com\/product\/yoast-seo-premium-wordpress\/ -->\n<title>Gram\u00e1tica Hebraica - Talkpal<\/title>\n<meta name=\"description\" content=\"Melhora a tua gram\u00e1tica hebraica com confian\u00e7a - aprende as regras principais, forma frases corretas e comunica claramente com as li\u00e7\u00f5es f\u00e1ceis de IA do Talkpalas li\u00e7\u00f5es f\u00e1ceis de IA.\" \/>\n<meta name=\"robots\" content=\"index, follow, max-snippet:-1, max-image-preview:large, max-video-preview:-1\" \/>\n<link rel=\"canonical\" href=\"https:\/\/talkpal.ai\/pt-pt\/gramatica-hebraica\/\" \/>\n<meta property=\"og:locale\" content=\"pt_PT\" \/>\n<meta property=\"og:type\" content=\"article\" \/>\n<meta property=\"og:title\" content=\"Gram\u00e1tica Hebraica\" \/>\n<meta property=\"og:description\" content=\"Dominando a gram\u00e1tica hebraica: seu guia definitivo Shalom, entusiastas da l\u00edngua! Voc\u00ea est\u00e1 pronto para mergulhar no fascinante mundo da gram\u00e1tica\" \/>\n<meta property=\"og:url\" content=\"https:\/\/talkpal.ai\/pt-pt\/gramatica-hebraica\/\" \/>\n<meta property=\"og:site_name\" content=\"Talkpal\" \/>\n<meta property=\"article:publisher\" content=\"https:\/\/www.facebook.com\/profile.php?id=100090733639311\" \/>\n<meta property=\"article:modified_time\" content=\"2025-12-13T15:37:55+00:00\" \/>\n<meta property=\"og:image\" content=\"https:\/\/talkpal.ai\/wp-content\/uploads\/2023\/05\/israel.png\" \/>\n\t<meta property=\"og:image:width\" content=\"512\" \/>\n\t<meta property=\"og:image:height\" content=\"512\" \/>\n\t<meta property=\"og:image:type\" content=\"image\/png\" \/>\n<meta name=\"twitter:card\" content=\"summary_large_image\" \/>\n<meta name=\"twitter:site\" content=\"@talkpalai\" \/>\n<meta name=\"twitter:label1\" content=\"Tempo estimado de leitura\" \/>\n\t<meta name=\"twitter:data1\" content=\"3 minutos\" \/>\n<script type=\"application\/ld+json\" class=\"yoast-schema-graph\">{\"@context\":\"https:\/\/schema.org\",\"@graph\":[{\"@type\":\"WebPage\",\"@id\":\"https:\/\/talkpal.ai\/pt-pt\/gramatica-hebraica\/\",\"url\":\"https:\/\/talkpal.ai\/pt-pt\/gramatica-hebraica\/\",\"name\":\"Gram\u00e1tica Hebraica - Talkpal\",\"isPartOf\":{\"@id\":\"https:\/\/talkpal.ai\/pt-pt\/#website\"},\"primaryImageOfPage\":{\"@id\":\"https:\/\/talkpal.ai\/pt-pt\/gramatica-hebraica\/#primaryimage\"},\"image\":{\"@id\":\"https:\/\/talkpal.ai\/pt-pt\/gramatica-hebraica\/#primaryimage\"},\"thumbnailUrl\":\"https:\/\/talkpal.ai\/wp-content\/uploads\/2023\/05\/israel.png\",\"datePublished\":\"2023-05-14T14:04:48+00:00\",\"dateModified\":\"2025-12-13T15:37:55+00:00\",\"description\":\"Melhora a tua gram\u00e1tica hebraica com confian\u00e7a - aprende as regras principais, forma frases corretas e comunica claramente com as li\u00e7\u00f5es f\u00e1ceis de IA do Talkpalas li\u00e7\u00f5es f\u00e1ceis de IA.\",\"breadcrumb\":{\"@id\":\"https:\/\/talkpal.ai\/pt-pt\/gramatica-hebraica\/#breadcrumb\"},\"inLanguage\":\"pt-PT\",\"potentialAction\":[{\"@type\":\"ReadAction\",\"target\":[\"https:\/\/talkpal.ai\/pt-pt\/gramatica-hebraica\/\"]}]},{\"@type\":\"ImageObject\",\"inLanguage\":\"pt-PT\",\"@id\":\"https:\/\/talkpal.ai\/pt-pt\/gramatica-hebraica\/#primaryimage\",\"url\":\"https:\/\/talkpal.ai\/wp-content\/uploads\/2023\/05\/israel.png\",\"contentUrl\":\"https:\/\/talkpal.ai\/wp-content\/uploads\/2023\/05\/israel.png\",\"width\":512,\"height\":512},{\"@type\":\"BreadcrumbList\",\"@id\":\"https:\/\/talkpal.ai\/pt-pt\/gramatica-hebraica\/#breadcrumb\",\"itemListElement\":[{\"@type\":\"ListItem\",\"position\":1,\"name\":\"Homepage\",\"item\":\"https:\/\/talkpal.ai\/pt-pt\/\"},{\"@type\":\"ListItem\",\"position\":2,\"name\":\"Gram\u00e1tica Hebraica\"}]},{\"@type\":\"WebSite\",\"@id\":\"https:\/\/talkpal.ai\/pt-pt\/#website\",\"url\":\"https:\/\/talkpal.ai\/pt-pt\/\",\"name\":\"Talkpal\",\"description\":\"AI Language Learning\",\"publisher\":{\"@id\":\"https:\/\/talkpal.ai\/pt-pt\/#organization\"},\"alternateName\":\"Talkpal AI\",\"potentialAction\":[{\"@type\":\"SearchAction\",\"target\":{\"@type\":\"EntryPoint\",\"urlTemplate\":\"https:\/\/talkpal.ai\/pt-pt\/?s={search_term_string}\"},\"query-input\":{\"@type\":\"PropertyValueSpecification\",\"valueRequired\":true,\"valueName\":\"search_term_string\"}}],\"inLanguage\":\"pt-PT\"},{\"@type\":\"Organization\",\"@id\":\"https:\/\/talkpal.ai\/pt-pt\/#organization\",\"name\":\"Talkpal, Inc.\",\"alternateName\":\"Talkpal AI\",\"url\":\"https:\/\/talkpal.ai\/pt-pt\/\",\"logo\":{\"@type\":\"ImageObject\",\"inLanguage\":\"pt-PT\",\"@id\":\"https:\/\/talkpal.ai\/pt-pt\/#\/schema\/logo\/image\/\",\"url\":\"https:\/\/talkpal.ai\/wp-content\/uploads\/2024\/03\/Talkpal-Logo-Icon.png\",\"contentUrl\":\"https:\/\/talkpal.ai\/wp-content\/uploads\/2024\/03\/Talkpal-Logo-Icon.png\",\"width\":2880,\"height\":2880,\"caption\":\"Talkpal, Inc.\"},\"image\":{\"@id\":\"https:\/\/talkpal.ai\/pt-pt\/#\/schema\/logo\/image\/\"},\"sameAs\":[\"https:\/\/www.facebook.com\/profile.php?id=100090733639311\",\"https:\/\/x.com\/talkpalai\",\"https:\/\/www.linkedin.com\/company\/talkpal\/\",\"https:\/\/www.youtube.com\/@TalkPal\/\",\"https:\/\/www.tiktok.com\/@talkpal\",\"https:\/\/www.instagram.com\/talkpal_ai\/\",\"https:\/\/www.crunchbase.com\/organization\/talkpal-9cde\",\"https:\/\/www.g2.com\/products\/talkpal-for-business\/\",\"https:\/\/www.trustpilot.com\/review\/talkpal.ai\",\"https:\/\/www.capterra.com\/p\/10006800\/TalkPal\/\"],\"description\":\"Talkpal is a language learning web and mobile education app, powered by the latest AI technologies, that provides engaging experiences to its customers in many different languages to help them improve their language skills. Users can chat about unlimited amount of topics with the app and use other modes to practice their language learning.\",\"email\":\"support@talkpal.ai\",\"legalName\":\"Talkpal, Inc.\",\"foundingDate\":\"2023-04-03\",\"duns\":\"118989042\",\"numberOfEmployees\":{\"@type\":\"QuantitativeValue\",\"minValue\":\"11\",\"maxValue\":\"50\"},\"publishingPrinciples\":\"https:\/\/talkpal.ai\/publishing-principles\/\",\"actionableFeedbackPolicy\":\"https:\/\/talkpal.ai\/actionable-feedback-policy\/\",\"correctionsPolicy\":\"https:\/\/talkpal.ai\/corrections-policy\/\",\"ethicsPolicy\":\"https:\/\/talkpal.ai\/ethics-policy\/\",\"diversityPolicy\":\"https:\/\/talkpal.ai\/diversity-policy\/\",\"diversityStaffingReport\":\"https:\/\/talkpal.ai\/diversity-policy\/\"}]}<\/script>\n<!-- \/ Yoast SEO Premium plugin. -->","yoast_head_json":{"title":"Gram\u00e1tica Hebraica - Talkpal","description":"Melhora a tua gram\u00e1tica hebraica com confian\u00e7a - aprende as regras principais, forma frases corretas e comunica claramente com as li\u00e7\u00f5es f\u00e1ceis de IA do Talkpalas li\u00e7\u00f5es f\u00e1ceis de IA.","robots":{"index":"index","follow":"follow","max-snippet":"max-snippet:-1","max-image-preview":"max-image-preview:large","max-video-preview":"max-video-preview:-1"},"canonical":"https:\/\/talkpal.ai\/pt-pt\/gramatica-hebraica\/","og_locale":"pt_PT","og_type":"article","og_title":"Gram\u00e1tica Hebraica","og_description":"Dominando a gram\u00e1tica hebraica: seu guia definitivo Shalom, entusiastas da l\u00edngua! Voc\u00ea est\u00e1 pronto para mergulhar no fascinante mundo da gram\u00e1tica","og_url":"https:\/\/talkpal.ai\/pt-pt\/gramatica-hebraica\/","og_site_name":"Talkpal","article_publisher":"https:\/\/www.facebook.com\/profile.php?id=100090733639311","article_modified_time":"2025-12-13T15:37:55+00:00","og_image":[{"width":512,"height":512,"url":"https:\/\/talkpal.ai\/wp-content\/uploads\/2023\/05\/israel.png","type":"image\/png"}],"twitter_card":"summary_large_image","twitter_site":"@talkpalai","twitter_misc":{"Tempo estimado de leitura":"3 minutos"},"schema":{"@context":"https:\/\/schema.org","@graph":[{"@type":"WebPage","@id":"https:\/\/talkpal.ai\/pt-pt\/gramatica-hebraica\/","url":"https:\/\/talkpal.ai\/pt-pt\/gramatica-hebraica\/","name":"Gram\u00e1tica Hebraica - Talkpal","isPartOf":{"@id":"https:\/\/talkpal.ai\/pt-pt\/#website"},"primaryImageOfPage":{"@id":"https:\/\/talkpal.ai\/pt-pt\/gramatica-hebraica\/#primaryimage"},"image":{"@id":"https:\/\/talkpal.ai\/pt-pt\/gramatica-hebraica\/#primaryimage"},"thumbnailUrl":"https:\/\/talkpal.ai\/wp-content\/uploads\/2023\/05\/israel.png","datePublished":"2023-05-14T14:04:48+00:00","dateModified":"2025-12-13T15:37:55+00:00","description":"Melhora a tua gram\u00e1tica hebraica com confian\u00e7a - aprende as regras principais, forma frases corretas e comunica claramente com as li\u00e7\u00f5es f\u00e1ceis de IA do Talkpalas li\u00e7\u00f5es f\u00e1ceis de IA.","breadcrumb":{"@id":"https:\/\/talkpal.ai\/pt-pt\/gramatica-hebraica\/#breadcrumb"},"inLanguage":"pt-PT","potentialAction":[{"@type":"ReadAction","target":["https:\/\/talkpal.ai\/pt-pt\/gramatica-hebraica\/"]}]},{"@type":"ImageObject","inLanguage":"pt-PT","@id":"https:\/\/talkpal.ai\/pt-pt\/gramatica-hebraica\/#primaryimage","url":"https:\/\/talkpal.ai\/wp-content\/uploads\/2023\/05\/israel.png","contentUrl":"https:\/\/talkpal.ai\/wp-content\/uploads\/2023\/05\/israel.png","width":512,"height":512},{"@type":"BreadcrumbList","@id":"https:\/\/talkpal.ai\/pt-pt\/gramatica-hebraica\/#breadcrumb","itemListElement":[{"@type":"ListItem","position":1,"name":"Homepage","item":"https:\/\/talkpal.ai\/pt-pt\/"},{"@type":"ListItem","position":2,"name":"Gram\u00e1tica Hebraica"}]},{"@type":"WebSite","@id":"https:\/\/talkpal.ai\/pt-pt\/#website","url":"https:\/\/talkpal.ai\/pt-pt\/","name":"Talkpal","description":"AI Language Learning","publisher":{"@id":"https:\/\/talkpal.ai\/pt-pt\/#organization"},"alternateName":"Talkpal AI","potentialAction":[{"@type":"SearchAction","target":{"@type":"EntryPoint","urlTemplate":"https:\/\/talkpal.ai\/pt-pt\/?s={search_term_string}"},"query-input":{"@type":"PropertyValueSpecification","valueRequired":true,"valueName":"search_term_string"}}],"inLanguage":"pt-PT"},{"@type":"Organization","@id":"https:\/\/talkpal.ai\/pt-pt\/#organization","name":"Talkpal, Inc.","alternateName":"Talkpal AI","url":"https:\/\/talkpal.ai\/pt-pt\/","logo":{"@type":"ImageObject","inLanguage":"pt-PT","@id":"https:\/\/talkpal.ai\/pt-pt\/#\/schema\/logo\/image\/","url":"https:\/\/talkpal.ai\/wp-content\/uploads\/2024\/03\/Talkpal-Logo-Icon.png","contentUrl":"https:\/\/talkpal.ai\/wp-content\/uploads\/2024\/03\/Talkpal-Logo-Icon.png","width":2880,"height":2880,"caption":"Talkpal, Inc."},"image":{"@id":"https:\/\/talkpal.ai\/pt-pt\/#\/schema\/logo\/image\/"},"sameAs":["https:\/\/www.facebook.com\/profile.php?id=100090733639311","https:\/\/x.com\/talkpalai","https:\/\/www.linkedin.com\/company\/talkpal\/","https:\/\/www.youtube.com\/@TalkPal\/","https:\/\/www.tiktok.com\/@talkpal","https:\/\/www.instagram.com\/talkpal_ai\/","https:\/\/www.crunchbase.com\/organization\/talkpal-9cde","https:\/\/www.g2.com\/products\/talkpal-for-business\/","https:\/\/www.trustpilot.com\/review\/talkpal.ai","https:\/\/www.capterra.com\/p\/10006800\/TalkPal\/"],"description":"Talkpal is a language learning web and mobile education app, powered by the latest AI technologies, that provides engaging experiences to its customers in many different languages to help them improve their language skills. Users can chat about unlimited amount of topics with the app and use other modes to practice their language learning.","email":"support@talkpal.ai","legalName":"Talkpal, Inc.","foundingDate":"2023-04-03","duns":"118989042","numberOfEmployees":{"@type":"QuantitativeValue","minValue":"11","maxValue":"50"},"publishingPrinciples":"https:\/\/talkpal.ai\/publishing-principles\/","actionableFeedbackPolicy":"https:\/\/talkpal.ai\/actionable-feedback-policy\/","correctionsPolicy":"https:\/\/talkpal.ai\/corrections-policy\/","ethicsPolicy":"https:\/\/talkpal.ai\/ethics-policy\/","diversityPolicy":"https:\/\/talkpal.ai\/diversity-policy\/","diversityStaffingReport":"https:\/\/talkpal.ai\/diversity-policy\/"}]}},"_links":{"self":[{"href":"https:\/\/talkpal.ai\/pt-pt\/wp-json\/wp\/v2\/pages\/144215","targetHints":{"allow":["GET"]}}],"collection":[{"href":"https:\/\/talkpal.ai\/pt-pt\/wp-json\/wp\/v2\/pages"}],"about":[{"href":"https:\/\/talkpal.ai\/pt-pt\/wp-json\/wp\/v2\/types\/page"}],"author":[{"embeddable":true,"href":"https:\/\/talkpal.ai\/pt-pt\/wp-json\/wp\/v2\/users\/1"}],"replies":[{"embeddable":true,"href":"https:\/\/talkpal.ai\/pt-pt\/wp-json\/wp\/v2\/comments?post=144215"}],"version-history":[{"count":0,"href":"https:\/\/talkpal.ai\/pt-pt\/wp-json\/wp\/v2\/pages\/144215\/revisions"}],"wp:featuredmedia":[{"embeddable":true,"href":"https:\/\/talkpal.ai\/pt-pt\/wp-json\/wp\/v2\/media\/28402"}],"wp:attachment":[{"href":"https:\/\/talkpal.ai\/pt-pt\/wp-json\/wp\/v2\/media?parent=144215"}],"curies":[{"name":"wp","href":"https:\/\/api.w.org\/{rel}","templated":true}]}}