{"id":143911,"date":"2023-05-14T14:03:43","date_gmt":"2023-05-14T14:03:43","guid":{"rendered":"http:\/\/talkpal.ai\/gramatica-galega\/"},"modified":"2025-12-13T15:30:02","modified_gmt":"2025-12-13T15:30:02","slug":"gramatica-galega","status":"publish","type":"page","link":"https:\/\/talkpal.ai\/pt-pt\/gramatica-galega\/","title":{"rendered":"Gram\u00e1tica galega"},"content":{"rendered":"\r\n\r\n\r\n<section class=\"languageChallengeSection\">\r\n    <div class=\"languageInfoWrapper\">\r\n        \r\n        <h1>Gram\u00e1tica galega<\/h1>\r\n        <p>Descobre o encanto da l\u00edngua galega dominando as suas regras gramaticais fundamentais. Compreender a <a href=\"https:\/\/talkpal.ai\/es\/grammar\/caso-en-gramatica-gallega\/\">gram\u00e1tica galega<\/a> abrir-te-\u00e1 as portas para uma comunica\u00e7\u00e3o significativa e uma aprecia\u00e7\u00e3o mais profunda da cultura vibrante da Galiza. Come\u00e7a hoje a aprender <a href=\"https:\/\/talkpal.ai\/es\/grammar\/caso-en-gramatica-gallega\/\">gram\u00e1tica galega<\/a> e d\u00e1 o primeiro passo para a flu\u00eancia!<\/p>\r\n\r\n                            <a class=\"getStartedHidden\" href=\"https:\/\/app.talkpal.ai\/pt-pt\/signup?lng=\">Come\u00e7a<\/a>\r\n        \r\n    <\/div>\r\n\r\n    <figure>\r\n    <img decoding=\"async\" width=\"768\" height=\"768\" src=\"https:\/\/talkpal.ai\/wp-content\/uploads\/2023\/06\/galician-768x768.png\" class=\"languageImage no-lazy\" alt=\"Default alt text\" fetchpriority=\"high\" sizes=\"(max-width: 768px) 150px, 768px\" srcset=\"https:\/\/talkpal.ai\/wp-content\/uploads\/2023\/06\/galician-768x768.png 768w, https:\/\/talkpal.ai\/wp-content\/uploads\/2023\/06\/galician-300x300.png 300w\" \/>\r\n    \r\n\r\n    <\/figure>\r\n\r\n            <a class=\"getStartedVisible\" href=\"https:\/\/app.talkpal.ai\/pt-pt\/signup?lng=\">Come\u00e7a<\/a>\r\n    \r\n<\/section>\r\n        <section class=\"grammarSection\">\r\n            <div class=\"grammarLinks\">\r\n                <a href=\"https:\/\/talkpal.ai\/pt-pt\/language\/adjetivos-gramatica-galega\/\">Adjetivos <\/a><a href=\"https:\/\/talkpal.ai\/pt-pt\/language\/adverbios-gramatica-galega\/\">Adv\u00e9rbios <\/a><a href=\"https:\/\/talkpal.ai\/pt-pt\/language\/artigos-gramatica-galega\/\">Artigos <\/a><a href=\"https:\/\/talkpal.ai\/pt-pt\/language\/comparacao-de-tempos-gramatica-galega\/\">Compara\u00e7\u00e3o de tempos <\/a><a href=\"https:\/\/talkpal.ai\/pt-pt\/language\/condicionais-gramatica-galega\/\">Condicionais <\/a><a href=\"https:\/\/talkpal.ai\/pt-pt\/language\/frases-gramatica-galega\/\">Frases <\/a><a href=\"https:\/\/talkpal.ai\/pt-pt\/language\/preposicoes-gramatica-galega\/\">Preposi\u00e7\u00f5es <\/a><a href=\"https:\/\/talkpal.ai\/pt-pt\/language\/progressivo-gramatica-galega\/\">Progressivo <\/a><a href=\"https:\/\/talkpal.ai\/pt-pt\/language\/progressivo-perfeito-gramatica-galega\/\">Progressivo Perfeito <\/a><a href=\"https:\/\/talkpal.ai\/pt-pt\/language\/pronomes-determinantes-gramatica-galega\/\">Pronomes\/Determinantes <\/a><a href=\"https:\/\/talkpal.ai\/pt-pt\/language\/substantivos-gramatica-galega\/\">Substantivos <\/a><a href=\"https:\/\/talkpal.ai\/pt-pt\/language\/tempos-gramatica-galega\/\">Tempos <\/a><a href=\"https:\/\/talkpal.ai\/pt-pt\/language\/verbos-gramatica-galega\/\">Verbos <\/a>            <\/div>\r\n        <\/section>\r\n    <section class=\"promotionalBanner\">\r\n    <p class=\"promotionalText\">A maneira mais eficiente de aprender um idioma<\/p>\r\n    <a class=\"promotionalLink\" href=\"https:\/\/app.talkpal.ai\/pt-pt\/signup?lng=\">Experimente o Talkpal gratuitamente<\/a>\r\n<\/section>\n<div class=\"wp-block-group pageContainerStyle\"><div class=\"wp-block-group__inner-container is-layout-constrained wp-block-group-is-layout-constrained\">\n<h2 class=\"wp-block-heading\" id=\"h-galician-grammar-unlocking-the-beauty-of-a-romance-language\">Gram\u00e1tica galega: desvendando a beleza de uma l\u00edngua rom\u00e2nica<\/h2>\n\n\n\n<p>O <a href=\"https:\/\/talkpal.ai\/learn-galician\/\">galego<\/a>, uma l\u00edngua rom\u00e2nica falada por mais de dois milh\u00f5es de pessoas no noroeste da Espanha, \u00e9 um dialeto \u00fanico e cativante que compartilha semelhan\u00e7as com o <a href=\"https:\/\/talkpal.ai\/learn-portuguese\/\">portugu\u00eas<\/a>. Tem uma fonologia distinta, hist\u00f3ria fascinante e uma tradi\u00e7\u00e3o po\u00e9tica v\u00edvida. Para dominares esta l\u00edngua encantadora, \u00e9 fundamental compreenderes a sua gram\u00e1tica. Neste artigo, vamos explorar os aspectos essenciais da gram\u00e1tica galega e dar-te dicas para te ajudares a superar esta viagem lingu\u00edstica.<\/p>\n\n\n\n<h3 class=\"wp-block-heading\" id=\"h-key-components-of-galician-grammar\">Principais componentes da gram\u00e1tica galega:<\/h3>\n\n\n\n<p>A gram\u00e1tica galega, <a href=\"https:\/\/talkpal.ai\/locations\/language-courses-in-como\/\">como<\/a> outras l\u00ednguas rom\u00e2nicas, consiste em v\u00e1rias regras e estruturas que definem o seu uso adequado. Aqui est\u00e3o alguns aspectos fundamentais da gram\u00e1tica galega com os quais voc\u00ea deve estar familiarizado:<\/p>\n\n\n\n<p><strong>1. Substantivos:<\/strong> Os substantivos galegos t\u00eam dois g\u00eaneros gramaticais (masculino e feminino) e s\u00e3o flexionados para n\u00famero (singular e plural). O g\u00eanero de um substantivo afeta a forma de artigos, adjetivos e pronomes que o acompanham.<\/p>\n\n\n\n<p><strong>2. Artigos:<\/strong> <a href=\"https:\/\/talkpal.ai\/learn-galician\/\">Galego<\/a> tem <a href=\"https:\/\/talkpal.ai\/hi\/grammar_exercises\/articulos-%e0%a4%b8%e0%a5%8d%e0%a4%aa%e0%a5%87%e0%a4%a8%e0%a4%bf%e0%a4%b6-%e0%a4%b5%e0%a5%8d%e0%a4%af%e0%a4%be%e0%a4%95%e0%a4%b0%e0%a4%a3-%e0%a4%95%e0%a5%87-%e0%a4%b2%e0%a4%bf%e0%a4%8f-%e0%a4%b5\/\">artigos definidos<\/a> (o, os, a, as) e artigos indefinidos (un, uns, unha, unhas). <a href=\"https:\/\/talkpal.ai\/hi\/grammar_exercises\/articulos-%e0%a4%b8%e0%a5%8d%e0%a4%aa%e0%a5%87%e0%a4%a8%e0%a4%bf%e0%a4%b6-%e0%a4%b5%e0%a5%8d%e0%a4%af%e0%a4%be%e0%a4%95%e0%a4%b0%e0%a4%a3-%e0%a4%95%e0%a5%87-%e0%a4%b2%e0%a4%bf%e0%a4%8f-%e0%a4%b5\/\">Artigos definidos<\/a> s\u00e3o usados para se referir a objetos ou pessoas espec\u00edficas, enquanto artigos indefinidos s\u00e3o usados para refer\u00eancias gerais ou inespec\u00edficas.<\/p>\n\n\n\n<p><strong>3. Adjetivos e adv\u00e9rbios: Os adjetivos<\/strong> em galego geralmente concordam em g\u00eanero e n\u00famero com os substantivos que modificam. Os adv\u00e9rbios, por outro lado, s\u00e3o invari\u00e1veis e n\u00e3o mudam de acordo com o g\u00e9nero ou o n\u00famero do substantivo.<\/p>\n\n\n\n<p><strong>4. Verbos:<\/strong> Os verbos galegos s\u00e3o conjugados em tr\u00eas padr\u00f5es regulares (ar, er, ir) e v\u00e1rios padr\u00f5es irregulares. Os verbos s\u00e3o flexionados de acordo com o tempo (<a href=\"https:\/\/talkpal.ai\/zh-hans\/grammar_exercises\/presente-%e8%a5%bf%e7%8f%ad%e7%89%99%e8%af%ad%e6%b3%95%e7%bb%83%e4%b9%a0\/\">presente<\/a>, passado, <a href=\"https:\/\/talkpal.ai\/ja\/grammar_exercises\/futuro-%e3%82%b9%e3%83%9a%e3%82%a4%e3%83%b3%e8%aa%9e%e3%81%ae%e6%96%87%e6%b3%95%e3%81%ae%e6%bc%94%e7%bf%92\/\">futuro<\/a>, etc.), humor (indicativo, subjuntivo, imperativo), aspecto (perfectivo, imperfectivo) e voz (ativo, passivo). Os pronomes s\u00e3o frequentemente omitidos na conjuga\u00e7\u00e3o de verbos, pois a forma verbal geralmente indica o sujeito.<\/p>\n\n\n\n<p><strong>5. Estrutura frasal:<\/strong> O galego normalmente usa a ordem das palavras Sujeito-Verbo-Objeto (SVO) ou Verbo-Sujeito-Objeto (VSO), dependendo da \u00eanfase e do contexto. No entanto, essa ordem de palavras \u00e9 flex\u00edvel.<\/p>\n\n\n\n<h3 class=\"wp-block-heading\" id=\"h-tips-for-learning-galician-grammar\">Dicas para aprender gram\u00e1tica galega:<\/h3>\n\n\n\n<p>Para se destacar em sua jornada de aprendizado da gram\u00e1tica galega, considere estas estrat\u00e9gias \u00fateis:<\/p>\n\n\n\n<p><strong>1. Pr\u00e1tica regular:<\/strong> A consist\u00eancia \u00e9 fundamental. Dedique hor\u00e1rios espec\u00edficos a cada dia ou semana para praticar exerc\u00edcios de gram\u00e1tica, leitura e escrita em galego.<\/p>\n\n\n\n<p><strong>2. Use recursos nativos:<\/strong> Mergulhe em materiais galegos aut\u00eanticos, como literatura, artigos de not\u00edcias e filmes. Isso n\u00e3o s\u00f3 ajuda voc\u00ea a ver a gram\u00e1tica galega no contexto, mas tamb\u00e9m melhora suas habilidades de leitura e audi\u00e7\u00e3o.<\/p>\n\n\n\n<p>3. Aprenda g\u00eaneros substantivos e artigos: Familiarize-se com os <strong>g\u00eaneros substantivos<\/strong> galegos e o uso adequado dos artigos. Isso \u00e9 crucial para a forma\u00e7\u00e3o de senten\u00e7as precisas e coerentes.<\/p>\n\n\n\n<p><strong>4. Conecte-se com falantes nativos: Envolva-se com falantes<\/strong> nativos do Galego por meio de programas de interc\u00e2mbio de idiomas, m\u00eddias sociais ou f\u00f3runs on-line. Isso oferece oportunidades para praticar gram\u00e1tica em conversas da vida real e receber feedback valioso.<\/p>\n\n\n\n<p><strong>5. Paci\u00eancia e persist\u00eancia:<\/strong> Aprender um novo idioma demanda tempo, determina\u00e7\u00e3o e paci\u00eancia. Abrace os desafios e celebre seu progresso ao longo do caminho.<\/p>\n\n\n\n<h2 class=\"wp-block-heading\" id=\"h-conclusion\">Conclus\u00e3o:<\/h2>\n\n\n\n<p>A gram\u00e1tica galega, com as suas caracter\u00edsticas \u00fanicas e liga\u00e7\u00e3o \u00e0 fam\u00edlia lingu\u00edstica rom\u00e2nica, det\u00e9m a chave para dominar este dialeto cativante. Se compreenderes os seus principais componentes e seguires as nossas estrat\u00e9gias de aprendizagem, estar\u00e1s no bom caminho para a profici\u00eancia lingu\u00edstica. Ent\u00e3o, embarque nesta emocionante jornada e desbloqueie as maravilhas da l\u00edngua galega!<\/p>\n<\/div><\/div>\n\r\n<section class=\"learnNavigationSection\">\r\n            \r\n        <a href=\"https:\/\/talkpal.ai\/pt-pt\/aprender-galego\/\">\r\n            <div class=\"learnNavigationWrapper\">\r\n                <div class=\"learnNavigationContent\">\r\n                    <img decoding=\"async\" src=\"https:\/\/talkpal.ai\/wp-content\/uploads\/2024\/08\/Galician.jpg\" alt=\"Galicia Flag\">\r\n                    <div>\r\n                        <h4>Sobre a Galician Learning<\/h4>\r\n                        <p>Descobre tudo sobre a gram\u00e1tica galega.<\/p>\r\n                    <\/div>\r\n                <\/div>\r\n            <\/div>\r\n        <\/a>\r\n\r\n        \r\n        <a href=\"https:\/\/talkpal.ai\/pt-pt\/exercicios-de-gramatica-galega\/\">\r\n            <div class=\"learnNavigationWrapper\">\r\n                <div class=\"learnNavigationContent\">\r\n                    <img decoding=\"async\" src=\"https:\/\/talkpal.ai\/wp-content\/uploads\/2024\/08\/Galician.jpg\" alt=\"Galicia Flag\">\r\n                    <div>\r\n                        <h4>Exerc\u00edcio de gram\u00e1tica galega<\/h4>\r\n                        <p>Pratica a gram\u00e1tica galega.<\/p>\r\n                    <\/div>\r\n                <\/div>\r\n            <\/div>\r\n        <\/a>\r\n\r\n        \r\n        <a href=\"https:\/\/talkpal.ai\/vocabulary_language\/galician\/\">\r\n            <div class=\"learnNavigationWrapper\">\r\n                <div class=\"learnNavigationContent\">\r\n                    <img decoding=\"async\" src=\"https:\/\/talkpal.ai\/wp-content\/uploads\/2024\/08\/Galician.jpg\" alt=\"Galicia Flag\">\r\n                    <div>\r\n                        <h4>Vocabul\u00e1rio galego<\/h4>\r\n                        <p>Amplia o teu vocabul\u00e1rio galego.<\/p>\r\n                    <\/div>\r\n                <\/div>\r\n            <\/div>\r\n        <\/a>\r\n\r\n            <\/section>","protected":false},"excerpt":{"rendered":"<p>Gram\u00e1tica galega: desvendando a beleza de uma l\u00edngua rom\u00e2nica O galego, uma l\u00edngua rom\u00e2nica falada por mais de dois milh\u00f5es de pessoas no noroeste da Espanha, \u00e9 um dialeto \u00fanico e cativante que compartilha semelhan\u00e7as com o portugu\u00eas. Tem uma fonologia distinta, hist\u00f3ria fascinante e uma tradi\u00e7\u00e3o po\u00e9tica v\u00edvida. Para dominares esta l\u00edngua encantadora, \u00e9 [&hellip;]<\/p>\n","protected":false},"author":1,"featured_media":28322,"parent":0,"menu_order":0,"comment_status":"closed","ping_status":"closed","template":"LearningContentPage.php","meta":{"_acf_changed":false,"footnotes":""},"class_list":["post-143911","page","type-page","status-publish","has-post-thumbnail","hentry"],"acf":[],"yoast_head":"<!-- This site is optimized with the Yoast SEO Premium plugin v27.2 (Yoast SEO v27.2) - https:\/\/yoast.com\/product\/yoast-seo-premium-wordpress\/ -->\n<title>Gram\u00e1tica galega - Talkpal<\/title>\n<meta name=\"description\" content=\"Domina facilmente a gram\u00e1tica galega - aprende as regras, constr\u00f3i frases corretas e comunica com clareza\" \/>\n<meta name=\"robots\" content=\"index, follow, max-snippet:-1, max-image-preview:large, max-video-preview:-1\" \/>\n<link rel=\"canonical\" href=\"https:\/\/talkpal.ai\/pt-pt\/gramatica-galega\/\" \/>\n<meta property=\"og:locale\" content=\"pt_PT\" \/>\n<meta property=\"og:type\" content=\"article\" \/>\n<meta property=\"og:title\" content=\"Gram\u00e1tica galega\" \/>\n<meta property=\"og:description\" content=\"Gram\u00e1tica galega: desvendando a beleza de uma l\u00edngua rom\u00e2nica O galego, uma l\u00edngua rom\u00e2nica falada por mais de dois milh\u00f5es de pessoas no noroeste da\" \/>\n<meta property=\"og:url\" content=\"https:\/\/talkpal.ai\/pt-pt\/gramatica-galega\/\" \/>\n<meta property=\"og:site_name\" content=\"Talkpal\" \/>\n<meta property=\"article:publisher\" content=\"https:\/\/www.facebook.com\/profile.php?id=100090733639311\" \/>\n<meta property=\"article:modified_time\" content=\"2025-12-13T15:30:02+00:00\" \/>\n<meta property=\"og:image\" content=\"https:\/\/talkpal.ai\/wp-content\/uploads\/2023\/05\/Galician-spain.png\" \/>\n\t<meta property=\"og:image:width\" content=\"512\" \/>\n\t<meta property=\"og:image:height\" content=\"512\" \/>\n\t<meta property=\"og:image:type\" content=\"image\/png\" \/>\n<meta name=\"twitter:card\" content=\"summary_large_image\" \/>\n<meta name=\"twitter:site\" content=\"@talkpalai\" \/>\n<meta name=\"twitter:label1\" content=\"Tempo estimado de leitura\" \/>\n\t<meta name=\"twitter:data1\" content=\"3 minutos\" \/>\n<script type=\"application\/ld+json\" class=\"yoast-schema-graph\">{\"@context\":\"https:\/\/schema.org\",\"@graph\":[{\"@type\":\"WebPage\",\"@id\":\"https:\/\/talkpal.ai\/pt-pt\/gramatica-galega\/\",\"url\":\"https:\/\/talkpal.ai\/pt-pt\/gramatica-galega\/\",\"name\":\"Gram\u00e1tica galega - Talkpal\",\"isPartOf\":{\"@id\":\"https:\/\/talkpal.ai\/pt-pt\/#website\"},\"primaryImageOfPage\":{\"@id\":\"https:\/\/talkpal.ai\/pt-pt\/gramatica-galega\/#primaryimage\"},\"image\":{\"@id\":\"https:\/\/talkpal.ai\/pt-pt\/gramatica-galega\/#primaryimage\"},\"thumbnailUrl\":\"https:\/\/talkpal.ai\/wp-content\/uploads\/2023\/05\/Galician-spain.png\",\"datePublished\":\"2023-05-14T14:03:43+00:00\",\"dateModified\":\"2025-12-13T15:30:02+00:00\",\"description\":\"Domina facilmente a gram\u00e1tica galega - aprende as regras, constr\u00f3i frases corretas e comunica com clareza\",\"breadcrumb\":{\"@id\":\"https:\/\/talkpal.ai\/pt-pt\/gramatica-galega\/#breadcrumb\"},\"inLanguage\":\"pt-PT\",\"potentialAction\":[{\"@type\":\"ReadAction\",\"target\":[\"https:\/\/talkpal.ai\/pt-pt\/gramatica-galega\/\"]}]},{\"@type\":\"ImageObject\",\"inLanguage\":\"pt-PT\",\"@id\":\"https:\/\/talkpal.ai\/pt-pt\/gramatica-galega\/#primaryimage\",\"url\":\"https:\/\/talkpal.ai\/wp-content\/uploads\/2023\/05\/Galician-spain.png\",\"contentUrl\":\"https:\/\/talkpal.ai\/wp-content\/uploads\/2023\/05\/Galician-spain.png\",\"width\":512,\"height\":512},{\"@type\":\"BreadcrumbList\",\"@id\":\"https:\/\/talkpal.ai\/pt-pt\/gramatica-galega\/#breadcrumb\",\"itemListElement\":[{\"@type\":\"ListItem\",\"position\":1,\"name\":\"Homepage\",\"item\":\"https:\/\/talkpal.ai\/pt-pt\/\"},{\"@type\":\"ListItem\",\"position\":2,\"name\":\"Gram\u00e1tica galega\"}]},{\"@type\":\"WebSite\",\"@id\":\"https:\/\/talkpal.ai\/pt-pt\/#website\",\"url\":\"https:\/\/talkpal.ai\/pt-pt\/\",\"name\":\"Talkpal\",\"description\":\"AI Language Learning\",\"publisher\":{\"@id\":\"https:\/\/talkpal.ai\/pt-pt\/#organization\"},\"alternateName\":\"Talkpal AI\",\"potentialAction\":[{\"@type\":\"SearchAction\",\"target\":{\"@type\":\"EntryPoint\",\"urlTemplate\":\"https:\/\/talkpal.ai\/pt-pt\/?s={search_term_string}\"},\"query-input\":{\"@type\":\"PropertyValueSpecification\",\"valueRequired\":true,\"valueName\":\"search_term_string\"}}],\"inLanguage\":\"pt-PT\"},{\"@type\":\"Organization\",\"@id\":\"https:\/\/talkpal.ai\/pt-pt\/#organization\",\"name\":\"Talkpal, Inc.\",\"alternateName\":\"Talkpal AI\",\"url\":\"https:\/\/talkpal.ai\/pt-pt\/\",\"logo\":{\"@type\":\"ImageObject\",\"inLanguage\":\"pt-PT\",\"@id\":\"https:\/\/talkpal.ai\/pt-pt\/#\/schema\/logo\/image\/\",\"url\":\"https:\/\/talkpal.ai\/wp-content\/uploads\/2024\/03\/Talkpal-Logo-Icon.png\",\"contentUrl\":\"https:\/\/talkpal.ai\/wp-content\/uploads\/2024\/03\/Talkpal-Logo-Icon.png\",\"width\":2880,\"height\":2880,\"caption\":\"Talkpal, Inc.\"},\"image\":{\"@id\":\"https:\/\/talkpal.ai\/pt-pt\/#\/schema\/logo\/image\/\"},\"sameAs\":[\"https:\/\/www.facebook.com\/profile.php?id=100090733639311\",\"https:\/\/x.com\/talkpalai\",\"https:\/\/www.linkedin.com\/company\/talkpal\/\",\"https:\/\/www.youtube.com\/@TalkPal\/\",\"https:\/\/www.tiktok.com\/@talkpal\",\"https:\/\/www.instagram.com\/talkpal_ai\/\",\"https:\/\/www.crunchbase.com\/organization\/talkpal-9cde\",\"https:\/\/www.g2.com\/products\/talkpal-for-business\/\",\"https:\/\/www.trustpilot.com\/review\/talkpal.ai\",\"https:\/\/www.capterra.com\/p\/10006800\/TalkPal\/\"],\"description\":\"Talkpal is a language learning web and mobile education app, powered by the latest AI technologies, that provides engaging experiences to its customers in many different languages to help them improve their language skills. Users can chat about unlimited amount of topics with the app and use other modes to practice their language learning.\",\"email\":\"support@talkpal.ai\",\"legalName\":\"Talkpal, Inc.\",\"foundingDate\":\"2023-04-03\",\"duns\":\"118989042\",\"numberOfEmployees\":{\"@type\":\"QuantitativeValue\",\"minValue\":\"11\",\"maxValue\":\"50\"},\"publishingPrinciples\":\"https:\/\/talkpal.ai\/publishing-principles\/\",\"actionableFeedbackPolicy\":\"https:\/\/talkpal.ai\/actionable-feedback-policy\/\",\"correctionsPolicy\":\"https:\/\/talkpal.ai\/corrections-policy\/\",\"ethicsPolicy\":\"https:\/\/talkpal.ai\/ethics-policy\/\",\"diversityPolicy\":\"https:\/\/talkpal.ai\/diversity-policy\/\",\"diversityStaffingReport\":\"https:\/\/talkpal.ai\/diversity-policy\/\"}]}<\/script>\n<!-- \/ Yoast SEO Premium plugin. -->","yoast_head_json":{"title":"Gram\u00e1tica galega - Talkpal","description":"Domina facilmente a gram\u00e1tica galega - aprende as regras, constr\u00f3i frases corretas e comunica com clareza","robots":{"index":"index","follow":"follow","max-snippet":"max-snippet:-1","max-image-preview":"max-image-preview:large","max-video-preview":"max-video-preview:-1"},"canonical":"https:\/\/talkpal.ai\/pt-pt\/gramatica-galega\/","og_locale":"pt_PT","og_type":"article","og_title":"Gram\u00e1tica galega","og_description":"Gram\u00e1tica galega: desvendando a beleza de uma l\u00edngua rom\u00e2nica O galego, uma l\u00edngua rom\u00e2nica falada por mais de dois milh\u00f5es de pessoas no noroeste da","og_url":"https:\/\/talkpal.ai\/pt-pt\/gramatica-galega\/","og_site_name":"Talkpal","article_publisher":"https:\/\/www.facebook.com\/profile.php?id=100090733639311","article_modified_time":"2025-12-13T15:30:02+00:00","og_image":[{"width":512,"height":512,"url":"https:\/\/talkpal.ai\/wp-content\/uploads\/2023\/05\/Galician-spain.png","type":"image\/png"}],"twitter_card":"summary_large_image","twitter_site":"@talkpalai","twitter_misc":{"Tempo estimado de leitura":"3 minutos"},"schema":{"@context":"https:\/\/schema.org","@graph":[{"@type":"WebPage","@id":"https:\/\/talkpal.ai\/pt-pt\/gramatica-galega\/","url":"https:\/\/talkpal.ai\/pt-pt\/gramatica-galega\/","name":"Gram\u00e1tica galega - Talkpal","isPartOf":{"@id":"https:\/\/talkpal.ai\/pt-pt\/#website"},"primaryImageOfPage":{"@id":"https:\/\/talkpal.ai\/pt-pt\/gramatica-galega\/#primaryimage"},"image":{"@id":"https:\/\/talkpal.ai\/pt-pt\/gramatica-galega\/#primaryimage"},"thumbnailUrl":"https:\/\/talkpal.ai\/wp-content\/uploads\/2023\/05\/Galician-spain.png","datePublished":"2023-05-14T14:03:43+00:00","dateModified":"2025-12-13T15:30:02+00:00","description":"Domina facilmente a gram\u00e1tica galega - aprende as regras, constr\u00f3i frases corretas e comunica com clareza","breadcrumb":{"@id":"https:\/\/talkpal.ai\/pt-pt\/gramatica-galega\/#breadcrumb"},"inLanguage":"pt-PT","potentialAction":[{"@type":"ReadAction","target":["https:\/\/talkpal.ai\/pt-pt\/gramatica-galega\/"]}]},{"@type":"ImageObject","inLanguage":"pt-PT","@id":"https:\/\/talkpal.ai\/pt-pt\/gramatica-galega\/#primaryimage","url":"https:\/\/talkpal.ai\/wp-content\/uploads\/2023\/05\/Galician-spain.png","contentUrl":"https:\/\/talkpal.ai\/wp-content\/uploads\/2023\/05\/Galician-spain.png","width":512,"height":512},{"@type":"BreadcrumbList","@id":"https:\/\/talkpal.ai\/pt-pt\/gramatica-galega\/#breadcrumb","itemListElement":[{"@type":"ListItem","position":1,"name":"Homepage","item":"https:\/\/talkpal.ai\/pt-pt\/"},{"@type":"ListItem","position":2,"name":"Gram\u00e1tica galega"}]},{"@type":"WebSite","@id":"https:\/\/talkpal.ai\/pt-pt\/#website","url":"https:\/\/talkpal.ai\/pt-pt\/","name":"Talkpal","description":"AI Language Learning","publisher":{"@id":"https:\/\/talkpal.ai\/pt-pt\/#organization"},"alternateName":"Talkpal AI","potentialAction":[{"@type":"SearchAction","target":{"@type":"EntryPoint","urlTemplate":"https:\/\/talkpal.ai\/pt-pt\/?s={search_term_string}"},"query-input":{"@type":"PropertyValueSpecification","valueRequired":true,"valueName":"search_term_string"}}],"inLanguage":"pt-PT"},{"@type":"Organization","@id":"https:\/\/talkpal.ai\/pt-pt\/#organization","name":"Talkpal, Inc.","alternateName":"Talkpal AI","url":"https:\/\/talkpal.ai\/pt-pt\/","logo":{"@type":"ImageObject","inLanguage":"pt-PT","@id":"https:\/\/talkpal.ai\/pt-pt\/#\/schema\/logo\/image\/","url":"https:\/\/talkpal.ai\/wp-content\/uploads\/2024\/03\/Talkpal-Logo-Icon.png","contentUrl":"https:\/\/talkpal.ai\/wp-content\/uploads\/2024\/03\/Talkpal-Logo-Icon.png","width":2880,"height":2880,"caption":"Talkpal, Inc."},"image":{"@id":"https:\/\/talkpal.ai\/pt-pt\/#\/schema\/logo\/image\/"},"sameAs":["https:\/\/www.facebook.com\/profile.php?id=100090733639311","https:\/\/x.com\/talkpalai","https:\/\/www.linkedin.com\/company\/talkpal\/","https:\/\/www.youtube.com\/@TalkPal\/","https:\/\/www.tiktok.com\/@talkpal","https:\/\/www.instagram.com\/talkpal_ai\/","https:\/\/www.crunchbase.com\/organization\/talkpal-9cde","https:\/\/www.g2.com\/products\/talkpal-for-business\/","https:\/\/www.trustpilot.com\/review\/talkpal.ai","https:\/\/www.capterra.com\/p\/10006800\/TalkPal\/"],"description":"Talkpal is a language learning web and mobile education app, powered by the latest AI technologies, that provides engaging experiences to its customers in many different languages to help them improve their language skills. Users can chat about unlimited amount of topics with the app and use other modes to practice their language learning.","email":"support@talkpal.ai","legalName":"Talkpal, Inc.","foundingDate":"2023-04-03","duns":"118989042","numberOfEmployees":{"@type":"QuantitativeValue","minValue":"11","maxValue":"50"},"publishingPrinciples":"https:\/\/talkpal.ai\/publishing-principles\/","actionableFeedbackPolicy":"https:\/\/talkpal.ai\/actionable-feedback-policy\/","correctionsPolicy":"https:\/\/talkpal.ai\/corrections-policy\/","ethicsPolicy":"https:\/\/talkpal.ai\/ethics-policy\/","diversityPolicy":"https:\/\/talkpal.ai\/diversity-policy\/","diversityStaffingReport":"https:\/\/talkpal.ai\/diversity-policy\/"}]}},"_links":{"self":[{"href":"https:\/\/talkpal.ai\/pt-pt\/wp-json\/wp\/v2\/pages\/143911","targetHints":{"allow":["GET"]}}],"collection":[{"href":"https:\/\/talkpal.ai\/pt-pt\/wp-json\/wp\/v2\/pages"}],"about":[{"href":"https:\/\/talkpal.ai\/pt-pt\/wp-json\/wp\/v2\/types\/page"}],"author":[{"embeddable":true,"href":"https:\/\/talkpal.ai\/pt-pt\/wp-json\/wp\/v2\/users\/1"}],"replies":[{"embeddable":true,"href":"https:\/\/talkpal.ai\/pt-pt\/wp-json\/wp\/v2\/comments?post=143911"}],"version-history":[{"count":0,"href":"https:\/\/talkpal.ai\/pt-pt\/wp-json\/wp\/v2\/pages\/143911\/revisions"}],"wp:featuredmedia":[{"embeddable":true,"href":"https:\/\/talkpal.ai\/pt-pt\/wp-json\/wp\/v2\/media\/28322"}],"wp:attachment":[{"href":"https:\/\/talkpal.ai\/pt-pt\/wp-json\/wp\/v2\/media?parent=143911"}],"curies":[{"name":"wp","href":"https:\/\/api.w.org\/{rel}","templated":true}]}}