{"id":143569,"date":"2023-05-14T14:03:23","date_gmt":"2023-05-14T14:03:23","guid":{"rendered":"http:\/\/talkpal.ai\/gramatica-dinamarquesa\/"},"modified":"2025-12-13T15:26:03","modified_gmt":"2025-12-13T15:26:03","slug":"gramatica-dinamarquesa","status":"publish","type":"page","link":"https:\/\/talkpal.ai\/pt-pt\/gramatica-dinamarquesa\/","title":{"rendered":"Gram\u00e1tica dinamarquesa"},"content":{"rendered":"\r\n\r\n\r\n<section class=\"languageChallengeSection\">\r\n    <div class=\"languageInfoWrapper\">\r\n        \r\n        <h1>Gram\u00e1tica dinamarquesa<\/h1>\r\n        <p>Desbloqueia o essencial da <a href=\"https:\/\/talkpal.ai\/danish-grammar\/\">gram\u00e1tica dinamarquesa<\/a> e come\u00e7a a comunicar com confian\u00e7a nesta encantadora l\u00edngua escandinava. Ao dominares as regras e estruturas fundamentais, ganhar\u00e1s as compet\u00eancias necess\u00e1rias para te relacionares com falantes de <a href=\"https:\/\/talkpal.ai\/learn-danish\/\">dinamarqu\u00eas<\/a> e conheceres a sua rica cultura em primeira m\u00e3o. Come\u00e7a hoje a <a href=\"https:\/\/talkpal.ai\/fr\/grammaire\/\">aprender gram\u00e1tica<\/a> dinamarquesa e d\u00e1 o primeiro passo para a flu\u00eancia!\n\n<\/p>\r\n\r\n                            <a class=\"getStartedHidden\" href=\"https:\/\/app.talkpal.ai\/pt-pt\/signup?lng=\">Come\u00e7a<\/a>\r\n        \r\n    <\/div>\r\n\r\n    <figure>\r\n    <img decoding=\"async\" width=\"768\" height=\"768\" src=\"https:\/\/talkpal.ai\/wp-content\/uploads\/2023\/06\/danish-768x768.png\" class=\"languageImage no-lazy\" alt=\"Default alt text\" fetchpriority=\"high\" sizes=\"(max-width: 768px) 150px, 768px\" srcset=\"https:\/\/talkpal.ai\/wp-content\/uploads\/2023\/06\/danish-768x768.png 768w, https:\/\/talkpal.ai\/wp-content\/uploads\/2023\/06\/danish-300x300.png 300w\" \/>\r\n    \r\n\r\n    <\/figure>\r\n\r\n            <a class=\"getStartedVisible\" href=\"https:\/\/app.talkpal.ai\/pt-pt\/signup?lng=\">Come\u00e7a<\/a>\r\n    \r\n<\/section>\r\n        <section class=\"grammarSection\">\r\n            <div class=\"grammarLinks\">\r\n                <a href=\"https:\/\/talkpal.ai\/pt-pt\/language\/adjetivos-gramatica-dinamarquesa\/\">Adjetivos <\/a><a href=\"https:\/\/talkpal.ai\/pt-pt\/language\/adverbios-gramatica-dinamarquesa\/\">Adv\u00e9rbios <\/a><a href=\"https:\/\/talkpal.ai\/pt-pt\/language\/artigos-gramatica-dinamarquesa\/\">Artigos <\/a><a href=\"https:\/\/talkpal.ai\/pt-pt\/language\/comparacao-de-tempos-gramatica-dinamarquesa\/\">Compara\u00e7\u00e3o de tempos <\/a><a href=\"https:\/\/talkpal.ai\/pt-pt\/language\/condicionais-gramatica-dinamarquesa\/\">Condicionais <\/a><a href=\"https:\/\/talkpal.ai\/pt-pt\/language\/frases-gramatica-dinamarquesa\/\">Frases <\/a><a href=\"https:\/\/talkpal.ai\/pt-pt\/language\/perfect-progressive-gramatica-dinamarquesa\/\">Perfect Progressive <\/a><a href=\"https:\/\/talkpal.ai\/pt-pt\/language\/preposicoes-gramatica-dinamarquesa\/\">Preposi\u00e7\u00f5es <\/a><a href=\"https:\/\/talkpal.ai\/pt-pt\/language\/progressivo-gramatica-dinamarquesa\/\">Progressivo <\/a><a href=\"https:\/\/talkpal.ai\/pt-pt\/language\/pronomes-determinantes-gramatica-dinamarquesa\/\">Pronomes\/Determinantes <\/a><a href=\"https:\/\/talkpal.ai\/pt-pt\/language\/substantivos-gramatica-dinamarquesa\/\">Substantivos <\/a><a href=\"https:\/\/talkpal.ai\/pt-pt\/language\/tempos-verbais-gramatica-dinamarquesa\/\">Tempos Verbais <\/a><a href=\"https:\/\/talkpal.ai\/pt-pt\/language\/verbos-gramatica-dinamarquesa\/\">Verbos <\/a>            <\/div>\r\n        <\/section>\r\n    <section class=\"promotionalBanner\">\r\n    <p class=\"promotionalText\">A maneira mais eficiente de aprender um idioma<\/p>\r\n    <a class=\"promotionalLink\" href=\"https:\/\/app.talkpal.ai\/pt-pt\/signup?lng=\">Experimente o Talkpal gratuitamente<\/a>\r\n<\/section>\n<div class=\"wp-block-group pageContainerStyle\"><div class=\"wp-block-group__inner-container is-layout-constrained wp-block-group-is-layout-constrained\">\n<h2 class=\"wp-block-heading\" id=\"h-delving-into-the-depths-of-danish-grammar-unraveling-its-idiosyncrasies-and-charm\">Mergulhando nas profundezas da gram\u00e1tica dinamarquesa: desvendando suas idiossincrasias e charme<\/h2>\n\n\n\n<p>Lembra da \u00e9poca em que aprender gram\u00e1tica inglesa parecia uma <a href=\"https:\/\/talkpal.ai\/locations\/language-courses-in-batalha\/\">batalha<\/a> dif\u00edcil com sua infinidade de regras, exce\u00e7\u00f5es e terminologia intrincada? Se est\u00e1s agora a pensar em aprender a l\u00edngua dinamarquesa, prepara-te para mais uma viagem fascinante pelas complexidades e del\u00edcias da gram\u00e1tica dinamarquesa.<\/p>\n\n\n\n<p>O dinamarqu\u00eas, uma l\u00edngua germ\u00e2nica do norte, compartilha semelhan\u00e7as com l\u00ednguas <a href=\"https:\/\/talkpal.ai\/locations\/language-courses-in-como\/\">como<\/a> o <a href=\"https:\/\/talkpal.ai\/learn-norwegian\/\">noruegu\u00eas<\/a> e o <a href=\"https:\/\/talkpal.ai\/learn-swedish\/\">sueco<\/a>. No entanto, ele tem suas pr\u00f3prias caracter\u00edsticas \u00fanicas que o tornam uma joia que vale a pena explorar em profundidade. Vamos come\u00e7ar por desvendar as maravilhas da gram\u00e1tica dinamarquesa, uma regra de cada vez.<\/p>\n\n\n\n<p><strong>Uma caracter\u00edstica marcante da gram\u00e1tica dinamarquesa<\/strong> \u00e9 sua simplicidade quando se trata de ordem de palavras. O dinamarqu\u00eas segue a estrutura sujeito-verbo-objeto (SVO), como o ingl\u00eas, tornando relativamente f\u00e1cil para os falantes de ingl\u00eas compreender. No entanto, h\u00e1 uma diferen\u00e7a &#8211; a utiliza\u00e7\u00e3o da ordem das palavras V2 nas ora\u00e7\u00f5es principais, o que significa que o verbo deve ser sempre o segundo elemento. Esta regra acrescenta um toque de singularidade \u00e0 l\u00edngua dinamarquesa.<\/p>\n\n\n\n<p>Outro aspecto cativante da gram\u00e1tica dinamarquesa \u00e9 seu <strong>sistema de dois g\u00eaneros<\/strong>. Enquanto algumas l\u00ednguas como o franc\u00eas ou o espanhol consistem em g\u00eaneros separados para masculino e feminino, o dinamarqu\u00eas simplifica isso usando dois g\u00eaneros principais: comum e neutro. Em dinamarqu\u00eas, a maioria dos substantivos pertence \u00e0 categoria \u201ccomum\u201d, o que torna a concord\u00e2ncia de g\u00e9nero com adjectivos e artigos relativamente f\u00e1cil de compreender.<\/p>\n\n\n\n<p>Mergulhe no reino da <strong>conjuga\u00e7\u00e3o de verbos<\/strong>, e voc\u00ea descobrir\u00e1 que o dinamarqu\u00eas supera outras l\u00ednguas em rela\u00e7\u00e3o \u00e0 simplicidade. Os verbos dinamarqueses n\u00e3o mudam de acordo com o assunto, tornando f\u00e1cil memorizar e entender diferentes formas. Verbos regulares seguem padr\u00f5es previs\u00edveis, e mesmo verbos irregulares representam pouco desafio, pois suas irregularidades s\u00e3o muito sutis.<\/p>\n\n\n\n<p>A gram\u00e1tica dinamarquesa oferece uma caracter\u00edstica \u00fanica com o <strong>uso de indefinidos, artigos e demonstrativos<\/strong>. O artigo indefinido \u00e9 equivalente a \u201ca\u201d ou \u201can\u201d em ingl\u00eas, e em dinamarqu\u00eas pode ser \u201cen\u201d para o g\u00e9nero comum ou \u201cet\u201d para os substantivos neutros. O artigo definido, semelhante ao \u201cthe\u201d em ingl\u00eas, liga-se ao final do pr\u00f3prio substantivo, fundindo-se para se tornar uma palavra. Os demonstrativos, que indicam substantivos espec\u00edficos, tamb\u00e9m mudam de acordo com o g\u00eanero do substantivo, adicionando um n\u00edvel de especificidade e charme.<\/p>\n\n\n\n<p>N\u00e3o nos esque\u00e7amos da beleza da <strong>pron\u00fancia dinamarquesa<\/strong>, que requer familiaridade com os sons carater\u00edsticos das vogais e das consoantes suavizadas. O uso de st\u00f8d (uma parada gl\u00f3tica) o distingue ainda mais de outras l\u00ednguas germ\u00e2nicas, dando ao dinamarqu\u00eas seu som e fasc\u00ednio \u00fanicos.<\/p>\n\n\n\n<p>Ao mergulhares na gram\u00e1tica dinamarquesa, n\u00e3o s\u00f3 aprender\u00e1s uma nova l\u00edngua, como tamb\u00e9m enriquecer\u00e1s amplamente o teu conhecimento cultural e a tua compreens\u00e3o da Dinamarca e do seu povo. Embora desafiadora \u00e0s vezes, a gram\u00e1tica dinamarquesa oferece uma experi\u00eancia de aprendizado \u00fanica que abre as portas para in\u00fameros encantos e idiossincrasias que a tornam uma l\u00edngua irresist\u00edvel para explorar. Ent\u00e3o, pegue seus livros de idiomas e embarque em uma aventura gramatical dinamarquesa que promete cativ\u00e1-lo e inspir\u00e1-lo a cada passo!<\/p>\n<\/div><\/div>\n\r\n<section class=\"learnNavigationSection\">\r\n            \r\n        <a href=\"https:\/\/talkpal.ai\/pt-pt\/aprender-dinamarques\/\">\r\n            <div class=\"learnNavigationWrapper\">\r\n                <div class=\"learnNavigationContent\">\r\n                    <img decoding=\"async\" src=\"https:\/\/talkpal.ai\/wp-content\/uploads\/2024\/08\/Danish.jpg\" alt=\"Danish Flag\">\r\n                    <div>\r\n                        <h4>Sobre a Danish Learning<\/h4>\r\n                        <p>Descobre tudo sobre a gram\u00e1tica dinamarquesa.<\/p>\r\n                    <\/div>\r\n                <\/div>\r\n            <\/div>\r\n        <\/a>\r\n\r\n        \r\n        <a href=\"https:\/\/talkpal.ai\/pt-pt\/exercicios-de-gramatica-dinamarquesa\/\">\r\n            <div class=\"learnNavigationWrapper\">\r\n                <div class=\"learnNavigationContent\">\r\n                    <img decoding=\"async\" src=\"https:\/\/talkpal.ai\/wp-content\/uploads\/2024\/08\/Danish.jpg\" alt=\"Danish Flag\">\r\n                    <div>\r\n                        <h4>Exerc\u00edcio de gram\u00e1tica dinamarquesa<\/h4>\r\n                        <p>Pratica a gram\u00e1tica dinamarquesa.<\/p>\r\n                    <\/div>\r\n                <\/div>\r\n            <\/div>\r\n        <\/a>\r\n\r\n        \r\n        <a href=\"https:\/\/talkpal.ai\/vocabulary_language\/danish\/\">\r\n            <div class=\"learnNavigationWrapper\">\r\n                <div class=\"learnNavigationContent\">\r\n                    <img decoding=\"async\" src=\"https:\/\/talkpal.ai\/wp-content\/uploads\/2024\/08\/Danish.jpg\" alt=\"Danish Flag\">\r\n                    <div>\r\n                        <h4>Vocabul\u00e1rio dinamarqu\u00eas<\/h4>\r\n                        <p>Aumenta o teu vocabul\u00e1rio dinamarqu\u00eas.<\/p>\r\n                    <\/div>\r\n                <\/div>\r\n            <\/div>\r\n        <\/a>\r\n\r\n            <\/section>","protected":false},"excerpt":{"rendered":"<p>Mergulhando nas profundezas da gram\u00e1tica dinamarquesa: desvendando suas idiossincrasias e charme Lembra da \u00e9poca em que aprender gram\u00e1tica inglesa parecia uma batalha dif\u00edcil com sua infinidade de regras, exce\u00e7\u00f5es e terminologia intrincada? Se est\u00e1s agora a pensar em aprender a l\u00edngua dinamarquesa, prepara-te para mais uma viagem fascinante pelas complexidades e del\u00edcias da gram\u00e1tica dinamarquesa. [&hellip;]<\/p>\n","protected":false},"author":1,"featured_media":28290,"parent":0,"menu_order":0,"comment_status":"closed","ping_status":"closed","template":"LearningContentPage.php","meta":{"_acf_changed":false,"footnotes":""},"class_list":["post-143569","page","type-page","status-publish","has-post-thumbnail","hentry"],"acf":[],"yoast_head":"<!-- This site is optimized with the Yoast SEO Premium plugin v27.2 (Yoast SEO v27.2) - https:\/\/yoast.com\/product\/yoast-seo-premium-wordpress\/ -->\n<title>Gram\u00e1tica dinamarquesa - Talkpal<\/title>\n<meta name=\"description\" content=\"Explora os meandros da gram\u00e1tica dinamarquesa e descobre as suas regras e carater\u00edsticas \u00fanicas. Aprende a navegar na l\u00edngua sem esfor\u00e7o.\" \/>\n<meta name=\"robots\" content=\"index, follow, max-snippet:-1, max-image-preview:large, max-video-preview:-1\" \/>\n<link rel=\"canonical\" href=\"https:\/\/talkpal.ai\/pt-pt\/gramatica-dinamarquesa\/\" \/>\n<meta property=\"og:locale\" content=\"pt_PT\" \/>\n<meta property=\"og:type\" content=\"article\" \/>\n<meta property=\"og:title\" content=\"Gram\u00e1tica dinamarquesa\" \/>\n<meta property=\"og:description\" content=\"Mergulhando nas profundezas da gram\u00e1tica dinamarquesa: desvendando suas idiossincrasias e charme Lembra da \u00e9poca em que aprender gram\u00e1tica inglesa parecia\" \/>\n<meta property=\"og:url\" content=\"https:\/\/talkpal.ai\/pt-pt\/gramatica-dinamarquesa\/\" \/>\n<meta property=\"og:site_name\" content=\"Talkpal\" \/>\n<meta property=\"article:publisher\" content=\"https:\/\/www.facebook.com\/profile.php?id=100090733639311\" \/>\n<meta property=\"article:modified_time\" content=\"2025-12-13T15:26:03+00:00\" \/>\n<meta property=\"og:image\" content=\"https:\/\/talkpal.ai\/wp-content\/uploads\/2023\/05\/denmark.png\" \/>\n\t<meta property=\"og:image:width\" content=\"512\" \/>\n\t<meta property=\"og:image:height\" content=\"512\" \/>\n\t<meta property=\"og:image:type\" content=\"image\/png\" \/>\n<meta name=\"twitter:card\" content=\"summary_large_image\" \/>\n<meta name=\"twitter:site\" content=\"@talkpalai\" \/>\n<meta name=\"twitter:label1\" content=\"Tempo estimado de leitura\" \/>\n\t<meta name=\"twitter:data1\" content=\"3 minutos\" \/>\n<script type=\"application\/ld+json\" class=\"yoast-schema-graph\">{\"@context\":\"https:\/\/schema.org\",\"@graph\":[{\"@type\":\"WebPage\",\"@id\":\"https:\/\/talkpal.ai\/pt-pt\/gramatica-dinamarquesa\/\",\"url\":\"https:\/\/talkpal.ai\/pt-pt\/gramatica-dinamarquesa\/\",\"name\":\"Gram\u00e1tica dinamarquesa - Talkpal\",\"isPartOf\":{\"@id\":\"https:\/\/talkpal.ai\/pt-pt\/#website\"},\"primaryImageOfPage\":{\"@id\":\"https:\/\/talkpal.ai\/pt-pt\/gramatica-dinamarquesa\/#primaryimage\"},\"image\":{\"@id\":\"https:\/\/talkpal.ai\/pt-pt\/gramatica-dinamarquesa\/#primaryimage\"},\"thumbnailUrl\":\"https:\/\/talkpal.ai\/wp-content\/uploads\/2023\/05\/denmark.png\",\"datePublished\":\"2023-05-14T14:03:23+00:00\",\"dateModified\":\"2025-12-13T15:26:03+00:00\",\"description\":\"Explora os meandros da gram\u00e1tica dinamarquesa e descobre as suas regras e carater\u00edsticas \u00fanicas. Aprende a navegar na l\u00edngua sem esfor\u00e7o.\",\"breadcrumb\":{\"@id\":\"https:\/\/talkpal.ai\/pt-pt\/gramatica-dinamarquesa\/#breadcrumb\"},\"inLanguage\":\"pt-PT\",\"potentialAction\":[{\"@type\":\"ReadAction\",\"target\":[\"https:\/\/talkpal.ai\/pt-pt\/gramatica-dinamarquesa\/\"]}]},{\"@type\":\"ImageObject\",\"inLanguage\":\"pt-PT\",\"@id\":\"https:\/\/talkpal.ai\/pt-pt\/gramatica-dinamarquesa\/#primaryimage\",\"url\":\"https:\/\/talkpal.ai\/wp-content\/uploads\/2023\/05\/denmark.png\",\"contentUrl\":\"https:\/\/talkpal.ai\/wp-content\/uploads\/2023\/05\/denmark.png\",\"width\":512,\"height\":512},{\"@type\":\"BreadcrumbList\",\"@id\":\"https:\/\/talkpal.ai\/pt-pt\/gramatica-dinamarquesa\/#breadcrumb\",\"itemListElement\":[{\"@type\":\"ListItem\",\"position\":1,\"name\":\"Homepage\",\"item\":\"https:\/\/talkpal.ai\/pt-pt\/\"},{\"@type\":\"ListItem\",\"position\":2,\"name\":\"Gram\u00e1tica dinamarquesa\"}]},{\"@type\":\"WebSite\",\"@id\":\"https:\/\/talkpal.ai\/pt-pt\/#website\",\"url\":\"https:\/\/talkpal.ai\/pt-pt\/\",\"name\":\"Talkpal\",\"description\":\"AI Language Learning\",\"publisher\":{\"@id\":\"https:\/\/talkpal.ai\/pt-pt\/#organization\"},\"alternateName\":\"Talkpal AI\",\"potentialAction\":[{\"@type\":\"SearchAction\",\"target\":{\"@type\":\"EntryPoint\",\"urlTemplate\":\"https:\/\/talkpal.ai\/pt-pt\/?s={search_term_string}\"},\"query-input\":{\"@type\":\"PropertyValueSpecification\",\"valueRequired\":true,\"valueName\":\"search_term_string\"}}],\"inLanguage\":\"pt-PT\"},{\"@type\":\"Organization\",\"@id\":\"https:\/\/talkpal.ai\/pt-pt\/#organization\",\"name\":\"Talkpal, Inc.\",\"alternateName\":\"Talkpal AI\",\"url\":\"https:\/\/talkpal.ai\/pt-pt\/\",\"logo\":{\"@type\":\"ImageObject\",\"inLanguage\":\"pt-PT\",\"@id\":\"https:\/\/talkpal.ai\/pt-pt\/#\/schema\/logo\/image\/\",\"url\":\"https:\/\/talkpal.ai\/wp-content\/uploads\/2024\/03\/Talkpal-Logo-Icon.png\",\"contentUrl\":\"https:\/\/talkpal.ai\/wp-content\/uploads\/2024\/03\/Talkpal-Logo-Icon.png\",\"width\":2880,\"height\":2880,\"caption\":\"Talkpal, Inc.\"},\"image\":{\"@id\":\"https:\/\/talkpal.ai\/pt-pt\/#\/schema\/logo\/image\/\"},\"sameAs\":[\"https:\/\/www.facebook.com\/profile.php?id=100090733639311\",\"https:\/\/x.com\/talkpalai\",\"https:\/\/www.linkedin.com\/company\/talkpal\/\",\"https:\/\/www.youtube.com\/@TalkPal\/\",\"https:\/\/www.tiktok.com\/@talkpal\",\"https:\/\/www.instagram.com\/talkpal_ai\/\",\"https:\/\/www.crunchbase.com\/organization\/talkpal-9cde\",\"https:\/\/www.g2.com\/products\/talkpal-for-business\/\",\"https:\/\/www.trustpilot.com\/review\/talkpal.ai\",\"https:\/\/www.capterra.com\/p\/10006800\/TalkPal\/\"],\"description\":\"Talkpal is a language learning web and mobile education app, powered by the latest AI technologies, that provides engaging experiences to its customers in many different languages to help them improve their language skills. Users can chat about unlimited amount of topics with the app and use other modes to practice their language learning.\",\"email\":\"support@talkpal.ai\",\"legalName\":\"Talkpal, Inc.\",\"foundingDate\":\"2023-04-03\",\"duns\":\"118989042\",\"numberOfEmployees\":{\"@type\":\"QuantitativeValue\",\"minValue\":\"11\",\"maxValue\":\"50\"},\"publishingPrinciples\":\"https:\/\/talkpal.ai\/publishing-principles\/\",\"actionableFeedbackPolicy\":\"https:\/\/talkpal.ai\/actionable-feedback-policy\/\",\"correctionsPolicy\":\"https:\/\/talkpal.ai\/corrections-policy\/\",\"ethicsPolicy\":\"https:\/\/talkpal.ai\/ethics-policy\/\",\"diversityPolicy\":\"https:\/\/talkpal.ai\/diversity-policy\/\",\"diversityStaffingReport\":\"https:\/\/talkpal.ai\/diversity-policy\/\"}]}<\/script>\n<!-- \/ Yoast SEO Premium plugin. -->","yoast_head_json":{"title":"Gram\u00e1tica dinamarquesa - Talkpal","description":"Explora os meandros da gram\u00e1tica dinamarquesa e descobre as suas regras e carater\u00edsticas \u00fanicas. Aprende a navegar na l\u00edngua sem esfor\u00e7o.","robots":{"index":"index","follow":"follow","max-snippet":"max-snippet:-1","max-image-preview":"max-image-preview:large","max-video-preview":"max-video-preview:-1"},"canonical":"https:\/\/talkpal.ai\/pt-pt\/gramatica-dinamarquesa\/","og_locale":"pt_PT","og_type":"article","og_title":"Gram\u00e1tica dinamarquesa","og_description":"Mergulhando nas profundezas da gram\u00e1tica dinamarquesa: desvendando suas idiossincrasias e charme Lembra da \u00e9poca em que aprender gram\u00e1tica inglesa parecia","og_url":"https:\/\/talkpal.ai\/pt-pt\/gramatica-dinamarquesa\/","og_site_name":"Talkpal","article_publisher":"https:\/\/www.facebook.com\/profile.php?id=100090733639311","article_modified_time":"2025-12-13T15:26:03+00:00","og_image":[{"width":512,"height":512,"url":"https:\/\/talkpal.ai\/wp-content\/uploads\/2023\/05\/denmark.png","type":"image\/png"}],"twitter_card":"summary_large_image","twitter_site":"@talkpalai","twitter_misc":{"Tempo estimado de leitura":"3 minutos"},"schema":{"@context":"https:\/\/schema.org","@graph":[{"@type":"WebPage","@id":"https:\/\/talkpal.ai\/pt-pt\/gramatica-dinamarquesa\/","url":"https:\/\/talkpal.ai\/pt-pt\/gramatica-dinamarquesa\/","name":"Gram\u00e1tica dinamarquesa - Talkpal","isPartOf":{"@id":"https:\/\/talkpal.ai\/pt-pt\/#website"},"primaryImageOfPage":{"@id":"https:\/\/talkpal.ai\/pt-pt\/gramatica-dinamarquesa\/#primaryimage"},"image":{"@id":"https:\/\/talkpal.ai\/pt-pt\/gramatica-dinamarquesa\/#primaryimage"},"thumbnailUrl":"https:\/\/talkpal.ai\/wp-content\/uploads\/2023\/05\/denmark.png","datePublished":"2023-05-14T14:03:23+00:00","dateModified":"2025-12-13T15:26:03+00:00","description":"Explora os meandros da gram\u00e1tica dinamarquesa e descobre as suas regras e carater\u00edsticas \u00fanicas. Aprende a navegar na l\u00edngua sem esfor\u00e7o.","breadcrumb":{"@id":"https:\/\/talkpal.ai\/pt-pt\/gramatica-dinamarquesa\/#breadcrumb"},"inLanguage":"pt-PT","potentialAction":[{"@type":"ReadAction","target":["https:\/\/talkpal.ai\/pt-pt\/gramatica-dinamarquesa\/"]}]},{"@type":"ImageObject","inLanguage":"pt-PT","@id":"https:\/\/talkpal.ai\/pt-pt\/gramatica-dinamarquesa\/#primaryimage","url":"https:\/\/talkpal.ai\/wp-content\/uploads\/2023\/05\/denmark.png","contentUrl":"https:\/\/talkpal.ai\/wp-content\/uploads\/2023\/05\/denmark.png","width":512,"height":512},{"@type":"BreadcrumbList","@id":"https:\/\/talkpal.ai\/pt-pt\/gramatica-dinamarquesa\/#breadcrumb","itemListElement":[{"@type":"ListItem","position":1,"name":"Homepage","item":"https:\/\/talkpal.ai\/pt-pt\/"},{"@type":"ListItem","position":2,"name":"Gram\u00e1tica dinamarquesa"}]},{"@type":"WebSite","@id":"https:\/\/talkpal.ai\/pt-pt\/#website","url":"https:\/\/talkpal.ai\/pt-pt\/","name":"Talkpal","description":"AI Language Learning","publisher":{"@id":"https:\/\/talkpal.ai\/pt-pt\/#organization"},"alternateName":"Talkpal AI","potentialAction":[{"@type":"SearchAction","target":{"@type":"EntryPoint","urlTemplate":"https:\/\/talkpal.ai\/pt-pt\/?s={search_term_string}"},"query-input":{"@type":"PropertyValueSpecification","valueRequired":true,"valueName":"search_term_string"}}],"inLanguage":"pt-PT"},{"@type":"Organization","@id":"https:\/\/talkpal.ai\/pt-pt\/#organization","name":"Talkpal, Inc.","alternateName":"Talkpal AI","url":"https:\/\/talkpal.ai\/pt-pt\/","logo":{"@type":"ImageObject","inLanguage":"pt-PT","@id":"https:\/\/talkpal.ai\/pt-pt\/#\/schema\/logo\/image\/","url":"https:\/\/talkpal.ai\/wp-content\/uploads\/2024\/03\/Talkpal-Logo-Icon.png","contentUrl":"https:\/\/talkpal.ai\/wp-content\/uploads\/2024\/03\/Talkpal-Logo-Icon.png","width":2880,"height":2880,"caption":"Talkpal, Inc."},"image":{"@id":"https:\/\/talkpal.ai\/pt-pt\/#\/schema\/logo\/image\/"},"sameAs":["https:\/\/www.facebook.com\/profile.php?id=100090733639311","https:\/\/x.com\/talkpalai","https:\/\/www.linkedin.com\/company\/talkpal\/","https:\/\/www.youtube.com\/@TalkPal\/","https:\/\/www.tiktok.com\/@talkpal","https:\/\/www.instagram.com\/talkpal_ai\/","https:\/\/www.crunchbase.com\/organization\/talkpal-9cde","https:\/\/www.g2.com\/products\/talkpal-for-business\/","https:\/\/www.trustpilot.com\/review\/talkpal.ai","https:\/\/www.capterra.com\/p\/10006800\/TalkPal\/"],"description":"Talkpal is a language learning web and mobile education app, powered by the latest AI technologies, that provides engaging experiences to its customers in many different languages to help them improve their language skills. Users can chat about unlimited amount of topics with the app and use other modes to practice their language learning.","email":"support@talkpal.ai","legalName":"Talkpal, Inc.","foundingDate":"2023-04-03","duns":"118989042","numberOfEmployees":{"@type":"QuantitativeValue","minValue":"11","maxValue":"50"},"publishingPrinciples":"https:\/\/talkpal.ai\/publishing-principles\/","actionableFeedbackPolicy":"https:\/\/talkpal.ai\/actionable-feedback-policy\/","correctionsPolicy":"https:\/\/talkpal.ai\/corrections-policy\/","ethicsPolicy":"https:\/\/talkpal.ai\/ethics-policy\/","diversityPolicy":"https:\/\/talkpal.ai\/diversity-policy\/","diversityStaffingReport":"https:\/\/talkpal.ai\/diversity-policy\/"}]}},"_links":{"self":[{"href":"https:\/\/talkpal.ai\/pt-pt\/wp-json\/wp\/v2\/pages\/143569","targetHints":{"allow":["GET"]}}],"collection":[{"href":"https:\/\/talkpal.ai\/pt-pt\/wp-json\/wp\/v2\/pages"}],"about":[{"href":"https:\/\/talkpal.ai\/pt-pt\/wp-json\/wp\/v2\/types\/page"}],"author":[{"embeddable":true,"href":"https:\/\/talkpal.ai\/pt-pt\/wp-json\/wp\/v2\/users\/1"}],"replies":[{"embeddable":true,"href":"https:\/\/talkpal.ai\/pt-pt\/wp-json\/wp\/v2\/comments?post=143569"}],"version-history":[{"count":0,"href":"https:\/\/talkpal.ai\/pt-pt\/wp-json\/wp\/v2\/pages\/143569\/revisions"}],"wp:featuredmedia":[{"embeddable":true,"href":"https:\/\/talkpal.ai\/pt-pt\/wp-json\/wp\/v2\/media\/28290"}],"wp:attachment":[{"href":"https:\/\/talkpal.ai\/pt-pt\/wp-json\/wp\/v2\/media?parent=143569"}],"curies":[{"name":"wp","href":"https:\/\/api.w.org\/{rel}","templated":true}]}}