{"id":143247,"date":"2023-05-14T14:03:07","date_gmt":"2023-05-14T14:03:07","guid":{"rendered":"http:\/\/talkpal.ai\/gramatica-tcheca\/"},"modified":"2025-12-13T15:22:12","modified_gmt":"2025-12-13T15:22:12","slug":"gramatica-tcheca","status":"publish","type":"page","link":"https:\/\/talkpal.ai\/pt-pt\/gramatica-tcheca\/","title":{"rendered":"Gram\u00e1tica tcheca"},"content":{"rendered":"\r\n\r\n\r\n<section class=\"languageChallengeSection\">\r\n    <div class=\"languageInfoWrapper\">\r\n        \r\n        <h1>Gram\u00e1tica tcheca<\/h1>\r\n        <p>Explora os meandros da <a href=\"https:\/\/talkpal.ai\/czech-grammar\/\">gram\u00e1tica checa<\/a> e abre as portas \u00e0 compreens\u00e3o desta l\u00edngua da Europa Central. Ao dominares as regras e os padr\u00f5es essenciais, comunicar\u00e1s de forma mais eficaz e ter\u00e1s uma vis\u00e3o mais profunda da cultura checa. Come\u00e7a hoje a aprender <a href=\"https:\/\/talkpal.ai\/czech-grammar\/\">gram\u00e1tica checa<\/a> e d\u00e1 o primeiro passo em dire\u00e7\u00e3o \u00e0 flu\u00eancia!<\/p>\r\n\r\n                            <a class=\"getStartedHidden\" href=\"https:\/\/app.talkpal.ai\/pt-pt\/signup?lng=\">Come\u00e7a<\/a>\r\n        \r\n    <\/div>\r\n\r\n    <figure>\r\n    <img decoding=\"async\" width=\"768\" height=\"768\" src=\"https:\/\/talkpal.ai\/wp-content\/uploads\/2023\/06\/Czech-768x768.png\" class=\"languageImage no-lazy\" alt=\"Default alt text\" fetchpriority=\"high\" sizes=\"(max-width: 768px) 150px, 768px\" srcset=\"https:\/\/talkpal.ai\/wp-content\/uploads\/2023\/06\/Czech-768x768.png 768w, https:\/\/talkpal.ai\/wp-content\/uploads\/2023\/06\/Czech-300x300.png 300w\" \/>\r\n    \r\n\r\n    <\/figure>\r\n\r\n            <a class=\"getStartedVisible\" href=\"https:\/\/app.talkpal.ai\/pt-pt\/signup?lng=\">Come\u00e7a<\/a>\r\n    \r\n<\/section>\r\n        <section class=\"grammarSection\">\r\n            <div class=\"grammarLinks\">\r\n                <a href=\"https:\/\/talkpal.ai\/pt-pt\/language\/adjetivos-gramatica-tcheca\/\">Adjetivos <\/a><a href=\"https:\/\/talkpal.ai\/pt-pt\/language\/adverbios-gramatica-tcheca\/\">Adv\u00e9rbios <\/a><a href=\"https:\/\/talkpal.ai\/pt-pt\/language\/artigos-gramatica-tcheca\/\">Artigos <\/a><a href=\"https:\/\/talkpal.ai\/pt-pt\/language\/comparacao-de-tempos-gramatica-tcheca\/\">Compara\u00e7\u00e3o de tempos <\/a><a href=\"https:\/\/talkpal.ai\/pt-pt\/language\/condicionais-gramatica-tcheca\/\">Condicionais <\/a><a href=\"https:\/\/talkpal.ai\/pt-pt\/language\/frases-gramatica-tcheca\/\">Frases <\/a><a href=\"https:\/\/talkpal.ai\/pt-pt\/language\/preposicoes-gramatica-tcheca\/\">Preposi\u00e7\u00f5es <\/a><a href=\"https:\/\/talkpal.ai\/pt-pt\/language\/progressivo-gramatica-tcheca\/\">Progressivo <\/a><a href=\"https:\/\/talkpal.ai\/pt-pt\/language\/progressivo-perfeito-gramatica-tcheca\/\">Progressivo Perfeito <\/a><a href=\"https:\/\/talkpal.ai\/pt-pt\/language\/pronomes-determinantes-gramatica-tcheca\/\">Pronomes\/Determinantes <\/a><a href=\"https:\/\/talkpal.ai\/pt-pt\/language\/substantivos-gramatica-tcheca\/\">Substantivos <\/a><a href=\"https:\/\/talkpal.ai\/pt-pt\/language\/tempos-verbais-gramatica-tcheca\/\">Tempos Verbais <\/a><a href=\"https:\/\/talkpal.ai\/pt-pt\/language\/verbos-gramatica-tcheca\/\">Verbos <\/a>            <\/div>\r\n        <\/section>\r\n    <section class=\"promotionalBanner\">\r\n    <p class=\"promotionalText\">A maneira mais eficiente de aprender um idioma<\/p>\r\n    <a class=\"promotionalLink\" href=\"https:\/\/app.talkpal.ai\/pt-pt\/signup?lng=\">Experimente o Talkpal gratuitamente<\/a>\r\n<\/section>\n<div class=\"wp-block-group pageContainerStyle\"><div class=\"wp-block-group__inner-container is-layout-constrained wp-block-group-is-layout-constrained\">\n<h2 class=\"wp-block-heading\" id=\"h-czech-grammar-making-sense-of-the-czech-language-s-unique-structure\">Gram\u00e1tica checa: Compreender a estrutura \u00fanica da l\u00edngua checa<\/h2>\n\n\n\n<p>Se alguma vez tentaste <a href=\"https:\/\/talkpal.ai\/es\/como-aprender-checo-en-6-meses\/\">aprender checo<\/a> &#8211; ou mesmo apenas ler um artigo ou livro <a href=\"https:\/\/talkpal.ai\/learn-czech\/\">checo<\/a> &#8211; provavelmente reparaste que a sua gram\u00e1tica pode ser bastante desafiante. Amplamente considerada <a href=\"https:\/\/talkpal.ai\/locations\/language-courses-in-como\/\">como<\/a> um dos sistemas lingu\u00edsticos mais complexos, a <a href=\"https:\/\/talkpal.ai\/pt-pt\/o-que-ha-de-especial-na-gramatica-tcheca\/\">gram\u00e1tica tcheca<\/a> tem deixado perplexos muitos <a href=\"https:\/\/talkpal.ai\/talkpal-discount-for-students\/\">estudantes<\/a> estrangeiros. Mas n\u00e3o deixes que isso te intimide! As peculiaridades da gram\u00e1tica tcheca s\u00e3o o que a tornam fascinante e \u00fanica. Neste artigo, vamos desmistificar alguns elementos-chave da gram\u00e1tica checa de uma forma coloquial, ajudando-te a compreender <a href=\"https:\/\/talkpal.ai\/es\/la-mejor-aplicacion-de-conversacion-con-ia\/\">melhor<\/a> esta bela l\u00edngua.<\/p>\n\n\n\n<h3 class=\"wp-block-heading\" id=\"h-1-nouns-declensions-and-cases-galore\">1. Substantivos \u2013 Declina\u00e7\u00f5es e Casos em abund\u00e2ncia!<\/h3>\n\n\n\n<p>Uma das primeiras coisas que vais notar na gram\u00e1tica checa s\u00e3o as declina\u00e7\u00f5es dos substantivos. Uma declina\u00e7\u00e3o \u00e9 um grupo de substantivos com caracter\u00edsticas gramaticais semelhantes, e <a href=\"https:\/\/talkpal.ai\/learn-czech\/\">tcheco<\/a> tem at\u00e9 14 declina\u00e7\u00f5es distintas. O que achas desta variedade? Cada declina\u00e7\u00e3o tem um padr\u00e3o espec\u00edfico para representar formas nominativas no singular e no plural.<\/p>\n\n\n\n<p>Os substantivos tchecos tamb\u00e9m t\u00eam sete casos diferentes: nominativo, genitivo, dativo, acusativo, vocativo, locativo e instrumental. Embora um n\u00famero t\u00e3o elevado possa parecer assustador, \u00e9 essencial conheceres estes casos porque s\u00e3o fundamentais para transmitir um significado. Por exemplo, em checo, a ordem das palavras n\u00e3o \u00e9 t\u00e3o importante como em ingl\u00eas &#8211; s\u00e3o os casos que indicam as rela\u00e7\u00f5es entre as palavras.<\/p>\n\n\n\n<h3 class=\"wp-block-heading\" id=\"h-2-adjectives-agreeing-with-nouns\">2. Adjetivos \u2013 Concordando com substantivos<\/h3>\n\n\n\n<p>Os adjetivos tchecos t\u00eam um dever especial: devem concordar com os substantivos que modificam em g\u00eanero, n\u00famero e caso. Pense nisso como uma dupla din\u00e2mica, o tango gramatical, onde uma metade se ajusta graciosamente para complementar a outra. Esse acordo ajuda a criar harmonia nas frases e aumenta a clareza.<\/p>\n\n\n\n<p>Por exemplo, a palavra para \u201cbelo\u201d em checo \u00e9 \u201ckr\u00e1sn\u00fd\u201d. Se estiveres a descrever uma casa bonita (d\u016fm), que \u00e9 masculino, usas \u201ckr\u00e1sn\u00fd d\u016fm\u201d. Para uma rapariga bonita (d\u00edvka), que \u00e9 feminina, diz-se \u201ckr\u00e1sn\u00e1 d\u00edvka\u201d. E para um dia bonito (den), que \u00e9 neutro, dizes \u201ckr\u00e1sn\u00fd den\u201d. Viu como o adjetivo dan\u00e7a junto com o substantivo?<\/p>\n\n\n\n<h3 class=\"wp-block-heading\" id=\"h-3-verbs-the-art-of-conjugation\">3. Verbos \u2013 A Arte da Conjuga\u00e7\u00e3o<\/h3>\n\n\n\n<p>Em tcheco, a arte da conjuga\u00e7\u00e3o \u2013 isto \u00e9, mudar as formas verbais com base no tempo, no humor e na pessoa \u2013 ganha vida pr\u00f3pria. Os verbos tchecos se enquadram em duas categorias: perfectivo e imperfectivo. Verbos perfectivos indicam que uma a\u00e7\u00e3o foi conclu\u00edda, enquanto verbos imperfectivos sugerem a\u00e7\u00f5es cont\u00ednuas ou habituais.  <\/p>\n\n\n\n<p>A gram\u00e1tica tcheca tem algumas peculiaridades interessantes quando se trata de verbos. Por exemplo, o tempo futuro s\u00f3 \u00e9 formado regularmente para verbos imperfectivos. Para verbos perfectivos, funde-se com o tempo presente! Al\u00e9m disso, em vez de ter uma voz passiva espec\u00edfica, o tcheco incorpora constru\u00e7\u00f5es passivas usando verbos auxiliares. N\u00e3o nos esque\u00e7amos dos verbos reflexivos do checo, em que as ac\u00e7\u00f5es voltam para o sujeito, acrescentando mais uma camada de nuances a esta l\u00edngua intrigante.<\/p>\n\n\n\n<h3 class=\"wp-block-heading\" id=\"h-4-pronouns-the-mirror-of-linguistic-diversity\">4. Pronomes: o espelho da diversidade lingu\u00edstica<\/h3>\n\n\n\n<p>Os pronomes na gram\u00e1tica checa &#8211; estamos a falar de pronomes pessoais, possessivos, demonstrativos, interrogativos e relativos &#8211; apresentam a mesma diversidade que as outras partes do discurso. Eles tamb\u00e9m devem concordar em g\u00eanero, n\u00famero e caso com os substantivos que substituem ou se referem.<\/p>\n\n\n\n<p>Por exemplo, se estiveres a falar de um livro de que gostas, dizes \u201cM\u00e1m r\u00e1d tu knihu\u201d (Eu gosto desse livro). Aqui, \u201ctu\u201d \u00e9 a forma feminina do pronome demonstrativo \u201cque\u201d, concordando com \u201ckniha\u201d (livro), que tamb\u00e9m \u00e9 feminino.<\/p>\n\n\n\n<h3 class=\"wp-block-heading\" id=\"h-5-embracing-the-challenge\">5. Abra\u00e7ando o desafio<\/h3>\n\n\n\n<p>A gram\u00e1tica checa pode ser desconcertante e intimidante, mas \u00e9 tamb\u00e9m o que faz com que esta l\u00edngua fascinante se destaque. N\u00e3o te afastes do desafio! Lembra-te, n\u00e3o se trata de dominar tudo de uma vez, mas de progredir passo a passo. Dedica algum tempo a compreender o sistema \u00fanico da gram\u00e1tica checa e estar\u00e1s no bom caminho para dominar esta bela e complexa l\u00edngua. E, ao abra\u00e7ares as deliciosas nuances que a gram\u00e1tica checa tem para oferecer, descobrir\u00e1s, sem d\u00favida, um novo apre\u00e7o pelas suas complexidades. Feliz aprendizado!<\/p>\n<\/div><\/div>\n\r\n<section class=\"learnNavigationSection\">\r\n            \r\n        <a href=\"https:\/\/talkpal.ai\/pt-pt\/aprender-checo\/\">\r\n            <div class=\"learnNavigationWrapper\">\r\n                <div class=\"learnNavigationContent\">\r\n                    <img decoding=\"async\" src=\"https:\/\/talkpal.ai\/wp-content\/uploads\/2024\/08\/Czech.jpg\" alt=\"Czech Flag\">\r\n                    <div>\r\n                        <h4>Sobre a aprendizagem da l\u00edngua checa<\/h4>\r\n                        <p>Descobre tudo sobre a gram\u00e1tica checa.<\/p>\r\n                    <\/div>\r\n                <\/div>\r\n            <\/div>\r\n        <\/a>\r\n\r\n        \r\n        <a href=\"https:\/\/talkpal.ai\/pt-pt\/exercicios-de-gramatica-tcheca\/\">\r\n            <div class=\"learnNavigationWrapper\">\r\n                <div class=\"learnNavigationContent\">\r\n                    <img decoding=\"async\" src=\"https:\/\/talkpal.ai\/wp-content\/uploads\/2024\/08\/Czech.jpg\" alt=\"Czech Flag\">\r\n                    <div>\r\n                        <h4>Exerc\u00edcio de gram\u00e1tica checa<\/h4>\r\n                        <p>Pratica a gram\u00e1tica checa.<\/p>\r\n                    <\/div>\r\n                <\/div>\r\n            <\/div>\r\n        <\/a>\r\n\r\n        \r\n        <a href=\"https:\/\/talkpal.ai\/vocabulary_language\/czech\/\">\r\n            <div class=\"learnNavigationWrapper\">\r\n                <div class=\"learnNavigationContent\">\r\n                    <img decoding=\"async\" src=\"https:\/\/talkpal.ai\/wp-content\/uploads\/2024\/08\/Czech.jpg\" alt=\"Czech Flag\">\r\n                    <div>\r\n                        <h4>Vocabul\u00e1rio checo<\/h4>\r\n                        <p>Amplia o teu vocabul\u00e1rio checo.<\/p>\r\n                    <\/div>\r\n                <\/div>\r\n            <\/div>\r\n        <\/a>\r\n\r\n            <\/section>","protected":false},"excerpt":{"rendered":"<p>Gram\u00e1tica checa: Compreender a estrutura \u00fanica da l\u00edngua checa Se alguma vez tentaste aprender checo &#8211; ou mesmo apenas ler um artigo ou livro checo &#8211; provavelmente reparaste que a sua gram\u00e1tica pode ser bastante desafiante. Amplamente considerada como um dos sistemas lingu\u00edsticos mais complexos, a gram\u00e1tica tcheca tem deixado perplexos muitos estudantes estrangeiros. Mas [&hellip;]<\/p>\n","protected":false},"author":1,"featured_media":28274,"parent":0,"menu_order":0,"comment_status":"closed","ping_status":"closed","template":"LearningContentPage.php","meta":{"_acf_changed":false,"footnotes":""},"class_list":["post-143247","page","type-page","status-publish","has-post-thumbnail","hentry"],"acf":[],"yoast_head":"<!-- This site is optimized with the Yoast SEO Premium plugin v27.2 (Yoast SEO v27.2) - https:\/\/yoast.com\/product\/yoast-seo-premium-wordpress\/ -->\n<title>Gram\u00e1tica tcheca - Talkpal<\/title>\n<meta name=\"description\" content=\"Desvenda os segredos da gram\u00e1tica checa. Aprende sobre a sua complexidade \u00fanica e como dominar eficazmente as declina\u00e7\u00f5es dos substantivos.\" \/>\n<meta name=\"robots\" content=\"index, follow, max-snippet:-1, max-image-preview:large, max-video-preview:-1\" \/>\n<link rel=\"canonical\" href=\"https:\/\/talkpal.ai\/pt-pt\/gramatica-tcheca\/\" \/>\n<meta property=\"og:locale\" content=\"pt_PT\" \/>\n<meta property=\"og:type\" content=\"article\" \/>\n<meta property=\"og:title\" content=\"Gram\u00e1tica tcheca\" \/>\n<meta property=\"og:description\" content=\"Gram\u00e1tica checa: Compreender a estrutura \u00fanica da l\u00edngua checa Se alguma vez tentaste aprender checo - ou mesmo apenas ler um artigo ou livro checo -\" \/>\n<meta property=\"og:url\" content=\"https:\/\/talkpal.ai\/pt-pt\/gramatica-tcheca\/\" \/>\n<meta property=\"og:site_name\" content=\"Talkpal\" \/>\n<meta property=\"article:publisher\" content=\"https:\/\/www.facebook.com\/profile.php?id=100090733639311\" \/>\n<meta property=\"article:modified_time\" content=\"2025-12-13T15:22:12+00:00\" \/>\n<meta property=\"og:image\" content=\"https:\/\/talkpal.ai\/wp-content\/uploads\/2023\/05\/czech-republic.png\" \/>\n\t<meta property=\"og:image:width\" content=\"512\" \/>\n\t<meta property=\"og:image:height\" content=\"512\" \/>\n\t<meta property=\"og:image:type\" content=\"image\/png\" \/>\n<meta name=\"twitter:card\" content=\"summary_large_image\" \/>\n<meta name=\"twitter:site\" content=\"@talkpalai\" \/>\n<meta name=\"twitter:label1\" content=\"Tempo estimado de leitura\" \/>\n\t<meta name=\"twitter:data1\" content=\"4 minutos\" \/>\n<script type=\"application\/ld+json\" class=\"yoast-schema-graph\">{\"@context\":\"https:\/\/schema.org\",\"@graph\":[{\"@type\":\"WebPage\",\"@id\":\"https:\/\/talkpal.ai\/pt-pt\/gramatica-tcheca\/\",\"url\":\"https:\/\/talkpal.ai\/pt-pt\/gramatica-tcheca\/\",\"name\":\"Gram\u00e1tica tcheca - Talkpal\",\"isPartOf\":{\"@id\":\"https:\/\/talkpal.ai\/pt-pt\/#website\"},\"primaryImageOfPage\":{\"@id\":\"https:\/\/talkpal.ai\/pt-pt\/gramatica-tcheca\/#primaryimage\"},\"image\":{\"@id\":\"https:\/\/talkpal.ai\/pt-pt\/gramatica-tcheca\/#primaryimage\"},\"thumbnailUrl\":\"https:\/\/talkpal.ai\/wp-content\/uploads\/2023\/05\/czech-republic.png\",\"datePublished\":\"2023-05-14T14:03:07+00:00\",\"dateModified\":\"2025-12-13T15:22:12+00:00\",\"description\":\"Desvenda os segredos da gram\u00e1tica checa. Aprende sobre a sua complexidade \u00fanica e como dominar eficazmente as declina\u00e7\u00f5es dos substantivos.\",\"breadcrumb\":{\"@id\":\"https:\/\/talkpal.ai\/pt-pt\/gramatica-tcheca\/#breadcrumb\"},\"inLanguage\":\"pt-PT\",\"potentialAction\":[{\"@type\":\"ReadAction\",\"target\":[\"https:\/\/talkpal.ai\/pt-pt\/gramatica-tcheca\/\"]}]},{\"@type\":\"ImageObject\",\"inLanguage\":\"pt-PT\",\"@id\":\"https:\/\/talkpal.ai\/pt-pt\/gramatica-tcheca\/#primaryimage\",\"url\":\"https:\/\/talkpal.ai\/wp-content\/uploads\/2023\/05\/czech-republic.png\",\"contentUrl\":\"https:\/\/talkpal.ai\/wp-content\/uploads\/2023\/05\/czech-republic.png\",\"width\":512,\"height\":512},{\"@type\":\"BreadcrumbList\",\"@id\":\"https:\/\/talkpal.ai\/pt-pt\/gramatica-tcheca\/#breadcrumb\",\"itemListElement\":[{\"@type\":\"ListItem\",\"position\":1,\"name\":\"Homepage\",\"item\":\"https:\/\/talkpal.ai\/pt-pt\/\"},{\"@type\":\"ListItem\",\"position\":2,\"name\":\"Gram\u00e1tica tcheca\"}]},{\"@type\":\"WebSite\",\"@id\":\"https:\/\/talkpal.ai\/pt-pt\/#website\",\"url\":\"https:\/\/talkpal.ai\/pt-pt\/\",\"name\":\"Talkpal\",\"description\":\"AI Language Learning\",\"publisher\":{\"@id\":\"https:\/\/talkpal.ai\/pt-pt\/#organization\"},\"alternateName\":\"Talkpal AI\",\"potentialAction\":[{\"@type\":\"SearchAction\",\"target\":{\"@type\":\"EntryPoint\",\"urlTemplate\":\"https:\/\/talkpal.ai\/pt-pt\/?s={search_term_string}\"},\"query-input\":{\"@type\":\"PropertyValueSpecification\",\"valueRequired\":true,\"valueName\":\"search_term_string\"}}],\"inLanguage\":\"pt-PT\"},{\"@type\":\"Organization\",\"@id\":\"https:\/\/talkpal.ai\/pt-pt\/#organization\",\"name\":\"Talkpal, Inc.\",\"alternateName\":\"Talkpal AI\",\"url\":\"https:\/\/talkpal.ai\/pt-pt\/\",\"logo\":{\"@type\":\"ImageObject\",\"inLanguage\":\"pt-PT\",\"@id\":\"https:\/\/talkpal.ai\/pt-pt\/#\/schema\/logo\/image\/\",\"url\":\"https:\/\/talkpal.ai\/wp-content\/uploads\/2024\/03\/Talkpal-Logo-Icon.png\",\"contentUrl\":\"https:\/\/talkpal.ai\/wp-content\/uploads\/2024\/03\/Talkpal-Logo-Icon.png\",\"width\":2880,\"height\":2880,\"caption\":\"Talkpal, Inc.\"},\"image\":{\"@id\":\"https:\/\/talkpal.ai\/pt-pt\/#\/schema\/logo\/image\/\"},\"sameAs\":[\"https:\/\/www.facebook.com\/profile.php?id=100090733639311\",\"https:\/\/x.com\/talkpalai\",\"https:\/\/www.linkedin.com\/company\/talkpal\/\",\"https:\/\/www.youtube.com\/@TalkPal\/\",\"https:\/\/www.tiktok.com\/@talkpal\",\"https:\/\/www.instagram.com\/talkpal_ai\/\",\"https:\/\/www.crunchbase.com\/organization\/talkpal-9cde\",\"https:\/\/www.g2.com\/products\/talkpal-for-business\/\",\"https:\/\/www.trustpilot.com\/review\/talkpal.ai\",\"https:\/\/www.capterra.com\/p\/10006800\/TalkPal\/\"],\"description\":\"Talkpal is a language learning web and mobile education app, powered by the latest AI technologies, that provides engaging experiences to its customers in many different languages to help them improve their language skills. Users can chat about unlimited amount of topics with the app and use other modes to practice their language learning.\",\"email\":\"support@talkpal.ai\",\"legalName\":\"Talkpal, Inc.\",\"foundingDate\":\"2023-04-03\",\"duns\":\"118989042\",\"numberOfEmployees\":{\"@type\":\"QuantitativeValue\",\"minValue\":\"11\",\"maxValue\":\"50\"},\"publishingPrinciples\":\"https:\/\/talkpal.ai\/publishing-principles\/\",\"actionableFeedbackPolicy\":\"https:\/\/talkpal.ai\/actionable-feedback-policy\/\",\"correctionsPolicy\":\"https:\/\/talkpal.ai\/corrections-policy\/\",\"ethicsPolicy\":\"https:\/\/talkpal.ai\/ethics-policy\/\",\"diversityPolicy\":\"https:\/\/talkpal.ai\/diversity-policy\/\",\"diversityStaffingReport\":\"https:\/\/talkpal.ai\/diversity-policy\/\"}]}<\/script>\n<!-- \/ Yoast SEO Premium plugin. -->","yoast_head_json":{"title":"Gram\u00e1tica tcheca - Talkpal","description":"Desvenda os segredos da gram\u00e1tica checa. Aprende sobre a sua complexidade \u00fanica e como dominar eficazmente as declina\u00e7\u00f5es dos substantivos.","robots":{"index":"index","follow":"follow","max-snippet":"max-snippet:-1","max-image-preview":"max-image-preview:large","max-video-preview":"max-video-preview:-1"},"canonical":"https:\/\/talkpal.ai\/pt-pt\/gramatica-tcheca\/","og_locale":"pt_PT","og_type":"article","og_title":"Gram\u00e1tica tcheca","og_description":"Gram\u00e1tica checa: Compreender a estrutura \u00fanica da l\u00edngua checa Se alguma vez tentaste aprender checo - ou mesmo apenas ler um artigo ou livro checo -","og_url":"https:\/\/talkpal.ai\/pt-pt\/gramatica-tcheca\/","og_site_name":"Talkpal","article_publisher":"https:\/\/www.facebook.com\/profile.php?id=100090733639311","article_modified_time":"2025-12-13T15:22:12+00:00","og_image":[{"width":512,"height":512,"url":"https:\/\/talkpal.ai\/wp-content\/uploads\/2023\/05\/czech-republic.png","type":"image\/png"}],"twitter_card":"summary_large_image","twitter_site":"@talkpalai","twitter_misc":{"Tempo estimado de leitura":"4 minutos"},"schema":{"@context":"https:\/\/schema.org","@graph":[{"@type":"WebPage","@id":"https:\/\/talkpal.ai\/pt-pt\/gramatica-tcheca\/","url":"https:\/\/talkpal.ai\/pt-pt\/gramatica-tcheca\/","name":"Gram\u00e1tica tcheca - Talkpal","isPartOf":{"@id":"https:\/\/talkpal.ai\/pt-pt\/#website"},"primaryImageOfPage":{"@id":"https:\/\/talkpal.ai\/pt-pt\/gramatica-tcheca\/#primaryimage"},"image":{"@id":"https:\/\/talkpal.ai\/pt-pt\/gramatica-tcheca\/#primaryimage"},"thumbnailUrl":"https:\/\/talkpal.ai\/wp-content\/uploads\/2023\/05\/czech-republic.png","datePublished":"2023-05-14T14:03:07+00:00","dateModified":"2025-12-13T15:22:12+00:00","description":"Desvenda os segredos da gram\u00e1tica checa. Aprende sobre a sua complexidade \u00fanica e como dominar eficazmente as declina\u00e7\u00f5es dos substantivos.","breadcrumb":{"@id":"https:\/\/talkpal.ai\/pt-pt\/gramatica-tcheca\/#breadcrumb"},"inLanguage":"pt-PT","potentialAction":[{"@type":"ReadAction","target":["https:\/\/talkpal.ai\/pt-pt\/gramatica-tcheca\/"]}]},{"@type":"ImageObject","inLanguage":"pt-PT","@id":"https:\/\/talkpal.ai\/pt-pt\/gramatica-tcheca\/#primaryimage","url":"https:\/\/talkpal.ai\/wp-content\/uploads\/2023\/05\/czech-republic.png","contentUrl":"https:\/\/talkpal.ai\/wp-content\/uploads\/2023\/05\/czech-republic.png","width":512,"height":512},{"@type":"BreadcrumbList","@id":"https:\/\/talkpal.ai\/pt-pt\/gramatica-tcheca\/#breadcrumb","itemListElement":[{"@type":"ListItem","position":1,"name":"Homepage","item":"https:\/\/talkpal.ai\/pt-pt\/"},{"@type":"ListItem","position":2,"name":"Gram\u00e1tica tcheca"}]},{"@type":"WebSite","@id":"https:\/\/talkpal.ai\/pt-pt\/#website","url":"https:\/\/talkpal.ai\/pt-pt\/","name":"Talkpal","description":"AI Language Learning","publisher":{"@id":"https:\/\/talkpal.ai\/pt-pt\/#organization"},"alternateName":"Talkpal AI","potentialAction":[{"@type":"SearchAction","target":{"@type":"EntryPoint","urlTemplate":"https:\/\/talkpal.ai\/pt-pt\/?s={search_term_string}"},"query-input":{"@type":"PropertyValueSpecification","valueRequired":true,"valueName":"search_term_string"}}],"inLanguage":"pt-PT"},{"@type":"Organization","@id":"https:\/\/talkpal.ai\/pt-pt\/#organization","name":"Talkpal, Inc.","alternateName":"Talkpal AI","url":"https:\/\/talkpal.ai\/pt-pt\/","logo":{"@type":"ImageObject","inLanguage":"pt-PT","@id":"https:\/\/talkpal.ai\/pt-pt\/#\/schema\/logo\/image\/","url":"https:\/\/talkpal.ai\/wp-content\/uploads\/2024\/03\/Talkpal-Logo-Icon.png","contentUrl":"https:\/\/talkpal.ai\/wp-content\/uploads\/2024\/03\/Talkpal-Logo-Icon.png","width":2880,"height":2880,"caption":"Talkpal, Inc."},"image":{"@id":"https:\/\/talkpal.ai\/pt-pt\/#\/schema\/logo\/image\/"},"sameAs":["https:\/\/www.facebook.com\/profile.php?id=100090733639311","https:\/\/x.com\/talkpalai","https:\/\/www.linkedin.com\/company\/talkpal\/","https:\/\/www.youtube.com\/@TalkPal\/","https:\/\/www.tiktok.com\/@talkpal","https:\/\/www.instagram.com\/talkpal_ai\/","https:\/\/www.crunchbase.com\/organization\/talkpal-9cde","https:\/\/www.g2.com\/products\/talkpal-for-business\/","https:\/\/www.trustpilot.com\/review\/talkpal.ai","https:\/\/www.capterra.com\/p\/10006800\/TalkPal\/"],"description":"Talkpal is a language learning web and mobile education app, powered by the latest AI technologies, that provides engaging experiences to its customers in many different languages to help them improve their language skills. Users can chat about unlimited amount of topics with the app and use other modes to practice their language learning.","email":"support@talkpal.ai","legalName":"Talkpal, Inc.","foundingDate":"2023-04-03","duns":"118989042","numberOfEmployees":{"@type":"QuantitativeValue","minValue":"11","maxValue":"50"},"publishingPrinciples":"https:\/\/talkpal.ai\/publishing-principles\/","actionableFeedbackPolicy":"https:\/\/talkpal.ai\/actionable-feedback-policy\/","correctionsPolicy":"https:\/\/talkpal.ai\/corrections-policy\/","ethicsPolicy":"https:\/\/talkpal.ai\/ethics-policy\/","diversityPolicy":"https:\/\/talkpal.ai\/diversity-policy\/","diversityStaffingReport":"https:\/\/talkpal.ai\/diversity-policy\/"}]}},"_links":{"self":[{"href":"https:\/\/talkpal.ai\/pt-pt\/wp-json\/wp\/v2\/pages\/143247","targetHints":{"allow":["GET"]}}],"collection":[{"href":"https:\/\/talkpal.ai\/pt-pt\/wp-json\/wp\/v2\/pages"}],"about":[{"href":"https:\/\/talkpal.ai\/pt-pt\/wp-json\/wp\/v2\/types\/page"}],"author":[{"embeddable":true,"href":"https:\/\/talkpal.ai\/pt-pt\/wp-json\/wp\/v2\/users\/1"}],"replies":[{"embeddable":true,"href":"https:\/\/talkpal.ai\/pt-pt\/wp-json\/wp\/v2\/comments?post=143247"}],"version-history":[{"count":0,"href":"https:\/\/talkpal.ai\/pt-pt\/wp-json\/wp\/v2\/pages\/143247\/revisions"}],"wp:featuredmedia":[{"embeddable":true,"href":"https:\/\/talkpal.ai\/pt-pt\/wp-json\/wp\/v2\/media\/28274"}],"wp:attachment":[{"href":"https:\/\/talkpal.ai\/pt-pt\/wp-json\/wp\/v2\/media?parent=143247"}],"curies":[{"name":"wp","href":"https:\/\/api.w.org\/{rel}","templated":true}]}}