{"id":142319,"date":"2023-05-14T14:01:16","date_gmt":"2023-05-14T14:01:16","guid":{"rendered":"http:\/\/talkpal.ai\/gramatica-croata\/"},"modified":"2025-12-11T16:39:59","modified_gmt":"2025-12-11T16:39:59","slug":"gramatica-croata","status":"publish","type":"page","link":"https:\/\/talkpal.ai\/pt-pt\/gramatica-croata\/","title":{"rendered":"Gram\u00e1tica croata"},"content":{"rendered":"\r\n\r\n\r\n<section class=\"languageChallengeSection\">\r\n    <div class=\"languageInfoWrapper\">\r\n        \r\n        <h1>Gram\u00e1tica croata<\/h1>\r\n        <p>Descobre a estrutura fascinante do <a href=\"https:\/\/talkpal.ai\/learn-croatian\/\">croata<\/a> aprendendo as suas regras gramaticais essenciais. Dominar a <a href=\"https:\/\/talkpal.ai\/es\/gramatica-croata\/\">gram\u00e1tica croata<\/a> abrir-te-\u00e1 novas oportunidades de comunica\u00e7\u00e3o e ajudar-te-\u00e1 a conhecer melhor a cultura e o patrim\u00f3nio do pa\u00eds. Come\u00e7a hoje a aprender <a href=\"https:\/\/talkpal.ai\/es\/gramatica-croata\/\">gram\u00e1tica croata<\/a> e d\u00e1 o teu primeiro passo em dire\u00e7\u00e3o \u00e0 flu\u00eancia!<\/p>\r\n\r\n                            <a class=\"getStartedHidden\" href=\"https:\/\/app.talkpal.ai\/pt-pt\/signup?lng=\">Come\u00e7a<\/a>\r\n        \r\n    <\/div>\r\n\r\n    <figure>\r\n    <img decoding=\"async\" width=\"768\" height=\"768\" src=\"https:\/\/talkpal.ai\/wp-content\/uploads\/2023\/06\/croatian-768x768.png\" class=\"languageImage no-lazy\" alt=\"Default alt text\" fetchpriority=\"high\" sizes=\"(max-width: 768px) 150px, 768px\" srcset=\"https:\/\/talkpal.ai\/wp-content\/uploads\/2023\/06\/croatian-768x768.png 768w, https:\/\/talkpal.ai\/wp-content\/uploads\/2023\/06\/croatian-300x300.png 300w\" \/>\r\n    \r\n\r\n    <\/figure>\r\n\r\n            <a class=\"getStartedVisible\" href=\"https:\/\/app.talkpal.ai\/pt-pt\/signup?lng=\">Come\u00e7a<\/a>\r\n    \r\n<\/section>\r\n        <section class=\"grammarSection\">\r\n            <div class=\"grammarLinks\">\r\n                <a href=\"https:\/\/talkpal.ai\/pt-pt\/language\/adjetivos-gramatica-croata-pt-pt\/\">Adjetivos <\/a><a href=\"https:\/\/talkpal.ai\/pt-pt\/language\/adverbios-gramatica-croata-pt-pt\/\">Adv\u00e9rbios <\/a><a href=\"https:\/\/talkpal.ai\/pt-pt\/language\/artigos-gramatica-croata\/\">Artigos <\/a><a href=\"https:\/\/talkpal.ai\/pt-pt\/language\/comparacao-de-tempos-gramatica-croata\/\">Compara\u00e7\u00e3o de tempos <\/a><a href=\"https:\/\/talkpal.ai\/pt-pt\/language\/condicionais-gramatica-croata\/\">Condicionais <\/a><a href=\"https:\/\/talkpal.ai\/pt-pt\/language\/frases-gramatica-croata\/\">Frases <\/a><a href=\"https:\/\/talkpal.ai\/pt-pt\/language\/perfect-progressive-gramatica-croata\/\">Perfect Progressive <\/a><a href=\"https:\/\/talkpal.ai\/pt-pt\/language\/preposicoes-gramatica-croata\/\">Preposi\u00e7\u00f5es <\/a><a href=\"https:\/\/talkpal.ai\/pt-pt\/language\/progressivo-gramatica-croata\/\">Progressivo <\/a><a href=\"https:\/\/talkpal.ai\/pt-pt\/language\/pronomes-determinantes-gramatica-croata\/\">Pronomes\/Determinantes <\/a><a href=\"https:\/\/talkpal.ai\/pt-pt\/language\/substantivos-gramatica-croata\/\">Substantivos <\/a><a href=\"https:\/\/talkpal.ai\/pt-pt\/language\/tempos-gramatica-croata\/\">Tempos <\/a><a href=\"https:\/\/talkpal.ai\/pt-pt\/language\/verbos-gramatica-croata-pt-pt\/\">Verbos <\/a>            <\/div>\r\n        <\/section>\r\n    <section class=\"promotionalBanner\">\r\n    <p class=\"promotionalText\">A maneira mais eficiente de aprender um idioma<\/p>\r\n    <a class=\"promotionalLink\" href=\"https:\/\/app.talkpal.ai\/pt-pt\/signup?lng=\">Experimente o Talkpal gratuitamente<\/a>\r\n<\/section>\n<div class=\"wp-block-group pageContainerStyle\"><div class=\"wp-block-group__inner-container is-layout-constrained wp-block-group-is-layout-constrained\">\n<h2 class=\"wp-block-heading\" id=\"h-a-journey-through-croatian-grammar-unraveling-the-complexities-made-easy\">Uma viagem pela gram\u00e1tica croata: desvendando as complexidades facilitadas<\/h2>\n\n\n\n<p>Gram\u00e1tica croata: sedutora e intimidadora, simples e intrincada, misteriosa e fascinante. Ao embarcar na jornada de aprendizado da l\u00edngua croata, voc\u00ea pode se sentir sobrecarregado pelo pensamento de compreender seus meandros gramaticais. Mas n\u00e3o tenha medo, intr\u00e9pido linguista, pois estamos aqui para gui\u00e1-lo a cada passo do caminho!<\/p>\n\n\n\n<p>Neste artigo, vamos fornecer uma compreens\u00e3o b\u00e1sica dos conceitos da gram\u00e1tica croata e fornecer dicas e truques para dominar esta bela l\u00edngua eslava. Sente-se, relaxe e simplifiquemos este assunto aparentemente complicado!<\/p>\n\n\n\n<h3 class=\"wp-block-heading\" id=\"h-1-heavenly-nouns-declining-in-style\">1. Substantivos Celestiais: Declinando no Estilo<\/h3>\n\n\n\n<p>Se est\u00e1s familiarizado com l\u00ednguas <a href=\"https:\/\/talkpal.ai\/locations\/language-courses-in-como\/\">como<\/a> o latim ou o <a href=\"https:\/\/talkpal.ai\/learn-german\/\">alem\u00e3o<\/a>, ent\u00e3o o conceito de declina\u00e7\u00e3o de substantivos n\u00e3o \u00e9 <a href=\"https:\/\/talkpal.ai\/talkpal-new-years-discount\/\">novo<\/a> para ti. A gram\u00e1tica croata \u00e9 constru\u00edda sobre uma base de declina\u00e7\u00e3o, com um total de sete casos. Sim, voc\u00ea ouviu isso direito! Cada substantivo em croata pode ter at\u00e9 sete formas diferentes, dependendo de seu papel na frase. Mas por que a confus\u00e3o, voc\u00ea pergunta? Bem, reduz a necessidade de preposi\u00e7\u00f5es, tornando a linguagem mais precisa.  <\/p>\n\n\n\n<p>Aqui est\u00e1 um r\u00e1pido resumo dos casos:<\/p>\n\n\n\n<p><strong>&#8211; Nominativo:<\/strong> O sujeito de uma frase<\/p>\n\n\n\n<p><strong>&#8211; Genitivo:<\/strong> Indica posse ou origem<\/p>\n\n\n\n<p><strong>&#8211; Dativo:<\/strong> O objeto indireto ou destino<\/p>\n\n\n\n<p><strong>&#8211; Acusativo:<\/strong> O objeto direto ou objetivo<\/p>\n\n\n\n<p><strong>&#8211; Vocativo:<\/strong> <a href=\"https:\/\/talkpal.ai\/locations\/learn-english-in-usa\/\">Usa<\/a> para se dirigir ou chamar algu\u00e9m<\/p>\n\n\n\n<p><strong>&#8211; Locativo:<\/strong> Indica a localiza\u00e7\u00e3o<\/p>\n\n\n\n<p><strong>&#8211; Instrumental:<\/strong> Descreve o meio, a forma ou o acompanhamento<\/p>\n\n\n\n<p>Agora, antes de come\u00e7ar a entrar em p\u00e2nico, lembre-se de que a pr\u00e1tica leva \u00e0 perfei\u00e7\u00e3o. A exposi\u00e7\u00e3o regular e o uso da l\u00edngua ir\u00e3o ajud\u00e1-lo a dominar gradualmente essas declina\u00e7\u00f5es e se tornar um g\u00eanio da gram\u00e1tica croata!<\/p>\n\n\n\n<h3 class=\"wp-block-heading\" id=\"h-2-adorable-adjectives-agreements-galore\">2. Adjetivos ador\u00e1veis: Acordos Galore<\/h3>\n\n\n\n<p>No mundo da gram\u00e1tica croata, os adjetivos gostam de ser agrad\u00e1veis. Eles mudam de acordo com o g\u00eanero, n\u00famero e caso do substantivo que modificam. Isto significa que ter\u00e1s de ajustar a forma do adjetivo dependendo se o substantivo \u00e9 masculino, feminino ou neutro, bem como se \u00e9 singular ou plural.<\/p>\n\n\n\n<p>Lutando com o acordo? Aqui vai uma pequena dica: concentra-te em aprender a raiz de um adjetivo, e o resto vai-se encaixar. Por exemplo, a raiz do adjetivo para \u201cbelo\u201d \u00e9 \u201clijep-\u201d, e podes criar formas como \u201clijepa\u201d (feminino, nominativo) ou \u201clijepim\u201d (masculino\/neutro, instrumental) usando v\u00e1rias termina\u00e7\u00f5es.<\/p>\n\n\n\n<h3 class=\"wp-block-heading\" id=\"h-3-vibrant-verbs-conjugating-to-perfection\">3. Verbos Vibrantes: Conjugando \u00e0 Perfei\u00e7\u00e3o<\/h3>\n\n\n\n<p>Voc\u00ea est\u00e1 come\u00e7ando a ver um padr\u00e3o aqui? Assim como substantivos e adjetivos, os verbos croatas tamb\u00e9m s\u00e3o cheios de varia\u00e7\u00f5es. Nessa l\u00edngua, os verbos sofrem conjuga\u00e7\u00e3o baseada no tempo, no humor, no aspecto, na pessoa e no n\u00famero.<\/p>\n\n\n\n<p>H\u00e1 tr\u00eas tempos principais em croata: passado, <a href=\"https:\/\/talkpal.ai\/zh-hans\/grammar_exercises\/presente-%e8%a5%bf%e7%8f%ad%e7%89%99%e8%af%ad%e6%b3%95%e7%bb%83%e4%b9%a0\/\">presente<\/a> e futuro. Embora o tempo presente possa parecer relativamente f\u00e1cil de entender, o passado e o futuro podem ser intrincados. Mas n\u00e3o se preocupe! A pr\u00e1tica e a exposi\u00e7\u00e3o ao idioma ir\u00e3o ajud\u00e1-lo a superar esses obst\u00e1culos em pouco tempo.<\/p>\n\n\n\n<h3 class=\"wp-block-heading\" id=\"h-4-prepositions-cases-dynamic-duo\">4. Preposi\u00e7\u00f5es + Cases = Dupla Din\u00e2mica!<\/h3>\n\n\n\n<p>As preposi\u00e7\u00f5es croatas podem ser um pouco complicadas, pois est\u00e3o intimamente ligadas aos casos substantivos. Por exemplo, a preposi\u00e7\u00e3o \u201cu\u201d (in, into) \u00e9 usada com o caso acusativo se denotar movimento ou dire\u00e7\u00e3o, mas se retratar localiza\u00e7\u00e3o, ent\u00e3o trabalha com o caso locativo.<\/p>\n\n\n\n<p>Para evitar confus\u00e3o, associe uma preposi\u00e7\u00e3o ao caso que ela exige. Por exemplo, lembra-te de \u201cu + locativo = em\u201d e \u201cu + acusativo = em\u201d.<\/p>\n\n\n\n<h3 class=\"wp-block-heading\" id=\"h-5-tame-the-complexities-practice-makes-perfect\">5. Domar as complexidades: a pr\u00e1tica faz a perfei\u00e7\u00e3o<\/h3>\n\n\n\n<p>\u00c0 primeira vista, a gram\u00e1tica croata pode parecer um labirinto, mas tenha em mente que a pr\u00e1tica \u00e9 o ingrediente secreto para o sucesso. Mergulhe no idioma lendo, escrevendo, ouvindo e conversando. Transforme desafios em triunfos, permitindo que seu c\u00e9rebro absorva e se adapte ao novo ambiente lingu\u00edstico.<\/p>\n\n\n\n<p>Agora que j\u00e1 mergulhaste os p\u00e9s nas \u00e1guas encantadoras da gram\u00e1tica croata, est\u00e1s pronto para mergulhar mais fundo? Abrace as complexidades, saboreie as nuances e lembre-se de que, com persist\u00eancia e paix\u00e3o, voc\u00ea pode desbloquear a verdadeira beleza da l\u00edngua croata. Sretno! (Boa sorte!)<\/p>\n<\/div><\/div>\n\r\n<section class=\"learnNavigationSection\">\r\n            \r\n        <a href=\"https:\/\/talkpal.ai\/pt-pt\/aprender-croata\/\">\r\n            <div class=\"learnNavigationWrapper\">\r\n                <div class=\"learnNavigationContent\">\r\n                    <img decoding=\"async\" src=\"https:\/\/talkpal.ai\/wp-content\/uploads\/2024\/08\/Croatian.jpg\" alt=\"Croatian Flag\">\r\n                    <div>\r\n                        <h4>Sobre a aprendizagem do croata<\/h4>\r\n                        <p>Descobre tudo sobre a gram\u00e1tica croata.<\/p>\r\n                    <\/div>\r\n                <\/div>\r\n            <\/div>\r\n        <\/a>\r\n\r\n        \r\n        <a href=\"https:\/\/talkpal.ai\/pt-pt\/exercicios-de-gramatica-croata\/\">\r\n            <div class=\"learnNavigationWrapper\">\r\n                <div class=\"learnNavigationContent\">\r\n                    <img decoding=\"async\" src=\"https:\/\/talkpal.ai\/wp-content\/uploads\/2024\/08\/Croatian.jpg\" alt=\"Croatian Flag\">\r\n                    <div>\r\n                        <h4>Exerc\u00edcio de gram\u00e1tica croata<\/h4>\r\n                        <p>Pratica a gram\u00e1tica croata.<\/p>\r\n                    <\/div>\r\n                <\/div>\r\n            <\/div>\r\n        <\/a>\r\n\r\n        \r\n        <a href=\"https:\/\/talkpal.ai\/vocabulary_language\/croatian\/\">\r\n            <div class=\"learnNavigationWrapper\">\r\n                <div class=\"learnNavigationContent\">\r\n                    <img decoding=\"async\" src=\"https:\/\/talkpal.ai\/wp-content\/uploads\/2024\/08\/Croatian.jpg\" alt=\"Croatian Flag\">\r\n                    <div>\r\n                        <h4>Vocabul\u00e1rio croata<\/h4>\r\n                        <p>Amplia o teu vocabul\u00e1rio croata.<\/p>\r\n                    <\/div>\r\n                <\/div>\r\n            <\/div>\r\n        <\/a>\r\n\r\n            <\/section>","protected":false},"excerpt":{"rendered":"<p>Uma viagem pela gram\u00e1tica croata: desvendando as complexidades facilitadas Gram\u00e1tica croata: sedutora e intimidadora, simples e intrincada, misteriosa e fascinante. Ao embarcar na jornada de aprendizado da l\u00edngua croata, voc\u00ea pode se sentir sobrecarregado pelo pensamento de compreender seus meandros gramaticais. Mas n\u00e3o tenha medo, intr\u00e9pido linguista, pois estamos aqui para gui\u00e1-lo a cada passo [&hellip;]<\/p>\n","protected":false},"author":1,"featured_media":28258,"parent":0,"menu_order":0,"comment_status":"closed","ping_status":"closed","template":"LearningContentPage.php","meta":{"_acf_changed":false,"footnotes":""},"class_list":["post-142319","page","type-page","status-publish","has-post-thumbnail","hentry"],"acf":[],"yoast_head":"<!-- This site is optimized with the Yoast SEO Premium plugin v27.2 (Yoast SEO v27.2) - https:\/\/yoast.com\/product\/yoast-seo-premium-wordpress\/ -->\n<title>Gram\u00e1tica croata - Talkpal<\/title>\n<meta name=\"description\" content=\"Explora a gram\u00e1tica croata e melhora a tua compreens\u00e3o da l\u00edngua com dicas e recursos essenciais.\" \/>\n<meta name=\"robots\" content=\"index, follow, max-snippet:-1, max-image-preview:large, max-video-preview:-1\" \/>\n<link rel=\"canonical\" href=\"https:\/\/talkpal.ai\/pt-pt\/gramatica-croata\/\" \/>\n<meta property=\"og:locale\" content=\"pt_PT\" \/>\n<meta property=\"og:type\" content=\"article\" \/>\n<meta property=\"og:title\" content=\"Gram\u00e1tica croata\" \/>\n<meta property=\"og:description\" content=\"Uma viagem pela gram\u00e1tica croata: desvendando as complexidades facilitadas Gram\u00e1tica croata: sedutora e intimidadora, simples e intrincada, misteriosa e\" \/>\n<meta property=\"og:url\" content=\"https:\/\/talkpal.ai\/pt-pt\/gramatica-croata\/\" \/>\n<meta property=\"og:site_name\" content=\"Talkpal\" \/>\n<meta property=\"article:publisher\" content=\"https:\/\/www.facebook.com\/profile.php?id=100090733639311\" \/>\n<meta property=\"article:modified_time\" content=\"2025-12-11T16:39:59+00:00\" \/>\n<meta property=\"og:image\" content=\"https:\/\/talkpal.ai\/wp-content\/uploads\/2023\/05\/croatia.png\" \/>\n\t<meta property=\"og:image:width\" content=\"512\" \/>\n\t<meta property=\"og:image:height\" content=\"512\" \/>\n\t<meta property=\"og:image:type\" content=\"image\/png\" \/>\n<meta name=\"twitter:card\" content=\"summary_large_image\" \/>\n<meta name=\"twitter:site\" content=\"@talkpalai\" \/>\n<meta name=\"twitter:label1\" content=\"Tempo estimado de leitura\" \/>\n\t<meta name=\"twitter:data1\" content=\"4 minutos\" \/>\n<script type=\"application\/ld+json\" class=\"yoast-schema-graph\">{\"@context\":\"https:\/\/schema.org\",\"@graph\":[{\"@type\":\"WebPage\",\"@id\":\"https:\/\/talkpal.ai\/pt-pt\/gramatica-croata\/\",\"url\":\"https:\/\/talkpal.ai\/pt-pt\/gramatica-croata\/\",\"name\":\"Gram\u00e1tica croata - Talkpal\",\"isPartOf\":{\"@id\":\"https:\/\/talkpal.ai\/pt-pt\/#website\"},\"primaryImageOfPage\":{\"@id\":\"https:\/\/talkpal.ai\/pt-pt\/gramatica-croata\/#primaryimage\"},\"image\":{\"@id\":\"https:\/\/talkpal.ai\/pt-pt\/gramatica-croata\/#primaryimage\"},\"thumbnailUrl\":\"https:\/\/talkpal.ai\/wp-content\/uploads\/2023\/05\/croatia.png\",\"datePublished\":\"2023-05-14T14:01:16+00:00\",\"dateModified\":\"2025-12-11T16:39:59+00:00\",\"description\":\"Explora a gram\u00e1tica croata e melhora a tua compreens\u00e3o da l\u00edngua com dicas e recursos essenciais.\",\"breadcrumb\":{\"@id\":\"https:\/\/talkpal.ai\/pt-pt\/gramatica-croata\/#breadcrumb\"},\"inLanguage\":\"pt-PT\",\"potentialAction\":[{\"@type\":\"ReadAction\",\"target\":[\"https:\/\/talkpal.ai\/pt-pt\/gramatica-croata\/\"]}]},{\"@type\":\"ImageObject\",\"inLanguage\":\"pt-PT\",\"@id\":\"https:\/\/talkpal.ai\/pt-pt\/gramatica-croata\/#primaryimage\",\"url\":\"https:\/\/talkpal.ai\/wp-content\/uploads\/2023\/05\/croatia.png\",\"contentUrl\":\"https:\/\/talkpal.ai\/wp-content\/uploads\/2023\/05\/croatia.png\",\"width\":512,\"height\":512},{\"@type\":\"BreadcrumbList\",\"@id\":\"https:\/\/talkpal.ai\/pt-pt\/gramatica-croata\/#breadcrumb\",\"itemListElement\":[{\"@type\":\"ListItem\",\"position\":1,\"name\":\"Homepage\",\"item\":\"https:\/\/talkpal.ai\/pt-pt\/\"},{\"@type\":\"ListItem\",\"position\":2,\"name\":\"Gram\u00e1tica croata\"}]},{\"@type\":\"WebSite\",\"@id\":\"https:\/\/talkpal.ai\/pt-pt\/#website\",\"url\":\"https:\/\/talkpal.ai\/pt-pt\/\",\"name\":\"Talkpal\",\"description\":\"AI Language Learning\",\"publisher\":{\"@id\":\"https:\/\/talkpal.ai\/pt-pt\/#organization\"},\"alternateName\":\"Talkpal AI\",\"potentialAction\":[{\"@type\":\"SearchAction\",\"target\":{\"@type\":\"EntryPoint\",\"urlTemplate\":\"https:\/\/talkpal.ai\/pt-pt\/?s={search_term_string}\"},\"query-input\":{\"@type\":\"PropertyValueSpecification\",\"valueRequired\":true,\"valueName\":\"search_term_string\"}}],\"inLanguage\":\"pt-PT\"},{\"@type\":\"Organization\",\"@id\":\"https:\/\/talkpal.ai\/pt-pt\/#organization\",\"name\":\"Talkpal, Inc.\",\"alternateName\":\"Talkpal AI\",\"url\":\"https:\/\/talkpal.ai\/pt-pt\/\",\"logo\":{\"@type\":\"ImageObject\",\"inLanguage\":\"pt-PT\",\"@id\":\"https:\/\/talkpal.ai\/pt-pt\/#\/schema\/logo\/image\/\",\"url\":\"https:\/\/talkpal.ai\/wp-content\/uploads\/2024\/03\/Talkpal-Logo-Icon.png\",\"contentUrl\":\"https:\/\/talkpal.ai\/wp-content\/uploads\/2024\/03\/Talkpal-Logo-Icon.png\",\"width\":2880,\"height\":2880,\"caption\":\"Talkpal, Inc.\"},\"image\":{\"@id\":\"https:\/\/talkpal.ai\/pt-pt\/#\/schema\/logo\/image\/\"},\"sameAs\":[\"https:\/\/www.facebook.com\/profile.php?id=100090733639311\",\"https:\/\/x.com\/talkpalai\",\"https:\/\/www.linkedin.com\/company\/talkpal\/\",\"https:\/\/www.youtube.com\/@TalkPal\/\",\"https:\/\/www.tiktok.com\/@talkpal\",\"https:\/\/www.instagram.com\/talkpal_ai\/\",\"https:\/\/www.crunchbase.com\/organization\/talkpal-9cde\",\"https:\/\/www.g2.com\/products\/talkpal-for-business\/\",\"https:\/\/www.trustpilot.com\/review\/talkpal.ai\",\"https:\/\/www.capterra.com\/p\/10006800\/TalkPal\/\"],\"description\":\"Talkpal is a language learning web and mobile education app, powered by the latest AI technologies, that provides engaging experiences to its customers in many different languages to help them improve their language skills. Users can chat about unlimited amount of topics with the app and use other modes to practice their language learning.\",\"email\":\"support@talkpal.ai\",\"legalName\":\"Talkpal, Inc.\",\"foundingDate\":\"2023-04-03\",\"duns\":\"118989042\",\"numberOfEmployees\":{\"@type\":\"QuantitativeValue\",\"minValue\":\"11\",\"maxValue\":\"50\"},\"publishingPrinciples\":\"https:\/\/talkpal.ai\/publishing-principles\/\",\"actionableFeedbackPolicy\":\"https:\/\/talkpal.ai\/actionable-feedback-policy\/\",\"correctionsPolicy\":\"https:\/\/talkpal.ai\/corrections-policy\/\",\"ethicsPolicy\":\"https:\/\/talkpal.ai\/ethics-policy\/\",\"diversityPolicy\":\"https:\/\/talkpal.ai\/diversity-policy\/\",\"diversityStaffingReport\":\"https:\/\/talkpal.ai\/diversity-policy\/\"}]}<\/script>\n<!-- \/ Yoast SEO Premium plugin. -->","yoast_head_json":{"title":"Gram\u00e1tica croata - Talkpal","description":"Explora a gram\u00e1tica croata e melhora a tua compreens\u00e3o da l\u00edngua com dicas e recursos essenciais.","robots":{"index":"index","follow":"follow","max-snippet":"max-snippet:-1","max-image-preview":"max-image-preview:large","max-video-preview":"max-video-preview:-1"},"canonical":"https:\/\/talkpal.ai\/pt-pt\/gramatica-croata\/","og_locale":"pt_PT","og_type":"article","og_title":"Gram\u00e1tica croata","og_description":"Uma viagem pela gram\u00e1tica croata: desvendando as complexidades facilitadas Gram\u00e1tica croata: sedutora e intimidadora, simples e intrincada, misteriosa e","og_url":"https:\/\/talkpal.ai\/pt-pt\/gramatica-croata\/","og_site_name":"Talkpal","article_publisher":"https:\/\/www.facebook.com\/profile.php?id=100090733639311","article_modified_time":"2025-12-11T16:39:59+00:00","og_image":[{"width":512,"height":512,"url":"https:\/\/talkpal.ai\/wp-content\/uploads\/2023\/05\/croatia.png","type":"image\/png"}],"twitter_card":"summary_large_image","twitter_site":"@talkpalai","twitter_misc":{"Tempo estimado de leitura":"4 minutos"},"schema":{"@context":"https:\/\/schema.org","@graph":[{"@type":"WebPage","@id":"https:\/\/talkpal.ai\/pt-pt\/gramatica-croata\/","url":"https:\/\/talkpal.ai\/pt-pt\/gramatica-croata\/","name":"Gram\u00e1tica croata - Talkpal","isPartOf":{"@id":"https:\/\/talkpal.ai\/pt-pt\/#website"},"primaryImageOfPage":{"@id":"https:\/\/talkpal.ai\/pt-pt\/gramatica-croata\/#primaryimage"},"image":{"@id":"https:\/\/talkpal.ai\/pt-pt\/gramatica-croata\/#primaryimage"},"thumbnailUrl":"https:\/\/talkpal.ai\/wp-content\/uploads\/2023\/05\/croatia.png","datePublished":"2023-05-14T14:01:16+00:00","dateModified":"2025-12-11T16:39:59+00:00","description":"Explora a gram\u00e1tica croata e melhora a tua compreens\u00e3o da l\u00edngua com dicas e recursos essenciais.","breadcrumb":{"@id":"https:\/\/talkpal.ai\/pt-pt\/gramatica-croata\/#breadcrumb"},"inLanguage":"pt-PT","potentialAction":[{"@type":"ReadAction","target":["https:\/\/talkpal.ai\/pt-pt\/gramatica-croata\/"]}]},{"@type":"ImageObject","inLanguage":"pt-PT","@id":"https:\/\/talkpal.ai\/pt-pt\/gramatica-croata\/#primaryimage","url":"https:\/\/talkpal.ai\/wp-content\/uploads\/2023\/05\/croatia.png","contentUrl":"https:\/\/talkpal.ai\/wp-content\/uploads\/2023\/05\/croatia.png","width":512,"height":512},{"@type":"BreadcrumbList","@id":"https:\/\/talkpal.ai\/pt-pt\/gramatica-croata\/#breadcrumb","itemListElement":[{"@type":"ListItem","position":1,"name":"Homepage","item":"https:\/\/talkpal.ai\/pt-pt\/"},{"@type":"ListItem","position":2,"name":"Gram\u00e1tica croata"}]},{"@type":"WebSite","@id":"https:\/\/talkpal.ai\/pt-pt\/#website","url":"https:\/\/talkpal.ai\/pt-pt\/","name":"Talkpal","description":"AI Language Learning","publisher":{"@id":"https:\/\/talkpal.ai\/pt-pt\/#organization"},"alternateName":"Talkpal AI","potentialAction":[{"@type":"SearchAction","target":{"@type":"EntryPoint","urlTemplate":"https:\/\/talkpal.ai\/pt-pt\/?s={search_term_string}"},"query-input":{"@type":"PropertyValueSpecification","valueRequired":true,"valueName":"search_term_string"}}],"inLanguage":"pt-PT"},{"@type":"Organization","@id":"https:\/\/talkpal.ai\/pt-pt\/#organization","name":"Talkpal, Inc.","alternateName":"Talkpal AI","url":"https:\/\/talkpal.ai\/pt-pt\/","logo":{"@type":"ImageObject","inLanguage":"pt-PT","@id":"https:\/\/talkpal.ai\/pt-pt\/#\/schema\/logo\/image\/","url":"https:\/\/talkpal.ai\/wp-content\/uploads\/2024\/03\/Talkpal-Logo-Icon.png","contentUrl":"https:\/\/talkpal.ai\/wp-content\/uploads\/2024\/03\/Talkpal-Logo-Icon.png","width":2880,"height":2880,"caption":"Talkpal, Inc."},"image":{"@id":"https:\/\/talkpal.ai\/pt-pt\/#\/schema\/logo\/image\/"},"sameAs":["https:\/\/www.facebook.com\/profile.php?id=100090733639311","https:\/\/x.com\/talkpalai","https:\/\/www.linkedin.com\/company\/talkpal\/","https:\/\/www.youtube.com\/@TalkPal\/","https:\/\/www.tiktok.com\/@talkpal","https:\/\/www.instagram.com\/talkpal_ai\/","https:\/\/www.crunchbase.com\/organization\/talkpal-9cde","https:\/\/www.g2.com\/products\/talkpal-for-business\/","https:\/\/www.trustpilot.com\/review\/talkpal.ai","https:\/\/www.capterra.com\/p\/10006800\/TalkPal\/"],"description":"Talkpal is a language learning web and mobile education app, powered by the latest AI technologies, that provides engaging experiences to its customers in many different languages to help them improve their language skills. Users can chat about unlimited amount of topics with the app and use other modes to practice their language learning.","email":"support@talkpal.ai","legalName":"Talkpal, Inc.","foundingDate":"2023-04-03","duns":"118989042","numberOfEmployees":{"@type":"QuantitativeValue","minValue":"11","maxValue":"50"},"publishingPrinciples":"https:\/\/talkpal.ai\/publishing-principles\/","actionableFeedbackPolicy":"https:\/\/talkpal.ai\/actionable-feedback-policy\/","correctionsPolicy":"https:\/\/talkpal.ai\/corrections-policy\/","ethicsPolicy":"https:\/\/talkpal.ai\/ethics-policy\/","diversityPolicy":"https:\/\/talkpal.ai\/diversity-policy\/","diversityStaffingReport":"https:\/\/talkpal.ai\/diversity-policy\/"}]}},"_links":{"self":[{"href":"https:\/\/talkpal.ai\/pt-pt\/wp-json\/wp\/v2\/pages\/142319","targetHints":{"allow":["GET"]}}],"collection":[{"href":"https:\/\/talkpal.ai\/pt-pt\/wp-json\/wp\/v2\/pages"}],"about":[{"href":"https:\/\/talkpal.ai\/pt-pt\/wp-json\/wp\/v2\/types\/page"}],"author":[{"embeddable":true,"href":"https:\/\/talkpal.ai\/pt-pt\/wp-json\/wp\/v2\/users\/1"}],"replies":[{"embeddable":true,"href":"https:\/\/talkpal.ai\/pt-pt\/wp-json\/wp\/v2\/comments?post=142319"}],"version-history":[{"count":0,"href":"https:\/\/talkpal.ai\/pt-pt\/wp-json\/wp\/v2\/pages\/142319\/revisions"}],"wp:featuredmedia":[{"embeddable":true,"href":"https:\/\/talkpal.ai\/pt-pt\/wp-json\/wp\/v2\/media\/28258"}],"wp:attachment":[{"href":"https:\/\/talkpal.ai\/pt-pt\/wp-json\/wp\/v2\/media?parent=142319"}],"curies":[{"name":"wp","href":"https:\/\/api.w.org\/{rel}","templated":true}]}}