{"id":141630,"date":"2023-05-14T14:00:39","date_gmt":"2023-05-14T14:00:39","guid":{"rendered":"http:\/\/talkpal.ai\/gramatica-bulgara\/"},"modified":"2025-05-22T14:35:59","modified_gmt":"2025-05-22T14:35:59","slug":"gramatica-bulgara","status":"publish","type":"page","link":"https:\/\/talkpal.ai\/pt-pt\/gramatica-bulgara\/","title":{"rendered":"Gram\u00e1tica b\u00falgara"},"content":{"rendered":"\r\n\r\n\r\n<section class=\"languageChallengeSection\">\r\n    <div class=\"languageInfoWrapper\">\r\n        \r\n        <h1>Gram\u00e1tica b\u00falgara<\/h1>\r\n        <p>Explora as carater\u00edsticas \u00fanicas da <a href=\"https:\/\/talkpal.ai\/bulgarian-grammar\/\">gram\u00e1tica b\u00falgara<\/a> e ganha as ferramentas para comunicar com confian\u00e7a nesta vibrante l\u00edngua eslava. Ao compreenderes as suas regras fundamentais, aumentar\u00e1s a tua capacidade de te relacionares com falantes nativos e aprofundar\u00e1s o rico patrim\u00f3nio da Bulg\u00e1ria. Come\u00e7a hoje a tua viagem pela <a href=\"https:\/\/talkpal.ai\/bulgarian-grammar\/\">gram\u00e1tica b\u00falgara<\/a> e d\u00e1 o teu primeiro passo para dominares a l\u00edngua!<\/p>\r\n\r\n                            <a class=\"getStartedHidden\" href=\"https:\/\/app.talkpal.ai\/pt-pt\/signup?lng=\">Come\u00e7a<\/a>\r\n        \r\n    <\/div>\r\n\r\n    <figure>\r\n    <img decoding=\"async\" width=\"768\" height=\"768\" src=\"https:\/\/talkpal.ai\/wp-content\/uploads\/2023\/06\/bulgarian-768x768.png\" class=\"languageImage no-lazy\" alt=\"Default alt text\" fetchpriority=\"high\" sizes=\"(max-width: 768px) 150px, 768px\" srcset=\"https:\/\/talkpal.ai\/wp-content\/uploads\/2023\/06\/bulgarian-768x768.png 768w, https:\/\/talkpal.ai\/wp-content\/uploads\/2023\/06\/bulgarian-300x300.png 300w\" \/>\r\n    \r\n\r\n    <\/figure>\r\n\r\n            <a class=\"getStartedVisible\" href=\"https:\/\/app.talkpal.ai\/pt-pt\/signup?lng=\">Come\u00e7a<\/a>\r\n    \r\n<\/section>\r\n        <section class=\"grammarSection\">\r\n            <div class=\"grammarLinks\">\r\n                <a href=\"https:\/\/talkpal.ai\/pt-pt\/language\/adjetivos-gramatica-bulgara-pt-pt\/\">Adjetivos <\/a><a href=\"https:\/\/talkpal.ai\/pt-pt\/language\/adverbios-gramatica-bulgara-pt-pt\/\">Adv\u00e9rbios <\/a><a href=\"https:\/\/talkpal.ai\/pt-pt\/language\/artigos-gramatica-bulgara\/\">Artigos <\/a><a href=\"https:\/\/talkpal.ai\/pt-pt\/language\/comparacao-de-tempos-gramatica-bulgara\/\">Compara\u00e7\u00e3o de tempos <\/a><a href=\"https:\/\/talkpal.ai\/pt-pt\/language\/condicionais-gramatica-bulgara\/\">Condicionais <\/a><a href=\"https:\/\/talkpal.ai\/pt-pt\/language\/frases-gramatica-bulgara\/\">Frases <\/a><a href=\"https:\/\/talkpal.ai\/pt-pt\/language\/preposicoes-gramatica-bulgara\/\">Preposi\u00e7\u00f5es <\/a><a href=\"https:\/\/talkpal.ai\/pt-pt\/language\/progressivo-gramatica-bulgara\/\">Progressivo <\/a><a href=\"https:\/\/talkpal.ai\/pt-pt\/language\/progressivo-perfeito-gramatica-bulgara\/\">Progressivo Perfeito <\/a><a href=\"https:\/\/talkpal.ai\/pt-pt\/language\/pronomes-determinantes-gramatica-bulgara\/\">Pronomes\/Determinantes <\/a><a href=\"https:\/\/talkpal.ai\/pt-pt\/language\/substantivos-gramatica-bulgara\/\">Substantivos <\/a><a href=\"https:\/\/talkpal.ai\/pt-pt\/language\/tempos-verbais-gramatica-bulgara\/\">Tempos Verbais <\/a><a href=\"https:\/\/talkpal.ai\/pt-pt\/language\/verbos-gramatica-bulgara-pt-pt\/\">Verbos <\/a>            <\/div>\r\n        <\/section>\r\n    <section class=\"promotionalBanner\">\r\n    <p class=\"promotionalText\">A maneira mais eficiente de aprender um idioma<\/p>\r\n    <a class=\"promotionalLink\" href=\"https:\/\/app.talkpal.ai\/pt-pt\/signup?lng=\">Experimente o Talkpal gratuitamente<\/a>\r\n<\/section>\n<div class=\"wp-block-group pageContainerStyle\"><div class=\"wp-block-group__inner-container is-layout-constrained wp-block-group-is-layout-constrained\">\n<h2 class=\"wp-block-heading\" id=\"h-the-ultimate-guide-to-bulgarian-grammar-navigating-the-intricacies-of-a-rich-language\">O Guia Definitivo da Gram\u00e1tica B\u00falgara: Navegando pelos Meandros de uma L\u00edngua Rica<\/h2>\n\n\n\n<p>A gram\u00e1tica b\u00falgara, <a href=\"https:\/\/talkpal.ai\/locations\/language-courses-in-como\/\">como<\/a> a pr\u00f3pria l\u00edngua, \u00e9 uma mistura fascinante de simplicidade, complexidade e rica hist\u00f3ria cultural. <a href=\"https:\/\/talkpal.ai\/locations\/language-courses-in-como\/\">Como<\/a> uma das l\u00ednguas eslavas mais antigas, o b\u00falgaro oferece emo\u00e7\u00f5es lingu\u00edsticas aos alunos e desafia at\u00e9 mesmo os falantes mais proficientes. Neste guia, vamos explorar os princ\u00edpios fundamentais da gram\u00e1tica b\u00falgara, desmistificar as suas complexidades e ajudar-te na tua jornada para dominares esta bela l\u00edngua. Vamos mergulhar!<\/p>\n\n\n\n<h2 class=\"wp-block-heading\" id=\"h-the-nuts-and-bolts-bulgarian-sentence-structure\">As porcas e parafusos: estrutura da senten\u00e7a b\u00falgara<\/h2>\n\n\n\n<p>Em sua ess\u00eancia, a gram\u00e1tica b\u00falgara \u00e9 bastante direta. A l\u00edngua segue a estrutura frasal Sujeito-Verbo-Objeto (SVO), semelhante ao <a href=\"https:\/\/talkpal.ai\/pt-pt\/locations\/aprenda-ingles-em-passos\/\">ingl\u00eas<\/a> e a muitos outros idiomas. Por exemplo, a frase \u201cEu como uma ma\u00e7\u00e3\u201d traduz-se por \u201c\u0410\u0437 \u044f\u043c \u044f\u0431\u044a\u043b\u043a\u0430\u201d (Az yam yabalka). Simples, n\u00e3o? No entanto, \u00e0 medida que formos aprofundando, descobrir\u00e1s que a gram\u00e1tica b\u00falgara est\u00e1 cheia de surpresas e carater\u00edsticas \u00fanicas.<\/p>\n\n\n\n<h3 class=\"wp-block-heading\" id=\"h-meet-the-family-bulgarian-nouns-and-their-genders\">Conhe\u00e7a a fam\u00edlia: substantivos b\u00falgaros e seus g\u00eaneros<\/h3>\n\n\n\n<p>Um dos aspectos mais desconcertantes da gram\u00e1tica b\u00falgara para falantes de ingl\u00eas \u00e9 a no\u00e7\u00e3o de <a href=\"https:\/\/talkpal.ai\/ar\/grammar_exercises\/genero-%d8%aa%d9%85%d8%a7%d8%b1%d9%8a%d9%86-%d9%84%d9%82%d9%88%d8%a7%d8%b9%d8%af-%d8%a7%d9%84%d9%84%d8%ba%d8%a9-%d8%a7%d9%84%d8%a5%d8%b3%d8%a8%d8%a7%d9%86%d9%8a%d8%a9\/\">g\u00eanero gramatical<\/a>. Em b\u00falgaro, cada substantivo \u00e9 atribu\u00eddo a um de tr\u00eas g\u00e9neros &#8211; masculino, feminino e neutro. \u00c9 essencial reconhecer o g\u00e9nero de um substantivo, uma vez que este influencia a forma dos adjectivos e pronomes e a conjuga\u00e7\u00e3o dos verbos que se seguem.<\/p>\n\n\n\n<p>Ent\u00e3o, como determinar o g\u00eanero de um substantivo? Geralmente, o que importa \u00e9 o final:<\/p>\n\n\n\n<p><strong>&#8211; Os substantivos masculinos terminam geralmente numa consoante.<\/strong><\/p>\n\n\n\n<p><strong>&#8211; Os substantivos femininos terminam normalmente em -\u0430 (-a) ou -\u044f (-ya).<\/strong><\/p>\n\n\n\n<p><strong>&#8211; Os substantivos neutros terminam frequentemente em -\u043e (-o) ou -\u0435 (-\u0435).<\/strong><\/p>\n\n\n\n<p>Por exemplo, \u201c\u043c\u044a\u0436\u201d (mazh) significa \u201chomem\u201d e \u00e9 masculino, \u201c\u0436\u0435\u043d\u0430\u201d (zhena) significa \u201cmulher\u201d e \u00e9 feminino, e \u201c\u0434\u0435\u0442\u0435\u201d (dete) significa \u201ccrian\u00e7a\u201d e \u00e9 neutro.<\/p>\n\n\n\n<p>Claro que h\u00e1 excep\u00e7\u00f5es, e \u00e9 por isso que \u00e9 essencial aprenderes os substantivos juntamente com os seus g\u00e9neros.<\/p>\n\n\n\n<h3 class=\"wp-block-heading\" id=\"h-playing-with-numbers-bulgarian-plurals\">Brincando com n\u00fameros: plurais b\u00falgaros<\/h3>\n\n\n\n<p>Depois de dominares o g\u00e9nero dos substantivos b\u00falgaros, est\u00e1 na altura de lidar com os plurais. Em geral, forma plurais adicionando termina\u00e7\u00f5es espec\u00edficas que correspondem ao g\u00e9nero do substantivo:<\/p>\n\n\n\n<p><strong>&#8211; Os substantivos masculinos mudam a \u00faltima consoante para -\u0438 (-i) ou acrescentam -\u043e\u0432\u0435 (-ove).<\/strong><\/p>\n\n\n\n<p><strong>&#8211; Os substantivos femininos substituem -\u0430 ou -\u044f por -\u0438 ou -\u0435.<\/strong><\/p>\n\n\n\n<p><strong>&#8211; Os substantivos neutros substituem -\u043e ou -\u0435 por -\u0430.<\/strong><\/p>\n\n\n\n<p>Por exemplo, \u201c\u0443\u0447\u0435\u043d\u0438\u043a\u201d (uchenik, masculino) torna-se \u201c\u0443\u0447\u0435\u043d\u0438\u0446\u0438\u201d (uchenici, <a href=\"https:\/\/talkpal.ai\/talkpal-discount-for-students\/\">estudantes<\/a>) e \u201c\u043a\u043d\u0438\u0433\u0430\u201d (kniga, feminino) torna-se \u201c\u043a\u043d\u0438\u0433\u0438\u201d (knigi, livros).<\/p>\n\n\n\n<p>Essa regra tem exce\u00e7\u00f5es, ent\u00e3o fique de olho nos plurais irregulares e expanda seu vocabul\u00e1rio de acordo.<\/p>\n\n\n\n<h3 class=\"wp-block-heading\" id=\"h-the-art-of-conjugation-bulgarian-verbs\">A Arte da Conjuga\u00e7\u00e3o: Verbos B\u00falgaros<\/h3>\n\n\n\n<p>Os verbos b\u00falgaros podem ser intimidantes devido ao seu grande n\u00famero de tempos, humores e conjuga\u00e7\u00f5es. No entanto, a chave para quebr\u00e1-los \u00e9 reconhecer padr\u00f5es e praticar regularmente.<\/p>\n\n\n\n<p>Em b\u00falgaro, os verbos s\u00e3o divididos em tr\u00eas grupos com base em sua termina\u00e7\u00e3o infinitiva, -\u0430 (-a), -\u0435 (-\u0435) ou -\u0438 (-i). Cada grupo tem suas regras espec\u00edficas de conjuga\u00e7\u00e3o. Por exemplo, pega no verbo \u201c\u043f\u0438\u0448\u0430\u201d (pisha, \u201cescrever\u201d):<\/p>\n\n\n\n<p><strong>Presente do indicativo: \u0410\u0437 \u043f\u0438\u0448\u0430 (Az pisha, \u201ceu escrevo\u201d)<\/strong><\/p>\n\n\n\n<p><strong>Passado: \u0410\u0437 \u043f\u0438\u0441\u0430\u0445 (Az pisah, \u201ceu escrevi\u201d)<\/strong><\/p>\n\n\n\n<p><strong>Tempo futuro: \u0410\u0437 \u0449\u0435 \u043f\u0438\u0448\u0430 (Az shte pisha, \u201ceu escreverei\u201d)<\/strong><\/p>\n\n\n\n<p>Como voc\u00ea pode ver, os finais mudam de acordo com o tempo. E isto nem sequer arranha a superf\u00edcie da conjuga\u00e7\u00e3o de verbos em b\u00falgaro! No entanto, n\u00e3o te deixes dominar por isso. Com pr\u00e1tica e paci\u00eancia, come\u00e7ar\u00e1s a reconhecer os padr\u00f5es e vencer\u00e1s este desafio.<\/p>\n\n\n\n<h3 class=\"wp-block-heading\" id=\"h-the-finishing-touches-bulgarian-adjectives-adverbs-and-more\">Os retoques finais: adjetivos, adv\u00e9rbios e muito mais b\u00falgaros<\/h3>\n\n\n\n<p>Quando se trata de adjetivos e adv\u00e9rbios b\u00falgaros, eles desempenham pap\u00e9is cruciais para adicionar profundidade e complexidade ao seu discurso. Os adjectivos devem concordar com os substantivos que modificam em termos de g\u00e9nero, e normalmente encontras 3 formas &#8211; masculino, feminino e neutro.<\/p>\n\n\n\n<p>Por exemplo, \u201c\u0434\u043e\u0431\u044a\u0440\u201d (dobur) significa \u201cbom\u201d e aparece como \u201c\u0434\u043e\u0431\u044a\u0440 \u043c\u044a\u0436\u201d (dobur mazh, \u201cbom homem\u201d), \u201c\u0434\u043e\u0431\u0440\u0430 \u0436\u0435\u043d\u0430\u201d (dobra zhena, \u201cboa mulher\u201d) e \u201c\u0434\u043e\u0431\u0440\u043e \u0434\u0435\u0442\u0435\u201d (dobro dete, \u201cboa crian\u00e7a\u201d). Os adv\u00e9rbios seguem padr\u00f5es semelhantes, muitas vezes derivados de adjetivos.<\/p>\n\n\n\n<p>Em conclus\u00e3o, as complexidades e peculiaridades da gram\u00e1tica b\u00falgara, embora complexas, conferem \u00e0 l\u00edngua a sua beleza e car\u00e1cter cativantes. Com uma combina\u00e7\u00e3o de persist\u00eancia, curiosidade e aplica\u00e7\u00e3o pr\u00e1tica, em breve navegar\u00e1s pela gram\u00e1tica b\u00falgara com facilidade e confian\u00e7a. Feliz aprendizado!<\/p>\n<\/div><\/div>\n\r\n<section class=\"learnNavigationSection\">\r\n            \r\n        <a href=\"https:\/\/talkpal.ai\/pt-pt\/aprender-bulgaro\/\">\r\n            <div class=\"learnNavigationWrapper\">\r\n                <div class=\"learnNavigationContent\">\r\n                    <img decoding=\"async\" src=\"https:\/\/talkpal.ai\/wp-content\/uploads\/2024\/08\/Bulgarian.jpg\" alt=\"Bulgarian Flag\">\r\n                    <div>\r\n                        <h4>Sobre a aprendizagem do b\u00falgaro<\/h4>\r\n                        <p>Descobre tudo sobre a gram\u00e1tica b\u00falgara.<\/p>\r\n                    <\/div>\r\n                <\/div>\r\n            <\/div>\r\n        <\/a>\r\n\r\n        \r\n        <a href=\"https:\/\/talkpal.ai\/pt-pt\/exercicios-de-gramatica-bulgara\/\">\r\n            <div class=\"learnNavigationWrapper\">\r\n                <div class=\"learnNavigationContent\">\r\n                    <img decoding=\"async\" src=\"https:\/\/talkpal.ai\/wp-content\/uploads\/2024\/08\/Bulgarian.jpg\" alt=\"Bulgarian Flag\">\r\n                    <div>\r\n                        <h4>Exerc\u00edcio de gram\u00e1tica b\u00falgara<\/h4>\r\n                        <p>Pratica a gram\u00e1tica b\u00falgara.<\/p>\r\n                    <\/div>\r\n                <\/div>\r\n            <\/div>\r\n        <\/a>\r\n\r\n        \r\n        <a href=\"https:\/\/talkpal.ai\/vocabulary_language\/bulgarian\/\">\r\n            <div class=\"learnNavigationWrapper\">\r\n                <div class=\"learnNavigationContent\">\r\n                    <img decoding=\"async\" src=\"https:\/\/talkpal.ai\/wp-content\/uploads\/2024\/08\/Bulgarian.jpg\" alt=\"Bulgarian Flag\">\r\n                    <div>\r\n                        <h4>Vocabul\u00e1rio b\u00falgaro<\/h4>\r\n                        <p>Amplia o teu vocabul\u00e1rio b\u00falgaro.<\/p>\r\n                    <\/div>\r\n                <\/div>\r\n            <\/div>\r\n        <\/a>\r\n\r\n            <\/section>","protected":false},"excerpt":{"rendered":"<p>O Guia Definitivo da Gram\u00e1tica B\u00falgara: Navegando pelos Meandros de uma L\u00edngua Rica A gram\u00e1tica b\u00falgara, como a pr\u00f3pria l\u00edngua, \u00e9 uma mistura fascinante de simplicidade, complexidade e rica hist\u00f3ria cultural. Como uma das l\u00ednguas eslavas mais antigas, o b\u00falgaro oferece emo\u00e7\u00f5es lingu\u00edsticas aos alunos e desafia at\u00e9 mesmo os falantes mais proficientes. Neste guia, [&hellip;]<\/p>\n","protected":false},"author":1,"featured_media":28226,"parent":0,"menu_order":0,"comment_status":"closed","ping_status":"closed","template":"LearningContentPage.php","meta":{"_acf_changed":false,"footnotes":""},"class_list":["post-141630","page","type-page","status-publish","has-post-thumbnail","hentry"],"acf":[],"yoast_head":"<!-- This site is optimized with the Yoast SEO Premium plugin v27.2 (Yoast SEO v27.2) - https:\/\/yoast.com\/product\/yoast-seo-premium-wordpress\/ -->\n<title>Gram\u00e1tica b\u00falgara - Talkpal<\/title>\n<meta name=\"description\" content=\"Explora o essencial da gram\u00e1tica b\u00falgara para uma melhor compreens\u00e3o da l\u00edngua e das suas capacidades de comunica\u00e7\u00e3o.\" \/>\n<meta name=\"robots\" content=\"index, follow, max-snippet:-1, max-image-preview:large, max-video-preview:-1\" \/>\n<link rel=\"canonical\" href=\"https:\/\/talkpal.ai\/pt-pt\/gramatica-bulgara\/\" \/>\n<meta property=\"og:locale\" content=\"pt_PT\" \/>\n<meta property=\"og:type\" content=\"article\" \/>\n<meta property=\"og:title\" content=\"Gram\u00e1tica b\u00falgara\" \/>\n<meta property=\"og:description\" content=\"O Guia Definitivo da Gram\u00e1tica B\u00falgara: Navegando pelos Meandros de uma L\u00edngua Rica A gram\u00e1tica b\u00falgara, como a pr\u00f3pria l\u00edngua, \u00e9 uma mistura fascinante\" \/>\n<meta property=\"og:url\" content=\"https:\/\/talkpal.ai\/pt-pt\/gramatica-bulgara\/\" \/>\n<meta property=\"og:site_name\" content=\"Talkpal\" \/>\n<meta property=\"article:publisher\" content=\"https:\/\/www.facebook.com\/profile.php?id=100090733639311\" \/>\n<meta property=\"article:modified_time\" content=\"2025-05-22T14:35:59+00:00\" \/>\n<meta property=\"og:image\" content=\"https:\/\/talkpal.ai\/wp-content\/uploads\/2023\/05\/bulgaria.png\" \/>\n\t<meta property=\"og:image:width\" content=\"512\" \/>\n\t<meta property=\"og:image:height\" content=\"512\" \/>\n\t<meta property=\"og:image:type\" content=\"image\/png\" \/>\n<meta name=\"twitter:card\" content=\"summary_large_image\" \/>\n<meta name=\"twitter:site\" content=\"@talkpalai\" \/>\n<meta name=\"twitter:label1\" content=\"Tempo estimado de leitura\" \/>\n\t<meta name=\"twitter:data1\" content=\"4 minutos\" \/>\n<script type=\"application\/ld+json\" class=\"yoast-schema-graph\">{\"@context\":\"https:\/\/schema.org\",\"@graph\":[{\"@type\":\"WebPage\",\"@id\":\"https:\/\/talkpal.ai\/pt-pt\/gramatica-bulgara\/\",\"url\":\"https:\/\/talkpal.ai\/pt-pt\/gramatica-bulgara\/\",\"name\":\"Gram\u00e1tica b\u00falgara - Talkpal\",\"isPartOf\":{\"@id\":\"https:\/\/talkpal.ai\/pt-pt\/#website\"},\"primaryImageOfPage\":{\"@id\":\"https:\/\/talkpal.ai\/pt-pt\/gramatica-bulgara\/#primaryimage\"},\"image\":{\"@id\":\"https:\/\/talkpal.ai\/pt-pt\/gramatica-bulgara\/#primaryimage\"},\"thumbnailUrl\":\"https:\/\/talkpal.ai\/wp-content\/uploads\/2023\/05\/bulgaria.png\",\"datePublished\":\"2023-05-14T14:00:39+00:00\",\"dateModified\":\"2025-05-22T14:35:59+00:00\",\"description\":\"Explora o essencial da gram\u00e1tica b\u00falgara para uma melhor compreens\u00e3o da l\u00edngua e das suas capacidades de comunica\u00e7\u00e3o.\",\"breadcrumb\":{\"@id\":\"https:\/\/talkpal.ai\/pt-pt\/gramatica-bulgara\/#breadcrumb\"},\"inLanguage\":\"pt-PT\",\"potentialAction\":[{\"@type\":\"ReadAction\",\"target\":[\"https:\/\/talkpal.ai\/pt-pt\/gramatica-bulgara\/\"]}]},{\"@type\":\"ImageObject\",\"inLanguage\":\"pt-PT\",\"@id\":\"https:\/\/talkpal.ai\/pt-pt\/gramatica-bulgara\/#primaryimage\",\"url\":\"https:\/\/talkpal.ai\/wp-content\/uploads\/2023\/05\/bulgaria.png\",\"contentUrl\":\"https:\/\/talkpal.ai\/wp-content\/uploads\/2023\/05\/bulgaria.png\",\"width\":512,\"height\":512},{\"@type\":\"BreadcrumbList\",\"@id\":\"https:\/\/talkpal.ai\/pt-pt\/gramatica-bulgara\/#breadcrumb\",\"itemListElement\":[{\"@type\":\"ListItem\",\"position\":1,\"name\":\"Homepage\",\"item\":\"https:\/\/talkpal.ai\/pt-pt\/\"},{\"@type\":\"ListItem\",\"position\":2,\"name\":\"Gram\u00e1tica b\u00falgara\"}]},{\"@type\":\"WebSite\",\"@id\":\"https:\/\/talkpal.ai\/pt-pt\/#website\",\"url\":\"https:\/\/talkpal.ai\/pt-pt\/\",\"name\":\"Talkpal\",\"description\":\"AI Language Learning\",\"publisher\":{\"@id\":\"https:\/\/talkpal.ai\/pt-pt\/#organization\"},\"alternateName\":\"Talkpal AI\",\"potentialAction\":[{\"@type\":\"SearchAction\",\"target\":{\"@type\":\"EntryPoint\",\"urlTemplate\":\"https:\/\/talkpal.ai\/pt-pt\/?s={search_term_string}\"},\"query-input\":{\"@type\":\"PropertyValueSpecification\",\"valueRequired\":true,\"valueName\":\"search_term_string\"}}],\"inLanguage\":\"pt-PT\"},{\"@type\":\"Organization\",\"@id\":\"https:\/\/talkpal.ai\/pt-pt\/#organization\",\"name\":\"Talkpal, Inc.\",\"alternateName\":\"Talkpal AI\",\"url\":\"https:\/\/talkpal.ai\/pt-pt\/\",\"logo\":{\"@type\":\"ImageObject\",\"inLanguage\":\"pt-PT\",\"@id\":\"https:\/\/talkpal.ai\/pt-pt\/#\/schema\/logo\/image\/\",\"url\":\"https:\/\/talkpal.ai\/wp-content\/uploads\/2024\/03\/Talkpal-Logo-Icon.png\",\"contentUrl\":\"https:\/\/talkpal.ai\/wp-content\/uploads\/2024\/03\/Talkpal-Logo-Icon.png\",\"width\":2880,\"height\":2880,\"caption\":\"Talkpal, Inc.\"},\"image\":{\"@id\":\"https:\/\/talkpal.ai\/pt-pt\/#\/schema\/logo\/image\/\"},\"sameAs\":[\"https:\/\/www.facebook.com\/profile.php?id=100090733639311\",\"https:\/\/x.com\/talkpalai\",\"https:\/\/www.linkedin.com\/company\/talkpal\/\",\"https:\/\/www.youtube.com\/@TalkPal\/\",\"https:\/\/www.tiktok.com\/@talkpal\",\"https:\/\/www.instagram.com\/talkpal_ai\/\",\"https:\/\/www.crunchbase.com\/organization\/talkpal-9cde\",\"https:\/\/www.g2.com\/products\/talkpal-for-business\/\",\"https:\/\/www.trustpilot.com\/review\/talkpal.ai\",\"https:\/\/www.capterra.com\/p\/10006800\/TalkPal\/\"],\"description\":\"Talkpal is a language learning web and mobile education app, powered by the latest AI technologies, that provides engaging experiences to its customers in many different languages to help them improve their language skills. Users can chat about unlimited amount of topics with the app and use other modes to practice their language learning.\",\"email\":\"support@talkpal.ai\",\"legalName\":\"Talkpal, Inc.\",\"foundingDate\":\"2023-04-03\",\"duns\":\"118989042\",\"numberOfEmployees\":{\"@type\":\"QuantitativeValue\",\"minValue\":\"11\",\"maxValue\":\"50\"},\"publishingPrinciples\":\"https:\/\/talkpal.ai\/publishing-principles\/\",\"actionableFeedbackPolicy\":\"https:\/\/talkpal.ai\/actionable-feedback-policy\/\",\"correctionsPolicy\":\"https:\/\/talkpal.ai\/corrections-policy\/\",\"ethicsPolicy\":\"https:\/\/talkpal.ai\/ethics-policy\/\",\"diversityPolicy\":\"https:\/\/talkpal.ai\/diversity-policy\/\",\"diversityStaffingReport\":\"https:\/\/talkpal.ai\/diversity-policy\/\"}]}<\/script>\n<!-- \/ Yoast SEO Premium plugin. -->","yoast_head_json":{"title":"Gram\u00e1tica b\u00falgara - Talkpal","description":"Explora o essencial da gram\u00e1tica b\u00falgara para uma melhor compreens\u00e3o da l\u00edngua e das suas capacidades de comunica\u00e7\u00e3o.","robots":{"index":"index","follow":"follow","max-snippet":"max-snippet:-1","max-image-preview":"max-image-preview:large","max-video-preview":"max-video-preview:-1"},"canonical":"https:\/\/talkpal.ai\/pt-pt\/gramatica-bulgara\/","og_locale":"pt_PT","og_type":"article","og_title":"Gram\u00e1tica b\u00falgara","og_description":"O Guia Definitivo da Gram\u00e1tica B\u00falgara: Navegando pelos Meandros de uma L\u00edngua Rica A gram\u00e1tica b\u00falgara, como a pr\u00f3pria l\u00edngua, \u00e9 uma mistura fascinante","og_url":"https:\/\/talkpal.ai\/pt-pt\/gramatica-bulgara\/","og_site_name":"Talkpal","article_publisher":"https:\/\/www.facebook.com\/profile.php?id=100090733639311","article_modified_time":"2025-05-22T14:35:59+00:00","og_image":[{"width":512,"height":512,"url":"https:\/\/talkpal.ai\/wp-content\/uploads\/2023\/05\/bulgaria.png","type":"image\/png"}],"twitter_card":"summary_large_image","twitter_site":"@talkpalai","twitter_misc":{"Tempo estimado de leitura":"4 minutos"},"schema":{"@context":"https:\/\/schema.org","@graph":[{"@type":"WebPage","@id":"https:\/\/talkpal.ai\/pt-pt\/gramatica-bulgara\/","url":"https:\/\/talkpal.ai\/pt-pt\/gramatica-bulgara\/","name":"Gram\u00e1tica b\u00falgara - Talkpal","isPartOf":{"@id":"https:\/\/talkpal.ai\/pt-pt\/#website"},"primaryImageOfPage":{"@id":"https:\/\/talkpal.ai\/pt-pt\/gramatica-bulgara\/#primaryimage"},"image":{"@id":"https:\/\/talkpal.ai\/pt-pt\/gramatica-bulgara\/#primaryimage"},"thumbnailUrl":"https:\/\/talkpal.ai\/wp-content\/uploads\/2023\/05\/bulgaria.png","datePublished":"2023-05-14T14:00:39+00:00","dateModified":"2025-05-22T14:35:59+00:00","description":"Explora o essencial da gram\u00e1tica b\u00falgara para uma melhor compreens\u00e3o da l\u00edngua e das suas capacidades de comunica\u00e7\u00e3o.","breadcrumb":{"@id":"https:\/\/talkpal.ai\/pt-pt\/gramatica-bulgara\/#breadcrumb"},"inLanguage":"pt-PT","potentialAction":[{"@type":"ReadAction","target":["https:\/\/talkpal.ai\/pt-pt\/gramatica-bulgara\/"]}]},{"@type":"ImageObject","inLanguage":"pt-PT","@id":"https:\/\/talkpal.ai\/pt-pt\/gramatica-bulgara\/#primaryimage","url":"https:\/\/talkpal.ai\/wp-content\/uploads\/2023\/05\/bulgaria.png","contentUrl":"https:\/\/talkpal.ai\/wp-content\/uploads\/2023\/05\/bulgaria.png","width":512,"height":512},{"@type":"BreadcrumbList","@id":"https:\/\/talkpal.ai\/pt-pt\/gramatica-bulgara\/#breadcrumb","itemListElement":[{"@type":"ListItem","position":1,"name":"Homepage","item":"https:\/\/talkpal.ai\/pt-pt\/"},{"@type":"ListItem","position":2,"name":"Gram\u00e1tica b\u00falgara"}]},{"@type":"WebSite","@id":"https:\/\/talkpal.ai\/pt-pt\/#website","url":"https:\/\/talkpal.ai\/pt-pt\/","name":"Talkpal","description":"AI Language Learning","publisher":{"@id":"https:\/\/talkpal.ai\/pt-pt\/#organization"},"alternateName":"Talkpal AI","potentialAction":[{"@type":"SearchAction","target":{"@type":"EntryPoint","urlTemplate":"https:\/\/talkpal.ai\/pt-pt\/?s={search_term_string}"},"query-input":{"@type":"PropertyValueSpecification","valueRequired":true,"valueName":"search_term_string"}}],"inLanguage":"pt-PT"},{"@type":"Organization","@id":"https:\/\/talkpal.ai\/pt-pt\/#organization","name":"Talkpal, Inc.","alternateName":"Talkpal AI","url":"https:\/\/talkpal.ai\/pt-pt\/","logo":{"@type":"ImageObject","inLanguage":"pt-PT","@id":"https:\/\/talkpal.ai\/pt-pt\/#\/schema\/logo\/image\/","url":"https:\/\/talkpal.ai\/wp-content\/uploads\/2024\/03\/Talkpal-Logo-Icon.png","contentUrl":"https:\/\/talkpal.ai\/wp-content\/uploads\/2024\/03\/Talkpal-Logo-Icon.png","width":2880,"height":2880,"caption":"Talkpal, Inc."},"image":{"@id":"https:\/\/talkpal.ai\/pt-pt\/#\/schema\/logo\/image\/"},"sameAs":["https:\/\/www.facebook.com\/profile.php?id=100090733639311","https:\/\/x.com\/talkpalai","https:\/\/www.linkedin.com\/company\/talkpal\/","https:\/\/www.youtube.com\/@TalkPal\/","https:\/\/www.tiktok.com\/@talkpal","https:\/\/www.instagram.com\/talkpal_ai\/","https:\/\/www.crunchbase.com\/organization\/talkpal-9cde","https:\/\/www.g2.com\/products\/talkpal-for-business\/","https:\/\/www.trustpilot.com\/review\/talkpal.ai","https:\/\/www.capterra.com\/p\/10006800\/TalkPal\/"],"description":"Talkpal is a language learning web and mobile education app, powered by the latest AI technologies, that provides engaging experiences to its customers in many different languages to help them improve their language skills. Users can chat about unlimited amount of topics with the app and use other modes to practice their language learning.","email":"support@talkpal.ai","legalName":"Talkpal, Inc.","foundingDate":"2023-04-03","duns":"118989042","numberOfEmployees":{"@type":"QuantitativeValue","minValue":"11","maxValue":"50"},"publishingPrinciples":"https:\/\/talkpal.ai\/publishing-principles\/","actionableFeedbackPolicy":"https:\/\/talkpal.ai\/actionable-feedback-policy\/","correctionsPolicy":"https:\/\/talkpal.ai\/corrections-policy\/","ethicsPolicy":"https:\/\/talkpal.ai\/ethics-policy\/","diversityPolicy":"https:\/\/talkpal.ai\/diversity-policy\/","diversityStaffingReport":"https:\/\/talkpal.ai\/diversity-policy\/"}]}},"_links":{"self":[{"href":"https:\/\/talkpal.ai\/pt-pt\/wp-json\/wp\/v2\/pages\/141630","targetHints":{"allow":["GET"]}}],"collection":[{"href":"https:\/\/talkpal.ai\/pt-pt\/wp-json\/wp\/v2\/pages"}],"about":[{"href":"https:\/\/talkpal.ai\/pt-pt\/wp-json\/wp\/v2\/types\/page"}],"author":[{"embeddable":true,"href":"https:\/\/talkpal.ai\/pt-pt\/wp-json\/wp\/v2\/users\/1"}],"replies":[{"embeddable":true,"href":"https:\/\/talkpal.ai\/pt-pt\/wp-json\/wp\/v2\/comments?post=141630"}],"version-history":[{"count":0,"href":"https:\/\/talkpal.ai\/pt-pt\/wp-json\/wp\/v2\/pages\/141630\/revisions"}],"wp:featuredmedia":[{"embeddable":true,"href":"https:\/\/talkpal.ai\/pt-pt\/wp-json\/wp\/v2\/media\/28226"}],"wp:attachment":[{"href":"https:\/\/talkpal.ai\/pt-pt\/wp-json\/wp\/v2\/media?parent=141630"}],"curies":[{"name":"wp","href":"https:\/\/api.w.org\/{rel}","templated":true}]}}