{"id":141306,"date":"2023-05-14T14:00:03","date_gmt":"2023-05-14T14:00:03","guid":{"rendered":"http:\/\/talkpal.ai\/gramatica-bosnia\/"},"modified":"2025-05-22T14:40:45","modified_gmt":"2025-05-22T14:40:45","slug":"gramatica-bosnia","status":"publish","type":"page","link":"https:\/\/talkpal.ai\/pt-pt\/gramatica-bosnia\/","title":{"rendered":"Gram\u00e1tica b\u00f3snia"},"content":{"rendered":"\r\n\r\n\r\n<section class=\"languageChallengeSection\">\r\n    <div class=\"languageInfoWrapper\">\r\n        \r\n        <h1>Gram\u00e1tica b\u00f3snia<\/h1>\r\n        <p>Desvenda o mundo rico e expressivo da l\u00edngua b\u00f3snia dominando o essencial da sua gram\u00e1tica. Um bom conhecimento da <a href=\"https:\/\/talkpal.ai\/bosnian-grammar\/\">gram\u00e1tica b\u00f3snia<\/a> ajudar-te-\u00e1 a comunicar com confian\u00e7a e a apreciar mais profundamente a cultura. Come\u00e7a hoje a aprender <a href=\"https:\/\/talkpal.ai\/bosnian-grammar\/\">gram\u00e1tica b\u00f3snia<\/a> e d\u00e1 o teu primeiro passo em dire\u00e7\u00e3o \u00e0 flu\u00eancia!<\/p>\r\n\r\n                            <a class=\"getStartedHidden\" href=\"https:\/\/app.talkpal.ai\/pt-pt\/signup?lng=\">Come\u00e7a<\/a>\r\n        \r\n    <\/div>\r\n\r\n    <figure>\r\n    <img decoding=\"async\" width=\"768\" height=\"768\" src=\"https:\/\/talkpal.ai\/wp-content\/uploads\/2023\/06\/bosinian-768x768.png\" class=\"languageImage no-lazy\" alt=\"Default alt text\" fetchpriority=\"high\" sizes=\"(max-width: 768px) 150px, 768px\" srcset=\"https:\/\/talkpal.ai\/wp-content\/uploads\/2023\/06\/bosinian-768x768.png 768w, https:\/\/talkpal.ai\/wp-content\/uploads\/2023\/06\/bosinian-300x300.png 300w\" \/>\r\n    \r\n\r\n    <\/figure>\r\n\r\n            <a class=\"getStartedVisible\" href=\"https:\/\/app.talkpal.ai\/pt-pt\/signup?lng=\">Come\u00e7a<\/a>\r\n    \r\n<\/section>\r\n        <section class=\"grammarSection\">\r\n            <div class=\"grammarLinks\">\r\n                <a href=\"https:\/\/talkpal.ai\/pt-pt\/language\/adjetivos-gramatica-bosnia-pt-pt\/\">Adjetivos <\/a><a href=\"https:\/\/talkpal.ai\/pt-pt\/language\/adverbios-gramatica-da-bosnia\/\">Adv\u00e9rbios <\/a><a href=\"https:\/\/talkpal.ai\/pt-pt\/language\/artigos-gramatica-bosnia\/\">Artigos <\/a><a href=\"https:\/\/talkpal.ai\/pt-pt\/language\/comparacao-de-tempos-gramatica-bosnia\/\">Compara\u00e7\u00e3o de tempos <\/a><a href=\"https:\/\/talkpal.ai\/pt-pt\/language\/condicionais-gramatica-bosnia\/\">Condicionais <\/a><a href=\"https:\/\/talkpal.ai\/pt-pt\/language\/frases-gramatica-bosnio\/\">Frases <\/a><a href=\"https:\/\/talkpal.ai\/pt-pt\/language\/preposicoes-gramatica-bosnia\/\">Preposi\u00e7\u00f5es <\/a><a href=\"https:\/\/talkpal.ai\/pt-pt\/language\/progressivo-gramatica-bosnia\/\">Progressivo <\/a><a href=\"https:\/\/talkpal.ai\/pt-pt\/language\/progressivo-perfeito-gramatica-bosnia\/\">Progressivo Perfeito <\/a><a href=\"https:\/\/talkpal.ai\/pt-pt\/language\/pronomes-determinantes-gramatica-bosnia\/\">Pronomes\/Determinantes <\/a><a href=\"https:\/\/talkpal.ai\/pt-pt\/language\/substantivos-gramatica-bosnia\/\">Substantivos <\/a><a href=\"https:\/\/talkpal.ai\/pt-pt\/language\/tempos-gramatica-da-bosnia\/\">Tempos <\/a><a href=\"https:\/\/talkpal.ai\/pt-pt\/language\/verbos-gramatica-da-bosnia\/\">Verbos <\/a>            <\/div>\r\n        <\/section>\r\n    <section class=\"promotionalBanner\">\r\n    <p class=\"promotionalText\">A maneira mais eficiente de aprender um idioma<\/p>\r\n    <a class=\"promotionalLink\" href=\"https:\/\/app.talkpal.ai\/pt-pt\/signup?lng=\">Experimente o Talkpal gratuitamente<\/a>\r\n<\/section>\n<div class=\"wp-block-group pageContainerStyle\"><div class=\"wp-block-group__inner-container is-layout-constrained wp-block-group-is-layout-constrained\">\n<h2 class=\"wp-block-heading\" id=\"h-bosnian-grammar-a-guide-to-understanding-its-unique-features\">Gram\u00e1tica b\u00f3snia: um guia para entender suas caracter\u00edsticas \u00fanicas<\/h2>\n\n\n\n<p>Est\u00e1s a aprender <a href=\"https:\/\/talkpal.ai\/learn-bosnian\/\">b\u00f3snio<\/a> e est\u00e1s confuso com a gram\u00e1tica da l\u00edngua? N\u00e3o temais! Neste artigo, vamos mergulhar nos mist\u00e9rios da gram\u00e1tica b\u00f3snia e ajudar-te a compreender as suas carater\u00edsticas \u00fanicas, mantendo-a simples e cativante. Pronto para embarcar nesta emocionante jornada lingu\u00edstica? Toca a come\u00e7ar!<\/p>\n\n\n\n<h3 class=\"wp-block-heading\" id=\"h-the-fundamentals-nouns-and-pronouns\">Os Fundamentos: Substantivos e Pronomes<\/h3>\n\n\n\n<p>Antes de mais, \u00e9 essencial saberes que o b\u00f3snio, tal <a href=\"https:\/\/talkpal.ai\/locations\/language-courses-in-como\/\">como<\/a> outras l\u00ednguas eslavas, tem tr\u00eas g\u00e9neros gramaticais: masculino, feminino e neutro. <a href=\"https:\/\/talkpal.ai\/locations\/language-courses-in-como\/\">Como<\/a> saber a que g\u00eanero pertence um substantivo? \u00c9 f\u00e1cil! O que importa \u00e9 o final. Aqui tens um guia r\u00e1pido:<\/p>\n\n\n\n<p><strong>&#8211; Os substantivos masculinos terminam normalmente numa consoante,<\/strong><\/p>\n\n\n\n<p><strong>&#8211; Os substantivos femininos terminam geralmente em -a,<\/strong><\/p>\n\n\n\n<p><strong>&#8211; Os substantivos neutros terminam geralmente em -o ou -e.<\/strong><\/p>\n\n\n\n<p>Tenha em mente que essas s\u00e3o regras gerais e pode haver exce\u00e7\u00f5es. Agora vamos falar de pronomes. Os <a href=\"https:\/\/talkpal.ai\/grammar\/pronomes-pessoais-in-portuguese-grammar\/\">pronomes pessoais<\/a> em b\u00f3snio mudam de acordo com o g\u00e9nero, o n\u00famero (singular ou plural) e o caso do substantivo (mais tarde falaremos dos casos). Existem sete pronomes pessoais em b\u00f3snio: ja (I), ti (voc\u00ea, singular\/informal), on (ele), ona (ela), <a href=\"https:\/\/talkpal.ai\/locations\/language-courses-in-ono\/\">ono<\/a> (it), mi (n\u00f3s) e vi (voc\u00ea, plural\/formal). Lembre-se de que o b\u00f3snio tem uma maneira informal e formal de se dirigir \u00e0s pessoas \u2013 portanto, certifique-se de usar o pronome certo ao falar com algu\u00e9m!<\/p>\n\n\n\n<h3 class=\"wp-block-heading\" id=\"h-next-up-verb-conjugation\">Pr\u00f3ximo: Conjuga\u00e7\u00e3o de verbos<\/h3>\n\n\n\n<p>Os verbos s\u00e3o a espinha dorsal de qualquer l\u00edngua, e com o b\u00f3snio n\u00e3o \u00e9 diferente. Os verbos b\u00f3snios t\u00eam dois padr\u00f5es principais de conjuga\u00e7\u00e3o: um para os verbos que terminam em -ti (primeira conjuga\u00e7\u00e3o) e outro para aqueles terminados em -\u0107i (segunda conjuga\u00e7\u00e3o). Em ambos os casos, as termina\u00e7\u00f5es dos verbos mudam com base no g\u00e9nero, n\u00famero e tempo verbal do sujeito.<\/p>\n\n\n\n<p>Falando em tempos, o b\u00f3snio tem tr\u00eas tempos simples: <a href=\"https:\/\/talkpal.ai\/zh-hans\/grammar_exercises\/presente-%e8%a5%bf%e7%8f%ad%e7%89%99%e8%af%ad%e6%b3%95%e7%bb%83%e4%b9%a0\/\">presente<\/a>, passado e futuro. O tempo presente \u00e9 formado pela adi\u00e7\u00e3o de termina\u00e7\u00f5es espec\u00edficas ao tronco do verbo. O pret\u00e9rito perfeito, por outro lado, \u00e9 formado usando o verbo auxiliar \u201cbiti\u201d (ser) na forma infinitiva \u201cbio\u201d e o partic\u00edpio passado. Por fim, o tempo futuro \u00e9 criado combinando o verbo auxiliar \u201chtjeti\u201d (ser\u00e1) e a forma infinitiva do verbo principal.<\/p>\n\n\n\n<h3 class=\"wp-block-heading\" id=\"h-the-magic-of-cases\">A Magia dos Casos<\/h3>\n\n\n\n<p>A gram\u00e1tica b\u00f3snia emprega um sistema de casos, o que significa que substantivos, pronomes, adjetivos e, \u00e0s vezes, at\u00e9 verbos mudam suas formas de acordo com sua fun\u00e7\u00e3o em uma frase. H\u00e1 sete casos em b\u00f3snio: nominativo, genitivo, dativo, acusativo, vocativo, instrumental e locativo.<\/p>\n\n\n\n<p>N\u00e3o deixes que estes termos te intimidem! \u00c9 apenas uma quest\u00e3o de pr\u00e1tica. Cada caso serve a um prop\u00f3sito particular e responde a perguntas espec\u00edficas:<\/p>\n\n\n\n<p><strong>1. Nominativo:<\/strong> O sujeito da senten\u00e7a. Quem ou o que est\u00e1 fazendo a a\u00e7\u00e3o?<\/p>\n\n\n\n<p><strong>2. Genitivo:<\/strong> Indica posse, origem ou parte de algo. De quem ou de qu\u00ea?<\/p>\n\n\n\n<p><strong>3. Dativo:<\/strong> O objeto indireto \u2013 a quem ou para quem algo \u00e9 dado ou feito?<\/p>\n\n\n\n<p><strong>4. Acusativo:<\/strong> O objeto direto \u2013 quem ou o que est\u00e1 recebendo a a\u00e7\u00e3o?<\/p>\n\n\n\n<p><strong>5. Vocativo:<\/strong> Usado para se dirigir a algu\u00e9m ou algo diretamente \u2013 Ei, voc\u00ea!<\/p>\n\n\n\n<p><strong>6. Instrumental:<\/strong> Representa o meio ou m\u00e9todo da a\u00e7\u00e3o \u2013 com o qu\u00ea ou por quem?<\/p>\n\n\n\n<p><strong>7. Locativo:<\/strong> Demonstra a localiza\u00e7\u00e3o ou posi\u00e7\u00e3o de algo \u2013 onde ou em qu\u00ea?<\/p>\n\n\n\n<h3 class=\"wp-block-heading\" id=\"h-loving-the-adjectives\">Amando os adjetivos<\/h3>\n\n\n\n<p>Os adjetivos em b\u00f3snio concordam com o substantivo que modificam em termos de g\u00eanero, n\u00famero e caso. Isso significa que os adjetivos, assim como substantivos e pronomes, t\u00eam formas diferentes dependendo do substantivo que descrevem.<\/p>\n\n\n\n<p>Por exemplo, se quiseres dizer \u201ccasa grande\u201d em b\u00f3snio (que \u00e9 um substantivo feminino), dizes \u201cvelika ku\u0107a\u201d. No entanto, se estiveres a falar de um \u201ccarro grande\u201d (substantivo masculino), dir\u00e1s \u201cveliki auto\u201d.<\/p>\n\n\n\n<h3 class=\"wp-block-heading\" id=\"h-final-thoughts\">Considera\u00e7\u00f5es Finais<\/h3>\n\n\n\n<p>A gram\u00e1tica b\u00f3snia, com seu g\u00eanero, casos e conjuga\u00e7\u00e3o de verbos, pode parecer complexa inicialmente, mas lembre-se: a pr\u00e1tica leva \u00e0 perfei\u00e7\u00e3o! Trata-se de compreender o sistema e de o utilizar em situa\u00e7\u00f5es da vida real. S\u00ea paciente, continua a praticar e, em breve, estar\u00e1s a dominar a bela l\u00edngua da B\u00f3snia. Sretno! (Boa sorte!)<\/p>\n<\/div><\/div>\n\r\n<section class=\"learnNavigationSection\">\r\n            \r\n        <a href=\"https:\/\/talkpal.ai\/pt-pt\/aprender-bosnio\/\">\r\n            <div class=\"learnNavigationWrapper\">\r\n                <div class=\"learnNavigationContent\">\r\n                    <img decoding=\"async\" src=\"https:\/\/talkpal.ai\/wp-content\/uploads\/2024\/08\/Bosnian.jpg\" alt=\"Bosnian Flag\">\r\n                    <div>\r\n                        <h4>Sobre a Bosnian Learning<\/h4>\r\n                        <p>Descobre tudo sobre a gram\u00e1tica b\u00f3snia.<\/p>\r\n                    <\/div>\r\n                <\/div>\r\n            <\/div>\r\n        <\/a>\r\n\r\n        \r\n        <a href=\"https:\/\/talkpal.ai\/pt-pt\/exercicios-de-gramatica-bosnia\/\">\r\n            <div class=\"learnNavigationWrapper\">\r\n                <div class=\"learnNavigationContent\">\r\n                    <img decoding=\"async\" src=\"https:\/\/talkpal.ai\/wp-content\/uploads\/2024\/08\/Bosnian.jpg\" alt=\"Bosnian Flag\">\r\n                    <div>\r\n                        <h4>Exerc\u00edcio de gram\u00e1tica b\u00f3snia<\/h4>\r\n                        <p>Pratica a gram\u00e1tica b\u00f3snia.<\/p>\r\n                    <\/div>\r\n                <\/div>\r\n            <\/div>\r\n        <\/a>\r\n\r\n        \r\n        <a href=\"https:\/\/talkpal.ai\/vocabulary_language\/bosnian\/\">\r\n            <div class=\"learnNavigationWrapper\">\r\n                <div class=\"learnNavigationContent\">\r\n                    <img decoding=\"async\" src=\"https:\/\/talkpal.ai\/wp-content\/uploads\/2024\/08\/Bosnian.jpg\" alt=\"Bosnian Flag\">\r\n                    <div>\r\n                        <h4>Vocabul\u00e1rio b\u00f3snio<\/h4>\r\n                        <p>Amplia o teu vocabul\u00e1rio b\u00f3snio.<\/p>\r\n                    <\/div>\r\n                <\/div>\r\n            <\/div>\r\n        <\/a>\r\n\r\n            <\/section>","protected":false},"excerpt":{"rendered":"<p>Gram\u00e1tica b\u00f3snia: um guia para entender suas caracter\u00edsticas \u00fanicas Est\u00e1s a aprender b\u00f3snio e est\u00e1s confuso com a gram\u00e1tica da l\u00edngua? N\u00e3o temais! Neste artigo, vamos mergulhar nos mist\u00e9rios da gram\u00e1tica b\u00f3snia e ajudar-te a compreender as suas carater\u00edsticas \u00fanicas, mantendo-a simples e cativante. Pronto para embarcar nesta emocionante jornada lingu\u00edstica? Toca a come\u00e7ar! Os [&hellip;]<\/p>\n","protected":false},"author":1,"featured_media":28210,"parent":0,"menu_order":0,"comment_status":"closed","ping_status":"closed","template":"LearningContentPage.php","meta":{"_acf_changed":false,"footnotes":""},"class_list":["post-141306","page","type-page","status-publish","has-post-thumbnail","hentry"],"acf":[],"yoast_head":"<!-- This site is optimized with the Yoast SEO Premium plugin v27.2 (Yoast SEO v27.2) - https:\/\/yoast.com\/product\/yoast-seo-premium-wordpress\/ -->\n<title>Gram\u00e1tica b\u00f3snia - Talkpal<\/title>\n<meta name=\"description\" content=\"Domina a gram\u00e1tica b\u00f3snia sem esfor\u00e7o com Talkpal, o teu tutor de l\u00ednguas alimentado por IA. Descobre explica\u00e7\u00f5es f\u00e1ceis, conselhos pr\u00e1ticos e exerc\u00edcios interactivos!\" \/>\n<meta name=\"robots\" content=\"index, follow, max-snippet:-1, max-image-preview:large, max-video-preview:-1\" \/>\n<link rel=\"canonical\" href=\"https:\/\/talkpal.ai\/pt-pt\/gramatica-bosnia\/\" \/>\n<meta property=\"og:locale\" content=\"pt_PT\" \/>\n<meta property=\"og:type\" content=\"article\" \/>\n<meta property=\"og:title\" content=\"Gram\u00e1tica b\u00f3snia\" \/>\n<meta property=\"og:description\" content=\"Gram\u00e1tica b\u00f3snia: um guia para entender suas caracter\u00edsticas \u00fanicas Est\u00e1s a aprender b\u00f3snio e est\u00e1s confuso com a gram\u00e1tica da l\u00edngua? N\u00e3o temais! Neste\" \/>\n<meta property=\"og:url\" content=\"https:\/\/talkpal.ai\/pt-pt\/gramatica-bosnia\/\" \/>\n<meta property=\"og:site_name\" content=\"Talkpal\" \/>\n<meta property=\"article:publisher\" content=\"https:\/\/www.facebook.com\/profile.php?id=100090733639311\" \/>\n<meta property=\"article:modified_time\" content=\"2025-05-22T14:40:45+00:00\" \/>\n<meta property=\"og:image\" content=\"https:\/\/talkpal.ai\/wp-content\/uploads\/2023\/05\/bosnia-and-herzegovina.png\" \/>\n\t<meta property=\"og:image:width\" content=\"512\" \/>\n\t<meta property=\"og:image:height\" content=\"512\" \/>\n\t<meta property=\"og:image:type\" content=\"image\/png\" \/>\n<meta name=\"twitter:card\" content=\"summary_large_image\" \/>\n<meta name=\"twitter:site\" content=\"@talkpalai\" \/>\n<meta name=\"twitter:label1\" content=\"Tempo estimado de leitura\" \/>\n\t<meta name=\"twitter:data1\" content=\"4 minutos\" \/>\n<script type=\"application\/ld+json\" class=\"yoast-schema-graph\">{\"@context\":\"https:\/\/schema.org\",\"@graph\":[{\"@type\":\"WebPage\",\"@id\":\"https:\/\/talkpal.ai\/pt-pt\/gramatica-bosnia\/\",\"url\":\"https:\/\/talkpal.ai\/pt-pt\/gramatica-bosnia\/\",\"name\":\"Gram\u00e1tica b\u00f3snia - Talkpal\",\"isPartOf\":{\"@id\":\"https:\/\/talkpal.ai\/pt-pt\/#website\"},\"primaryImageOfPage\":{\"@id\":\"https:\/\/talkpal.ai\/pt-pt\/gramatica-bosnia\/#primaryimage\"},\"image\":{\"@id\":\"https:\/\/talkpal.ai\/pt-pt\/gramatica-bosnia\/#primaryimage\"},\"thumbnailUrl\":\"https:\/\/talkpal.ai\/wp-content\/uploads\/2023\/05\/bosnia-and-herzegovina.png\",\"datePublished\":\"2023-05-14T14:00:03+00:00\",\"dateModified\":\"2025-05-22T14:40:45+00:00\",\"description\":\"Domina a gram\u00e1tica b\u00f3snia sem esfor\u00e7o com Talkpal, o teu tutor de l\u00ednguas alimentado por IA. Descobre explica\u00e7\u00f5es f\u00e1ceis, conselhos pr\u00e1ticos e exerc\u00edcios interactivos!\",\"breadcrumb\":{\"@id\":\"https:\/\/talkpal.ai\/pt-pt\/gramatica-bosnia\/#breadcrumb\"},\"inLanguage\":\"pt-PT\",\"potentialAction\":[{\"@type\":\"ReadAction\",\"target\":[\"https:\/\/talkpal.ai\/pt-pt\/gramatica-bosnia\/\"]}]},{\"@type\":\"ImageObject\",\"inLanguage\":\"pt-PT\",\"@id\":\"https:\/\/talkpal.ai\/pt-pt\/gramatica-bosnia\/#primaryimage\",\"url\":\"https:\/\/talkpal.ai\/wp-content\/uploads\/2023\/05\/bosnia-and-herzegovina.png\",\"contentUrl\":\"https:\/\/talkpal.ai\/wp-content\/uploads\/2023\/05\/bosnia-and-herzegovina.png\",\"width\":512,\"height\":512},{\"@type\":\"BreadcrumbList\",\"@id\":\"https:\/\/talkpal.ai\/pt-pt\/gramatica-bosnia\/#breadcrumb\",\"itemListElement\":[{\"@type\":\"ListItem\",\"position\":1,\"name\":\"Homepage\",\"item\":\"https:\/\/talkpal.ai\/pt-pt\/\"},{\"@type\":\"ListItem\",\"position\":2,\"name\":\"Gram\u00e1tica b\u00f3snia\"}]},{\"@type\":\"WebSite\",\"@id\":\"https:\/\/talkpal.ai\/pt-pt\/#website\",\"url\":\"https:\/\/talkpal.ai\/pt-pt\/\",\"name\":\"Talkpal\",\"description\":\"AI Language Learning\",\"publisher\":{\"@id\":\"https:\/\/talkpal.ai\/pt-pt\/#organization\"},\"alternateName\":\"Talkpal AI\",\"potentialAction\":[{\"@type\":\"SearchAction\",\"target\":{\"@type\":\"EntryPoint\",\"urlTemplate\":\"https:\/\/talkpal.ai\/pt-pt\/?s={search_term_string}\"},\"query-input\":{\"@type\":\"PropertyValueSpecification\",\"valueRequired\":true,\"valueName\":\"search_term_string\"}}],\"inLanguage\":\"pt-PT\"},{\"@type\":\"Organization\",\"@id\":\"https:\/\/talkpal.ai\/pt-pt\/#organization\",\"name\":\"Talkpal, Inc.\",\"alternateName\":\"Talkpal AI\",\"url\":\"https:\/\/talkpal.ai\/pt-pt\/\",\"logo\":{\"@type\":\"ImageObject\",\"inLanguage\":\"pt-PT\",\"@id\":\"https:\/\/talkpal.ai\/pt-pt\/#\/schema\/logo\/image\/\",\"url\":\"https:\/\/talkpal.ai\/wp-content\/uploads\/2024\/03\/Talkpal-Logo-Icon.png\",\"contentUrl\":\"https:\/\/talkpal.ai\/wp-content\/uploads\/2024\/03\/Talkpal-Logo-Icon.png\",\"width\":2880,\"height\":2880,\"caption\":\"Talkpal, Inc.\"},\"image\":{\"@id\":\"https:\/\/talkpal.ai\/pt-pt\/#\/schema\/logo\/image\/\"},\"sameAs\":[\"https:\/\/www.facebook.com\/profile.php?id=100090733639311\",\"https:\/\/x.com\/talkpalai\",\"https:\/\/www.linkedin.com\/company\/talkpal\/\",\"https:\/\/www.youtube.com\/@TalkPal\/\",\"https:\/\/www.tiktok.com\/@talkpal\",\"https:\/\/www.instagram.com\/talkpal_ai\/\",\"https:\/\/www.crunchbase.com\/organization\/talkpal-9cde\",\"https:\/\/www.g2.com\/products\/talkpal-for-business\/\",\"https:\/\/www.trustpilot.com\/review\/talkpal.ai\",\"https:\/\/www.capterra.com\/p\/10006800\/TalkPal\/\"],\"description\":\"Talkpal is a language learning web and mobile education app, powered by the latest AI technologies, that provides engaging experiences to its customers in many different languages to help them improve their language skills. Users can chat about unlimited amount of topics with the app and use other modes to practice their language learning.\",\"email\":\"support@talkpal.ai\",\"legalName\":\"Talkpal, Inc.\",\"foundingDate\":\"2023-04-03\",\"duns\":\"118989042\",\"numberOfEmployees\":{\"@type\":\"QuantitativeValue\",\"minValue\":\"11\",\"maxValue\":\"50\"},\"publishingPrinciples\":\"https:\/\/talkpal.ai\/publishing-principles\/\",\"actionableFeedbackPolicy\":\"https:\/\/talkpal.ai\/actionable-feedback-policy\/\",\"correctionsPolicy\":\"https:\/\/talkpal.ai\/corrections-policy\/\",\"ethicsPolicy\":\"https:\/\/talkpal.ai\/ethics-policy\/\",\"diversityPolicy\":\"https:\/\/talkpal.ai\/diversity-policy\/\",\"diversityStaffingReport\":\"https:\/\/talkpal.ai\/diversity-policy\/\"}]}<\/script>\n<!-- \/ Yoast SEO Premium plugin. -->","yoast_head_json":{"title":"Gram\u00e1tica b\u00f3snia - Talkpal","description":"Domina a gram\u00e1tica b\u00f3snia sem esfor\u00e7o com Talkpal, o teu tutor de l\u00ednguas alimentado por IA. Descobre explica\u00e7\u00f5es f\u00e1ceis, conselhos pr\u00e1ticos e exerc\u00edcios interactivos!","robots":{"index":"index","follow":"follow","max-snippet":"max-snippet:-1","max-image-preview":"max-image-preview:large","max-video-preview":"max-video-preview:-1"},"canonical":"https:\/\/talkpal.ai\/pt-pt\/gramatica-bosnia\/","og_locale":"pt_PT","og_type":"article","og_title":"Gram\u00e1tica b\u00f3snia","og_description":"Gram\u00e1tica b\u00f3snia: um guia para entender suas caracter\u00edsticas \u00fanicas Est\u00e1s a aprender b\u00f3snio e est\u00e1s confuso com a gram\u00e1tica da l\u00edngua? N\u00e3o temais! Neste","og_url":"https:\/\/talkpal.ai\/pt-pt\/gramatica-bosnia\/","og_site_name":"Talkpal","article_publisher":"https:\/\/www.facebook.com\/profile.php?id=100090733639311","article_modified_time":"2025-05-22T14:40:45+00:00","og_image":[{"width":512,"height":512,"url":"https:\/\/talkpal.ai\/wp-content\/uploads\/2023\/05\/bosnia-and-herzegovina.png","type":"image\/png"}],"twitter_card":"summary_large_image","twitter_site":"@talkpalai","twitter_misc":{"Tempo estimado de leitura":"4 minutos"},"schema":{"@context":"https:\/\/schema.org","@graph":[{"@type":"WebPage","@id":"https:\/\/talkpal.ai\/pt-pt\/gramatica-bosnia\/","url":"https:\/\/talkpal.ai\/pt-pt\/gramatica-bosnia\/","name":"Gram\u00e1tica b\u00f3snia - Talkpal","isPartOf":{"@id":"https:\/\/talkpal.ai\/pt-pt\/#website"},"primaryImageOfPage":{"@id":"https:\/\/talkpal.ai\/pt-pt\/gramatica-bosnia\/#primaryimage"},"image":{"@id":"https:\/\/talkpal.ai\/pt-pt\/gramatica-bosnia\/#primaryimage"},"thumbnailUrl":"https:\/\/talkpal.ai\/wp-content\/uploads\/2023\/05\/bosnia-and-herzegovina.png","datePublished":"2023-05-14T14:00:03+00:00","dateModified":"2025-05-22T14:40:45+00:00","description":"Domina a gram\u00e1tica b\u00f3snia sem esfor\u00e7o com Talkpal, o teu tutor de l\u00ednguas alimentado por IA. Descobre explica\u00e7\u00f5es f\u00e1ceis, conselhos pr\u00e1ticos e exerc\u00edcios interactivos!","breadcrumb":{"@id":"https:\/\/talkpal.ai\/pt-pt\/gramatica-bosnia\/#breadcrumb"},"inLanguage":"pt-PT","potentialAction":[{"@type":"ReadAction","target":["https:\/\/talkpal.ai\/pt-pt\/gramatica-bosnia\/"]}]},{"@type":"ImageObject","inLanguage":"pt-PT","@id":"https:\/\/talkpal.ai\/pt-pt\/gramatica-bosnia\/#primaryimage","url":"https:\/\/talkpal.ai\/wp-content\/uploads\/2023\/05\/bosnia-and-herzegovina.png","contentUrl":"https:\/\/talkpal.ai\/wp-content\/uploads\/2023\/05\/bosnia-and-herzegovina.png","width":512,"height":512},{"@type":"BreadcrumbList","@id":"https:\/\/talkpal.ai\/pt-pt\/gramatica-bosnia\/#breadcrumb","itemListElement":[{"@type":"ListItem","position":1,"name":"Homepage","item":"https:\/\/talkpal.ai\/pt-pt\/"},{"@type":"ListItem","position":2,"name":"Gram\u00e1tica b\u00f3snia"}]},{"@type":"WebSite","@id":"https:\/\/talkpal.ai\/pt-pt\/#website","url":"https:\/\/talkpal.ai\/pt-pt\/","name":"Talkpal","description":"AI Language Learning","publisher":{"@id":"https:\/\/talkpal.ai\/pt-pt\/#organization"},"alternateName":"Talkpal AI","potentialAction":[{"@type":"SearchAction","target":{"@type":"EntryPoint","urlTemplate":"https:\/\/talkpal.ai\/pt-pt\/?s={search_term_string}"},"query-input":{"@type":"PropertyValueSpecification","valueRequired":true,"valueName":"search_term_string"}}],"inLanguage":"pt-PT"},{"@type":"Organization","@id":"https:\/\/talkpal.ai\/pt-pt\/#organization","name":"Talkpal, Inc.","alternateName":"Talkpal AI","url":"https:\/\/talkpal.ai\/pt-pt\/","logo":{"@type":"ImageObject","inLanguage":"pt-PT","@id":"https:\/\/talkpal.ai\/pt-pt\/#\/schema\/logo\/image\/","url":"https:\/\/talkpal.ai\/wp-content\/uploads\/2024\/03\/Talkpal-Logo-Icon.png","contentUrl":"https:\/\/talkpal.ai\/wp-content\/uploads\/2024\/03\/Talkpal-Logo-Icon.png","width":2880,"height":2880,"caption":"Talkpal, Inc."},"image":{"@id":"https:\/\/talkpal.ai\/pt-pt\/#\/schema\/logo\/image\/"},"sameAs":["https:\/\/www.facebook.com\/profile.php?id=100090733639311","https:\/\/x.com\/talkpalai","https:\/\/www.linkedin.com\/company\/talkpal\/","https:\/\/www.youtube.com\/@TalkPal\/","https:\/\/www.tiktok.com\/@talkpal","https:\/\/www.instagram.com\/talkpal_ai\/","https:\/\/www.crunchbase.com\/organization\/talkpal-9cde","https:\/\/www.g2.com\/products\/talkpal-for-business\/","https:\/\/www.trustpilot.com\/review\/talkpal.ai","https:\/\/www.capterra.com\/p\/10006800\/TalkPal\/"],"description":"Talkpal is a language learning web and mobile education app, powered by the latest AI technologies, that provides engaging experiences to its customers in many different languages to help them improve their language skills. Users can chat about unlimited amount of topics with the app and use other modes to practice their language learning.","email":"support@talkpal.ai","legalName":"Talkpal, Inc.","foundingDate":"2023-04-03","duns":"118989042","numberOfEmployees":{"@type":"QuantitativeValue","minValue":"11","maxValue":"50"},"publishingPrinciples":"https:\/\/talkpal.ai\/publishing-principles\/","actionableFeedbackPolicy":"https:\/\/talkpal.ai\/actionable-feedback-policy\/","correctionsPolicy":"https:\/\/talkpal.ai\/corrections-policy\/","ethicsPolicy":"https:\/\/talkpal.ai\/ethics-policy\/","diversityPolicy":"https:\/\/talkpal.ai\/diversity-policy\/","diversityStaffingReport":"https:\/\/talkpal.ai\/diversity-policy\/"}]}},"_links":{"self":[{"href":"https:\/\/talkpal.ai\/pt-pt\/wp-json\/wp\/v2\/pages\/141306","targetHints":{"allow":["GET"]}}],"collection":[{"href":"https:\/\/talkpal.ai\/pt-pt\/wp-json\/wp\/v2\/pages"}],"about":[{"href":"https:\/\/talkpal.ai\/pt-pt\/wp-json\/wp\/v2\/types\/page"}],"author":[{"embeddable":true,"href":"https:\/\/talkpal.ai\/pt-pt\/wp-json\/wp\/v2\/users\/1"}],"replies":[{"embeddable":true,"href":"https:\/\/talkpal.ai\/pt-pt\/wp-json\/wp\/v2\/comments?post=141306"}],"version-history":[{"count":0,"href":"https:\/\/talkpal.ai\/pt-pt\/wp-json\/wp\/v2\/pages\/141306\/revisions"}],"wp:featuredmedia":[{"embeddable":true,"href":"https:\/\/talkpal.ai\/pt-pt\/wp-json\/wp\/v2\/media\/28210"}],"wp:attachment":[{"href":"https:\/\/talkpal.ai\/pt-pt\/wp-json\/wp\/v2\/media?parent=141306"}],"curies":[{"name":"wp","href":"https:\/\/api.w.org\/{rel}","templated":true}]}}