{"id":140088,"date":"2023-05-14T13:53:48","date_gmt":"2023-05-14T13:53:48","guid":{"rendered":"http:\/\/talkpal.ai\/gramatica-do-azerbaijao\/"},"modified":"2025-05-22T08:23:57","modified_gmt":"2025-05-22T08:23:57","slug":"gramatica-do-azerbaijao","status":"publish","type":"page","link":"https:\/\/talkpal.ai\/pt-pt\/gramatica-do-azerbaijao\/","title":{"rendered":"Gram\u00e1tica do Azerbaij\u00e3o"},"content":{"rendered":"\r\n\r\n\r\n<section class=\"languageChallengeSection\">\r\n    <div class=\"languageInfoWrapper\">\r\n        \r\n        <h1>Gram\u00e1tica do Azerbaij\u00e3o<\/h1>\r\n        <p>Est\u00e1s pronto para desvendar a beleza da l\u00edngua azerbaijanesa? Mergulha na gram\u00e1tica azerbaijanesa e descobre a sua estrutura \u00fanica, desde a harmonia das vogais \u00e0s formas verbais expressivas. Come\u00e7a a aprender hoje e v\u00ea <a href=\"https:\/\/talkpal.ai\/locations\/language-courses-in-como\/\">como<\/a> o dom\u00ednio da gram\u00e1tica te abre o caminho para uma conversa\u00e7\u00e3o fluente e uma compreens\u00e3o mais profunda da cultura azerbaijanesa!<\/p>\r\n\r\n                            <a class=\"getStartedHidden\" href=\"https:\/\/app.talkpal.ai\/pt-pt\/signup?lng=\">Come\u00e7a<\/a>\r\n        \r\n    <\/div>\r\n\r\n    <figure>\r\n    <img decoding=\"async\" width=\"768\" height=\"768\" src=\"https:\/\/talkpal.ai\/wp-content\/uploads\/2023\/06\/azerbaijani-768x768.png\" class=\"languageImage no-lazy\" alt=\"Default alt text\" fetchpriority=\"high\" sizes=\"(max-width: 768px) 150px, 768px\" srcset=\"https:\/\/talkpal.ai\/wp-content\/uploads\/2023\/06\/azerbaijani-768x768.png 768w, https:\/\/talkpal.ai\/wp-content\/uploads\/2023\/06\/azerbaijani-300x300.png 300w\" \/>\r\n    \r\n\r\n    <\/figure>\r\n\r\n            <a class=\"getStartedVisible\" href=\"https:\/\/app.talkpal.ai\/pt-pt\/signup?lng=\">Come\u00e7a<\/a>\r\n    \r\n<\/section>\r\n        <section class=\"grammarSection\">\r\n            <div class=\"grammarLinks\">\r\n                <a href=\"https:\/\/talkpal.ai\/pt-pt\/language\/adjetivos-gramatica-do-azerbaijao\/\">Adjetivos <\/a><a href=\"https:\/\/talkpal.ai\/pt-pt\/language\/adverbios-gramatica-do-azerbaijao\/\">Adv\u00e9rbios <\/a><a href=\"https:\/\/talkpal.ai\/pt-pt\/language\/artigos-gramatica-do-azerbaijao\/\">Artigos <\/a><a href=\"https:\/\/talkpal.ai\/pt-pt\/language\/comparacao-de-tempos-gramatica-do-azerbaijao\/\">Compara\u00e7\u00e3o de tempos <\/a><a href=\"https:\/\/talkpal.ai\/pt-pt\/language\/condicionais-gramatica-do-azerbaijao\/\">Condicionais <\/a><a href=\"https:\/\/talkpal.ai\/pt-pt\/language\/frases-gramatica-do-azerbaijao\/\">Frases <\/a><a href=\"https:\/\/talkpal.ai\/pt-pt\/language\/preposicoes-gramatica-do-azerbaijao\/\">Preposi\u00e7\u00f5es <\/a><a href=\"https:\/\/talkpal.ai\/pt-pt\/language\/progressivo-gramatica-do-azerbaijao\/\">Progressivo <\/a><a href=\"https:\/\/talkpal.ai\/pt-pt\/language\/progressivo-perfeito-gramatica-do-azerbaijao\/\">Progressivo Perfeito <\/a><a href=\"https:\/\/talkpal.ai\/pt-pt\/language\/pronomes-determinantes-gramatica-do-azerbaijao\/\">Pronomes\/Determinantes <\/a><a href=\"https:\/\/talkpal.ai\/pt-pt\/language\/substantivos-gramatica-do-azerbaijao\/\">Substantivos <\/a><a href=\"https:\/\/talkpal.ai\/pt-pt\/language\/tempos-verbais-gramatica-do-azerbaijao\/\">Tempos Verbais <\/a><a href=\"https:\/\/talkpal.ai\/pt-pt\/language\/verbos-gramatica-do-azerbaijao\/\">Verbos <\/a>            <\/div>\r\n        <\/section>\r\n    <section class=\"promotionalBanner\">\r\n    <p class=\"promotionalText\">A maneira mais eficiente de aprender um idioma<\/p>\r\n    <a class=\"promotionalLink\" href=\"https:\/\/app.talkpal.ai\/pt-pt\/signup?lng=\">Experimente o Talkpal gratuitamente<\/a>\r\n<\/section>\n<div class=\"wp-block-group pageContainerStyle\"><div class=\"wp-block-group__inner-container is-layout-constrained wp-block-group-is-layout-constrained\">\n<h2 class=\"wp-block-heading\" id=\"h-a-comprehensive-guide-to-azerbaijani-grammar\">Um guia abrangente para a gram\u00e1tica do Azerbaij\u00e3o<\/h2>\n\n\n\n<p>Voc\u00ea j\u00e1 pensou em aprender azeri? <a href=\"https:\/\/talkpal.ai\/locations\/language-courses-in-como\/\">Como<\/a> l\u00edngua oficial do Azerbaij\u00e3o e falada por milh\u00f5es de pessoas na regi\u00e3o do <a href=\"https:\/\/talkpal.ai\/es\/locations\/cursos-de-idiomas-en-caucaso\/\">C\u00e1ucaso<\/a>, o Azerbaij\u00e3o \u00e9 uma l\u00edngua \u00fanica e fascinante. Com uma hist\u00f3ria rica, cultura diversificada e uma mistura de influ\u00eancias das l\u00ednguas turca, russa e <a href=\"https:\/\/talkpal.ai\/learn-persian\/\">persa<\/a>, o Azerbaij\u00e3o proporciona uma experi\u00eancia lingu\u00edstica \u00fanica. Mas n\u00e3o temas, meu amigo! Neste artigo, vamos descobrir as maravilhas da <a href=\"https:\/\/talkpal.ai\/pt-pt\/o-que-ha-de-especial-na-gramatica-do-azerbaijao\/\">gram\u00e1tica do Azerbaij\u00e3o<\/a>, tornando-a acess\u00edvel, e ouso dizer, agrad\u00e1vel para entusiastas da l\u00edngua como voc\u00ea.<\/p>\n\n\n\n<p><strong>Vamos come\u00e7ar, est\u00e1 bem?<\/strong><\/p>\n\n\n\n<h3 class=\"wp-block-heading\" id=\"h-1-the-azerbaijani-alphabet-a-fusion-of-beauty-and-simplicity\">1. O alfabeto do Azerbaij\u00e3o: uma fus\u00e3o de beleza e simplicidade<\/h3>\n\n\n\n<p>O alfabeto azeri \u00e9 baseado na escrita <a href=\"https:\/\/talkpal.ai\/locations\/language-courses-in-latina\/\">latina<\/a>, consistindo de 32 letras. N\u00e3o te preocupes, n\u00e3o ter\u00e1s de decifrar caracteres enigm\u00e1ticos, pois assemelha-se muito ao alfabeto <a href=\"https:\/\/talkpal.ai\/pt-pt\/locations\/aprenda-ingles-em-passos\/\">ingl\u00eas<\/a>. Algumas letras, no entanto, possuem acentos \u00fanicos e marcas diacr\u00edticas para representar sons espec\u00edficos do Azerbaij\u00e3o. O que \u00e9 que achas? Dominar o alfabeto \u00e9 o primeiro passo pequeno, mas essencial, no aprendizado do idioma.<\/p>\n\n\n\n<h3 class=\"wp-block-heading\" id=\"h-2-word-order-simple-as-s-o-v\">2. Ordem das palavras: Simples como S-O-V!<\/h3>\n\n\n\n<p><a href=\"https:\/\/talkpal.ai\/culture\/how-do-you-use-the-phrase-ao-contrario-de\/\">Ao contr\u00e1rio<\/a> do ingl\u00eas, que segue uma ordem de palavras sujeito-verbo-objeto (SVO), o azeri \u00e9 uma l\u00edngua SOV. Isso significa que voc\u00ea geralmente encontrar\u00e1 o sujeito no in\u00edcio de uma frase, seguido pelo objeto e terminando com o verbo. Isto pode parecer um pouco estranho no in\u00edcio, mas acredita, vais apanhar-lhe o jeito num instante! Por exemplo, em ingl\u00eas, dizemos \u201cI love Azerbaijan\u201d. Em azerbaijan\u00eas, a frase seria \u201cM\u0259n Az\u0259rbaycan\u0131 sevir\u0259m\u201d (literalmente, \u201cEu amo o Azerbaij\u00e3o\u201d). Peda\u00e7o de bolo, n\u00e9?<\/p>\n\n\n\n<h3 class=\"wp-block-heading\" id=\"h-3-noun-cases-a-colorful-display-of-linguistic-variety\">3. Casos substantivos: uma exibi\u00e7\u00e3o colorida de variedade lingu\u00edstica<\/h3>\n\n\n\n<p>Uma das caracter\u00edsticas mais marcantes da gram\u00e1tica do Azerbaij\u00e3o s\u00e3o seus casos substantivos. A linguagem possui seis casos distintos, cada um servindo a uma fun\u00e7\u00e3o espec\u00edfica. S\u00e3o eles: nominativo, genitivo, dativo, acusativo, locativo e ablativo. Agora, isso pode parecer intimidador, mas n\u00e3o tenha medo! Assim como pintar um quadro com cores diferentes, esses casos adicionam profundidade e significado \u00e0s suas frases. Por exemplo, \u201ckitab\u201d (livro) pode transformar-se em \u201ckitab\u0131n\u201d (do livro) para transmitir posse. \u00c0 medida que te fores familiarizando com estes casos, come\u00e7ar\u00e1s a apreciar o seu significado na l\u00edngua.<\/p>\n\n\n\n<h3 class=\"wp-block-heading\" id=\"h-4-verb-conjugation-express-yourself-with-ease\">4. Conjuga\u00e7\u00e3o de verbos: Expresse-se com facilidade<\/h3>\n\n\n\n<p>Os verbos do Azerbaij\u00e3o s\u00e3o ricos e expressivos, permitindo que voc\u00ea transmita uma ampla gama de a\u00e7\u00f5es, emo\u00e7\u00f5es, inten\u00e7\u00f5es e muito mais. A chave para dominar a conjuga\u00e7\u00e3o de verbos do Azerbaij\u00e3o est\u00e1 em entender a forma infinitiva (a forma b\u00e1sica e n\u00e3o conjugada do verbo) e v\u00e1rios sufixos que indicam tempo, pessoa e n\u00famero. Por exemplo, o infinitivo \u201cg\u00f6rm\u0259k\u201d (ver) pode tornar-se \u201cg\u00f6r\u00fcr\u0259m\u201d (eu vejo) ou \u201cg\u00f6rd\u00fcm\u201d (eu vi) atrav\u00e9s da magia da conjuga\u00e7\u00e3o. A pr\u00e1tica leva \u00e0 perfei\u00e7\u00e3o, por isso continua a praticar e ser\u00e1s um g\u00e9nio da conjuga\u00e7\u00e3o de verbos em pouco tempo!<\/p>\n\n\n\n<h3 class=\"wp-block-heading\" id=\"h-5-it-s-all-about-the-context-dig-deep-into-the-azerbaijani-mindset\">5. O que importa \u00e9 o contexto: Investiga a fundo a mentalidade azerbaijanesa!<\/h3>\n\n\n\n<p>Ao come\u00e7ar a juntar frases e mergulhar na l\u00edngua azeri, tenha sempre em mente que o contexto \u00e9 crucial. A cultura, a hist\u00f3ria e a vis\u00e3o de mundo do Azerbaij\u00e3o desempenham um papel importante na forma\u00e7\u00e3o da l\u00edngua. Por isso, como se costuma dizer, \u201cquando estiveres em Roma, faz como os romanos\u201d. Mergulhe na mentalidade do Azerbaij\u00e3o para ter uma verdadeira no\u00e7\u00e3o da l\u00edngua. Envolva-se com falantes nativos, explore a literatura local e abrace as idiossincrasias do idioma. Confia em mim, n\u00e3o s\u00f3 melhorar\u00e1s a tua profici\u00eancia lingu\u00edstica, como tamb\u00e9m ganhar\u00e1s experi\u00eancias e mem\u00f3rias inesquec\u00edveis.<\/p>\n\n\n\n<p>Em conclus\u00e3o, a gram\u00e1tica azerbaijanesa pode parecer um desafio no in\u00edcio, mas com dedica\u00e7\u00e3o, pr\u00e1tica e um grande interesse pela cultura, ser\u00e1s um profissional em pouco tempo! Ent\u00e3o, por que esperar? Mergulhe e embarque nesta emocionante aventura lingu\u00edstica que o deixar\u00e1 maravilhado com a beleza e a profundidade da l\u00edngua azeri.<\/p>\n<\/div><\/div>\n\r\n<section class=\"learnNavigationSection\">\r\n            \r\n        <a href=\"https:\/\/talkpal.ai\/pt-pt\/aprender-azerbaijano\/\">\r\n            <div class=\"learnNavigationWrapper\">\r\n                <div class=\"learnNavigationContent\">\r\n                    <img decoding=\"async\" src=\"https:\/\/talkpal.ai\/wp-content\/uploads\/2024\/08\/Azerbaijani.jpg\" alt=\"Azerbaijani Flag\">\r\n                    <div>\r\n                        <h4>Sobre a aprendizagem do Azerbaij\u00e3o<\/h4>\r\n                        <p>Descobre tudo sobre a gram\u00e1tica azerbaijanesa.<\/p>\r\n                    <\/div>\r\n                <\/div>\r\n            <\/div>\r\n        <\/a>\r\n\r\n        \r\n        <a href=\"https:\/\/talkpal.ai\/pt-pt\/exercicios-de-gramatica-do-azerbaijao\/\">\r\n            <div class=\"learnNavigationWrapper\">\r\n                <div class=\"learnNavigationContent\">\r\n                    <img decoding=\"async\" src=\"https:\/\/talkpal.ai\/wp-content\/uploads\/2024\/08\/Azerbaijani.jpg\" alt=\"Azerbaijani Flag\">\r\n                    <div>\r\n                        <h4>Exerc\u00edcio de gram\u00e1tica azerbaijanesa<\/h4>\r\n                        <p>Pratica a gram\u00e1tica azerbaijanesa.<\/p>\r\n                    <\/div>\r\n                <\/div>\r\n            <\/div>\r\n        <\/a>\r\n\r\n        \r\n        <a href=\"https:\/\/talkpal.ai\/vocabulary_language\/azerbaijani\/\">\r\n            <div class=\"learnNavigationWrapper\">\r\n                <div class=\"learnNavigationContent\">\r\n                    <img decoding=\"async\" src=\"https:\/\/talkpal.ai\/wp-content\/uploads\/2024\/08\/Azerbaijani.jpg\" alt=\"Azerbaijani Flag\">\r\n                    <div>\r\n                        <h4>Vocabul\u00e1rio azerbaijan\u00eas<\/h4>\r\n                        <p>Amplia o teu vocabul\u00e1rio azerbaijan\u00eas.<\/p>\r\n                    <\/div>\r\n                <\/div>\r\n            <\/div>\r\n        <\/a>\r\n\r\n            <\/section>","protected":false},"excerpt":{"rendered":"<p>Um guia abrangente para a gram\u00e1tica do Azerbaij\u00e3o Voc\u00ea j\u00e1 pensou em aprender azeri? Como l\u00edngua oficial do Azerbaij\u00e3o e falada por milh\u00f5es de pessoas na regi\u00e3o do C\u00e1ucaso, o Azerbaij\u00e3o \u00e9 uma l\u00edngua \u00fanica e fascinante. Com uma hist\u00f3ria rica, cultura diversificada e uma mistura de influ\u00eancias das l\u00ednguas turca, russa e persa, o [&hellip;]<\/p>\n","protected":false},"author":1,"featured_media":28162,"parent":0,"menu_order":0,"comment_status":"closed","ping_status":"closed","template":"LearningContentPage.php","meta":{"_acf_changed":false,"footnotes":""},"class_list":["post-140088","page","type-page","status-publish","has-post-thumbnail","hentry"],"acf":[],"yoast_head":"<!-- This site is optimized with the Yoast SEO Premium plugin v27.2 (Yoast SEO v27.2) - https:\/\/yoast.com\/product\/yoast-seo-premium-wordpress\/ -->\n<title>Gram\u00e1tica do Azerbaij\u00e3o - Talkpal<\/title>\n<meta name=\"description\" content=\"Domina a gram\u00e1tica azerbaijanesa sem esfor\u00e7o com Talkpal, o teu tutor com intelig\u00eancia artificial. Descobre explica\u00e7\u00f5es f\u00e1ceis, exerc\u00edcios interactivos e dicas pr\u00e1ticas\" \/>\n<meta name=\"robots\" content=\"index, follow, max-snippet:-1, max-image-preview:large, max-video-preview:-1\" \/>\n<link rel=\"canonical\" href=\"https:\/\/talkpal.ai\/pt-pt\/gramatica-do-azerbaijao\/\" \/>\n<meta property=\"og:locale\" content=\"pt_PT\" \/>\n<meta property=\"og:type\" content=\"article\" \/>\n<meta property=\"og:title\" content=\"Gram\u00e1tica do Azerbaij\u00e3o\" \/>\n<meta property=\"og:description\" content=\"Um guia abrangente para a gram\u00e1tica do Azerbaij\u00e3o Voc\u00ea j\u00e1 pensou em aprender azeri? Como l\u00edngua oficial do Azerbaij\u00e3o e falada por milh\u00f5es de pessoas na\" \/>\n<meta property=\"og:url\" content=\"https:\/\/talkpal.ai\/pt-pt\/gramatica-do-azerbaijao\/\" \/>\n<meta property=\"og:site_name\" content=\"Talkpal\" \/>\n<meta property=\"article:publisher\" content=\"https:\/\/www.facebook.com\/profile.php?id=100090733639311\" \/>\n<meta property=\"article:modified_time\" content=\"2025-05-22T08:23:57+00:00\" \/>\n<meta property=\"og:image\" content=\"https:\/\/talkpal.ai\/wp-content\/uploads\/2023\/05\/azerbaijan.png\" \/>\n\t<meta property=\"og:image:width\" content=\"512\" \/>\n\t<meta property=\"og:image:height\" content=\"512\" \/>\n\t<meta property=\"og:image:type\" content=\"image\/png\" \/>\n<meta name=\"twitter:card\" content=\"summary_large_image\" \/>\n<meta name=\"twitter:site\" content=\"@talkpalai\" \/>\n<meta name=\"twitter:label1\" content=\"Tempo estimado de leitura\" \/>\n\t<meta name=\"twitter:data1\" content=\"4 minutos\" \/>\n<script type=\"application\/ld+json\" class=\"yoast-schema-graph\">{\"@context\":\"https:\/\/schema.org\",\"@graph\":[{\"@type\":\"WebPage\",\"@id\":\"https:\/\/talkpal.ai\/pt-pt\/gramatica-do-azerbaijao\/\",\"url\":\"https:\/\/talkpal.ai\/pt-pt\/gramatica-do-azerbaijao\/\",\"name\":\"Gram\u00e1tica do Azerbaij\u00e3o - Talkpal\",\"isPartOf\":{\"@id\":\"https:\/\/talkpal.ai\/pt-pt\/#website\"},\"primaryImageOfPage\":{\"@id\":\"https:\/\/talkpal.ai\/pt-pt\/gramatica-do-azerbaijao\/#primaryimage\"},\"image\":{\"@id\":\"https:\/\/talkpal.ai\/pt-pt\/gramatica-do-azerbaijao\/#primaryimage\"},\"thumbnailUrl\":\"https:\/\/talkpal.ai\/wp-content\/uploads\/2023\/05\/azerbaijan.png\",\"datePublished\":\"2023-05-14T13:53:48+00:00\",\"dateModified\":\"2025-05-22T08:23:57+00:00\",\"description\":\"Domina a gram\u00e1tica azerbaijanesa sem esfor\u00e7o com Talkpal, o teu tutor com intelig\u00eancia artificial. Descobre explica\u00e7\u00f5es f\u00e1ceis, exerc\u00edcios interactivos e dicas pr\u00e1ticas\",\"breadcrumb\":{\"@id\":\"https:\/\/talkpal.ai\/pt-pt\/gramatica-do-azerbaijao\/#breadcrumb\"},\"inLanguage\":\"pt-PT\",\"potentialAction\":[{\"@type\":\"ReadAction\",\"target\":[\"https:\/\/talkpal.ai\/pt-pt\/gramatica-do-azerbaijao\/\"]}]},{\"@type\":\"ImageObject\",\"inLanguage\":\"pt-PT\",\"@id\":\"https:\/\/talkpal.ai\/pt-pt\/gramatica-do-azerbaijao\/#primaryimage\",\"url\":\"https:\/\/talkpal.ai\/wp-content\/uploads\/2023\/05\/azerbaijan.png\",\"contentUrl\":\"https:\/\/talkpal.ai\/wp-content\/uploads\/2023\/05\/azerbaijan.png\",\"width\":512,\"height\":512},{\"@type\":\"BreadcrumbList\",\"@id\":\"https:\/\/talkpal.ai\/pt-pt\/gramatica-do-azerbaijao\/#breadcrumb\",\"itemListElement\":[{\"@type\":\"ListItem\",\"position\":1,\"name\":\"Homepage\",\"item\":\"https:\/\/talkpal.ai\/pt-pt\/\"},{\"@type\":\"ListItem\",\"position\":2,\"name\":\"Gram\u00e1tica do Azerbaij\u00e3o\"}]},{\"@type\":\"WebSite\",\"@id\":\"https:\/\/talkpal.ai\/pt-pt\/#website\",\"url\":\"https:\/\/talkpal.ai\/pt-pt\/\",\"name\":\"Talkpal\",\"description\":\"AI Language Learning\",\"publisher\":{\"@id\":\"https:\/\/talkpal.ai\/pt-pt\/#organization\"},\"alternateName\":\"Talkpal AI\",\"potentialAction\":[{\"@type\":\"SearchAction\",\"target\":{\"@type\":\"EntryPoint\",\"urlTemplate\":\"https:\/\/talkpal.ai\/pt-pt\/?s={search_term_string}\"},\"query-input\":{\"@type\":\"PropertyValueSpecification\",\"valueRequired\":true,\"valueName\":\"search_term_string\"}}],\"inLanguage\":\"pt-PT\"},{\"@type\":\"Organization\",\"@id\":\"https:\/\/talkpal.ai\/pt-pt\/#organization\",\"name\":\"Talkpal, Inc.\",\"alternateName\":\"Talkpal AI\",\"url\":\"https:\/\/talkpal.ai\/pt-pt\/\",\"logo\":{\"@type\":\"ImageObject\",\"inLanguage\":\"pt-PT\",\"@id\":\"https:\/\/talkpal.ai\/pt-pt\/#\/schema\/logo\/image\/\",\"url\":\"https:\/\/talkpal.ai\/wp-content\/uploads\/2024\/03\/Talkpal-Logo-Icon.png\",\"contentUrl\":\"https:\/\/talkpal.ai\/wp-content\/uploads\/2024\/03\/Talkpal-Logo-Icon.png\",\"width\":2880,\"height\":2880,\"caption\":\"Talkpal, Inc.\"},\"image\":{\"@id\":\"https:\/\/talkpal.ai\/pt-pt\/#\/schema\/logo\/image\/\"},\"sameAs\":[\"https:\/\/www.facebook.com\/profile.php?id=100090733639311\",\"https:\/\/x.com\/talkpalai\",\"https:\/\/www.linkedin.com\/company\/talkpal\/\",\"https:\/\/www.youtube.com\/@TalkPal\/\",\"https:\/\/www.tiktok.com\/@talkpal\",\"https:\/\/www.instagram.com\/talkpal_ai\/\",\"https:\/\/www.crunchbase.com\/organization\/talkpal-9cde\",\"https:\/\/www.g2.com\/products\/talkpal-for-business\/\",\"https:\/\/www.trustpilot.com\/review\/talkpal.ai\",\"https:\/\/www.capterra.com\/p\/10006800\/TalkPal\/\"],\"description\":\"Talkpal is a language learning web and mobile education app, powered by the latest AI technologies, that provides engaging experiences to its customers in many different languages to help them improve their language skills. Users can chat about unlimited amount of topics with the app and use other modes to practice their language learning.\",\"email\":\"support@talkpal.ai\",\"legalName\":\"Talkpal, Inc.\",\"foundingDate\":\"2023-04-03\",\"duns\":\"118989042\",\"numberOfEmployees\":{\"@type\":\"QuantitativeValue\",\"minValue\":\"11\",\"maxValue\":\"50\"},\"publishingPrinciples\":\"https:\/\/talkpal.ai\/publishing-principles\/\",\"actionableFeedbackPolicy\":\"https:\/\/talkpal.ai\/actionable-feedback-policy\/\",\"correctionsPolicy\":\"https:\/\/talkpal.ai\/corrections-policy\/\",\"ethicsPolicy\":\"https:\/\/talkpal.ai\/ethics-policy\/\",\"diversityPolicy\":\"https:\/\/talkpal.ai\/diversity-policy\/\",\"diversityStaffingReport\":\"https:\/\/talkpal.ai\/diversity-policy\/\"}]}<\/script>\n<!-- \/ Yoast SEO Premium plugin. -->","yoast_head_json":{"title":"Gram\u00e1tica do Azerbaij\u00e3o - Talkpal","description":"Domina a gram\u00e1tica azerbaijanesa sem esfor\u00e7o com Talkpal, o teu tutor com intelig\u00eancia artificial. Descobre explica\u00e7\u00f5es f\u00e1ceis, exerc\u00edcios interactivos e dicas pr\u00e1ticas","robots":{"index":"index","follow":"follow","max-snippet":"max-snippet:-1","max-image-preview":"max-image-preview:large","max-video-preview":"max-video-preview:-1"},"canonical":"https:\/\/talkpal.ai\/pt-pt\/gramatica-do-azerbaijao\/","og_locale":"pt_PT","og_type":"article","og_title":"Gram\u00e1tica do Azerbaij\u00e3o","og_description":"Um guia abrangente para a gram\u00e1tica do Azerbaij\u00e3o Voc\u00ea j\u00e1 pensou em aprender azeri? Como l\u00edngua oficial do Azerbaij\u00e3o e falada por milh\u00f5es de pessoas na","og_url":"https:\/\/talkpal.ai\/pt-pt\/gramatica-do-azerbaijao\/","og_site_name":"Talkpal","article_publisher":"https:\/\/www.facebook.com\/profile.php?id=100090733639311","article_modified_time":"2025-05-22T08:23:57+00:00","og_image":[{"width":512,"height":512,"url":"https:\/\/talkpal.ai\/wp-content\/uploads\/2023\/05\/azerbaijan.png","type":"image\/png"}],"twitter_card":"summary_large_image","twitter_site":"@talkpalai","twitter_misc":{"Tempo estimado de leitura":"4 minutos"},"schema":{"@context":"https:\/\/schema.org","@graph":[{"@type":"WebPage","@id":"https:\/\/talkpal.ai\/pt-pt\/gramatica-do-azerbaijao\/","url":"https:\/\/talkpal.ai\/pt-pt\/gramatica-do-azerbaijao\/","name":"Gram\u00e1tica do Azerbaij\u00e3o - Talkpal","isPartOf":{"@id":"https:\/\/talkpal.ai\/pt-pt\/#website"},"primaryImageOfPage":{"@id":"https:\/\/talkpal.ai\/pt-pt\/gramatica-do-azerbaijao\/#primaryimage"},"image":{"@id":"https:\/\/talkpal.ai\/pt-pt\/gramatica-do-azerbaijao\/#primaryimage"},"thumbnailUrl":"https:\/\/talkpal.ai\/wp-content\/uploads\/2023\/05\/azerbaijan.png","datePublished":"2023-05-14T13:53:48+00:00","dateModified":"2025-05-22T08:23:57+00:00","description":"Domina a gram\u00e1tica azerbaijanesa sem esfor\u00e7o com Talkpal, o teu tutor com intelig\u00eancia artificial. Descobre explica\u00e7\u00f5es f\u00e1ceis, exerc\u00edcios interactivos e dicas pr\u00e1ticas","breadcrumb":{"@id":"https:\/\/talkpal.ai\/pt-pt\/gramatica-do-azerbaijao\/#breadcrumb"},"inLanguage":"pt-PT","potentialAction":[{"@type":"ReadAction","target":["https:\/\/talkpal.ai\/pt-pt\/gramatica-do-azerbaijao\/"]}]},{"@type":"ImageObject","inLanguage":"pt-PT","@id":"https:\/\/talkpal.ai\/pt-pt\/gramatica-do-azerbaijao\/#primaryimage","url":"https:\/\/talkpal.ai\/wp-content\/uploads\/2023\/05\/azerbaijan.png","contentUrl":"https:\/\/talkpal.ai\/wp-content\/uploads\/2023\/05\/azerbaijan.png","width":512,"height":512},{"@type":"BreadcrumbList","@id":"https:\/\/talkpal.ai\/pt-pt\/gramatica-do-azerbaijao\/#breadcrumb","itemListElement":[{"@type":"ListItem","position":1,"name":"Homepage","item":"https:\/\/talkpal.ai\/pt-pt\/"},{"@type":"ListItem","position":2,"name":"Gram\u00e1tica do Azerbaij\u00e3o"}]},{"@type":"WebSite","@id":"https:\/\/talkpal.ai\/pt-pt\/#website","url":"https:\/\/talkpal.ai\/pt-pt\/","name":"Talkpal","description":"AI Language Learning","publisher":{"@id":"https:\/\/talkpal.ai\/pt-pt\/#organization"},"alternateName":"Talkpal AI","potentialAction":[{"@type":"SearchAction","target":{"@type":"EntryPoint","urlTemplate":"https:\/\/talkpal.ai\/pt-pt\/?s={search_term_string}"},"query-input":{"@type":"PropertyValueSpecification","valueRequired":true,"valueName":"search_term_string"}}],"inLanguage":"pt-PT"},{"@type":"Organization","@id":"https:\/\/talkpal.ai\/pt-pt\/#organization","name":"Talkpal, Inc.","alternateName":"Talkpal AI","url":"https:\/\/talkpal.ai\/pt-pt\/","logo":{"@type":"ImageObject","inLanguage":"pt-PT","@id":"https:\/\/talkpal.ai\/pt-pt\/#\/schema\/logo\/image\/","url":"https:\/\/talkpal.ai\/wp-content\/uploads\/2024\/03\/Talkpal-Logo-Icon.png","contentUrl":"https:\/\/talkpal.ai\/wp-content\/uploads\/2024\/03\/Talkpal-Logo-Icon.png","width":2880,"height":2880,"caption":"Talkpal, Inc."},"image":{"@id":"https:\/\/talkpal.ai\/pt-pt\/#\/schema\/logo\/image\/"},"sameAs":["https:\/\/www.facebook.com\/profile.php?id=100090733639311","https:\/\/x.com\/talkpalai","https:\/\/www.linkedin.com\/company\/talkpal\/","https:\/\/www.youtube.com\/@TalkPal\/","https:\/\/www.tiktok.com\/@talkpal","https:\/\/www.instagram.com\/talkpal_ai\/","https:\/\/www.crunchbase.com\/organization\/talkpal-9cde","https:\/\/www.g2.com\/products\/talkpal-for-business\/","https:\/\/www.trustpilot.com\/review\/talkpal.ai","https:\/\/www.capterra.com\/p\/10006800\/TalkPal\/"],"description":"Talkpal is a language learning web and mobile education app, powered by the latest AI technologies, that provides engaging experiences to its customers in many different languages to help them improve their language skills. Users can chat about unlimited amount of topics with the app and use other modes to practice their language learning.","email":"support@talkpal.ai","legalName":"Talkpal, Inc.","foundingDate":"2023-04-03","duns":"118989042","numberOfEmployees":{"@type":"QuantitativeValue","minValue":"11","maxValue":"50"},"publishingPrinciples":"https:\/\/talkpal.ai\/publishing-principles\/","actionableFeedbackPolicy":"https:\/\/talkpal.ai\/actionable-feedback-policy\/","correctionsPolicy":"https:\/\/talkpal.ai\/corrections-policy\/","ethicsPolicy":"https:\/\/talkpal.ai\/ethics-policy\/","diversityPolicy":"https:\/\/talkpal.ai\/diversity-policy\/","diversityStaffingReport":"https:\/\/talkpal.ai\/diversity-policy\/"}]}},"_links":{"self":[{"href":"https:\/\/talkpal.ai\/pt-pt\/wp-json\/wp\/v2\/pages\/140088","targetHints":{"allow":["GET"]}}],"collection":[{"href":"https:\/\/talkpal.ai\/pt-pt\/wp-json\/wp\/v2\/pages"}],"about":[{"href":"https:\/\/talkpal.ai\/pt-pt\/wp-json\/wp\/v2\/types\/page"}],"author":[{"embeddable":true,"href":"https:\/\/talkpal.ai\/pt-pt\/wp-json\/wp\/v2\/users\/1"}],"replies":[{"embeddable":true,"href":"https:\/\/talkpal.ai\/pt-pt\/wp-json\/wp\/v2\/comments?post=140088"}],"version-history":[{"count":0,"href":"https:\/\/talkpal.ai\/pt-pt\/wp-json\/wp\/v2\/pages\/140088\/revisions"}],"wp:featuredmedia":[{"embeddable":true,"href":"https:\/\/talkpal.ai\/pt-pt\/wp-json\/wp\/v2\/media\/28162"}],"wp:attachment":[{"href":"https:\/\/talkpal.ai\/pt-pt\/wp-json\/wp\/v2\/media?parent=140088"}],"curies":[{"name":"wp","href":"https:\/\/api.w.org\/{rel}","templated":true}]}}