{"id":139791,"date":"2023-05-14T13:52:49","date_gmt":"2023-05-14T13:52:49","guid":{"rendered":"http:\/\/talkpal.ai\/gramatica-russa\/"},"modified":"2025-12-13T15:16:00","modified_gmt":"2025-12-13T15:16:00","slug":"gramatica-russa","status":"publish","type":"page","link":"https:\/\/talkpal.ai\/pt-pt\/gramatica-russa\/","title":{"rendered":"Gram\u00e1tica Russa"},"content":{"rendered":"\r\n\r\n\r\n<section class=\"languageChallengeSection\">\r\n    <div class=\"languageInfoWrapper\">\r\n        \r\n        <h1>Gram\u00e1tica Russa<\/h1>\r\n        <p>Come\u00e7a a tua aventura na l\u00edngua russa e abre as portas a uma cultura e hist\u00f3ria ricas. Dominar a gram\u00e1tica e o vocabul\u00e1rio russos ir\u00e1 melhorar as tuas oportunidades de viagem, carreira e comunica\u00e7\u00e3o. Come\u00e7a a aprender <a href=\"https:\/\/talkpal.ai\/learn-russian\/\">russo<\/a> hoje e d\u00e1 o primeiro passo para a flu\u00eancia!\n\n<\/p>\r\n\r\n                            <a class=\"getStartedHidden\" href=\"https:\/\/app.talkpal.ai\/pt-pt\/signup?lng=\">Come\u00e7a<\/a>\r\n        \r\n    <\/div>\r\n\r\n    <figure>\r\n    <img decoding=\"async\" width=\"768\" height=\"768\" src=\"https:\/\/talkpal.ai\/wp-content\/uploads\/2023\/06\/russian-768x768.png\" class=\"languageImage no-lazy\" alt=\"Default alt text\" fetchpriority=\"high\" sizes=\"(max-width: 768px) 150px, 768px\" srcset=\"https:\/\/talkpal.ai\/wp-content\/uploads\/2023\/06\/russian-768x768.png 768w, https:\/\/talkpal.ai\/wp-content\/uploads\/2023\/06\/russian-300x300.png 300w\" \/>\r\n    \r\n\r\n    <\/figure>\r\n\r\n            <a class=\"getStartedVisible\" href=\"https:\/\/app.talkpal.ai\/pt-pt\/signup?lng=\">Come\u00e7a<\/a>\r\n    \r\n<\/section>\r\n        <section class=\"grammarSection\">\r\n            <div class=\"grammarLinks\">\r\n                <a href=\"https:\/\/talkpal.ai\/pt-pt\/language\/adjetivos-gramatica-russa\/\">Adjetivos <\/a><a href=\"https:\/\/talkpal.ai\/pt-pt\/language\/adverbios-gramatica-russa\/\">Adv\u00e9rbios <\/a><a href=\"https:\/\/talkpal.ai\/pt-pt\/language\/artigos-gramatica-russa\/\">Artigos <\/a><a href=\"https:\/\/talkpal.ai\/pt-pt\/language\/comparacao-de-tempos-gramatica-russa\/\">Compara\u00e7\u00e3o de tempos <\/a><a href=\"https:\/\/talkpal.ai\/pt-pt\/language\/estrutura-da-frase-gramatica-russa\/\">Estrutura da frase <\/a><a href=\"https:\/\/talkpal.ai\/pt-pt\/language\/indicativo-de-tempos-verbais-gramatica-russa\/\">Indicativo de Tempos Verbais <\/a><a href=\"https:\/\/talkpal.ai\/pt-pt\/language\/preposicoes-gramatica-russa\/\">Preposi\u00e7\u00f5es <\/a><a href=\"https:\/\/talkpal.ai\/pt-pt\/language\/pronomes-gramatica-russa\/\">Pronomes <\/a><a href=\"https:\/\/talkpal.ai\/pt-pt\/language\/substantivos-gramatica-russa\/\">Substantivos <\/a><a href=\"https:\/\/talkpal.ai\/pt-pt\/language\/tempos-do-subjuntivo-gramatica-russa\/\">Tempos do Subjuntivo <\/a><a href=\"https:\/\/talkpal.ai\/pt-pt\/language\/verbos-gramatica-russa\/\">Verbos <\/a>            <\/div>\r\n        <\/section>\r\n    <section class=\"promotionalBanner\">\r\n    <p class=\"promotionalText\">A maneira mais eficiente de aprender um idioma<\/p>\r\n    <a class=\"promotionalLink\" href=\"https:\/\/app.talkpal.ai\/pt-pt\/signup?lng=\">Experimente o Talkpal gratuitamente<\/a>\r\n<\/section>\n<div class=\"wp-block-group pageContainerStyle\"><div class=\"wp-block-group__inner-container is-layout-constrained wp-block-group-is-layout-constrained\">\n<h1 class=\"wp-block-heading\" id=\"h-russian-grammar-unlock-the-secrets-to-mastering-russian\">Gram\u00e1tica Russa: Desbloqueie os Segredos para Dominar o Russo<\/h1>\n\n\n\n<p>Parab\u00e9ns por dar o passo ousado para aprender <a href=\"https:\/\/talkpal.ai\/learn-russian\/\">russo<\/a>! Com mais de 258 milh\u00f5es de falantes em todo o mundo, o russo \u00e9 uma l\u00edngua fascinante e gratificante que oferece insights sobre uma rica cultura e hist\u00f3ria. Quando se trata de <a href=\"https:\/\/talkpal.ai\/russian-grammar\/\">gram\u00e1tica russa<\/a>, pode parecer intimidante, mas n\u00e3o tenha medo! Este simp\u00e1tico guia para principiantes est\u00e1 aqui para te explicar o essencial da <a href=\"https:\/\/talkpal.ai\/russian-grammar\/\">gram\u00e1tica russa<\/a> de uma forma simples e cativante.<\/p>\n\n\n\n<h3 class=\"wp-block-heading\" id=\"h-1-the-russian-alphabet-your-starting-point\">1. O alfabeto russo: seu ponto de partida<\/h3>\n\n\n\n<p>A chave para navegar na gram\u00e1tica russa \u00e9 dominar o alfabeto cir\u00edlico. Com 33 letras, 10 vogais e 21 consoantes, forma a base para a leitura, escrita e compreens\u00e3o da l\u00edngua. Familiarizar-se com o alfabeto criar\u00e1 uma base s\u00f3lida para desenvolver suas habilidades gramaticais <a href=\"https:\/\/talkpal.ai\/locations\/language-courses-in-russas\/\">russas<\/a>.<\/p>\n\n\n\n<h3 class=\"wp-block-heading\" id=\"h-2-nouns-and-cases-the-core-of-russian-grammar\">2. Substantivos e Casos: O N\u00facleo da Gram\u00e1tica Russa<\/h3>\n\n\n\n<p>A gram\u00e1tica russa enfatiza o uso de casos para transmitir significado e contexto. Com seis casos \u2013 Nominativo, Genitivo, Dativo, Acusativo, Instrumental e Preposicional \u2013 os substantivos russos mudam suas termina\u00e7\u00f5es para mostrar sua fun\u00e7\u00e3o em uma frase. Assim, a ordem das palavras torna-se menos cr\u00edtica do que em <a href=\"https:\/\/talkpal.ai\/pt-pt\/locations\/aprenda-ingles-em-passos\/\">ingl\u00eas<\/a>. Por exemplo:<\/p>\n\n\n\n<p><a href=\"https:\/\/talkpal.ai\/pt-pt\/locations\/aprenda-ingles-em-passos\/\">Ingl\u00eas<\/a>: Eu dou um livro para um amigo.<\/p>\n\n\n\n<p>Russo: \u042f \u0434\u0430\u044e \u0434\u0440\u0443\u0433\u0443 \u043a\u043d\u0438\u0433\u0443 (Ya dayu drugu knigu)<\/p>\n\n\n\n<p>Aqui, \u201c\u0434\u0440\u0443\u0433\u0443\u201d (para um amigo) e \u201c\u043a\u043d\u0438\u0433\u0443\u201d (livro) est\u00e3o nos casos Dativo e Acusativo, respetivamente.<\/p>\n\n\n\n<h3 class=\"wp-block-heading\" id=\"h-3-mastering-gender-and-plurals\">3. Dominando G\u00eanero e Plurais<\/h3>\n\n\n\n<p>Na gram\u00e1tica russa, os substantivos s\u00e3o atribu\u00eddos a um dos tr\u00eas g\u00eaneros: masculino, feminino ou neutro. A termina\u00e7\u00e3o de um substantivo normalmente indica seu g\u00eanero:<\/p>\n\n\n\n<p>&#8211; Masculino: termina com uma consoante ou \u201c-\u0439\u201d<\/p>\n\n\n\n<p>&#8211; Feminino: termina com \u201c-\u0430\u201d ou \u201c-\u044f\u201d<\/p>\n\n\n\n<p>&#8211; Neutro: termina com \u201c-\u043e\u201d ou \u201c-\u0435\u201d<\/p>\n\n\n\n<p>Para formar plurais, as termina\u00e7\u00f5es dos substantivos mudam com base em seu g\u00eanero e no caso em que se encontram.<\/p>\n\n\n\n<h3 class=\"wp-block-heading\" id=\"h-4-conquer-verb-conjugation\">4. Conquistar a conjuga\u00e7\u00e3o de verbos<\/h3>\n\n\n\n<p><a href=\"https:\/\/talkpal.ai\/locations\/language-courses-in-como\/\">Como<\/a> muitas l\u00ednguas, os verbos russos mudam de forma (conjuga\u00e7\u00e3o) com base no tempo, na pessoa e no n\u00famero. Os verbos russos tamb\u00e9m v\u00eam em dois aspectos: perfectivo e imperfectivo. O <a href=\"https:\/\/talkpal.ai\/es\/grammar\/aspecto-perfectivo-en-gramatica-china\/\">aspecto perfectivo<\/a> sinaliza uma a\u00e7\u00e3o completa, enquanto o <a href=\"https:\/\/talkpal.ai\/es\/grammar\/aspecto-imperfectivo-en-gramatica-china\/\">aspecto imperfectivo<\/a> refere-se a a\u00e7\u00f5es cont\u00ednuas ou habituais.<\/p>\n\n\n\n<p>Para come\u00e7ar, concentre-se em compreender a conjuga\u00e7\u00e3o do tempo presente para verbos imperfectivos e o pret\u00e9rito para ambos os aspectos. Por exemplo:<\/p>\n\n\n\n<p>Tempo presente (Imperfectivo): \u042f \u0447\u0438\u0442\u0430\u044e (Ya chitayu) &#8211; \u201cEu leio\u201d ou \u201cEstou a ler\u201d<\/p>\n\n\n\n<p>Passado (Imperfectivo): \u042f \u0447\u0438\u0442\u0430\u043b (Ya chital) &#8211; \u201cEu estava a ler\u201d<\/p>\n\n\n\n<p>Passado (Perfectivo): \u042f \u043f\u0440\u043e\u0447\u0438\u0442\u0430\u043b (Ya prochital) &#8211; \u201cEu li\u201d ou \u201cEu li (e terminei)\u201d<\/p>\n\n\n\n<h3 class=\"wp-block-heading\" id=\"h-5-embrace-russian-pronouns\">5. Abrace os pronomes russos<\/h3>\n\n\n\n<p>Os pronomes na gram\u00e1tica russa substituem os substantivos e s\u00e3o cruciais para a fala fluida. Mergulhe no aprendizado de pronomes pessoais e possessivos, como:<\/p>\n\n\n\n<p>Pronomes pessoais: \u044f (eu), \u0442\u044b (voc\u00ea, informal), \u043e\u043d\/\u043e\u043d\u0430\/\u043e\u043d\u043e (ele\/ela\/it), \u0432\u044b (voc\u00ea, formal ou plural), \u043c\u044b (n\u00f3s), \u043e\u043d\u0438 (eles)<\/p>\n\n\n\n<p>Pronomes possessivos: \u043c\u043e\u0439\/\u043c\u043e\u044f\/\u043c\u043e\u0451 (meu), \u0442\u0432\u043e\u0439\/\u0442\u0432\u043e\u044f\/\u0442\u0432\u043e\u0451 (seu, informal), \u0435\u0433\u043e\/\u0435\u0451\/\u0438\u0445 (seu\/sua), \u0432\u0430\u0448\/\u0432\u0430\u0448\u0430\/\u0432\u0430\u0448\u0435 (seu, formal ou plural), \u043d\u0430\u0448\/\u043d\u0430\u0448\u0430\/\u043d\u0430\u0448\u0435 (nosso)<\/p>\n\n\n\n<p>N\u00e3o te esque\u00e7as que os pronomes russos t\u00eam de concordar com o g\u00e9nero e o caso do substantivo que substituem.<\/p>\n\n\n\n<p>Parab\u00e9ns! J\u00e1 deste os primeiros passos para dominar os meandros da gram\u00e1tica russa. Lembre-se, a pr\u00e1tica \u00e9 fundamental, ent\u00e3o aprofunde-se no idioma, envolva-se com falantes nativos e reforce sua base de aprendizado. \u0423\u0434\u0430\u0447\u0438! (Boa sorte!)<\/p>\n<\/div><\/div>\n\r\n<section class=\"learnNavigationSection\">\r\n            \r\n        <a href=\"https:\/\/talkpal.ai\/pt-pt\/aprenda-russo\/\">\r\n            <div class=\"learnNavigationWrapper\">\r\n                <div class=\"learnNavigationContent\">\r\n                    <img decoding=\"async\" src=\"https:\/\/talkpal.ai\/wp-content\/uploads\/2024\/08\/Russian.jpg\" alt=\"Russian Flag\">\r\n                    <div>\r\n                        <h4>Sobre a aprendizagem do russo<\/h4>\r\n                        <p>Descobre tudo sobre a gram\u00e1tica russa.<\/p>\r\n                    <\/div>\r\n                <\/div>\r\n            <\/div>\r\n        <\/a>\r\n\r\n        \r\n        <a href=\"https:\/\/talkpal.ai\/pt-pt\/exercicios-de-gramatica-russa\/\">\r\n            <div class=\"learnNavigationWrapper\">\r\n                <div class=\"learnNavigationContent\">\r\n                    <img decoding=\"async\" src=\"https:\/\/talkpal.ai\/wp-content\/uploads\/2024\/08\/Russian.jpg\" alt=\"Russian Flag\">\r\n                    <div>\r\n                        <h4>Exerc\u00edcio de gram\u00e1tica russa<\/h4>\r\n                        <p>Pratica a gram\u00e1tica russa.<\/p>\r\n                    <\/div>\r\n                <\/div>\r\n            <\/div>\r\n        <\/a>\r\n\r\n        \r\n        <a href=\"https:\/\/talkpal.ai\/vocabulary_language\/russian\/\">\r\n            <div class=\"learnNavigationWrapper\">\r\n                <div class=\"learnNavigationContent\">\r\n                    <img decoding=\"async\" src=\"https:\/\/talkpal.ai\/wp-content\/uploads\/2024\/08\/Russian.jpg\" alt=\"Russian Flag\">\r\n                    <div>\r\n                        <h4>Vocabul\u00e1rio russo<\/h4>\r\n                        <p>Amplia o teu vocabul\u00e1rio russo.<\/p>\r\n                    <\/div>\r\n                <\/div>\r\n            <\/div>\r\n        <\/a>\r\n\r\n            <\/section>","protected":false},"excerpt":{"rendered":"<p>Gram\u00e1tica Russa: Desbloqueie os Segredos para Dominar o Russo Parab\u00e9ns por dar o passo ousado para aprender russo! Com mais de 258 milh\u00f5es de falantes em todo o mundo, o russo \u00e9 uma l\u00edngua fascinante e gratificante que oferece insights sobre uma rica cultura e hist\u00f3ria. Quando se trata de gram\u00e1tica russa, pode parecer intimidante, [&hellip;]<\/p>\n","protected":false},"author":1,"featured_media":13890,"parent":0,"menu_order":0,"comment_status":"closed","ping_status":"closed","template":"LearningContentPage.php","meta":{"_acf_changed":false,"footnotes":""},"class_list":["post-139791","page","type-page","status-publish","has-post-thumbnail","hentry"],"acf":[],"yoast_head":"<!-- This site is optimized with the Yoast SEO Premium plugin v27.2 (Yoast SEO v27.2) - https:\/\/yoast.com\/product\/yoast-seo-premium-wordpress\/ -->\n<title>Gram\u00e1tica Russa - Talkpal<\/title>\n<meta name=\"description\" content=\"Desvenda o mundo da gram\u00e1tica russa com o nosso guia para principiantes. Domina o alfabeto cir\u00edlico e desenvolve as tuas compet\u00eancias lingu\u00edsticas.\" \/>\n<meta name=\"robots\" content=\"index, follow, max-snippet:-1, max-image-preview:large, max-video-preview:-1\" \/>\n<link rel=\"canonical\" href=\"https:\/\/talkpal.ai\/pt-pt\/gramatica-russa\/\" \/>\n<meta property=\"og:locale\" content=\"pt_PT\" \/>\n<meta property=\"og:type\" content=\"article\" \/>\n<meta property=\"og:title\" content=\"Gram\u00e1tica Russa\" \/>\n<meta property=\"og:description\" content=\"Gram\u00e1tica Russa: Desbloqueie os Segredos para Dominar o Russo Parab\u00e9ns por dar o passo ousado para aprender russo! Com mais de 258 milh\u00f5es de falantes em\" \/>\n<meta property=\"og:url\" content=\"https:\/\/talkpal.ai\/pt-pt\/gramatica-russa\/\" \/>\n<meta property=\"og:site_name\" content=\"Talkpal\" \/>\n<meta property=\"article:publisher\" content=\"https:\/\/www.facebook.com\/profile.php?id=100090733639311\" \/>\n<meta property=\"article:modified_time\" content=\"2025-12-13T15:16:00+00:00\" \/>\n<meta property=\"og:image\" content=\"https:\/\/talkpal.ai\/wp-content\/uploads\/2023\/04\/rusia.png\" \/>\n\t<meta property=\"og:image:width\" content=\"512\" \/>\n\t<meta property=\"og:image:height\" content=\"512\" \/>\n\t<meta property=\"og:image:type\" content=\"image\/png\" \/>\n<meta name=\"twitter:card\" content=\"summary_large_image\" \/>\n<meta name=\"twitter:site\" content=\"@talkpalai\" \/>\n<meta name=\"twitter:label1\" content=\"Tempo estimado de leitura\" \/>\n\t<meta name=\"twitter:data1\" content=\"3 minutos\" \/>\n<script type=\"application\/ld+json\" class=\"yoast-schema-graph\">{\"@context\":\"https:\/\/schema.org\",\"@graph\":[{\"@type\":\"WebPage\",\"@id\":\"https:\/\/talkpal.ai\/pt-pt\/gramatica-russa\/\",\"url\":\"https:\/\/talkpal.ai\/pt-pt\/gramatica-russa\/\",\"name\":\"Gram\u00e1tica Russa - Talkpal\",\"isPartOf\":{\"@id\":\"https:\/\/talkpal.ai\/pt-pt\/#website\"},\"primaryImageOfPage\":{\"@id\":\"https:\/\/talkpal.ai\/pt-pt\/gramatica-russa\/#primaryimage\"},\"image\":{\"@id\":\"https:\/\/talkpal.ai\/pt-pt\/gramatica-russa\/#primaryimage\"},\"thumbnailUrl\":\"https:\/\/talkpal.ai\/wp-content\/uploads\/2023\/04\/rusia.png\",\"datePublished\":\"2023-05-14T13:52:49+00:00\",\"dateModified\":\"2025-12-13T15:16:00+00:00\",\"description\":\"Desvenda o mundo da gram\u00e1tica russa com o nosso guia para principiantes. Domina o alfabeto cir\u00edlico e desenvolve as tuas compet\u00eancias lingu\u00edsticas.\",\"breadcrumb\":{\"@id\":\"https:\/\/talkpal.ai\/pt-pt\/gramatica-russa\/#breadcrumb\"},\"inLanguage\":\"pt-PT\",\"potentialAction\":[{\"@type\":\"ReadAction\",\"target\":[\"https:\/\/talkpal.ai\/pt-pt\/gramatica-russa\/\"]}]},{\"@type\":\"ImageObject\",\"inLanguage\":\"pt-PT\",\"@id\":\"https:\/\/talkpal.ai\/pt-pt\/gramatica-russa\/#primaryimage\",\"url\":\"https:\/\/talkpal.ai\/wp-content\/uploads\/2023\/04\/rusia.png\",\"contentUrl\":\"https:\/\/talkpal.ai\/wp-content\/uploads\/2023\/04\/rusia.png\",\"width\":512,\"height\":512},{\"@type\":\"BreadcrumbList\",\"@id\":\"https:\/\/talkpal.ai\/pt-pt\/gramatica-russa\/#breadcrumb\",\"itemListElement\":[{\"@type\":\"ListItem\",\"position\":1,\"name\":\"Homepage\",\"item\":\"https:\/\/talkpal.ai\/pt-pt\/\"},{\"@type\":\"ListItem\",\"position\":2,\"name\":\"Gram\u00e1tica Russa\"}]},{\"@type\":\"WebSite\",\"@id\":\"https:\/\/talkpal.ai\/pt-pt\/#website\",\"url\":\"https:\/\/talkpal.ai\/pt-pt\/\",\"name\":\"Talkpal\",\"description\":\"AI Language Learning\",\"publisher\":{\"@id\":\"https:\/\/talkpal.ai\/pt-pt\/#organization\"},\"alternateName\":\"Talkpal AI\",\"potentialAction\":[{\"@type\":\"SearchAction\",\"target\":{\"@type\":\"EntryPoint\",\"urlTemplate\":\"https:\/\/talkpal.ai\/pt-pt\/?s={search_term_string}\"},\"query-input\":{\"@type\":\"PropertyValueSpecification\",\"valueRequired\":true,\"valueName\":\"search_term_string\"}}],\"inLanguage\":\"pt-PT\"},{\"@type\":\"Organization\",\"@id\":\"https:\/\/talkpal.ai\/pt-pt\/#organization\",\"name\":\"Talkpal, Inc.\",\"alternateName\":\"Talkpal AI\",\"url\":\"https:\/\/talkpal.ai\/pt-pt\/\",\"logo\":{\"@type\":\"ImageObject\",\"inLanguage\":\"pt-PT\",\"@id\":\"https:\/\/talkpal.ai\/pt-pt\/#\/schema\/logo\/image\/\",\"url\":\"https:\/\/talkpal.ai\/wp-content\/uploads\/2024\/03\/Talkpal-Logo-Icon.png\",\"contentUrl\":\"https:\/\/talkpal.ai\/wp-content\/uploads\/2024\/03\/Talkpal-Logo-Icon.png\",\"width\":2880,\"height\":2880,\"caption\":\"Talkpal, Inc.\"},\"image\":{\"@id\":\"https:\/\/talkpal.ai\/pt-pt\/#\/schema\/logo\/image\/\"},\"sameAs\":[\"https:\/\/www.facebook.com\/profile.php?id=100090733639311\",\"https:\/\/x.com\/talkpalai\",\"https:\/\/www.linkedin.com\/company\/talkpal\/\",\"https:\/\/www.youtube.com\/@TalkPal\/\",\"https:\/\/www.tiktok.com\/@talkpal\",\"https:\/\/www.instagram.com\/talkpal_ai\/\",\"https:\/\/www.crunchbase.com\/organization\/talkpal-9cde\",\"https:\/\/www.g2.com\/products\/talkpal-for-business\/\",\"https:\/\/www.trustpilot.com\/review\/talkpal.ai\",\"https:\/\/www.capterra.com\/p\/10006800\/TalkPal\/\"],\"description\":\"Talkpal is a language learning web and mobile education app, powered by the latest AI technologies, that provides engaging experiences to its customers in many different languages to help them improve their language skills. Users can chat about unlimited amount of topics with the app and use other modes to practice their language learning.\",\"email\":\"support@talkpal.ai\",\"legalName\":\"Talkpal, Inc.\",\"foundingDate\":\"2023-04-03\",\"duns\":\"118989042\",\"numberOfEmployees\":{\"@type\":\"QuantitativeValue\",\"minValue\":\"11\",\"maxValue\":\"50\"},\"publishingPrinciples\":\"https:\/\/talkpal.ai\/publishing-principles\/\",\"actionableFeedbackPolicy\":\"https:\/\/talkpal.ai\/actionable-feedback-policy\/\",\"correctionsPolicy\":\"https:\/\/talkpal.ai\/corrections-policy\/\",\"ethicsPolicy\":\"https:\/\/talkpal.ai\/ethics-policy\/\",\"diversityPolicy\":\"https:\/\/talkpal.ai\/diversity-policy\/\",\"diversityStaffingReport\":\"https:\/\/talkpal.ai\/diversity-policy\/\"}]}<\/script>\n<!-- \/ Yoast SEO Premium plugin. -->","yoast_head_json":{"title":"Gram\u00e1tica Russa - Talkpal","description":"Desvenda o mundo da gram\u00e1tica russa com o nosso guia para principiantes. Domina o alfabeto cir\u00edlico e desenvolve as tuas compet\u00eancias lingu\u00edsticas.","robots":{"index":"index","follow":"follow","max-snippet":"max-snippet:-1","max-image-preview":"max-image-preview:large","max-video-preview":"max-video-preview:-1"},"canonical":"https:\/\/talkpal.ai\/pt-pt\/gramatica-russa\/","og_locale":"pt_PT","og_type":"article","og_title":"Gram\u00e1tica Russa","og_description":"Gram\u00e1tica Russa: Desbloqueie os Segredos para Dominar o Russo Parab\u00e9ns por dar o passo ousado para aprender russo! Com mais de 258 milh\u00f5es de falantes em","og_url":"https:\/\/talkpal.ai\/pt-pt\/gramatica-russa\/","og_site_name":"Talkpal","article_publisher":"https:\/\/www.facebook.com\/profile.php?id=100090733639311","article_modified_time":"2025-12-13T15:16:00+00:00","og_image":[{"width":512,"height":512,"url":"https:\/\/talkpal.ai\/wp-content\/uploads\/2023\/04\/rusia.png","type":"image\/png"}],"twitter_card":"summary_large_image","twitter_site":"@talkpalai","twitter_misc":{"Tempo estimado de leitura":"3 minutos"},"schema":{"@context":"https:\/\/schema.org","@graph":[{"@type":"WebPage","@id":"https:\/\/talkpal.ai\/pt-pt\/gramatica-russa\/","url":"https:\/\/talkpal.ai\/pt-pt\/gramatica-russa\/","name":"Gram\u00e1tica Russa - Talkpal","isPartOf":{"@id":"https:\/\/talkpal.ai\/pt-pt\/#website"},"primaryImageOfPage":{"@id":"https:\/\/talkpal.ai\/pt-pt\/gramatica-russa\/#primaryimage"},"image":{"@id":"https:\/\/talkpal.ai\/pt-pt\/gramatica-russa\/#primaryimage"},"thumbnailUrl":"https:\/\/talkpal.ai\/wp-content\/uploads\/2023\/04\/rusia.png","datePublished":"2023-05-14T13:52:49+00:00","dateModified":"2025-12-13T15:16:00+00:00","description":"Desvenda o mundo da gram\u00e1tica russa com o nosso guia para principiantes. Domina o alfabeto cir\u00edlico e desenvolve as tuas compet\u00eancias lingu\u00edsticas.","breadcrumb":{"@id":"https:\/\/talkpal.ai\/pt-pt\/gramatica-russa\/#breadcrumb"},"inLanguage":"pt-PT","potentialAction":[{"@type":"ReadAction","target":["https:\/\/talkpal.ai\/pt-pt\/gramatica-russa\/"]}]},{"@type":"ImageObject","inLanguage":"pt-PT","@id":"https:\/\/talkpal.ai\/pt-pt\/gramatica-russa\/#primaryimage","url":"https:\/\/talkpal.ai\/wp-content\/uploads\/2023\/04\/rusia.png","contentUrl":"https:\/\/talkpal.ai\/wp-content\/uploads\/2023\/04\/rusia.png","width":512,"height":512},{"@type":"BreadcrumbList","@id":"https:\/\/talkpal.ai\/pt-pt\/gramatica-russa\/#breadcrumb","itemListElement":[{"@type":"ListItem","position":1,"name":"Homepage","item":"https:\/\/talkpal.ai\/pt-pt\/"},{"@type":"ListItem","position":2,"name":"Gram\u00e1tica Russa"}]},{"@type":"WebSite","@id":"https:\/\/talkpal.ai\/pt-pt\/#website","url":"https:\/\/talkpal.ai\/pt-pt\/","name":"Talkpal","description":"AI Language Learning","publisher":{"@id":"https:\/\/talkpal.ai\/pt-pt\/#organization"},"alternateName":"Talkpal AI","potentialAction":[{"@type":"SearchAction","target":{"@type":"EntryPoint","urlTemplate":"https:\/\/talkpal.ai\/pt-pt\/?s={search_term_string}"},"query-input":{"@type":"PropertyValueSpecification","valueRequired":true,"valueName":"search_term_string"}}],"inLanguage":"pt-PT"},{"@type":"Organization","@id":"https:\/\/talkpal.ai\/pt-pt\/#organization","name":"Talkpal, Inc.","alternateName":"Talkpal AI","url":"https:\/\/talkpal.ai\/pt-pt\/","logo":{"@type":"ImageObject","inLanguage":"pt-PT","@id":"https:\/\/talkpal.ai\/pt-pt\/#\/schema\/logo\/image\/","url":"https:\/\/talkpal.ai\/wp-content\/uploads\/2024\/03\/Talkpal-Logo-Icon.png","contentUrl":"https:\/\/talkpal.ai\/wp-content\/uploads\/2024\/03\/Talkpal-Logo-Icon.png","width":2880,"height":2880,"caption":"Talkpal, Inc."},"image":{"@id":"https:\/\/talkpal.ai\/pt-pt\/#\/schema\/logo\/image\/"},"sameAs":["https:\/\/www.facebook.com\/profile.php?id=100090733639311","https:\/\/x.com\/talkpalai","https:\/\/www.linkedin.com\/company\/talkpal\/","https:\/\/www.youtube.com\/@TalkPal\/","https:\/\/www.tiktok.com\/@talkpal","https:\/\/www.instagram.com\/talkpal_ai\/","https:\/\/www.crunchbase.com\/organization\/talkpal-9cde","https:\/\/www.g2.com\/products\/talkpal-for-business\/","https:\/\/www.trustpilot.com\/review\/talkpal.ai","https:\/\/www.capterra.com\/p\/10006800\/TalkPal\/"],"description":"Talkpal is a language learning web and mobile education app, powered by the latest AI technologies, that provides engaging experiences to its customers in many different languages to help them improve their language skills. Users can chat about unlimited amount of topics with the app and use other modes to practice their language learning.","email":"support@talkpal.ai","legalName":"Talkpal, Inc.","foundingDate":"2023-04-03","duns":"118989042","numberOfEmployees":{"@type":"QuantitativeValue","minValue":"11","maxValue":"50"},"publishingPrinciples":"https:\/\/talkpal.ai\/publishing-principles\/","actionableFeedbackPolicy":"https:\/\/talkpal.ai\/actionable-feedback-policy\/","correctionsPolicy":"https:\/\/talkpal.ai\/corrections-policy\/","ethicsPolicy":"https:\/\/talkpal.ai\/ethics-policy\/","diversityPolicy":"https:\/\/talkpal.ai\/diversity-policy\/","diversityStaffingReport":"https:\/\/talkpal.ai\/diversity-policy\/"}]}},"_links":{"self":[{"href":"https:\/\/talkpal.ai\/pt-pt\/wp-json\/wp\/v2\/pages\/139791","targetHints":{"allow":["GET"]}}],"collection":[{"href":"https:\/\/talkpal.ai\/pt-pt\/wp-json\/wp\/v2\/pages"}],"about":[{"href":"https:\/\/talkpal.ai\/pt-pt\/wp-json\/wp\/v2\/types\/page"}],"author":[{"embeddable":true,"href":"https:\/\/talkpal.ai\/pt-pt\/wp-json\/wp\/v2\/users\/1"}],"replies":[{"embeddable":true,"href":"https:\/\/talkpal.ai\/pt-pt\/wp-json\/wp\/v2\/comments?post=139791"}],"version-history":[{"count":0,"href":"https:\/\/talkpal.ai\/pt-pt\/wp-json\/wp\/v2\/pages\/139791\/revisions"}],"wp:featuredmedia":[{"embeddable":true,"href":"https:\/\/talkpal.ai\/pt-pt\/wp-json\/wp\/v2\/media\/13890"}],"wp:attachment":[{"href":"https:\/\/talkpal.ai\/pt-pt\/wp-json\/wp\/v2\/media?parent=139791"}],"curies":[{"name":"wp","href":"https:\/\/api.w.org\/{rel}","templated":true}]}}