{"id":133942,"date":"2023-06-16T10:07:13","date_gmt":"2023-06-16T10:07:13","guid":{"rendered":"http:\/\/talkpal.ai\/exercicios-de-gramatica-finlandesa\/"},"modified":"2025-12-17T15:32:02","modified_gmt":"2025-12-17T15:32:02","slug":"exercicios-de-gramatica-finlandesa","status":"publish","type":"page","link":"https:\/\/talkpal.ai\/pt-pt\/exercicios-de-gramatica-finlandesa\/","title":{"rendered":"Exerc\u00edcios de gram\u00e1tica finlandesa"},"content":{"rendered":"\r\n\r\n\r\n<section class=\"languageChallengeSection\">\r\n    <div class=\"languageInfoWrapper\">\r\n        \r\n        <h1>Exerc\u00edcios de gram\u00e1tica finlandesa<\/h1>\r\n        <p>Est\u00e1s pronto para enfrentar a estrutura \u00fanica do finland\u00eas? Praticar exerc\u00edcios de gram\u00e1tica \u00e9 uma excelente forma de te familiarizares com as termina\u00e7\u00f5es das palavras, os casos e os padr\u00f5es de frases que tornam o finland\u00eas especial. Mergulha na <a href=\"https:\/\/talkpal.ai\/es\/gramatica-finlandesa\/\">gram\u00e1tica finlandesa<\/a> hoje e v\u00ea as tuas capacidades e confian\u00e7a crescerem com cada exerc\u00edcio!<\/p>\r\n\r\n                            <a class=\"getStartedHidden\" href=\"https:\/\/app.talkpal.ai\/pt-pt\/signup?lng=\">Come\u00e7a<\/a>\r\n        \r\n    <\/div>\r\n\r\n    <figure>\r\n    <img decoding=\"async\" width=\"768\" height=\"768\" src=\"https:\/\/talkpal.ai\/wp-content\/uploads\/2023\/06\/Finnish-768x768.png\" class=\"languageImage no-lazy\" alt=\"Default alt text\" fetchpriority=\"high\" sizes=\"(max-width: 768px) 150px, 768px\" srcset=\"https:\/\/talkpal.ai\/wp-content\/uploads\/2023\/06\/Finnish-768x768.png 768w, https:\/\/talkpal.ai\/wp-content\/uploads\/2023\/06\/Finnish-300x300.png 300w\" \/>\r\n    \r\n\r\n    <\/figure>\r\n\r\n            <a class=\"getStartedVisible\" href=\"https:\/\/app.talkpal.ai\/pt-pt\/signup?lng=\">Come\u00e7a<\/a>\r\n    \r\n<\/section>\r\n\r\n\r\n<!-- <section class=\"grammarSection\">\r\n    <div class=\"grammarLinks\">\r\n        <a href=\"https:\/\/talkpal.ai\/pt-pt\/exercise_language\/adjetivos-gramatica-finlandesa-pt-pt\/\">Adjetivos <\/a><a href=\"https:\/\/talkpal.ai\/pt-pt\/exercise_language\/adverbios-gramatica-finlandesa-pt-pt\/\">Adv\u00e9rbios <\/a><a href=\"https:\/\/talkpal.ai\/pt-pt\/exercise_language\/artigos-gramatica-finlandesa\/\">Artigos <\/a><a href=\"https:\/\/talkpal.ai\/pt-pt\/exercise_language\/comparacao-de-tempos-gramatica-finlandesa\/\">Compara\u00e7\u00e3o de Tempos <\/a><a href=\"https:\/\/talkpal.ai\/pt-pt\/exercise_language\/estrutura-da-frase-gramatica-finlandesa\/\">Estrutura da frase <\/a><a href=\"https:\/\/talkpal.ai\/pt-pt\/exercise_language\/indicativo-de-tempos-gramatica-finlandesa\/\">Indicativo de Tempos <\/a><a href=\"https:\/\/talkpal.ai\/pt-pt\/exercise_language\/postpositions-gramatica-finlandesa\/\">Postpositions <\/a><a href=\"https:\/\/talkpal.ai\/pt-pt\/exercise_language\/potencial-de-tempos-verbais-gramatica-finlandesa\/\">Potencial de Tempos Verbais <\/a><a href=\"https:\/\/talkpal.ai\/pt-pt\/exercise_language\/substantivos-gramatica-finlandesa\/\">Substantivos <\/a><a href=\"https:\/\/talkpal.ai\/pt-pt\/exercise_language\/tempos-imperativos-gramatica-finlandesa\/\">Tempos Imperativos <\/a><a href=\"https:\/\/talkpal.ai\/pt-pt\/exercise_language\/verbos-gramatica-finlandesa-pt-pt\/\">Verbos <\/a>    <\/div>\r\n<\/section> -->\r\n\r\n\r\n\r\n\r\n        <section class=\"grammarSection\">\r\n            <div class=\"grammarLinks\">\r\n                <a href=\"https:\/\/talkpal.ai\/pt-pt\/exercise_language\/adjetivos-gramatica-finlandesa-pt-pt\/\">Adjetivos <\/a><a href=\"https:\/\/talkpal.ai\/pt-pt\/exercise_language\/adverbios-gramatica-finlandesa-pt-pt\/\">Adv\u00e9rbios <\/a><a href=\"https:\/\/talkpal.ai\/pt-pt\/exercise_language\/artigos-gramatica-finlandesa\/\">Artigos <\/a><a href=\"https:\/\/talkpal.ai\/pt-pt\/exercise_language\/comparacao-de-tempos-gramatica-finlandesa\/\">Compara\u00e7\u00e3o de Tempos <\/a><a href=\"https:\/\/talkpal.ai\/pt-pt\/exercise_language\/estrutura-da-frase-gramatica-finlandesa\/\">Estrutura da frase <\/a><a href=\"https:\/\/talkpal.ai\/pt-pt\/exercise_language\/indicativo-de-tempos-gramatica-finlandesa\/\">Indicativo de Tempos <\/a><a href=\"https:\/\/talkpal.ai\/pt-pt\/exercise_language\/postpositions-gramatica-finlandesa\/\">Postpositions <\/a><a href=\"https:\/\/talkpal.ai\/pt-pt\/exercise_language\/potencial-de-tempos-verbais-gramatica-finlandesa\/\">Potencial de Tempos Verbais <\/a><a href=\"https:\/\/talkpal.ai\/pt-pt\/exercise_language\/substantivos-gramatica-finlandesa\/\">Substantivos <\/a><a href=\"https:\/\/talkpal.ai\/pt-pt\/exercise_language\/tempos-imperativos-gramatica-finlandesa\/\">Tempos Imperativos <\/a><a href=\"https:\/\/talkpal.ai\/pt-pt\/exercise_language\/verbos-gramatica-finlandesa-pt-pt\/\">Verbos <\/a>            <\/div>\r\n        <\/section>\r\n<section class=\"promotionalBanner\">\r\n    <p class=\"promotionalText\">A maneira mais eficiente de aprender um idioma<\/p>\r\n    <a class=\"promotionalLink\" href=\"https:\/\/app.talkpal.ai\/pt-pt\/signup?lng=\">Experimente o Talkpal gratuitamente<\/a>\r\n<\/section>\n<div class=\"wp-block-group pageContainerStyle\"><div class=\"wp-block-group__inner-container is-layout-constrained wp-block-group-is-layout-constrained\">\n<h2 class=\"wp-block-heading\" id=\"h-finnish-grammar-topics\">T\u00f3picos de gram\u00e1tica finlandesa<\/h2>\n\n\n\n<p><a href=\"https:\/\/talkpal.ai\/pt-pt\/por-que-aprender-a-lingua-finlandesa\/\">Aprender finland\u00eas<\/a> pode ser uma experi\u00eancia gratificante para os entusiastas do idioma, pois \u00e9 uma l\u00edngua \u00fanica e fascinante com uma rica hist\u00f3ria cultural. A gram\u00e1tica finlandesa pode parecer desafiadora no in\u00edcio, mas com uma abordagem sistem\u00e1tica e um foco nos t\u00f3picos essenciais, voc\u00ea pode fazer progressos constantes e, eventualmente, tornar-se fluente nesta bela l\u00edngua. Neste guia, discutiremos os t\u00f3picos da gram\u00e1tica finlandesa em uma sequ\u00eancia que ajudar\u00e1 voc\u00ea a aprender o idioma de forma eficaz, abrangendo tempos, verbos, substantivos, artigos, adjetivos, adv\u00e9rbios, posposi\u00e7\u00f5es e estrutura de frases.<\/p>\n\n\n\n<h3 class=\"wp-block-heading\" id=\"h-1-nouns\">1. Substantivos:<\/h3>\n\n\n\n<p>Comece aprendendo substantivos finlandeses, pois eles formam a base para a constru\u00e7\u00e3o de frases. Os substantivos finlandeses t\u00eam 15 casos, que s\u00e3o essenciais para compreender a estrutura da l\u00edngua. Familiarize-se com os v\u00e1rios casos substantivos e seus pap\u00e9is em uma frase.<\/p>\n\n\n\n<h3 class=\"wp-block-heading\" id=\"h-2-articles\">2. Artigos:<\/h3>\n\n\n\n<p>O finland\u00eas n\u00e3o tem artigos <a href=\"https:\/\/talkpal.ai\/locations\/language-courses-in-como\/\">como<\/a> \u201cthe\u201d ou \u201ca\u201d em <a href=\"https:\/\/talkpal.ai\/pt-pt\/locations\/aprenda-ingles-em-passos\/\">ingl\u00eas<\/a>, o que facilita a aprendizagem. Em vez disso, o significado de um substantivo \u00e9 determinado pelo contexto e pelas termina\u00e7\u00f5es de caso.<\/p>\n\n\n\n<h3 class=\"wp-block-heading\" id=\"h-3-adjectives\">3. Adjetivos:<\/h3>\n\n\n\n<p>Os adjetivos descrevem substantivos e concordam com eles em mai\u00fasculas e min\u00fasculas. Aprenda a formar e usar adjetivos para tornar suas frases mais descritivas e expressivas.<\/p>\n\n\n\n<h3 class=\"wp-block-heading\" id=\"h-4-verbs\">4. Verbos:<\/h3>\n\n\n\n<p>Os verbos finlandeses s\u00e3o cruciais para expressar a\u00e7\u00f5es e estados. Familiarize-se com os padr\u00f5es b\u00e1sicos de conjuga\u00e7\u00e3o de verbos e os <a href=\"https:\/\/talkpal.ai\/culture\/what-are-the-most-irregular-verbs-in-galician\/\">verbos irregulares<\/a> mais comuns.<\/p>\n\n\n\n<h3 class=\"wp-block-heading\" id=\"h-5-tenses-indicative\">5. Tempos Indicativos:<\/h3>\n\n\n\n<p>Entenda o humor indicativo, que \u00e9 usado para expressar declara\u00e7\u00f5es, fatos e opini\u00f5es. O finland\u00eas tem quatro tempos principais no humor indicativo: <a href=\"https:\/\/talkpal.ai\/zh-hans\/grammar_exercises\/presente-%e8%a5%bf%e7%8f%ad%e7%89%99%e8%af%ad%e6%b3%95%e7%bb%83%e4%b9%a0\/\">presente<\/a>, passado (imperfeito), perfeito e pluperfeito. Saiba como formar e usar esses tempos corretamente.<\/p>\n\n\n\n<h3 class=\"wp-block-heading\" id=\"h-6-tenses-potential\">6. Potencial de Tempos:<\/h3>\n\n\n\n<p>O humor potencial \u00e9 usado para expressar possibilidade, probabilidade ou d\u00favida. Tem dois tempos: potencial presente e potencial passado. Aprenda a formar e usar esses tempos para adicionar nuances \u00e0s suas frases.<\/p>\n\n\n\n<h3 class=\"wp-block-heading\" id=\"h-7-tenses-imperative\">7. Tempos Imperativos:<\/h3>\n\n\n\n<p>O humor <a href=\"https:\/\/talkpal.ai\/ar\/grammar_exercises\/imperativo-%d8%aa%d9%85%d8%a7%d8%b1%d9%8a%d9%86-%d9%84%d9%82%d9%88%d8%a7%d8%b9%d8%af-%d8%a7%d9%84%d9%84%d8%ba%d8%a9-%d8%a7%d9%84%d8%a5%d8%b3%d8%a8%d8%a7%d9%86%d9%8a%d8%a9\/\">imperativo<\/a> \u00e9 usado para dar comandos e fazer pedidos. Aprenda a formar o imperativo em finland\u00eas e us\u00e1-lo adequadamente em v\u00e1rias situa\u00e7\u00f5es.<\/p>\n\n\n\n<h3 class=\"wp-block-heading\" id=\"h-8-tense-comparison\">8. Compara\u00e7\u00e3o tensa:<\/h3>\n\n\n\n<p>Entenda como comparar diferentes tempos e humores em finland\u00eas. Essa habilidade permitir\u00e1 que voc\u00ea expresse ideias complexas e rela\u00e7\u00f5es entre eventos.<\/p>\n\n\n\n<h3 class=\"wp-block-heading\" id=\"h-9-adverbs\">9. Adv\u00e9rbios:<\/h3>\n\n\n\n<p>Os adv\u00e9rbios modificam verbos, adjetivos ou outros adv\u00e9rbios, fornecendo informa\u00e7\u00f5es adicionais sobre a\u00e7\u00f5es ou qualidades. Aprenda os diferentes tipos de adv\u00e9rbios e como us\u00e1-los efetivamente em suas frases.<\/p>\n\n\n\n<h3 class=\"wp-block-heading\" id=\"h-10-postpositions\">10. Cargos:<\/h3>\n\n\n\n<p>O finland\u00eas usa posposi\u00e7\u00f5es em vez de preposi\u00e7\u00f5es para indicar rela\u00e7\u00f5es entre palavras. Aprenda as posposi\u00e7\u00f5es mais comuns e como elas funcionam em uma frase.<\/p>\n\n\n\n<h3 class=\"wp-block-heading\" id=\"h-11-sentence-structure\">11. Estrutura da frase:<\/h3>\n\n\n\n<p>Finalmente, estude a estrutura frasal b\u00e1sica do finland\u00eas, que segue o padr\u00e3o sujeito-verbo-objeto (SVO). Aprenda a criar frases simples e complexas usando os t\u00f3picos gramaticais que voc\u00ea aprendeu e pratique combinando-os para expressar seus pensamentos com precis\u00e3o e flu\u00eancia.<\/p>\n<\/div><\/div>\n\r\n<section class=\"learnNavigationSection\">\r\n            \r\n        <a href=\"https:\/\/talkpal.ai\/pt-pt\/aprender-finlandes\/\">\r\n            <div class=\"learnNavigationWrapper\">\r\n                <div class=\"learnNavigationContent\">\r\n                    <img decoding=\"async\" src=\"https:\/\/talkpal.ai\/wp-content\/uploads\/2024\/08\/Finnish.jpg\" alt=\"Finnish Flag\">\r\n                    <div>\r\n                        <h4>Sobre a aprendizagem da l\u00edngua finlandesa<\/h4>\r\n                        <p>Descobre tudo sobre a gram\u00e1tica finlandesa.<\/p>\r\n                    <\/div>\r\n                <\/div>\r\n            <\/div>\r\n        <\/a>\r\n\r\n        \r\n        <a href=\"https:\/\/talkpal.ai\/pt-pt\/gramatica-finlandesa\/\">\r\n            <div class=\"learnNavigationWrapper\">\r\n                <div class=\"learnNavigationContent\">\r\n                    <img decoding=\"async\" src=\"https:\/\/talkpal.ai\/wp-content\/uploads\/2024\/08\/Finnish.jpg\" alt=\"Finnish Flag\">\r\n                    <div>\r\n                        <h4>Li\u00e7\u00f5es de gram\u00e1tica finlandesa<\/h4>\r\n                        <p>Pratica a gram\u00e1tica finlandesa.<\/p>\r\n                    <\/div>\r\n                <\/div>\r\n            <\/div>\r\n        <\/a>\r\n\r\n        \r\n        <a href=\"https:\/\/talkpal.ai\/vocabulary_language\/finnish\/\">\r\n            <div class=\"learnNavigationWrapper\">\r\n                <div class=\"learnNavigationContent\">\r\n                    <img decoding=\"async\" src=\"https:\/\/talkpal.ai\/wp-content\/uploads\/2024\/08\/Finnish.jpg\" alt=\"Finnish Flag\">\r\n                    <div>\r\n                        <h4>Vocabul\u00e1rio finland\u00eas<\/h4>\r\n                        <p>Amplia o teu vocabul\u00e1rio finland\u00eas.<\/p>\r\n                    <\/div>\r\n                <\/div>\r\n            <\/div>\r\n        <\/a>\r\n\r\n            <\/section>\n<p><\/p>\n","protected":false},"excerpt":{"rendered":"<p>T\u00f3picos de gram\u00e1tica finlandesa Aprender finland\u00eas pode ser uma experi\u00eancia gratificante para os entusiastas do idioma, pois \u00e9 uma l\u00edngua \u00fanica e fascinante com uma rica hist\u00f3ria cultural. A gram\u00e1tica finlandesa pode parecer desafiadora no in\u00edcio, mas com uma abordagem sistem\u00e1tica e um foco nos t\u00f3picos essenciais, voc\u00ea pode fazer progressos constantes e, eventualmente, tornar-se [&hellip;]<\/p>\n","protected":false},"author":6,"featured_media":13850,"parent":0,"menu_order":0,"comment_status":"closed","ping_status":"closed","template":"LearningContentPage.php","meta":{"_acf_changed":false,"footnotes":""},"class_list":["post-133942","page","type-page","status-publish","has-post-thumbnail","hentry"],"acf":[],"yoast_head":"<!-- This site is optimized with the Yoast SEO Premium plugin v27.2 (Yoast SEO v27.2) - https:\/\/yoast.com\/product\/yoast-seo-premium-wordpress\/ -->\n<title>Exerc\u00edcios de gram\u00e1tica finlandesa - Talkpal<\/title>\n<meta name=\"description\" content=\"Pratica e melhora as tuas compet\u00eancias gramaticais em finland\u00eas com estes exerc\u00edcios interactivos e eficazes. Adequado para todos os n\u00edveis de aprendizagem.\" \/>\n<meta name=\"robots\" content=\"index, follow, max-snippet:-1, max-image-preview:large, max-video-preview:-1\" \/>\n<link rel=\"canonical\" href=\"https:\/\/talkpal.ai\/pt-pt\/exercicios-de-gramatica-finlandesa\/\" \/>\n<meta property=\"og:locale\" content=\"pt_PT\" \/>\n<meta property=\"og:type\" content=\"article\" \/>\n<meta property=\"og:title\" content=\"Exerc\u00edcios de gram\u00e1tica finlandesa\" \/>\n<meta property=\"og:description\" content=\"T\u00f3picos de gram\u00e1tica finlandesa Aprender finland\u00eas pode ser uma experi\u00eancia gratificante para os entusiastas do idioma, pois \u00e9 uma l\u00edngua \u00fanica e\" \/>\n<meta property=\"og:url\" content=\"https:\/\/talkpal.ai\/pt-pt\/exercicios-de-gramatica-finlandesa\/\" \/>\n<meta property=\"og:site_name\" content=\"Talkpal\" \/>\n<meta property=\"article:publisher\" content=\"https:\/\/www.facebook.com\/profile.php?id=100090733639311\" \/>\n<meta property=\"article:modified_time\" content=\"2025-12-17T15:32:02+00:00\" \/>\n<meta property=\"og:image\" content=\"https:\/\/talkpal.ai\/wp-content\/uploads\/2023\/04\/finland.png\" \/>\n\t<meta property=\"og:image:width\" content=\"512\" \/>\n\t<meta property=\"og:image:height\" content=\"512\" \/>\n\t<meta property=\"og:image:type\" content=\"image\/png\" \/>\n<meta name=\"twitter:card\" content=\"summary_large_image\" \/>\n<meta name=\"twitter:site\" content=\"@talkpalai\" \/>\n<meta name=\"twitter:label1\" content=\"Tempo estimado de leitura\" \/>\n\t<meta name=\"twitter:data1\" content=\"2 minutos\" \/>\n<script type=\"application\/ld+json\" class=\"yoast-schema-graph\">{\"@context\":\"https:\/\/schema.org\",\"@graph\":[{\"@type\":\"WebPage\",\"@id\":\"https:\/\/talkpal.ai\/pt-pt\/exercicios-de-gramatica-finlandesa\/\",\"url\":\"https:\/\/talkpal.ai\/pt-pt\/exercicios-de-gramatica-finlandesa\/\",\"name\":\"Exerc\u00edcios de gram\u00e1tica finlandesa - Talkpal\",\"isPartOf\":{\"@id\":\"https:\/\/talkpal.ai\/pt-pt\/#website\"},\"primaryImageOfPage\":{\"@id\":\"https:\/\/talkpal.ai\/pt-pt\/exercicios-de-gramatica-finlandesa\/#primaryimage\"},\"image\":{\"@id\":\"https:\/\/talkpal.ai\/pt-pt\/exercicios-de-gramatica-finlandesa\/#primaryimage\"},\"thumbnailUrl\":\"https:\/\/talkpal.ai\/wp-content\/uploads\/2023\/04\/finland.png\",\"datePublished\":\"2023-06-16T10:07:13+00:00\",\"dateModified\":\"2025-12-17T15:32:02+00:00\",\"description\":\"Pratica e melhora as tuas compet\u00eancias gramaticais em finland\u00eas com estes exerc\u00edcios interactivos e eficazes. Adequado para todos os n\u00edveis de aprendizagem.\",\"breadcrumb\":{\"@id\":\"https:\/\/talkpal.ai\/pt-pt\/exercicios-de-gramatica-finlandesa\/#breadcrumb\"},\"inLanguage\":\"pt-PT\",\"potentialAction\":[{\"@type\":\"ReadAction\",\"target\":[\"https:\/\/talkpal.ai\/pt-pt\/exercicios-de-gramatica-finlandesa\/\"]}]},{\"@type\":\"ImageObject\",\"inLanguage\":\"pt-PT\",\"@id\":\"https:\/\/talkpal.ai\/pt-pt\/exercicios-de-gramatica-finlandesa\/#primaryimage\",\"url\":\"https:\/\/talkpal.ai\/wp-content\/uploads\/2023\/04\/finland.png\",\"contentUrl\":\"https:\/\/talkpal.ai\/wp-content\/uploads\/2023\/04\/finland.png\",\"width\":512,\"height\":512,\"caption\":\"TalkPal finland Flag\"},{\"@type\":\"BreadcrumbList\",\"@id\":\"https:\/\/talkpal.ai\/pt-pt\/exercicios-de-gramatica-finlandesa\/#breadcrumb\",\"itemListElement\":[{\"@type\":\"ListItem\",\"position\":1,\"name\":\"Homepage\",\"item\":\"https:\/\/talkpal.ai\/pt-pt\/\"},{\"@type\":\"ListItem\",\"position\":2,\"name\":\"Exerc\u00edcios de gram\u00e1tica finlandesa\"}]},{\"@type\":\"WebSite\",\"@id\":\"https:\/\/talkpal.ai\/pt-pt\/#website\",\"url\":\"https:\/\/talkpal.ai\/pt-pt\/\",\"name\":\"Talkpal\",\"description\":\"AI Language Learning\",\"publisher\":{\"@id\":\"https:\/\/talkpal.ai\/pt-pt\/#organization\"},\"alternateName\":\"Talkpal AI\",\"potentialAction\":[{\"@type\":\"SearchAction\",\"target\":{\"@type\":\"EntryPoint\",\"urlTemplate\":\"https:\/\/talkpal.ai\/pt-pt\/?s={search_term_string}\"},\"query-input\":{\"@type\":\"PropertyValueSpecification\",\"valueRequired\":true,\"valueName\":\"search_term_string\"}}],\"inLanguage\":\"pt-PT\"},{\"@type\":\"Organization\",\"@id\":\"https:\/\/talkpal.ai\/pt-pt\/#organization\",\"name\":\"Talkpal, Inc.\",\"alternateName\":\"Talkpal AI\",\"url\":\"https:\/\/talkpal.ai\/pt-pt\/\",\"logo\":{\"@type\":\"ImageObject\",\"inLanguage\":\"pt-PT\",\"@id\":\"https:\/\/talkpal.ai\/pt-pt\/#\/schema\/logo\/image\/\",\"url\":\"https:\/\/talkpal.ai\/wp-content\/uploads\/2024\/03\/Talkpal-Logo-Icon.png\",\"contentUrl\":\"https:\/\/talkpal.ai\/wp-content\/uploads\/2024\/03\/Talkpal-Logo-Icon.png\",\"width\":2880,\"height\":2880,\"caption\":\"Talkpal, Inc.\"},\"image\":{\"@id\":\"https:\/\/talkpal.ai\/pt-pt\/#\/schema\/logo\/image\/\"},\"sameAs\":[\"https:\/\/www.facebook.com\/profile.php?id=100090733639311\",\"https:\/\/x.com\/talkpalai\",\"https:\/\/www.linkedin.com\/company\/talkpal\/\",\"https:\/\/www.youtube.com\/@TalkPal\/\",\"https:\/\/www.tiktok.com\/@talkpal\",\"https:\/\/www.instagram.com\/talkpal_ai\/\",\"https:\/\/www.crunchbase.com\/organization\/talkpal-9cde\",\"https:\/\/www.g2.com\/products\/talkpal-for-business\/\",\"https:\/\/www.trustpilot.com\/review\/talkpal.ai\",\"https:\/\/www.capterra.com\/p\/10006800\/TalkPal\/\"],\"description\":\"Talkpal is a language learning web and mobile education app, powered by the latest AI technologies, that provides engaging experiences to its customers in many different languages to help them improve their language skills. Users can chat about unlimited amount of topics with the app and use other modes to practice their language learning.\",\"email\":\"support@talkpal.ai\",\"legalName\":\"Talkpal, Inc.\",\"foundingDate\":\"2023-04-03\",\"duns\":\"118989042\",\"numberOfEmployees\":{\"@type\":\"QuantitativeValue\",\"minValue\":\"11\",\"maxValue\":\"50\"},\"publishingPrinciples\":\"https:\/\/talkpal.ai\/publishing-principles\/\",\"actionableFeedbackPolicy\":\"https:\/\/talkpal.ai\/actionable-feedback-policy\/\",\"correctionsPolicy\":\"https:\/\/talkpal.ai\/corrections-policy\/\",\"ethicsPolicy\":\"https:\/\/talkpal.ai\/ethics-policy\/\",\"diversityPolicy\":\"https:\/\/talkpal.ai\/diversity-policy\/\",\"diversityStaffingReport\":\"https:\/\/talkpal.ai\/diversity-policy\/\"}]}<\/script>\n<!-- \/ Yoast SEO Premium plugin. -->","yoast_head_json":{"title":"Exerc\u00edcios de gram\u00e1tica finlandesa - Talkpal","description":"Pratica e melhora as tuas compet\u00eancias gramaticais em finland\u00eas com estes exerc\u00edcios interactivos e eficazes. Adequado para todos os n\u00edveis de aprendizagem.","robots":{"index":"index","follow":"follow","max-snippet":"max-snippet:-1","max-image-preview":"max-image-preview:large","max-video-preview":"max-video-preview:-1"},"canonical":"https:\/\/talkpal.ai\/pt-pt\/exercicios-de-gramatica-finlandesa\/","og_locale":"pt_PT","og_type":"article","og_title":"Exerc\u00edcios de gram\u00e1tica finlandesa","og_description":"T\u00f3picos de gram\u00e1tica finlandesa Aprender finland\u00eas pode ser uma experi\u00eancia gratificante para os entusiastas do idioma, pois \u00e9 uma l\u00edngua \u00fanica e","og_url":"https:\/\/talkpal.ai\/pt-pt\/exercicios-de-gramatica-finlandesa\/","og_site_name":"Talkpal","article_publisher":"https:\/\/www.facebook.com\/profile.php?id=100090733639311","article_modified_time":"2025-12-17T15:32:02+00:00","og_image":[{"width":512,"height":512,"url":"https:\/\/talkpal.ai\/wp-content\/uploads\/2023\/04\/finland.png","type":"image\/png"}],"twitter_card":"summary_large_image","twitter_site":"@talkpalai","twitter_misc":{"Tempo estimado de leitura":"2 minutos"},"schema":{"@context":"https:\/\/schema.org","@graph":[{"@type":"WebPage","@id":"https:\/\/talkpal.ai\/pt-pt\/exercicios-de-gramatica-finlandesa\/","url":"https:\/\/talkpal.ai\/pt-pt\/exercicios-de-gramatica-finlandesa\/","name":"Exerc\u00edcios de gram\u00e1tica finlandesa - Talkpal","isPartOf":{"@id":"https:\/\/talkpal.ai\/pt-pt\/#website"},"primaryImageOfPage":{"@id":"https:\/\/talkpal.ai\/pt-pt\/exercicios-de-gramatica-finlandesa\/#primaryimage"},"image":{"@id":"https:\/\/talkpal.ai\/pt-pt\/exercicios-de-gramatica-finlandesa\/#primaryimage"},"thumbnailUrl":"https:\/\/talkpal.ai\/wp-content\/uploads\/2023\/04\/finland.png","datePublished":"2023-06-16T10:07:13+00:00","dateModified":"2025-12-17T15:32:02+00:00","description":"Pratica e melhora as tuas compet\u00eancias gramaticais em finland\u00eas com estes exerc\u00edcios interactivos e eficazes. Adequado para todos os n\u00edveis de aprendizagem.","breadcrumb":{"@id":"https:\/\/talkpal.ai\/pt-pt\/exercicios-de-gramatica-finlandesa\/#breadcrumb"},"inLanguage":"pt-PT","potentialAction":[{"@type":"ReadAction","target":["https:\/\/talkpal.ai\/pt-pt\/exercicios-de-gramatica-finlandesa\/"]}]},{"@type":"ImageObject","inLanguage":"pt-PT","@id":"https:\/\/talkpal.ai\/pt-pt\/exercicios-de-gramatica-finlandesa\/#primaryimage","url":"https:\/\/talkpal.ai\/wp-content\/uploads\/2023\/04\/finland.png","contentUrl":"https:\/\/talkpal.ai\/wp-content\/uploads\/2023\/04\/finland.png","width":512,"height":512,"caption":"TalkPal finland Flag"},{"@type":"BreadcrumbList","@id":"https:\/\/talkpal.ai\/pt-pt\/exercicios-de-gramatica-finlandesa\/#breadcrumb","itemListElement":[{"@type":"ListItem","position":1,"name":"Homepage","item":"https:\/\/talkpal.ai\/pt-pt\/"},{"@type":"ListItem","position":2,"name":"Exerc\u00edcios de gram\u00e1tica finlandesa"}]},{"@type":"WebSite","@id":"https:\/\/talkpal.ai\/pt-pt\/#website","url":"https:\/\/talkpal.ai\/pt-pt\/","name":"Talkpal","description":"AI Language Learning","publisher":{"@id":"https:\/\/talkpal.ai\/pt-pt\/#organization"},"alternateName":"Talkpal AI","potentialAction":[{"@type":"SearchAction","target":{"@type":"EntryPoint","urlTemplate":"https:\/\/talkpal.ai\/pt-pt\/?s={search_term_string}"},"query-input":{"@type":"PropertyValueSpecification","valueRequired":true,"valueName":"search_term_string"}}],"inLanguage":"pt-PT"},{"@type":"Organization","@id":"https:\/\/talkpal.ai\/pt-pt\/#organization","name":"Talkpal, Inc.","alternateName":"Talkpal AI","url":"https:\/\/talkpal.ai\/pt-pt\/","logo":{"@type":"ImageObject","inLanguage":"pt-PT","@id":"https:\/\/talkpal.ai\/pt-pt\/#\/schema\/logo\/image\/","url":"https:\/\/talkpal.ai\/wp-content\/uploads\/2024\/03\/Talkpal-Logo-Icon.png","contentUrl":"https:\/\/talkpal.ai\/wp-content\/uploads\/2024\/03\/Talkpal-Logo-Icon.png","width":2880,"height":2880,"caption":"Talkpal, Inc."},"image":{"@id":"https:\/\/talkpal.ai\/pt-pt\/#\/schema\/logo\/image\/"},"sameAs":["https:\/\/www.facebook.com\/profile.php?id=100090733639311","https:\/\/x.com\/talkpalai","https:\/\/www.linkedin.com\/company\/talkpal\/","https:\/\/www.youtube.com\/@TalkPal\/","https:\/\/www.tiktok.com\/@talkpal","https:\/\/www.instagram.com\/talkpal_ai\/","https:\/\/www.crunchbase.com\/organization\/talkpal-9cde","https:\/\/www.g2.com\/products\/talkpal-for-business\/","https:\/\/www.trustpilot.com\/review\/talkpal.ai","https:\/\/www.capterra.com\/p\/10006800\/TalkPal\/"],"description":"Talkpal is a language learning web and mobile education app, powered by the latest AI technologies, that provides engaging experiences to its customers in many different languages to help them improve their language skills. Users can chat about unlimited amount of topics with the app and use other modes to practice their language learning.","email":"support@talkpal.ai","legalName":"Talkpal, Inc.","foundingDate":"2023-04-03","duns":"118989042","numberOfEmployees":{"@type":"QuantitativeValue","minValue":"11","maxValue":"50"},"publishingPrinciples":"https:\/\/talkpal.ai\/publishing-principles\/","actionableFeedbackPolicy":"https:\/\/talkpal.ai\/actionable-feedback-policy\/","correctionsPolicy":"https:\/\/talkpal.ai\/corrections-policy\/","ethicsPolicy":"https:\/\/talkpal.ai\/ethics-policy\/","diversityPolicy":"https:\/\/talkpal.ai\/diversity-policy\/","diversityStaffingReport":"https:\/\/talkpal.ai\/diversity-policy\/"}]}},"_links":{"self":[{"href":"https:\/\/talkpal.ai\/pt-pt\/wp-json\/wp\/v2\/pages\/133942","targetHints":{"allow":["GET"]}}],"collection":[{"href":"https:\/\/talkpal.ai\/pt-pt\/wp-json\/wp\/v2\/pages"}],"about":[{"href":"https:\/\/talkpal.ai\/pt-pt\/wp-json\/wp\/v2\/types\/page"}],"author":[{"embeddable":true,"href":"https:\/\/talkpal.ai\/pt-pt\/wp-json\/wp\/v2\/users\/6"}],"replies":[{"embeddable":true,"href":"https:\/\/talkpal.ai\/pt-pt\/wp-json\/wp\/v2\/comments?post=133942"}],"version-history":[{"count":0,"href":"https:\/\/talkpal.ai\/pt-pt\/wp-json\/wp\/v2\/pages\/133942\/revisions"}],"wp:featuredmedia":[{"embeddable":true,"href":"https:\/\/talkpal.ai\/pt-pt\/wp-json\/wp\/v2\/media\/13850"}],"wp:attachment":[{"href":"https:\/\/talkpal.ai\/pt-pt\/wp-json\/wp\/v2\/media?parent=133942"}],"curies":[{"name":"wp","href":"https:\/\/api.w.org\/{rel}","templated":true}]}}