{"id":130389,"date":"2023-05-14T13:52:27","date_gmt":"2023-05-14T13:52:27","guid":{"rendered":"http:\/\/talkpal.ai\/gramatica-coreana\/"},"modified":"2025-12-11T16:24:05","modified_gmt":"2025-12-11T16:24:05","slug":"gramatica-coreana","status":"publish","type":"page","link":"https:\/\/talkpal.ai\/pt-pt\/gramatica-coreana\/","title":{"rendered":"Gram\u00e1tica coreana"},"content":{"rendered":"\r\n\r\n\r\n<section class=\"languageChallengeSection\">\r\n    <div class=\"languageInfoWrapper\">\r\n        \r\n        <h1>Gram\u00e1tica coreana<\/h1>\r\n        <p>Come\u00e7a a dominar a <a href=\"https:\/\/talkpal.ai\/pt-pt\/grammar\/perfeito-na-gramatica-coreana\/\">gram\u00e1tica coreana<\/a> com guias f\u00e1ceis de seguir e exemplos pr\u00e1ticos. Aprende a formar frases, a utilizar part\u00edculas e a conjugar verbos para te expressares com precis\u00e3o. Pratica as tuas compet\u00eancias com exerc\u00edcios interactivos concebidos para aumentar a tua confian\u00e7a. D\u00e1 o pr\u00f3ximo passo na tua viagem pela l\u00edngua coreana e melhora a tua flu\u00eancia hoje mesmo!<\/p>\r\n\r\n                            <a class=\"getStartedHidden\" href=\"https:\/\/app.talkpal.ai\/pt-pt\/signup?lng=\">Come\u00e7a<\/a>\r\n        \r\n    <\/div>\r\n\r\n    <figure>\r\n    <img decoding=\"async\" width=\"768\" height=\"768\" src=\"https:\/\/talkpal.ai\/wp-content\/uploads\/2023\/06\/korean-768x768.png\" class=\"languageImage no-lazy\" alt=\"Default alt text\" fetchpriority=\"high\" sizes=\"(max-width: 768px) 150px, 768px\" srcset=\"https:\/\/talkpal.ai\/wp-content\/uploads\/2023\/06\/korean-768x768.png 768w, https:\/\/talkpal.ai\/wp-content\/uploads\/2023\/06\/korean-300x300.png 300w\" \/>\r\n    \r\n\r\n    <\/figure>\r\n\r\n            <a class=\"getStartedVisible\" href=\"https:\/\/app.talkpal.ai\/pt-pt\/signup?lng=\">Come\u00e7a<\/a>\r\n    \r\n<\/section>\r\n        <section class=\"grammarSection\">\r\n            <div class=\"grammarLinks\">\r\n                <a href=\"https:\/\/talkpal.ai\/pt-pt\/language\/adjetivos-gramatica-coreana-pt-pt\/\">Adjetivos <\/a><a href=\"https:\/\/talkpal.ai\/pt-pt\/language\/adverbios-gramatica-coreana-pt-pt\/\">Adv\u00e9rbios <\/a><a href=\"https:\/\/talkpal.ai\/pt-pt\/language\/artigos-gramatica-coreana\/\">Artigos <\/a><a href=\"https:\/\/talkpal.ai\/pt-pt\/language\/comparacao-de-tempos-gramatica-coreana\/\">Compara\u00e7\u00e3o de tempos <\/a><a href=\"https:\/\/talkpal.ai\/pt-pt\/language\/estrutura-da-frase-gramatica-coreana\/\">Estrutura da frase <\/a><a href=\"https:\/\/talkpal.ai\/pt-pt\/language\/indicativo-de-tempos-gramatica-coreana\/\">Indicativo de Tempos <\/a><a href=\"https:\/\/talkpal.ai\/pt-pt\/language\/preposicoes-gramatica-coreana\/\">Preposi\u00e7\u00f5es <\/a><a href=\"https:\/\/talkpal.ai\/pt-pt\/language\/pronomes-gramatica-coreana\/\">Pronomes <\/a><a href=\"https:\/\/talkpal.ai\/pt-pt\/language\/substantivos-gramatica-coreana\/\">Substantivos <\/a><a href=\"https:\/\/talkpal.ai\/pt-pt\/language\/tempos-temporais-do-subjuntivo-gramatica-coreana\/\">Tempos Temporais do Subjuntivo <\/a><a href=\"https:\/\/talkpal.ai\/pt-pt\/language\/verbos-gramatica-coreana-pt-pt\/\">Verbos <\/a>            <\/div>\r\n        <\/section>\r\n    <section class=\"promotionalBanner\">\r\n    <p class=\"promotionalText\">A maneira mais eficiente de aprender um idioma<\/p>\r\n    <a class=\"promotionalLink\" href=\"https:\/\/app.talkpal.ai\/pt-pt\/signup?lng=\">Experimente o Talkpal gratuitamente<\/a>\r\n<\/section>\n<div class=\"wp-block-group pageContainerStyle\"><div class=\"wp-block-group__inner-container is-layout-constrained wp-block-group-is-layout-constrained\">\n<h2 class=\"wp-block-heading\" id=\"h-demystifying-korean-grammar-a-beginner-s-guide\">Desmistificar a gram\u00e1tica coreana: um guia para principiantes<\/h2>\n\n\n\n<p><a href=\"https:\/\/talkpal.ai\/pt-pt\/aprender-coreano\/\">Aprender coreano<\/a> pode abrir um mundo de oportunidades, quer seja a explorar a cozinha coreana, a ver os \u00faltimos K-dramas ou a trabalhar com uma das muitas empresas inovadoras da Coreia do Sul. <a href=\"https:\/\/talkpal.ai\/locations\/language-courses-in-como\/\">Como<\/a> um falante n\u00e3o nativo mergulhando nesta l\u00edngua fascinante, um dos aspectos mais desafiadores pode ser dominar sua gram\u00e1tica. A gram\u00e1tica coreana pode parecer complexa \u00e0 primeira <a href=\"https:\/\/talkpal.ai\/locations\/language-courses-in-vista\/\">vista<\/a>, mas tem uma l\u00f3gica e consist\u00eancia que podem ser mais acess\u00edveis do que voc\u00ea imagina. Neste artigo, vamos analisar as principais carater\u00edsticas da gram\u00e1tica coreana e fornecer informa\u00e7\u00f5es valiosas para tornar a tua viagem rumo \u00e0 flu\u00eancia mais f\u00e1cil e agrad\u00e1vel.<\/p>\n\n\n\n<h3 class=\"wp-block-heading\" id=\"h-1-word-nbsp-order-nbsp-get-in-the-flow\"><b>1. Ordem das palavras<\/b><b> \u2013 Entre no fluxo!<\/b><\/h3>\n\n\n\n<p>A primeira coisa que voc\u00ea precisa saber sobre a gram\u00e1tica coreana \u00e9 sua ordem b\u00e1sica de palavras: Sujeito-Objeto-Verbo (SOV). Isto significa que os verbos v\u00eam no fim da frase, <a href=\"https:\/\/talkpal.ai\/culture\/how-do-you-use-the-phrase-ao-contrario-de\/\">ao contr\u00e1rio<\/a> da ordem Sujeito-Verbo-Objeto (SVO) do <a href=\"https:\/\/talkpal.ai\/pt-pt\/locations\/aprenda-ingles-em-passos\/\">ingl\u00eas<\/a>. Isso pode levar algum tempo para se acostumar, mas a chave para a flu\u00eancia \u00e9 se sentir confort\u00e1vel com essa nova estrutura.<\/p>\n\n\n\n<p>Dica: pratique a forma\u00e7\u00e3o de frases coreanas simples traduzindo <a href=\"https:\/\/talkpal.ai\/english-phrases-and-daily-expressions\/\">frases em ingl\u00eas<\/a> e reorganizando a ordem das palavras. Concentre-se em entender a l\u00f3gica por tr\u00e1s da estrutura SOV para se sentir mais confort\u00e1vel com ela.<\/p>\n\n\n\n<h3 class=\"wp-block-heading\" id=\"h-2-particles-attach-and-connect\">2. Part\u00edculas \u2013 Anexe e conecte!<\/h3>\n\n\n\n<p>As frases coreanas usam pequenos peda\u00e7os de informa\u00e7\u00e3o gramatical chamados part\u00edculas para ajudar a determinar a fun\u00e7\u00e3o de uma palavra em uma frase. Por exemplo, o \uc774\/\uac00 e o \uc740\/\ub294 marcam o sujeito, enquanto o \uc744\/\ub97c indica o objeto. As part\u00edculas s\u00e3o um componente essencial da gram\u00e1tica coreana, mas seu uso pode parecer esmagador inicialmente.<\/p>\n\n\n\n<p>Dica: enfrente uma part\u00edcula de cada vez, ficando confort\u00e1vel com seu uso e significado. Desenvolva uma lista de frases de exemplo usando cada part\u00edcula para criar uma cole\u00e7\u00e3o de material de refer\u00eancia.<\/p>\n\n\n\n<h3 class=\"wp-block-heading\" id=\"h-3-verb-conjugation-keep-it-simple\">3. Conjuga\u00e7\u00e3o de verbos \u2013 Mantenha a simplicidade!<\/h3>\n\n\n\n<p>Os verbos coreanos s\u00e3o notavelmente consistentes, o que pode torn\u00e1-los mais f\u00e1ceis de aprender do que verbos em outras l\u00ednguas. Todos os verbos coreanos terminam em \ub2e4 (da) na sua forma b\u00e1sica, e para criar diferentes tempos ou n\u00edveis de polidez, basta acrescentares v\u00e1rias termina\u00e7\u00f5es. As mais comuns s\u00e3o -\uc694 (yo) para <a href=\"https:\/\/talkpal.ai\/talkpal-for-education\/\">educa\u00e7\u00e3o<\/a> informal e -\uc2b5\ub2c8\ub2e4 (seumnida) para situa\u00e7\u00f5es mais formais.<\/p>\n\n\n\n<p>Dica: Aprende a conjugar alguns verbos essenciais nos diferentes n\u00edveis de polidez, <a href=\"https:\/\/talkpal.ai\/locations\/language-courses-in-como\/\">como<\/a> \ud558\ub2e4 (fazer), \uba39\ub2e4 (comer), \uc790\ub2e4 (dormir) e \uac00\ub2e4 (ir). Ent\u00e3o, comece a incorpor\u00e1-los em frases para se tornar mais familiar e confort\u00e1vel com o uso de v\u00e1rias conjuga\u00e7\u00f5es.<\/p>\n\n\n\n<h3 class=\"wp-block-heading\" id=\"h-4-adjectives-treat-them-like-verbs\">4. Adjetivos \u2013 Trate-os como verbos!<\/h3>\n\n\n\n<p>Na gram\u00e1tica coreana, os adjetivos funcionam de forma semelhante aos verbos e s\u00e3o conjugados usando o mesmo sistema. Muitos adjectivos terminam em ~\ud558\ub2e4 (-hada) e podem ser conjugados da mesma forma que conjugas os verbos.<\/p>\n\n\n\n<p>Dica: Pratica a conjuga\u00e7\u00e3o de adjectivos comuns como \uc88b\ub2e4 (ser bom), \uc608\uc058\ub2e4 (ser bonito), \ub192\ub2e4 (ser alto), \ub0ae\ub2e4 (ser baixo) e \ud06c\ub2e4 (ser grande). Incorpor\u00e1-los em frases ajudar\u00e1 a solidificar seu entendimento.<\/p>\n\n\n\n<h3 class=\"wp-block-heading\" id=\"h-5-honorifics-show-your-respect\">5. Honor\u00edficos \u2013 Mostre seu respeito!<\/h3>\n\n\n\n<p>A cultura coreana enfatiza mostrar respeito aos anci\u00e3os e \u00e0queles em posi\u00e7\u00f5es de autoridade. Isso se reflete em sua linguagem atrav\u00e9s dos honor\u00edficos, que s\u00e3o formas especiais de palavras e estruturas gramaticais usadas para mostrar polidez. Alguns exemplos importantes incluem a utiliza\u00e7\u00e3o da part\u00edcula -\uaed8\uc11c (-kkeseo) em vez de -\uc774\/\uac00 quando te referes a algu\u00e9m respeitosamente ou a anexa\u00e7\u00e3o de -\uc2dc (-si) aos verbos como um marcador de cortesia.<\/p>\n\n\n\n<p>Dica: Aprende o b\u00e1sico sobre o uso de honor\u00edficos, mas n\u00e3o te preocupes muito em tornar-te um especialista desde j\u00e1. Como um falante de ingl\u00eas, os coreanos provavelmente entender\u00e3o se voc\u00ea cometer erros, mas mostrar um esfor\u00e7o para ser respeitoso ser\u00e1 apreciado.<\/p>\n\n\n\n<h3 class=\"wp-block-heading\" id=\"h-conclusion\">Conclus\u00e3o:<\/h3>\n\n\n\n<p>A gram\u00e1tica coreana pode parecer um desafio no in\u00edcio, mas \u00e0 medida que vais ganhando experi\u00eancia e compreens\u00e3o, vais encontrar uma estrutura l\u00f3gica e consistente. Concentrando-te em conceitos-chave como a ordem das palavras, part\u00edculas e conjuga\u00e7\u00e3o de verbos, em breve estar\u00e1s a construir frases como um profissional. Abra\u00e7a o amor por esta l\u00edngua expressiva e v\u00ea o teu dom\u00ednio da gram\u00e1tica coreana conduzir a um mundo de possibilidades. \ud654\uc774\ud305 (hwaiting) &#8211; deixa<\/p>\n<\/div><\/div>\n\r\n<section class=\"learnNavigationSection\">\r\n            \r\n        <a href=\"https:\/\/talkpal.ai\/pt-pt\/aprender-coreano\/\">\r\n            <div class=\"learnNavigationWrapper\">\r\n                <div class=\"learnNavigationContent\">\r\n                    <img decoding=\"async\" src=\"https:\/\/talkpal.ai\/wp-content\/uploads\/2024\/08\/Korean.jpg\" alt=\"Korean Flag\">\r\n                    <div>\r\n                        <h4>Sobre a aprendizagem do coreano<\/h4>\r\n                        <p>Descobre tudo sobre a gram\u00e1tica coreana.<\/p>\r\n                    <\/div>\r\n                <\/div>\r\n            <\/div>\r\n        <\/a>\r\n\r\n        \r\n        <a href=\"https:\/\/talkpal.ai\/pt-pt\/exercicios-de-gramatica-coreana\/\">\r\n            <div class=\"learnNavigationWrapper\">\r\n                <div class=\"learnNavigationContent\">\r\n                    <img decoding=\"async\" src=\"https:\/\/talkpal.ai\/wp-content\/uploads\/2024\/08\/Korean.jpg\" alt=\"Korean Flag\">\r\n                    <div>\r\n                        <h4>Exerc\u00edcio de gram\u00e1tica coreana<\/h4>\r\n                        <p>Pratica a gram\u00e1tica coreana.<\/p>\r\n                    <\/div>\r\n                <\/div>\r\n            <\/div>\r\n        <\/a>\r\n\r\n        \r\n        <a href=\"https:\/\/talkpal.ai\/vocabulary_language\/korean\/\">\r\n            <div class=\"learnNavigationWrapper\">\r\n                <div class=\"learnNavigationContent\">\r\n                    <img decoding=\"async\" src=\"https:\/\/talkpal.ai\/wp-content\/uploads\/2024\/08\/Korean.jpg\" alt=\"Korean Flag\">\r\n                    <div>\r\n                        <h4>Vocabul\u00e1rio coreano<\/h4>\r\n                        <p>Aumenta o teu vocabul\u00e1rio coreano.<\/p>\r\n                    <\/div>\r\n                <\/div>\r\n            <\/div>\r\n        <\/a>\r\n\r\n            <\/section>","protected":false},"excerpt":{"rendered":"<p>Desmistificar a gram\u00e1tica coreana: um guia para principiantes Aprender coreano pode abrir um mundo de oportunidades, quer seja a explorar a cozinha coreana, a ver os \u00faltimos K-dramas ou a trabalhar com uma das muitas empresas inovadoras da Coreia do Sul. Como um falante n\u00e3o nativo mergulhando nesta l\u00edngua fascinante, um dos aspectos mais desafiadores [&hellip;]<\/p>\n","protected":false},"author":1,"featured_media":13898,"parent":0,"menu_order":0,"comment_status":"closed","ping_status":"closed","template":"LearningContentPage.php","meta":{"_acf_changed":false,"footnotes":""},"class_list":["post-130389","page","type-page","status-publish","has-post-thumbnail","hentry"],"acf":[],"yoast_head":"<!-- This site is optimized with the Yoast SEO Premium plugin v27.2 (Yoast SEO v27.2) - https:\/\/yoast.com\/product\/yoast-seo-premium-wordpress\/ -->\n<title>Gram\u00e1tica coreana - Talkpal<\/title>\n<meta name=\"description\" content=\"Domina a gram\u00e1tica coreana com confian\u00e7a - refor\u00e7a a estrutura das frases, clarifica as regras e melhora a flu\u00eancia facilmente\" \/>\n<meta name=\"robots\" content=\"index, follow, max-snippet:-1, max-image-preview:large, max-video-preview:-1\" \/>\n<link rel=\"canonical\" href=\"https:\/\/talkpal.ai\/pt-pt\/gramatica-coreana\/\" \/>\n<meta property=\"og:locale\" content=\"pt_PT\" \/>\n<meta property=\"og:type\" content=\"article\" \/>\n<meta property=\"og:title\" content=\"Gram\u00e1tica coreana\" \/>\n<meta property=\"og:description\" content=\"Desmistificar a gram\u00e1tica coreana: um guia para principiantes Aprender coreano pode abrir um mundo de oportunidades, quer seja a explorar a cozinha\" \/>\n<meta property=\"og:url\" content=\"https:\/\/talkpal.ai\/pt-pt\/gramatica-coreana\/\" \/>\n<meta property=\"og:site_name\" content=\"Talkpal\" \/>\n<meta property=\"article:publisher\" content=\"https:\/\/www.facebook.com\/profile.php?id=100090733639311\" \/>\n<meta property=\"article:modified_time\" content=\"2025-12-11T16:24:05+00:00\" \/>\n<meta property=\"og:image\" content=\"https:\/\/talkpal.ai\/wp-content\/uploads\/2023\/04\/south-korea.png\" \/>\n\t<meta property=\"og:image:width\" content=\"512\" \/>\n\t<meta property=\"og:image:height\" content=\"512\" \/>\n\t<meta property=\"og:image:type\" content=\"image\/png\" \/>\n<meta name=\"twitter:card\" content=\"summary_large_image\" \/>\n<meta name=\"twitter:site\" content=\"@talkpalai\" \/>\n<meta name=\"twitter:label1\" content=\"Tempo estimado de leitura\" \/>\n\t<meta name=\"twitter:data1\" content=\"4 minutos\" \/>\n<script type=\"application\/ld+json\" class=\"yoast-schema-graph\">{\"@context\":\"https:\/\/schema.org\",\"@graph\":[{\"@type\":\"WebPage\",\"@id\":\"https:\/\/talkpal.ai\/pt-pt\/gramatica-coreana\/\",\"url\":\"https:\/\/talkpal.ai\/pt-pt\/gramatica-coreana\/\",\"name\":\"Gram\u00e1tica coreana - Talkpal\",\"isPartOf\":{\"@id\":\"https:\/\/talkpal.ai\/pt-pt\/#website\"},\"primaryImageOfPage\":{\"@id\":\"https:\/\/talkpal.ai\/pt-pt\/gramatica-coreana\/#primaryimage\"},\"image\":{\"@id\":\"https:\/\/talkpal.ai\/pt-pt\/gramatica-coreana\/#primaryimage\"},\"thumbnailUrl\":\"https:\/\/talkpal.ai\/wp-content\/uploads\/2023\/04\/south-korea.png\",\"datePublished\":\"2023-05-14T13:52:27+00:00\",\"dateModified\":\"2025-12-11T16:24:05+00:00\",\"description\":\"Domina a gram\u00e1tica coreana com confian\u00e7a - refor\u00e7a a estrutura das frases, clarifica as regras e melhora a flu\u00eancia facilmente\",\"breadcrumb\":{\"@id\":\"https:\/\/talkpal.ai\/pt-pt\/gramatica-coreana\/#breadcrumb\"},\"inLanguage\":\"pt-PT\",\"potentialAction\":[{\"@type\":\"ReadAction\",\"target\":[\"https:\/\/talkpal.ai\/pt-pt\/gramatica-coreana\/\"]}]},{\"@type\":\"ImageObject\",\"inLanguage\":\"pt-PT\",\"@id\":\"https:\/\/talkpal.ai\/pt-pt\/gramatica-coreana\/#primaryimage\",\"url\":\"https:\/\/talkpal.ai\/wp-content\/uploads\/2023\/04\/south-korea.png\",\"contentUrl\":\"https:\/\/talkpal.ai\/wp-content\/uploads\/2023\/04\/south-korea.png\",\"width\":512,\"height\":512},{\"@type\":\"BreadcrumbList\",\"@id\":\"https:\/\/talkpal.ai\/pt-pt\/gramatica-coreana\/#breadcrumb\",\"itemListElement\":[{\"@type\":\"ListItem\",\"position\":1,\"name\":\"Homepage\",\"item\":\"https:\/\/talkpal.ai\/pt-pt\/\"},{\"@type\":\"ListItem\",\"position\":2,\"name\":\"Gram\u00e1tica coreana\"}]},{\"@type\":\"WebSite\",\"@id\":\"https:\/\/talkpal.ai\/pt-pt\/#website\",\"url\":\"https:\/\/talkpal.ai\/pt-pt\/\",\"name\":\"Talkpal\",\"description\":\"AI Language Learning\",\"publisher\":{\"@id\":\"https:\/\/talkpal.ai\/pt-pt\/#organization\"},\"alternateName\":\"Talkpal AI\",\"potentialAction\":[{\"@type\":\"SearchAction\",\"target\":{\"@type\":\"EntryPoint\",\"urlTemplate\":\"https:\/\/talkpal.ai\/pt-pt\/?s={search_term_string}\"},\"query-input\":{\"@type\":\"PropertyValueSpecification\",\"valueRequired\":true,\"valueName\":\"search_term_string\"}}],\"inLanguage\":\"pt-PT\"},{\"@type\":\"Organization\",\"@id\":\"https:\/\/talkpal.ai\/pt-pt\/#organization\",\"name\":\"Talkpal, Inc.\",\"alternateName\":\"Talkpal AI\",\"url\":\"https:\/\/talkpal.ai\/pt-pt\/\",\"logo\":{\"@type\":\"ImageObject\",\"inLanguage\":\"pt-PT\",\"@id\":\"https:\/\/talkpal.ai\/pt-pt\/#\/schema\/logo\/image\/\",\"url\":\"https:\/\/talkpal.ai\/wp-content\/uploads\/2024\/03\/Talkpal-Logo-Icon.png\",\"contentUrl\":\"https:\/\/talkpal.ai\/wp-content\/uploads\/2024\/03\/Talkpal-Logo-Icon.png\",\"width\":2880,\"height\":2880,\"caption\":\"Talkpal, Inc.\"},\"image\":{\"@id\":\"https:\/\/talkpal.ai\/pt-pt\/#\/schema\/logo\/image\/\"},\"sameAs\":[\"https:\/\/www.facebook.com\/profile.php?id=100090733639311\",\"https:\/\/x.com\/talkpalai\",\"https:\/\/www.linkedin.com\/company\/talkpal\/\",\"https:\/\/www.youtube.com\/@TalkPal\/\",\"https:\/\/www.tiktok.com\/@talkpal\",\"https:\/\/www.instagram.com\/talkpal_ai\/\",\"https:\/\/www.crunchbase.com\/organization\/talkpal-9cde\",\"https:\/\/www.g2.com\/products\/talkpal-for-business\/\",\"https:\/\/www.trustpilot.com\/review\/talkpal.ai\",\"https:\/\/www.capterra.com\/p\/10006800\/TalkPal\/\"],\"description\":\"Talkpal is a language learning web and mobile education app, powered by the latest AI technologies, that provides engaging experiences to its customers in many different languages to help them improve their language skills. Users can chat about unlimited amount of topics with the app and use other modes to practice their language learning.\",\"email\":\"support@talkpal.ai\",\"legalName\":\"Talkpal, Inc.\",\"foundingDate\":\"2023-04-03\",\"duns\":\"118989042\",\"numberOfEmployees\":{\"@type\":\"QuantitativeValue\",\"minValue\":\"11\",\"maxValue\":\"50\"},\"publishingPrinciples\":\"https:\/\/talkpal.ai\/publishing-principles\/\",\"actionableFeedbackPolicy\":\"https:\/\/talkpal.ai\/actionable-feedback-policy\/\",\"correctionsPolicy\":\"https:\/\/talkpal.ai\/corrections-policy\/\",\"ethicsPolicy\":\"https:\/\/talkpal.ai\/ethics-policy\/\",\"diversityPolicy\":\"https:\/\/talkpal.ai\/diversity-policy\/\",\"diversityStaffingReport\":\"https:\/\/talkpal.ai\/diversity-policy\/\"}]}<\/script>\n<!-- \/ Yoast SEO Premium plugin. -->","yoast_head_json":{"title":"Gram\u00e1tica coreana - Talkpal","description":"Domina a gram\u00e1tica coreana com confian\u00e7a - refor\u00e7a a estrutura das frases, clarifica as regras e melhora a flu\u00eancia facilmente","robots":{"index":"index","follow":"follow","max-snippet":"max-snippet:-1","max-image-preview":"max-image-preview:large","max-video-preview":"max-video-preview:-1"},"canonical":"https:\/\/talkpal.ai\/pt-pt\/gramatica-coreana\/","og_locale":"pt_PT","og_type":"article","og_title":"Gram\u00e1tica coreana","og_description":"Desmistificar a gram\u00e1tica coreana: um guia para principiantes Aprender coreano pode abrir um mundo de oportunidades, quer seja a explorar a cozinha","og_url":"https:\/\/talkpal.ai\/pt-pt\/gramatica-coreana\/","og_site_name":"Talkpal","article_publisher":"https:\/\/www.facebook.com\/profile.php?id=100090733639311","article_modified_time":"2025-12-11T16:24:05+00:00","og_image":[{"width":512,"height":512,"url":"https:\/\/talkpal.ai\/wp-content\/uploads\/2023\/04\/south-korea.png","type":"image\/png"}],"twitter_card":"summary_large_image","twitter_site":"@talkpalai","twitter_misc":{"Tempo estimado de leitura":"4 minutos"},"schema":{"@context":"https:\/\/schema.org","@graph":[{"@type":"WebPage","@id":"https:\/\/talkpal.ai\/pt-pt\/gramatica-coreana\/","url":"https:\/\/talkpal.ai\/pt-pt\/gramatica-coreana\/","name":"Gram\u00e1tica coreana - Talkpal","isPartOf":{"@id":"https:\/\/talkpal.ai\/pt-pt\/#website"},"primaryImageOfPage":{"@id":"https:\/\/talkpal.ai\/pt-pt\/gramatica-coreana\/#primaryimage"},"image":{"@id":"https:\/\/talkpal.ai\/pt-pt\/gramatica-coreana\/#primaryimage"},"thumbnailUrl":"https:\/\/talkpal.ai\/wp-content\/uploads\/2023\/04\/south-korea.png","datePublished":"2023-05-14T13:52:27+00:00","dateModified":"2025-12-11T16:24:05+00:00","description":"Domina a gram\u00e1tica coreana com confian\u00e7a - refor\u00e7a a estrutura das frases, clarifica as regras e melhora a flu\u00eancia facilmente","breadcrumb":{"@id":"https:\/\/talkpal.ai\/pt-pt\/gramatica-coreana\/#breadcrumb"},"inLanguage":"pt-PT","potentialAction":[{"@type":"ReadAction","target":["https:\/\/talkpal.ai\/pt-pt\/gramatica-coreana\/"]}]},{"@type":"ImageObject","inLanguage":"pt-PT","@id":"https:\/\/talkpal.ai\/pt-pt\/gramatica-coreana\/#primaryimage","url":"https:\/\/talkpal.ai\/wp-content\/uploads\/2023\/04\/south-korea.png","contentUrl":"https:\/\/talkpal.ai\/wp-content\/uploads\/2023\/04\/south-korea.png","width":512,"height":512},{"@type":"BreadcrumbList","@id":"https:\/\/talkpal.ai\/pt-pt\/gramatica-coreana\/#breadcrumb","itemListElement":[{"@type":"ListItem","position":1,"name":"Homepage","item":"https:\/\/talkpal.ai\/pt-pt\/"},{"@type":"ListItem","position":2,"name":"Gram\u00e1tica coreana"}]},{"@type":"WebSite","@id":"https:\/\/talkpal.ai\/pt-pt\/#website","url":"https:\/\/talkpal.ai\/pt-pt\/","name":"Talkpal","description":"AI Language Learning","publisher":{"@id":"https:\/\/talkpal.ai\/pt-pt\/#organization"},"alternateName":"Talkpal AI","potentialAction":[{"@type":"SearchAction","target":{"@type":"EntryPoint","urlTemplate":"https:\/\/talkpal.ai\/pt-pt\/?s={search_term_string}"},"query-input":{"@type":"PropertyValueSpecification","valueRequired":true,"valueName":"search_term_string"}}],"inLanguage":"pt-PT"},{"@type":"Organization","@id":"https:\/\/talkpal.ai\/pt-pt\/#organization","name":"Talkpal, Inc.","alternateName":"Talkpal AI","url":"https:\/\/talkpal.ai\/pt-pt\/","logo":{"@type":"ImageObject","inLanguage":"pt-PT","@id":"https:\/\/talkpal.ai\/pt-pt\/#\/schema\/logo\/image\/","url":"https:\/\/talkpal.ai\/wp-content\/uploads\/2024\/03\/Talkpal-Logo-Icon.png","contentUrl":"https:\/\/talkpal.ai\/wp-content\/uploads\/2024\/03\/Talkpal-Logo-Icon.png","width":2880,"height":2880,"caption":"Talkpal, Inc."},"image":{"@id":"https:\/\/talkpal.ai\/pt-pt\/#\/schema\/logo\/image\/"},"sameAs":["https:\/\/www.facebook.com\/profile.php?id=100090733639311","https:\/\/x.com\/talkpalai","https:\/\/www.linkedin.com\/company\/talkpal\/","https:\/\/www.youtube.com\/@TalkPal\/","https:\/\/www.tiktok.com\/@talkpal","https:\/\/www.instagram.com\/talkpal_ai\/","https:\/\/www.crunchbase.com\/organization\/talkpal-9cde","https:\/\/www.g2.com\/products\/talkpal-for-business\/","https:\/\/www.trustpilot.com\/review\/talkpal.ai","https:\/\/www.capterra.com\/p\/10006800\/TalkPal\/"],"description":"Talkpal is a language learning web and mobile education app, powered by the latest AI technologies, that provides engaging experiences to its customers in many different languages to help them improve their language skills. Users can chat about unlimited amount of topics with the app and use other modes to practice their language learning.","email":"support@talkpal.ai","legalName":"Talkpal, Inc.","foundingDate":"2023-04-03","duns":"118989042","numberOfEmployees":{"@type":"QuantitativeValue","minValue":"11","maxValue":"50"},"publishingPrinciples":"https:\/\/talkpal.ai\/publishing-principles\/","actionableFeedbackPolicy":"https:\/\/talkpal.ai\/actionable-feedback-policy\/","correctionsPolicy":"https:\/\/talkpal.ai\/corrections-policy\/","ethicsPolicy":"https:\/\/talkpal.ai\/ethics-policy\/","diversityPolicy":"https:\/\/talkpal.ai\/diversity-policy\/","diversityStaffingReport":"https:\/\/talkpal.ai\/diversity-policy\/"}]}},"_links":{"self":[{"href":"https:\/\/talkpal.ai\/pt-pt\/wp-json\/wp\/v2\/pages\/130389","targetHints":{"allow":["GET"]}}],"collection":[{"href":"https:\/\/talkpal.ai\/pt-pt\/wp-json\/wp\/v2\/pages"}],"about":[{"href":"https:\/\/talkpal.ai\/pt-pt\/wp-json\/wp\/v2\/types\/page"}],"author":[{"embeddable":true,"href":"https:\/\/talkpal.ai\/pt-pt\/wp-json\/wp\/v2\/users\/1"}],"replies":[{"embeddable":true,"href":"https:\/\/talkpal.ai\/pt-pt\/wp-json\/wp\/v2\/comments?post=130389"}],"version-history":[{"count":0,"href":"https:\/\/talkpal.ai\/pt-pt\/wp-json\/wp\/v2\/pages\/130389\/revisions"}],"wp:featuredmedia":[{"embeddable":true,"href":"https:\/\/talkpal.ai\/pt-pt\/wp-json\/wp\/v2\/media\/13898"}],"wp:attachment":[{"href":"https:\/\/talkpal.ai\/pt-pt\/wp-json\/wp\/v2\/media?parent=130389"}],"curies":[{"name":"wp","href":"https:\/\/api.w.org\/{rel}","templated":true}]}}