{"id":128708,"date":"2023-05-14T13:49:38","date_gmt":"2023-05-14T13:49:38","guid":{"rendered":"http:\/\/talkpal.ai\/gramatica-holandesa\/"},"modified":"2025-12-11T17:02:54","modified_gmt":"2025-12-11T17:02:54","slug":"gramatica-holandesa","status":"publish","type":"page","link":"https:\/\/talkpal.ai\/pt-pt\/gramatica-holandesa\/","title":{"rendered":"Gram\u00e1tica Holandesa"},"content":{"rendered":"\r\n\r\n\r\n<section class=\"languageChallengeSection\">\r\n    <div class=\"languageInfoWrapper\">\r\n        \r\n        <h1>Gram\u00e1tica Holandesa<\/h1>\r\n        <p>Explora os fundamentos da l\u00edngua holandesa aprendendo as suas regras gramaticais essenciais. Dominar a <a href=\"https:\/\/talkpal.ai\/es\/gramatica-holandesa\/\">gram\u00e1tica holandesa<\/a> vai ajudar-te a comunicar eficazmente e a conhecer melhor a cultura holandesa. Come\u00e7a hoje a aprender gram\u00e1tica neerlandesa e d\u00e1 o primeiro passo para a flu\u00eancia!\n<\/p>\r\n\r\n                            <a class=\"getStartedHidden\" href=\"https:\/\/app.talkpal.ai\/pt-pt\/signup?lng=\">Come\u00e7a<\/a>\r\n        \r\n    <\/div>\r\n\r\n    <figure>\r\n    <img decoding=\"async\" width=\"768\" height=\"768\" src=\"https:\/\/talkpal.ai\/wp-content\/uploads\/2023\/06\/Dutch-768x768.png\" class=\"languageImage no-lazy\" alt=\"Default alt text\" fetchpriority=\"high\" sizes=\"(max-width: 768px) 150px, 768px\" srcset=\"https:\/\/talkpal.ai\/wp-content\/uploads\/2023\/06\/Dutch-768x768.png 768w, https:\/\/talkpal.ai\/wp-content\/uploads\/2023\/06\/Dutch-300x300.png 300w\" \/>\r\n    \r\n\r\n    <\/figure>\r\n\r\n            <a class=\"getStartedVisible\" href=\"https:\/\/app.talkpal.ai\/pt-pt\/signup?lng=\">Come\u00e7a<\/a>\r\n    \r\n<\/section>\r\n        <section class=\"grammarSection\">\r\n            <div class=\"grammarLinks\">\r\n                <a href=\"https:\/\/talkpal.ai\/pt-pt\/language\/adjetivos-gramatica-holandesa-pt-pt\/\">Adjetivos <\/a><a href=\"https:\/\/talkpal.ai\/pt-pt\/language\/adverbios-gramatica-holandesa-pt-pt\/\">Adv\u00e9rbios <\/a><a href=\"https:\/\/talkpal.ai\/pt-pt\/language\/artigos-gramatica-holandesa\/\">Artigos <\/a><a href=\"https:\/\/talkpal.ai\/pt-pt\/language\/comparacao-de-tempos-gramatica-holandesa\/\">Compara\u00e7\u00e3o de tempos <\/a><a href=\"https:\/\/talkpal.ai\/pt-pt\/language\/estrutura-da-frase-gramatica-holandesa\/\">Estrutura da frase <\/a><a href=\"https:\/\/talkpal.ai\/pt-pt\/language\/indicativo-de-tempos-gramatica-holandesa\/\">Indicativo de Tempos <\/a><a href=\"https:\/\/talkpal.ai\/pt-pt\/language\/preposicoes-gramatica-holandesa\/\">Preposi\u00e7\u00f5es <\/a><a href=\"https:\/\/talkpal.ai\/pt-pt\/language\/pronomes-gramatica-holandesa\/\">Pronomes <\/a><a href=\"https:\/\/talkpal.ai\/pt-pt\/language\/substantivos-gramatica-holandesa\/\">Substantivos <\/a><a href=\"https:\/\/talkpal.ai\/pt-pt\/language\/tempos-do-subjuntivo-gramatica-holandesa\/\">Tempos do Subjuntivo <\/a><a href=\"https:\/\/talkpal.ai\/pt-pt\/language\/verbos-gramatica-holandesa-pt-pt\/\">Verbos <\/a>            <\/div>\r\n        <\/section>\r\n    <section class=\"promotionalBanner\">\r\n    <p class=\"promotionalText\">A maneira mais eficiente de aprender um idioma<\/p>\r\n    <a class=\"promotionalLink\" href=\"https:\/\/app.talkpal.ai\/pt-pt\/signup?lng=\">Experimente o Talkpal gratuitamente<\/a>\r\n<\/section>\n<div class=\"wp-block-group pageContainerStyle\"><div class=\"wp-block-group__inner-container is-layout-constrained wp-block-group-is-layout-constrained\">\n<h2 class=\"wp-block-heading\" id=\"h-dutch-grammar-master-the-mechanics-of-the-dutch-language\">Gram\u00e1tica Holandesa: Domine a Mec\u00e2nica da L\u00edngua Holandesa<\/h2>\n\n\n\n<p>Se deste o <a href=\"https:\/\/talkpal.ai\/locations\/language-courses-in-salto\/\">salto<\/a> para aprender neerland\u00eas, vais ter uma viagem emocionante! Com mais de 23 milh\u00f5es de falantes em todo o mundo, o holand\u00eas \u00e9 uma l\u00edngua fant\u00e1stica para refor\u00e7ar suas proezas lingu\u00edsticas e ampliar seus horizontes. Agora, voc\u00ea j\u00e1 deve ter ouvido sussurros sobre as complexidades da <a href=\"https:\/\/talkpal.ai\/es\/gramatica-holandesa\/\">gram\u00e1tica holandesa<\/a>, mas n\u00e3o tenha medo! Este artigo serve <a href=\"https:\/\/talkpal.ai\/locations\/language-courses-in-como\/\">como<\/a> um guia amig\u00e1vel para principiantes, que te vai explicar a gram\u00e1tica holandesa de uma forma divertida e abrangente.<\/p>\n\n\n\n<h3 class=\"wp-block-heading\" id=\"h-1-the-pillar-of-dutch-grammar-word-order\">1. O pilar da gram\u00e1tica holandesa: ordem das palavras<\/h3>\n\n\n\n<p>A gram\u00e1tica holandesa depende muito da ordem das palavras. Em geral, segue uma estrutura \u201csujeito-verbo-objeto\u201d semelhante \u00e0 da l\u00edngua inglesa. No entanto, o holand\u00eas tem uma caracter\u00edstica \u00fanica: a ordem das palavras Verb Second (V2). Em uma ora\u00e7\u00e3o com mais de um verbo, o segundo verbo \u00e9 empurrado para o fim. Por exemplo:<\/p>\n\n\n\n<p><a href=\"https:\/\/talkpal.ai\/pt-pt\/locations\/aprenda-ingles-em-passos\/\">Ingl\u00eas<\/a>: Eu tenho que trabalhar hoje.<\/p>\n\n\n\n<p>Holand\u00eas: Ik moet vandaag werken. (literalmente: \u201cHoje tenho de trabalhar.\u201d)<\/p>\n\n\n\n<p>Dominar a ordem das palavras V2 \u00e9 essencial ao aprender a gram\u00e1tica holandesa.<\/p>\n\n\n\n<h3 class=\"wp-block-heading\" id=\"h-2-get-to-know-your-articles\">2. Conhe\u00e7a seus artigos<\/h3>\n\n\n\n<p>O holand\u00eas tem dois <a href=\"https:\/\/talkpal.ai\/hi\/grammar_exercises\/articulos-%e0%a4%b8%e0%a5%8d%e0%a4%aa%e0%a5%87%e0%a4%a8%e0%a4%bf%e0%a4%b6-%e0%a4%b5%e0%a5%8d%e0%a4%af%e0%a4%be%e0%a4%95%e0%a4%b0%e0%a4%a3-%e0%a4%95%e0%a5%87-%e0%a4%b2%e0%a4%bf%e0%a4%8f-%e0%a4%b5\/\">artigos definidos<\/a> (&#8220;de&#8221; e &#8220;het&#8221;), e um <a href=\"https:\/\/talkpal.ai\/pt-pt\/grammar\/artigo-indefinido-na-gramatica-galesa\/\">artigo indefinido<\/a> (&#8220;een&#8221;). Escolher entre os dois artigos definidos pode ser complicado, sem uma regra definida a seguir. <a href=\"https:\/\/talkpal.ai\/locations\/language-courses-in-como\/\">Como<\/a> iniciante, a melhor maneira de aprend\u00ea-los \u00e9 atrav\u00e9s da pr\u00e1tica e do contexto. Por exemplo:<\/p>\n\n\n\n<p>De man &#8211; O homem<\/p>\n\n\n\n<p>Het meisje &#8211; A rapariga<\/p>\n\n\n\n<p>Een hond &#8211; Um c\u00e3o<\/p>\n\n\n\n<h3 class=\"wp-block-heading\" id=\"h-3-the-dance-of-dutch-conjugations\">3. A dan\u00e7a das conjuga\u00e7\u00f5es holandesas<\/h3>\n\n\n\n<p>Como o ingl\u00eas, os verbos holandeses mudam de forma para transmitir tempo e humor. Em holand\u00eas, h\u00e1 tr\u00eas grupos prim\u00e1rios de conjuga\u00e7\u00f5es verbais: verbos fracos, verbos fortes e verbos irregulares.<\/p>\n\n\n\n<p>Os verbos fracos seguem regras de conjuga\u00e7\u00e3o definidas, o que os torna bastante f\u00e1ceis de aprender.  <\/p>\n\n\n\n<p>Exemplo (Tempo presente): Ik werk, jij werkt, hij\/zij\/u werkt, wij\/jullie\/zij werken<\/p>\n\n\n\n<p>Verbos fortes envolvem mudan\u00e7as voc\u00e1licas, muitas vezes levando os alunos a memoriz\u00e1-los individualmente.<\/p>\n\n\n\n<p>Exemplo (Tempo presente): Ik zing, jij zingt, hij\/zij\/u zingt, wij\/jullie\/zij zingen<\/p>\n\n\n\n<p>Os verbos irregulares, como o seu nome indica, n\u00e3o seguem nenhum padr\u00e3o de conjuga\u00e7\u00e3o e devem ser aprendidos de forma aut\u00f3noma.<\/p>\n\n\n\n<p>Exemplo (Tempo presente): Ik ben, jij bent, hij\/zij\/u is, wij\/jullie\/zij zijn<\/p>\n\n\n\n<h3 class=\"wp-block-heading\" id=\"h-4-a-flair-for-pronouns\">4. Um talento para pronomes<\/h3>\n\n\n\n<p>Os pronomes na gram\u00e1tica holandesa substituem os substantivos e s\u00e3o essenciais para tornar sua fala mais din\u00e2mica e fluida. H\u00e1 pronomes pessoais, pronomes possessivos, pronomes demonstrativos e pronomes reflexivos. Como iniciante, entender pronomes pessoais e possessivos \u00e9 crucial.<\/p>\n\n\n\n<p>Pronomes pessoais: ik (I), jij\/je (voc\u00ea), hij\/zij\/ze (ele\/ela), wij\/we (n\u00f3s), jullie (todos voc\u00eas), zij\/ze (eles)<\/p>\n\n\n\n<p>Pronomes possessivos: mijn (meu), jouw\/je (seu), zijn\/haar (seu\/ela), ons\/onze (nosso), jullie (seu), hun\/hen (deles)<\/p>\n\n\n\n<h3 class=\"wp-block-heading\" id=\"h-5-cases-no-more-mostly\">5. Casos n\u00e3o mais (principalmente)<\/h3>\n\n\n\n<p>Ao contr\u00e1rio do alem\u00e3o, o holand\u00eas n\u00e3o usa mais um sistema de casos na vida cotidiana, proporcionando algum al\u00edvio dos obst\u00e1culos lingu\u00edsticos. A \u00fanica exce\u00e7\u00e3o \u00e9 quando se trata de variantes holandesas de \u201cquem\u201d e \u201cquem\u201d (wie e wie, respetivamente), e algumas express\u00f5es fixas (como te allen tijde, que significa \u201cem todos os momentos\u201d).  <\/p>\n\n\n\n<p>Parab\u00e9ns! Deste os primeiros passos para dominar a gram\u00e1tica holandesa. Lembra-te de que a pr\u00e1tica \u00e9 fundamental, por isso n\u00e3o hesites em aprofundar os teus conhecimentos, comunicar com falantes nativos e construir uma base s\u00f3lida. Veel \u00e9 um sucesso! (Boa sorte!)<\/p>\n<\/div><\/div>\n\r\n<section class=\"learnNavigationSection\">\r\n            \r\n        <a href=\"https:\/\/talkpal.ai\/pt-pt\/aprender-holandes\/\">\r\n            <div class=\"learnNavigationWrapper\">\r\n                <div class=\"learnNavigationContent\">\r\n                    <img decoding=\"async\" src=\"https:\/\/talkpal.ai\/wp-content\/uploads\/2024\/08\/Dutch.jpg\" alt=\"Netherlands Flag\">\r\n                    <div>\r\n                        <h4>Sobre a Dutch Learning<\/h4>\r\n                        <p>Descobre tudo sobre a gram\u00e1tica neerlandesa.<\/p>\r\n                    <\/div>\r\n                <\/div>\r\n            <\/div>\r\n        <\/a>\r\n\r\n        \r\n        <a href=\"https:\/\/talkpal.ai\/pt-pt\/exercicios-de-gramatica-holandesa\/\">\r\n            <div class=\"learnNavigationWrapper\">\r\n                <div class=\"learnNavigationContent\">\r\n                    <img decoding=\"async\" src=\"https:\/\/talkpal.ai\/wp-content\/uploads\/2024\/08\/Dutch.jpg\" alt=\"Netherlands Flag\">\r\n                    <div>\r\n                        <h4>Exerc\u00edcio de gram\u00e1tica holandesa<\/h4>\r\n                        <p>Pratica a gram\u00e1tica holandesa.<\/p>\r\n                    <\/div>\r\n                <\/div>\r\n            <\/div>\r\n        <\/a>\r\n\r\n        \r\n        <a href=\"https:\/\/talkpal.ai\/vocabulary_language\/dutch\/\">\r\n            <div class=\"learnNavigationWrapper\">\r\n                <div class=\"learnNavigationContent\">\r\n                    <img decoding=\"async\" src=\"https:\/\/talkpal.ai\/wp-content\/uploads\/2024\/08\/Dutch.jpg\" alt=\"Netherlands Flag\">\r\n                    <div>\r\n                        <h4>Vocabul\u00e1rio neerland\u00eas<\/h4>\r\n                        <p>Amplia o teu vocabul\u00e1rio holand\u00eas.<\/p>\r\n                    <\/div>\r\n                <\/div>\r\n            <\/div>\r\n        <\/a>\r\n\r\n            <\/section>","protected":false},"excerpt":{"rendered":"<p>Gram\u00e1tica Holandesa: Domine a Mec\u00e2nica da L\u00edngua Holandesa Se deste o salto para aprender neerland\u00eas, vais ter uma viagem emocionante! Com mais de 23 milh\u00f5es de falantes em todo o mundo, o holand\u00eas \u00e9 uma l\u00edngua fant\u00e1stica para refor\u00e7ar suas proezas lingu\u00edsticas e ampliar seus horizontes. Agora, voc\u00ea j\u00e1 deve ter ouvido sussurros sobre as [&hellip;]<\/p>\n","protected":false},"author":1,"featured_media":13874,"parent":0,"menu_order":0,"comment_status":"closed","ping_status":"closed","template":"LearningContentPage.php","meta":{"_acf_changed":false,"footnotes":""},"class_list":["post-128708","page","type-page","status-publish","has-post-thumbnail","hentry"],"acf":[],"yoast_head":"<!-- This site is optimized with the Yoast SEO Premium plugin v27.2 (Yoast SEO v27.2) - https:\/\/yoast.com\/product\/yoast-seo-premium-wordpress\/ -->\n<title>Gram\u00e1tica Holandesa - Talkpal<\/title>\n<meta name=\"description\" content=\"Domina a gram\u00e1tica holandesa com Talkpal, o teu tutor de l\u00ednguas alimentado por IA. Tem acesso a explica\u00e7\u00f5es claras, exemplos pr\u00e1ticos e exerc\u00edcios interactivos!\" \/>\n<meta name=\"robots\" content=\"index, follow, max-snippet:-1, max-image-preview:large, max-video-preview:-1\" \/>\n<link rel=\"canonical\" href=\"https:\/\/talkpal.ai\/pt-pt\/gramatica-holandesa\/\" \/>\n<meta property=\"og:locale\" content=\"pt_PT\" \/>\n<meta property=\"og:type\" content=\"article\" \/>\n<meta property=\"og:title\" content=\"Gram\u00e1tica Holandesa\" \/>\n<meta property=\"og:description\" content=\"Gram\u00e1tica Holandesa: Domine a Mec\u00e2nica da L\u00edngua Holandesa Se deste o salto para aprender neerland\u00eas, vais ter uma viagem emocionante! Com mais de 23\" \/>\n<meta property=\"og:url\" content=\"https:\/\/talkpal.ai\/pt-pt\/gramatica-holandesa\/\" \/>\n<meta property=\"og:site_name\" content=\"Talkpal\" \/>\n<meta property=\"article:publisher\" content=\"https:\/\/www.facebook.com\/profile.php?id=100090733639311\" \/>\n<meta property=\"article:modified_time\" content=\"2025-12-11T17:02:54+00:00\" \/>\n<meta property=\"og:image\" content=\"https:\/\/talkpal.ai\/wp-content\/uploads\/2023\/04\/netherlands-dutch.png\" \/>\n\t<meta property=\"og:image:width\" content=\"512\" \/>\n\t<meta property=\"og:image:height\" content=\"512\" \/>\n\t<meta property=\"og:image:type\" content=\"image\/png\" \/>\n<meta name=\"twitter:card\" content=\"summary_large_image\" \/>\n<meta name=\"twitter:site\" content=\"@talkpalai\" \/>\n<meta name=\"twitter:label1\" content=\"Tempo estimado de leitura\" \/>\n\t<meta name=\"twitter:data1\" content=\"3 minutos\" \/>\n<script type=\"application\/ld+json\" class=\"yoast-schema-graph\">{\"@context\":\"https:\/\/schema.org\",\"@graph\":[{\"@type\":\"WebPage\",\"@id\":\"https:\/\/talkpal.ai\/pt-pt\/gramatica-holandesa\/\",\"url\":\"https:\/\/talkpal.ai\/pt-pt\/gramatica-holandesa\/\",\"name\":\"Gram\u00e1tica Holandesa - Talkpal\",\"isPartOf\":{\"@id\":\"https:\/\/talkpal.ai\/pt-pt\/#website\"},\"primaryImageOfPage\":{\"@id\":\"https:\/\/talkpal.ai\/pt-pt\/gramatica-holandesa\/#primaryimage\"},\"image\":{\"@id\":\"https:\/\/talkpal.ai\/pt-pt\/gramatica-holandesa\/#primaryimage\"},\"thumbnailUrl\":\"https:\/\/talkpal.ai\/wp-content\/uploads\/2023\/04\/netherlands-dutch.png\",\"datePublished\":\"2023-05-14T13:49:38+00:00\",\"dateModified\":\"2025-12-11T17:02:54+00:00\",\"description\":\"Domina a gram\u00e1tica holandesa com Talkpal, o teu tutor de l\u00ednguas alimentado por IA. Tem acesso a explica\u00e7\u00f5es claras, exemplos pr\u00e1ticos e exerc\u00edcios interactivos!\",\"breadcrumb\":{\"@id\":\"https:\/\/talkpal.ai\/pt-pt\/gramatica-holandesa\/#breadcrumb\"},\"inLanguage\":\"pt-PT\",\"potentialAction\":[{\"@type\":\"ReadAction\",\"target\":[\"https:\/\/talkpal.ai\/pt-pt\/gramatica-holandesa\/\"]}]},{\"@type\":\"ImageObject\",\"inLanguage\":\"pt-PT\",\"@id\":\"https:\/\/talkpal.ai\/pt-pt\/gramatica-holandesa\/#primaryimage\",\"url\":\"https:\/\/talkpal.ai\/wp-content\/uploads\/2023\/04\/netherlands-dutch.png\",\"contentUrl\":\"https:\/\/talkpal.ai\/wp-content\/uploads\/2023\/04\/netherlands-dutch.png\",\"width\":512,\"height\":512},{\"@type\":\"BreadcrumbList\",\"@id\":\"https:\/\/talkpal.ai\/pt-pt\/gramatica-holandesa\/#breadcrumb\",\"itemListElement\":[{\"@type\":\"ListItem\",\"position\":1,\"name\":\"Homepage\",\"item\":\"https:\/\/talkpal.ai\/pt-pt\/\"},{\"@type\":\"ListItem\",\"position\":2,\"name\":\"Gram\u00e1tica Holandesa\"}]},{\"@type\":\"WebSite\",\"@id\":\"https:\/\/talkpal.ai\/pt-pt\/#website\",\"url\":\"https:\/\/talkpal.ai\/pt-pt\/\",\"name\":\"Talkpal\",\"description\":\"AI Language Learning\",\"publisher\":{\"@id\":\"https:\/\/talkpal.ai\/pt-pt\/#organization\"},\"alternateName\":\"Talkpal AI\",\"potentialAction\":[{\"@type\":\"SearchAction\",\"target\":{\"@type\":\"EntryPoint\",\"urlTemplate\":\"https:\/\/talkpal.ai\/pt-pt\/?s={search_term_string}\"},\"query-input\":{\"@type\":\"PropertyValueSpecification\",\"valueRequired\":true,\"valueName\":\"search_term_string\"}}],\"inLanguage\":\"pt-PT\"},{\"@type\":\"Organization\",\"@id\":\"https:\/\/talkpal.ai\/pt-pt\/#organization\",\"name\":\"Talkpal, Inc.\",\"alternateName\":\"Talkpal AI\",\"url\":\"https:\/\/talkpal.ai\/pt-pt\/\",\"logo\":{\"@type\":\"ImageObject\",\"inLanguage\":\"pt-PT\",\"@id\":\"https:\/\/talkpal.ai\/pt-pt\/#\/schema\/logo\/image\/\",\"url\":\"https:\/\/talkpal.ai\/wp-content\/uploads\/2024\/03\/Talkpal-Logo-Icon.png\",\"contentUrl\":\"https:\/\/talkpal.ai\/wp-content\/uploads\/2024\/03\/Talkpal-Logo-Icon.png\",\"width\":2880,\"height\":2880,\"caption\":\"Talkpal, Inc.\"},\"image\":{\"@id\":\"https:\/\/talkpal.ai\/pt-pt\/#\/schema\/logo\/image\/\"},\"sameAs\":[\"https:\/\/www.facebook.com\/profile.php?id=100090733639311\",\"https:\/\/x.com\/talkpalai\",\"https:\/\/www.linkedin.com\/company\/talkpal\/\",\"https:\/\/www.youtube.com\/@TalkPal\/\",\"https:\/\/www.tiktok.com\/@talkpal\",\"https:\/\/www.instagram.com\/talkpal_ai\/\",\"https:\/\/www.crunchbase.com\/organization\/talkpal-9cde\",\"https:\/\/www.g2.com\/products\/talkpal-for-business\/\",\"https:\/\/www.trustpilot.com\/review\/talkpal.ai\",\"https:\/\/www.capterra.com\/p\/10006800\/TalkPal\/\"],\"description\":\"Talkpal is a language learning web and mobile education app, powered by the latest AI technologies, that provides engaging experiences to its customers in many different languages to help them improve their language skills. Users can chat about unlimited amount of topics with the app and use other modes to practice their language learning.\",\"email\":\"support@talkpal.ai\",\"legalName\":\"Talkpal, Inc.\",\"foundingDate\":\"2023-04-03\",\"duns\":\"118989042\",\"numberOfEmployees\":{\"@type\":\"QuantitativeValue\",\"minValue\":\"11\",\"maxValue\":\"50\"},\"publishingPrinciples\":\"https:\/\/talkpal.ai\/publishing-principles\/\",\"actionableFeedbackPolicy\":\"https:\/\/talkpal.ai\/actionable-feedback-policy\/\",\"correctionsPolicy\":\"https:\/\/talkpal.ai\/corrections-policy\/\",\"ethicsPolicy\":\"https:\/\/talkpal.ai\/ethics-policy\/\",\"diversityPolicy\":\"https:\/\/talkpal.ai\/diversity-policy\/\",\"diversityStaffingReport\":\"https:\/\/talkpal.ai\/diversity-policy\/\"}]}<\/script>\n<!-- \/ Yoast SEO Premium plugin. -->","yoast_head_json":{"title":"Gram\u00e1tica Holandesa - Talkpal","description":"Domina a gram\u00e1tica holandesa com Talkpal, o teu tutor de l\u00ednguas alimentado por IA. Tem acesso a explica\u00e7\u00f5es claras, exemplos pr\u00e1ticos e exerc\u00edcios interactivos!","robots":{"index":"index","follow":"follow","max-snippet":"max-snippet:-1","max-image-preview":"max-image-preview:large","max-video-preview":"max-video-preview:-1"},"canonical":"https:\/\/talkpal.ai\/pt-pt\/gramatica-holandesa\/","og_locale":"pt_PT","og_type":"article","og_title":"Gram\u00e1tica Holandesa","og_description":"Gram\u00e1tica Holandesa: Domine a Mec\u00e2nica da L\u00edngua Holandesa Se deste o salto para aprender neerland\u00eas, vais ter uma viagem emocionante! Com mais de 23","og_url":"https:\/\/talkpal.ai\/pt-pt\/gramatica-holandesa\/","og_site_name":"Talkpal","article_publisher":"https:\/\/www.facebook.com\/profile.php?id=100090733639311","article_modified_time":"2025-12-11T17:02:54+00:00","og_image":[{"width":512,"height":512,"url":"https:\/\/talkpal.ai\/wp-content\/uploads\/2023\/04\/netherlands-dutch.png","type":"image\/png"}],"twitter_card":"summary_large_image","twitter_site":"@talkpalai","twitter_misc":{"Tempo estimado de leitura":"3 minutos"},"schema":{"@context":"https:\/\/schema.org","@graph":[{"@type":"WebPage","@id":"https:\/\/talkpal.ai\/pt-pt\/gramatica-holandesa\/","url":"https:\/\/talkpal.ai\/pt-pt\/gramatica-holandesa\/","name":"Gram\u00e1tica Holandesa - Talkpal","isPartOf":{"@id":"https:\/\/talkpal.ai\/pt-pt\/#website"},"primaryImageOfPage":{"@id":"https:\/\/talkpal.ai\/pt-pt\/gramatica-holandesa\/#primaryimage"},"image":{"@id":"https:\/\/talkpal.ai\/pt-pt\/gramatica-holandesa\/#primaryimage"},"thumbnailUrl":"https:\/\/talkpal.ai\/wp-content\/uploads\/2023\/04\/netherlands-dutch.png","datePublished":"2023-05-14T13:49:38+00:00","dateModified":"2025-12-11T17:02:54+00:00","description":"Domina a gram\u00e1tica holandesa com Talkpal, o teu tutor de l\u00ednguas alimentado por IA. Tem acesso a explica\u00e7\u00f5es claras, exemplos pr\u00e1ticos e exerc\u00edcios interactivos!","breadcrumb":{"@id":"https:\/\/talkpal.ai\/pt-pt\/gramatica-holandesa\/#breadcrumb"},"inLanguage":"pt-PT","potentialAction":[{"@type":"ReadAction","target":["https:\/\/talkpal.ai\/pt-pt\/gramatica-holandesa\/"]}]},{"@type":"ImageObject","inLanguage":"pt-PT","@id":"https:\/\/talkpal.ai\/pt-pt\/gramatica-holandesa\/#primaryimage","url":"https:\/\/talkpal.ai\/wp-content\/uploads\/2023\/04\/netherlands-dutch.png","contentUrl":"https:\/\/talkpal.ai\/wp-content\/uploads\/2023\/04\/netherlands-dutch.png","width":512,"height":512},{"@type":"BreadcrumbList","@id":"https:\/\/talkpal.ai\/pt-pt\/gramatica-holandesa\/#breadcrumb","itemListElement":[{"@type":"ListItem","position":1,"name":"Homepage","item":"https:\/\/talkpal.ai\/pt-pt\/"},{"@type":"ListItem","position":2,"name":"Gram\u00e1tica Holandesa"}]},{"@type":"WebSite","@id":"https:\/\/talkpal.ai\/pt-pt\/#website","url":"https:\/\/talkpal.ai\/pt-pt\/","name":"Talkpal","description":"AI Language Learning","publisher":{"@id":"https:\/\/talkpal.ai\/pt-pt\/#organization"},"alternateName":"Talkpal AI","potentialAction":[{"@type":"SearchAction","target":{"@type":"EntryPoint","urlTemplate":"https:\/\/talkpal.ai\/pt-pt\/?s={search_term_string}"},"query-input":{"@type":"PropertyValueSpecification","valueRequired":true,"valueName":"search_term_string"}}],"inLanguage":"pt-PT"},{"@type":"Organization","@id":"https:\/\/talkpal.ai\/pt-pt\/#organization","name":"Talkpal, Inc.","alternateName":"Talkpal AI","url":"https:\/\/talkpal.ai\/pt-pt\/","logo":{"@type":"ImageObject","inLanguage":"pt-PT","@id":"https:\/\/talkpal.ai\/pt-pt\/#\/schema\/logo\/image\/","url":"https:\/\/talkpal.ai\/wp-content\/uploads\/2024\/03\/Talkpal-Logo-Icon.png","contentUrl":"https:\/\/talkpal.ai\/wp-content\/uploads\/2024\/03\/Talkpal-Logo-Icon.png","width":2880,"height":2880,"caption":"Talkpal, Inc."},"image":{"@id":"https:\/\/talkpal.ai\/pt-pt\/#\/schema\/logo\/image\/"},"sameAs":["https:\/\/www.facebook.com\/profile.php?id=100090733639311","https:\/\/x.com\/talkpalai","https:\/\/www.linkedin.com\/company\/talkpal\/","https:\/\/www.youtube.com\/@TalkPal\/","https:\/\/www.tiktok.com\/@talkpal","https:\/\/www.instagram.com\/talkpal_ai\/","https:\/\/www.crunchbase.com\/organization\/talkpal-9cde","https:\/\/www.g2.com\/products\/talkpal-for-business\/","https:\/\/www.trustpilot.com\/review\/talkpal.ai","https:\/\/www.capterra.com\/p\/10006800\/TalkPal\/"],"description":"Talkpal is a language learning web and mobile education app, powered by the latest AI technologies, that provides engaging experiences to its customers in many different languages to help them improve their language skills. Users can chat about unlimited amount of topics with the app and use other modes to practice their language learning.","email":"support@talkpal.ai","legalName":"Talkpal, Inc.","foundingDate":"2023-04-03","duns":"118989042","numberOfEmployees":{"@type":"QuantitativeValue","minValue":"11","maxValue":"50"},"publishingPrinciples":"https:\/\/talkpal.ai\/publishing-principles\/","actionableFeedbackPolicy":"https:\/\/talkpal.ai\/actionable-feedback-policy\/","correctionsPolicy":"https:\/\/talkpal.ai\/corrections-policy\/","ethicsPolicy":"https:\/\/talkpal.ai\/ethics-policy\/","diversityPolicy":"https:\/\/talkpal.ai\/diversity-policy\/","diversityStaffingReport":"https:\/\/talkpal.ai\/diversity-policy\/"}]}},"_links":{"self":[{"href":"https:\/\/talkpal.ai\/pt-pt\/wp-json\/wp\/v2\/pages\/128708","targetHints":{"allow":["GET"]}}],"collection":[{"href":"https:\/\/talkpal.ai\/pt-pt\/wp-json\/wp\/v2\/pages"}],"about":[{"href":"https:\/\/talkpal.ai\/pt-pt\/wp-json\/wp\/v2\/types\/page"}],"author":[{"embeddable":true,"href":"https:\/\/talkpal.ai\/pt-pt\/wp-json\/wp\/v2\/users\/1"}],"replies":[{"embeddable":true,"href":"https:\/\/talkpal.ai\/pt-pt\/wp-json\/wp\/v2\/comments?post=128708"}],"version-history":[{"count":0,"href":"https:\/\/talkpal.ai\/pt-pt\/wp-json\/wp\/v2\/pages\/128708\/revisions"}],"wp:featuredmedia":[{"embeddable":true,"href":"https:\/\/talkpal.ai\/pt-pt\/wp-json\/wp\/v2\/media\/13874"}],"wp:attachment":[{"href":"https:\/\/talkpal.ai\/pt-pt\/wp-json\/wp\/v2\/media?parent=128708"}],"curies":[{"name":"wp","href":"https:\/\/api.w.org\/{rel}","templated":true}]}}