{"id":128276,"date":"2023-05-14T13:48:36","date_gmt":"2023-05-14T13:48:36","guid":{"rendered":"http:\/\/talkpal.ai\/gramatica-chinesa\/"},"modified":"2025-06-17T16:38:45","modified_gmt":"2025-06-17T16:38:45","slug":"gramatica-chinesa","status":"publish","type":"page","link":"https:\/\/talkpal.ai\/pt-pt\/gramatica-chinesa\/","title":{"rendered":"Gram\u00e1tica Chinesa"},"content":{"rendered":"\r\n\r\n\r\n<section class=\"languageChallengeSection\">\r\n    <div class=\"languageInfoWrapper\">\r\n        \r\n        <h1>Gram\u00e1tica Chinesa<\/h1>\r\n        <p>Fortale\u00e7a suas habilidades no idioma <a href=\"https:\/\/talkpal.ai\/learn-chinese\/\">chin\u00eas<\/a> aprendendo as principais estruturas gramaticais e padr\u00f5es de uso. Comece a melhorar sua <a href=\"https:\/\/talkpal.ai\/pt-pt\/grammar\/questions-na-gramatica-chinesa\/\">gram\u00e1tica chinesa<\/a> hoje e comunique-se com confian\u00e7a!<\/p>\r\n\r\n                            <a class=\"getStartedHidden\" href=\"https:\/\/app.talkpal.ai\/pt-pt\/signup?lng=\">Come\u00e7a<\/a>\r\n        \r\n    <\/div>\r\n\r\n    <figure>\r\n    <img decoding=\"async\" width=\"768\" height=\"768\" src=\"https:\/\/talkpal.ai\/wp-content\/uploads\/2023\/06\/chinese-768x768.png\" class=\"languageImage no-lazy\" alt=\"Default alt text\" fetchpriority=\"high\" sizes=\"(max-width: 768px) 150px, 768px\" srcset=\"https:\/\/talkpal.ai\/wp-content\/uploads\/2023\/06\/chinese-768x768.png 768w, https:\/\/talkpal.ai\/wp-content\/uploads\/2023\/06\/chinese-300x300.png 300w\" \/>\r\n    \r\n\r\n    <\/figure>\r\n\r\n            <a class=\"getStartedVisible\" href=\"https:\/\/app.talkpal.ai\/pt-pt\/signup?lng=\">Come\u00e7a<\/a>\r\n    \r\n<\/section>\r\n        <section class=\"grammarSection\">\r\n            <div class=\"grammarLinks\">\r\n                <a href=\"https:\/\/talkpal.ai\/pt-pt\/language\/adjetivos-gramatica-chinesa\/\">Adjetivos <\/a><a href=\"https:\/\/talkpal.ai\/pt-pt\/language\/adverbios-gramatica-chinesa\/\">Adv\u00e9rbios <\/a><a href=\"https:\/\/talkpal.ai\/pt-pt\/language\/artigos-gramatica-chinesa\/\">Artigos <\/a><a href=\"https:\/\/talkpal.ai\/pt-pt\/language\/estrutura-da-frase-gramatica-chinesa\/\">Estrutura da frase <\/a><a href=\"https:\/\/talkpal.ai\/pt-pt\/language\/preposicoes-gramatica-chinesa\/\">Preposi\u00e7\u00f5es <\/a><a href=\"https:\/\/talkpal.ai\/pt-pt\/language\/pronomes-gramatica-chinesa\/\">Pronomes <\/a><a href=\"https:\/\/talkpal.ai\/pt-pt\/language\/substantivos-gramatica-chinesa\/\">Substantivos <\/a><a href=\"https:\/\/talkpal.ai\/pt-pt\/language\/tempos-verbais-gramatica-chinesa\/\">Tempos Verbais <\/a><a href=\"https:\/\/talkpal.ai\/pt-pt\/language\/verbos-gramatica-chinesa\/\">Verbos <\/a>            <\/div>\r\n        <\/section>\r\n    <section class=\"promotionalBanner\">\r\n    <p class=\"promotionalText\">A maneira mais eficiente de aprender um idioma<\/p>\r\n    <a class=\"promotionalLink\" href=\"https:\/\/app.talkpal.ai\/pt-pt\/signup?lng=\">Experimente o Talkpal gratuitamente<\/a>\r\n<\/section>\n<div class=\"wp-block-group pageContainerStyle\"><div class=\"wp-block-group__inner-container is-layout-constrained wp-block-group-is-layout-constrained\">\n<h2 class=\"wp-block-heading\" id=\"h-chinese-grammar-the-key-to-mastering-mandarin\">Gram\u00e1tica Chinesa: A Chave para Dominar o Mandarim<\/h2>\n\n\n\n<p>Voc\u00ea \u00e9 um estudante de idiomas ambicioso que tem <a href=\"https:\/\/talkpal.ai\/locations\/language-courses-in-como\/\">como<\/a> objetivo dominar o mandarim? Se sim, parab\u00e9ns! Enfrentar o chin\u00eas \u00e9 uma maneira fant\u00e1stica de ampliar sua mentalidade global, conectar-se com uma ampla gama de falantes e desafiar-se intelectualmente. No entanto, com 1,2 bilh\u00e3o de falantes nativos e um sistema lingu\u00edstico muito diferente das l\u00ednguas ocidentais, a <a href=\"https:\/\/talkpal.ai\/pt-pt\/grammar\/questions-na-gramatica-chinesa\/\">gram\u00e1tica chinesa<\/a> pode parecer bastante assustadora. N\u00e3o temais! Continue lendo para obter um curso intensivo para iniciantes sobre gram\u00e1tica chinesa que seja envolvente e informativo.<\/p>\n\n\n\n<p><strong>Em primeiro lugar: esque\u00e7a o que sabe sobre as l\u00ednguas europeias!<\/strong><\/p>\n\n\n\n<p>Uma das principais raz\u00f5es pelas quais os <a href=\"https:\/\/talkpal.ai\/talkpal-discount-for-students\/\">estudantes<\/a> de idiomas se sentem intimidados pela gram\u00e1tica chinesa \u00e9 que ela \u00e9 radicalmente diferente da estrutura de \u201csujeito-verbo-objeto\u201d a que estamos acostumados em idiomas como <a href=\"https:\/\/talkpal.ai\/pt-pt\/locations\/aprenda-ingles-em-passos\/\">ingl\u00eas<\/a>, <a href=\"https:\/\/talkpal.ai\/pt-pt\/locations\/aprenda-espanhol-em-breves\/\">espanhol<\/a> ou <a href=\"https:\/\/talkpal.ai\/learn-french\/\">franc\u00eas<\/a>. Ent\u00e3o respire fundo e vamos mergulhar <a href=\"https:\/\/talkpal.ai\/culture\/how-do-i-combine-em-and-um-to-form-num\/\">em um<\/a> novo universo de regras e conceitos lingu\u00edsticos!<\/p>\n\n\n\n<h3 class=\"wp-block-heading\" id=\"h-1-word-order-is-king\">1. A ordem das palavras \u00e9 rei<\/h3>\n\n\n\n<p>Embora n\u00e3o haja tempos, conjuga\u00e7\u00f5es verbais ou plurais na gram\u00e1tica chinesa, a estrutura adequada da ora\u00e7\u00e3o \u00e9 fundamental. Ent\u00e3o, como a ordem correta das palavras \u00e9 alcan\u00e7ada? Na maioria dos casos, basta seguir o padr\u00e3o &#8220;sujeito-verbo-objeto&#8221; (semelhante ao ingl\u00eas). Por exemplo:<\/p>\n\n\n\n<p>Ingl\u00eas: Eu te amo.<br\/>Chin\u00eas: \u6211\u7231\u4f60\u3002 W\u01d2 \u00e0i n\u01d0.<\/p>\n\n\n\n<p>Existem estruturas mais complexas, mas desenvolver uma base s\u00f3lida as tornar\u00e1 mais f\u00e1ceis de entender quando voc\u00ea progredir.<\/p>\n\n\n\n<h3 class=\"wp-block-heading\" id=\"h-2-particles-particles-everywhere\">2. Part\u00edculas, part\u00edculas em todos os lugares!<\/h3>\n\n\n\n<p>Na gram\u00e1tica chinesa, as part\u00edculas desempenham um papel cr\u00edtico na transmiss\u00e3o de significado. Uma das part\u00edculas mais comuns \u00e9 \u201c\u4e86 (le)\u201d, que sinaliza uma a\u00e7\u00e3o conclu\u00edda. Por exemplo:<\/p>\n\n\n\n<p>\u6211\u5403\u4e86\u3002 W\u01d2 ch\u012b le. \u2013 \u201cEu comi.\u201d<\/p>\n\n\n\n<p>Outra part\u00edcula comum \u00e9 \u201c\u5427 (ba)\u201d, que transforma uma declara\u00e7\u00e3o em uma sugest\u00e3o ou pergunta:<\/p>\n\n\n\n<p>\u8d70\u5427!Z\u01d2u ba! \u2013 \u201cVamos!\u201d<\/p>\n\n\n\n<p>Entender as fun\u00e7\u00f5es de v\u00e1rias part\u00edculas \u00e9 fundamental para dominar as nuances da gram\u00e1tica chinesa.<\/p>\n\n\n\n<h3 class=\"wp-block-heading\" id=\"h-3-measure-words-quality-not-quantity\">3. Medir palavras: qualidade, n\u00e3o quantidade<\/h3>\n\n\n\n<p>Em chin\u00eas, os substantivos n\u00e3o t\u00eam plurais. Em vez disso, eles usam palavras de medida (tamb\u00e9m conhecidas como classificadores) para expressar quantidade. As palavras de medida s\u00e3o adicionadas entre o n\u00famero e o substantivo. Por exemplo:<\/p>\n\n\n\n<p>\u4e00\u672c\u4e66 \u2013 Y\u012b b\u011bn sh\u016b \u2013 \u201cum livro\u201d<\/p>\n\n\n\n<p>Observe o uso de \u672c (b\u011bn) como a palavra de medida para livros. Substantivos diferentes requerem palavras de medida diferentes e, embora isso possa parecer desconcertante no in\u00edcio, se tornar\u00e1 uma segunda natureza com a pr\u00e1tica.<\/p>\n\n\n\n<h3 class=\"wp-block-heading\" id=\"h-4-the-magic-of-compound-words\">4. A magia das palavras compostas<\/h3>\n\n\n\n<p>O chin\u00eas \u00e9 cheio de palavras compostas, que s\u00e3o formadas pela combina\u00e7\u00e3o de dois ou mais caracteres. Isso n\u00e3o apenas simplifica o aprendizado de vocabul\u00e1rio, mas tamb\u00e9m permite imagens v\u00edvidas e contexto. Por exemplo:<\/p>\n\n\n\n<p>\u706b\u8f66 \u2013 Hu\u01d2ch\u0113 \u2013 \u201ctrem\u201d (literalmente: \u201cve\u00edculo de bombeiros\u201d)<br\/>\u7535\u8bdd \u2013 Di\u00e0nhu\u00e0 \u2013 \u201ctelefone\u201d (literalmente: \u201cfala el\u00e9trica\u201d)<\/p>\n\n\n\n<p>Ao entender o significado dos caracteres individuais, voc\u00ea pode facilmente deduzir o significado de palavras compostas que nunca encontrou antes.<\/p>\n\n\n\n<h3 class=\"wp-block-heading\" id=\"h-5-no-tenses-no-problem\">5. Sem tempos? N\u00e3o h\u00e1 problema!<\/h3>\n\n\n\n<p>Um dos aspectos mais refrescantes do chin\u00eas \u00e9 a falta de conjuga\u00e7\u00f5es verbais para diferentes tempos. Mas como expressar o tempo? Simples! Basta incluir palavras que indiquem o per\u00edodo de tempo, como:<\/p>\n\n\n\n<p>\u6628\u5929 \u2013 Zu\u00f3ti\u0101n \u2013 \u201contem\u201d<br\/>\u660e\u5929 \u2013 M\u00edngti\u0101n \u2013 \u201camanh\u00e3\u201d<\/p>\n\n\n\n<p><strong>Por exemplo:<\/strong><\/p>\n\n\n\n<p>\u6211\u6628\u5929\u5403\u4e86\u996d\u3002 W\u01d2 zu\u00f3ti\u0101n ch\u012b le f\u00e0n. \u2013 \u201cEu comi ontem.\u201d<br\/>\u6211\u660e\u5929\u5403\u996d\u3002 W\u01d2 m\u00edngti\u0101n ch\u012b f\u00e0n. \u2013 \u201cAmanh\u00e3 comerei comida.\u201d<\/p>\n\n\n\n<p>Parab\u00e9ns! Voc\u00ea deu os primeiros passos para dominar a gram\u00e1tica chinesa. Lembre-se: a pr\u00e1tica leva \u00e0 perfei\u00e7\u00e3o. Portanto, n\u00e3o se intimide em explorar novas estruturas gramaticais, conversar com falantes nativos e refor\u00e7ar sua base. O mundo do mandarim espera por voc\u00ea &#8211; feliz aprendizado!<\/p>\n<\/div><\/div>\n\r\n<section class=\"learnNavigationSection\">\r\n            \r\n        <a href=\"https:\/\/talkpal.ai\/pt-pt\/aprender-chines\/\">\r\n            <div class=\"learnNavigationWrapper\">\r\n                <div class=\"learnNavigationContent\">\r\n                    <img decoding=\"async\" src=\"https:\/\/talkpal.ai\/wp-content\/uploads\/2024\/08\/Chinese.jpg\" alt=\"Chinese Flag\u00a0\">\r\n                    <div>\r\n                        <h4>Sobre a aprendizagem de chin\u00eas<\/h4>\r\n                        <p>Descobre tudo sobre a gram\u00e1tica chinesa.<\/p>\r\n                    <\/div>\r\n                <\/div>\r\n            <\/div>\r\n        <\/a>\r\n\r\n        \r\n        <a href=\"https:\/\/talkpal.ai\/pt-pt\/exercicios-de-gramatica-chinesa\/\">\r\n            <div class=\"learnNavigationWrapper\">\r\n                <div class=\"learnNavigationContent\">\r\n                    <img decoding=\"async\" src=\"https:\/\/talkpal.ai\/wp-content\/uploads\/2024\/08\/Chinese.jpg\" alt=\"Chinese Flag\u00a0\">\r\n                    <div>\r\n                        <h4>Exerc\u00edcio de gram\u00e1tica chinesa<\/h4>\r\n                        <p>Pratica a gram\u00e1tica chinesa.<\/p>\r\n                    <\/div>\r\n                <\/div>\r\n            <\/div>\r\n        <\/a>\r\n\r\n        \r\n        <a href=\"https:\/\/talkpal.ai\/vocabulary_language\/chinese\/\">\r\n            <div class=\"learnNavigationWrapper\">\r\n                <div class=\"learnNavigationContent\">\r\n                    <img decoding=\"async\" src=\"https:\/\/talkpal.ai\/wp-content\/uploads\/2024\/08\/Chinese.jpg\" alt=\"Chinese Flag\u00a0\">\r\n                    <div>\r\n                        <h4>Vocabul\u00e1rio chin\u00eas<\/h4>\r\n                        <p>Amplia o teu vocabul\u00e1rio chin\u00eas.<\/p>\r\n                    <\/div>\r\n                <\/div>\r\n            <\/div>\r\n        <\/a>\r\n\r\n            <\/section>","protected":false},"excerpt":{"rendered":"<p>Gram\u00e1tica Chinesa: A Chave para Dominar o Mandarim Voc\u00ea \u00e9 um estudante de idiomas ambicioso que tem como objetivo dominar o mandarim? Se sim, parab\u00e9ns! Enfrentar o chin\u00eas \u00e9 uma maneira fant\u00e1stica de ampliar sua mentalidade global, conectar-se com uma ampla gama de falantes e desafiar-se intelectualmente. No entanto, com 1,2 bilh\u00e3o de falantes nativos [&hellip;]<\/p>\n","protected":false},"author":1,"featured_media":13842,"parent":0,"menu_order":0,"comment_status":"closed","ping_status":"closed","template":"LearningContentPage.php","meta":{"_acf_changed":false,"footnotes":""},"class_list":["post-128276","page","type-page","status-publish","has-post-thumbnail","hentry"],"acf":[],"yoast_head":"<!-- This site is optimized with the Yoast SEO Premium plugin v27.2 (Yoast SEO v27.2) - https:\/\/yoast.com\/product\/yoast-seo-premium-wordpress\/ -->\n<title>Gram\u00e1tica Chinesa - Talkpal<\/title>\n<meta name=\"description\" content=\"Desvende os segredos da gram\u00e1tica chinesa para uma melhor compreens\u00e3o da l\u00edngua e cultura chinesas.\" \/>\n<meta name=\"robots\" content=\"index, follow, max-snippet:-1, max-image-preview:large, max-video-preview:-1\" \/>\n<link rel=\"canonical\" href=\"https:\/\/talkpal.ai\/pt-pt\/gramatica-chinesa\/\" \/>\n<meta property=\"og:locale\" content=\"pt_PT\" \/>\n<meta property=\"og:type\" content=\"article\" \/>\n<meta property=\"og:title\" content=\"Gram\u00e1tica Chinesa\" \/>\n<meta property=\"og:description\" content=\"Gram\u00e1tica Chinesa: A Chave para Dominar o Mandarim Voc\u00ea \u00e9 um estudante de idiomas ambicioso que tem como objetivo dominar o mandarim? Se sim, parab\u00e9ns!\" \/>\n<meta property=\"og:url\" content=\"https:\/\/talkpal.ai\/pt-pt\/gramatica-chinesa\/\" \/>\n<meta property=\"og:site_name\" content=\"Talkpal\" \/>\n<meta property=\"article:publisher\" content=\"https:\/\/www.facebook.com\/profile.php?id=100090733639311\" \/>\n<meta property=\"article:modified_time\" content=\"2025-06-17T16:38:45+00:00\" \/>\n<meta property=\"og:image\" content=\"https:\/\/talkpal.ai\/wp-content\/uploads\/2023\/04\/china.png\" \/>\n\t<meta property=\"og:image:width\" content=\"512\" \/>\n\t<meta property=\"og:image:height\" content=\"512\" \/>\n\t<meta property=\"og:image:type\" content=\"image\/png\" \/>\n<meta name=\"twitter:card\" content=\"summary_large_image\" \/>\n<meta name=\"twitter:site\" content=\"@talkpalai\" \/>\n<meta name=\"twitter:label1\" content=\"Tempo estimado de leitura\" \/>\n\t<meta name=\"twitter:data1\" content=\"3 minutos\" \/>\n<script type=\"application\/ld+json\" class=\"yoast-schema-graph\">{\"@context\":\"https:\/\/schema.org\",\"@graph\":[{\"@type\":\"WebPage\",\"@id\":\"https:\/\/talkpal.ai\/pt-pt\/gramatica-chinesa\/\",\"url\":\"https:\/\/talkpal.ai\/pt-pt\/gramatica-chinesa\/\",\"name\":\"Gram\u00e1tica Chinesa - Talkpal\",\"isPartOf\":{\"@id\":\"https:\/\/talkpal.ai\/pt-pt\/#website\"},\"primaryImageOfPage\":{\"@id\":\"https:\/\/talkpal.ai\/pt-pt\/gramatica-chinesa\/#primaryimage\"},\"image\":{\"@id\":\"https:\/\/talkpal.ai\/pt-pt\/gramatica-chinesa\/#primaryimage\"},\"thumbnailUrl\":\"https:\/\/talkpal.ai\/wp-content\/uploads\/2023\/04\/china.png\",\"datePublished\":\"2023-05-14T13:48:36+00:00\",\"dateModified\":\"2025-06-17T16:38:45+00:00\",\"description\":\"Desvende os segredos da gram\u00e1tica chinesa para uma melhor compreens\u00e3o da l\u00edngua e cultura chinesas.\",\"breadcrumb\":{\"@id\":\"https:\/\/talkpal.ai\/pt-pt\/gramatica-chinesa\/#breadcrumb\"},\"inLanguage\":\"pt-PT\",\"potentialAction\":[{\"@type\":\"ReadAction\",\"target\":[\"https:\/\/talkpal.ai\/pt-pt\/gramatica-chinesa\/\"]}]},{\"@type\":\"ImageObject\",\"inLanguage\":\"pt-PT\",\"@id\":\"https:\/\/talkpal.ai\/pt-pt\/gramatica-chinesa\/#primaryimage\",\"url\":\"https:\/\/talkpal.ai\/wp-content\/uploads\/2023\/04\/china.png\",\"contentUrl\":\"https:\/\/talkpal.ai\/wp-content\/uploads\/2023\/04\/china.png\",\"width\":512,\"height\":512},{\"@type\":\"BreadcrumbList\",\"@id\":\"https:\/\/talkpal.ai\/pt-pt\/gramatica-chinesa\/#breadcrumb\",\"itemListElement\":[{\"@type\":\"ListItem\",\"position\":1,\"name\":\"Homepage\",\"item\":\"https:\/\/talkpal.ai\/pt-pt\/\"},{\"@type\":\"ListItem\",\"position\":2,\"name\":\"Gram\u00e1tica Chinesa\"}]},{\"@type\":\"WebSite\",\"@id\":\"https:\/\/talkpal.ai\/pt-pt\/#website\",\"url\":\"https:\/\/talkpal.ai\/pt-pt\/\",\"name\":\"Talkpal\",\"description\":\"AI Language Learning\",\"publisher\":{\"@id\":\"https:\/\/talkpal.ai\/pt-pt\/#organization\"},\"alternateName\":\"Talkpal AI\",\"potentialAction\":[{\"@type\":\"SearchAction\",\"target\":{\"@type\":\"EntryPoint\",\"urlTemplate\":\"https:\/\/talkpal.ai\/pt-pt\/?s={search_term_string}\"},\"query-input\":{\"@type\":\"PropertyValueSpecification\",\"valueRequired\":true,\"valueName\":\"search_term_string\"}}],\"inLanguage\":\"pt-PT\"},{\"@type\":\"Organization\",\"@id\":\"https:\/\/talkpal.ai\/pt-pt\/#organization\",\"name\":\"Talkpal, Inc.\",\"alternateName\":\"Talkpal AI\",\"url\":\"https:\/\/talkpal.ai\/pt-pt\/\",\"logo\":{\"@type\":\"ImageObject\",\"inLanguage\":\"pt-PT\",\"@id\":\"https:\/\/talkpal.ai\/pt-pt\/#\/schema\/logo\/image\/\",\"url\":\"https:\/\/talkpal.ai\/wp-content\/uploads\/2024\/03\/Talkpal-Logo-Icon.png\",\"contentUrl\":\"https:\/\/talkpal.ai\/wp-content\/uploads\/2024\/03\/Talkpal-Logo-Icon.png\",\"width\":2880,\"height\":2880,\"caption\":\"Talkpal, Inc.\"},\"image\":{\"@id\":\"https:\/\/talkpal.ai\/pt-pt\/#\/schema\/logo\/image\/\"},\"sameAs\":[\"https:\/\/www.facebook.com\/profile.php?id=100090733639311\",\"https:\/\/x.com\/talkpalai\",\"https:\/\/www.linkedin.com\/company\/talkpal\/\",\"https:\/\/www.youtube.com\/@TalkPal\/\",\"https:\/\/www.tiktok.com\/@talkpal\",\"https:\/\/www.instagram.com\/talkpal_ai\/\",\"https:\/\/www.crunchbase.com\/organization\/talkpal-9cde\",\"https:\/\/www.g2.com\/products\/talkpal-for-business\/\",\"https:\/\/www.trustpilot.com\/review\/talkpal.ai\",\"https:\/\/www.capterra.com\/p\/10006800\/TalkPal\/\"],\"description\":\"Talkpal is a language learning web and mobile education app, powered by the latest AI technologies, that provides engaging experiences to its customers in many different languages to help them improve their language skills. Users can chat about unlimited amount of topics with the app and use other modes to practice their language learning.\",\"email\":\"support@talkpal.ai\",\"legalName\":\"Talkpal, Inc.\",\"foundingDate\":\"2023-04-03\",\"duns\":\"118989042\",\"numberOfEmployees\":{\"@type\":\"QuantitativeValue\",\"minValue\":\"11\",\"maxValue\":\"50\"},\"publishingPrinciples\":\"https:\/\/talkpal.ai\/publishing-principles\/\",\"actionableFeedbackPolicy\":\"https:\/\/talkpal.ai\/actionable-feedback-policy\/\",\"correctionsPolicy\":\"https:\/\/talkpal.ai\/corrections-policy\/\",\"ethicsPolicy\":\"https:\/\/talkpal.ai\/ethics-policy\/\",\"diversityPolicy\":\"https:\/\/talkpal.ai\/diversity-policy\/\",\"diversityStaffingReport\":\"https:\/\/talkpal.ai\/diversity-policy\/\"}]}<\/script>\n<!-- \/ Yoast SEO Premium plugin. -->","yoast_head_json":{"title":"Gram\u00e1tica Chinesa - Talkpal","description":"Desvende os segredos da gram\u00e1tica chinesa para uma melhor compreens\u00e3o da l\u00edngua e cultura chinesas.","robots":{"index":"index","follow":"follow","max-snippet":"max-snippet:-1","max-image-preview":"max-image-preview:large","max-video-preview":"max-video-preview:-1"},"canonical":"https:\/\/talkpal.ai\/pt-pt\/gramatica-chinesa\/","og_locale":"pt_PT","og_type":"article","og_title":"Gram\u00e1tica Chinesa","og_description":"Gram\u00e1tica Chinesa: A Chave para Dominar o Mandarim Voc\u00ea \u00e9 um estudante de idiomas ambicioso que tem como objetivo dominar o mandarim? Se sim, parab\u00e9ns!","og_url":"https:\/\/talkpal.ai\/pt-pt\/gramatica-chinesa\/","og_site_name":"Talkpal","article_publisher":"https:\/\/www.facebook.com\/profile.php?id=100090733639311","article_modified_time":"2025-06-17T16:38:45+00:00","og_image":[{"width":512,"height":512,"url":"https:\/\/talkpal.ai\/wp-content\/uploads\/2023\/04\/china.png","type":"image\/png"}],"twitter_card":"summary_large_image","twitter_site":"@talkpalai","twitter_misc":{"Tempo estimado de leitura":"3 minutos"},"schema":{"@context":"https:\/\/schema.org","@graph":[{"@type":"WebPage","@id":"https:\/\/talkpal.ai\/pt-pt\/gramatica-chinesa\/","url":"https:\/\/talkpal.ai\/pt-pt\/gramatica-chinesa\/","name":"Gram\u00e1tica Chinesa - Talkpal","isPartOf":{"@id":"https:\/\/talkpal.ai\/pt-pt\/#website"},"primaryImageOfPage":{"@id":"https:\/\/talkpal.ai\/pt-pt\/gramatica-chinesa\/#primaryimage"},"image":{"@id":"https:\/\/talkpal.ai\/pt-pt\/gramatica-chinesa\/#primaryimage"},"thumbnailUrl":"https:\/\/talkpal.ai\/wp-content\/uploads\/2023\/04\/china.png","datePublished":"2023-05-14T13:48:36+00:00","dateModified":"2025-06-17T16:38:45+00:00","description":"Desvende os segredos da gram\u00e1tica chinesa para uma melhor compreens\u00e3o da l\u00edngua e cultura chinesas.","breadcrumb":{"@id":"https:\/\/talkpal.ai\/pt-pt\/gramatica-chinesa\/#breadcrumb"},"inLanguage":"pt-PT","potentialAction":[{"@type":"ReadAction","target":["https:\/\/talkpal.ai\/pt-pt\/gramatica-chinesa\/"]}]},{"@type":"ImageObject","inLanguage":"pt-PT","@id":"https:\/\/talkpal.ai\/pt-pt\/gramatica-chinesa\/#primaryimage","url":"https:\/\/talkpal.ai\/wp-content\/uploads\/2023\/04\/china.png","contentUrl":"https:\/\/talkpal.ai\/wp-content\/uploads\/2023\/04\/china.png","width":512,"height":512},{"@type":"BreadcrumbList","@id":"https:\/\/talkpal.ai\/pt-pt\/gramatica-chinesa\/#breadcrumb","itemListElement":[{"@type":"ListItem","position":1,"name":"Homepage","item":"https:\/\/talkpal.ai\/pt-pt\/"},{"@type":"ListItem","position":2,"name":"Gram\u00e1tica Chinesa"}]},{"@type":"WebSite","@id":"https:\/\/talkpal.ai\/pt-pt\/#website","url":"https:\/\/talkpal.ai\/pt-pt\/","name":"Talkpal","description":"AI Language Learning","publisher":{"@id":"https:\/\/talkpal.ai\/pt-pt\/#organization"},"alternateName":"Talkpal AI","potentialAction":[{"@type":"SearchAction","target":{"@type":"EntryPoint","urlTemplate":"https:\/\/talkpal.ai\/pt-pt\/?s={search_term_string}"},"query-input":{"@type":"PropertyValueSpecification","valueRequired":true,"valueName":"search_term_string"}}],"inLanguage":"pt-PT"},{"@type":"Organization","@id":"https:\/\/talkpal.ai\/pt-pt\/#organization","name":"Talkpal, Inc.","alternateName":"Talkpal AI","url":"https:\/\/talkpal.ai\/pt-pt\/","logo":{"@type":"ImageObject","inLanguage":"pt-PT","@id":"https:\/\/talkpal.ai\/pt-pt\/#\/schema\/logo\/image\/","url":"https:\/\/talkpal.ai\/wp-content\/uploads\/2024\/03\/Talkpal-Logo-Icon.png","contentUrl":"https:\/\/talkpal.ai\/wp-content\/uploads\/2024\/03\/Talkpal-Logo-Icon.png","width":2880,"height":2880,"caption":"Talkpal, Inc."},"image":{"@id":"https:\/\/talkpal.ai\/pt-pt\/#\/schema\/logo\/image\/"},"sameAs":["https:\/\/www.facebook.com\/profile.php?id=100090733639311","https:\/\/x.com\/talkpalai","https:\/\/www.linkedin.com\/company\/talkpal\/","https:\/\/www.youtube.com\/@TalkPal\/","https:\/\/www.tiktok.com\/@talkpal","https:\/\/www.instagram.com\/talkpal_ai\/","https:\/\/www.crunchbase.com\/organization\/talkpal-9cde","https:\/\/www.g2.com\/products\/talkpal-for-business\/","https:\/\/www.trustpilot.com\/review\/talkpal.ai","https:\/\/www.capterra.com\/p\/10006800\/TalkPal\/"],"description":"Talkpal is a language learning web and mobile education app, powered by the latest AI technologies, that provides engaging experiences to its customers in many different languages to help them improve their language skills. Users can chat about unlimited amount of topics with the app and use other modes to practice their language learning.","email":"support@talkpal.ai","legalName":"Talkpal, Inc.","foundingDate":"2023-04-03","duns":"118989042","numberOfEmployees":{"@type":"QuantitativeValue","minValue":"11","maxValue":"50"},"publishingPrinciples":"https:\/\/talkpal.ai\/publishing-principles\/","actionableFeedbackPolicy":"https:\/\/talkpal.ai\/actionable-feedback-policy\/","correctionsPolicy":"https:\/\/talkpal.ai\/corrections-policy\/","ethicsPolicy":"https:\/\/talkpal.ai\/ethics-policy\/","diversityPolicy":"https:\/\/talkpal.ai\/diversity-policy\/","diversityStaffingReport":"https:\/\/talkpal.ai\/diversity-policy\/"}]}},"_links":{"self":[{"href":"https:\/\/talkpal.ai\/pt-pt\/wp-json\/wp\/v2\/pages\/128276","targetHints":{"allow":["GET"]}}],"collection":[{"href":"https:\/\/talkpal.ai\/pt-pt\/wp-json\/wp\/v2\/pages"}],"about":[{"href":"https:\/\/talkpal.ai\/pt-pt\/wp-json\/wp\/v2\/types\/page"}],"author":[{"embeddable":true,"href":"https:\/\/talkpal.ai\/pt-pt\/wp-json\/wp\/v2\/users\/1"}],"replies":[{"embeddable":true,"href":"https:\/\/talkpal.ai\/pt-pt\/wp-json\/wp\/v2\/comments?post=128276"}],"version-history":[{"count":0,"href":"https:\/\/talkpal.ai\/pt-pt\/wp-json\/wp\/v2\/pages\/128276\/revisions"}],"wp:featuredmedia":[{"embeddable":true,"href":"https:\/\/talkpal.ai\/pt-pt\/wp-json\/wp\/v2\/media\/13842"}],"wp:attachment":[{"href":"https:\/\/talkpal.ai\/pt-pt\/wp-json\/wp\/v2\/media?parent=128276"}],"curies":[{"name":"wp","href":"https:\/\/api.w.org\/{rel}","templated":true}]}}