{"id":127865,"date":"2023-05-14T13:43:38","date_gmt":"2023-05-14T13:43:38","guid":{"rendered":"http:\/\/talkpal.ai\/gramatica-arabe\/"},"modified":"2025-05-21T11:47:40","modified_gmt":"2025-05-21T11:47:40","slug":"gramatica-arabe","status":"publish","type":"page","link":"https:\/\/talkpal.ai\/pt-pt\/gramatica-arabe\/","title":{"rendered":"Gram\u00e1tica \u00c1rabe"},"content":{"rendered":"\r\n\r\n\r\n<section class=\"languageChallengeSection\">\r\n    <div class=\"languageInfoWrapper\">\r\n        \r\n        <h1>Gram\u00e1tica \u00c1rabe<\/h1>\r\n        <p>Melhora as tuas compet\u00eancias em \u00e1rabe explorando conceitos gramaticais essenciais e explica\u00e7\u00f5es claras e passo a passo. Come\u00e7a j\u00e1 a dominar a <a href=\"https:\/\/talkpal.ai\/pt-pt\/o-que-ha-de-especial-na-gramatica-arabe\/\">gram\u00e1tica \u00e1rabe<\/a> e comunica com maior flu\u00eancia e confian\u00e7a!<\/p>\r\n\r\n                            <a class=\"getStartedHidden\" href=\"https:\/\/app.talkpal.ai\/pt-pt\/signup?lng=\">Come\u00e7a<\/a>\r\n        \r\n    <\/div>\r\n\r\n    <figure>\r\n    <img decoding=\"async\" width=\"768\" height=\"768\" src=\"https:\/\/talkpal.ai\/wp-content\/uploads\/2023\/06\/arabic-768x768.png\" class=\"languageImage no-lazy\" alt=\"Default alt text\" fetchpriority=\"high\" sizes=\"(max-width: 768px) 150px, 768px\" srcset=\"https:\/\/talkpal.ai\/wp-content\/uploads\/2023\/06\/arabic-768x768.png 768w, https:\/\/talkpal.ai\/wp-content\/uploads\/2023\/06\/arabic-300x300.png 300w\" \/>\r\n    \r\n\r\n    <\/figure>\r\n\r\n            <a class=\"getStartedVisible\" href=\"https:\/\/app.talkpal.ai\/pt-pt\/signup?lng=\">Come\u00e7a<\/a>\r\n    \r\n<\/section>\r\n        <section class=\"grammarSection\">\r\n            <div class=\"grammarLinks\">\r\n                <a href=\"https:\/\/talkpal.ai\/pt-pt\/language\/adjetivos-gramatica-arabe-pt-pt\/\">Adjetivos <\/a><a href=\"https:\/\/talkpal.ai\/pt-pt\/language\/adverbios-gramatica-arabe-pt-pt\/\">Adv\u00e9rbios <\/a><a href=\"https:\/\/talkpal.ai\/pt-pt\/language\/artigos-gramatica-arabe\/\">Artigos <\/a><a href=\"https:\/\/talkpal.ai\/pt-pt\/language\/artigos-definidos-e-indefinidos-gramatica-arabe\/\">Artigos Definidos e Indefinidos <\/a><a href=\"https:\/\/talkpal.ai\/pt-pt\/language\/comparacao-de-tempos-gramatica-arabe\/\">Compara\u00e7\u00e3o de Tempos <\/a><a href=\"https:\/\/talkpal.ai\/pt-pt\/language\/estrutura-da-frase-gramatica-arabe\/\">Estrutura da frase <\/a><a href=\"https:\/\/talkpal.ai\/pt-pt\/language\/frases-nominais-e-verbais-gramatica-arabe\/\">Frases nominais e verbais <\/a><a href=\"https:\/\/talkpal.ai\/pt-pt\/language\/idaafa-construcao-genitiva-gramatica-arabe\/\">Idaafa (Constru\u00e7\u00e3o Genitiva) <\/a><a href=\"https:\/\/talkpal.ai\/pt-pt\/language\/indicativo-de-tempos-gramatica-arabe\/\">Indicativo de Tempos <\/a><a href=\"https:\/\/talkpal.ai\/pt-pt\/language\/preposicoes-gramatica-arabe\/\">Preposi\u00e7\u00f5es <\/a><a href=\"https:\/\/talkpal.ai\/pt-pt\/language\/pronomes-gramatica-arabe\/\">Pronomes <\/a><a href=\"https:\/\/talkpal.ai\/pt-pt\/language\/substantivos-gramatica-arabe\/\">Substantivos <\/a><a href=\"https:\/\/talkpal.ai\/pt-pt\/language\/sujeito-e-predicado-gramatica-arabe\/\">Sujeito e Predicado <\/a><a href=\"https:\/\/talkpal.ai\/pt-pt\/language\/tempos-do-subjuntivo-gramatica-arabe\/\">Tempos do Subjuntivo <\/a><a href=\"https:\/\/talkpal.ai\/pt-pt\/language\/verbos-gramatica-arabe-pt-pt\/\">Verbos <\/a>            <\/div>\r\n        <\/section>\r\n    <section class=\"promotionalBanner\">\r\n    <p class=\"promotionalText\">A maneira mais eficiente de aprender um idioma<\/p>\r\n    <a class=\"promotionalLink\" href=\"https:\/\/app.talkpal.ai\/pt-pt\/signup?lng=\">Experimente o Talkpal gratuitamente<\/a>\r\n<\/section>\n<div class=\"wp-block-group pageContainerStyle\"><div class=\"wp-block-group__inner-container is-layout-constrained wp-block-group-is-layout-constrained\">\n<h2 class=\"wp-block-heading\" id=\"h-the-intricacies-of-arabic-grammar-a-journey-through-its-roots-and-beauty\">Os meandros da gram\u00e1tica \u00e1rabe: uma viagem atrav\u00e9s de suas ra\u00edzes e beleza<\/h2>\n\n\n\n<p><strong>Voc\u00ea se lembra de quando come\u00e7ou a aprender gram\u00e1tica inglesa?<\/strong>  As regras, exce\u00e7\u00f5es e terminologias aparentemente intermin\u00e1veis podem ter deixado voc\u00ea se sentindo sobrecarregado \u00e0s vezes. Se est\u00e1s a pensar em aprender a l\u00edngua \u00e1rabe, fica descansado, porque tamb\u00e9m tem um sistema gramatical \u00fanico e complexo. Por isso, vamos fazer uma breve mas esclarecedora viagem pelas ra\u00edzes e pela beleza da gram\u00e1tica \u00e1rabe.<\/p>\n\n\n\n<p>Para come\u00e7ar, vamos estabelecer algumas <strong>diferen\u00e7as fundamentais entre a gram\u00e1tica \u00e1rabe e a inglesa.<\/strong> Em \u00e1rabe, as palavras est\u00e3o divididas em tr\u00eas categorias: substantivos, verbos e part\u00edculas. <a href=\"https:\/\/talkpal.ai\/culture\/how-do-you-use-the-phrase-ao-contrario-de\/\">Ao contr\u00e1rio<\/a> do <a href=\"https:\/\/talkpal.ai\/pt-pt\/locations\/aprenda-ingles-em-passos\/\">ingl\u00eas<\/a>, as palavras \u00e1rabes seguem um sistema raiz, o que significa que voc\u00ea pode rastrear o significado <a href=\"https:\/\/talkpal.ai\/locations\/language-courses-in-central\/\">central<\/a> de uma palavra identificando sua raiz. Este sistema radicular d\u00e1 ao \u00e1rabe um n\u00edvel excepcional de profundidade e riqueza. Uma coisa incr\u00edvel sobre a gram\u00e1tica \u00e1rabe \u00e9 sua depend\u00eancia de padr\u00f5es, que muitas vezes permite que os falantes criem novas palavras seguindo certas estruturas.<\/p>\n\n\n\n<p>Outro aspeto importante da <strong>gram\u00e1tica \u00e1rabe \u00e9 o facto de ser uma l\u00edngua de g\u00e9nero<\/strong>, o que significa que os substantivos e os adjectivos t\u00eam formas espec\u00edficas de g\u00e9nero. Voc\u00ea sabia que o \u00e1rabe tem at\u00e9 uma forma dupla, al\u00e9m das formas singular e plural? \u00c9 verdade! A forma dupla \u00e1rabe \u00e9 usada para indicar pares, <a href=\"https:\/\/talkpal.ai\/locations\/language-courses-in-como\/\">como<\/a> olhos, m\u00e3os ou pais. Acrescenta uma camada extra de especificidade que a l\u00edngua inglesa n\u00e3o tem.<\/p>\n\n\n\n<p>Agora vamos falar da <strong>conjuga\u00e7\u00e3o de verbos em \u00e1rabe<\/strong>, que \u00e9 um mundo completamente <a href=\"https:\/\/talkpal.ai\/talkpal-new-years-discount\/\">novo<\/a>. Os verbos \u00e1rabes s\u00e3o baseados <a href=\"https:\/\/talkpal.ai\/culture\/how-do-i-combine-em-and-um-to-form-num\/\">em um<\/a> sistema de ra\u00edzes, que geralmente consistem em tr\u00eas consoantes principais. A raiz determina o significado b\u00e1sico do verbo e, ao adicionar padr\u00f5es voc\u00e1licos, voc\u00ea cria diferentes formas do verbo expressando diferentes significados e tempos. Por exemplo, mudar as vogais em uma raiz pode mudar o tempo do passado para o <a href=\"https:\/\/talkpal.ai\/zh-hans\/grammar_exercises\/presente-%e8%a5%bf%e7%8f%ad%e7%89%99%e8%af%ad%e6%b3%95%e7%bb%83%e4%b9%a0\/\">presente<\/a>, ou transformar um verbo ativo em passivo. Incr\u00edvel, n\u00e9?<\/p>\n\n\n\n<p>Mais um aspecto fascinante da gram\u00e1tica \u00e1rabe sobre o qual precisamos falar \u00e9 a <strong>defini\u00e7\u00e3o<\/strong>. Em ingl\u00eas, usamos a palavra \u201cthe\u201d para indicar que um substantivo \u00e9 definido. Em \u00e1rabe, este conceito \u00e9 incorporado na l\u00edngua atrav\u00e9s de uma pequena part\u00edcula chamada \u201cAl-\u201d que \u00e9 adicionada ao in\u00edcio de uma palavra. Quando um substantivo \u00e9 precedido por \u201cAl-\u201d, torna-se definido sem quaisquer qualificadores adicionais. Assim, em vez de dizeres \u201ca casa \u00e9 grande\u201d em \u00e1rabe, dirias \u201cAl-baytu kabir\u201d, em que \u201cAl-baytu\u201d significa \u201ca casa\u201d.<\/p>\n\n\n\n<p><strong>O \u00e1rabe conversacional<\/strong> \u00e9 mais din\u00e2mico e fluido do que o \u00e1rabe formal, como \u00e9 o caso de qualquer idioma. No entanto, dominar os princ\u00edpios fundamentais da gram\u00e1tica \u00e1rabe continua sendo essencial para realmente entender e apreciar a l\u00edngua. Uma vez que voc\u00ea pegar o jeito dos padr\u00f5es de raiz, formas de g\u00eanero e conjuga\u00e7\u00f5es verbais, ficar\u00e1 muito mais f\u00e1cil reconhecer e aprender novas palavras.<\/p>\n\n\n\n<p><strong>Aprender a gram\u00e1tica \u00e1rabe<\/strong> pode parecer assustador no in\u00edcio, mas com persist\u00eancia e dedica\u00e7\u00e3o, ser\u00e1s capaz de apreciar a beleza desta l\u00edngua intrincada. Assim como resolver um quebra-cabe\u00e7a complexo ou decifrar um c\u00f3digo criptografado, a recompensa est\u00e1 na satisfa\u00e7\u00e3o de desvendar os mist\u00e9rios da l\u00edngua \u00e1rabe e mergulhar em sua rica cultura, hist\u00f3ria e literatura. Ent\u00e3o, o que voc\u00ea est\u00e1 esperando? Mergulhe no mundo encantador da gram\u00e1tica \u00e1rabe e descubra sua verdadeira ess\u00eancia por si mesmo.<\/p>\n<\/div><\/div>\n\r\n<section class=\"learnNavigationSection\">\r\n            \r\n        <a href=\"https:\/\/talkpal.ai\/pt-pt\/aprender-arabe\/\">\r\n            <div class=\"learnNavigationWrapper\">\r\n                <div class=\"learnNavigationContent\">\r\n                    <img decoding=\"async\" src=\"https:\/\/talkpal.ai\/wp-content\/uploads\/2024\/08\/Arabic.jpg\" alt=\"Arabic Flag\">\r\n                    <div>\r\n                        <h4>Sobre a aprendizagem do \u00e1rabe<\/h4>\r\n                        <p>Descobre tudo sobre a gram\u00e1tica \u00e1rabe.<\/p>\r\n                    <\/div>\r\n                <\/div>\r\n            <\/div>\r\n        <\/a>\r\n\r\n        \r\n        <a href=\"https:\/\/talkpal.ai\/pt-pt\/exercicios-de-gramatica-arabe\/\">\r\n            <div class=\"learnNavigationWrapper\">\r\n                <div class=\"learnNavigationContent\">\r\n                    <img decoding=\"async\" src=\"https:\/\/talkpal.ai\/wp-content\/uploads\/2024\/08\/Arabic.jpg\" alt=\"Arabic Flag\">\r\n                    <div>\r\n                        <h4>Exerc\u00edcio de gram\u00e1tica \u00e1rabe<\/h4>\r\n                        <p>Pratica a gram\u00e1tica \u00e1rabe.<\/p>\r\n                    <\/div>\r\n                <\/div>\r\n            <\/div>\r\n        <\/a>\r\n\r\n        \r\n        <a href=\"https:\/\/talkpal.ai\/vocabulary_language\/arabic\/\">\r\n            <div class=\"learnNavigationWrapper\">\r\n                <div class=\"learnNavigationContent\">\r\n                    <img decoding=\"async\" src=\"https:\/\/talkpal.ai\/wp-content\/uploads\/2024\/08\/Arabic.jpg\" alt=\"Arabic Flag\">\r\n                    <div>\r\n                        <h4>Vocabul\u00e1rio \u00e1rabe<\/h4>\r\n                        <p>Amplia o teu vocabul\u00e1rio \u00e1rabe.<\/p>\r\n                    <\/div>\r\n                <\/div>\r\n            <\/div>\r\n        <\/a>\r\n\r\n            <\/section>","protected":false},"excerpt":{"rendered":"<p>Os meandros da gram\u00e1tica \u00e1rabe: uma viagem atrav\u00e9s de suas ra\u00edzes e beleza Voc\u00ea se lembra de quando come\u00e7ou a aprender gram\u00e1tica inglesa? As regras, exce\u00e7\u00f5es e terminologias aparentemente intermin\u00e1veis podem ter deixado voc\u00ea se sentindo sobrecarregado \u00e0s vezes. Se est\u00e1s a pensar em aprender a l\u00edngua \u00e1rabe, fica descansado, porque tamb\u00e9m tem um sistema [&hellip;]<\/p>\n","protected":false},"author":1,"featured_media":13834,"parent":0,"menu_order":0,"comment_status":"closed","ping_status":"closed","template":"LearningContentPage.php","meta":{"_acf_changed":false,"footnotes":""},"class_list":["post-127865","page","type-page","status-publish","has-post-thumbnail","hentry"],"acf":[],"yoast_head":"<!-- This site is optimized with the Yoast SEO Premium plugin v27.2 (Yoast SEO v27.2) - https:\/\/yoast.com\/product\/yoast-seo-premium-wordpress\/ -->\n<title>Gram\u00e1tica \u00c1rabe - Talkpal<\/title>\n<meta name=\"description\" content=\"Explora os meandros da gram\u00e1tica \u00e1rabe e descobre a sua estrutura \u00fanica em compara\u00e7\u00e3o com a gram\u00e1tica inglesa.\" \/>\n<meta name=\"robots\" content=\"index, follow, max-snippet:-1, max-image-preview:large, max-video-preview:-1\" \/>\n<link rel=\"canonical\" href=\"https:\/\/talkpal.ai\/pt-pt\/gramatica-arabe\/\" \/>\n<meta property=\"og:locale\" content=\"pt_PT\" \/>\n<meta property=\"og:type\" content=\"article\" \/>\n<meta property=\"og:title\" content=\"Gram\u00e1tica \u00c1rabe\" \/>\n<meta property=\"og:description\" content=\"Os meandros da gram\u00e1tica \u00e1rabe: uma viagem atrav\u00e9s de suas ra\u00edzes e beleza Voc\u00ea se lembra de quando come\u00e7ou a aprender gram\u00e1tica inglesa? As regras,\" \/>\n<meta property=\"og:url\" content=\"https:\/\/talkpal.ai\/pt-pt\/gramatica-arabe\/\" \/>\n<meta property=\"og:site_name\" content=\"Talkpal\" \/>\n<meta property=\"article:publisher\" content=\"https:\/\/www.facebook.com\/profile.php?id=100090733639311\" \/>\n<meta property=\"article:modified_time\" content=\"2025-05-21T11:47:40+00:00\" \/>\n<meta property=\"og:image\" content=\"https:\/\/talkpal.ai\/wp-content\/uploads\/2023\/04\/arabic-united-arab-emirates.png\" \/>\n\t<meta property=\"og:image:width\" content=\"512\" \/>\n\t<meta property=\"og:image:height\" content=\"512\" \/>\n\t<meta property=\"og:image:type\" content=\"image\/png\" \/>\n<meta name=\"twitter:card\" content=\"summary_large_image\" \/>\n<meta name=\"twitter:site\" content=\"@talkpalai\" \/>\n<meta name=\"twitter:label1\" content=\"Tempo estimado de leitura\" \/>\n\t<meta name=\"twitter:data1\" content=\"3 minutos\" \/>\n<script type=\"application\/ld+json\" class=\"yoast-schema-graph\">{\"@context\":\"https:\/\/schema.org\",\"@graph\":[{\"@type\":\"WebPage\",\"@id\":\"https:\/\/talkpal.ai\/pt-pt\/gramatica-arabe\/\",\"url\":\"https:\/\/talkpal.ai\/pt-pt\/gramatica-arabe\/\",\"name\":\"Gram\u00e1tica \u00c1rabe - Talkpal\",\"isPartOf\":{\"@id\":\"https:\/\/talkpal.ai\/pt-pt\/#website\"},\"primaryImageOfPage\":{\"@id\":\"https:\/\/talkpal.ai\/pt-pt\/gramatica-arabe\/#primaryimage\"},\"image\":{\"@id\":\"https:\/\/talkpal.ai\/pt-pt\/gramatica-arabe\/#primaryimage\"},\"thumbnailUrl\":\"https:\/\/talkpal.ai\/wp-content\/uploads\/2023\/04\/arabic-united-arab-emirates.png\",\"datePublished\":\"2023-05-14T13:43:38+00:00\",\"dateModified\":\"2025-05-21T11:47:40+00:00\",\"description\":\"Explora os meandros da gram\u00e1tica \u00e1rabe e descobre a sua estrutura \u00fanica em compara\u00e7\u00e3o com a gram\u00e1tica inglesa.\",\"breadcrumb\":{\"@id\":\"https:\/\/talkpal.ai\/pt-pt\/gramatica-arabe\/#breadcrumb\"},\"inLanguage\":\"pt-PT\",\"potentialAction\":[{\"@type\":\"ReadAction\",\"target\":[\"https:\/\/talkpal.ai\/pt-pt\/gramatica-arabe\/\"]}]},{\"@type\":\"ImageObject\",\"inLanguage\":\"pt-PT\",\"@id\":\"https:\/\/talkpal.ai\/pt-pt\/gramatica-arabe\/#primaryimage\",\"url\":\"https:\/\/talkpal.ai\/wp-content\/uploads\/2023\/04\/arabic-united-arab-emirates.png\",\"contentUrl\":\"https:\/\/talkpal.ai\/wp-content\/uploads\/2023\/04\/arabic-united-arab-emirates.png\",\"width\":512,\"height\":512},{\"@type\":\"BreadcrumbList\",\"@id\":\"https:\/\/talkpal.ai\/pt-pt\/gramatica-arabe\/#breadcrumb\",\"itemListElement\":[{\"@type\":\"ListItem\",\"position\":1,\"name\":\"Homepage\",\"item\":\"https:\/\/talkpal.ai\/pt-pt\/\"},{\"@type\":\"ListItem\",\"position\":2,\"name\":\"Gram\u00e1tica \u00c1rabe\"}]},{\"@type\":\"WebSite\",\"@id\":\"https:\/\/talkpal.ai\/pt-pt\/#website\",\"url\":\"https:\/\/talkpal.ai\/pt-pt\/\",\"name\":\"Talkpal\",\"description\":\"AI Language Learning\",\"publisher\":{\"@id\":\"https:\/\/talkpal.ai\/pt-pt\/#organization\"},\"alternateName\":\"Talkpal AI\",\"potentialAction\":[{\"@type\":\"SearchAction\",\"target\":{\"@type\":\"EntryPoint\",\"urlTemplate\":\"https:\/\/talkpal.ai\/pt-pt\/?s={search_term_string}\"},\"query-input\":{\"@type\":\"PropertyValueSpecification\",\"valueRequired\":true,\"valueName\":\"search_term_string\"}}],\"inLanguage\":\"pt-PT\"},{\"@type\":\"Organization\",\"@id\":\"https:\/\/talkpal.ai\/pt-pt\/#organization\",\"name\":\"Talkpal, Inc.\",\"alternateName\":\"Talkpal AI\",\"url\":\"https:\/\/talkpal.ai\/pt-pt\/\",\"logo\":{\"@type\":\"ImageObject\",\"inLanguage\":\"pt-PT\",\"@id\":\"https:\/\/talkpal.ai\/pt-pt\/#\/schema\/logo\/image\/\",\"url\":\"https:\/\/talkpal.ai\/wp-content\/uploads\/2024\/03\/Talkpal-Logo-Icon.png\",\"contentUrl\":\"https:\/\/talkpal.ai\/wp-content\/uploads\/2024\/03\/Talkpal-Logo-Icon.png\",\"width\":2880,\"height\":2880,\"caption\":\"Talkpal, Inc.\"},\"image\":{\"@id\":\"https:\/\/talkpal.ai\/pt-pt\/#\/schema\/logo\/image\/\"},\"sameAs\":[\"https:\/\/www.facebook.com\/profile.php?id=100090733639311\",\"https:\/\/x.com\/talkpalai\",\"https:\/\/www.linkedin.com\/company\/talkpal\/\",\"https:\/\/www.youtube.com\/@TalkPal\/\",\"https:\/\/www.tiktok.com\/@talkpal\",\"https:\/\/www.instagram.com\/talkpal_ai\/\",\"https:\/\/www.crunchbase.com\/organization\/talkpal-9cde\",\"https:\/\/www.g2.com\/products\/talkpal-for-business\/\",\"https:\/\/www.trustpilot.com\/review\/talkpal.ai\",\"https:\/\/www.capterra.com\/p\/10006800\/TalkPal\/\"],\"description\":\"Talkpal is a language learning web and mobile education app, powered by the latest AI technologies, that provides engaging experiences to its customers in many different languages to help them improve their language skills. Users can chat about unlimited amount of topics with the app and use other modes to practice their language learning.\",\"email\":\"support@talkpal.ai\",\"legalName\":\"Talkpal, Inc.\",\"foundingDate\":\"2023-04-03\",\"duns\":\"118989042\",\"numberOfEmployees\":{\"@type\":\"QuantitativeValue\",\"minValue\":\"11\",\"maxValue\":\"50\"},\"publishingPrinciples\":\"https:\/\/talkpal.ai\/publishing-principles\/\",\"actionableFeedbackPolicy\":\"https:\/\/talkpal.ai\/actionable-feedback-policy\/\",\"correctionsPolicy\":\"https:\/\/talkpal.ai\/corrections-policy\/\",\"ethicsPolicy\":\"https:\/\/talkpal.ai\/ethics-policy\/\",\"diversityPolicy\":\"https:\/\/talkpal.ai\/diversity-policy\/\",\"diversityStaffingReport\":\"https:\/\/talkpal.ai\/diversity-policy\/\"}]}<\/script>\n<!-- \/ Yoast SEO Premium plugin. -->","yoast_head_json":{"title":"Gram\u00e1tica \u00c1rabe - Talkpal","description":"Explora os meandros da gram\u00e1tica \u00e1rabe e descobre a sua estrutura \u00fanica em compara\u00e7\u00e3o com a gram\u00e1tica inglesa.","robots":{"index":"index","follow":"follow","max-snippet":"max-snippet:-1","max-image-preview":"max-image-preview:large","max-video-preview":"max-video-preview:-1"},"canonical":"https:\/\/talkpal.ai\/pt-pt\/gramatica-arabe\/","og_locale":"pt_PT","og_type":"article","og_title":"Gram\u00e1tica \u00c1rabe","og_description":"Os meandros da gram\u00e1tica \u00e1rabe: uma viagem atrav\u00e9s de suas ra\u00edzes e beleza Voc\u00ea se lembra de quando come\u00e7ou a aprender gram\u00e1tica inglesa? As regras,","og_url":"https:\/\/talkpal.ai\/pt-pt\/gramatica-arabe\/","og_site_name":"Talkpal","article_publisher":"https:\/\/www.facebook.com\/profile.php?id=100090733639311","article_modified_time":"2025-05-21T11:47:40+00:00","og_image":[{"width":512,"height":512,"url":"https:\/\/talkpal.ai\/wp-content\/uploads\/2023\/04\/arabic-united-arab-emirates.png","type":"image\/png"}],"twitter_card":"summary_large_image","twitter_site":"@talkpalai","twitter_misc":{"Tempo estimado de leitura":"3 minutos"},"schema":{"@context":"https:\/\/schema.org","@graph":[{"@type":"WebPage","@id":"https:\/\/talkpal.ai\/pt-pt\/gramatica-arabe\/","url":"https:\/\/talkpal.ai\/pt-pt\/gramatica-arabe\/","name":"Gram\u00e1tica \u00c1rabe - Talkpal","isPartOf":{"@id":"https:\/\/talkpal.ai\/pt-pt\/#website"},"primaryImageOfPage":{"@id":"https:\/\/talkpal.ai\/pt-pt\/gramatica-arabe\/#primaryimage"},"image":{"@id":"https:\/\/talkpal.ai\/pt-pt\/gramatica-arabe\/#primaryimage"},"thumbnailUrl":"https:\/\/talkpal.ai\/wp-content\/uploads\/2023\/04\/arabic-united-arab-emirates.png","datePublished":"2023-05-14T13:43:38+00:00","dateModified":"2025-05-21T11:47:40+00:00","description":"Explora os meandros da gram\u00e1tica \u00e1rabe e descobre a sua estrutura \u00fanica em compara\u00e7\u00e3o com a gram\u00e1tica inglesa.","breadcrumb":{"@id":"https:\/\/talkpal.ai\/pt-pt\/gramatica-arabe\/#breadcrumb"},"inLanguage":"pt-PT","potentialAction":[{"@type":"ReadAction","target":["https:\/\/talkpal.ai\/pt-pt\/gramatica-arabe\/"]}]},{"@type":"ImageObject","inLanguage":"pt-PT","@id":"https:\/\/talkpal.ai\/pt-pt\/gramatica-arabe\/#primaryimage","url":"https:\/\/talkpal.ai\/wp-content\/uploads\/2023\/04\/arabic-united-arab-emirates.png","contentUrl":"https:\/\/talkpal.ai\/wp-content\/uploads\/2023\/04\/arabic-united-arab-emirates.png","width":512,"height":512},{"@type":"BreadcrumbList","@id":"https:\/\/talkpal.ai\/pt-pt\/gramatica-arabe\/#breadcrumb","itemListElement":[{"@type":"ListItem","position":1,"name":"Homepage","item":"https:\/\/talkpal.ai\/pt-pt\/"},{"@type":"ListItem","position":2,"name":"Gram\u00e1tica \u00c1rabe"}]},{"@type":"WebSite","@id":"https:\/\/talkpal.ai\/pt-pt\/#website","url":"https:\/\/talkpal.ai\/pt-pt\/","name":"Talkpal","description":"AI Language Learning","publisher":{"@id":"https:\/\/talkpal.ai\/pt-pt\/#organization"},"alternateName":"Talkpal AI","potentialAction":[{"@type":"SearchAction","target":{"@type":"EntryPoint","urlTemplate":"https:\/\/talkpal.ai\/pt-pt\/?s={search_term_string}"},"query-input":{"@type":"PropertyValueSpecification","valueRequired":true,"valueName":"search_term_string"}}],"inLanguage":"pt-PT"},{"@type":"Organization","@id":"https:\/\/talkpal.ai\/pt-pt\/#organization","name":"Talkpal, Inc.","alternateName":"Talkpal AI","url":"https:\/\/talkpal.ai\/pt-pt\/","logo":{"@type":"ImageObject","inLanguage":"pt-PT","@id":"https:\/\/talkpal.ai\/pt-pt\/#\/schema\/logo\/image\/","url":"https:\/\/talkpal.ai\/wp-content\/uploads\/2024\/03\/Talkpal-Logo-Icon.png","contentUrl":"https:\/\/talkpal.ai\/wp-content\/uploads\/2024\/03\/Talkpal-Logo-Icon.png","width":2880,"height":2880,"caption":"Talkpal, Inc."},"image":{"@id":"https:\/\/talkpal.ai\/pt-pt\/#\/schema\/logo\/image\/"},"sameAs":["https:\/\/www.facebook.com\/profile.php?id=100090733639311","https:\/\/x.com\/talkpalai","https:\/\/www.linkedin.com\/company\/talkpal\/","https:\/\/www.youtube.com\/@TalkPal\/","https:\/\/www.tiktok.com\/@talkpal","https:\/\/www.instagram.com\/talkpal_ai\/","https:\/\/www.crunchbase.com\/organization\/talkpal-9cde","https:\/\/www.g2.com\/products\/talkpal-for-business\/","https:\/\/www.trustpilot.com\/review\/talkpal.ai","https:\/\/www.capterra.com\/p\/10006800\/TalkPal\/"],"description":"Talkpal is a language learning web and mobile education app, powered by the latest AI technologies, that provides engaging experiences to its customers in many different languages to help them improve their language skills. Users can chat about unlimited amount of topics with the app and use other modes to practice their language learning.","email":"support@talkpal.ai","legalName":"Talkpal, Inc.","foundingDate":"2023-04-03","duns":"118989042","numberOfEmployees":{"@type":"QuantitativeValue","minValue":"11","maxValue":"50"},"publishingPrinciples":"https:\/\/talkpal.ai\/publishing-principles\/","actionableFeedbackPolicy":"https:\/\/talkpal.ai\/actionable-feedback-policy\/","correctionsPolicy":"https:\/\/talkpal.ai\/corrections-policy\/","ethicsPolicy":"https:\/\/talkpal.ai\/ethics-policy\/","diversityPolicy":"https:\/\/talkpal.ai\/diversity-policy\/","diversityStaffingReport":"https:\/\/talkpal.ai\/diversity-policy\/"}]}},"_links":{"self":[{"href":"https:\/\/talkpal.ai\/pt-pt\/wp-json\/wp\/v2\/pages\/127865","targetHints":{"allow":["GET"]}}],"collection":[{"href":"https:\/\/talkpal.ai\/pt-pt\/wp-json\/wp\/v2\/pages"}],"about":[{"href":"https:\/\/talkpal.ai\/pt-pt\/wp-json\/wp\/v2\/types\/page"}],"author":[{"embeddable":true,"href":"https:\/\/talkpal.ai\/pt-pt\/wp-json\/wp\/v2\/users\/1"}],"replies":[{"embeddable":true,"href":"https:\/\/talkpal.ai\/pt-pt\/wp-json\/wp\/v2\/comments?post=127865"}],"version-history":[{"count":0,"href":"https:\/\/talkpal.ai\/pt-pt\/wp-json\/wp\/v2\/pages\/127865\/revisions"}],"wp:featuredmedia":[{"embeddable":true,"href":"https:\/\/talkpal.ai\/pt-pt\/wp-json\/wp\/v2\/media\/13834"}],"wp:attachment":[{"href":"https:\/\/talkpal.ai\/pt-pt\/wp-json\/wp\/v2\/media?parent=127865"}],"curies":[{"name":"wp","href":"https:\/\/api.w.org\/{rel}","templated":true}]}}