{"id":997977,"date":"2023-10-09T10:03:45","date_gmt":"2023-10-09T10:03:45","guid":{"rendered":"https:\/\/talkpal.ai\/instrucoes-de-gerenciamento-de-assinaturas\/"},"modified":"2025-07-12T09:46:46","modified_gmt":"2025-07-12T09:46:46","slug":"instrucoes-de-gerenciamento-de-assinaturas","status":"publish","type":"page","link":"https:\/\/talkpal.ai\/pt-br\/instrucoes-de-gerenciamento-de-assinaturas\/","title":{"rendered":"Instru\u00e7\u00f5es de gerenciamento de assinaturas"},"content":{"rendered":"\n<p>Voc\u00ea pode gerenciar suas assinaturas em nossos aplicativos da <a href=\"https:\/\/talkpal.ai\/es\/descargar-la-aplicacion-talkpal-para-android-e-ios\/\">App Store<\/a> (Apple <a href=\"https:\/\/talkpal.ai\/es\/descargar-la-aplicacion-talkpal-para-android-e-ios\/\">iOS<\/a>), do Google Play (Android) ou do site.<\/p>\n\n<h2 class=\"wp-block-heading\" id=\"h-app-store-apple-ios\">App Store (Apple iOS)<\/h2>\n\n<p>Observa\u00e7\u00e3o: voc\u00ea precisa cancelar sua assinatura ou avalia\u00e7\u00e3o da Apple pelo menos 24 horas antes do t\u00e9rmino. Se voc\u00ea cancel\u00e1-lo no \u00faltimo dia, ele ser\u00e1 renovado automaticamente.<\/p>\n\n<p>Para cancelar sua assinatura do <a href=\"https:\/\/talkpal.ai\/ko\/ai-%ec%96%b8%ec%96%b4-%ea%b5%90%ec%82%ac\/\">Talkpal<\/a> por meio da App Store, siga estas etapas em seu dispositivo iOS:<\/p>\n\n<p><strong>Etapa 1<\/strong> &#8211; Abra o aplicativo Configura\u00e7\u00f5es.<\/p>\n\n<p><strong>Etapa 2<\/strong> &#8211; Selecione seu ID Apple localizado na parte <a href=\"https:\/\/talkpal.ai\/locations\/learn-english-in-superior\/\">superior<\/a> da p\u00e1gina.<\/p>\n\n<p><strong>Etapa 3<\/strong> &#8211; Escolha &#8220;View Apple ID&#8221; (Exibir ID Apple)<\/p>\n\n<p><strong>Etapa 4<\/strong> &#8211; V\u00e1 para &#8220;Subscriptions&#8221; (Assinaturas) e selecione a que voc\u00ea deseja cancelar.<\/p>\n\n<p><strong>Etapa 5<\/strong> &#8211; Toque em &#8220;Cancel Subscription&#8221; (<a href=\"https:\/\/talkpal.ai\/culture\/how-do-i-cancel-a-subscription-service-in-portuguese\/\">Cancelar assinatura<\/a>).<\/p>\n\n<h2 class=\"wp-block-heading\" id=\"h-google-play-android\">Google Play (Android)<\/h2>\n\n<p><b>Etapa 1<\/b> &#8211; Em seu dispositivo Android, navegue at\u00e9 suas assinaturas no Google Play.<\/p>\n\n<p><b>Etapa 2<\/b> &#8211; Escolha a assinatura que voc\u00ea deseja cancelar.<\/p>\n\n<p><b>Etapa 3<\/b> &#8211; Pressione Cancelar assinatura.<\/p>\n\n<h2 class=\"wp-block-heading\" id=\"h-website\">Site<\/h2>\n\n<p><b>Etapa 1<\/b> &#8211; V\u00e1 para a p\u00e1gina da sua conta.<\/p>\n\n<p><b>Etapa 2<\/b> &#8211; Role para baixo at\u00e9 a se\u00e7\u00e3o &#8220;Subscription&#8221; (Assinatura).<\/p>\n\n<p><b>Etapa 3<\/b> &#8211; Clique em &#8220;Cancel subscription&#8221; (Cancelar assinatura).<\/p>\n","protected":false},"excerpt":{"rendered":"<p>Voc\u00ea pode gerenciar suas assinaturas em nossos aplicativos da App Store (Apple iOS), do Google Play (Android) ou do site. App Store (Apple iOS) Observa\u00e7\u00e3o: voc\u00ea precisa cancelar sua assinatura ou avalia\u00e7\u00e3o da Apple pelo menos 24 horas antes do t\u00e9rmino. Se voc\u00ea cancel\u00e1-lo no \u00faltimo dia, ele ser\u00e1 renovado automaticamente. Para cancelar sua assinatura [&hellip;]<\/p>\n","protected":false},"author":10,"featured_media":197974,"parent":0,"menu_order":0,"comment_status":"closed","ping_status":"closed","template":"","meta":{"_acf_changed":false,"footnotes":""},"class_list":["post-997977","page","type-page","status-publish","has-post-thumbnail","hentry"],"acf":[],"yoast_head":"<!-- This site is optimized with the Yoast SEO Premium plugin v27.2 (Yoast SEO v27.2) - https:\/\/yoast.com\/product\/yoast-seo-premium-wordpress\/ -->\n<title>Instru\u00e7\u00f5es de gerenciamento de assinaturas - Talkpal<\/title>\n<meta name=\"description\" content=\"Siga estas instru\u00e7\u00f5es de gerenciamento de assinaturas para cancelar facilmente suas assinaturas nos aplicativos Apple ou Google Play.\" \/>\n<meta name=\"robots\" content=\"index, follow, max-snippet:-1, max-image-preview:large, max-video-preview:-1\" \/>\n<link rel=\"canonical\" href=\"https:\/\/talkpal.ai\/pt-br\/instrucoes-de-gerenciamento-de-assinaturas\/\" \/>\n<meta property=\"og:locale\" content=\"pt_BR\" \/>\n<meta property=\"og:type\" content=\"article\" \/>\n<meta property=\"og:title\" content=\"Instru\u00e7\u00f5es de gerenciamento de assinaturas\" \/>\n<meta property=\"og:description\" content=\"Voc\u00ea pode gerenciar suas assinaturas em nossos aplicativos da App Store (Apple iOS), do Google Play (Android) ou do site. App Store (Apple iOS)\" \/>\n<meta property=\"og:url\" content=\"https:\/\/talkpal.ai\/pt-br\/instrucoes-de-gerenciamento-de-assinaturas\/\" \/>\n<meta property=\"og:site_name\" content=\"Talkpal\" \/>\n<meta property=\"article:publisher\" content=\"https:\/\/www.facebook.com\/profile.php?id=100090733639311\" \/>\n<meta property=\"article:modified_time\" content=\"2025-07-12T09:46:46+00:00\" \/>\n<meta property=\"og:image\" content=\"https:\/\/talkpal.ai\/wp-content\/uploads\/2024\/03\/Talkpal-Logo-Icon.png\" \/>\n\t<meta property=\"og:image:width\" content=\"5000\" \/>\n\t<meta property=\"og:image:height\" content=\"5000\" \/>\n\t<meta property=\"og:image:type\" content=\"image\/png\" \/>\n<meta name=\"twitter:card\" content=\"summary_large_image\" \/>\n<meta name=\"twitter:site\" content=\"@talkpalai\" \/>\n<meta name=\"twitter:label1\" content=\"Est. tempo de leitura\" \/>\n\t<meta name=\"twitter:data1\" content=\"1 minuto\" \/>\n<script type=\"application\/ld+json\" class=\"yoast-schema-graph\">{\"@context\":\"https:\/\/schema.org\",\"@graph\":[{\"@type\":\"WebPage\",\"@id\":\"https:\/\/talkpal.ai\/pt-br\/instrucoes-de-gerenciamento-de-assinaturas\/\",\"url\":\"https:\/\/talkpal.ai\/pt-br\/instrucoes-de-gerenciamento-de-assinaturas\/\",\"name\":\"Instru\u00e7\u00f5es de gerenciamento de assinaturas - Talkpal\",\"isPartOf\":{\"@id\":\"https:\/\/talkpal.ai\/pt-br\/#website\"},\"primaryImageOfPage\":{\"@id\":\"https:\/\/talkpal.ai\/pt-br\/instrucoes-de-gerenciamento-de-assinaturas\/#primaryimage\"},\"image\":{\"@id\":\"https:\/\/talkpal.ai\/pt-br\/instrucoes-de-gerenciamento-de-assinaturas\/#primaryimage\"},\"thumbnailUrl\":\"https:\/\/talkpal.ai\/wp-content\/uploads\/2024\/03\/Talkpal-Logo-Icon.png\",\"datePublished\":\"2023-10-09T10:03:45+00:00\",\"dateModified\":\"2025-07-12T09:46:46+00:00\",\"description\":\"Siga estas instru\u00e7\u00f5es de gerenciamento de assinaturas para cancelar facilmente suas assinaturas nos aplicativos Apple ou Google Play.\",\"breadcrumb\":{\"@id\":\"https:\/\/talkpal.ai\/pt-br\/instrucoes-de-gerenciamento-de-assinaturas\/#breadcrumb\"},\"inLanguage\":\"pt-BR\",\"potentialAction\":[{\"@type\":\"ReadAction\",\"target\":[\"https:\/\/talkpal.ai\/pt-br\/instrucoes-de-gerenciamento-de-assinaturas\/\"]}]},{\"@type\":\"ImageObject\",\"inLanguage\":\"pt-BR\",\"@id\":\"https:\/\/talkpal.ai\/pt-br\/instrucoes-de-gerenciamento-de-assinaturas\/#primaryimage\",\"url\":\"https:\/\/talkpal.ai\/wp-content\/uploads\/2024\/03\/Talkpal-Logo-Icon.png\",\"contentUrl\":\"https:\/\/talkpal.ai\/wp-content\/uploads\/2024\/03\/Talkpal-Logo-Icon.png\",\"width\":5000,\"height\":5000,\"caption\":\"Logo do talkpal\"},{\"@type\":\"BreadcrumbList\",\"@id\":\"https:\/\/talkpal.ai\/pt-br\/instrucoes-de-gerenciamento-de-assinaturas\/#breadcrumb\",\"itemListElement\":[{\"@type\":\"ListItem\",\"position\":1,\"name\":\"Homepage\",\"item\":\"https:\/\/talkpal.ai\/pt-br\/\"},{\"@type\":\"ListItem\",\"position\":2,\"name\":\"Instru\u00e7\u00f5es de gerenciamento de assinaturas\"}]},{\"@type\":\"WebSite\",\"@id\":\"https:\/\/talkpal.ai\/pt-br\/#website\",\"url\":\"https:\/\/talkpal.ai\/pt-br\/\",\"name\":\"Talkpal\",\"description\":\"AI Language Learning\",\"publisher\":{\"@id\":\"https:\/\/talkpal.ai\/pt-br\/#organization\"},\"alternateName\":\"Talkpal AI\",\"potentialAction\":[{\"@type\":\"SearchAction\",\"target\":{\"@type\":\"EntryPoint\",\"urlTemplate\":\"https:\/\/talkpal.ai\/pt-br\/?s={search_term_string}\"},\"query-input\":{\"@type\":\"PropertyValueSpecification\",\"valueRequired\":true,\"valueName\":\"search_term_string\"}}],\"inLanguage\":\"pt-BR\"},{\"@type\":\"Organization\",\"@id\":\"https:\/\/talkpal.ai\/pt-br\/#organization\",\"name\":\"Talkpal, Inc.\",\"alternateName\":\"Talkpal AI\",\"url\":\"https:\/\/talkpal.ai\/pt-br\/\",\"logo\":{\"@type\":\"ImageObject\",\"inLanguage\":\"pt-BR\",\"@id\":\"https:\/\/talkpal.ai\/pt-br\/#\/schema\/logo\/image\/\",\"url\":\"https:\/\/talkpal.ai\/wp-content\/uploads\/2024\/03\/Talkpal-Logo-Icon.png\",\"contentUrl\":\"https:\/\/talkpal.ai\/wp-content\/uploads\/2024\/03\/Talkpal-Logo-Icon.png\",\"width\":2880,\"height\":2880,\"caption\":\"Talkpal, Inc.\"},\"image\":{\"@id\":\"https:\/\/talkpal.ai\/pt-br\/#\/schema\/logo\/image\/\"},\"sameAs\":[\"https:\/\/www.facebook.com\/profile.php?id=100090733639311\",\"https:\/\/x.com\/talkpalai\",\"https:\/\/www.linkedin.com\/company\/talkpal\/\",\"https:\/\/www.youtube.com\/@TalkPal\/\",\"https:\/\/www.tiktok.com\/@talkpal\",\"https:\/\/www.instagram.com\/talkpal_ai\/\",\"https:\/\/www.crunchbase.com\/organization\/talkpal-9cde\",\"https:\/\/www.g2.com\/products\/talkpal-for-business\/\",\"https:\/\/www.trustpilot.com\/review\/talkpal.ai\",\"https:\/\/www.capterra.com\/p\/10006800\/TalkPal\/\"],\"description\":\"Talkpal is a language learning web and mobile education app, powered by the latest AI technologies, that provides engaging experiences to its customers in many different languages to help them improve their language skills. Users can chat about unlimited amount of topics with the app and use other modes to practice their language learning.\",\"email\":\"support@talkpal.ai\",\"legalName\":\"Talkpal, Inc.\",\"foundingDate\":\"2023-04-03\",\"duns\":\"118989042\",\"numberOfEmployees\":{\"@type\":\"QuantitativeValue\",\"minValue\":\"11\",\"maxValue\":\"50\"},\"publishingPrinciples\":\"https:\/\/talkpal.ai\/publishing-principles\/\",\"actionableFeedbackPolicy\":\"https:\/\/talkpal.ai\/actionable-feedback-policy\/\",\"correctionsPolicy\":\"https:\/\/talkpal.ai\/corrections-policy\/\",\"ethicsPolicy\":\"https:\/\/talkpal.ai\/ethics-policy\/\",\"diversityPolicy\":\"https:\/\/talkpal.ai\/diversity-policy\/\",\"diversityStaffingReport\":\"https:\/\/talkpal.ai\/diversity-policy\/\"}]}<\/script>\n<!-- \/ Yoast SEO Premium plugin. -->","yoast_head_json":{"title":"Instru\u00e7\u00f5es de gerenciamento de assinaturas - Talkpal","description":"Siga estas instru\u00e7\u00f5es de gerenciamento de assinaturas para cancelar facilmente suas assinaturas nos aplicativos Apple ou Google Play.","robots":{"index":"index","follow":"follow","max-snippet":"max-snippet:-1","max-image-preview":"max-image-preview:large","max-video-preview":"max-video-preview:-1"},"canonical":"https:\/\/talkpal.ai\/pt-br\/instrucoes-de-gerenciamento-de-assinaturas\/","og_locale":"pt_BR","og_type":"article","og_title":"Instru\u00e7\u00f5es de gerenciamento de assinaturas","og_description":"Voc\u00ea pode gerenciar suas assinaturas em nossos aplicativos da App Store (Apple iOS), do Google Play (Android) ou do site. App Store (Apple iOS)","og_url":"https:\/\/talkpal.ai\/pt-br\/instrucoes-de-gerenciamento-de-assinaturas\/","og_site_name":"Talkpal","article_publisher":"https:\/\/www.facebook.com\/profile.php?id=100090733639311","article_modified_time":"2025-07-12T09:46:46+00:00","og_image":[{"width":5000,"height":5000,"url":"https:\/\/talkpal.ai\/wp-content\/uploads\/2024\/03\/Talkpal-Logo-Icon.png","type":"image\/png"}],"twitter_card":"summary_large_image","twitter_site":"@talkpalai","twitter_misc":{"Est. tempo de leitura":"1 minuto"},"schema":{"@context":"https:\/\/schema.org","@graph":[{"@type":"WebPage","@id":"https:\/\/talkpal.ai\/pt-br\/instrucoes-de-gerenciamento-de-assinaturas\/","url":"https:\/\/talkpal.ai\/pt-br\/instrucoes-de-gerenciamento-de-assinaturas\/","name":"Instru\u00e7\u00f5es de gerenciamento de assinaturas - Talkpal","isPartOf":{"@id":"https:\/\/talkpal.ai\/pt-br\/#website"},"primaryImageOfPage":{"@id":"https:\/\/talkpal.ai\/pt-br\/instrucoes-de-gerenciamento-de-assinaturas\/#primaryimage"},"image":{"@id":"https:\/\/talkpal.ai\/pt-br\/instrucoes-de-gerenciamento-de-assinaturas\/#primaryimage"},"thumbnailUrl":"https:\/\/talkpal.ai\/wp-content\/uploads\/2024\/03\/Talkpal-Logo-Icon.png","datePublished":"2023-10-09T10:03:45+00:00","dateModified":"2025-07-12T09:46:46+00:00","description":"Siga estas instru\u00e7\u00f5es de gerenciamento de assinaturas para cancelar facilmente suas assinaturas nos aplicativos Apple ou Google Play.","breadcrumb":{"@id":"https:\/\/talkpal.ai\/pt-br\/instrucoes-de-gerenciamento-de-assinaturas\/#breadcrumb"},"inLanguage":"pt-BR","potentialAction":[{"@type":"ReadAction","target":["https:\/\/talkpal.ai\/pt-br\/instrucoes-de-gerenciamento-de-assinaturas\/"]}]},{"@type":"ImageObject","inLanguage":"pt-BR","@id":"https:\/\/talkpal.ai\/pt-br\/instrucoes-de-gerenciamento-de-assinaturas\/#primaryimage","url":"https:\/\/talkpal.ai\/wp-content\/uploads\/2024\/03\/Talkpal-Logo-Icon.png","contentUrl":"https:\/\/talkpal.ai\/wp-content\/uploads\/2024\/03\/Talkpal-Logo-Icon.png","width":5000,"height":5000,"caption":"Logo do talkpal"},{"@type":"BreadcrumbList","@id":"https:\/\/talkpal.ai\/pt-br\/instrucoes-de-gerenciamento-de-assinaturas\/#breadcrumb","itemListElement":[{"@type":"ListItem","position":1,"name":"Homepage","item":"https:\/\/talkpal.ai\/pt-br\/"},{"@type":"ListItem","position":2,"name":"Instru\u00e7\u00f5es de gerenciamento de assinaturas"}]},{"@type":"WebSite","@id":"https:\/\/talkpal.ai\/pt-br\/#website","url":"https:\/\/talkpal.ai\/pt-br\/","name":"Talkpal","description":"AI Language Learning","publisher":{"@id":"https:\/\/talkpal.ai\/pt-br\/#organization"},"alternateName":"Talkpal AI","potentialAction":[{"@type":"SearchAction","target":{"@type":"EntryPoint","urlTemplate":"https:\/\/talkpal.ai\/pt-br\/?s={search_term_string}"},"query-input":{"@type":"PropertyValueSpecification","valueRequired":true,"valueName":"search_term_string"}}],"inLanguage":"pt-BR"},{"@type":"Organization","@id":"https:\/\/talkpal.ai\/pt-br\/#organization","name":"Talkpal, Inc.","alternateName":"Talkpal AI","url":"https:\/\/talkpal.ai\/pt-br\/","logo":{"@type":"ImageObject","inLanguage":"pt-BR","@id":"https:\/\/talkpal.ai\/pt-br\/#\/schema\/logo\/image\/","url":"https:\/\/talkpal.ai\/wp-content\/uploads\/2024\/03\/Talkpal-Logo-Icon.png","contentUrl":"https:\/\/talkpal.ai\/wp-content\/uploads\/2024\/03\/Talkpal-Logo-Icon.png","width":2880,"height":2880,"caption":"Talkpal, Inc."},"image":{"@id":"https:\/\/talkpal.ai\/pt-br\/#\/schema\/logo\/image\/"},"sameAs":["https:\/\/www.facebook.com\/profile.php?id=100090733639311","https:\/\/x.com\/talkpalai","https:\/\/www.linkedin.com\/company\/talkpal\/","https:\/\/www.youtube.com\/@TalkPal\/","https:\/\/www.tiktok.com\/@talkpal","https:\/\/www.instagram.com\/talkpal_ai\/","https:\/\/www.crunchbase.com\/organization\/talkpal-9cde","https:\/\/www.g2.com\/products\/talkpal-for-business\/","https:\/\/www.trustpilot.com\/review\/talkpal.ai","https:\/\/www.capterra.com\/p\/10006800\/TalkPal\/"],"description":"Talkpal is a language learning web and mobile education app, powered by the latest AI technologies, that provides engaging experiences to its customers in many different languages to help them improve their language skills. Users can chat about unlimited amount of topics with the app and use other modes to practice their language learning.","email":"support@talkpal.ai","legalName":"Talkpal, Inc.","foundingDate":"2023-04-03","duns":"118989042","numberOfEmployees":{"@type":"QuantitativeValue","minValue":"11","maxValue":"50"},"publishingPrinciples":"https:\/\/talkpal.ai\/publishing-principles\/","actionableFeedbackPolicy":"https:\/\/talkpal.ai\/actionable-feedback-policy\/","correctionsPolicy":"https:\/\/talkpal.ai\/corrections-policy\/","ethicsPolicy":"https:\/\/talkpal.ai\/ethics-policy\/","diversityPolicy":"https:\/\/talkpal.ai\/diversity-policy\/","diversityStaffingReport":"https:\/\/talkpal.ai\/diversity-policy\/"}]}},"_links":{"self":[{"href":"https:\/\/talkpal.ai\/pt-br\/wp-json\/wp\/v2\/pages\/997977","targetHints":{"allow":["GET"]}}],"collection":[{"href":"https:\/\/talkpal.ai\/pt-br\/wp-json\/wp\/v2\/pages"}],"about":[{"href":"https:\/\/talkpal.ai\/pt-br\/wp-json\/wp\/v2\/types\/page"}],"author":[{"embeddable":true,"href":"https:\/\/talkpal.ai\/pt-br\/wp-json\/wp\/v2\/users\/10"}],"replies":[{"embeddable":true,"href":"https:\/\/talkpal.ai\/pt-br\/wp-json\/wp\/v2\/comments?post=997977"}],"version-history":[{"count":0,"href":"https:\/\/talkpal.ai\/pt-br\/wp-json\/wp\/v2\/pages\/997977\/revisions"}],"wp:featuredmedia":[{"embeddable":true,"href":"https:\/\/talkpal.ai\/pt-br\/wp-json\/wp\/v2\/media\/197974"}],"wp:attachment":[{"href":"https:\/\/talkpal.ai\/pt-br\/wp-json\/wp\/v2\/media?parent=997977"}],"curies":[{"name":"wp","href":"https:\/\/api.w.org\/{rel}","templated":true}]}}