{"id":994685,"date":"2023-12-20T15:42:12","date_gmt":"2023-12-20T15:42:12","guid":{"rendered":"https:\/\/talkpal.ai\/instrucoes-para-adicionar-um-codigo-de-cupom-no-checkout-do-stripe\/"},"modified":"2025-06-19T18:07:47","modified_gmt":"2025-06-19T18:07:47","slug":"instrucoes-para-adicionar-um-codigo-de-cupom-no-checkout-do-stripe","status":"publish","type":"page","link":"https:\/\/talkpal.ai\/pt-br\/instrucoes-para-adicionar-um-codigo-de-cupom-no-checkout-do-stripe\/","title":{"rendered":"Instru\u00e7\u00f5es para adicionar um c\u00f3digo de cupom no checkout do Stripe"},"content":{"rendered":"\n<p>Adicione um c\u00f3digo de cupom e ganhe um desconto.<\/p>\n\n<h2 class=\"wp-block-heading\" id=\"h-follow-the-steps\">Siga as etapas<\/h2>\n\n<h3 class=\"wp-block-heading\" id=\"h-step-1\">Etapa 1:<\/h3>\n\n<p>Escolha um <a href=\"https:\/\/talkpal.ai\/locations\/language-courses-in-plano\/\">plano<\/a> preferencial.<\/p>\n\n<figure class=\"wp-block-image\"><img decoding=\"async\" src=\"https:\/\/talkpal.ai\/wp-content\/uploads\/2024\/12\/Choos-plan-screen-768x389.png\" alt=\"\"\/><\/figure>\n\n<h3 class=\"wp-block-heading\" id=\"h-step-2\">Etapa 2:<\/h3>\n\n<p>Escolha a op\u00e7\u00e3o para pagar usando um cart\u00e3o e pressione o bot\u00e3o <a href=\"https:\/\/talkpal.ai\/ko\/ai-%ec%96%b8%ec%96%b4-%ea%b5%90%ec%82%ac\/\">Iniciar<\/a>.<\/p>\n\n<figure class=\"wp-block-image\"><img decoding=\"async\" src=\"https:\/\/talkpal.ai\/wp-content\/uploads\/2024\/12\/Payment-method-screen-768x389.png\" alt=\"\"\/><\/figure>\n\n<h3 class=\"wp-block-heading\" id=\"h-step-3\">Etapa 3:<\/h3>\n\n<p>Voc\u00ea ser\u00e1 redirecionado para a p\u00e1gina de checkout do Stripe.<\/p>\n\n<h3 class=\"wp-block-heading\" id=\"h-step-4\">Etapa 4:<\/h3>\n\n<p>Pressione \u201cAdd Promotion Code\u201d (Adicionar c\u00f3digo promocional) e digite o c\u00f3digo, por exemplo: <strong>JOIN25<\/strong> e pressione \u201cApply\u201d (Aplicar).<\/p>\n\n<figure class=\"wp-block-image\"><img decoding=\"async\" src=\"https:\/\/talkpal.ai\/wp-content\/uploads\/2024\/05\/Talkpal-Stripe-instructions-1024x593.png\" alt=\"\"\/><\/figure>\n\n<h3 class=\"wp-block-heading\" id=\"h-step-5\">Etapa 5:<\/h3>\n\n<p>Preencha as informa\u00e7\u00f5es do seu cart\u00e3o e comece a explorar sua conta Premium.<\/p>\n\n<p><\/p>\n","protected":false},"excerpt":{"rendered":"<p>Adicione um c\u00f3digo de cupom e ganhe um desconto. Siga as etapas Etapa 1: Escolha um plano preferencial. Etapa 2: Escolha a op\u00e7\u00e3o para pagar usando um cart\u00e3o e pressione o bot\u00e3o Iniciar. Etapa 3: Voc\u00ea ser\u00e1 redirecionado para a p\u00e1gina de checkout do Stripe. Etapa 4: Pressione \u201cAdd Promotion Code\u201d (Adicionar c\u00f3digo promocional) e [&hellip;]<\/p>\n","protected":false},"author":6,"featured_media":197974,"parent":0,"menu_order":0,"comment_status":"closed","ping_status":"closed","template":"","meta":{"_acf_changed":false,"footnotes":""},"class_list":["post-994685","page","type-page","status-publish","has-post-thumbnail","hentry"],"acf":[],"yoast_head":"<!-- This site is optimized with the Yoast SEO Premium plugin v27.2 (Yoast SEO v27.2) - https:\/\/yoast.com\/product\/yoast-seo-premium-wordpress\/ -->\n<title>Instru\u00e7\u00f5es para adicionar um c\u00f3digo de cupom no checkout do Stripe - Talkpal<\/title>\n<meta name=\"description\" content=\"Saiba como adicionar facilmente c\u00f3digos de cupom no Stripe Checkout. Siga etapas simples para aprimorar a experi\u00eancia de checkout do cliente.\" \/>\n<meta name=\"robots\" content=\"index, follow, max-snippet:-1, max-image-preview:large, max-video-preview:-1\" \/>\n<link rel=\"canonical\" href=\"https:\/\/talkpal.ai\/pt-br\/instrucoes-para-adicionar-um-codigo-de-cupom-no-checkout-do-stripe\/\" \/>\n<meta property=\"og:locale\" content=\"pt_BR\" \/>\n<meta property=\"og:type\" content=\"article\" \/>\n<meta property=\"og:title\" content=\"Instru\u00e7\u00f5es para adicionar um c\u00f3digo de cupom no checkout do Stripe\" \/>\n<meta property=\"og:description\" content=\"Adicione um c\u00f3digo de cupom e ganhe um desconto. Siga as etapas Etapa 1: Escolha um plano preferencial. Etapa 2: Escolha a op\u00e7\u00e3o para pagar usando um\" \/>\n<meta property=\"og:url\" content=\"https:\/\/talkpal.ai\/pt-br\/instrucoes-para-adicionar-um-codigo-de-cupom-no-checkout-do-stripe\/\" \/>\n<meta property=\"og:site_name\" content=\"Talkpal\" \/>\n<meta property=\"article:publisher\" content=\"https:\/\/www.facebook.com\/profile.php?id=100090733639311\" \/>\n<meta property=\"article:modified_time\" content=\"2025-06-19T18:07:47+00:00\" \/>\n<meta property=\"og:image\" content=\"https:\/\/talkpal.ai\/wp-content\/uploads\/2024\/03\/Talkpal-Logo-Icon.png\" \/>\n\t<meta property=\"og:image:width\" content=\"5000\" \/>\n\t<meta property=\"og:image:height\" content=\"5000\" \/>\n\t<meta property=\"og:image:type\" content=\"image\/png\" \/>\n<meta name=\"twitter:card\" content=\"summary_large_image\" \/>\n<meta name=\"twitter:site\" content=\"@talkpalai\" \/>\n<script type=\"application\/ld+json\" class=\"yoast-schema-graph\">{\"@context\":\"https:\/\/schema.org\",\"@graph\":[{\"@type\":\"WebPage\",\"@id\":\"https:\/\/talkpal.ai\/pt-br\/instrucoes-para-adicionar-um-codigo-de-cupom-no-checkout-do-stripe\/\",\"url\":\"https:\/\/talkpal.ai\/pt-br\/instrucoes-para-adicionar-um-codigo-de-cupom-no-checkout-do-stripe\/\",\"name\":\"Instru\u00e7\u00f5es para adicionar um c\u00f3digo de cupom no checkout do Stripe - Talkpal\",\"isPartOf\":{\"@id\":\"https:\/\/talkpal.ai\/pt-br\/#website\"},\"primaryImageOfPage\":{\"@id\":\"https:\/\/talkpal.ai\/pt-br\/instrucoes-para-adicionar-um-codigo-de-cupom-no-checkout-do-stripe\/#primaryimage\"},\"image\":{\"@id\":\"https:\/\/talkpal.ai\/pt-br\/instrucoes-para-adicionar-um-codigo-de-cupom-no-checkout-do-stripe\/#primaryimage\"},\"thumbnailUrl\":\"https:\/\/talkpal.ai\/wp-content\/uploads\/2024\/03\/Talkpal-Logo-Icon.png\",\"datePublished\":\"2023-12-20T15:42:12+00:00\",\"dateModified\":\"2025-06-19T18:07:47+00:00\",\"description\":\"Saiba como adicionar facilmente c\u00f3digos de cupom no Stripe Checkout. Siga etapas simples para aprimorar a experi\u00eancia de checkout do cliente.\",\"breadcrumb\":{\"@id\":\"https:\/\/talkpal.ai\/pt-br\/instrucoes-para-adicionar-um-codigo-de-cupom-no-checkout-do-stripe\/#breadcrumb\"},\"inLanguage\":\"pt-BR\",\"potentialAction\":[{\"@type\":\"ReadAction\",\"target\":[\"https:\/\/talkpal.ai\/pt-br\/instrucoes-para-adicionar-um-codigo-de-cupom-no-checkout-do-stripe\/\"]}]},{\"@type\":\"ImageObject\",\"inLanguage\":\"pt-BR\",\"@id\":\"https:\/\/talkpal.ai\/pt-br\/instrucoes-para-adicionar-um-codigo-de-cupom-no-checkout-do-stripe\/#primaryimage\",\"url\":\"https:\/\/talkpal.ai\/wp-content\/uploads\/2024\/03\/Talkpal-Logo-Icon.png\",\"contentUrl\":\"https:\/\/talkpal.ai\/wp-content\/uploads\/2024\/03\/Talkpal-Logo-Icon.png\",\"width\":5000,\"height\":5000,\"caption\":\"Logo do Talkpal sem marca de palavra\"},{\"@type\":\"BreadcrumbList\",\"@id\":\"https:\/\/talkpal.ai\/pt-br\/instrucoes-para-adicionar-um-codigo-de-cupom-no-checkout-do-stripe\/#breadcrumb\",\"itemListElement\":[{\"@type\":\"ListItem\",\"position\":1,\"name\":\"Homepage\",\"item\":\"https:\/\/talkpal.ai\/pt-br\/\"},{\"@type\":\"ListItem\",\"position\":2,\"name\":\"Instru\u00e7\u00f5es para adicionar um c\u00f3digo de cupom no checkout do Stripe\"}]},{\"@type\":\"WebSite\",\"@id\":\"https:\/\/talkpal.ai\/pt-br\/#website\",\"url\":\"https:\/\/talkpal.ai\/pt-br\/\",\"name\":\"Talkpal\",\"description\":\"AI Language Learning\",\"publisher\":{\"@id\":\"https:\/\/talkpal.ai\/pt-br\/#organization\"},\"alternateName\":\"Talkpal AI\",\"potentialAction\":[{\"@type\":\"SearchAction\",\"target\":{\"@type\":\"EntryPoint\",\"urlTemplate\":\"https:\/\/talkpal.ai\/pt-br\/?s={search_term_string}\"},\"query-input\":{\"@type\":\"PropertyValueSpecification\",\"valueRequired\":true,\"valueName\":\"search_term_string\"}}],\"inLanguage\":\"pt-BR\"},{\"@type\":\"Organization\",\"@id\":\"https:\/\/talkpal.ai\/pt-br\/#organization\",\"name\":\"Talkpal, Inc.\",\"alternateName\":\"Talkpal AI\",\"url\":\"https:\/\/talkpal.ai\/pt-br\/\",\"logo\":{\"@type\":\"ImageObject\",\"inLanguage\":\"pt-BR\",\"@id\":\"https:\/\/talkpal.ai\/pt-br\/#\/schema\/logo\/image\/\",\"url\":\"https:\/\/talkpal.ai\/wp-content\/uploads\/2024\/03\/Talkpal-Logo-Icon.png\",\"contentUrl\":\"https:\/\/talkpal.ai\/wp-content\/uploads\/2024\/03\/Talkpal-Logo-Icon.png\",\"width\":2880,\"height\":2880,\"caption\":\"Talkpal, Inc.\"},\"image\":{\"@id\":\"https:\/\/talkpal.ai\/pt-br\/#\/schema\/logo\/image\/\"},\"sameAs\":[\"https:\/\/www.facebook.com\/profile.php?id=100090733639311\",\"https:\/\/x.com\/talkpalai\",\"https:\/\/www.linkedin.com\/company\/talkpal\/\",\"https:\/\/www.youtube.com\/@TalkPal\/\",\"https:\/\/www.tiktok.com\/@talkpal\",\"https:\/\/www.instagram.com\/talkpal_ai\/\",\"https:\/\/www.crunchbase.com\/organization\/talkpal-9cde\",\"https:\/\/www.g2.com\/products\/talkpal-for-business\/\",\"https:\/\/www.trustpilot.com\/review\/talkpal.ai\",\"https:\/\/www.capterra.com\/p\/10006800\/TalkPal\/\"],\"description\":\"Talkpal is a language learning web and mobile education app, powered by the latest AI technologies, that provides engaging experiences to its customers in many different languages to help them improve their language skills. Users can chat about unlimited amount of topics with the app and use other modes to practice their language learning.\",\"email\":\"support@talkpal.ai\",\"legalName\":\"Talkpal, Inc.\",\"foundingDate\":\"2023-04-03\",\"duns\":\"118989042\",\"numberOfEmployees\":{\"@type\":\"QuantitativeValue\",\"minValue\":\"11\",\"maxValue\":\"50\"},\"publishingPrinciples\":\"https:\/\/talkpal.ai\/publishing-principles\/\",\"actionableFeedbackPolicy\":\"https:\/\/talkpal.ai\/actionable-feedback-policy\/\",\"correctionsPolicy\":\"https:\/\/talkpal.ai\/corrections-policy\/\",\"ethicsPolicy\":\"https:\/\/talkpal.ai\/ethics-policy\/\",\"diversityPolicy\":\"https:\/\/talkpal.ai\/diversity-policy\/\",\"diversityStaffingReport\":\"https:\/\/talkpal.ai\/diversity-policy\/\"}]}<\/script>\n<!-- \/ Yoast SEO Premium plugin. -->","yoast_head_json":{"title":"Instru\u00e7\u00f5es para adicionar um c\u00f3digo de cupom no checkout do Stripe - Talkpal","description":"Saiba como adicionar facilmente c\u00f3digos de cupom no Stripe Checkout. Siga etapas simples para aprimorar a experi\u00eancia de checkout do cliente.","robots":{"index":"index","follow":"follow","max-snippet":"max-snippet:-1","max-image-preview":"max-image-preview:large","max-video-preview":"max-video-preview:-1"},"canonical":"https:\/\/talkpal.ai\/pt-br\/instrucoes-para-adicionar-um-codigo-de-cupom-no-checkout-do-stripe\/","og_locale":"pt_BR","og_type":"article","og_title":"Instru\u00e7\u00f5es para adicionar um c\u00f3digo de cupom no checkout do Stripe","og_description":"Adicione um c\u00f3digo de cupom e ganhe um desconto. Siga as etapas Etapa 1: Escolha um plano preferencial. Etapa 2: Escolha a op\u00e7\u00e3o para pagar usando um","og_url":"https:\/\/talkpal.ai\/pt-br\/instrucoes-para-adicionar-um-codigo-de-cupom-no-checkout-do-stripe\/","og_site_name":"Talkpal","article_publisher":"https:\/\/www.facebook.com\/profile.php?id=100090733639311","article_modified_time":"2025-06-19T18:07:47+00:00","og_image":[{"width":5000,"height":5000,"url":"https:\/\/talkpal.ai\/wp-content\/uploads\/2024\/03\/Talkpal-Logo-Icon.png","type":"image\/png"}],"twitter_card":"summary_large_image","twitter_site":"@talkpalai","schema":{"@context":"https:\/\/schema.org","@graph":[{"@type":"WebPage","@id":"https:\/\/talkpal.ai\/pt-br\/instrucoes-para-adicionar-um-codigo-de-cupom-no-checkout-do-stripe\/","url":"https:\/\/talkpal.ai\/pt-br\/instrucoes-para-adicionar-um-codigo-de-cupom-no-checkout-do-stripe\/","name":"Instru\u00e7\u00f5es para adicionar um c\u00f3digo de cupom no checkout do Stripe - Talkpal","isPartOf":{"@id":"https:\/\/talkpal.ai\/pt-br\/#website"},"primaryImageOfPage":{"@id":"https:\/\/talkpal.ai\/pt-br\/instrucoes-para-adicionar-um-codigo-de-cupom-no-checkout-do-stripe\/#primaryimage"},"image":{"@id":"https:\/\/talkpal.ai\/pt-br\/instrucoes-para-adicionar-um-codigo-de-cupom-no-checkout-do-stripe\/#primaryimage"},"thumbnailUrl":"https:\/\/talkpal.ai\/wp-content\/uploads\/2024\/03\/Talkpal-Logo-Icon.png","datePublished":"2023-12-20T15:42:12+00:00","dateModified":"2025-06-19T18:07:47+00:00","description":"Saiba como adicionar facilmente c\u00f3digos de cupom no Stripe Checkout. Siga etapas simples para aprimorar a experi\u00eancia de checkout do cliente.","breadcrumb":{"@id":"https:\/\/talkpal.ai\/pt-br\/instrucoes-para-adicionar-um-codigo-de-cupom-no-checkout-do-stripe\/#breadcrumb"},"inLanguage":"pt-BR","potentialAction":[{"@type":"ReadAction","target":["https:\/\/talkpal.ai\/pt-br\/instrucoes-para-adicionar-um-codigo-de-cupom-no-checkout-do-stripe\/"]}]},{"@type":"ImageObject","inLanguage":"pt-BR","@id":"https:\/\/talkpal.ai\/pt-br\/instrucoes-para-adicionar-um-codigo-de-cupom-no-checkout-do-stripe\/#primaryimage","url":"https:\/\/talkpal.ai\/wp-content\/uploads\/2024\/03\/Talkpal-Logo-Icon.png","contentUrl":"https:\/\/talkpal.ai\/wp-content\/uploads\/2024\/03\/Talkpal-Logo-Icon.png","width":5000,"height":5000,"caption":"Logo do Talkpal sem marca de palavra"},{"@type":"BreadcrumbList","@id":"https:\/\/talkpal.ai\/pt-br\/instrucoes-para-adicionar-um-codigo-de-cupom-no-checkout-do-stripe\/#breadcrumb","itemListElement":[{"@type":"ListItem","position":1,"name":"Homepage","item":"https:\/\/talkpal.ai\/pt-br\/"},{"@type":"ListItem","position":2,"name":"Instru\u00e7\u00f5es para adicionar um c\u00f3digo de cupom no checkout do Stripe"}]},{"@type":"WebSite","@id":"https:\/\/talkpal.ai\/pt-br\/#website","url":"https:\/\/talkpal.ai\/pt-br\/","name":"Talkpal","description":"AI Language Learning","publisher":{"@id":"https:\/\/talkpal.ai\/pt-br\/#organization"},"alternateName":"Talkpal AI","potentialAction":[{"@type":"SearchAction","target":{"@type":"EntryPoint","urlTemplate":"https:\/\/talkpal.ai\/pt-br\/?s={search_term_string}"},"query-input":{"@type":"PropertyValueSpecification","valueRequired":true,"valueName":"search_term_string"}}],"inLanguage":"pt-BR"},{"@type":"Organization","@id":"https:\/\/talkpal.ai\/pt-br\/#organization","name":"Talkpal, Inc.","alternateName":"Talkpal AI","url":"https:\/\/talkpal.ai\/pt-br\/","logo":{"@type":"ImageObject","inLanguage":"pt-BR","@id":"https:\/\/talkpal.ai\/pt-br\/#\/schema\/logo\/image\/","url":"https:\/\/talkpal.ai\/wp-content\/uploads\/2024\/03\/Talkpal-Logo-Icon.png","contentUrl":"https:\/\/talkpal.ai\/wp-content\/uploads\/2024\/03\/Talkpal-Logo-Icon.png","width":2880,"height":2880,"caption":"Talkpal, Inc."},"image":{"@id":"https:\/\/talkpal.ai\/pt-br\/#\/schema\/logo\/image\/"},"sameAs":["https:\/\/www.facebook.com\/profile.php?id=100090733639311","https:\/\/x.com\/talkpalai","https:\/\/www.linkedin.com\/company\/talkpal\/","https:\/\/www.youtube.com\/@TalkPal\/","https:\/\/www.tiktok.com\/@talkpal","https:\/\/www.instagram.com\/talkpal_ai\/","https:\/\/www.crunchbase.com\/organization\/talkpal-9cde","https:\/\/www.g2.com\/products\/talkpal-for-business\/","https:\/\/www.trustpilot.com\/review\/talkpal.ai","https:\/\/www.capterra.com\/p\/10006800\/TalkPal\/"],"description":"Talkpal is a language learning web and mobile education app, powered by the latest AI technologies, that provides engaging experiences to its customers in many different languages to help them improve their language skills. Users can chat about unlimited amount of topics with the app and use other modes to practice their language learning.","email":"support@talkpal.ai","legalName":"Talkpal, Inc.","foundingDate":"2023-04-03","duns":"118989042","numberOfEmployees":{"@type":"QuantitativeValue","minValue":"11","maxValue":"50"},"publishingPrinciples":"https:\/\/talkpal.ai\/publishing-principles\/","actionableFeedbackPolicy":"https:\/\/talkpal.ai\/actionable-feedback-policy\/","correctionsPolicy":"https:\/\/talkpal.ai\/corrections-policy\/","ethicsPolicy":"https:\/\/talkpal.ai\/ethics-policy\/","diversityPolicy":"https:\/\/talkpal.ai\/diversity-policy\/","diversityStaffingReport":"https:\/\/talkpal.ai\/diversity-policy\/"}]}},"_links":{"self":[{"href":"https:\/\/talkpal.ai\/pt-br\/wp-json\/wp\/v2\/pages\/994685","targetHints":{"allow":["GET"]}}],"collection":[{"href":"https:\/\/talkpal.ai\/pt-br\/wp-json\/wp\/v2\/pages"}],"about":[{"href":"https:\/\/talkpal.ai\/pt-br\/wp-json\/wp\/v2\/types\/page"}],"author":[{"embeddable":true,"href":"https:\/\/talkpal.ai\/pt-br\/wp-json\/wp\/v2\/users\/6"}],"replies":[{"embeddable":true,"href":"https:\/\/talkpal.ai\/pt-br\/wp-json\/wp\/v2\/comments?post=994685"}],"version-history":[{"count":0,"href":"https:\/\/talkpal.ai\/pt-br\/wp-json\/wp\/v2\/pages\/994685\/revisions"}],"wp:featuredmedia":[{"embeddable":true,"href":"https:\/\/talkpal.ai\/pt-br\/wp-json\/wp\/v2\/media\/197974"}],"wp:attachment":[{"href":"https:\/\/talkpal.ai\/pt-br\/wp-json\/wp\/v2\/media?parent=994685"}],"curies":[{"name":"wp","href":"https:\/\/api.w.org\/{rel}","templated":true}]}}