{"id":92281,"date":"2023-12-06T14:21:16","date_gmt":"2023-12-06T14:21:16","guid":{"rendered":"http:\/\/talkpal.ai\/certificados-de-linguas\/"},"modified":"2026-01-07T14:19:21","modified_gmt":"2026-01-07T14:19:21","slug":"certificados-de-linguas","status":"publish","type":"page","link":"https:\/\/talkpal.ai\/pt-br\/certificados-de-linguas\/","title":{"rendered":"Certificados de idiomas"},"content":{"rendered":"\r\n\r\n\r\n<section class=\"languageChallengeSection\">\r\n    <div class=\"languageInfoWrapper\">\r\n        \r\n        <h1>Certificados de idiomas<\/h1>\r\n        <p>As certifica\u00e7\u00f5es de idiomas, reconhecidas mundialmente, melhoram muito a jornada pessoal, profissional e acad\u00eamica de uma pessoa. Eles atuam como prova proeminente de capacidade, abrindo portas para o emprego, a educa\u00e7\u00e3o e a compreens\u00e3o cultural.\n\nEm mercados de trabalho competitivos, certifica\u00e7\u00f5es como TOEFL (ingl\u00eas), DSH (alem\u00e3o), DELF (franc\u00eas) ou DELE (espanhol) podem oferecer uma vantagem distinta. Essas certifica\u00e7\u00f5es atestam habilidades lingu\u00edsticas, atraindo empregadores em v\u00e1rios setores, como neg\u00f3cios, sa\u00fade e turismo. Explore e descubra v\u00e1rias certifica\u00e7\u00f5es de idiomas e saiba como o Talkpal pode ajud\u00e1-lo a se preparar para elas.<\/p>\r\n\r\n                            <a class=\"getStartedHidden\" href=\"https:\/\/app.talkpal.ai\/pt-br\/signup?lng=\">Come\u00e7a<\/a>\r\n        \r\n    <\/div>\r\n\r\n    <figure>\r\n    <img decoding=\"async\" width=\"768\" height=\"768\" src=\"https:\/\/talkpal.ai\/wp-content\/uploads\/2026\/01\/curly-girl-with-phone-yellow-background-768x768.webp\" class=\"languageImage no-lazy\" alt=\"Default alt text\" fetchpriority=\"high\" sizes=\"(max-width: 768px) 150px, 768px\" srcset=\"https:\/\/talkpal.ai\/wp-content\/uploads\/2026\/01\/curly-girl-with-phone-yellow-background-768x768.webp 768w, https:\/\/talkpal.ai\/wp-content\/uploads\/2026\/01\/curly-girl-with-phone-yellow-background-300x300.webp 300w\" \/>\r\n    \r\n\r\n    <\/figure>\r\n\r\n            <a class=\"getStartedVisible\" href=\"https:\/\/app.talkpal.ai\/pt-br\/signup?lng=\">Come\u00e7a<\/a>\r\n    \r\n<\/section>\n<div class=\"wp-block-group pageContainerStyle\"><div class=\"wp-block-group__inner-container is-layout-constrained wp-block-group-is-layout-constrained\">\n<h2 class=\"wp-block-heading\" id=\"h-language-certificates\">Certificados de idiomas<\/h2>\n\n\n\r\n                    <div class=\"methodWraper\">\r\n            <div class=\"methodContent\">\r\n                <img decoding=\"async\" src=\"https:\/\/talkpal.ai\/wp-content\/uploads\/2025\/05\/check_icon.png\" alt=\"Checkmark Icon\">\r\n                <h3>Ingl\u00eas:<\/h3>\r\n            <\/div>\r\n            <p>&#8211; IELTS (Sistema Internacional de Teste de L\u00edngua Inglesa)\n&#8211; TOEFL (Teste de Ingl\u00eas como L\u00edngua Estrangeira)\n&#8211; Exames de ingl\u00eas de Cambridge\n&#8211; PTE (Pearson Test of English) Acad\u00eamico\n&#8211; OET (Teste de Ingl\u00eas Ocupacional)\n&#8211; CELPIP (Programa de \u00cdndice de Profici\u00eancia no Idioma Ingl\u00eas Canadense)<\/p>\r\n        <\/div>\r\n                    <div class=\"methodWraper\">\r\n            <div class=\"methodContent\">\r\n                <img decoding=\"async\" src=\"https:\/\/talkpal.ai\/wp-content\/uploads\/2025\/05\/check_icon.png\" alt=\"Checkmark Icon\">\r\n                <h3>Espanhol:<\/h3>\r\n            <\/div>\r\n            <p>&#8211; DELE (Diplomas de Espa\u00f1ol como Lengua Extranjera)\n&#8211; SIELE (Servi\u00e7o Internacional de Avalia\u00e7\u00e3o da L\u00edngua Espanhola)\n&#8211; CELU (Certificado de Espanhol: L\u00edngua e Uso)<\/p>\r\n        <\/div>\r\n                    <div class=\"methodWraper\">\r\n            <div class=\"methodContent\">\r\n                <img decoding=\"async\" src=\"https:\/\/talkpal.ai\/wp-content\/uploads\/2025\/05\/check_icon.png\" alt=\"Checkmark Icon\">\r\n                <h3>Alem\u00e3o:<\/h3>\r\n            <\/div>\r\n            <p>&#8211; TestDaF (Test Deutsch als Fremdsprache) Certificado Goethe\n&#8211; DSH (Deutsche Sprachpr\u00fcfung f\u00fcr den Hochschulzugang)\n&#8211; \u00d6SD (\u00d6sterreichisches Sprachdiplom Deutsch)\n&#8211; telc (The European Language Certificates)<\/p>\r\n        <\/div>\r\n                    <div class=\"methodWraper\">\r\n            <div class=\"methodContent\">\r\n                <img decoding=\"async\" src=\"https:\/\/talkpal.ai\/wp-content\/uploads\/2025\/05\/check_icon.png\" alt=\"Checkmark Icon\">\r\n                <h3>Franc\u00eas:<\/h3>\r\n            <\/div>\r\n            <p>&#8211; DELF\/DALF (Diploma de Estudos em L\u00edngua Francesa)\n&#8211; TEF (Test d&#039;Evaluation de Fran\u00e7ais)\n&#8211; TCF (Test de Connaissance du Fran\u00e7ais)\n&#8211; TEFAQ (Test d&#039;Evaluation de Fran\u00e7ais adapt\u00e9 au Qu\u00e9bec)<\/p>\r\n        <\/div>\r\n    <\/div><\/div>\n","protected":false},"excerpt":{"rendered":"<p>Certificados de idiomas<\/p>\n","protected":false},"author":8,"featured_media":197974,"parent":0,"menu_order":0,"comment_status":"closed","ping_status":"closed","template":"LearningContentPage.php","meta":{"_acf_changed":false,"footnotes":""},"class_list":["post-92281","page","type-page","status-publish","has-post-thumbnail","hentry"],"acf":[],"yoast_head":"<!-- This site is optimized with the Yoast SEO Premium plugin v27.2 (Yoast SEO v27.2) - https:\/\/yoast.com\/product\/yoast-seo-premium-wordpress\/ -->\n<title>Certificados de idiomas - Talkpal<\/title>\n<meta name=\"description\" content=\"Avance em sua carreira com certificados de idiomas reconhecidos - valide habilidades, aumente a credibilidade e desbloqueie oportunidades globais\" \/>\n<meta name=\"robots\" content=\"index, follow, max-snippet:-1, max-image-preview:large, max-video-preview:-1\" \/>\n<link rel=\"canonical\" href=\"https:\/\/talkpal.ai\/pt-br\/certificados-de-linguas\/\" \/>\n<meta property=\"og:locale\" content=\"pt_BR\" \/>\n<meta property=\"og:type\" content=\"article\" \/>\n<meta property=\"og:title\" content=\"Certificados de idiomas\" \/>\n<meta property=\"og:description\" content=\"Certificados de idiomas\" \/>\n<meta property=\"og:url\" content=\"https:\/\/talkpal.ai\/pt-br\/certificados-de-linguas\/\" \/>\n<meta property=\"og:site_name\" content=\"Talkpal\" \/>\n<meta property=\"article:publisher\" content=\"https:\/\/www.facebook.com\/profile.php?id=100090733639311\" \/>\n<meta property=\"article:modified_time\" content=\"2026-01-07T14:19:21+00:00\" \/>\n<meta property=\"og:image\" content=\"https:\/\/talkpal.ai\/wp-content\/uploads\/2024\/03\/Talkpal-Logo-Icon.png\" \/>\n\t<meta property=\"og:image:width\" content=\"5000\" \/>\n\t<meta property=\"og:image:height\" content=\"5000\" \/>\n\t<meta property=\"og:image:type\" content=\"image\/png\" \/>\n<meta name=\"twitter:card\" content=\"summary_large_image\" \/>\n<meta name=\"twitter:site\" content=\"@talkpalai\" \/>\n<script type=\"application\/ld+json\" class=\"yoast-schema-graph\">{\"@context\":\"https:\/\/schema.org\",\"@graph\":[{\"@type\":\"WebPage\",\"@id\":\"https:\/\/talkpal.ai\/pt-br\/certificados-de-linguas\/\",\"url\":\"https:\/\/talkpal.ai\/pt-br\/certificados-de-linguas\/\",\"name\":\"Certificados de idiomas - Talkpal\",\"isPartOf\":{\"@id\":\"https:\/\/talkpal.ai\/pt-br\/#website\"},\"primaryImageOfPage\":{\"@id\":\"https:\/\/talkpal.ai\/pt-br\/certificados-de-linguas\/#primaryimage\"},\"image\":{\"@id\":\"https:\/\/talkpal.ai\/pt-br\/certificados-de-linguas\/#primaryimage\"},\"thumbnailUrl\":\"https:\/\/talkpal.ai\/wp-content\/uploads\/2024\/03\/Talkpal-Logo-Icon.png\",\"datePublished\":\"2023-12-06T14:21:16+00:00\",\"dateModified\":\"2026-01-07T14:19:21+00:00\",\"description\":\"Avance em sua carreira com certificados de idiomas reconhecidos - valide habilidades, aumente a credibilidade e desbloqueie oportunidades globais\",\"breadcrumb\":{\"@id\":\"https:\/\/talkpal.ai\/pt-br\/certificados-de-linguas\/#breadcrumb\"},\"inLanguage\":\"pt-BR\",\"potentialAction\":[{\"@type\":\"ReadAction\",\"target\":[\"https:\/\/talkpal.ai\/pt-br\/certificados-de-linguas\/\"]}]},{\"@type\":\"ImageObject\",\"inLanguage\":\"pt-BR\",\"@id\":\"https:\/\/talkpal.ai\/pt-br\/certificados-de-linguas\/#primaryimage\",\"url\":\"https:\/\/talkpal.ai\/wp-content\/uploads\/2024\/03\/Talkpal-Logo-Icon.png\",\"contentUrl\":\"https:\/\/talkpal.ai\/wp-content\/uploads\/2024\/03\/Talkpal-Logo-Icon.png\",\"width\":5000,\"height\":5000,\"caption\":\"Logo do Talkpal sem marca de palavra\"},{\"@type\":\"BreadcrumbList\",\"@id\":\"https:\/\/talkpal.ai\/pt-br\/certificados-de-linguas\/#breadcrumb\",\"itemListElement\":[{\"@type\":\"ListItem\",\"position\":1,\"name\":\"Homepage\",\"item\":\"https:\/\/talkpal.ai\/pt-br\/\"},{\"@type\":\"ListItem\",\"position\":2,\"name\":\"Certificados de idiomas\"}]},{\"@type\":\"WebSite\",\"@id\":\"https:\/\/talkpal.ai\/pt-br\/#website\",\"url\":\"https:\/\/talkpal.ai\/pt-br\/\",\"name\":\"Talkpal\",\"description\":\"AI Language Learning\",\"publisher\":{\"@id\":\"https:\/\/talkpal.ai\/pt-br\/#organization\"},\"alternateName\":\"Talkpal AI\",\"potentialAction\":[{\"@type\":\"SearchAction\",\"target\":{\"@type\":\"EntryPoint\",\"urlTemplate\":\"https:\/\/talkpal.ai\/pt-br\/?s={search_term_string}\"},\"query-input\":{\"@type\":\"PropertyValueSpecification\",\"valueRequired\":true,\"valueName\":\"search_term_string\"}}],\"inLanguage\":\"pt-BR\"},{\"@type\":\"Organization\",\"@id\":\"https:\/\/talkpal.ai\/pt-br\/#organization\",\"name\":\"Talkpal, Inc.\",\"alternateName\":\"Talkpal AI\",\"url\":\"https:\/\/talkpal.ai\/pt-br\/\",\"logo\":{\"@type\":\"ImageObject\",\"inLanguage\":\"pt-BR\",\"@id\":\"https:\/\/talkpal.ai\/pt-br\/#\/schema\/logo\/image\/\",\"url\":\"https:\/\/talkpal.ai\/wp-content\/uploads\/2024\/03\/Talkpal-Logo-Icon.png\",\"contentUrl\":\"https:\/\/talkpal.ai\/wp-content\/uploads\/2024\/03\/Talkpal-Logo-Icon.png\",\"width\":2880,\"height\":2880,\"caption\":\"Talkpal, Inc.\"},\"image\":{\"@id\":\"https:\/\/talkpal.ai\/pt-br\/#\/schema\/logo\/image\/\"},\"sameAs\":[\"https:\/\/www.facebook.com\/profile.php?id=100090733639311\",\"https:\/\/x.com\/talkpalai\",\"https:\/\/www.linkedin.com\/company\/talkpal\/\",\"https:\/\/www.youtube.com\/@TalkPal\/\",\"https:\/\/www.tiktok.com\/@talkpal\",\"https:\/\/www.instagram.com\/talkpal_ai\/\",\"https:\/\/www.crunchbase.com\/organization\/talkpal-9cde\",\"https:\/\/www.g2.com\/products\/talkpal-for-business\/\",\"https:\/\/www.trustpilot.com\/review\/talkpal.ai\",\"https:\/\/www.capterra.com\/p\/10006800\/TalkPal\/\"],\"description\":\"Talkpal is a language learning web and mobile education app, powered by the latest AI technologies, that provides engaging experiences to its customers in many different languages to help them improve their language skills. Users can chat about unlimited amount of topics with the app and use other modes to practice their language learning.\",\"email\":\"support@talkpal.ai\",\"legalName\":\"Talkpal, Inc.\",\"foundingDate\":\"2023-04-03\",\"duns\":\"118989042\",\"numberOfEmployees\":{\"@type\":\"QuantitativeValue\",\"minValue\":\"11\",\"maxValue\":\"50\"},\"publishingPrinciples\":\"https:\/\/talkpal.ai\/publishing-principles\/\",\"actionableFeedbackPolicy\":\"https:\/\/talkpal.ai\/actionable-feedback-policy\/\",\"correctionsPolicy\":\"https:\/\/talkpal.ai\/corrections-policy\/\",\"ethicsPolicy\":\"https:\/\/talkpal.ai\/ethics-policy\/\",\"diversityPolicy\":\"https:\/\/talkpal.ai\/diversity-policy\/\",\"diversityStaffingReport\":\"https:\/\/talkpal.ai\/diversity-policy\/\"}]}<\/script>\n<!-- \/ Yoast SEO Premium plugin. -->","yoast_head_json":{"title":"Certificados de idiomas - Talkpal","description":"Avance em sua carreira com certificados de idiomas reconhecidos - valide habilidades, aumente a credibilidade e desbloqueie oportunidades globais","robots":{"index":"index","follow":"follow","max-snippet":"max-snippet:-1","max-image-preview":"max-image-preview:large","max-video-preview":"max-video-preview:-1"},"canonical":"https:\/\/talkpal.ai\/pt-br\/certificados-de-linguas\/","og_locale":"pt_BR","og_type":"article","og_title":"Certificados de idiomas","og_description":"Certificados de idiomas","og_url":"https:\/\/talkpal.ai\/pt-br\/certificados-de-linguas\/","og_site_name":"Talkpal","article_publisher":"https:\/\/www.facebook.com\/profile.php?id=100090733639311","article_modified_time":"2026-01-07T14:19:21+00:00","og_image":[{"width":5000,"height":5000,"url":"https:\/\/talkpal.ai\/wp-content\/uploads\/2024\/03\/Talkpal-Logo-Icon.png","type":"image\/png"}],"twitter_card":"summary_large_image","twitter_site":"@talkpalai","schema":{"@context":"https:\/\/schema.org","@graph":[{"@type":"WebPage","@id":"https:\/\/talkpal.ai\/pt-br\/certificados-de-linguas\/","url":"https:\/\/talkpal.ai\/pt-br\/certificados-de-linguas\/","name":"Certificados de idiomas - Talkpal","isPartOf":{"@id":"https:\/\/talkpal.ai\/pt-br\/#website"},"primaryImageOfPage":{"@id":"https:\/\/talkpal.ai\/pt-br\/certificados-de-linguas\/#primaryimage"},"image":{"@id":"https:\/\/talkpal.ai\/pt-br\/certificados-de-linguas\/#primaryimage"},"thumbnailUrl":"https:\/\/talkpal.ai\/wp-content\/uploads\/2024\/03\/Talkpal-Logo-Icon.png","datePublished":"2023-12-06T14:21:16+00:00","dateModified":"2026-01-07T14:19:21+00:00","description":"Avance em sua carreira com certificados de idiomas reconhecidos - valide habilidades, aumente a credibilidade e desbloqueie oportunidades globais","breadcrumb":{"@id":"https:\/\/talkpal.ai\/pt-br\/certificados-de-linguas\/#breadcrumb"},"inLanguage":"pt-BR","potentialAction":[{"@type":"ReadAction","target":["https:\/\/talkpal.ai\/pt-br\/certificados-de-linguas\/"]}]},{"@type":"ImageObject","inLanguage":"pt-BR","@id":"https:\/\/talkpal.ai\/pt-br\/certificados-de-linguas\/#primaryimage","url":"https:\/\/talkpal.ai\/wp-content\/uploads\/2024\/03\/Talkpal-Logo-Icon.png","contentUrl":"https:\/\/talkpal.ai\/wp-content\/uploads\/2024\/03\/Talkpal-Logo-Icon.png","width":5000,"height":5000,"caption":"Logo do Talkpal sem marca de palavra"},{"@type":"BreadcrumbList","@id":"https:\/\/talkpal.ai\/pt-br\/certificados-de-linguas\/#breadcrumb","itemListElement":[{"@type":"ListItem","position":1,"name":"Homepage","item":"https:\/\/talkpal.ai\/pt-br\/"},{"@type":"ListItem","position":2,"name":"Certificados de idiomas"}]},{"@type":"WebSite","@id":"https:\/\/talkpal.ai\/pt-br\/#website","url":"https:\/\/talkpal.ai\/pt-br\/","name":"Talkpal","description":"AI Language Learning","publisher":{"@id":"https:\/\/talkpal.ai\/pt-br\/#organization"},"alternateName":"Talkpal AI","potentialAction":[{"@type":"SearchAction","target":{"@type":"EntryPoint","urlTemplate":"https:\/\/talkpal.ai\/pt-br\/?s={search_term_string}"},"query-input":{"@type":"PropertyValueSpecification","valueRequired":true,"valueName":"search_term_string"}}],"inLanguage":"pt-BR"},{"@type":"Organization","@id":"https:\/\/talkpal.ai\/pt-br\/#organization","name":"Talkpal, Inc.","alternateName":"Talkpal AI","url":"https:\/\/talkpal.ai\/pt-br\/","logo":{"@type":"ImageObject","inLanguage":"pt-BR","@id":"https:\/\/talkpal.ai\/pt-br\/#\/schema\/logo\/image\/","url":"https:\/\/talkpal.ai\/wp-content\/uploads\/2024\/03\/Talkpal-Logo-Icon.png","contentUrl":"https:\/\/talkpal.ai\/wp-content\/uploads\/2024\/03\/Talkpal-Logo-Icon.png","width":2880,"height":2880,"caption":"Talkpal, Inc."},"image":{"@id":"https:\/\/talkpal.ai\/pt-br\/#\/schema\/logo\/image\/"},"sameAs":["https:\/\/www.facebook.com\/profile.php?id=100090733639311","https:\/\/x.com\/talkpalai","https:\/\/www.linkedin.com\/company\/talkpal\/","https:\/\/www.youtube.com\/@TalkPal\/","https:\/\/www.tiktok.com\/@talkpal","https:\/\/www.instagram.com\/talkpal_ai\/","https:\/\/www.crunchbase.com\/organization\/talkpal-9cde","https:\/\/www.g2.com\/products\/talkpal-for-business\/","https:\/\/www.trustpilot.com\/review\/talkpal.ai","https:\/\/www.capterra.com\/p\/10006800\/TalkPal\/"],"description":"Talkpal is a language learning web and mobile education app, powered by the latest AI technologies, that provides engaging experiences to its customers in many different languages to help them improve their language skills. Users can chat about unlimited amount of topics with the app and use other modes to practice their language learning.","email":"support@talkpal.ai","legalName":"Talkpal, Inc.","foundingDate":"2023-04-03","duns":"118989042","numberOfEmployees":{"@type":"QuantitativeValue","minValue":"11","maxValue":"50"},"publishingPrinciples":"https:\/\/talkpal.ai\/publishing-principles\/","actionableFeedbackPolicy":"https:\/\/talkpal.ai\/actionable-feedback-policy\/","correctionsPolicy":"https:\/\/talkpal.ai\/corrections-policy\/","ethicsPolicy":"https:\/\/talkpal.ai\/ethics-policy\/","diversityPolicy":"https:\/\/talkpal.ai\/diversity-policy\/","diversityStaffingReport":"https:\/\/talkpal.ai\/diversity-policy\/"}]}},"_links":{"self":[{"href":"https:\/\/talkpal.ai\/pt-br\/wp-json\/wp\/v2\/pages\/92281","targetHints":{"allow":["GET"]}}],"collection":[{"href":"https:\/\/talkpal.ai\/pt-br\/wp-json\/wp\/v2\/pages"}],"about":[{"href":"https:\/\/talkpal.ai\/pt-br\/wp-json\/wp\/v2\/types\/page"}],"author":[{"embeddable":true,"href":"https:\/\/talkpal.ai\/pt-br\/wp-json\/wp\/v2\/users\/8"}],"replies":[{"embeddable":true,"href":"https:\/\/talkpal.ai\/pt-br\/wp-json\/wp\/v2\/comments?post=92281"}],"version-history":[{"count":0,"href":"https:\/\/talkpal.ai\/pt-br\/wp-json\/wp\/v2\/pages\/92281\/revisions"}],"wp:featuredmedia":[{"embeddable":true,"href":"https:\/\/talkpal.ai\/pt-br\/wp-json\/wp\/v2\/media\/197974"}],"wp:attachment":[{"href":"https:\/\/talkpal.ai\/pt-br\/wp-json\/wp\/v2\/media?parent=92281"}],"curies":[{"name":"wp","href":"https:\/\/api.w.org\/{rel}","templated":true}]}}