{"id":91826,"date":"2023-03-25T16:57:06","date_gmt":"2023-03-25T16:57:06","guid":{"rendered":"http:\/\/talkpal.ai\/gramatica-inglesa\/"},"modified":"2025-05-22T19:26:30","modified_gmt":"2025-05-22T19:26:30","slug":"gramatica-inglesa","status":"publish","type":"page","link":"https:\/\/talkpal.ai\/pt-br\/gramatica-inglesa\/","title":{"rendered":"Gram\u00e1tica inglesa"},"content":{"rendered":"\r\n\r\n\r\n<section class=\"languageChallengeSection\">\r\n    <div class=\"languageInfoWrapper\">\r\n        \r\n        <h1>Gram\u00e1tica inglesa<\/h1>\r\n        <p>Voc\u00ea est\u00e1 pronto para come\u00e7ar a aprender <a href=\"https:\/\/talkpal.ai\/pt-pt\/locations\/aprenda-ingles-em-passos\/\">ingl\u00eas<\/a>? Com apenas um pouco de gram\u00e1tica e algumas palavras novas, voc\u00ea estar\u00e1 conversando e se conectando com pessoas de todo o mundo em pouco tempo. Mergulhe de cabe\u00e7a e vamos tornar o aprendizado de ingl\u00eas divertido e f\u00e1cil &#8211; sua jornada para a flu\u00eancia come\u00e7a hoje!\n\n<\/p>\r\n\r\n                            <a class=\"getStartedHidden\" href=\"https:\/\/app.talkpal.ai\/pt-br\/signup?lng=\">Come\u00e7a<\/a>\r\n        \r\n    <\/div>\r\n\r\n    <figure>\r\n    <img decoding=\"async\" width=\"768\" height=\"768\" src=\"https:\/\/talkpal.ai\/wp-content\/uploads\/2023\/06\/English-768x768.png\" class=\"languageImage no-lazy\" alt=\"Language learning for improved multitasking\" fetchpriority=\"high\" sizes=\"(max-width: 768px) 150px, 768px\" srcset=\"https:\/\/talkpal.ai\/wp-content\/uploads\/2023\/06\/English-768x768.png 768w, https:\/\/talkpal.ai\/wp-content\/uploads\/2023\/06\/English-300x300.png 300w\" \/>\r\n    \r\n\r\n    <\/figure>\r\n\r\n            <a class=\"getStartedVisible\" href=\"https:\/\/app.talkpal.ai\/pt-br\/signup?lng=\">Come\u00e7a<\/a>\r\n    \r\n<\/section>\r\n<section class=\"promotionalBanner\">\r\n    <p class=\"promotionalText\">A maneira mais eficiente de aprender um idioma<\/p>\r\n    <a class=\"promotionalLink\" href=\"https:\/\/app.talkpal.ai\/pt-br\/signup?lng=\">Experimente o Talkpal gratuitamente<\/a>\r\n<\/section>\n<div class=\"wp-block-group pageContainerStyle\"><div class=\"wp-block-group__inner-container is-layout-constrained wp-block-group-is-layout-constrained\">\n<h2 class=\"wp-block-heading\" id=\"h-the-importance-of-english-grammar-a-guide-to-mastering-the-rules-and-principles\">A Import\u00e2ncia da Gram\u00e1tica Inglesa: Um Guia para Dominar as Regras e Princ\u00edpios<\/h2>\n\n\n\n<p><a href=\"https:\/\/talkpal.ai\/locations\/language-courses-in-como\/\">Como<\/a> o ingl\u00eas \u00e9 um dos idiomas mais falados em todo o mundo, n\u00e3o \u00e9 de surpreender que as pessoas estejam ansiosas para melhorar sua flu\u00eancia e seu dom\u00ednio. Um aspecto crucial do dom\u00ednio da l\u00edngua inglesa \u00e9 entender sua gram\u00e1tica. Mas por que a gram\u00e1tica \u00e9 t\u00e3o importante e <a href=\"https:\/\/talkpal.ai\/locations\/language-courses-in-como\/\">como<\/a> podemos aprend\u00ea-la efetivamente? Neste artigo, abordaremos a import\u00e2ncia da <a href=\"https:\/\/talkpal.ai\/pt-pt\/o-que-ha-de-especial-na-gramatica-inglesa\/\">gram\u00e1tica inglesa<\/a>, discutiremos seus princ\u00edpios fundamentais e compartilharemos algumas dicas \u00fateis para voc\u00ea aprimorar suas habilidades.<\/p>\n\n\n\n<h3 class=\"wp-block-heading\" id=\"h-the-role-of-grammar-in-the-english-language\">O Papel da Gram\u00e1tica na L\u00edngua Inglesa:<\/h3>\n\n\n\n<p>Ent\u00e3o, qual \u00e9 o problema com a gram\u00e1tica? Em ess\u00eancia, a gram\u00e1tica serve como os blocos de constru\u00e7\u00e3o de qualquer idioma &#8211; \u00e9 o conjunto de regras e princ\u00edpios que regem como usamos as palavras para formar frases significativas. Ao aderir a essas regras, podemos garantir uma comunica\u00e7\u00e3o clara e evitar mal-entendidos. Imagine tentar cozinhar uma refei\u00e7\u00e3o sem seguir uma receita \u2013 o resultado final pode ser desagrad\u00e1vel! Da mesma forma, negligenciar a gram\u00e1tica em nossa fala e escrita di\u00e1rias pode levar \u00e0 confus\u00e3o e \u00e0 m\u00e1 interpreta\u00e7\u00e3o.<\/p>\n\n\n\n<h3 class=\"wp-block-heading\" id=\"h-key-principles-of-english-grammar\">Princ\u00edpios Fundamentais da Gram\u00e1tica Inglesa:<\/h3>\n\n\n\n<p>Embora a <a href=\"https:\/\/talkpal.ai\/pt-pt\/o-que-ha-de-especial-na-gramatica-inglesa\/\">gram\u00e1tica inglesa<\/a> englobe uma vasta gama de regras, existem alguns princ\u00edpios fundamentais que voc\u00ea deve estar ciente:<\/p>\n\n\n\n<p><strong>1. Partes da fala:<\/strong> S\u00e3o os pap\u00e9is que as palavras desempenham em uma frase. Dependendo de sua fun\u00e7\u00e3o, as palavras podem ser classificadas como substantivos, pronomes, verbos, adjetivos, adv\u00e9rbios, preposi\u00e7\u00f5es, conjun\u00e7\u00f5es ou interjei\u00e7\u00f5es.<\/p>\n\n\n\n<p><strong>2. Tempos:<\/strong> Os tempos indicam o tempo das a\u00e7\u00f5es ou estados de ser. Eles s\u00e3o categorizados em passado, <a href=\"https:\/\/talkpal.ai\/zh-hans\/grammar_exercises\/presente-%e8%a5%bf%e7%8f%ad%e7%89%99%e8%af%ad%e6%b3%95%e7%bb%83%e4%b9%a0\/\">presente<\/a> e <a href=\"https:\/\/talkpal.ai\/ja\/grammar_exercises\/futuro-%e3%82%b9%e3%83%9a%e3%82%a4%e3%83%b3%e8%aa%9e%e3%81%ae%e6%96%87%e6%b3%95%e3%81%ae%e6%bc%94%e7%bf%92\/\">futuro<\/a>, sendo que cada tempo verbal tem quatro aspectos: simples, progressivo, perfeito e progressivo perfeito.<\/p>\n\n\n\n<p><strong>3. Concord\u00e2ncia sujeito-verbo:<\/strong> Essencialmente, o sujeito (substantivo ou pronome) e o verbo em uma ora\u00e7\u00e3o devem concordar em n\u00famero \u2013 singular ou plural. Por exemplo, &#8220;She reads a book&#8221; e &#8220;They read books&#8221; s\u00e3o gramaticalmente corretos.<\/p>\n\n\n\n<p><strong>4. Estrutura frasal:<\/strong> Uma ora\u00e7\u00e3o bem estruturada consiste <a href=\"https:\/\/talkpal.ai\/culture\/how-do-i-combine-em-and-um-to-form-num\/\">em um<\/a> sujeito, verbo e, muitas vezes, um objeto. As senten\u00e7as podem ser simples (uma cl\u00e1usula independente), compostas (duas ou mais ora\u00e7\u00f5es independentes) ou complexas (uma cl\u00e1usula independente e uma ou mais ora\u00e7\u00f5es dependentes).<\/p>\n\n\n\n<p><strong>5. Pontua\u00e7\u00e3o: Sinais de pontua\u00e7\u00e3o<\/strong> , como v\u00edrgulas, pontos e ponto-e-v\u00edrgula, s\u00e3o fundamentais para organizar e esclarecer a linguagem escrita. A pontua\u00e7\u00e3o adequada garante que suas ideias sejam transmitidas com precis\u00e3o e coer\u00eancia.<\/p>\n\n\n\n<h3 class=\"wp-block-heading\" id=\"h-tips-to-improve-your-english-grammar\">Dicas para melhorar sua gram\u00e1tica inglesa:<\/h3>\n\n\n\n<p>Agora que j\u00e1 discutimos os fundamentos da gram\u00e1tica inglesa, vamos explorar algumas maneiras eficazes de aprimorar suas habilidades:<\/p>\n\n\n\n<p><strong>1. Leia regularmente:<\/strong> A leitura \u00e9 uma excelente maneira de internalizar a gram\u00e1tica adequada. Quanto mais voc\u00ea se expuser a artigos, livros ou ensaios bem escritos, <a href=\"https:\/\/talkpal.ai\/es\/la-mejor-aplicacion-de-conversacion-con-ia\/\">melhor<\/a> compreender\u00e1 as regras e estruturas.<\/p>\n\n\n\n<p><strong>2. Pratique a escrita:<\/strong> Escrever regularmente permite que voc\u00ea aplique seus conhecimentos gramaticais e identifique \u00e1reas onde voc\u00ea precisa melhorar. Considere manter um di\u00e1rio ou iniciar um blog para desenvolver suas habilidades de escrita.<\/p>\n\n\n\n<p><strong>3. Estude recursos gramaticais:<\/strong> coloque as m\u00e3os em alguns livros, sites ou aplicativos de gram\u00e1tica respeit\u00e1veis para aprofundar sua compreens\u00e3o das regras. Revisar regularmente esses materiais ajudar\u00e1 a solidificar seu conhecimento.<\/p>\n\n\n\n<p><strong>4. Busque feedback:<\/strong> envolva-se com outras pessoas para receber cr\u00edticas construtivas sobre seu ingl\u00eas escrito e falado. Isso pode ser por meio de f\u00f3runs on-line, grupos de interc\u00e2mbio de idiomas ou amigos e colegas que s\u00e3o proficientes em ingl\u00eas.<\/p>\n\n\n\n<p><strong>5. Seja paciente e persistente:<\/strong> Aprender gram\u00e1tica \u00e9 um processo gradual que requer tempo e esfor\u00e7o. Mantenha-se comprometido, continue praticando e comemore seu progresso.<\/p>\n\n\n\n<h3 class=\"wp-block-heading\" id=\"h-conclusion\">Conclus\u00e3o:<\/h3>\n\n\n\n<p>Dominar a gram\u00e1tica inglesa \u00e9 um trampolim essencial no caminho para a flu\u00eancia. Ao compreender sua import\u00e2ncia, familiarizar-se com os princ\u00edpios fundamentais e praticar ativamente, voc\u00ea logo desenvolver\u00e1 um forte dom\u00ednio do idioma. Lembre-se de que Roma n\u00e3o foi constru\u00edda em um dia &#8211; portanto, seja paciente, divirta-se e aproveite a jornada rumo a uma gram\u00e1tica impec\u00e1vel!<\/p>\n<\/div><\/div>\n\r\n<section class=\"learnNavigationSection\">\r\n            \r\n        <a href=\"https:\/\/talkpal.ai\/pt-br\/aprender-ingles\/\">\r\n            <div class=\"learnNavigationWrapper\">\r\n                <div class=\"learnNavigationContent\">\r\n                    <img decoding=\"async\" src=\"https:\/\/talkpal.ai\/wp-content\/uploads\/2024\/08\/English.jpg\" alt=\"English Flag\">\r\n                    <div>\r\n                        <h4>Sobre o aprendizado de ingl\u00eas<\/h4>\r\n                        <p>Saiba tudo sobre a gram\u00e1tica inglesa.<\/p>\r\n                    <\/div>\r\n                <\/div>\r\n            <\/div>\r\n        <\/a>\r\n\r\n        \r\n        <a href=\"https:\/\/talkpal.ai\/pt-br\/exercicios-de-gramatica-inglesa\/\">\r\n            <div class=\"learnNavigationWrapper\">\r\n                <div class=\"learnNavigationContent\">\r\n                    <img decoding=\"async\" src=\"https:\/\/talkpal.ai\/wp-content\/uploads\/2024\/08\/English.jpg\" alt=\"English Flag\">\r\n                    <div>\r\n                        <h4>Exerc\u00edcios de gram\u00e1tica inglesa<\/h4>\r\n                        <p>Praticar a gram\u00e1tica inglesa gram\u00e1tica.<\/p>\r\n                    <\/div>\r\n                <\/div>\r\n            <\/div>\r\n        <\/a>\r\n\r\n        \r\n        <a href=\"https:\/\/talkpal.ai\/vocabulary_language\/english\/\">\r\n            <div class=\"learnNavigationWrapper\">\r\n                <div class=\"learnNavigationContent\">\r\n                    <img decoding=\"async\" src=\"https:\/\/talkpal.ai\/wp-content\/uploads\/2024\/08\/English.jpg\" alt=\"English Flag\">\r\n                    <div>\r\n                        <h4>Vocabul\u00e1rio em ingl\u00eas<\/h4>\r\n                        <p>Amplie seu vocabul\u00e1rio de ingl\u00eas.<\/p>\r\n                    <\/div>\r\n                <\/div>\r\n            <\/div>\r\n        <\/a>\r\n\r\n            <\/section>","protected":false},"excerpt":{"rendered":"<p>A Import\u00e2ncia da Gram\u00e1tica Inglesa: Um Guia para Dominar as Regras e Princ\u00edpios Como o ingl\u00eas \u00e9 um dos idiomas mais falados em todo o mundo, n\u00e3o \u00e9 de surpreender que as pessoas estejam ansiosas para melhorar sua flu\u00eancia e seu dom\u00ednio. Um aspecto crucial do dom\u00ednio da l\u00edngua inglesa \u00e9 entender sua gram\u00e1tica. Mas [&hellip;]<\/p>\n","protected":false},"author":1,"featured_media":70749,"parent":0,"menu_order":0,"comment_status":"closed","ping_status":"closed","template":"LearningContentPage.php","meta":{"_acf_changed":false,"footnotes":""},"class_list":["post-91826","page","type-page","status-publish","has-post-thumbnail","hentry"],"acf":[],"yoast_head":"<!-- This site is optimized with the Yoast SEO Premium plugin v27.2 (Yoast SEO v27.2) - https:\/\/yoast.com\/product\/yoast-seo-premium-wordpress\/ -->\n<title>Gram\u00e1tica inglesa - Talkpal<\/title>\n<meta name=\"description\" content=\"Melhore suas habilidades gramaticais em ingl\u00eas sem esfor\u00e7o com o aplicativo de aprendizado de idiomas com IA da Talkpalcom o aplicativo de aprendizado de idiomas baseado em IA.\" \/>\n<meta name=\"robots\" content=\"index, follow, max-snippet:-1, max-image-preview:large, max-video-preview:-1\" \/>\n<link rel=\"canonical\" href=\"https:\/\/talkpal.ai\/pt-br\/gramatica-inglesa\/\" \/>\n<meta property=\"og:locale\" content=\"pt_BR\" \/>\n<meta property=\"og:type\" content=\"article\" \/>\n<meta property=\"og:title\" content=\"Gram\u00e1tica inglesa\" \/>\n<meta property=\"og:description\" content=\"A Import\u00e2ncia da Gram\u00e1tica Inglesa: Um Guia para Dominar as Regras e Princ\u00edpios Como o ingl\u00eas \u00e9 um dos idiomas mais falados em todo o mundo, n\u00e3o \u00e9 de\" \/>\n<meta property=\"og:url\" content=\"https:\/\/talkpal.ai\/pt-br\/gramatica-inglesa\/\" \/>\n<meta property=\"og:site_name\" content=\"Talkpal\" \/>\n<meta property=\"article:publisher\" content=\"https:\/\/www.facebook.com\/profile.php?id=100090733639311\" \/>\n<meta property=\"article:modified_time\" content=\"2025-05-22T19:26:30+00:00\" \/>\n<meta property=\"og:image\" content=\"https:\/\/talkpal.ai\/wp-content\/uploads\/2023\/03\/united-kingdom.png\" \/>\n\t<meta property=\"og:image:width\" content=\"512\" \/>\n\t<meta property=\"og:image:height\" content=\"512\" \/>\n\t<meta property=\"og:image:type\" content=\"image\/png\" \/>\n<meta name=\"twitter:card\" content=\"summary_large_image\" \/>\n<meta name=\"twitter:site\" content=\"@talkpalai\" \/>\n<meta name=\"twitter:label1\" content=\"Est. tempo de leitura\" \/>\n\t<meta name=\"twitter:data1\" content=\"3 minutos\" \/>\n<script type=\"application\/ld+json\" class=\"yoast-schema-graph\">{\"@context\":\"https:\/\/schema.org\",\"@graph\":[{\"@type\":\"WebPage\",\"@id\":\"https:\/\/talkpal.ai\/pt-br\/gramatica-inglesa\/\",\"url\":\"https:\/\/talkpal.ai\/pt-br\/gramatica-inglesa\/\",\"name\":\"Gram\u00e1tica inglesa - Talkpal\",\"isPartOf\":{\"@id\":\"https:\/\/talkpal.ai\/pt-br\/#website\"},\"primaryImageOfPage\":{\"@id\":\"https:\/\/talkpal.ai\/pt-br\/gramatica-inglesa\/#primaryimage\"},\"image\":{\"@id\":\"https:\/\/talkpal.ai\/pt-br\/gramatica-inglesa\/#primaryimage\"},\"thumbnailUrl\":\"https:\/\/talkpal.ai\/wp-content\/uploads\/2023\/03\/united-kingdom.png\",\"datePublished\":\"2023-03-25T16:57:06+00:00\",\"dateModified\":\"2025-05-22T19:26:30+00:00\",\"description\":\"Melhore suas habilidades gramaticais em ingl\u00eas sem esfor\u00e7o com o aplicativo de aprendizado de idiomas com IA da Talkpalcom o aplicativo de aprendizado de idiomas baseado em IA.\",\"breadcrumb\":{\"@id\":\"https:\/\/talkpal.ai\/pt-br\/gramatica-inglesa\/#breadcrumb\"},\"inLanguage\":\"pt-BR\",\"potentialAction\":[{\"@type\":\"ReadAction\",\"target\":[\"https:\/\/talkpal.ai\/pt-br\/gramatica-inglesa\/\"]}]},{\"@type\":\"ImageObject\",\"inLanguage\":\"pt-BR\",\"@id\":\"https:\/\/talkpal.ai\/pt-br\/gramatica-inglesa\/#primaryimage\",\"url\":\"https:\/\/talkpal.ai\/wp-content\/uploads\/2023\/03\/united-kingdom.png\",\"contentUrl\":\"https:\/\/talkpal.ai\/wp-content\/uploads\/2023\/03\/united-kingdom.png\",\"width\":512,\"height\":512,\"caption\":\"Talkpal AI aprende ingl\u00eas\"},{\"@type\":\"BreadcrumbList\",\"@id\":\"https:\/\/talkpal.ai\/pt-br\/gramatica-inglesa\/#breadcrumb\",\"itemListElement\":[{\"@type\":\"ListItem\",\"position\":1,\"name\":\"Homepage\",\"item\":\"https:\/\/talkpal.ai\/pt-br\/\"},{\"@type\":\"ListItem\",\"position\":2,\"name\":\"Gram\u00e1tica inglesa\"}]},{\"@type\":\"WebSite\",\"@id\":\"https:\/\/talkpal.ai\/pt-br\/#website\",\"url\":\"https:\/\/talkpal.ai\/pt-br\/\",\"name\":\"Talkpal\",\"description\":\"AI Language Learning\",\"publisher\":{\"@id\":\"https:\/\/talkpal.ai\/pt-br\/#organization\"},\"alternateName\":\"Talkpal AI\",\"potentialAction\":[{\"@type\":\"SearchAction\",\"target\":{\"@type\":\"EntryPoint\",\"urlTemplate\":\"https:\/\/talkpal.ai\/pt-br\/?s={search_term_string}\"},\"query-input\":{\"@type\":\"PropertyValueSpecification\",\"valueRequired\":true,\"valueName\":\"search_term_string\"}}],\"inLanguage\":\"pt-BR\"},{\"@type\":\"Organization\",\"@id\":\"https:\/\/talkpal.ai\/pt-br\/#organization\",\"name\":\"Talkpal, Inc.\",\"alternateName\":\"Talkpal AI\",\"url\":\"https:\/\/talkpal.ai\/pt-br\/\",\"logo\":{\"@type\":\"ImageObject\",\"inLanguage\":\"pt-BR\",\"@id\":\"https:\/\/talkpal.ai\/pt-br\/#\/schema\/logo\/image\/\",\"url\":\"https:\/\/talkpal.ai\/wp-content\/uploads\/2024\/03\/Talkpal-Logo-Icon.png\",\"contentUrl\":\"https:\/\/talkpal.ai\/wp-content\/uploads\/2024\/03\/Talkpal-Logo-Icon.png\",\"width\":2880,\"height\":2880,\"caption\":\"Talkpal, Inc.\"},\"image\":{\"@id\":\"https:\/\/talkpal.ai\/pt-br\/#\/schema\/logo\/image\/\"},\"sameAs\":[\"https:\/\/www.facebook.com\/profile.php?id=100090733639311\",\"https:\/\/x.com\/talkpalai\",\"https:\/\/www.linkedin.com\/company\/talkpal\/\",\"https:\/\/www.youtube.com\/@TalkPal\/\",\"https:\/\/www.tiktok.com\/@talkpal\",\"https:\/\/www.instagram.com\/talkpal_ai\/\",\"https:\/\/www.crunchbase.com\/organization\/talkpal-9cde\",\"https:\/\/www.g2.com\/products\/talkpal-for-business\/\",\"https:\/\/www.trustpilot.com\/review\/talkpal.ai\",\"https:\/\/www.capterra.com\/p\/10006800\/TalkPal\/\"],\"description\":\"Talkpal is a language learning web and mobile education app, powered by the latest AI technologies, that provides engaging experiences to its customers in many different languages to help them improve their language skills. Users can chat about unlimited amount of topics with the app and use other modes to practice their language learning.\",\"email\":\"support@talkpal.ai\",\"legalName\":\"Talkpal, Inc.\",\"foundingDate\":\"2023-04-03\",\"duns\":\"118989042\",\"numberOfEmployees\":{\"@type\":\"QuantitativeValue\",\"minValue\":\"11\",\"maxValue\":\"50\"},\"publishingPrinciples\":\"https:\/\/talkpal.ai\/publishing-principles\/\",\"actionableFeedbackPolicy\":\"https:\/\/talkpal.ai\/actionable-feedback-policy\/\",\"correctionsPolicy\":\"https:\/\/talkpal.ai\/corrections-policy\/\",\"ethicsPolicy\":\"https:\/\/talkpal.ai\/ethics-policy\/\",\"diversityPolicy\":\"https:\/\/talkpal.ai\/diversity-policy\/\",\"diversityStaffingReport\":\"https:\/\/talkpal.ai\/diversity-policy\/\"}]}<\/script>\n<!-- \/ Yoast SEO Premium plugin. -->","yoast_head_json":{"title":"Gram\u00e1tica inglesa - Talkpal","description":"Melhore suas habilidades gramaticais em ingl\u00eas sem esfor\u00e7o com o aplicativo de aprendizado de idiomas com IA da Talkpalcom o aplicativo de aprendizado de idiomas baseado em IA.","robots":{"index":"index","follow":"follow","max-snippet":"max-snippet:-1","max-image-preview":"max-image-preview:large","max-video-preview":"max-video-preview:-1"},"canonical":"https:\/\/talkpal.ai\/pt-br\/gramatica-inglesa\/","og_locale":"pt_BR","og_type":"article","og_title":"Gram\u00e1tica inglesa","og_description":"A Import\u00e2ncia da Gram\u00e1tica Inglesa: Um Guia para Dominar as Regras e Princ\u00edpios Como o ingl\u00eas \u00e9 um dos idiomas mais falados em todo o mundo, n\u00e3o \u00e9 de","og_url":"https:\/\/talkpal.ai\/pt-br\/gramatica-inglesa\/","og_site_name":"Talkpal","article_publisher":"https:\/\/www.facebook.com\/profile.php?id=100090733639311","article_modified_time":"2025-05-22T19:26:30+00:00","og_image":[{"width":512,"height":512,"url":"https:\/\/talkpal.ai\/wp-content\/uploads\/2023\/03\/united-kingdom.png","type":"image\/png"}],"twitter_card":"summary_large_image","twitter_site":"@talkpalai","twitter_misc":{"Est. tempo de leitura":"3 minutos"},"schema":{"@context":"https:\/\/schema.org","@graph":[{"@type":"WebPage","@id":"https:\/\/talkpal.ai\/pt-br\/gramatica-inglesa\/","url":"https:\/\/talkpal.ai\/pt-br\/gramatica-inglesa\/","name":"Gram\u00e1tica inglesa - Talkpal","isPartOf":{"@id":"https:\/\/talkpal.ai\/pt-br\/#website"},"primaryImageOfPage":{"@id":"https:\/\/talkpal.ai\/pt-br\/gramatica-inglesa\/#primaryimage"},"image":{"@id":"https:\/\/talkpal.ai\/pt-br\/gramatica-inglesa\/#primaryimage"},"thumbnailUrl":"https:\/\/talkpal.ai\/wp-content\/uploads\/2023\/03\/united-kingdom.png","datePublished":"2023-03-25T16:57:06+00:00","dateModified":"2025-05-22T19:26:30+00:00","description":"Melhore suas habilidades gramaticais em ingl\u00eas sem esfor\u00e7o com o aplicativo de aprendizado de idiomas com IA da Talkpalcom o aplicativo de aprendizado de idiomas baseado em IA.","breadcrumb":{"@id":"https:\/\/talkpal.ai\/pt-br\/gramatica-inglesa\/#breadcrumb"},"inLanguage":"pt-BR","potentialAction":[{"@type":"ReadAction","target":["https:\/\/talkpal.ai\/pt-br\/gramatica-inglesa\/"]}]},{"@type":"ImageObject","inLanguage":"pt-BR","@id":"https:\/\/talkpal.ai\/pt-br\/gramatica-inglesa\/#primaryimage","url":"https:\/\/talkpal.ai\/wp-content\/uploads\/2023\/03\/united-kingdom.png","contentUrl":"https:\/\/talkpal.ai\/wp-content\/uploads\/2023\/03\/united-kingdom.png","width":512,"height":512,"caption":"Talkpal AI aprende ingl\u00eas"},{"@type":"BreadcrumbList","@id":"https:\/\/talkpal.ai\/pt-br\/gramatica-inglesa\/#breadcrumb","itemListElement":[{"@type":"ListItem","position":1,"name":"Homepage","item":"https:\/\/talkpal.ai\/pt-br\/"},{"@type":"ListItem","position":2,"name":"Gram\u00e1tica inglesa"}]},{"@type":"WebSite","@id":"https:\/\/talkpal.ai\/pt-br\/#website","url":"https:\/\/talkpal.ai\/pt-br\/","name":"Talkpal","description":"AI Language Learning","publisher":{"@id":"https:\/\/talkpal.ai\/pt-br\/#organization"},"alternateName":"Talkpal AI","potentialAction":[{"@type":"SearchAction","target":{"@type":"EntryPoint","urlTemplate":"https:\/\/talkpal.ai\/pt-br\/?s={search_term_string}"},"query-input":{"@type":"PropertyValueSpecification","valueRequired":true,"valueName":"search_term_string"}}],"inLanguage":"pt-BR"},{"@type":"Organization","@id":"https:\/\/talkpal.ai\/pt-br\/#organization","name":"Talkpal, Inc.","alternateName":"Talkpal AI","url":"https:\/\/talkpal.ai\/pt-br\/","logo":{"@type":"ImageObject","inLanguage":"pt-BR","@id":"https:\/\/talkpal.ai\/pt-br\/#\/schema\/logo\/image\/","url":"https:\/\/talkpal.ai\/wp-content\/uploads\/2024\/03\/Talkpal-Logo-Icon.png","contentUrl":"https:\/\/talkpal.ai\/wp-content\/uploads\/2024\/03\/Talkpal-Logo-Icon.png","width":2880,"height":2880,"caption":"Talkpal, Inc."},"image":{"@id":"https:\/\/talkpal.ai\/pt-br\/#\/schema\/logo\/image\/"},"sameAs":["https:\/\/www.facebook.com\/profile.php?id=100090733639311","https:\/\/x.com\/talkpalai","https:\/\/www.linkedin.com\/company\/talkpal\/","https:\/\/www.youtube.com\/@TalkPal\/","https:\/\/www.tiktok.com\/@talkpal","https:\/\/www.instagram.com\/talkpal_ai\/","https:\/\/www.crunchbase.com\/organization\/talkpal-9cde","https:\/\/www.g2.com\/products\/talkpal-for-business\/","https:\/\/www.trustpilot.com\/review\/talkpal.ai","https:\/\/www.capterra.com\/p\/10006800\/TalkPal\/"],"description":"Talkpal is a language learning web and mobile education app, powered by the latest AI technologies, that provides engaging experiences to its customers in many different languages to help them improve their language skills. Users can chat about unlimited amount of topics with the app and use other modes to practice their language learning.","email":"support@talkpal.ai","legalName":"Talkpal, Inc.","foundingDate":"2023-04-03","duns":"118989042","numberOfEmployees":{"@type":"QuantitativeValue","minValue":"11","maxValue":"50"},"publishingPrinciples":"https:\/\/talkpal.ai\/publishing-principles\/","actionableFeedbackPolicy":"https:\/\/talkpal.ai\/actionable-feedback-policy\/","correctionsPolicy":"https:\/\/talkpal.ai\/corrections-policy\/","ethicsPolicy":"https:\/\/talkpal.ai\/ethics-policy\/","diversityPolicy":"https:\/\/talkpal.ai\/diversity-policy\/","diversityStaffingReport":"https:\/\/talkpal.ai\/diversity-policy\/"}]}},"_links":{"self":[{"href":"https:\/\/talkpal.ai\/pt-br\/wp-json\/wp\/v2\/pages\/91826","targetHints":{"allow":["GET"]}}],"collection":[{"href":"https:\/\/talkpal.ai\/pt-br\/wp-json\/wp\/v2\/pages"}],"about":[{"href":"https:\/\/talkpal.ai\/pt-br\/wp-json\/wp\/v2\/types\/page"}],"author":[{"embeddable":true,"href":"https:\/\/talkpal.ai\/pt-br\/wp-json\/wp\/v2\/users\/1"}],"replies":[{"embeddable":true,"href":"https:\/\/talkpal.ai\/pt-br\/wp-json\/wp\/v2\/comments?post=91826"}],"version-history":[{"count":0,"href":"https:\/\/talkpal.ai\/pt-br\/wp-json\/wp\/v2\/pages\/91826\/revisions"}],"wp:featuredmedia":[{"embeddable":true,"href":"https:\/\/talkpal.ai\/pt-br\/wp-json\/wp\/v2\/media\/70749"}],"wp:attachment":[{"href":"https:\/\/talkpal.ai\/pt-br\/wp-json\/wp\/v2\/media?parent=91826"}],"curies":[{"name":"wp","href":"https:\/\/api.w.org\/{rel}","templated":true}]}}