{"id":1694060,"date":"2026-05-15T07:46:42","date_gmt":"2026-05-15T07:46:42","guid":{"rendered":"https:\/\/talkpal.ai\/exercicios-de-gramatica-oromo\/"},"modified":"2026-05-15T10:53:02","modified_gmt":"2026-05-15T10:53:02","slug":"exercicios-de-gramatica-oromo","status":"publish","type":"page","link":"https:\/\/talkpal.ai\/pt-br\/exercicios-de-gramatica-oromo\/","title":{"rendered":"Exerc\u00edcios de Gram\u00e1tica Oromo"},"content":{"rendered":"\r\n\r\n\r\n<section class=\"languageChallengeSection\">\r\n    <div class=\"languageInfoWrapper\">\r\n        \r\n        <h1>Exerc\u00edcios de Gram\u00e1tica Oromo<\/h1>\r\n        <p>Pronto para mergulhar na gram\u00e1tica Oromo? Praticar algumas no\u00e7\u00f5es b\u00e1sicas ajudar\u00e1 voc\u00ea a se sentir confort\u00e1vel com esse idioma \u00fanico e belo. Experimente estes exerc\u00edcios para aumentar sua confian\u00e7a e se divertir ao longo do caminho!<\/p>\r\n\r\n                            <a class=\"getStartedHidden\" href=\"https:\/\/app.talkpal.ai\/pt-br\/signup?lng=\">Come\u00e7a<\/a>\r\n        \r\n    <\/div>\r\n\r\n    <figure>\r\n    <img decoding=\"async\" width=\"768\" height=\"768\" src=\"https:\/\/talkpal.ai\/wp-content\/uploads\/2026\/05\/learn-oromo-2x-768x768.webp\" class=\"languageImage no-lazy\" alt=\"A massive, ancient Odaa sycamore tree standing proudly in the green Ethiopian highlands under a golden sunset.\" fetchpriority=\"high\" sizes=\"(max-width: 768px) 150px, 768px\" srcset=\"https:\/\/talkpal.ai\/wp-content\/uploads\/2026\/05\/learn-oromo-2x-768x768.webp 768w, https:\/\/talkpal.ai\/wp-content\/uploads\/2026\/05\/learn-oromo-2x-300x300.webp 300w\" \/>\r\n    \r\n\r\n    <\/figure>\r\n\r\n            <a class=\"getStartedVisible\" href=\"https:\/\/app.talkpal.ai\/pt-br\/signup?lng=\">Come\u00e7a<\/a>\r\n    \r\n<\/section><section class=\"promotionalBanner\">\r\n    <p class=\"promotionalText\">A maneira mais eficiente de aprender um idioma<\/p>\r\n    <a class=\"promotionalLink\" href=\"https:\/\/app.talkpal.ai\/pt-br\/signup?lng=\">Experimente o Talkpal gratuitamente<\/a>\r\n<\/section>\n<div class=\"wp-block-group pageContainerStyle\"><div class=\"wp-block-group__inner-container is-layout-constrained wp-block-group-is-layout-constrained\">\n<h2 class=\"wp-block-heading\" id=\"h-oromo-grammar-topics\">T\u00f3picos de Gram\u00e1tica Oromo<\/h2>\n\n\n\n<p>Aprender um novo idioma pode ser um esfor\u00e7o desafiador, mas gratificante. O oromo, uma l\u00edngua cus\u00edtica falada principalmente na Eti\u00f3pia e no Qu\u00eania, n\u00e3o \u00e9 exce\u00e7\u00e3o. Com suas caracter\u00edsticas e estruturas \u00fanicas, aprender Oromo requer uma abordagem sistem\u00e1tica para entender sua gram\u00e1tica rica e carregada de sufixos. Este guia descreve as principais \u00e1reas da gram\u00e1tica Oromo em uma sequ\u00eancia l\u00f3gica para o aprendizado de idiomas, come\u00e7ando pelo b\u00e1sico, como substantivos e artigos, e avan\u00e7ando para \u00e1reas mais complexas como tempos verbais e constru\u00e7\u00e3o de frases.<\/p>\n\n\n\n<h3 class=\"wp-block-heading\" id=\"h-1-nouns\">1. Substantivos:<\/h3>\n\n\n\n<p>Comece sua jornada na l\u00edngua Oromo aprendendo os substantivos. Isso inclui entender os dois g\u00eaneros gramaticais, masculino e feminino, como as marca\u00e7\u00f5es de caso denotam o papel de um substantivo em uma frase, e como as formas plurais s\u00e3o formadas adicionando sufixos espec\u00edficos \u00e0 palavra raiz.<\/p>\n\n\n\n<h3 class=\"wp-block-heading\" id=\"h-2-articles\">2. Artigos:<\/h3>\n\n\n\n<p>O Oromo n\u00e3o usa artigos distintos, definidos ou indefinidos como o ingl\u00eas. A definitude geralmente \u00e9 indicada por sufixos espec\u00edficos atribu\u00eddos ao substantivo ou determinados inteiramente pelo contexto. Aprender a reconhecer e usar esses marcadores corretamente \u00e9 fundamental na constru\u00e7\u00e3o de frases.<\/p>\n\n\n\n<h3 class=\"wp-block-heading\" id=\"h-3-adjectives\">3. Adjetivos:<\/h3>\n\n\n\n<p>Adjetivos em Oromo normalmente seguem seus substantivos e devem concordar com o substantivo em g\u00eanero e n\u00famero. Voc\u00ea tamb\u00e9m precisar\u00e1 aprender a formar comparativos e superlativos, muitas vezes usando constru\u00e7\u00f5es com o sufixo caso ablativo ou palavras significando mais, junto com intensificadores como baay&#8217;ee.<\/p>\n\n\n\n<h3 class=\"wp-block-heading\" id=\"h-4-pronouns-determiners\">4. Pronomes\/Determinantes:<\/h3>\n\n\n\n<p>Pronomes e determinantes s\u00e3o essenciais no Oromo; eles incluem pronomes pessoais independentes, sufixos possessivos que se ligam diretamente a substantivos, demonstrativos e quantificadores. Reconhecer como eles concordam com o substantivo em g\u00eanero e n\u00famero \u00e9 necess\u00e1rio para uma comunica\u00e7\u00e3o eficaz.<\/p>\n\n\n\n<h3 class=\"wp-block-heading\" id=\"h-5-verbs\">5. Verbos:<\/h3>\n\n\n\n<p>Os verbos Oromo mudam de forma principalmente por meio de sufixos que marcam pessoa, g\u00eanero, n\u00famero e tempo. Comece pelas formas b\u00e1sicas do radical, depois explore os tempos passado e futuro presente, junto com extens\u00f5es vocais comuns como causativa, autobeneficente e passiva.<\/p>\n\n\n\n<h3 class=\"wp-block-heading\" id=\"h-6-tenses\">6. Tempos:<\/h3>\n\n\n\n<p>Depois de dominar a estrutura verbal, aprofunde-se nos tempos verbais. Isso inclui entender a distin\u00e7\u00e3o prim\u00e1ria entre formas futuras passadas e presentes, bem como o clima imperativo e como o aspecto interage com o tempo em diferentes contextos conversacionais.<\/p>\n\n\n\n<h3 class=\"wp-block-heading\" id=\"h-7-tense-comparison\">7. Compara\u00e7\u00e3o tensa:<\/h3>\n\n\n\n<p>Comparar tempos em Oromo ajuda a entender sequ\u00eancia e nuances. Compare as formas simples do passado, do presente futuro e compostas do mesmo verbo para obter uma no\u00e7\u00e3o mais clara de como o tempo e o aspecto cont\u00ednuo funcionam na fala cotidiana.<\/p>\n\n\n\n<h3 class=\"wp-block-heading\" id=\"h-8-progressive\">8. Progressiva:<\/h3>\n\n\n\n<p>O progressivo em Oromo \u00e9 tipicamente expresso usando sufixos verbais espec\u00edficos ou por meio de uma constru\u00e7\u00e3o de tempo composto. Isso frequentemente envolve o verbo principal combinado com o verbo auxiliar jir para indicar que uma a\u00e7\u00e3o est\u00e1 em andamento.<\/p>\n\n\n\n<h3 class=\"wp-block-heading\" id=\"h-9-perfect-progressive\">9. Perfeito Progressivo:<\/h3>\n\n\n\n<p>Esse significado \u00e9 expresso com o verbo auxiliar tur em combina\u00e7\u00e3o com outras formas verbais, frequentemente indicando uma a\u00e7\u00e3o que se desenrola at\u00e9 um ponto espec\u00edfico no passado. Oromo comumente usa essas estruturas compostas para transportar com sucesso o que t\u00eam feito.<\/p>\n\n\n\n<h3 class=\"wp-block-heading\" id=\"h-10-conditionals\">10. Condicionais:<\/h3>\n\n\n\n<p>As condicionais expressam situa\u00e7\u00f5es hipot\u00e9ticas e seus poss\u00edveis desfechos. No oromo, eles s\u00e3o formados com marcadores condicionais espec\u00edficos e conjun\u00e7\u00f5es, como yoo if, com sufixos verbais apropriados que distinguem entre possibilidades reais e condi\u00e7\u00f5es contrafactuais.<\/p>\n\n\n\n<h3 class=\"wp-block-heading\" id=\"h-11-adverbs\">11. Adv\u00e9rbios:<\/h3>\n\n\n\n<p>Adv\u00e9rbios em Oromo modificam verbos, adjetivos ou outros adv\u00e9rbios. Eles incluem palavras independentes para tempo ou maneira, e muitos significados adverbiais tamb\u00e9m s\u00e3o expressos de forma eficiente por meio de casos nominais espec\u00edficos, sufixos locativos ou combina\u00e7\u00f5es com postposi\u00e7\u00f5es.<\/p>\n\n\n\n<h3 class=\"wp-block-heading\" id=\"h-12-prepositions\">12. Preposi\u00e7\u00f5es:<\/h3>\n\n\n\n<p>Rela\u00e7\u00f5es de tempo, lugar e modo s\u00e3o frequentemente expressas por meio de postposi\u00e7\u00f5es em vez de preposi\u00e7\u00f5es. Oromo utiliza sufixos de caso anexados diretamente a substantivos, como tti e irra, junto com palavras p\u00f3s-posicionais separadas para mostrar essas conex\u00f5es.<\/p>\n\n\n\n<h3 class=\"wp-block-heading\" id=\"h-13-sentences\">13. Senten\u00e7as:<\/h3>\n\n\n\n<p>Por fim, pratique a constru\u00e7\u00e3o de frases. Isso envolver\u00e1 o uso de todos os pontos gramaticais previamente aprendidos no contexto, incluindo a ordem padr\u00e3o dos objetos sujeitos e verbos, marca\u00e7\u00e3o de caso no sujeito, padr\u00f5es de nega\u00e7\u00e3o e forma\u00e7\u00e3o de quest\u00f5es, garantindo assim uma compreens\u00e3o abrangente da l\u00edngua Oromo.<\/p>\n<\/div><\/div>\n\r\n<section class=\"learnNavigationSection\">\r\n            \r\n        <a href=\"https:\/\/talkpal.ai\/pt-br\/aprenda-oromo-com-ia\/\">\r\n            <div class=\"learnNavigationWrapper\">\r\n                <div class=\"learnNavigationContent\">\r\n                    <img decoding=\"async\" src=\"https:\/\/talkpal.ai\/wp-content\/uploads\/2026\/05\/Oromo.png\" alt=\"\">\r\n                    <div>\r\n                        <h4>Sobre o Aprendizado Oromo<\/h4>\r\n                        <p>Descubra tudo sobre a gram\u00e1tica Oromo.<\/p>\r\n                    <\/div>\r\n                <\/div>\r\n            <\/div>\r\n        <\/a>\r\n\r\n        \r\n        <a href=\"https:\/\/talkpal.ai\/pt-br\/gramatica-oromo\/\">\r\n            <div class=\"learnNavigationWrapper\">\r\n                <div class=\"learnNavigationContent\">\r\n                    <img decoding=\"async\" src=\"https:\/\/talkpal.ai\/wp-content\/uploads\/2026\/05\/Oromo.png\" alt=\"\">\r\n                    <div>\r\n                        <h4>Li\u00e7\u00f5es de Gram\u00e1tica Oromo<\/h4>\r\n                        <p>Pratique a gram\u00e1tica Oromo.<\/p>\r\n                    <\/div>\r\n                <\/div>\r\n            <\/div>\r\n        <\/a>\r\n\r\n            <\/section>","protected":false},"excerpt":{"rendered":"<p>T\u00f3picos de Gram\u00e1tica Oromo Aprender um novo idioma pode ser um esfor\u00e7o desafiador, mas gratificante. O oromo, uma l\u00edngua cus\u00edtica falada principalmente na Eti\u00f3pia e no Qu\u00eania, n\u00e3o \u00e9 exce\u00e7\u00e3o. Com suas caracter\u00edsticas e estruturas \u00fanicas, aprender Oromo requer uma abordagem sistem\u00e1tica para entender sua gram\u00e1tica rica e carregada de sufixos. Este guia descreve as [&hellip;]<\/p>\n","protected":false},"author":23,"featured_media":1694062,"parent":0,"menu_order":0,"comment_status":"closed","ping_status":"closed","template":"LearningContentPage.php","meta":{"_acf_changed":false,"footnotes":""},"class_list":["post-1694060","page","type-page","status-publish","has-post-thumbnail","hentry"],"acf":[],"yoast_head":"<!-- This site is optimized with the Yoast SEO Premium plugin v27.2 (Yoast SEO v27.2) - https:\/\/yoast.com\/product\/yoast-seo-premium-wordpress\/ -->\n<title>Exerc\u00edcios de Gram\u00e1tica Oromo - Talkpal<\/title>\n<meta name=\"robots\" content=\"index, follow, max-snippet:-1, max-image-preview:large, max-video-preview:-1\" \/>\n<link rel=\"canonical\" href=\"https:\/\/talkpal.ai\/pt-br\/exercicios-de-gramatica-oromo\/\" \/>\n<meta property=\"og:locale\" content=\"pt_BR\" \/>\n<meta property=\"og:type\" content=\"article\" \/>\n<meta property=\"og:title\" content=\"Exerc\u00edcios de Gram\u00e1tica Oromo\" \/>\n<meta property=\"og:description\" content=\"T\u00f3picos de Gram\u00e1tica Oromo Aprender um novo idioma pode ser um esfor\u00e7o desafiador, mas gratificante. O oromo, uma l\u00edngua cus\u00edtica falada principalmente na\" \/>\n<meta property=\"og:url\" content=\"https:\/\/talkpal.ai\/pt-br\/exercicios-de-gramatica-oromo\/\" \/>\n<meta property=\"og:site_name\" content=\"Talkpal\" \/>\n<meta property=\"article:publisher\" content=\"https:\/\/www.facebook.com\/profile.php?id=100090733639311\" \/>\n<meta property=\"article:modified_time\" content=\"2026-05-15T10:53:02+00:00\" \/>\n<meta property=\"og:image\" content=\"https:\/\/talkpal.ai\/wp-content\/uploads\/2026\/05\/Oromo.png\" \/>\n\t<meta property=\"og:image:width\" content=\"517\" \/>\n\t<meta property=\"og:image:height\" content=\"517\" \/>\n\t<meta property=\"og:image:type\" content=\"image\/png\" \/>\n<meta name=\"twitter:card\" content=\"summary_large_image\" \/>\n<meta name=\"twitter:site\" content=\"@talkpalai\" \/>\n<meta name=\"twitter:label1\" content=\"Est. tempo de leitura\" \/>\n\t<meta name=\"twitter:data1\" content=\"4 minutos\" \/>\n<script type=\"application\/ld+json\" class=\"yoast-schema-graph\">{\"@context\":\"https:\/\/schema.org\",\"@graph\":[{\"@type\":\"WebPage\",\"@id\":\"https:\/\/talkpal.ai\/pt-br\/exercicios-de-gramatica-oromo\/\",\"url\":\"https:\/\/talkpal.ai\/pt-br\/exercicios-de-gramatica-oromo\/\",\"name\":\"Exerc\u00edcios de Gram\u00e1tica Oromo - Talkpal\",\"isPartOf\":{\"@id\":\"https:\/\/talkpal.ai\/pt-br\/#website\"},\"primaryImageOfPage\":{\"@id\":\"https:\/\/talkpal.ai\/pt-br\/exercicios-de-gramatica-oromo\/#primaryimage\"},\"image\":{\"@id\":\"https:\/\/talkpal.ai\/pt-br\/exercicios-de-gramatica-oromo\/#primaryimage\"},\"thumbnailUrl\":\"https:\/\/talkpal.ai\/wp-content\/uploads\/2026\/05\/Oromo.png\",\"datePublished\":\"2026-05-15T07:46:42+00:00\",\"dateModified\":\"2026-05-15T10:53:02+00:00\",\"breadcrumb\":{\"@id\":\"https:\/\/talkpal.ai\/pt-br\/exercicios-de-gramatica-oromo\/#breadcrumb\"},\"inLanguage\":\"pt-BR\",\"potentialAction\":[{\"@type\":\"ReadAction\",\"target\":[\"https:\/\/talkpal.ai\/pt-br\/exercicios-de-gramatica-oromo\/\"]}]},{\"@type\":\"ImageObject\",\"inLanguage\":\"pt-BR\",\"@id\":\"https:\/\/talkpal.ai\/pt-br\/exercicios-de-gramatica-oromo\/#primaryimage\",\"url\":\"https:\/\/talkpal.ai\/wp-content\/uploads\/2026\/05\/Oromo.png\",\"contentUrl\":\"https:\/\/talkpal.ai\/wp-content\/uploads\/2026\/05\/Oromo.png\",\"width\":517,\"height\":517},{\"@type\":\"BreadcrumbList\",\"@id\":\"https:\/\/talkpal.ai\/pt-br\/exercicios-de-gramatica-oromo\/#breadcrumb\",\"itemListElement\":[{\"@type\":\"ListItem\",\"position\":1,\"name\":\"Homepage\",\"item\":\"https:\/\/talkpal.ai\/pt-br\/\"},{\"@type\":\"ListItem\",\"position\":2,\"name\":\"Exerc\u00edcios de Gram\u00e1tica Oromo\"}]},{\"@type\":\"WebSite\",\"@id\":\"https:\/\/talkpal.ai\/pt-br\/#website\",\"url\":\"https:\/\/talkpal.ai\/pt-br\/\",\"name\":\"Talkpal\",\"description\":\"AI Language Learning\",\"publisher\":{\"@id\":\"https:\/\/talkpal.ai\/pt-br\/#organization\"},\"alternateName\":\"Talkpal AI\",\"potentialAction\":[{\"@type\":\"SearchAction\",\"target\":{\"@type\":\"EntryPoint\",\"urlTemplate\":\"https:\/\/talkpal.ai\/pt-br\/?s={search_term_string}\"},\"query-input\":{\"@type\":\"PropertyValueSpecification\",\"valueRequired\":true,\"valueName\":\"search_term_string\"}}],\"inLanguage\":\"pt-BR\"},{\"@type\":\"Organization\",\"@id\":\"https:\/\/talkpal.ai\/pt-br\/#organization\",\"name\":\"Talkpal, Inc.\",\"alternateName\":\"Talkpal AI\",\"url\":\"https:\/\/talkpal.ai\/pt-br\/\",\"logo\":{\"@type\":\"ImageObject\",\"inLanguage\":\"pt-BR\",\"@id\":\"https:\/\/talkpal.ai\/pt-br\/#\/schema\/logo\/image\/\",\"url\":\"https:\/\/talkpal.ai\/wp-content\/uploads\/2024\/03\/Talkpal-Logo-Icon.png\",\"contentUrl\":\"https:\/\/talkpal.ai\/wp-content\/uploads\/2024\/03\/Talkpal-Logo-Icon.png\",\"width\":2880,\"height\":2880,\"caption\":\"Talkpal, Inc.\"},\"image\":{\"@id\":\"https:\/\/talkpal.ai\/pt-br\/#\/schema\/logo\/image\/\"},\"sameAs\":[\"https:\/\/www.facebook.com\/profile.php?id=100090733639311\",\"https:\/\/x.com\/talkpalai\",\"https:\/\/www.linkedin.com\/company\/talkpal\/\",\"https:\/\/www.youtube.com\/@TalkPal\/\",\"https:\/\/www.tiktok.com\/@talkpal\",\"https:\/\/www.instagram.com\/talkpal_ai\/\",\"https:\/\/www.crunchbase.com\/organization\/talkpal-9cde\",\"https:\/\/www.g2.com\/products\/talkpal-for-business\/\",\"https:\/\/www.trustpilot.com\/review\/talkpal.ai\",\"https:\/\/www.capterra.com\/p\/10006800\/TalkPal\/\"],\"description\":\"Talkpal is a language learning web and mobile education app, powered by the latest AI technologies, that provides engaging experiences to its customers in many different languages to help them improve their language skills. Users can chat about unlimited amount of topics with the app and use other modes to practice their language learning.\",\"email\":\"support@talkpal.ai\",\"legalName\":\"Talkpal, Inc.\",\"foundingDate\":\"2023-04-03\",\"duns\":\"118989042\",\"numberOfEmployees\":{\"@type\":\"QuantitativeValue\",\"minValue\":\"11\",\"maxValue\":\"50\"},\"publishingPrinciples\":\"https:\/\/talkpal.ai\/publishing-principles\/\",\"actionableFeedbackPolicy\":\"https:\/\/talkpal.ai\/actionable-feedback-policy\/\",\"correctionsPolicy\":\"https:\/\/talkpal.ai\/corrections-policy\/\",\"ethicsPolicy\":\"https:\/\/talkpal.ai\/ethics-policy\/\",\"diversityPolicy\":\"https:\/\/talkpal.ai\/diversity-policy\/\",\"diversityStaffingReport\":\"https:\/\/talkpal.ai\/diversity-policy\/\"}]}<\/script>\n<!-- \/ Yoast SEO Premium plugin. -->","yoast_head_json":{"title":"Exerc\u00edcios de Gram\u00e1tica Oromo - Talkpal","robots":{"index":"index","follow":"follow","max-snippet":"max-snippet:-1","max-image-preview":"max-image-preview:large","max-video-preview":"max-video-preview:-1"},"canonical":"https:\/\/talkpal.ai\/pt-br\/exercicios-de-gramatica-oromo\/","og_locale":"pt_BR","og_type":"article","og_title":"Exerc\u00edcios de Gram\u00e1tica Oromo","og_description":"T\u00f3picos de Gram\u00e1tica Oromo Aprender um novo idioma pode ser um esfor\u00e7o desafiador, mas gratificante. O oromo, uma l\u00edngua cus\u00edtica falada principalmente na","og_url":"https:\/\/talkpal.ai\/pt-br\/exercicios-de-gramatica-oromo\/","og_site_name":"Talkpal","article_publisher":"https:\/\/www.facebook.com\/profile.php?id=100090733639311","article_modified_time":"2026-05-15T10:53:02+00:00","og_image":[{"width":517,"height":517,"url":"https:\/\/talkpal.ai\/wp-content\/uploads\/2026\/05\/Oromo.png","type":"image\/png"}],"twitter_card":"summary_large_image","twitter_site":"@talkpalai","twitter_misc":{"Est. tempo de leitura":"4 minutos"},"schema":{"@context":"https:\/\/schema.org","@graph":[{"@type":"WebPage","@id":"https:\/\/talkpal.ai\/pt-br\/exercicios-de-gramatica-oromo\/","url":"https:\/\/talkpal.ai\/pt-br\/exercicios-de-gramatica-oromo\/","name":"Exerc\u00edcios de Gram\u00e1tica Oromo - Talkpal","isPartOf":{"@id":"https:\/\/talkpal.ai\/pt-br\/#website"},"primaryImageOfPage":{"@id":"https:\/\/talkpal.ai\/pt-br\/exercicios-de-gramatica-oromo\/#primaryimage"},"image":{"@id":"https:\/\/talkpal.ai\/pt-br\/exercicios-de-gramatica-oromo\/#primaryimage"},"thumbnailUrl":"https:\/\/talkpal.ai\/wp-content\/uploads\/2026\/05\/Oromo.png","datePublished":"2026-05-15T07:46:42+00:00","dateModified":"2026-05-15T10:53:02+00:00","breadcrumb":{"@id":"https:\/\/talkpal.ai\/pt-br\/exercicios-de-gramatica-oromo\/#breadcrumb"},"inLanguage":"pt-BR","potentialAction":[{"@type":"ReadAction","target":["https:\/\/talkpal.ai\/pt-br\/exercicios-de-gramatica-oromo\/"]}]},{"@type":"ImageObject","inLanguage":"pt-BR","@id":"https:\/\/talkpal.ai\/pt-br\/exercicios-de-gramatica-oromo\/#primaryimage","url":"https:\/\/talkpal.ai\/wp-content\/uploads\/2026\/05\/Oromo.png","contentUrl":"https:\/\/talkpal.ai\/wp-content\/uploads\/2026\/05\/Oromo.png","width":517,"height":517},{"@type":"BreadcrumbList","@id":"https:\/\/talkpal.ai\/pt-br\/exercicios-de-gramatica-oromo\/#breadcrumb","itemListElement":[{"@type":"ListItem","position":1,"name":"Homepage","item":"https:\/\/talkpal.ai\/pt-br\/"},{"@type":"ListItem","position":2,"name":"Exerc\u00edcios de Gram\u00e1tica Oromo"}]},{"@type":"WebSite","@id":"https:\/\/talkpal.ai\/pt-br\/#website","url":"https:\/\/talkpal.ai\/pt-br\/","name":"Talkpal","description":"AI Language Learning","publisher":{"@id":"https:\/\/talkpal.ai\/pt-br\/#organization"},"alternateName":"Talkpal AI","potentialAction":[{"@type":"SearchAction","target":{"@type":"EntryPoint","urlTemplate":"https:\/\/talkpal.ai\/pt-br\/?s={search_term_string}"},"query-input":{"@type":"PropertyValueSpecification","valueRequired":true,"valueName":"search_term_string"}}],"inLanguage":"pt-BR"},{"@type":"Organization","@id":"https:\/\/talkpal.ai\/pt-br\/#organization","name":"Talkpal, Inc.","alternateName":"Talkpal AI","url":"https:\/\/talkpal.ai\/pt-br\/","logo":{"@type":"ImageObject","inLanguage":"pt-BR","@id":"https:\/\/talkpal.ai\/pt-br\/#\/schema\/logo\/image\/","url":"https:\/\/talkpal.ai\/wp-content\/uploads\/2024\/03\/Talkpal-Logo-Icon.png","contentUrl":"https:\/\/talkpal.ai\/wp-content\/uploads\/2024\/03\/Talkpal-Logo-Icon.png","width":2880,"height":2880,"caption":"Talkpal, Inc."},"image":{"@id":"https:\/\/talkpal.ai\/pt-br\/#\/schema\/logo\/image\/"},"sameAs":["https:\/\/www.facebook.com\/profile.php?id=100090733639311","https:\/\/x.com\/talkpalai","https:\/\/www.linkedin.com\/company\/talkpal\/","https:\/\/www.youtube.com\/@TalkPal\/","https:\/\/www.tiktok.com\/@talkpal","https:\/\/www.instagram.com\/talkpal_ai\/","https:\/\/www.crunchbase.com\/organization\/talkpal-9cde","https:\/\/www.g2.com\/products\/talkpal-for-business\/","https:\/\/www.trustpilot.com\/review\/talkpal.ai","https:\/\/www.capterra.com\/p\/10006800\/TalkPal\/"],"description":"Talkpal is a language learning web and mobile education app, powered by the latest AI technologies, that provides engaging experiences to its customers in many different languages to help them improve their language skills. Users can chat about unlimited amount of topics with the app and use other modes to practice their language learning.","email":"support@talkpal.ai","legalName":"Talkpal, Inc.","foundingDate":"2023-04-03","duns":"118989042","numberOfEmployees":{"@type":"QuantitativeValue","minValue":"11","maxValue":"50"},"publishingPrinciples":"https:\/\/talkpal.ai\/publishing-principles\/","actionableFeedbackPolicy":"https:\/\/talkpal.ai\/actionable-feedback-policy\/","correctionsPolicy":"https:\/\/talkpal.ai\/corrections-policy\/","ethicsPolicy":"https:\/\/talkpal.ai\/ethics-policy\/","diversityPolicy":"https:\/\/talkpal.ai\/diversity-policy\/","diversityStaffingReport":"https:\/\/talkpal.ai\/diversity-policy\/"}]}},"_links":{"self":[{"href":"https:\/\/talkpal.ai\/pt-br\/wp-json\/wp\/v2\/pages\/1694060","targetHints":{"allow":["GET"]}}],"collection":[{"href":"https:\/\/talkpal.ai\/pt-br\/wp-json\/wp\/v2\/pages"}],"about":[{"href":"https:\/\/talkpal.ai\/pt-br\/wp-json\/wp\/v2\/types\/page"}],"author":[{"embeddable":true,"href":"https:\/\/talkpal.ai\/pt-br\/wp-json\/wp\/v2\/users\/23"}],"replies":[{"embeddable":true,"href":"https:\/\/talkpal.ai\/pt-br\/wp-json\/wp\/v2\/comments?post=1694060"}],"version-history":[{"count":0,"href":"https:\/\/talkpal.ai\/pt-br\/wp-json\/wp\/v2\/pages\/1694060\/revisions"}],"wp:featuredmedia":[{"embeddable":true,"href":"https:\/\/talkpal.ai\/pt-br\/wp-json\/wp\/v2\/media\/1694062"}],"wp:attachment":[{"href":"https:\/\/talkpal.ai\/pt-br\/wp-json\/wp\/v2\/media?parent=1694060"}],"curies":[{"name":"wp","href":"https:\/\/api.w.org\/{rel}","templated":true}]}}