{"id":166947,"date":"2023-04-03T14:56:00","date_gmt":"2023-04-03T14:56:00","guid":{"rendered":"http:\/\/talkpal.ai\/sobre\/"},"modified":"2026-03-06T16:33:35","modified_gmt":"2026-03-06T16:33:35","slug":"sobre","status":"publish","type":"page","link":"https:\/\/talkpal.ai\/pt-br\/sobre\/","title":{"rendered":"Sobre"},"content":{"rendered":"\n<p id=\"h-\">A <a href=\"https:\/\/talkpal.ai\/ko\/ai-%ec%96%b8%ec%96%b4-%ea%b5%90%ec%82%ac\/\">Talkpal<\/a>, Inc. \u00e9 uma empresa de <a href=\"https:\/\/talkpal.ai\/pt-br\/ia-no-aprendizado-de-idiomas-uma-revisao-abrangente\/\">aprendizado de idiomas<\/a> com tecnologia de IA que tem a miss\u00e3o de tornar a fala de qualquer idioma acess\u00edvel a todos, em qualquer lugar. A Talkpal desenvolve uma das plataformas de <a href=\"https:\/\/talkpal.ai\/home\/\">tutor de idiomas<\/a> com IA mais avan\u00e7adas do mundo, ajudando milh\u00f5es de alunos a praticar conversas reais com confian\u00e7a.<\/p>\n\n<p>Fundada em 2023, a Talkpal foi criada com base em uma cren\u00e7a simples, mas poderosa: o aprendizado de idiomas n\u00e3o deve ser um privil\u00e9gio e deve ser acess\u00edvel a todos. Ao combinar <a href=\"https:\/\/talkpal.ai\/culture\/how-do-i-talk-about-artificial-intelligence-in-portuguese\/\">intelig\u00eancia artificial<\/a> de ponta com conhecimento e pesquisa lingu\u00edstica, a Talkpal elimina as <a href=\"https:\/\/talkpal.ai\/locations\/language-courses-in-barreiras\/\">barreiras<\/a> tradicionais, <a href=\"https:\/\/talkpal.ai\/locations\/language-courses-in-como\/\">como<\/a> custo, tempo e medo de falar, substituindo-as por uma pr\u00e1tica personalizada e sem press\u00e3o, dispon\u00edvel em v\u00e1rias plataformas 24 horas por dia, 7 dias por semana.<\/p>\n\n<p>Hoje, a Talkpal \u00e9 compat\u00edvel com mais de 80 idiomas, atende a milh\u00f5es de alunos em mais de 180 pa\u00edses e est\u00e1 dispon\u00edvel na Web, <a href=\"https:\/\/talkpal.ai\/es\/descargar-la-aplicacion-talkpal-para-android-e-ios\/\">iOS<\/a> e <a href=\"https:\/\/talkpal.ai\/es\/descargar-la-aplicacion-talkpal-para-android-e-ios\/\">Android<\/a>.<\/p>\n\n<h2 class=\"wp-block-heading\" id=\"h-our-mission\">Nossa miss\u00e3o<\/h2>\n\n<p>Nossa miss\u00e3o \u00e9 revolucionar o aprendizado de idiomas, oferecendo uma experi\u00eancia de tutoria de idiomas envolvente, interativa e personalizada com base em IA.<br\/><br\/>N\u00f3s nos esfor\u00e7amos para quebrar as barreiras lingu\u00edsticas, promover conex\u00f5es globais e cultivar uma comunidade de alunos apaixonados, capacitando-os a se comunicar com confian\u00e7a e flu\u00eancia no idioma escolhido.<\/p>\n\n<h2 class=\"wp-block-heading\" id=\"h-our-vision\">Nossa vis\u00e3o<\/h2>\n\n<p>Nossa vis\u00e3o \u00e9 nos tornarmos o principal tutor de idiomas com IA do mundo, transformando a maneira como as pessoas aprendem idiomas por meio de conversas imersivas e orientadas pelo contexto e da tecnologia de aprendizagem adaptativa.<br\/><br\/>Nosso objetivo \u00e9 inspirar e nutrir o amor pelo aprendizado de idiomas, incentivando o interc\u00e2mbio cultural e preenchendo a lacuna de comunica\u00e7\u00e3o al\u00e9m das fronteiras, moldando um mundo mais conectado e compreensivo.<\/p>\n\n<h2 class=\"wp-block-heading\" id=\"h-our-story\">Nossa Hist\u00f3ria<\/h2>\n\n<p>A Talkpal foi fundada por David Gegechkori (foto \u00e0 esquerda) e Dimitri Dekanozishvili (foto \u00e0 direita), motivados por uma frustra\u00e7\u00e3o compartilhada com os m\u00e9todos tradicionais de aprendizagem de idiomas que, muitas vezes, n\u00e3o preparam os alunos para a fala no mundo real.<\/p>\n\n<div class=\"wp-block-columns is-layout-flex wp-container-core-columns-is-layout-9d6595d7 wp-block-columns-is-layout-flex\">\n<div class=\"wp-block-column is-layout-flow wp-block-column-is-layout-flow\" style=\"flex-basis:50%\"><div class=\"wp-block-image\">\n<figure class=\"alignleft size-large\"><img decoding=\"async\" width=\"1024\" height=\"683\" src=\"https:\/\/talkpal.ai\/wp-content\/uploads\/2025\/12\/Talkpal-Entrepreneur-1024x683.jpg\" alt=\"\" class=\"wp-image-1557444\" style=\"aspect-ratio:1.4992888417882142\" srcset=\"https:\/\/talkpal.ai\/wp-content\/uploads\/2025\/12\/Talkpal-Entrepreneur-1024x683.jpg 1024w, https:\/\/talkpal.ai\/wp-content\/uploads\/2025\/12\/Talkpal-Entrepreneur-300x200.jpg 300w, https:\/\/talkpal.ai\/wp-content\/uploads\/2025\/12\/Talkpal-Entrepreneur-768x512.jpg 768w, https:\/\/talkpal.ai\/wp-content\/uploads\/2025\/12\/Talkpal-Entrepreneur.jpg 1344w\" sizes=\"(max-width: 1024px) 100vw, 1024px\" \/><\/figure>\n<\/div><\/div>\n\n\n\n<div class=\"wp-block-column is-layout-flow wp-block-column-is-layout-flow\" style=\"flex-basis:50%\">\n<p>Desde o in\u00edcio, o objetivo era claro: criar um companheiro de linguagem de IA que se parecesse menos com um livro did\u00e1tico e mais com um parceiro de conversa\u00e7\u00e3o. O nome &#8220;Talkpal&#8221; reflete essa filosofia: um companheiro amig\u00e1vel e sempre dispon\u00edvel que incentiva os alunos a praticar a fala sem medo de julgamento.<\/p>\n\n\n\n<p>Come\u00e7ando como um produto baseado na Web, a Talkpal expandiu rapidamente para plataformas m\u00f3veis, montando uma equipe global de engenheiros de IA, linguistas, educadores, profissionais de marketing e designers de produtos. Por meio de itera\u00e7\u00e3o cont\u00ednua, pesquisa e feedback dos usu\u00e1rios, a Talkpal evoluiu para uma plataforma abrangente de aprendizado de idiomas com IA, na qual milh\u00f5es de pessoas em todo o mundo confiam.<\/p>\n<\/div>\n<\/div>\n\n<h2 class=\"wp-block-heading\" id=\"h-what-we-do\">O que fazemos<\/h2>\n\n<p>A Talkpal oferece experi\u00eancias de aprendizado de texto e voz com tecnologia de IA, projetadas para simular a intera\u00e7\u00e3o humana real. Nossa plataforma se adapta dinamicamente ao n\u00edvel, \u00e0s metas e ao estilo de aprendizagem de cada aluno.<\/p>\n\n<p>Os principais recursos incluem:<\/p>\n\n<ul class=\"wp-block-list\">\n<li>Conversas naturais com IA para voc\u00ea praticar a fala<\/li>\n\n\n\n<li>Feedback em tempo real sobre pron\u00fancia, gram\u00e1tica e flu\u00eancia<\/li>\n\n\n\n<li>Suporte para alunos iniciantes e avan\u00e7ados<\/li>\n\n\n\n<li>Li\u00e7\u00f5es em mais de 80 idiomas globais, incluindo ingl\u00eas, espanhol, alem\u00e3o, franc\u00eas, italiano, japon\u00eas, chin\u00eas, coreano, \u00e1rabe, holand\u00eas, portugu\u00eas, sueco, hebraico, grego, turco, finland\u00eas e afric\u00e2ner, alban\u00eas, arm\u00eanio, assam\u00eas, azerbaijano, basco, bielorrusso, bengali, b\u00f3snio, b\u00falgaro, birman\u00eas, canton\u00eas, catal\u00e3o, croata, tcheco, dinamarqu\u00eas, estoniano, galego, georgiano, gujarati, hindi, H\u00fangaro, island\u00eas, indon\u00e9sio, irland\u00eas, javan\u00eas, canadense, cazaque, khmer, laosiano, let\u00e3o, lituano, maced\u00f4nio, malaio, malaiala, malt\u00eas, maori, marata, mongol, nepal\u00eas, noruegu\u00eas, odia, Pashto, persa, polon\u00eas, punjabi, romeno, russo, s\u00e9rvio, cingal\u00eas, eslovaco, esloveno, somali, sua\u00edli, tagalo, t\u00e2mil, telugu, tailand\u00eas, ucraniano, urdu, uzbeque, vietnamita, gal\u00eas, zulu e muito mais<\/li>\n\n\n\n<li>Um modelo freemium com planos de assinatura flex\u00edveis<\/li>\n\n\n\n<li>Solu\u00e7\u00f5es empresariais dedicadas para universidades, escolas de idiomas, empresas e outras organiza\u00e7\u00f5es<\/li>\n<\/ul>\n\n<p>Nossos conte\u00fados e sistemas s\u00e3o desenvolvidos em colabora\u00e7\u00e3o com especialistas em idiomas e pesquisadores de IA, garantindo a solidez pedag\u00f3gica e a excel\u00eancia t\u00e9cnica.<\/p>\n\n<h2 class=\"wp-block-heading\" id=\"h-research-backed-learning\">Aprendizado com base em pesquisas<\/h2>\n\n<p>A efic\u00e1cia do Talkpal foi examinada em v\u00e1rios estudos acad\u00eamicos, especialmente em contextos de ESL e EFL. A pesquisa mostrou melhorias estatisticamente significativas na flu\u00eancia, pron\u00fancia, gram\u00e1tica e confian\u00e7a dos alunos ao usar ferramentas de conversa\u00e7\u00e3o baseadas em IA, como o Talkpal.<\/p>\n\n<p>Essa abordagem orientada por pesquisas sustenta nosso compromisso de criar n\u00e3o apenas tecnologia inovadora, mas experi\u00eancias de aprendizado de idiomas mensuravelmente eficazes.<\/p>\n\n<h2 class=\"wp-block-heading\" id=\"h-trusted-by-learners-worldwide\">Com a confian\u00e7a de alunos de todo o mundo<\/h2>\n\n<p>A Talkpal conta com a confian\u00e7a de milh\u00f5es de usu\u00e1rios em todo o mundo e recebe consistentemente classifica\u00e7\u00f5es fortes em lojas de aplicativos e plataformas de avalia\u00e7\u00e3o. Os alunos frequentemente destacam:<\/p>\n\n<ul class=\"wp-block-list\">\n<li>O ambiente sem press\u00e3o para a pr\u00e1tica da fala<\/li>\n\n\n\n<li>Feedback imediato e acion\u00e1vel<\/li>\n\n\n\n<li>Flexibilidade para aprender a qualquer hora e em qualquer lugar<\/li>\n\n\n\n<li>A capacidade de praticar sem precisar de um parceiro lingu\u00edstico humano<\/li>\n<\/ul>\n\n<h2 class=\"wp-block-heading\" id=\"h-our-commitment\">Nosso compromisso<\/h2>\n\n<p>Na Talkpal, temos o compromisso de:<\/p>\n\n<ul class=\"wp-block-list\">\n<li><strong>Inova\u00e7\u00e3o<\/strong> &#8211; avan\u00e7o cont\u00ednuo em IA e tecnologia educacional<\/li>\n\n\n\n<li><strong>Qualidade<\/strong> &#8211; experi\u00eancias de aprendizado baseadas em pesquisas<\/li>\n\n\n\n<li><strong>Acessibilidade<\/strong> &#8211; aprendizado de idiomas acess\u00edvel e inclusivo para todos<\/li>\n\n\n\n<li><strong>Impacto global<\/strong> &#8211; capacitando a comunica\u00e7\u00e3o entre culturas<\/li>\n<\/ul>\n\n<p>Acreditamos que a linguagem tem o poder de mudar vidas &#8211; e com a IA, esse poder pode chegar a todos.<\/p>\n\n<p><\/p>\n","protected":false},"excerpt":{"rendered":"<p>A Talkpal, Inc. \u00e9 uma empresa de aprendizado de idiomas com tecnologia de IA que tem a miss\u00e3o de tornar a fala de qualquer idioma acess\u00edvel a todos, em qualquer lugar. A Talkpal desenvolve uma das plataformas de tutor de idiomas com IA mais avan\u00e7adas do mundo, ajudando milh\u00f5es de alunos a praticar conversas reais [&hellip;]<\/p>\n","protected":false},"author":1,"featured_media":197974,"parent":0,"menu_order":0,"comment_status":"closed","ping_status":"closed","template":"","meta":{"_acf_changed":false,"footnotes":""},"class_list":["post-166947","page","type-page","status-publish","has-post-thumbnail","hentry"],"acf":[],"yoast_head":"<!-- This site is optimized with the Yoast SEO Premium plugin v27.2 (Yoast SEO v27.2) - https:\/\/yoast.com\/product\/yoast-seo-premium-wordpress\/ -->\n<title>Sobre - Talkpal<\/title>\n<meta name=\"description\" content=\"Talkpal \u00e9 um tutor de idiomas baseado em IA com GPT, fundado com a cren\u00e7a de que o aprendizado de idiomas deve ser acess\u00edvel a todos.\" \/>\n<meta name=\"robots\" content=\"index, follow, max-snippet:-1, max-image-preview:large, max-video-preview:-1\" \/>\n<link rel=\"canonical\" href=\"https:\/\/talkpal.ai\/pt-br\/sobre\/\" \/>\n<meta property=\"og:locale\" content=\"pt_BR\" \/>\n<meta property=\"og:type\" content=\"article\" \/>\n<meta property=\"og:title\" content=\"Sobre\" \/>\n<meta property=\"og:description\" content=\"A Talkpal, Inc. \u00e9 uma empresa de aprendizado de idiomas com tecnologia de IA que tem a miss\u00e3o de tornar a fala de qualquer idioma acess\u00edvel a todos, em\" \/>\n<meta property=\"og:url\" content=\"https:\/\/talkpal.ai\/pt-br\/sobre\/\" \/>\n<meta property=\"og:site_name\" content=\"Talkpal\" \/>\n<meta property=\"article:publisher\" content=\"https:\/\/www.facebook.com\/profile.php?id=100090733639311\" \/>\n<meta property=\"article:modified_time\" content=\"2026-03-06T16:33:35+00:00\" \/>\n<meta property=\"og:image\" content=\"https:\/\/talkpal.ai\/wp-content\/uploads\/2024\/03\/Talkpal-Logo-Icon.png\" \/>\n\t<meta property=\"og:image:width\" content=\"5000\" \/>\n\t<meta property=\"og:image:height\" content=\"5000\" \/>\n\t<meta property=\"og:image:type\" content=\"image\/png\" \/>\n<meta name=\"twitter:card\" content=\"summary_large_image\" \/>\n<meta name=\"twitter:site\" content=\"@talkpalai\" \/>\n<meta name=\"twitter:label1\" content=\"Est. tempo de leitura\" \/>\n\t<meta name=\"twitter:data1\" content=\"5 minutos\" \/>\n<script type=\"application\/ld+json\" class=\"yoast-schema-graph\">{\"@context\":\"https:\/\/schema.org\",\"@graph\":[{\"@type\":\"WebPage\",\"@id\":\"https:\/\/talkpal.ai\/pt-br\/sobre\/\",\"url\":\"https:\/\/talkpal.ai\/pt-br\/sobre\/\",\"name\":\"Sobre - Talkpal\",\"isPartOf\":{\"@id\":\"https:\/\/talkpal.ai\/pt-br\/#website\"},\"primaryImageOfPage\":{\"@id\":\"https:\/\/talkpal.ai\/pt-br\/sobre\/#primaryimage\"},\"image\":{\"@id\":\"https:\/\/talkpal.ai\/pt-br\/sobre\/#primaryimage\"},\"thumbnailUrl\":\"https:\/\/talkpal.ai\/wp-content\/uploads\/2024\/03\/Talkpal-Logo-Icon.png\",\"datePublished\":\"2023-04-03T14:56:00+00:00\",\"dateModified\":\"2026-03-06T16:33:35+00:00\",\"description\":\"Talkpal \u00e9 um tutor de idiomas baseado em IA com GPT, fundado com a cren\u00e7a de que o aprendizado de idiomas deve ser acess\u00edvel a todos.\",\"breadcrumb\":{\"@id\":\"https:\/\/talkpal.ai\/pt-br\/sobre\/#breadcrumb\"},\"inLanguage\":\"pt-BR\",\"potentialAction\":[{\"@type\":\"ReadAction\",\"target\":[\"https:\/\/talkpal.ai\/pt-br\/sobre\/\"]}]},{\"@type\":\"ImageObject\",\"inLanguage\":\"pt-BR\",\"@id\":\"https:\/\/talkpal.ai\/pt-br\/sobre\/#primaryimage\",\"url\":\"https:\/\/talkpal.ai\/wp-content\/uploads\/2024\/03\/Talkpal-Logo-Icon.png\",\"contentUrl\":\"https:\/\/talkpal.ai\/wp-content\/uploads\/2024\/03\/Talkpal-Logo-Icon.png\",\"width\":5000,\"height\":5000,\"caption\":\"Logo do talkpal\"},{\"@type\":\"BreadcrumbList\",\"@id\":\"https:\/\/talkpal.ai\/pt-br\/sobre\/#breadcrumb\",\"itemListElement\":[{\"@type\":\"ListItem\",\"position\":1,\"name\":\"Homepage\",\"item\":\"https:\/\/talkpal.ai\/pt-br\/\"},{\"@type\":\"ListItem\",\"position\":2,\"name\":\"Sobre\"}]},{\"@type\":\"WebSite\",\"@id\":\"https:\/\/talkpal.ai\/pt-br\/#website\",\"url\":\"https:\/\/talkpal.ai\/pt-br\/\",\"name\":\"Talkpal\",\"description\":\"AI Language Learning\",\"publisher\":{\"@id\":\"https:\/\/talkpal.ai\/pt-br\/#organization\"},\"alternateName\":\"Talkpal AI\",\"potentialAction\":[{\"@type\":\"SearchAction\",\"target\":{\"@type\":\"EntryPoint\",\"urlTemplate\":\"https:\/\/talkpal.ai\/pt-br\/?s={search_term_string}\"},\"query-input\":{\"@type\":\"PropertyValueSpecification\",\"valueRequired\":true,\"valueName\":\"search_term_string\"}}],\"inLanguage\":\"pt-BR\"},{\"@type\":\"Organization\",\"@id\":\"https:\/\/talkpal.ai\/pt-br\/#organization\",\"name\":\"Talkpal, Inc.\",\"alternateName\":\"Talkpal AI\",\"url\":\"https:\/\/talkpal.ai\/pt-br\/\",\"logo\":{\"@type\":\"ImageObject\",\"inLanguage\":\"pt-BR\",\"@id\":\"https:\/\/talkpal.ai\/pt-br\/#\/schema\/logo\/image\/\",\"url\":\"https:\/\/talkpal.ai\/wp-content\/uploads\/2024\/03\/Talkpal-Logo-Icon.png\",\"contentUrl\":\"https:\/\/talkpal.ai\/wp-content\/uploads\/2024\/03\/Talkpal-Logo-Icon.png\",\"width\":2880,\"height\":2880,\"caption\":\"Talkpal, Inc.\"},\"image\":{\"@id\":\"https:\/\/talkpal.ai\/pt-br\/#\/schema\/logo\/image\/\"},\"sameAs\":[\"https:\/\/www.facebook.com\/profile.php?id=100090733639311\",\"https:\/\/x.com\/talkpalai\",\"https:\/\/www.linkedin.com\/company\/talkpal\/\",\"https:\/\/www.youtube.com\/@TalkPal\/\",\"https:\/\/www.tiktok.com\/@talkpal\",\"https:\/\/www.instagram.com\/talkpal_ai\/\",\"https:\/\/www.crunchbase.com\/organization\/talkpal-9cde\",\"https:\/\/www.g2.com\/products\/talkpal-for-business\/\",\"https:\/\/www.trustpilot.com\/review\/talkpal.ai\",\"https:\/\/www.capterra.com\/p\/10006800\/TalkPal\/\"],\"description\":\"Talkpal is a language learning web and mobile education app, powered by the latest AI technologies, that provides engaging experiences to its customers in many different languages to help them improve their language skills. Users can chat about unlimited amount of topics with the app and use other modes to practice their language learning.\",\"email\":\"support@talkpal.ai\",\"legalName\":\"Talkpal, Inc.\",\"foundingDate\":\"2023-04-03\",\"duns\":\"118989042\",\"numberOfEmployees\":{\"@type\":\"QuantitativeValue\",\"minValue\":\"11\",\"maxValue\":\"50\"},\"publishingPrinciples\":\"https:\/\/talkpal.ai\/publishing-principles\/\",\"actionableFeedbackPolicy\":\"https:\/\/talkpal.ai\/actionable-feedback-policy\/\",\"correctionsPolicy\":\"https:\/\/talkpal.ai\/corrections-policy\/\",\"ethicsPolicy\":\"https:\/\/talkpal.ai\/ethics-policy\/\",\"diversityPolicy\":\"https:\/\/talkpal.ai\/diversity-policy\/\",\"diversityStaffingReport\":\"https:\/\/talkpal.ai\/diversity-policy\/\"}]}<\/script>\n<!-- \/ Yoast SEO Premium plugin. -->","yoast_head_json":{"title":"Sobre - Talkpal","description":"Talkpal \u00e9 um tutor de idiomas baseado em IA com GPT, fundado com a cren\u00e7a de que o aprendizado de idiomas deve ser acess\u00edvel a todos.","robots":{"index":"index","follow":"follow","max-snippet":"max-snippet:-1","max-image-preview":"max-image-preview:large","max-video-preview":"max-video-preview:-1"},"canonical":"https:\/\/talkpal.ai\/pt-br\/sobre\/","og_locale":"pt_BR","og_type":"article","og_title":"Sobre","og_description":"A Talkpal, Inc. \u00e9 uma empresa de aprendizado de idiomas com tecnologia de IA que tem a miss\u00e3o de tornar a fala de qualquer idioma acess\u00edvel a todos, em","og_url":"https:\/\/talkpal.ai\/pt-br\/sobre\/","og_site_name":"Talkpal","article_publisher":"https:\/\/www.facebook.com\/profile.php?id=100090733639311","article_modified_time":"2026-03-06T16:33:35+00:00","og_image":[{"width":5000,"height":5000,"url":"https:\/\/talkpal.ai\/wp-content\/uploads\/2024\/03\/Talkpal-Logo-Icon.png","type":"image\/png"}],"twitter_card":"summary_large_image","twitter_site":"@talkpalai","twitter_misc":{"Est. tempo de leitura":"5 minutos"},"schema":{"@context":"https:\/\/schema.org","@graph":[{"@type":"WebPage","@id":"https:\/\/talkpal.ai\/pt-br\/sobre\/","url":"https:\/\/talkpal.ai\/pt-br\/sobre\/","name":"Sobre - Talkpal","isPartOf":{"@id":"https:\/\/talkpal.ai\/pt-br\/#website"},"primaryImageOfPage":{"@id":"https:\/\/talkpal.ai\/pt-br\/sobre\/#primaryimage"},"image":{"@id":"https:\/\/talkpal.ai\/pt-br\/sobre\/#primaryimage"},"thumbnailUrl":"https:\/\/talkpal.ai\/wp-content\/uploads\/2024\/03\/Talkpal-Logo-Icon.png","datePublished":"2023-04-03T14:56:00+00:00","dateModified":"2026-03-06T16:33:35+00:00","description":"Talkpal \u00e9 um tutor de idiomas baseado em IA com GPT, fundado com a cren\u00e7a de que o aprendizado de idiomas deve ser acess\u00edvel a todos.","breadcrumb":{"@id":"https:\/\/talkpal.ai\/pt-br\/sobre\/#breadcrumb"},"inLanguage":"pt-BR","potentialAction":[{"@type":"ReadAction","target":["https:\/\/talkpal.ai\/pt-br\/sobre\/"]}]},{"@type":"ImageObject","inLanguage":"pt-BR","@id":"https:\/\/talkpal.ai\/pt-br\/sobre\/#primaryimage","url":"https:\/\/talkpal.ai\/wp-content\/uploads\/2024\/03\/Talkpal-Logo-Icon.png","contentUrl":"https:\/\/talkpal.ai\/wp-content\/uploads\/2024\/03\/Talkpal-Logo-Icon.png","width":5000,"height":5000,"caption":"Logo do talkpal"},{"@type":"BreadcrumbList","@id":"https:\/\/talkpal.ai\/pt-br\/sobre\/#breadcrumb","itemListElement":[{"@type":"ListItem","position":1,"name":"Homepage","item":"https:\/\/talkpal.ai\/pt-br\/"},{"@type":"ListItem","position":2,"name":"Sobre"}]},{"@type":"WebSite","@id":"https:\/\/talkpal.ai\/pt-br\/#website","url":"https:\/\/talkpal.ai\/pt-br\/","name":"Talkpal","description":"AI Language Learning","publisher":{"@id":"https:\/\/talkpal.ai\/pt-br\/#organization"},"alternateName":"Talkpal AI","potentialAction":[{"@type":"SearchAction","target":{"@type":"EntryPoint","urlTemplate":"https:\/\/talkpal.ai\/pt-br\/?s={search_term_string}"},"query-input":{"@type":"PropertyValueSpecification","valueRequired":true,"valueName":"search_term_string"}}],"inLanguage":"pt-BR"},{"@type":"Organization","@id":"https:\/\/talkpal.ai\/pt-br\/#organization","name":"Talkpal, Inc.","alternateName":"Talkpal AI","url":"https:\/\/talkpal.ai\/pt-br\/","logo":{"@type":"ImageObject","inLanguage":"pt-BR","@id":"https:\/\/talkpal.ai\/pt-br\/#\/schema\/logo\/image\/","url":"https:\/\/talkpal.ai\/wp-content\/uploads\/2024\/03\/Talkpal-Logo-Icon.png","contentUrl":"https:\/\/talkpal.ai\/wp-content\/uploads\/2024\/03\/Talkpal-Logo-Icon.png","width":2880,"height":2880,"caption":"Talkpal, Inc."},"image":{"@id":"https:\/\/talkpal.ai\/pt-br\/#\/schema\/logo\/image\/"},"sameAs":["https:\/\/www.facebook.com\/profile.php?id=100090733639311","https:\/\/x.com\/talkpalai","https:\/\/www.linkedin.com\/company\/talkpal\/","https:\/\/www.youtube.com\/@TalkPal\/","https:\/\/www.tiktok.com\/@talkpal","https:\/\/www.instagram.com\/talkpal_ai\/","https:\/\/www.crunchbase.com\/organization\/talkpal-9cde","https:\/\/www.g2.com\/products\/talkpal-for-business\/","https:\/\/www.trustpilot.com\/review\/talkpal.ai","https:\/\/www.capterra.com\/p\/10006800\/TalkPal\/"],"description":"Talkpal is a language learning web and mobile education app, powered by the latest AI technologies, that provides engaging experiences to its customers in many different languages to help them improve their language skills. Users can chat about unlimited amount of topics with the app and use other modes to practice their language learning.","email":"support@talkpal.ai","legalName":"Talkpal, Inc.","foundingDate":"2023-04-03","duns":"118989042","numberOfEmployees":{"@type":"QuantitativeValue","minValue":"11","maxValue":"50"},"publishingPrinciples":"https:\/\/talkpal.ai\/publishing-principles\/","actionableFeedbackPolicy":"https:\/\/talkpal.ai\/actionable-feedback-policy\/","correctionsPolicy":"https:\/\/talkpal.ai\/corrections-policy\/","ethicsPolicy":"https:\/\/talkpal.ai\/ethics-policy\/","diversityPolicy":"https:\/\/talkpal.ai\/diversity-policy\/","diversityStaffingReport":"https:\/\/talkpal.ai\/diversity-policy\/"}]}},"_links":{"self":[{"href":"https:\/\/talkpal.ai\/pt-br\/wp-json\/wp\/v2\/pages\/166947","targetHints":{"allow":["GET"]}}],"collection":[{"href":"https:\/\/talkpal.ai\/pt-br\/wp-json\/wp\/v2\/pages"}],"about":[{"href":"https:\/\/talkpal.ai\/pt-br\/wp-json\/wp\/v2\/types\/page"}],"author":[{"embeddable":true,"href":"https:\/\/talkpal.ai\/pt-br\/wp-json\/wp\/v2\/users\/1"}],"replies":[{"embeddable":true,"href":"https:\/\/talkpal.ai\/pt-br\/wp-json\/wp\/v2\/comments?post=166947"}],"version-history":[{"count":0,"href":"https:\/\/talkpal.ai\/pt-br\/wp-json\/wp\/v2\/pages\/166947\/revisions"}],"wp:featuredmedia":[{"embeddable":true,"href":"https:\/\/talkpal.ai\/pt-br\/wp-json\/wp\/v2\/media\/197974"}],"wp:attachment":[{"href":"https:\/\/talkpal.ai\/pt-br\/wp-json\/wp\/v2\/media?parent=166947"}],"curies":[{"name":"wp","href":"https:\/\/api.w.org\/{rel}","templated":true}]}}