{"id":166191,"date":"2023-06-16T11:31:43","date_gmt":"2023-06-16T11:31:43","guid":{"rendered":"http:\/\/talkpal.ai\/exercicios-de-gramatica-armenia\/"},"modified":"2025-05-22T19:38:47","modified_gmt":"2025-05-22T19:38:47","slug":"exercicios-de-gramatica-armenia","status":"publish","type":"page","link":"https:\/\/talkpal.ai\/pt-br\/exercicios-de-gramatica-armenia\/","title":{"rendered":"Exerc\u00edcios de gram\u00e1tica arm\u00eania"},"content":{"rendered":"\r\n\r\n\r\n<section class=\"languageChallengeSection\">\r\n    <div class=\"languageInfoWrapper\">\r\n        \r\n        <h1>Exerc\u00edcios de gram\u00e1tica arm\u00eania<\/h1>\r\n        <p>Vamos conhecer a <a href=\"https:\/\/talkpal.ai\/armenian-grammar\/\">gram\u00e1tica arm\u00eania<\/a> com alguns exerc\u00edcios f\u00e1ceis e divertidos! Essas atividades ajudar\u00e3o voc\u00ea a se acostumar com os conceitos b\u00e1sicos e dar\u00e3o um \u00f3timo in\u00edcio \u00e0 sua jornada de aprendizado.<\/p>\r\n\r\n                            <a class=\"getStartedHidden\" href=\"https:\/\/app.talkpal.ai\/pt-br\/signup?lng=\">Come\u00e7a<\/a>\r\n        \r\n    <\/div>\r\n\r\n    <figure>\r\n    <img decoding=\"async\" width=\"768\" height=\"768\" src=\"https:\/\/talkpal.ai\/wp-content\/uploads\/2023\/06\/armenian-768x768.png\" class=\"languageImage no-lazy\" alt=\"Language learning for higher cognition\" fetchpriority=\"high\" sizes=\"(max-width: 768px) 150px, 768px\" srcset=\"https:\/\/talkpal.ai\/wp-content\/uploads\/2023\/06\/armenian-768x768.png 768w, https:\/\/talkpal.ai\/wp-content\/uploads\/2023\/06\/armenian-300x300.png 300w\" \/>\r\n    \r\n\r\n    <\/figure>\r\n\r\n            <a class=\"getStartedVisible\" href=\"https:\/\/app.talkpal.ai\/pt-br\/signup?lng=\">Come\u00e7a<\/a>\r\n    \r\n<\/section>\r\n\r\n\r\n<!-- <section class=\"grammarSection\">\r\n    <div class=\"grammarLinks\">\r\n            <\/div>\r\n<\/section> -->\r\n\r\n\r\n\r\n\r\n<section class=\"promotionalBanner\">\r\n    <p class=\"promotionalText\">A maneira mais eficiente de aprender um idioma<\/p>\r\n    <a class=\"promotionalLink\" href=\"https:\/\/app.talkpal.ai\/pt-br\/signup?lng=\">Experimente o Talkpal gratuitamente<\/a>\r\n<\/section>\n<div class=\"wp-block-group pageContainerStyle\"><div class=\"wp-block-group__inner-container is-layout-constrained wp-block-group-is-layout-constrained\">\n<h2 class=\"wp-block-heading\" id=\"h-armenian-grammar-topics\">T\u00f3picos de gram\u00e1tica arm\u00eania<\/h2>\n\n\n\n<p>O <a href=\"https:\/\/talkpal.ai\/learn-armenian\/\">arm\u00eanio<\/a> \u00e9 uma l\u00edngua indo-europeia falada principalmente na Rep\u00fablica da Arm\u00eania e pela di\u00e1spora arm\u00eania em todo o mundo. Com uma longa hist\u00f3ria e um sistema de escrita \u00fanico, o arm\u00eanio oferece uma experi\u00eancia lingu\u00edstica fascinante para os <a href=\"https:\/\/talkpal.ai\/talkpal-discount-for-students\/\">estudantes<\/a> de idiomas. <a href=\"https:\/\/talkpal.ai\/locations\/language-courses-in-como\/\">Como<\/a> em qualquer idioma, entender a gram\u00e1tica \u00e9 uma parte essencial do dom\u00ednio do arm\u00eanio. Este guia fornece uma vis\u00e3o geral dos principais t\u00f3picos de gram\u00e1tica arm\u00eania para ajud\u00e1-lo a obter uma base s\u00f3lida no idioma. Seguindo a sequ\u00eancia sugerida de t\u00f3picos, voc\u00ea ser\u00e1 capaz de <a href=\"https:\/\/talkpal.ai\/pt-pt\/como-aprender-armenio-em-6-meses\/\">aprender arm\u00eanio<\/a> de forma mais eficaz e eficiente.<\/p>\n\n\n\n<h3 class=\"wp-block-heading\" id=\"h-1-nouns\">1. Substantivos:<\/h3>\n\n\n\n<p>Comece sua jornada gramatical arm\u00eania com substantivos, a espinha dorsal de qualquer idioma. Aprenda sobre classes de substantivos arm\u00eanios (comuns e pr\u00f3prios), declina\u00e7\u00e3o e casos (nominativo, genitivo, dativo, acusativo, ablativo, instrumental e locativo). Entender <a href=\"https:\/\/talkpal.ai\/locations\/language-courses-in-como\/\">como<\/a> os substantivos funcionam em arm\u00eanio fornecer\u00e1 uma base s\u00f3lida para a constru\u00e7\u00e3o de frases.<\/p>\n\n\n\n<h3 class=\"wp-block-heading\" id=\"h-2-articles\">2. Artigos:<\/h3>\n\n\n\n<p>Arm\u00eanio tem <a href=\"https:\/\/talkpal.ai\/pt-pt\/grammar\/artigos-definidos-e-indefinidos-na-gramatica-arabe\/\">artigos definidos e indefinidos<\/a>, semelhante ao <a href=\"https:\/\/talkpal.ai\/pt-pt\/locations\/aprenda-ingles-em-passos\/\">ingl\u00eas<\/a>. Aprenda a us\u00e1-los corretamente com substantivos para indicar especificidade e criar frases coerentes.<\/p>\n\n\n\n<h3 class=\"wp-block-heading\" id=\"h-3-adjectives\">3. Adjetivos:<\/h3>\n\n\n\n<p>Os adjetivos s\u00e3o essenciais para descrever substantivos. Estude as regras para o uso de adjetivos em arm\u00eanio, incluindo concord\u00e2ncia com substantivos em g\u00eanero, n\u00famero e caso.<\/p>\n\n\n\n<h3 class=\"wp-block-heading\" id=\"h-4-pronouns-determiners\">4. Pronomes\/Determinantes:<\/h3>\n\n\n\n<p>Os pronomes substituem substantivos nas frases, enquanto os determinantes os especificam e quantificam. Aprenda sobre os diferentes tipos de pronomes (pessoal, possessivo, demonstrativo, relativo, interrogativo, reflexivo) e determinantes em arm\u00eanio e seu uso.<\/p>\n\n\n\n<h3 class=\"wp-block-heading\" id=\"h-5-verbs\">5. Verbos:<\/h3>\n\n\n\n<p>Verbos s\u00e3o as palavras de a\u00e7\u00e3o de uma l\u00edngua. Familiarize-se com a conjuga\u00e7\u00e3o verbal arm\u00eania, verbos regulares e irregulares e as diferentes formas verbais (infinitivo, imperativo, subjuntivo).<\/p>\n\n\n\n<h3 class=\"wp-block-heading\" id=\"h-6-tenses\">6. Tempos:<\/h3>\n\n\n\n<p>O arm\u00eanio tem quatro tempos verbais: presente, passado, futuro e aorista. Estude a forma\u00e7\u00e3o e o uso de cada tempo verbal, bem como as diferen\u00e7as entre as formas simples e cont\u00ednua.<\/p>\n\n\n\n<h3 class=\"wp-block-heading\" id=\"h-7-tense-comparison\">7. Compara\u00e7\u00e3o tensa:<\/h3>\n\n\n\n<p>Compreender as nuances entre os diferentes tempos \u00e9 essencial para uma comunica\u00e7\u00e3o eficaz. Aprenda a comparar e contrastar os tempos arm\u00eanios para transmitir com precis\u00e3o o significado pretendido.<\/p>\n\n\n\n<h3 class=\"wp-block-heading\" id=\"h-8-progressive\">8. Progressiva:<\/h3>\n\n\n\n<p>O aspecto progressista em arm\u00eanio indica a\u00e7\u00f5es em andamento. Aprenda a formar e usar o aspecto progressivo nos diferentes tempos.<\/p>\n\n\n\n<h3 class=\"wp-block-heading\" id=\"h-9-perfect-progressive\">9. Perfeito Progressivo:<\/h3>\n\n\n\n<p>O progressivo perfeito combina os aspectos perfeito e progressivo, indicando uma a\u00e7\u00e3o que come\u00e7ou no passado e continua no presente. Aprenda sua forma\u00e7\u00e3o e uso em arm\u00eanio.<\/p>\n\n\n\n<h3 class=\"wp-block-heading\" id=\"h-10-adverbs\">10. Adv\u00e9rbios:<\/h3>\n\n\n\n<p>Os adv\u00e9rbios modificam verbos, adjetivos e outros adv\u00e9rbios, fornecendo informa\u00e7\u00f5es adicionais sobre a\u00e7\u00f5es ou qualidades. Estude os diferentes tipos de adv\u00e9rbios em arm\u00eanio e sua coloca\u00e7\u00e3o em frases.<\/p>\n\n\n\n<h3 class=\"wp-block-heading\" id=\"h-11-prepositions\">11. Preposi\u00e7\u00f5es:<\/h3>\n\n\n\n<p>Preposi\u00e7\u00f5es em arm\u00eanio s\u00e3o essenciais para indicar rela\u00e7\u00f5es entre palavras, como localiza\u00e7\u00e3o, dire\u00e7\u00e3o, tempo e causa. Aprenda as preposi\u00e7\u00f5es arm\u00eanias mais comuns e seu uso.<\/p>\n\n\n\n<h3 class=\"wp-block-heading\" id=\"h-12-conditionals\">12. Condicionais:<\/h3>\n\n\n\n<p>As condicionais expressam situa\u00e7\u00f5es hipot\u00e9ticas e seus poss\u00edveis desfechos. Estude os diferentes tipos de condicionais em arm\u00eanio (zero, primeiro, segundo e terceiro) e suas formas verbais correspondentes.<\/p>\n\n\n\n<h3 class=\"wp-block-heading\" id=\"h-13-sentences\">13. Senten\u00e7as:<\/h3>\n\n\n\n<p>Finalmente, re\u00fana todos os elementos gramaticais para formar frases completas em arm\u00eanio. Saiba mais sobre as diferentes estruturas de frases, a ordem das palavras e as regras de pontua\u00e7\u00e3o.<\/p>\n<\/div><\/div>\n\r\n<section class=\"learnNavigationSection\">\r\n            \r\n        <a href=\"https:\/\/talkpal.ai\/pt-br\/aprenda-armenio\/\">\r\n            <div class=\"learnNavigationWrapper\">\r\n                <div class=\"learnNavigationContent\">\r\n                    <img decoding=\"async\" src=\"https:\/\/talkpal.ai\/wp-content\/uploads\/2024\/08\/Armenian.jpg\" alt=\"Armenian Flag\">\r\n                    <div>\r\n                        <h4>Sobre o Armenian Learning<\/h4>\r\n                        <p>Saiba tudo sobre a gram\u00e1tica arm\u00eania .<\/p>\r\n                    <\/div>\r\n                <\/div>\r\n            <\/div>\r\n        <\/a>\r\n\r\n        \r\n        <a href=\"https:\/\/talkpal.ai\/pt-br\/gramatica-armenia\/\">\r\n            <div class=\"learnNavigationWrapper\">\r\n                <div class=\"learnNavigationContent\">\r\n                    <img decoding=\"async\" src=\"https:\/\/talkpal.ai\/wp-content\/uploads\/2024\/08\/Armenian.jpg\" alt=\"Armenian Flag\">\r\n                    <div>\r\n                        <h4>Li\u00e7\u00f5es de gram\u00e1tica arm\u00eania<\/h4>\r\n                        <p>Pratique a gram\u00e1tica arm\u00eania .<\/p>\r\n                    <\/div>\r\n                <\/div>\r\n            <\/div>\r\n        <\/a>\r\n\r\n        \r\n        <a href=\"https:\/\/talkpal.ai\/vocabulary_language\/armenian\/\">\r\n            <div class=\"learnNavigationWrapper\">\r\n                <div class=\"learnNavigationContent\">\r\n                    <img decoding=\"async\" src=\"https:\/\/talkpal.ai\/wp-content\/uploads\/2024\/08\/Armenian.jpg\" alt=\"Armenian Flag\">\r\n                    <div>\r\n                        <h4>Vocabul\u00e1rio arm\u00eanio<\/h4>\r\n                        <p>Amplie seu vocabul\u00e1rio de arm\u00eanio.<\/p>\r\n                    <\/div>\r\n                <\/div>\r\n            <\/div>\r\n        <\/a>\r\n\r\n            <\/section>","protected":false},"excerpt":{"rendered":"<p>T\u00f3picos de gram\u00e1tica arm\u00eania O arm\u00eanio \u00e9 uma l\u00edngua indo-europeia falada principalmente na Rep\u00fablica da Arm\u00eania e pela di\u00e1spora arm\u00eania em todo o mundo. Com uma longa hist\u00f3ria e um sistema de escrita \u00fanico, o arm\u00eanio oferece uma experi\u00eancia lingu\u00edstica fascinante para os estudantes de idiomas. Como em qualquer idioma, entender a gram\u00e1tica \u00e9 uma [&hellip;]<\/p>\n","protected":false},"author":6,"featured_media":109114,"parent":0,"menu_order":0,"comment_status":"closed","ping_status":"closed","template":"LearningContentPage.php","meta":{"_acf_changed":false,"footnotes":""},"class_list":["post-166191","page","type-page","status-publish","has-post-thumbnail","hentry"],"acf":[],"yoast_head":"<!-- This site is optimized with the Yoast SEO Premium plugin v27.2 (Yoast SEO v27.2) - https:\/\/yoast.com\/product\/yoast-seo-premium-wordpress\/ -->\n<title>Exerc\u00edcios de gram\u00e1tica arm\u00eania - Talkpal<\/title>\n<meta name=\"description\" content=\"Domine a gram\u00e1tica arm\u00eania com os envolventes exerc\u00edcios de gram\u00e1tica arm\u00eania feitos sob medida por Talkpal, seu tutor de idiomas com intelig\u00eancia artificial.\" \/>\n<meta name=\"robots\" content=\"index, follow, max-snippet:-1, max-image-preview:large, max-video-preview:-1\" \/>\n<link rel=\"canonical\" href=\"https:\/\/talkpal.ai\/pt-br\/exercicios-de-gramatica-armenia\/\" \/>\n<meta property=\"og:locale\" content=\"pt_BR\" \/>\n<meta property=\"og:type\" content=\"article\" \/>\n<meta property=\"og:title\" content=\"Exerc\u00edcios de gram\u00e1tica arm\u00eania\" \/>\n<meta property=\"og:description\" content=\"T\u00f3picos de gram\u00e1tica arm\u00eania O arm\u00eanio \u00e9 uma l\u00edngua indo-europeia falada principalmente na Rep\u00fablica da Arm\u00eania e pela di\u00e1spora arm\u00eania em todo o mundo.\" \/>\n<meta property=\"og:url\" content=\"https:\/\/talkpal.ai\/pt-br\/exercicios-de-gramatica-armenia\/\" \/>\n<meta property=\"og:site_name\" content=\"Talkpal\" \/>\n<meta property=\"article:publisher\" content=\"https:\/\/www.facebook.com\/profile.php?id=100090733639311\" \/>\n<meta property=\"article:modified_time\" content=\"2025-05-22T19:38:47+00:00\" \/>\n<meta property=\"og:image\" content=\"https:\/\/talkpal.ai\/wp-content\/uploads\/2023\/05\/armenia.png\" \/>\n\t<meta property=\"og:image:width\" content=\"512\" \/>\n\t<meta property=\"og:image:height\" content=\"512\" \/>\n\t<meta property=\"og:image:type\" content=\"image\/png\" \/>\n<meta name=\"twitter:card\" content=\"summary_large_image\" \/>\n<meta name=\"twitter:site\" content=\"@talkpalai\" \/>\n<meta name=\"twitter:label1\" content=\"Est. tempo de leitura\" \/>\n\t<meta name=\"twitter:data1\" content=\"3 minutos\" \/>\n<script type=\"application\/ld+json\" class=\"yoast-schema-graph\">{\"@context\":\"https:\/\/schema.org\",\"@graph\":[{\"@type\":\"WebPage\",\"@id\":\"https:\/\/talkpal.ai\/pt-br\/exercicios-de-gramatica-armenia\/\",\"url\":\"https:\/\/talkpal.ai\/pt-br\/exercicios-de-gramatica-armenia\/\",\"name\":\"Exerc\u00edcios de gram\u00e1tica arm\u00eania - Talkpal\",\"isPartOf\":{\"@id\":\"https:\/\/talkpal.ai\/pt-br\/#website\"},\"primaryImageOfPage\":{\"@id\":\"https:\/\/talkpal.ai\/pt-br\/exercicios-de-gramatica-armenia\/#primaryimage\"},\"image\":{\"@id\":\"https:\/\/talkpal.ai\/pt-br\/exercicios-de-gramatica-armenia\/#primaryimage\"},\"thumbnailUrl\":\"https:\/\/talkpal.ai\/wp-content\/uploads\/2023\/05\/armenia.png\",\"datePublished\":\"2023-06-16T11:31:43+00:00\",\"dateModified\":\"2025-05-22T19:38:47+00:00\",\"description\":\"Domine a gram\u00e1tica arm\u00eania com os envolventes exerc\u00edcios de gram\u00e1tica arm\u00eania feitos sob medida por Talkpal, seu tutor de idiomas com intelig\u00eancia artificial.\",\"breadcrumb\":{\"@id\":\"https:\/\/talkpal.ai\/pt-br\/exercicios-de-gramatica-armenia\/#breadcrumb\"},\"inLanguage\":\"pt-BR\",\"potentialAction\":[{\"@type\":\"ReadAction\",\"target\":[\"https:\/\/talkpal.ai\/pt-br\/exercicios-de-gramatica-armenia\/\"]}]},{\"@type\":\"ImageObject\",\"inLanguage\":\"pt-BR\",\"@id\":\"https:\/\/talkpal.ai\/pt-br\/exercicios-de-gramatica-armenia\/#primaryimage\",\"url\":\"https:\/\/talkpal.ai\/wp-content\/uploads\/2023\/05\/armenia.png\",\"contentUrl\":\"https:\/\/talkpal.ai\/wp-content\/uploads\/2023\/05\/armenia.png\",\"width\":512,\"height\":512},{\"@type\":\"BreadcrumbList\",\"@id\":\"https:\/\/talkpal.ai\/pt-br\/exercicios-de-gramatica-armenia\/#breadcrumb\",\"itemListElement\":[{\"@type\":\"ListItem\",\"position\":1,\"name\":\"Homepage\",\"item\":\"https:\/\/talkpal.ai\/pt-br\/\"},{\"@type\":\"ListItem\",\"position\":2,\"name\":\"Exerc\u00edcios de gram\u00e1tica arm\u00eania\"}]},{\"@type\":\"WebSite\",\"@id\":\"https:\/\/talkpal.ai\/pt-br\/#website\",\"url\":\"https:\/\/talkpal.ai\/pt-br\/\",\"name\":\"Talkpal\",\"description\":\"AI Language Learning\",\"publisher\":{\"@id\":\"https:\/\/talkpal.ai\/pt-br\/#organization\"},\"alternateName\":\"Talkpal AI\",\"potentialAction\":[{\"@type\":\"SearchAction\",\"target\":{\"@type\":\"EntryPoint\",\"urlTemplate\":\"https:\/\/talkpal.ai\/pt-br\/?s={search_term_string}\"},\"query-input\":{\"@type\":\"PropertyValueSpecification\",\"valueRequired\":true,\"valueName\":\"search_term_string\"}}],\"inLanguage\":\"pt-BR\"},{\"@type\":\"Organization\",\"@id\":\"https:\/\/talkpal.ai\/pt-br\/#organization\",\"name\":\"Talkpal, Inc.\",\"alternateName\":\"Talkpal AI\",\"url\":\"https:\/\/talkpal.ai\/pt-br\/\",\"logo\":{\"@type\":\"ImageObject\",\"inLanguage\":\"pt-BR\",\"@id\":\"https:\/\/talkpal.ai\/pt-br\/#\/schema\/logo\/image\/\",\"url\":\"https:\/\/talkpal.ai\/wp-content\/uploads\/2024\/03\/Talkpal-Logo-Icon.png\",\"contentUrl\":\"https:\/\/talkpal.ai\/wp-content\/uploads\/2024\/03\/Talkpal-Logo-Icon.png\",\"width\":2880,\"height\":2880,\"caption\":\"Talkpal, Inc.\"},\"image\":{\"@id\":\"https:\/\/talkpal.ai\/pt-br\/#\/schema\/logo\/image\/\"},\"sameAs\":[\"https:\/\/www.facebook.com\/profile.php?id=100090733639311\",\"https:\/\/x.com\/talkpalai\",\"https:\/\/www.linkedin.com\/company\/talkpal\/\",\"https:\/\/www.youtube.com\/@TalkPal\/\",\"https:\/\/www.tiktok.com\/@talkpal\",\"https:\/\/www.instagram.com\/talkpal_ai\/\",\"https:\/\/www.crunchbase.com\/organization\/talkpal-9cde\",\"https:\/\/www.g2.com\/products\/talkpal-for-business\/\",\"https:\/\/www.trustpilot.com\/review\/talkpal.ai\",\"https:\/\/www.capterra.com\/p\/10006800\/TalkPal\/\"],\"description\":\"Talkpal is a language learning web and mobile education app, powered by the latest AI technologies, that provides engaging experiences to its customers in many different languages to help them improve their language skills. Users can chat about unlimited amount of topics with the app and use other modes to practice their language learning.\",\"email\":\"support@talkpal.ai\",\"legalName\":\"Talkpal, Inc.\",\"foundingDate\":\"2023-04-03\",\"duns\":\"118989042\",\"numberOfEmployees\":{\"@type\":\"QuantitativeValue\",\"minValue\":\"11\",\"maxValue\":\"50\"},\"publishingPrinciples\":\"https:\/\/talkpal.ai\/publishing-principles\/\",\"actionableFeedbackPolicy\":\"https:\/\/talkpal.ai\/actionable-feedback-policy\/\",\"correctionsPolicy\":\"https:\/\/talkpal.ai\/corrections-policy\/\",\"ethicsPolicy\":\"https:\/\/talkpal.ai\/ethics-policy\/\",\"diversityPolicy\":\"https:\/\/talkpal.ai\/diversity-policy\/\",\"diversityStaffingReport\":\"https:\/\/talkpal.ai\/diversity-policy\/\"}]}<\/script>\n<!-- \/ Yoast SEO Premium plugin. -->","yoast_head_json":{"title":"Exerc\u00edcios de gram\u00e1tica arm\u00eania - Talkpal","description":"Domine a gram\u00e1tica arm\u00eania com os envolventes exerc\u00edcios de gram\u00e1tica arm\u00eania feitos sob medida por Talkpal, seu tutor de idiomas com intelig\u00eancia artificial.","robots":{"index":"index","follow":"follow","max-snippet":"max-snippet:-1","max-image-preview":"max-image-preview:large","max-video-preview":"max-video-preview:-1"},"canonical":"https:\/\/talkpal.ai\/pt-br\/exercicios-de-gramatica-armenia\/","og_locale":"pt_BR","og_type":"article","og_title":"Exerc\u00edcios de gram\u00e1tica arm\u00eania","og_description":"T\u00f3picos de gram\u00e1tica arm\u00eania O arm\u00eanio \u00e9 uma l\u00edngua indo-europeia falada principalmente na Rep\u00fablica da Arm\u00eania e pela di\u00e1spora arm\u00eania em todo o mundo.","og_url":"https:\/\/talkpal.ai\/pt-br\/exercicios-de-gramatica-armenia\/","og_site_name":"Talkpal","article_publisher":"https:\/\/www.facebook.com\/profile.php?id=100090733639311","article_modified_time":"2025-05-22T19:38:47+00:00","og_image":[{"width":512,"height":512,"url":"https:\/\/talkpal.ai\/wp-content\/uploads\/2023\/05\/armenia.png","type":"image\/png"}],"twitter_card":"summary_large_image","twitter_site":"@talkpalai","twitter_misc":{"Est. tempo de leitura":"3 minutos"},"schema":{"@context":"https:\/\/schema.org","@graph":[{"@type":"WebPage","@id":"https:\/\/talkpal.ai\/pt-br\/exercicios-de-gramatica-armenia\/","url":"https:\/\/talkpal.ai\/pt-br\/exercicios-de-gramatica-armenia\/","name":"Exerc\u00edcios de gram\u00e1tica arm\u00eania - Talkpal","isPartOf":{"@id":"https:\/\/talkpal.ai\/pt-br\/#website"},"primaryImageOfPage":{"@id":"https:\/\/talkpal.ai\/pt-br\/exercicios-de-gramatica-armenia\/#primaryimage"},"image":{"@id":"https:\/\/talkpal.ai\/pt-br\/exercicios-de-gramatica-armenia\/#primaryimage"},"thumbnailUrl":"https:\/\/talkpal.ai\/wp-content\/uploads\/2023\/05\/armenia.png","datePublished":"2023-06-16T11:31:43+00:00","dateModified":"2025-05-22T19:38:47+00:00","description":"Domine a gram\u00e1tica arm\u00eania com os envolventes exerc\u00edcios de gram\u00e1tica arm\u00eania feitos sob medida por Talkpal, seu tutor de idiomas com intelig\u00eancia artificial.","breadcrumb":{"@id":"https:\/\/talkpal.ai\/pt-br\/exercicios-de-gramatica-armenia\/#breadcrumb"},"inLanguage":"pt-BR","potentialAction":[{"@type":"ReadAction","target":["https:\/\/talkpal.ai\/pt-br\/exercicios-de-gramatica-armenia\/"]}]},{"@type":"ImageObject","inLanguage":"pt-BR","@id":"https:\/\/talkpal.ai\/pt-br\/exercicios-de-gramatica-armenia\/#primaryimage","url":"https:\/\/talkpal.ai\/wp-content\/uploads\/2023\/05\/armenia.png","contentUrl":"https:\/\/talkpal.ai\/wp-content\/uploads\/2023\/05\/armenia.png","width":512,"height":512},{"@type":"BreadcrumbList","@id":"https:\/\/talkpal.ai\/pt-br\/exercicios-de-gramatica-armenia\/#breadcrumb","itemListElement":[{"@type":"ListItem","position":1,"name":"Homepage","item":"https:\/\/talkpal.ai\/pt-br\/"},{"@type":"ListItem","position":2,"name":"Exerc\u00edcios de gram\u00e1tica arm\u00eania"}]},{"@type":"WebSite","@id":"https:\/\/talkpal.ai\/pt-br\/#website","url":"https:\/\/talkpal.ai\/pt-br\/","name":"Talkpal","description":"AI Language Learning","publisher":{"@id":"https:\/\/talkpal.ai\/pt-br\/#organization"},"alternateName":"Talkpal AI","potentialAction":[{"@type":"SearchAction","target":{"@type":"EntryPoint","urlTemplate":"https:\/\/talkpal.ai\/pt-br\/?s={search_term_string}"},"query-input":{"@type":"PropertyValueSpecification","valueRequired":true,"valueName":"search_term_string"}}],"inLanguage":"pt-BR"},{"@type":"Organization","@id":"https:\/\/talkpal.ai\/pt-br\/#organization","name":"Talkpal, Inc.","alternateName":"Talkpal AI","url":"https:\/\/talkpal.ai\/pt-br\/","logo":{"@type":"ImageObject","inLanguage":"pt-BR","@id":"https:\/\/talkpal.ai\/pt-br\/#\/schema\/logo\/image\/","url":"https:\/\/talkpal.ai\/wp-content\/uploads\/2024\/03\/Talkpal-Logo-Icon.png","contentUrl":"https:\/\/talkpal.ai\/wp-content\/uploads\/2024\/03\/Talkpal-Logo-Icon.png","width":2880,"height":2880,"caption":"Talkpal, Inc."},"image":{"@id":"https:\/\/talkpal.ai\/pt-br\/#\/schema\/logo\/image\/"},"sameAs":["https:\/\/www.facebook.com\/profile.php?id=100090733639311","https:\/\/x.com\/talkpalai","https:\/\/www.linkedin.com\/company\/talkpal\/","https:\/\/www.youtube.com\/@TalkPal\/","https:\/\/www.tiktok.com\/@talkpal","https:\/\/www.instagram.com\/talkpal_ai\/","https:\/\/www.crunchbase.com\/organization\/talkpal-9cde","https:\/\/www.g2.com\/products\/talkpal-for-business\/","https:\/\/www.trustpilot.com\/review\/talkpal.ai","https:\/\/www.capterra.com\/p\/10006800\/TalkPal\/"],"description":"Talkpal is a language learning web and mobile education app, powered by the latest AI technologies, that provides engaging experiences to its customers in many different languages to help them improve their language skills. Users can chat about unlimited amount of topics with the app and use other modes to practice their language learning.","email":"support@talkpal.ai","legalName":"Talkpal, Inc.","foundingDate":"2023-04-03","duns":"118989042","numberOfEmployees":{"@type":"QuantitativeValue","minValue":"11","maxValue":"50"},"publishingPrinciples":"https:\/\/talkpal.ai\/publishing-principles\/","actionableFeedbackPolicy":"https:\/\/talkpal.ai\/actionable-feedback-policy\/","correctionsPolicy":"https:\/\/talkpal.ai\/corrections-policy\/","ethicsPolicy":"https:\/\/talkpal.ai\/ethics-policy\/","diversityPolicy":"https:\/\/talkpal.ai\/diversity-policy\/","diversityStaffingReport":"https:\/\/talkpal.ai\/diversity-policy\/"}]}},"_links":{"self":[{"href":"https:\/\/talkpal.ai\/pt-br\/wp-json\/wp\/v2\/pages\/166191","targetHints":{"allow":["GET"]}}],"collection":[{"href":"https:\/\/talkpal.ai\/pt-br\/wp-json\/wp\/v2\/pages"}],"about":[{"href":"https:\/\/talkpal.ai\/pt-br\/wp-json\/wp\/v2\/types\/page"}],"author":[{"embeddable":true,"href":"https:\/\/talkpal.ai\/pt-br\/wp-json\/wp\/v2\/users\/6"}],"replies":[{"embeddable":true,"href":"https:\/\/talkpal.ai\/pt-br\/wp-json\/wp\/v2\/comments?post=166191"}],"version-history":[{"count":0,"href":"https:\/\/talkpal.ai\/pt-br\/wp-json\/wp\/v2\/pages\/166191\/revisions"}],"wp:featuredmedia":[{"embeddable":true,"href":"https:\/\/talkpal.ai\/pt-br\/wp-json\/wp\/v2\/media\/109114"}],"wp:attachment":[{"href":"https:\/\/talkpal.ai\/pt-br\/wp-json\/wp\/v2\/media?parent=166191"}],"curies":[{"name":"wp","href":"https:\/\/api.w.org\/{rel}","templated":true}]}}