{"id":165922,"date":"2023-06-16T11:38:32","date_gmt":"2023-06-16T11:38:32","guid":{"rendered":"http:\/\/talkpal.ai\/exercicios-de-gramatica-do-azerbaijao\/"},"modified":"2025-05-22T21:35:19","modified_gmt":"2025-05-22T21:35:19","slug":"exercicios-de-gramatica-do-azerbaijao","status":"publish","type":"page","link":"https:\/\/talkpal.ai\/pt-br\/exercicios-de-gramatica-do-azerbaijao\/","title":{"rendered":"Exerc\u00edcios de Gram\u00e1tica do Azerbaij\u00e3o"},"content":{"rendered":"\r\n\r\n\r\n<section class=\"languageChallengeSection\">\r\n    <div class=\"languageInfoWrapper\">\r\n        \r\n        <h1>Exerc\u00edcios de Gram\u00e1tica do Azerbaij\u00e3o<\/h1>\r\n        <p>Voc\u00ea quer melhorar suas habilidades em <a href=\"https:\/\/talkpal.ai\/learn-azerbaijani\/\">azerbaijano<\/a>? Praticar exerc\u00edcios de gram\u00e1tica \u00e9 a maneira perfeita de voc\u00ea entender a estrutura das frases, as termina\u00e7\u00f5es verbais e os padr\u00f5es que tornam o idioma \u00fanico. Comece a praticar a gram\u00e1tica azerbaijana hoje mesmo e veja sua confian\u00e7a e flu\u00eancia aumentarem a cada passo!<\/p>\r\n\r\n                            <a class=\"getStartedHidden\" href=\"https:\/\/app.talkpal.ai\/pt-br\/signup?lng=\">Come\u00e7a<\/a>\r\n        \r\n    <\/div>\r\n\r\n    <figure>\r\n    <img decoding=\"async\" width=\"768\" height=\"768\" src=\"https:\/\/talkpal.ai\/wp-content\/uploads\/2023\/06\/azerbaijani-768x768.png\" class=\"languageImage no-lazy\" alt=\"Language learning for enhanced cognitive skills\" fetchpriority=\"high\" sizes=\"(max-width: 768px) 150px, 768px\" srcset=\"https:\/\/talkpal.ai\/wp-content\/uploads\/2023\/06\/azerbaijani-768x768.png 768w, https:\/\/talkpal.ai\/wp-content\/uploads\/2023\/06\/azerbaijani-300x300.png 300w\" \/>\r\n    \r\n\r\n    <\/figure>\r\n\r\n            <a class=\"getStartedVisible\" href=\"https:\/\/app.talkpal.ai\/pt-br\/signup?lng=\">Come\u00e7a<\/a>\r\n    \r\n<\/section>\r\n\r\n\r\n<!-- <section class=\"grammarSection\">\r\n    <div class=\"grammarLinks\">\r\n            <\/div>\r\n<\/section> -->\r\n\r\n\r\n\r\n\r\n<section class=\"promotionalBanner\">\r\n    <p class=\"promotionalText\">A maneira mais eficiente de aprender um idioma<\/p>\r\n    <a class=\"promotionalLink\" href=\"https:\/\/app.talkpal.ai\/pt-br\/signup?lng=\">Experimente o Talkpal gratuitamente<\/a>\r\n<\/section>\n<div class=\"wp-block-group pageContainerStyle\"><div class=\"wp-block-group__inner-container is-layout-constrained wp-block-group-is-layout-constrained\">\n<h2 class=\"wp-block-heading\" id=\"h-azerbaijani-grammar-topics\">T\u00f3picos de gram\u00e1tica do Azerbaij\u00e3o<\/h2>\n\n\n\n<p>O azeri, tamb\u00e9m conhecido <a href=\"https:\/\/talkpal.ai\/locations\/language-courses-in-como\/\">como<\/a> azeri, \u00e9 uma l\u00edngua turca falada principalmente no Azerbaij\u00e3o e nas regi\u00f5es vizinhas. \u00c9 a l\u00edngua oficial da Rep\u00fablica do Azerbaij\u00e3o e tem falantes significativos no Ir\u00e3, Turquia, Ge\u00f3rgia e R\u00fassia. <a href=\"https:\/\/talkpal.ai\/locations\/language-courses-in-como\/\">Como<\/a> um aprendiz de azeri, \u00e9 essencial entender os aspectos fundamentais da l\u00edngua, como sua gram\u00e1tica, sintaxe e vocabul\u00e1rio. Este guia fornecer\u00e1 uma vis\u00e3o geral dos t\u00f3picos essenciais da <a href=\"https:\/\/talkpal.ai\/pt-pt\/o-que-ha-de-especial-na-gramatica-do-azerbaijao\/\">gram\u00e1tica do Azerbaij\u00e3o<\/a>, agrupados em uma sequ\u00eancia l\u00f3gica para ajud\u00e1-lo a aprender o idioma de forma eficaz e com facilidade.<\/p>\n\n\n\n<h3 class=\"wp-block-heading\" id=\"h-1-nouns-and-articles\">1. Substantivos e Artigos:<\/h3>\n\n\n\n<p>No Azerbaij\u00e3o, os substantivos s\u00e3o os blocos de constru\u00e7\u00e3o das frases, e entender seu uso \u00e9 crucial. Substantivos n\u00e3o t\u00eam g\u00eanero, e n\u00e3o h\u00e1 <a href=\"https:\/\/talkpal.ai\/pt-pt\/grammar\/artigo-indefinido-na-gramatica-galesa\/\">artigo indefinido<\/a>. No entanto, o artigo definido \u00e9 adicionado como um sufixo ao substantivo.<\/p>\n\n\n\n<h3 class=\"wp-block-heading\" id=\"h-2-adjectives\">2. Adjetivos:<\/h3>\n\n\n\n<p>Adjetivos em Azerbaij\u00e3o s\u00e3o usados para descrever substantivos. Eles sempre v\u00eam antes do substantivo que modificam e n\u00e3o mudam sua forma de acordo com o g\u00eanero ou n\u00famero do substantivo.<\/p>\n\n\n\n<h3 class=\"wp-block-heading\" id=\"h-3-pronouns-determiners\">3. Pronomes\/Determinantes:<\/h3>\n\n\n\n<p>Os pronomes s\u00e3o usados para substituir substantivos, enquanto os determinantes s\u00e3o usados para especificar a quantidade ou a defini\u00e7\u00e3o do substantivo. Ambos s\u00e3o componentes essenciais das senten\u00e7as do Azerbaij\u00e3o.<\/p>\n\n\n\n<h3 class=\"wp-block-heading\" id=\"h-4-verbs\">4. Verbos:<\/h3>\n\n\n\n<p>Os verbos do Azerbaij\u00e3o s\u00e3o as palavras de a\u00e7\u00e3o da l\u00edngua. Eles mudam de forma dependendo do tempo, humor e voz. Compreender a conjuga\u00e7\u00e3o de verbos \u00e9 crucial para dominar a gram\u00e1tica do Azerbaij\u00e3o.<\/p>\n\n\n\n<h3 class=\"wp-block-heading\" id=\"h-5-tenses\">5. Tempos:<\/h3>\n\n\n\n<p>O azerbaijano tem seis tempos verbais: <a href=\"https:\/\/talkpal.ai\/zh-hans\/grammar_exercises\/presente-%e8%a5%bf%e7%8f%ad%e7%89%99%e8%af%ad%e6%b3%95%e7%bb%83%e4%b9%a0\/\">presente<\/a>, passado, <a href=\"https:\/\/talkpal.ai\/ja\/grammar_exercises\/futuro-%e3%82%b9%e3%83%9a%e3%82%a4%e3%83%b3%e8%aa%9e%e3%81%ae%e6%96%87%e6%b3%95%e3%81%ae%e6%bc%94%e7%bf%92\/\">futuro<\/a>, <a href=\"https:\/\/talkpal.ai\/ko\/grammar\/presente-perfeito-%eb%b9%84%ea%b5%90-%ed%8f%ac%eb%a5%b4%ed%88%ac%ea%b0%88%ec%96%b4-%eb%ac%b8%ec%96%91\/\">presente perfeito<\/a>, passado perfeito e futuro perfeito. Cada tempo tem suas regras de conjuga\u00e7\u00e3o e \u00e9 usado para expressar a\u00e7\u00f5es ou estados em momentos diferentes.<\/p>\n\n\n\n<h3 class=\"wp-block-heading\" id=\"h-6-tense-comparison\">6. Compara\u00e7\u00e3o tensa:<\/h3>\n\n\n\n<p>Comparar tempos no Azerbaij\u00e3o ajuda a entender as diferen\u00e7as na express\u00e3o de tempo e a\u00e7\u00f5es. \u00c9 uma habilidade crucial para uma comunica\u00e7\u00e3o eficaz.<\/p>\n\n\n\n<h3 class=\"wp-block-heading\" id=\"h-7-progressive\">7. Progressiva:<\/h3>\n\n\n\n<p>O aspecto progressista no Azerbaij\u00e3o \u00e9 usado para descrever as a\u00e7\u00f5es em andamento. Ele \u00e9 formado pelo uso de verbos auxiliares e \u00e9 essencial para entender o fluxo de eventos em uma frase.<\/p>\n\n\n\n<h3 class=\"wp-block-heading\" id=\"h-8-perfect-progressive\">8. Perfeito Progressivo:<\/h3>\n\n\n\n<p>Tempos progressivos perfeitos s\u00e3o usados para descrever a\u00e7\u00f5es que come\u00e7aram no passado e continuam at\u00e9 o presente ou futuro. Eles combinam os aspectos perfeitos e progressivos e s\u00e3o essenciais para expressar a\u00e7\u00f5es complexas.<\/p>\n\n\n\n<h3 class=\"wp-block-heading\" id=\"h-9-adverbs\">9. Adv\u00e9rbios:<\/h3>\n\n\n\n<p>Adv\u00e9rbios no Azerbaij\u00e3o s\u00e3o usados para modificar verbos, adjetivos ou outros adv\u00e9rbios. Eles fornecem informa\u00e7\u00f5es adicionais sobre a\u00e7\u00f5es ou estados e s\u00e3o essenciais para a cria\u00e7\u00e3o de senten\u00e7as mais precisas e descritivas.<\/p>\n\n\n\n<h3 class=\"wp-block-heading\" id=\"h-10-conditionals\">10. Condicionais:<\/h3>\n\n\n\n<p>As condicionais s\u00e3o usadas para expressar situa\u00e7\u00f5es hipot\u00e9ticas e suas poss\u00edveis consequ\u00eancias. Eles s\u00e3o essenciais para expressar incertezas e fazer previs\u00f5es no Azerbaij\u00e3o.<\/p>\n\n\n\n<h3 class=\"wp-block-heading\" id=\"h-11-prepositions\">11. Preposi\u00e7\u00f5es:<\/h3>\n\n\n\n<p>Preposi\u00e7\u00f5es s\u00e3o usadas para mostrar rela\u00e7\u00f5es entre substantivos ou pronomes e outras palavras em uma frase. Eles s\u00e3o essenciais para expressar rela\u00e7\u00f5es espaciais, temporais e l\u00f3gicas no Azerbaij\u00e3o.<\/p>\n\n\n\n<h3 class=\"wp-block-heading\" id=\"h-12-sentences\">12. Senten\u00e7as:<\/h3>\n\n\n\n<p>As senten\u00e7as do Azerbaij\u00e3o seguem uma ordem de palavras sujeito-objeto-verbo (SOV). Compreender a estrutura das senten\u00e7as \u00e9 crucial para uma comunica\u00e7\u00e3o eficaz e para o dom\u00ednio da l\u00edngua azeri.<\/p>\n<\/div><\/div>\n\r\n<section class=\"learnNavigationSection\">\r\n            \r\n        <a href=\"https:\/\/talkpal.ai\/pt-br\/aprenda-azerbaijao\/\">\r\n            <div class=\"learnNavigationWrapper\">\r\n                <div class=\"learnNavigationContent\">\r\n                    <img decoding=\"async\" src=\"https:\/\/talkpal.ai\/wp-content\/uploads\/2024\/08\/Azerbaijani.jpg\" alt=\"Azerbaijani Flag\">\r\n                    <div>\r\n                        <h4>Sobre o aprendizado do Azerbaij\u00e3o<\/h4>\r\n                        <p>Saiba tudo sobre a gram\u00e1tica do Azerbaij\u00e3o .<\/p>\r\n                    <\/div>\r\n                <\/div>\r\n            <\/div>\r\n        <\/a>\r\n\r\n        \r\n        <a href=\"https:\/\/talkpal.ai\/pt-br\/gramatica-do-azerbaijao\/\">\r\n            <div class=\"learnNavigationWrapper\">\r\n                <div class=\"learnNavigationContent\">\r\n                    <img decoding=\"async\" src=\"https:\/\/talkpal.ai\/wp-content\/uploads\/2024\/08\/Azerbaijani.jpg\" alt=\"Azerbaijani Flag\">\r\n                    <div>\r\n                        <h4>Li\u00e7\u00f5es de Gram\u00e1tica do Azerbaij\u00e3o<\/h4>\r\n                        <p>Pratique a gram\u00e1tica do Azerbaij\u00e3o .<\/p>\r\n                    <\/div>\r\n                <\/div>\r\n            <\/div>\r\n        <\/a>\r\n\r\n        \r\n        <a href=\"https:\/\/talkpal.ai\/vocabulary_language\/azerbaijani\/\">\r\n            <div class=\"learnNavigationWrapper\">\r\n                <div class=\"learnNavigationContent\">\r\n                    <img decoding=\"async\" src=\"https:\/\/talkpal.ai\/wp-content\/uploads\/2024\/08\/Azerbaijani.jpg\" alt=\"Azerbaijani Flag\">\r\n                    <div>\r\n                        <h4>Vocabul\u00e1rio azerbaijano<\/h4>\r\n                        <p>Amplie seu vocabul\u00e1rio azerbaijano.<\/p>\r\n                    <\/div>\r\n                <\/div>\r\n            <\/div>\r\n        <\/a>\r\n\r\n            <\/section>","protected":false},"excerpt":{"rendered":"<p>T\u00f3picos de gram\u00e1tica do Azerbaij\u00e3o O azeri, tamb\u00e9m conhecido como azeri, \u00e9 uma l\u00edngua turca falada principalmente no Azerbaij\u00e3o e nas regi\u00f5es vizinhas. \u00c9 a l\u00edngua oficial da Rep\u00fablica do Azerbaij\u00e3o e tem falantes significativos no Ir\u00e3, Turquia, Ge\u00f3rgia e R\u00fassia. Como um aprendiz de azeri, \u00e9 essencial entender os aspectos fundamentais da l\u00edngua, como [&hellip;]<\/p>\n","protected":false},"author":6,"featured_media":109436,"parent":0,"menu_order":0,"comment_status":"closed","ping_status":"closed","template":"LearningContentPage.php","meta":{"_acf_changed":false,"footnotes":""},"class_list":["post-165922","page","type-page","status-publish","has-post-thumbnail","hentry"],"acf":[],"yoast_head":"<!-- This site is optimized with the Yoast SEO Premium plugin v27.2 (Yoast SEO v27.2) - https:\/\/yoast.com\/product\/yoast-seo-premium-wordpress\/ -->\n<title>Exerc\u00edcios de Gram\u00e1tica do Azerbaij\u00e3o - Talkpal<\/title>\n<meta name=\"description\" content=\"Melhore suas habilidades no idioma azerbaijano com os exerc\u00edcios interativos de gram\u00e1tica azerbaijana do Talkpal, seu tutor de idiomas com intelig\u00eancia artificial.\" \/>\n<meta name=\"robots\" content=\"index, follow, max-snippet:-1, max-image-preview:large, max-video-preview:-1\" \/>\n<link rel=\"canonical\" href=\"https:\/\/talkpal.ai\/pt-br\/exercicios-de-gramatica-do-azerbaijao\/\" \/>\n<meta property=\"og:locale\" content=\"pt_BR\" \/>\n<meta property=\"og:type\" content=\"article\" \/>\n<meta property=\"og:title\" content=\"Exerc\u00edcios de Gram\u00e1tica do Azerbaij\u00e3o\" \/>\n<meta property=\"og:description\" content=\"T\u00f3picos de gram\u00e1tica do Azerbaij\u00e3o O azeri, tamb\u00e9m conhecido como azeri, \u00e9 uma l\u00edngua turca falada principalmente no Azerbaij\u00e3o e nas regi\u00f5es vizinhas. \u00c9\" \/>\n<meta property=\"og:url\" content=\"https:\/\/talkpal.ai\/pt-br\/exercicios-de-gramatica-do-azerbaijao\/\" \/>\n<meta property=\"og:site_name\" content=\"Talkpal\" \/>\n<meta property=\"article:publisher\" content=\"https:\/\/www.facebook.com\/profile.php?id=100090733639311\" \/>\n<meta property=\"article:modified_time\" content=\"2025-05-22T21:35:19+00:00\" \/>\n<meta property=\"og:image\" content=\"https:\/\/talkpal.ai\/wp-content\/uploads\/2023\/05\/azerbaijan.png\" \/>\n\t<meta property=\"og:image:width\" content=\"512\" \/>\n\t<meta property=\"og:image:height\" content=\"512\" \/>\n\t<meta property=\"og:image:type\" content=\"image\/png\" \/>\n<meta name=\"twitter:card\" content=\"summary_large_image\" \/>\n<meta name=\"twitter:site\" content=\"@talkpalai\" \/>\n<meta name=\"twitter:label1\" content=\"Est. tempo de leitura\" \/>\n\t<meta name=\"twitter:data1\" content=\"3 minutos\" \/>\n<script type=\"application\/ld+json\" class=\"yoast-schema-graph\">{\"@context\":\"https:\/\/schema.org\",\"@graph\":[{\"@type\":\"WebPage\",\"@id\":\"https:\/\/talkpal.ai\/pt-br\/exercicios-de-gramatica-do-azerbaijao\/\",\"url\":\"https:\/\/talkpal.ai\/pt-br\/exercicios-de-gramatica-do-azerbaijao\/\",\"name\":\"Exerc\u00edcios de Gram\u00e1tica do Azerbaij\u00e3o - Talkpal\",\"isPartOf\":{\"@id\":\"https:\/\/talkpal.ai\/pt-br\/#website\"},\"primaryImageOfPage\":{\"@id\":\"https:\/\/talkpal.ai\/pt-br\/exercicios-de-gramatica-do-azerbaijao\/#primaryimage\"},\"image\":{\"@id\":\"https:\/\/talkpal.ai\/pt-br\/exercicios-de-gramatica-do-azerbaijao\/#primaryimage\"},\"thumbnailUrl\":\"https:\/\/talkpal.ai\/wp-content\/uploads\/2023\/05\/azerbaijan.png\",\"datePublished\":\"2023-06-16T11:38:32+00:00\",\"dateModified\":\"2025-05-22T21:35:19+00:00\",\"description\":\"Melhore suas habilidades no idioma azerbaijano com os exerc\u00edcios interativos de gram\u00e1tica azerbaijana do Talkpal, seu tutor de idiomas com intelig\u00eancia artificial.\",\"breadcrumb\":{\"@id\":\"https:\/\/talkpal.ai\/pt-br\/exercicios-de-gramatica-do-azerbaijao\/#breadcrumb\"},\"inLanguage\":\"pt-BR\",\"potentialAction\":[{\"@type\":\"ReadAction\",\"target\":[\"https:\/\/talkpal.ai\/pt-br\/exercicios-de-gramatica-do-azerbaijao\/\"]}]},{\"@type\":\"ImageObject\",\"inLanguage\":\"pt-BR\",\"@id\":\"https:\/\/talkpal.ai\/pt-br\/exercicios-de-gramatica-do-azerbaijao\/#primaryimage\",\"url\":\"https:\/\/talkpal.ai\/wp-content\/uploads\/2023\/05\/azerbaijan.png\",\"contentUrl\":\"https:\/\/talkpal.ai\/wp-content\/uploads\/2023\/05\/azerbaijan.png\",\"width\":512,\"height\":512},{\"@type\":\"BreadcrumbList\",\"@id\":\"https:\/\/talkpal.ai\/pt-br\/exercicios-de-gramatica-do-azerbaijao\/#breadcrumb\",\"itemListElement\":[{\"@type\":\"ListItem\",\"position\":1,\"name\":\"Homepage\",\"item\":\"https:\/\/talkpal.ai\/pt-br\/\"},{\"@type\":\"ListItem\",\"position\":2,\"name\":\"Exerc\u00edcios de Gram\u00e1tica do Azerbaij\u00e3o\"}]},{\"@type\":\"WebSite\",\"@id\":\"https:\/\/talkpal.ai\/pt-br\/#website\",\"url\":\"https:\/\/talkpal.ai\/pt-br\/\",\"name\":\"Talkpal\",\"description\":\"AI Language Learning\",\"publisher\":{\"@id\":\"https:\/\/talkpal.ai\/pt-br\/#organization\"},\"alternateName\":\"Talkpal AI\",\"potentialAction\":[{\"@type\":\"SearchAction\",\"target\":{\"@type\":\"EntryPoint\",\"urlTemplate\":\"https:\/\/talkpal.ai\/pt-br\/?s={search_term_string}\"},\"query-input\":{\"@type\":\"PropertyValueSpecification\",\"valueRequired\":true,\"valueName\":\"search_term_string\"}}],\"inLanguage\":\"pt-BR\"},{\"@type\":\"Organization\",\"@id\":\"https:\/\/talkpal.ai\/pt-br\/#organization\",\"name\":\"Talkpal, Inc.\",\"alternateName\":\"Talkpal AI\",\"url\":\"https:\/\/talkpal.ai\/pt-br\/\",\"logo\":{\"@type\":\"ImageObject\",\"inLanguage\":\"pt-BR\",\"@id\":\"https:\/\/talkpal.ai\/pt-br\/#\/schema\/logo\/image\/\",\"url\":\"https:\/\/talkpal.ai\/wp-content\/uploads\/2024\/03\/Talkpal-Logo-Icon.png\",\"contentUrl\":\"https:\/\/talkpal.ai\/wp-content\/uploads\/2024\/03\/Talkpal-Logo-Icon.png\",\"width\":2880,\"height\":2880,\"caption\":\"Talkpal, Inc.\"},\"image\":{\"@id\":\"https:\/\/talkpal.ai\/pt-br\/#\/schema\/logo\/image\/\"},\"sameAs\":[\"https:\/\/www.facebook.com\/profile.php?id=100090733639311\",\"https:\/\/x.com\/talkpalai\",\"https:\/\/www.linkedin.com\/company\/talkpal\/\",\"https:\/\/www.youtube.com\/@TalkPal\/\",\"https:\/\/www.tiktok.com\/@talkpal\",\"https:\/\/www.instagram.com\/talkpal_ai\/\",\"https:\/\/www.crunchbase.com\/organization\/talkpal-9cde\",\"https:\/\/www.g2.com\/products\/talkpal-for-business\/\",\"https:\/\/www.trustpilot.com\/review\/talkpal.ai\",\"https:\/\/www.capterra.com\/p\/10006800\/TalkPal\/\"],\"description\":\"Talkpal is a language learning web and mobile education app, powered by the latest AI technologies, that provides engaging experiences to its customers in many different languages to help them improve their language skills. Users can chat about unlimited amount of topics with the app and use other modes to practice their language learning.\",\"email\":\"support@talkpal.ai\",\"legalName\":\"Talkpal, Inc.\",\"foundingDate\":\"2023-04-03\",\"duns\":\"118989042\",\"numberOfEmployees\":{\"@type\":\"QuantitativeValue\",\"minValue\":\"11\",\"maxValue\":\"50\"},\"publishingPrinciples\":\"https:\/\/talkpal.ai\/publishing-principles\/\",\"actionableFeedbackPolicy\":\"https:\/\/talkpal.ai\/actionable-feedback-policy\/\",\"correctionsPolicy\":\"https:\/\/talkpal.ai\/corrections-policy\/\",\"ethicsPolicy\":\"https:\/\/talkpal.ai\/ethics-policy\/\",\"diversityPolicy\":\"https:\/\/talkpal.ai\/diversity-policy\/\",\"diversityStaffingReport\":\"https:\/\/talkpal.ai\/diversity-policy\/\"}]}<\/script>\n<!-- \/ Yoast SEO Premium plugin. -->","yoast_head_json":{"title":"Exerc\u00edcios de Gram\u00e1tica do Azerbaij\u00e3o - Talkpal","description":"Melhore suas habilidades no idioma azerbaijano com os exerc\u00edcios interativos de gram\u00e1tica azerbaijana do Talkpal, seu tutor de idiomas com intelig\u00eancia artificial.","robots":{"index":"index","follow":"follow","max-snippet":"max-snippet:-1","max-image-preview":"max-image-preview:large","max-video-preview":"max-video-preview:-1"},"canonical":"https:\/\/talkpal.ai\/pt-br\/exercicios-de-gramatica-do-azerbaijao\/","og_locale":"pt_BR","og_type":"article","og_title":"Exerc\u00edcios de Gram\u00e1tica do Azerbaij\u00e3o","og_description":"T\u00f3picos de gram\u00e1tica do Azerbaij\u00e3o O azeri, tamb\u00e9m conhecido como azeri, \u00e9 uma l\u00edngua turca falada principalmente no Azerbaij\u00e3o e nas regi\u00f5es vizinhas. \u00c9","og_url":"https:\/\/talkpal.ai\/pt-br\/exercicios-de-gramatica-do-azerbaijao\/","og_site_name":"Talkpal","article_publisher":"https:\/\/www.facebook.com\/profile.php?id=100090733639311","article_modified_time":"2025-05-22T21:35:19+00:00","og_image":[{"width":512,"height":512,"url":"https:\/\/talkpal.ai\/wp-content\/uploads\/2023\/05\/azerbaijan.png","type":"image\/png"}],"twitter_card":"summary_large_image","twitter_site":"@talkpalai","twitter_misc":{"Est. tempo de leitura":"3 minutos"},"schema":{"@context":"https:\/\/schema.org","@graph":[{"@type":"WebPage","@id":"https:\/\/talkpal.ai\/pt-br\/exercicios-de-gramatica-do-azerbaijao\/","url":"https:\/\/talkpal.ai\/pt-br\/exercicios-de-gramatica-do-azerbaijao\/","name":"Exerc\u00edcios de Gram\u00e1tica do Azerbaij\u00e3o - Talkpal","isPartOf":{"@id":"https:\/\/talkpal.ai\/pt-br\/#website"},"primaryImageOfPage":{"@id":"https:\/\/talkpal.ai\/pt-br\/exercicios-de-gramatica-do-azerbaijao\/#primaryimage"},"image":{"@id":"https:\/\/talkpal.ai\/pt-br\/exercicios-de-gramatica-do-azerbaijao\/#primaryimage"},"thumbnailUrl":"https:\/\/talkpal.ai\/wp-content\/uploads\/2023\/05\/azerbaijan.png","datePublished":"2023-06-16T11:38:32+00:00","dateModified":"2025-05-22T21:35:19+00:00","description":"Melhore suas habilidades no idioma azerbaijano com os exerc\u00edcios interativos de gram\u00e1tica azerbaijana do Talkpal, seu tutor de idiomas com intelig\u00eancia artificial.","breadcrumb":{"@id":"https:\/\/talkpal.ai\/pt-br\/exercicios-de-gramatica-do-azerbaijao\/#breadcrumb"},"inLanguage":"pt-BR","potentialAction":[{"@type":"ReadAction","target":["https:\/\/talkpal.ai\/pt-br\/exercicios-de-gramatica-do-azerbaijao\/"]}]},{"@type":"ImageObject","inLanguage":"pt-BR","@id":"https:\/\/talkpal.ai\/pt-br\/exercicios-de-gramatica-do-azerbaijao\/#primaryimage","url":"https:\/\/talkpal.ai\/wp-content\/uploads\/2023\/05\/azerbaijan.png","contentUrl":"https:\/\/talkpal.ai\/wp-content\/uploads\/2023\/05\/azerbaijan.png","width":512,"height":512},{"@type":"BreadcrumbList","@id":"https:\/\/talkpal.ai\/pt-br\/exercicios-de-gramatica-do-azerbaijao\/#breadcrumb","itemListElement":[{"@type":"ListItem","position":1,"name":"Homepage","item":"https:\/\/talkpal.ai\/pt-br\/"},{"@type":"ListItem","position":2,"name":"Exerc\u00edcios de Gram\u00e1tica do Azerbaij\u00e3o"}]},{"@type":"WebSite","@id":"https:\/\/talkpal.ai\/pt-br\/#website","url":"https:\/\/talkpal.ai\/pt-br\/","name":"Talkpal","description":"AI Language Learning","publisher":{"@id":"https:\/\/talkpal.ai\/pt-br\/#organization"},"alternateName":"Talkpal AI","potentialAction":[{"@type":"SearchAction","target":{"@type":"EntryPoint","urlTemplate":"https:\/\/talkpal.ai\/pt-br\/?s={search_term_string}"},"query-input":{"@type":"PropertyValueSpecification","valueRequired":true,"valueName":"search_term_string"}}],"inLanguage":"pt-BR"},{"@type":"Organization","@id":"https:\/\/talkpal.ai\/pt-br\/#organization","name":"Talkpal, Inc.","alternateName":"Talkpal AI","url":"https:\/\/talkpal.ai\/pt-br\/","logo":{"@type":"ImageObject","inLanguage":"pt-BR","@id":"https:\/\/talkpal.ai\/pt-br\/#\/schema\/logo\/image\/","url":"https:\/\/talkpal.ai\/wp-content\/uploads\/2024\/03\/Talkpal-Logo-Icon.png","contentUrl":"https:\/\/talkpal.ai\/wp-content\/uploads\/2024\/03\/Talkpal-Logo-Icon.png","width":2880,"height":2880,"caption":"Talkpal, Inc."},"image":{"@id":"https:\/\/talkpal.ai\/pt-br\/#\/schema\/logo\/image\/"},"sameAs":["https:\/\/www.facebook.com\/profile.php?id=100090733639311","https:\/\/x.com\/talkpalai","https:\/\/www.linkedin.com\/company\/talkpal\/","https:\/\/www.youtube.com\/@TalkPal\/","https:\/\/www.tiktok.com\/@talkpal","https:\/\/www.instagram.com\/talkpal_ai\/","https:\/\/www.crunchbase.com\/organization\/talkpal-9cde","https:\/\/www.g2.com\/products\/talkpal-for-business\/","https:\/\/www.trustpilot.com\/review\/talkpal.ai","https:\/\/www.capterra.com\/p\/10006800\/TalkPal\/"],"description":"Talkpal is a language learning web and mobile education app, powered by the latest AI technologies, that provides engaging experiences to its customers in many different languages to help them improve their language skills. Users can chat about unlimited amount of topics with the app and use other modes to practice their language learning.","email":"support@talkpal.ai","legalName":"Talkpal, Inc.","foundingDate":"2023-04-03","duns":"118989042","numberOfEmployees":{"@type":"QuantitativeValue","minValue":"11","maxValue":"50"},"publishingPrinciples":"https:\/\/talkpal.ai\/publishing-principles\/","actionableFeedbackPolicy":"https:\/\/talkpal.ai\/actionable-feedback-policy\/","correctionsPolicy":"https:\/\/talkpal.ai\/corrections-policy\/","ethicsPolicy":"https:\/\/talkpal.ai\/ethics-policy\/","diversityPolicy":"https:\/\/talkpal.ai\/diversity-policy\/","diversityStaffingReport":"https:\/\/talkpal.ai\/diversity-policy\/"}]}},"_links":{"self":[{"href":"https:\/\/talkpal.ai\/pt-br\/wp-json\/wp\/v2\/pages\/165922","targetHints":{"allow":["GET"]}}],"collection":[{"href":"https:\/\/talkpal.ai\/pt-br\/wp-json\/wp\/v2\/pages"}],"about":[{"href":"https:\/\/talkpal.ai\/pt-br\/wp-json\/wp\/v2\/types\/page"}],"author":[{"embeddable":true,"href":"https:\/\/talkpal.ai\/pt-br\/wp-json\/wp\/v2\/users\/6"}],"replies":[{"embeddable":true,"href":"https:\/\/talkpal.ai\/pt-br\/wp-json\/wp\/v2\/comments?post=165922"}],"version-history":[{"count":0,"href":"https:\/\/talkpal.ai\/pt-br\/wp-json\/wp\/v2\/pages\/165922\/revisions"}],"wp:featuredmedia":[{"embeddable":true,"href":"https:\/\/talkpal.ai\/pt-br\/wp-json\/wp\/v2\/media\/109436"}],"wp:attachment":[{"href":"https:\/\/talkpal.ai\/pt-br\/wp-json\/wp\/v2\/media?parent=165922"}],"curies":[{"name":"wp","href":"https:\/\/api.w.org\/{rel}","templated":true}]}}