{"id":1647897,"date":"2026-02-27T10:51:45","date_gmt":"2026-02-27T10:51:45","guid":{"rendered":"https:\/\/talkpal.ai\/domine-a-comunicacao-empresarial-profissional-com-ia\/"},"modified":"2026-02-27T11:34:02","modified_gmt":"2026-02-27T11:34:02","slug":"domine-a-comunicacao-empresarial-profissional-com-ia","status":"publish","type":"page","link":"https:\/\/talkpal.ai\/pt-br\/domine-a-comunicacao-empresarial-profissional-com-ia\/","title":{"rendered":"Domine a comunica\u00e7\u00e3o empresarial profissional com IA"},"content":{"rendered":"\r\n\r\n\r\n<section class=\"languageChallengeSection\">\r\n    <div class=\"languageInfoWrapper\">\r\n        \r\n        <h1>Domine a comunica\u00e7\u00e3o empresarial profissional com IA<\/h1>\r\n        <p>Tenha conversas perspicazes sobre t\u00f3picos espec\u00edficos do setor que voc\u00ea considera relevantes e obtenha feedback imediato para aprimorar suas habilidades lingu\u00edsticas profissionais. Apenas 10 minutos de pr\u00e1tica direcionada por dia fazem uma diferen\u00e7a real em sua carreira!<\/p>\r\n\r\n                            <a class=\"getStartedHidden\" href=\"https:\/\/app.talkpal.ai\/pt-br\/signup?lng=\">Come\u00e7a<\/a>\r\n        \r\n    <\/div>\r\n\r\n    <figure>\r\n    <img decoding=\"async\" width=\"768\" height=\"635\" src=\"https:\/\/talkpal.ai\/wp-content\/uploads\/2026\/02\/busniess_courses-768x635.webp\" class=\"languageImage no-lazy\" alt=\"Cursos de neg\u00f3cios\" fetchpriority=\"high\" sizes=\"(max-width: 768px) 150px, 768px\" srcset=\"https:\/\/talkpal.ai\/wp-content\/uploads\/2026\/02\/busniess_courses-768x635.webp 768w, https:\/\/talkpal.ai\/wp-content\/uploads\/2026\/02\/busniess_courses-300x248.webp 300w\" \/>\r\n    \r\n\r\n    <\/figure>\r\n\r\n            <a class=\"getStartedVisible\" href=\"https:\/\/app.talkpal.ai\/pt-br\/signup?lng=\">Come\u00e7a<\/a>\r\n    \r\n<\/section><section class=\"promotionalBanner\">\r\n    <p class=\"promotionalText\">A maneira mais eficiente de aprender um idioma<\/p>\r\n    <a class=\"promotionalLink\" href=\"https:\/\/app.talkpal.ai\/pt-br\/signup?lng=\">Experimente o Talkpal gratuitamente<\/a>\r\n<\/section>\n<div class=\"wp-block-group pageContainerStyle\"><div class=\"wp-block-group__inner-container is-layout-constrained wp-block-group-is-layout-constrained\">\n<h2 class=\"wp-block-heading\" id=\"h-we-are-talkpal\">N\u00f3s somos Talkpal<\/h2>\n\n\n\n<p>Aprender um <a href=\"https:\/\/talkpal.ai\/talkpal-new-years-discount\/\">novo<\/a> idioma para neg\u00f3cios pode ser uma experi\u00eancia empolgante e desafiadora. Abre novas portas a oportunidades, tanto a n\u00edvel pessoal <a href=\"https:\/\/talkpal.ai\/locations\/language-courses-in-como\/\">como<\/a> profissional. A <a href=\"https:\/\/talkpal.ai\/ko\/ai-%ec%96%b8%ec%96%b4-%ea%b5%90%ec%82%ac\/\">Talkpal<\/a> vem desenvolvendo e treinando seus algoritmos h\u00e1 anos para criar o <a href=\"https:\/\/talkpal.ai\/es\/la-mejor-aplicacion-de-conversacion-con-ia\/\">melhor<\/a> tutor de IA. \u00c0 medida que o mercado global evolui, \u00e9 essencial que voc\u00ea entenda os benef\u00edcios de aprender um idioma comercial com as tecnologias mais recentes.<\/p>\n\n\n\n<h2 class=\"wp-block-heading\" id=\"h-choosing-the-right-language-learning-platform\">Escolher a plataforma de aprendizagem de l\u00ednguas correcta<\/h2>\n\n\n\n<p>Com tantas plataformas dispon\u00edveis, \u00e9 importante considerar fatores como a metodologia de ensino, as op\u00e7\u00f5es de idioma e a aplica\u00e7\u00e3o pr\u00e1tica. O Talkpal oferece uma metodologia baseada em bate-papo focada em conversas profissionais da vida real, em vez de apenas vocabul\u00e1rio para iniciantes. Dispon\u00edvel em mais de 80 idiomas e adequado para todos os n\u00edveis, o Talkpal permite que nossos clientes eliminem o t\u00e9dio do treinamento corporativo. Aprender a navegar em uma negocia\u00e7\u00e3o comercial com um modelo de IA nunca foi t\u00e3o f\u00e1cil e divertido. Experimente gratuitamente hoje mesmo.<\/p>\n<\/div><\/div>\n\r\n\r\n\r\n<section class=\"smartFunSection\">\r\n            \r\n            <div class=\"smartFunCard\">\r\n                <div class=\"smartFunWrapper\"><img decoding=\"async\" src=\"https:\/\/talkpal.ai\/wp-content\/uploads\/2025\/05\/1.png\" alt=\"Learning Stats Screenshot\"><\/div>\r\n                <h3>Aprendizagem personalizada<\/h3>\r\n                <p>Ao aproveitar os pontos fortes da IA e da ci\u00eancia da linguagem, nossas sess\u00f5es de cursos de neg\u00f3cios s\u00e3o personalizadas para permitir que voc\u00ea aprenda no n\u00edvel e no ritmo ideais, fornecendo conte\u00fado espec\u00edfico do setor que \u00e9 feito sob medida para sua carreira.<\/p>\r\n            <\/div>\r\n\r\n        \r\n            <div class=\"smartFunCard\">\r\n                <div class=\"smartFunWrapper\"><img decoding=\"async\" src=\"https:\/\/talkpal.ai\/wp-content\/uploads\/2025\/05\/2.png\" alt=\"Pronunciation Score Screenshot\"><\/div>\r\n                <h3>Eficaz e eficiente<\/h3>\r\n                <p>Com o Talkpal, voc\u00ea pode praticar a leitura de relat\u00f3rios, ouvir apresenta\u00e7\u00f5es e falar em reuni\u00f5es com efici\u00eancia. D\u00ea uma olhada em nosso novo curso profissional de neg\u00f3cios!<\/p>\r\n            <\/div>\r\n\r\n        \r\n            <div class=\"smartFunCard\">\r\n                <div class=\"smartFunWrapper\"><img decoding=\"async\" src=\"https:\/\/talkpal.ai\/wp-content\/uploads\/2025\/05\/3.png\" alt=\"Chat Topics Screenshot\"><\/div>\r\n                <h3>Manter-se empenhado<\/h3>\r\n                <p>Facilitamos o desenvolvimento de um h\u00e1bito de aprendizagem incorporando desafios agrad\u00e1veis e perguntas profissionais perspicazes para manter voc\u00ea motivado e envolvido ap\u00f3s um longo dia de trabalho.<\/p>\r\n            <\/div>\r\n\r\n        \r\n            <div class=\"smartFunCard\">\r\n                <div class=\"smartFunWrapper\"><img decoding=\"async\" src=\"https:\/\/talkpal.ai\/wp-content\/uploads\/2025\/05\/4.png\" alt=\"Dashboard Screenshot\"><\/div>\r\n                <h3>Divertir-se<\/h3>\r\n                <p>O treinamento profissional n\u00e3o precisa ser chato e mon\u00f3tono! Aprimore suas habilidades profissionais todos os dias com exerc\u00edcios cativantes. Fa\u00e7a perguntas comerciais complexas ou incomuns e veja como a IA do Talkpal reage.<\/p>\r\n            <\/div>\r\n\r\n            \r\n<\/section>\n<div class=\"wp-block-group pageContainerStyle\"><div class=\"wp-block-group__inner-container is-layout-constrained wp-block-group-is-layout-constrained\">\n<h2 class=\"wp-block-heading\" id=\"h-why-learn-a-business-language\"><strong>Por que aprender um idioma comercial?<\/strong><\/h2>\n\n\n\n<p>Em nosso mundo interconectado, ser capaz de se comunicar profissionalmente al\u00e9m das fronteiras \u00e9 a chave universal para os neg\u00f3cios, a <a href=\"https:\/\/talkpal.ai\/talkpal-for-education\/\">educa\u00e7\u00e3o<\/a> e o com\u00e9rcio global. No entanto, aprender as nuances formais de um novo idioma pode consumir muito tempo. Com o avan\u00e7o da tecnologia, dominar a comunica\u00e7\u00e3o empresarial ficou muito mais f\u00e1cil. Neste artigo, exploraremos por que aprender por meio do <a href=\"https:\/\/talkpal.ai\/lt\/talkpal-verslui\/\">Talkpal AI<\/a> Chat \u00e9 a maneira mais eficaz de elevar suas habilidades profissionais.<\/p>\n<\/div><\/div>\n\n<div class=\"wp-block-group pageContainerStyle\"><div class=\"wp-block-group__inner-container is-layout-constrained wp-block-group-is-layout-constrained\">\n<h2 class=\"wp-block-heading\" id=\"h-why-is-business-language-difficult\"><strong>Por que a linguagem comercial \u00e9 dif\u00edcil?<\/strong><\/h2>\n\n\n\n<p>O dom\u00ednio de um idioma para o local de trabalho envolve desafios \u00fanicos em compara\u00e7\u00e3o com a conversa\u00e7\u00e3o casual:<\/p>\n\n\n\n<h3 class=\"wp-block-heading\" id=\"h-professional-tone-and-pronunciation\"><strong>Tom e pron\u00fancia profissionais<\/strong><\/h3>\n\n\n\n<p>A articula\u00e7\u00e3o clara \u00e9 fundamental nas reuni\u00f5es. Os alunos devem dominar sons espec\u00edficos e padr\u00f5es de estresse para garantir que sejam perfeitamente compreendidos por clientes e colegas internacionais.<\/p>\n\n\n\n<h3 class=\"wp-block-heading\" id=\"h-grammar-and-syntax\"><strong><strong>Gram\u00e1tica e sintaxe<\/strong><\/strong><\/h3>\n\n\n\n<p>A gram\u00e1tica comercial exige um alto n\u00edvel de polidez e estrutura formal. Entender como formatar solicita\u00e7\u00f5es, propostas e correspond\u00eancias oficiais pode ser complexo.<\/p>\n\n\n\n<h3 class=\"wp-block-heading\" id=\"h-vocabulary-and-corporate-jargon\"><strong><strong><strong>Vocabul\u00e1rio e jarg\u00e3o corporativo<\/strong><\/strong><\/strong><\/h3>\n\n\n\n<p>Todo setor tem um extenso vocabul\u00e1rio de termos especializados, acr\u00f4nimos e express\u00f5es idiom\u00e1ticas. Navegar por esse jarg\u00e3o corporativo pode ser dif\u00edcil para os alunos.<\/p>\n\n\n\n<h3 class=\"wp-block-heading\" id=\"h-written-communication\"><strong><strong><strong><strong>Comunica\u00e7\u00e3o escrita<\/strong><\/strong><\/strong><\/strong><\/h3>\n\n\n\n<p>A reda\u00e7\u00e3o de e-mails, relat\u00f3rios e contratos profissionais requer um conjunto de habilidades diferente das mensagens de texto casuais, exigindo um forte dom\u00ednio da ortografia e da fraseologia formal.<\/p>\n\n\n\n<h3 class=\"wp-block-heading\" id=\"h-business-language-learning-strategies\"><strong>Estrat\u00e9gias de aprendizado de idiomas para neg\u00f3cios<\/strong><\/h3>\n\n\n\n<h4 class=\"wp-block-heading\" id=\"h-listening-and-speaking\">Audi\u00e7\u00e3o e express\u00e3o oral<\/h4>\n\n\n\n<p>Para melhorar a flu\u00eancia em reuni\u00f5es, os alunos devem praticar a escuta de especialistas do setor e participar de conversas corporativas simuladas usando aplicativos m\u00f3veis como o Talkpal.<\/p>\n\n\n\n<h4 class=\"wp-block-heading\" id=\"h-reading\">Leitura<\/h4>\n\n\n\n<p>Ler relat\u00f3rios financeiros, not\u00edcias do setor e e-mails profissionais \u00e9 essencial para expandir o vocabul\u00e1rio corporativo e melhorar a compreens\u00e3o.<\/p>\n\n\n\n<h4 class=\"wp-block-heading\" id=\"h-writing\">Escrita<\/h4>\n\n\n\n<p>A escrita \u00e9 fundamental para o local de trabalho. Os alunos devem praticar regularmente a reda\u00e7\u00e3o de e-mails formais, atualiza\u00e7\u00f5es de projetos e propostas comerciais.<\/p>\n\n\n\n<h4 class=\"wp-block-heading\" id=\"h-grammar-and-vocabulary\">Gram\u00e1tica e vocabul\u00e1rio<\/h4>\n\n\n\n<p>Dedicar tempo para estudar as regras gramaticais formais e os termos espec\u00edficos do setor \u00e9 fundamental para que voc\u00ea pare\u00e7a profissional e com autoridade.<\/p>\n\n\n\n<h2 class=\"wp-block-heading\" id=\"h-conclusion\">Conclus\u00e3o<\/h2>\n\n\n\n<p>Aprender um idioma para o mundo profissional apresenta desafios \u00fanicos, desde o dom\u00ednio da gram\u00e1tica formal at\u00e9 a etiqueta cultural. No entanto, com as estrat\u00e9gias certas e o apoio de um tutor de IA, profissionais de todos os n\u00edveis podem superar esses obst\u00e1culos e colher os benef\u00edcios da comunica\u00e7\u00e3o global que definem a carreira.<\/p>\n<\/div><\/div>\n<section class=\"promotionalBanner\">\r\n    <p class=\"promotionalText\">A maneira mais eficiente de aprender um idioma<\/p>\r\n    <a class=\"promotionalLink\" href=\"https:\/\/app.talkpal.ai\/pt-br\/signup?lng=\">Experimente o Talkpal gratuitamente<\/a>\r\n<\/section>","protected":false},"excerpt":{"rendered":"<p>N\u00f3s somos Talkpal Aprender um novo idioma para neg\u00f3cios pode ser uma experi\u00eancia empolgante e desafiadora. Abre novas portas a oportunidades, tanto a n\u00edvel pessoal como profissional. A Talkpal vem desenvolvendo e treinando seus algoritmos h\u00e1 anos para criar o melhor tutor de IA. \u00c0 medida que o mercado global evolui, \u00e9 essencial que voc\u00ea [&hellip;]<\/p>\n","protected":false},"author":20,"featured_media":1647899,"parent":0,"menu_order":0,"comment_status":"closed","ping_status":"closed","template":"LearningContentPage.php","meta":{"_acf_changed":false,"footnotes":""},"class_list":["post-1647897","page","type-page","status-publish","has-post-thumbnail","hentry"],"acf":[],"yoast_head":"<!-- This site is optimized with the Yoast SEO Premium plugin v27.2 (Yoast SEO v27.2) - https:\/\/yoast.com\/product\/yoast-seo-premium-wordpress\/ -->\n<title>Domine a comunica\u00e7\u00e3o empresarial profissional com IA - Talkpal<\/title>\n<meta name=\"description\" content=\"Eleve sua carreira com o novo curso de idiomas para neg\u00f3cios da Talkpal. Pratique cen\u00e1rios profissionais da vida real em mais de 80 idiomas com nosso tutor de IA em qualquer lugar, a qualquer hora!\" \/>\n<meta name=\"robots\" content=\"index, follow, max-snippet:-1, max-image-preview:large, max-video-preview:-1\" \/>\n<link rel=\"canonical\" href=\"https:\/\/talkpal.ai\/pt-br\/domine-a-comunicacao-empresarial-profissional-com-ia\/\" \/>\n<meta property=\"og:locale\" content=\"pt_BR\" \/>\n<meta property=\"og:type\" content=\"article\" \/>\n<meta property=\"og:title\" content=\"Domine a comunica\u00e7\u00e3o empresarial profissional com IA\" \/>\n<meta property=\"og:description\" content=\"N\u00f3s somos Talkpal Aprender um novo idioma para neg\u00f3cios pode ser uma experi\u00eancia empolgante e desafiadora. Abre novas portas a oportunidades, tanto a\" \/>\n<meta property=\"og:url\" content=\"https:\/\/talkpal.ai\/pt-br\/domine-a-comunicacao-empresarial-profissional-com-ia\/\" \/>\n<meta property=\"og:site_name\" content=\"Talkpal\" \/>\n<meta property=\"article:publisher\" content=\"https:\/\/www.facebook.com\/profile.php?id=100090733639311\" \/>\n<meta property=\"article:modified_time\" content=\"2026-02-27T11:34:02+00:00\" \/>\n<meta property=\"og:image\" content=\"https:\/\/talkpal.ai\/wp-content\/uploads\/2026\/02\/busniess_courses.webp\" \/>\n\t<meta property=\"og:image:width\" content=\"1200\" \/>\n\t<meta property=\"og:image:height\" content=\"992\" \/>\n\t<meta property=\"og:image:type\" content=\"image\/webp\" \/>\n<meta name=\"twitter:card\" content=\"summary_large_image\" \/>\n<meta name=\"twitter:site\" content=\"@talkpalai\" \/>\n<meta name=\"twitter:label1\" content=\"Est. tempo de leitura\" \/>\n\t<meta name=\"twitter:data1\" content=\"3 minutos\" \/>\n<script type=\"application\/ld+json\" class=\"yoast-schema-graph\">{\"@context\":\"https:\/\/schema.org\",\"@graph\":[{\"@type\":\"WebPage\",\"@id\":\"https:\/\/talkpal.ai\/pt-br\/domine-a-comunicacao-empresarial-profissional-com-ia\/\",\"url\":\"https:\/\/talkpal.ai\/pt-br\/domine-a-comunicacao-empresarial-profissional-com-ia\/\",\"name\":\"Domine a comunica\u00e7\u00e3o empresarial profissional com IA - Talkpal\",\"isPartOf\":{\"@id\":\"https:\/\/talkpal.ai\/pt-br\/#website\"},\"primaryImageOfPage\":{\"@id\":\"https:\/\/talkpal.ai\/pt-br\/domine-a-comunicacao-empresarial-profissional-com-ia\/#primaryimage\"},\"image\":{\"@id\":\"https:\/\/talkpal.ai\/pt-br\/domine-a-comunicacao-empresarial-profissional-com-ia\/#primaryimage\"},\"thumbnailUrl\":\"https:\/\/talkpal.ai\/wp-content\/uploads\/2026\/02\/busniess_courses.webp\",\"datePublished\":\"2026-02-27T10:51:45+00:00\",\"dateModified\":\"2026-02-27T11:34:02+00:00\",\"description\":\"Eleve sua carreira com o novo curso de idiomas para neg\u00f3cios da Talkpal. Pratique cen\u00e1rios profissionais da vida real em mais de 80 idiomas com nosso tutor de IA em qualquer lugar, a qualquer hora!\",\"breadcrumb\":{\"@id\":\"https:\/\/talkpal.ai\/pt-br\/domine-a-comunicacao-empresarial-profissional-com-ia\/#breadcrumb\"},\"inLanguage\":\"pt-BR\",\"potentialAction\":[{\"@type\":\"ReadAction\",\"target\":[\"https:\/\/talkpal.ai\/pt-br\/domine-a-comunicacao-empresarial-profissional-com-ia\/\"]}]},{\"@type\":\"ImageObject\",\"inLanguage\":\"pt-BR\",\"@id\":\"https:\/\/talkpal.ai\/pt-br\/domine-a-comunicacao-empresarial-profissional-com-ia\/#primaryimage\",\"url\":\"https:\/\/talkpal.ai\/wp-content\/uploads\/2026\/02\/busniess_courses.webp\",\"contentUrl\":\"https:\/\/talkpal.ai\/wp-content\/uploads\/2026\/02\/busniess_courses.webp\",\"width\":1200,\"height\":992,\"caption\":\"Cursos de neg\u00f3cios\"},{\"@type\":\"BreadcrumbList\",\"@id\":\"https:\/\/talkpal.ai\/pt-br\/domine-a-comunicacao-empresarial-profissional-com-ia\/#breadcrumb\",\"itemListElement\":[{\"@type\":\"ListItem\",\"position\":1,\"name\":\"Homepage\",\"item\":\"https:\/\/talkpal.ai\/pt-br\/\"},{\"@type\":\"ListItem\",\"position\":2,\"name\":\"Domine a comunica\u00e7\u00e3o empresarial profissional com IA\"}]},{\"@type\":\"WebSite\",\"@id\":\"https:\/\/talkpal.ai\/pt-br\/#website\",\"url\":\"https:\/\/talkpal.ai\/pt-br\/\",\"name\":\"Talkpal\",\"description\":\"AI Language Learning\",\"publisher\":{\"@id\":\"https:\/\/talkpal.ai\/pt-br\/#organization\"},\"alternateName\":\"Talkpal AI\",\"potentialAction\":[{\"@type\":\"SearchAction\",\"target\":{\"@type\":\"EntryPoint\",\"urlTemplate\":\"https:\/\/talkpal.ai\/pt-br\/?s={search_term_string}\"},\"query-input\":{\"@type\":\"PropertyValueSpecification\",\"valueRequired\":true,\"valueName\":\"search_term_string\"}}],\"inLanguage\":\"pt-BR\"},{\"@type\":\"Organization\",\"@id\":\"https:\/\/talkpal.ai\/pt-br\/#organization\",\"name\":\"Talkpal, Inc.\",\"alternateName\":\"Talkpal AI\",\"url\":\"https:\/\/talkpal.ai\/pt-br\/\",\"logo\":{\"@type\":\"ImageObject\",\"inLanguage\":\"pt-BR\",\"@id\":\"https:\/\/talkpal.ai\/pt-br\/#\/schema\/logo\/image\/\",\"url\":\"https:\/\/talkpal.ai\/wp-content\/uploads\/2024\/03\/Talkpal-Logo-Icon.png\",\"contentUrl\":\"https:\/\/talkpal.ai\/wp-content\/uploads\/2024\/03\/Talkpal-Logo-Icon.png\",\"width\":2880,\"height\":2880,\"caption\":\"Talkpal, Inc.\"},\"image\":{\"@id\":\"https:\/\/talkpal.ai\/pt-br\/#\/schema\/logo\/image\/\"},\"sameAs\":[\"https:\/\/www.facebook.com\/profile.php?id=100090733639311\",\"https:\/\/x.com\/talkpalai\",\"https:\/\/www.linkedin.com\/company\/talkpal\/\",\"https:\/\/www.youtube.com\/@TalkPal\/\",\"https:\/\/www.tiktok.com\/@talkpal\",\"https:\/\/www.instagram.com\/talkpal_ai\/\",\"https:\/\/www.crunchbase.com\/organization\/talkpal-9cde\",\"https:\/\/www.g2.com\/products\/talkpal-for-business\/\",\"https:\/\/www.trustpilot.com\/review\/talkpal.ai\",\"https:\/\/www.capterra.com\/p\/10006800\/TalkPal\/\"],\"description\":\"Talkpal is a language learning web and mobile education app, powered by the latest AI technologies, that provides engaging experiences to its customers in many different languages to help them improve their language skills. Users can chat about unlimited amount of topics with the app and use other modes to practice their language learning.\",\"email\":\"support@talkpal.ai\",\"legalName\":\"Talkpal, Inc.\",\"foundingDate\":\"2023-04-03\",\"duns\":\"118989042\",\"numberOfEmployees\":{\"@type\":\"QuantitativeValue\",\"minValue\":\"11\",\"maxValue\":\"50\"},\"publishingPrinciples\":\"https:\/\/talkpal.ai\/publishing-principles\/\",\"actionableFeedbackPolicy\":\"https:\/\/talkpal.ai\/actionable-feedback-policy\/\",\"correctionsPolicy\":\"https:\/\/talkpal.ai\/corrections-policy\/\",\"ethicsPolicy\":\"https:\/\/talkpal.ai\/ethics-policy\/\",\"diversityPolicy\":\"https:\/\/talkpal.ai\/diversity-policy\/\",\"diversityStaffingReport\":\"https:\/\/talkpal.ai\/diversity-policy\/\"}]}<\/script>\n<!-- \/ Yoast SEO Premium plugin. -->","yoast_head_json":{"title":"Domine a comunica\u00e7\u00e3o empresarial profissional com IA - Talkpal","description":"Eleve sua carreira com o novo curso de idiomas para neg\u00f3cios da Talkpal. Pratique cen\u00e1rios profissionais da vida real em mais de 80 idiomas com nosso tutor de IA em qualquer lugar, a qualquer hora!","robots":{"index":"index","follow":"follow","max-snippet":"max-snippet:-1","max-image-preview":"max-image-preview:large","max-video-preview":"max-video-preview:-1"},"canonical":"https:\/\/talkpal.ai\/pt-br\/domine-a-comunicacao-empresarial-profissional-com-ia\/","og_locale":"pt_BR","og_type":"article","og_title":"Domine a comunica\u00e7\u00e3o empresarial profissional com IA","og_description":"N\u00f3s somos Talkpal Aprender um novo idioma para neg\u00f3cios pode ser uma experi\u00eancia empolgante e desafiadora. Abre novas portas a oportunidades, tanto a","og_url":"https:\/\/talkpal.ai\/pt-br\/domine-a-comunicacao-empresarial-profissional-com-ia\/","og_site_name":"Talkpal","article_publisher":"https:\/\/www.facebook.com\/profile.php?id=100090733639311","article_modified_time":"2026-02-27T11:34:02+00:00","og_image":[{"width":1200,"height":992,"url":"https:\/\/talkpal.ai\/wp-content\/uploads\/2026\/02\/busniess_courses.webp","type":"image\/webp"}],"twitter_card":"summary_large_image","twitter_site":"@talkpalai","twitter_misc":{"Est. tempo de leitura":"3 minutos"},"schema":{"@context":"https:\/\/schema.org","@graph":[{"@type":"WebPage","@id":"https:\/\/talkpal.ai\/pt-br\/domine-a-comunicacao-empresarial-profissional-com-ia\/","url":"https:\/\/talkpal.ai\/pt-br\/domine-a-comunicacao-empresarial-profissional-com-ia\/","name":"Domine a comunica\u00e7\u00e3o empresarial profissional com IA - Talkpal","isPartOf":{"@id":"https:\/\/talkpal.ai\/pt-br\/#website"},"primaryImageOfPage":{"@id":"https:\/\/talkpal.ai\/pt-br\/domine-a-comunicacao-empresarial-profissional-com-ia\/#primaryimage"},"image":{"@id":"https:\/\/talkpal.ai\/pt-br\/domine-a-comunicacao-empresarial-profissional-com-ia\/#primaryimage"},"thumbnailUrl":"https:\/\/talkpal.ai\/wp-content\/uploads\/2026\/02\/busniess_courses.webp","datePublished":"2026-02-27T10:51:45+00:00","dateModified":"2026-02-27T11:34:02+00:00","description":"Eleve sua carreira com o novo curso de idiomas para neg\u00f3cios da Talkpal. Pratique cen\u00e1rios profissionais da vida real em mais de 80 idiomas com nosso tutor de IA em qualquer lugar, a qualquer hora!","breadcrumb":{"@id":"https:\/\/talkpal.ai\/pt-br\/domine-a-comunicacao-empresarial-profissional-com-ia\/#breadcrumb"},"inLanguage":"pt-BR","potentialAction":[{"@type":"ReadAction","target":["https:\/\/talkpal.ai\/pt-br\/domine-a-comunicacao-empresarial-profissional-com-ia\/"]}]},{"@type":"ImageObject","inLanguage":"pt-BR","@id":"https:\/\/talkpal.ai\/pt-br\/domine-a-comunicacao-empresarial-profissional-com-ia\/#primaryimage","url":"https:\/\/talkpal.ai\/wp-content\/uploads\/2026\/02\/busniess_courses.webp","contentUrl":"https:\/\/talkpal.ai\/wp-content\/uploads\/2026\/02\/busniess_courses.webp","width":1200,"height":992,"caption":"Cursos de neg\u00f3cios"},{"@type":"BreadcrumbList","@id":"https:\/\/talkpal.ai\/pt-br\/domine-a-comunicacao-empresarial-profissional-com-ia\/#breadcrumb","itemListElement":[{"@type":"ListItem","position":1,"name":"Homepage","item":"https:\/\/talkpal.ai\/pt-br\/"},{"@type":"ListItem","position":2,"name":"Domine a comunica\u00e7\u00e3o empresarial profissional com IA"}]},{"@type":"WebSite","@id":"https:\/\/talkpal.ai\/pt-br\/#website","url":"https:\/\/talkpal.ai\/pt-br\/","name":"Talkpal","description":"AI Language Learning","publisher":{"@id":"https:\/\/talkpal.ai\/pt-br\/#organization"},"alternateName":"Talkpal AI","potentialAction":[{"@type":"SearchAction","target":{"@type":"EntryPoint","urlTemplate":"https:\/\/talkpal.ai\/pt-br\/?s={search_term_string}"},"query-input":{"@type":"PropertyValueSpecification","valueRequired":true,"valueName":"search_term_string"}}],"inLanguage":"pt-BR"},{"@type":"Organization","@id":"https:\/\/talkpal.ai\/pt-br\/#organization","name":"Talkpal, Inc.","alternateName":"Talkpal AI","url":"https:\/\/talkpal.ai\/pt-br\/","logo":{"@type":"ImageObject","inLanguage":"pt-BR","@id":"https:\/\/talkpal.ai\/pt-br\/#\/schema\/logo\/image\/","url":"https:\/\/talkpal.ai\/wp-content\/uploads\/2024\/03\/Talkpal-Logo-Icon.png","contentUrl":"https:\/\/talkpal.ai\/wp-content\/uploads\/2024\/03\/Talkpal-Logo-Icon.png","width":2880,"height":2880,"caption":"Talkpal, Inc."},"image":{"@id":"https:\/\/talkpal.ai\/pt-br\/#\/schema\/logo\/image\/"},"sameAs":["https:\/\/www.facebook.com\/profile.php?id=100090733639311","https:\/\/x.com\/talkpalai","https:\/\/www.linkedin.com\/company\/talkpal\/","https:\/\/www.youtube.com\/@TalkPal\/","https:\/\/www.tiktok.com\/@talkpal","https:\/\/www.instagram.com\/talkpal_ai\/","https:\/\/www.crunchbase.com\/organization\/talkpal-9cde","https:\/\/www.g2.com\/products\/talkpal-for-business\/","https:\/\/www.trustpilot.com\/review\/talkpal.ai","https:\/\/www.capterra.com\/p\/10006800\/TalkPal\/"],"description":"Talkpal is a language learning web and mobile education app, powered by the latest AI technologies, that provides engaging experiences to its customers in many different languages to help them improve their language skills. Users can chat about unlimited amount of topics with the app and use other modes to practice their language learning.","email":"support@talkpal.ai","legalName":"Talkpal, Inc.","foundingDate":"2023-04-03","duns":"118989042","numberOfEmployees":{"@type":"QuantitativeValue","minValue":"11","maxValue":"50"},"publishingPrinciples":"https:\/\/talkpal.ai\/publishing-principles\/","actionableFeedbackPolicy":"https:\/\/talkpal.ai\/actionable-feedback-policy\/","correctionsPolicy":"https:\/\/talkpal.ai\/corrections-policy\/","ethicsPolicy":"https:\/\/talkpal.ai\/ethics-policy\/","diversityPolicy":"https:\/\/talkpal.ai\/diversity-policy\/","diversityStaffingReport":"https:\/\/talkpal.ai\/diversity-policy\/"}]}},"_links":{"self":[{"href":"https:\/\/talkpal.ai\/pt-br\/wp-json\/wp\/v2\/pages\/1647897","targetHints":{"allow":["GET"]}}],"collection":[{"href":"https:\/\/talkpal.ai\/pt-br\/wp-json\/wp\/v2\/pages"}],"about":[{"href":"https:\/\/talkpal.ai\/pt-br\/wp-json\/wp\/v2\/types\/page"}],"author":[{"embeddable":true,"href":"https:\/\/talkpal.ai\/pt-br\/wp-json\/wp\/v2\/users\/20"}],"replies":[{"embeddable":true,"href":"https:\/\/talkpal.ai\/pt-br\/wp-json\/wp\/v2\/comments?post=1647897"}],"version-history":[{"count":0,"href":"https:\/\/talkpal.ai\/pt-br\/wp-json\/wp\/v2\/pages\/1647897\/revisions"}],"wp:featuredmedia":[{"embeddable":true,"href":"https:\/\/talkpal.ai\/pt-br\/wp-json\/wp\/v2\/media\/1647899"}],"wp:attachment":[{"href":"https:\/\/talkpal.ai\/pt-br\/wp-json\/wp\/v2\/media?parent=1647897"}],"curies":[{"name":"wp","href":"https:\/\/api.w.org\/{rel}","templated":true}]}}