{"id":1647896,"date":"2026-02-27T11:00:49","date_gmt":"2026-02-27T11:00:49","guid":{"rendered":"https:\/\/talkpal.ai\/aprenda-a-linguagem-juridica-profissional-com-ia\/"},"modified":"2026-02-27T11:33:41","modified_gmt":"2026-02-27T11:33:41","slug":"aprenda-a-linguagem-juridica-profissional-com-ia","status":"publish","type":"page","link":"https:\/\/talkpal.ai\/pt-br\/aprenda-a-linguagem-juridica-profissional-com-ia\/","title":{"rendered":"Aprenda a linguagem jur\u00eddica profissional com IA"},"content":{"rendered":"\r\n\r\n\r\n<section class=\"languageChallengeSection\">\r\n    <div class=\"languageInfoWrapper\">\r\n        \r\n        <h1>Aprenda a linguagem jur\u00eddica profissional com IA<\/h1>\r\n        <p>Tenha conversas perspicazes sobre t\u00f3picos jur\u00eddicos complexos que voc\u00ea considera interessantes e obtenha feedback imediato para aprimorar suas habilidades de comunica\u00e7\u00e3o profissional. Apenas 10 minutos de pr\u00e1tica por dia fazem uma diferen\u00e7a real em sua carreira!<\/p>\r\n\r\n                            <a class=\"getStartedHidden\" href=\"https:\/\/app.talkpal.ai\/pt-br\/signup?lng=\">Come\u00e7a<\/a>\r\n        \r\n    <\/div>\r\n\r\n    <figure>\r\n    <img decoding=\"async\" width=\"768\" height=\"635\" src=\"https:\/\/talkpal.ai\/wp-content\/uploads\/2026\/02\/law_courses-768x635.webp\" class=\"languageImage no-lazy\" alt=\"Cursos de Direito\" fetchpriority=\"high\" sizes=\"(max-width: 768px) 150px, 768px\" srcset=\"https:\/\/talkpal.ai\/wp-content\/uploads\/2026\/02\/law_courses-768x635.webp 768w, https:\/\/talkpal.ai\/wp-content\/uploads\/2026\/02\/law_courses-300x248.webp 300w\" \/>\r\n    \r\n\r\n    <\/figure>\r\n\r\n            <a class=\"getStartedVisible\" href=\"https:\/\/app.talkpal.ai\/pt-br\/signup?lng=\">Come\u00e7a<\/a>\r\n    \r\n<\/section><section class=\"promotionalBanner\">\r\n    <p class=\"promotionalText\">A maneira mais eficiente de aprender um idioma<\/p>\r\n    <a class=\"promotionalLink\" href=\"https:\/\/app.talkpal.ai\/pt-br\/signup?lng=\">Experimente o Talkpal gratuitamente<\/a>\r\n<\/section>\n<div class=\"wp-block-group pageContainerStyle\"><div class=\"wp-block-group__inner-container is-layout-constrained wp-block-group-is-layout-constrained\">\n<h2 class=\"wp-block-heading\" id=\"h-we-are-talkpal\">N\u00f3s somos Talkpal<\/h2>\n\n\n\n<p>Aprender o idioma do direito pode ser uma experi\u00eancia empolgante e desafiadora. Isso abre novas portas para oportunidades de carreira internacional. A <a href=\"https:\/\/talkpal.ai\/ko\/ai-%ec%96%b8%ec%96%b4-%ea%b5%90%ec%82%ac\/\">Talkpal<\/a> vem desenvolvendo e treinando seus algoritmos h\u00e1 anos para ensinar mais de 80 idiomas. \u00c0 medida que a tecnologia evolui, \u00e9 importante que voc\u00ea entenda os benef\u00edcios de aprimorar suas habilidades profissionais com as ferramentas de IA mais recentes.<\/p>\n\n\n\n<h2 class=\"wp-block-heading\" id=\"h-choosing-the-right-language-learning-platform\">Escolher a plataforma de aprendizagem de l\u00ednguas correcta<\/h2>\n\n\n\n<p>Com tantas plataformas dispon\u00edveis, \u00e9 importante considerar fatores <a href=\"https:\/\/talkpal.ai\/locations\/language-courses-in-como\/\">como<\/a> metodologia de ensino, op\u00e7\u00f5es de idioma e aplica\u00e7\u00e3o pr\u00e1tica. A Talkpal oferece uma metodologia baseada em bate-papo que se concentra em situa\u00e7\u00f5es jur\u00eddicas da vida real sem estresse. Dispon\u00edvel em mais de 80 idiomas, aprender a falar formalmente em uma conversa real com o nosso modelo de IA elimina o t\u00e9dio e o elemento de tarefa do desenvolvimento profissional. Experimente gratuitamente hoje mesmo!<\/p>\n<\/div><\/div>\n\r\n\r\n\r\n<section class=\"smartFunSection\">\r\n            \r\n            <div class=\"smartFunCard\">\r\n                <div class=\"smartFunWrapper\"><img decoding=\"async\" src=\"https:\/\/talkpal.ai\/wp-content\/uploads\/2025\/05\/1.png\" alt=\"Learning Stats Screenshot\"><\/div>\r\n                <h3>Aprendizagem personalizada<\/h3>\r\n                <p>Ao aproveitar os pontos fortes da IA e da ci\u00eancia da linguagem, nossas sess\u00f5es de cursos de Direito s\u00e3o personalizadas para permitir que voc\u00ea aprenda no n\u00edvel e no ritmo ideais, fornecendo conte\u00fado jur\u00eddico feito sob medida para voc\u00ea.<\/p>\r\n            <\/div>\r\n\r\n        \r\n            <div class=\"smartFunCard\">\r\n                <div class=\"smartFunWrapper\"><img decoding=\"async\" src=\"https:\/\/talkpal.ai\/wp-content\/uploads\/2025\/05\/2.png\" alt=\"Pronunciation Score Screenshot\"><\/div>\r\n                <h3>Eficaz e eficiente<\/h3>\r\n                <p>Com o Talkpal, voc\u00ea pode praticar a leitura de contratos, ouvir testemunhos e falar em julgamentos simulados de maneira eficiente e eficaz.<\/p>\r\n            <\/div>\r\n\r\n        \r\n            <div class=\"smartFunCard\">\r\n                <div class=\"smartFunWrapper\"><img decoding=\"async\" src=\"https:\/\/talkpal.ai\/wp-content\/uploads\/2025\/05\/3.png\" alt=\"Chat Topics Screenshot\"><\/div>\r\n                <h3>Manter-se empenhado<\/h3>\r\n                <p>Facilitamos o desenvolvimento de um h\u00e1bito de aprendizagem incorporando desafios agrad\u00e1veis e perguntas perspicazes sobre casos espec\u00edficos para manter voc\u00ea motivado e envolvido.<\/p>\r\n            <\/div>\r\n\r\n        \r\n            <div class=\"smartFunCard\">\r\n                <div class=\"smartFunWrapper\"><img decoding=\"async\" src=\"https:\/\/talkpal.ai\/wp-content\/uploads\/2025\/05\/4.png\" alt=\"Dashboard Screenshot\"><\/div>\r\n                <h3>Divertir-se<\/h3>\r\n                <p>Estudar direito n\u00e3o precisa ser chato e mon\u00f3tono! Aprimore suas habilidades profissionais todos os dias com exerc\u00edcios cativantes. Fa\u00e7a perguntas jur\u00eddicas complexas ou incomuns e veja como o tutor de IA do Talkpal reage.<\/p>\r\n            <\/div>\r\n\r\n            \r\n<\/section>\n<div class=\"wp-block-group pageContainerStyle\"><div class=\"wp-block-group__inner-container is-layout-constrained wp-block-group-is-layout-constrained\">\n<h2 class=\"wp-block-heading\" id=\"h-why-the-professional-law-course\"><strong><strong>Por que o Curso de Direito Profissional?<\/strong><\/strong><\/h2>\n\n\n\n<p>O setor jur\u00eddico \u00e9 um dos setores mais vitais e globalmente conectados do mundo. Ser capaz de comunicar conceitos jur\u00eddicos com clareza \u00e9 essencial para os neg\u00f3cios internacionais, a defesa dos direitos humanos e a diplomacia global. No entanto, aprender o jarg\u00e3o espec\u00edfico e o tom formal pode ser um processo demorado. Com o avan\u00e7o da tecnologia, dominar esse nicho se tornou muito mais f\u00e1cil. Neste artigo, exploramos por que utilizar o <a href=\"https:\/\/talkpal.ai\/lt\/talkpal-verslui\/\">Talkpal AI<\/a> Chat em seu <a href=\"https:\/\/talkpal.ai\/learn-professional-law-language-with-ai\/\">curso de Direito<\/a> \u00e9 a maneira mais eficiente de aprimorar suas habilidades profissionais.<\/p>\n<\/div><\/div>\n\n<div class=\"wp-block-group pageContainerStyle\"><div class=\"wp-block-group__inner-container is-layout-constrained wp-block-group-is-layout-constrained\">\n<h2 class=\"wp-block-heading\" id=\"h-why-is-legal-language-difficult\"><strong><strong>Por que a linguagem jur\u00eddica \u00e9 dif\u00edcil?<\/strong><\/strong><\/h2>\n\n\n\n<h3 class=\"wp-block-heading\" id=\"h-pronunciation\"><strong>Pron\u00fancia<\/strong><\/h3>\n\n\n\n<p>Um dos <a href=\"https:\/\/talkpal.ai\/talkpal-discount-for-seniors\/\">maiores<\/a> obst\u00e1culos \u00e9 dominar a pron\u00fancia de terminologia jur\u00eddica complexa, muitas vezes baseada em latim. O <a href=\"https:\/\/talkpal.ai\/locations\/learn-english-in-registro\/\">registro<\/a> formal exige uma articula\u00e7\u00e3o precisa que pode ser intimidadora para os alunos.<\/p>\n\n\n\n<h3 class=\"wp-block-heading\" id=\"h-grammar-and-syntax\"><strong><strong>Gram\u00e1tica e sintaxe<\/strong><\/strong><\/h3>\n\n\n\n<p>A gram\u00e1tica jur\u00eddica \u00e9 notoriamente complexa, com frases longas e condicionais, in\u00fameras regras e formata\u00e7\u00e3o rigorosa. Os alunos precisam entender estruturas altamente formais que diferem muito da linguagem de conversa\u00e7\u00e3o cotidiana.<\/p>\n\n\n\n<h3 class=\"wp-block-heading\" id=\"h-vocabulary-and-idioms\"><strong><strong><strong>Vocabul\u00e1rio e express\u00f5es idiom\u00e1ticas<\/strong><\/strong><\/strong><\/h3>\n\n\n\n<p>O campo jur\u00eddico tem um vocabul\u00e1rio extenso e altamente espec\u00edfico. Essa vasta gama de palavras pode ser esmagadora, especialmente quando voc\u00ea navega por express\u00f5es jur\u00eddicas, cl\u00e1usulas contratuais e jarg\u00f5es espec\u00edficos do setor cujos significados n\u00e3o podem ser deduzidos literalmente.<\/p>\n\n\n\n<h3 class=\"wp-block-heading\" id=\"h-spelling\"><strong><strong><strong><strong>Ortografia<\/strong><\/strong><\/strong><\/strong><\/h3>\n\n\n\n<p>A ortografia precisa n\u00e3o \u00e9 negoci\u00e1vel em documentos jur\u00eddicos. Uma \u00fanica letra mal colocada pode mudar o significado de um contrato, o que torna essa \u00e1rea de alta press\u00e3o para os alunos.<\/p>\n\n\n\n<h3 class=\"wp-block-heading\" id=\"h-language-learning-strategies-for-law\"><strong><strong>Estrat\u00e9gias de aprendizado de idiomas para Direito<\/strong><\/strong><\/h3>\n\n\n\n<h4 class=\"wp-block-heading\" id=\"h-listening-and-speaking\">Audi\u00e7\u00e3o e express\u00e3o oral<\/h4>\n\n\n\n<p>Para melhorar a flu\u00eancia, os alunos devem praticar a participa\u00e7\u00e3o em negocia\u00e7\u00f5es simuladas e entrevistas com clientes. A Talkpal oferece o ambiente perfeito para isso, sem estresse.<\/p>\n\n\n\n<h4 class=\"wp-block-heading\" id=\"h-reading\">Leitura<\/h4>\n\n\n\n<p>A leitura \u00e9 essencial para expandir o vocabul\u00e1rio. Os alunos devem ler uma variedade de textos, desde contratos corporativos at\u00e9 jurisprud\u00eancia, para se exporem a diferentes estilos de reda\u00e7\u00e3o jur\u00eddica.<\/p>\n\n\n\n<h4 class=\"wp-block-heading\" id=\"h-writing\">Escrita<\/h4>\n\n\n\n<p>A reda\u00e7\u00e3o \u00e9 uma habilidade essencial para a elabora\u00e7\u00e3o de documentos. Os alunos devem praticar a escrita regularmente, formular resumos jur\u00eddicos e resumir estudos de caso.<\/p>\n\n\n\n<h4 class=\"wp-block-heading\" id=\"h-grammar-and-vocabulary\">Gram\u00e1tica e vocabul\u00e1rio<\/h4>\n\n\n\n<p>\u00c9 necess\u00e1rio dedicar tempo ao estudo das regras espec\u00edficas da linguagem formal para projetar autoridade e profissionalismo no idioma de destino.<\/p>\n\n\n\n<h2 class=\"wp-block-heading\" id=\"h-conclusion\">Conclus\u00e3o<\/h2>\n\n\n\n<p>O aprendizado da linguagem jur\u00eddica profissional apresenta desafios \u00fanicos, desde a gram\u00e1tica r\u00edgida at\u00e9 o vocabul\u00e1rio denso. No entanto, com as estrat\u00e9gias certas e o apoio da IA da Talkpal, alunos de todos os n\u00edveis podem superar esses obst\u00e1culos e colher os enormes benef\u00edcios de carreira que v\u00eam com o dom\u00ednio da linguagem jur\u00eddica.<\/p>\n<\/div><\/div>\n<section class=\"promotionalBanner\">\r\n    <p class=\"promotionalText\">A maneira mais eficiente de aprender um idioma<\/p>\r\n    <a class=\"promotionalLink\" href=\"https:\/\/app.talkpal.ai\/pt-br\/signup?lng=\">Experimente o Talkpal gratuitamente<\/a>\r\n<\/section>","protected":false},"excerpt":{"rendered":"<p>N\u00f3s somos Talkpal Aprender o idioma do direito pode ser uma experi\u00eancia empolgante e desafiadora. Isso abre novas portas para oportunidades de carreira internacional. A Talkpal vem desenvolvendo e treinando seus algoritmos h\u00e1 anos para ensinar mais de 80 idiomas. \u00c0 medida que a tecnologia evolui, \u00e9 importante que voc\u00ea entenda os benef\u00edcios de aprimorar [&hellip;]<\/p>\n","protected":false},"author":20,"featured_media":1647898,"parent":0,"menu_order":0,"comment_status":"closed","ping_status":"closed","template":"LearningContentPage.php","meta":{"_acf_changed":false,"footnotes":""},"class_list":["post-1647896","page","type-page","status-publish","has-post-thumbnail","hentry"],"acf":[],"yoast_head":"<!-- This site is optimized with the Yoast SEO Premium plugin v27.2 (Yoast SEO v27.2) - https:\/\/yoast.com\/product\/yoast-seo-premium-wordpress\/ -->\n<title>Aprenda a linguagem jur\u00eddica profissional com IA - Talkpal<\/title>\n<meta name=\"description\" content=\"Eleve sua carreira com o curso de Direito Profissional da Talkpal. Domine a terminologia jur\u00eddica e pratique cen\u00e1rios profissionais da vida real em mais de 80 idiomas com nosso tutor de IA.\" \/>\n<meta name=\"robots\" content=\"index, follow, max-snippet:-1, max-image-preview:large, max-video-preview:-1\" \/>\n<link rel=\"canonical\" href=\"https:\/\/talkpal.ai\/pt-br\/aprenda-a-linguagem-juridica-profissional-com-ia\/\" \/>\n<meta property=\"og:locale\" content=\"pt_BR\" \/>\n<meta property=\"og:type\" content=\"article\" \/>\n<meta property=\"og:title\" content=\"Aprenda a linguagem jur\u00eddica profissional com IA\" \/>\n<meta property=\"og:description\" content=\"N\u00f3s somos Talkpal Aprender o idioma do direito pode ser uma experi\u00eancia empolgante e desafiadora. Isso abre novas portas para oportunidades de carreira\" \/>\n<meta property=\"og:url\" content=\"https:\/\/talkpal.ai\/pt-br\/aprenda-a-linguagem-juridica-profissional-com-ia\/\" \/>\n<meta property=\"og:site_name\" content=\"Talkpal\" \/>\n<meta property=\"article:publisher\" content=\"https:\/\/www.facebook.com\/profile.php?id=100090733639311\" \/>\n<meta property=\"article:modified_time\" content=\"2026-02-27T11:33:41+00:00\" \/>\n<meta property=\"og:image\" content=\"https:\/\/talkpal.ai\/wp-content\/uploads\/2026\/02\/law_courses.webp\" \/>\n\t<meta property=\"og:image:width\" content=\"1200\" \/>\n\t<meta property=\"og:image:height\" content=\"992\" \/>\n\t<meta property=\"og:image:type\" content=\"image\/webp\" \/>\n<meta name=\"twitter:card\" content=\"summary_large_image\" \/>\n<meta name=\"twitter:site\" content=\"@talkpalai\" \/>\n<meta name=\"twitter:label1\" content=\"Est. tempo de leitura\" \/>\n\t<meta name=\"twitter:data1\" content=\"3 minutos\" \/>\n<script type=\"application\/ld+json\" class=\"yoast-schema-graph\">{\"@context\":\"https:\/\/schema.org\",\"@graph\":[{\"@type\":\"WebPage\",\"@id\":\"https:\/\/talkpal.ai\/pt-br\/aprenda-a-linguagem-juridica-profissional-com-ia\/\",\"url\":\"https:\/\/talkpal.ai\/pt-br\/aprenda-a-linguagem-juridica-profissional-com-ia\/\",\"name\":\"Aprenda a linguagem jur\u00eddica profissional com IA - Talkpal\",\"isPartOf\":{\"@id\":\"https:\/\/talkpal.ai\/pt-br\/#website\"},\"primaryImageOfPage\":{\"@id\":\"https:\/\/talkpal.ai\/pt-br\/aprenda-a-linguagem-juridica-profissional-com-ia\/#primaryimage\"},\"image\":{\"@id\":\"https:\/\/talkpal.ai\/pt-br\/aprenda-a-linguagem-juridica-profissional-com-ia\/#primaryimage\"},\"thumbnailUrl\":\"https:\/\/talkpal.ai\/wp-content\/uploads\/2026\/02\/law_courses.webp\",\"datePublished\":\"2026-02-27T11:00:49+00:00\",\"dateModified\":\"2026-02-27T11:33:41+00:00\",\"description\":\"Eleve sua carreira com o curso de Direito Profissional da Talkpal. Domine a terminologia jur\u00eddica e pratique cen\u00e1rios profissionais da vida real em mais de 80 idiomas com nosso tutor de IA.\",\"breadcrumb\":{\"@id\":\"https:\/\/talkpal.ai\/pt-br\/aprenda-a-linguagem-juridica-profissional-com-ia\/#breadcrumb\"},\"inLanguage\":\"pt-BR\",\"potentialAction\":[{\"@type\":\"ReadAction\",\"target\":[\"https:\/\/talkpal.ai\/pt-br\/aprenda-a-linguagem-juridica-profissional-com-ia\/\"]}]},{\"@type\":\"ImageObject\",\"inLanguage\":\"pt-BR\",\"@id\":\"https:\/\/talkpal.ai\/pt-br\/aprenda-a-linguagem-juridica-profissional-com-ia\/#primaryimage\",\"url\":\"https:\/\/talkpal.ai\/wp-content\/uploads\/2026\/02\/law_courses.webp\",\"contentUrl\":\"https:\/\/talkpal.ai\/wp-content\/uploads\/2026\/02\/law_courses.webp\",\"width\":1200,\"height\":992,\"caption\":\"Cursos de Direito\"},{\"@type\":\"BreadcrumbList\",\"@id\":\"https:\/\/talkpal.ai\/pt-br\/aprenda-a-linguagem-juridica-profissional-com-ia\/#breadcrumb\",\"itemListElement\":[{\"@type\":\"ListItem\",\"position\":1,\"name\":\"Homepage\",\"item\":\"https:\/\/talkpal.ai\/pt-br\/\"},{\"@type\":\"ListItem\",\"position\":2,\"name\":\"Aprenda a linguagem jur\u00eddica profissional com IA\"}]},{\"@type\":\"WebSite\",\"@id\":\"https:\/\/talkpal.ai\/pt-br\/#website\",\"url\":\"https:\/\/talkpal.ai\/pt-br\/\",\"name\":\"Talkpal\",\"description\":\"AI Language Learning\",\"publisher\":{\"@id\":\"https:\/\/talkpal.ai\/pt-br\/#organization\"},\"alternateName\":\"Talkpal AI\",\"potentialAction\":[{\"@type\":\"SearchAction\",\"target\":{\"@type\":\"EntryPoint\",\"urlTemplate\":\"https:\/\/talkpal.ai\/pt-br\/?s={search_term_string}\"},\"query-input\":{\"@type\":\"PropertyValueSpecification\",\"valueRequired\":true,\"valueName\":\"search_term_string\"}}],\"inLanguage\":\"pt-BR\"},{\"@type\":\"Organization\",\"@id\":\"https:\/\/talkpal.ai\/pt-br\/#organization\",\"name\":\"Talkpal, Inc.\",\"alternateName\":\"Talkpal AI\",\"url\":\"https:\/\/talkpal.ai\/pt-br\/\",\"logo\":{\"@type\":\"ImageObject\",\"inLanguage\":\"pt-BR\",\"@id\":\"https:\/\/talkpal.ai\/pt-br\/#\/schema\/logo\/image\/\",\"url\":\"https:\/\/talkpal.ai\/wp-content\/uploads\/2024\/03\/Talkpal-Logo-Icon.png\",\"contentUrl\":\"https:\/\/talkpal.ai\/wp-content\/uploads\/2024\/03\/Talkpal-Logo-Icon.png\",\"width\":2880,\"height\":2880,\"caption\":\"Talkpal, Inc.\"},\"image\":{\"@id\":\"https:\/\/talkpal.ai\/pt-br\/#\/schema\/logo\/image\/\"},\"sameAs\":[\"https:\/\/www.facebook.com\/profile.php?id=100090733639311\",\"https:\/\/x.com\/talkpalai\",\"https:\/\/www.linkedin.com\/company\/talkpal\/\",\"https:\/\/www.youtube.com\/@TalkPal\/\",\"https:\/\/www.tiktok.com\/@talkpal\",\"https:\/\/www.instagram.com\/talkpal_ai\/\",\"https:\/\/www.crunchbase.com\/organization\/talkpal-9cde\",\"https:\/\/www.g2.com\/products\/talkpal-for-business\/\",\"https:\/\/www.trustpilot.com\/review\/talkpal.ai\",\"https:\/\/www.capterra.com\/p\/10006800\/TalkPal\/\"],\"description\":\"Talkpal is a language learning web and mobile education app, powered by the latest AI technologies, that provides engaging experiences to its customers in many different languages to help them improve their language skills. Users can chat about unlimited amount of topics with the app and use other modes to practice their language learning.\",\"email\":\"support@talkpal.ai\",\"legalName\":\"Talkpal, Inc.\",\"foundingDate\":\"2023-04-03\",\"duns\":\"118989042\",\"numberOfEmployees\":{\"@type\":\"QuantitativeValue\",\"minValue\":\"11\",\"maxValue\":\"50\"},\"publishingPrinciples\":\"https:\/\/talkpal.ai\/publishing-principles\/\",\"actionableFeedbackPolicy\":\"https:\/\/talkpal.ai\/actionable-feedback-policy\/\",\"correctionsPolicy\":\"https:\/\/talkpal.ai\/corrections-policy\/\",\"ethicsPolicy\":\"https:\/\/talkpal.ai\/ethics-policy\/\",\"diversityPolicy\":\"https:\/\/talkpal.ai\/diversity-policy\/\",\"diversityStaffingReport\":\"https:\/\/talkpal.ai\/diversity-policy\/\"}]}<\/script>\n<!-- \/ Yoast SEO Premium plugin. -->","yoast_head_json":{"title":"Aprenda a linguagem jur\u00eddica profissional com IA - Talkpal","description":"Eleve sua carreira com o curso de Direito Profissional da Talkpal. Domine a terminologia jur\u00eddica e pratique cen\u00e1rios profissionais da vida real em mais de 80 idiomas com nosso tutor de IA.","robots":{"index":"index","follow":"follow","max-snippet":"max-snippet:-1","max-image-preview":"max-image-preview:large","max-video-preview":"max-video-preview:-1"},"canonical":"https:\/\/talkpal.ai\/pt-br\/aprenda-a-linguagem-juridica-profissional-com-ia\/","og_locale":"pt_BR","og_type":"article","og_title":"Aprenda a linguagem jur\u00eddica profissional com IA","og_description":"N\u00f3s somos Talkpal Aprender o idioma do direito pode ser uma experi\u00eancia empolgante e desafiadora. Isso abre novas portas para oportunidades de carreira","og_url":"https:\/\/talkpal.ai\/pt-br\/aprenda-a-linguagem-juridica-profissional-com-ia\/","og_site_name":"Talkpal","article_publisher":"https:\/\/www.facebook.com\/profile.php?id=100090733639311","article_modified_time":"2026-02-27T11:33:41+00:00","og_image":[{"width":1200,"height":992,"url":"https:\/\/talkpal.ai\/wp-content\/uploads\/2026\/02\/law_courses.webp","type":"image\/webp"}],"twitter_card":"summary_large_image","twitter_site":"@talkpalai","twitter_misc":{"Est. tempo de leitura":"3 minutos"},"schema":{"@context":"https:\/\/schema.org","@graph":[{"@type":"WebPage","@id":"https:\/\/talkpal.ai\/pt-br\/aprenda-a-linguagem-juridica-profissional-com-ia\/","url":"https:\/\/talkpal.ai\/pt-br\/aprenda-a-linguagem-juridica-profissional-com-ia\/","name":"Aprenda a linguagem jur\u00eddica profissional com IA - Talkpal","isPartOf":{"@id":"https:\/\/talkpal.ai\/pt-br\/#website"},"primaryImageOfPage":{"@id":"https:\/\/talkpal.ai\/pt-br\/aprenda-a-linguagem-juridica-profissional-com-ia\/#primaryimage"},"image":{"@id":"https:\/\/talkpal.ai\/pt-br\/aprenda-a-linguagem-juridica-profissional-com-ia\/#primaryimage"},"thumbnailUrl":"https:\/\/talkpal.ai\/wp-content\/uploads\/2026\/02\/law_courses.webp","datePublished":"2026-02-27T11:00:49+00:00","dateModified":"2026-02-27T11:33:41+00:00","description":"Eleve sua carreira com o curso de Direito Profissional da Talkpal. Domine a terminologia jur\u00eddica e pratique cen\u00e1rios profissionais da vida real em mais de 80 idiomas com nosso tutor de IA.","breadcrumb":{"@id":"https:\/\/talkpal.ai\/pt-br\/aprenda-a-linguagem-juridica-profissional-com-ia\/#breadcrumb"},"inLanguage":"pt-BR","potentialAction":[{"@type":"ReadAction","target":["https:\/\/talkpal.ai\/pt-br\/aprenda-a-linguagem-juridica-profissional-com-ia\/"]}]},{"@type":"ImageObject","inLanguage":"pt-BR","@id":"https:\/\/talkpal.ai\/pt-br\/aprenda-a-linguagem-juridica-profissional-com-ia\/#primaryimage","url":"https:\/\/talkpal.ai\/wp-content\/uploads\/2026\/02\/law_courses.webp","contentUrl":"https:\/\/talkpal.ai\/wp-content\/uploads\/2026\/02\/law_courses.webp","width":1200,"height":992,"caption":"Cursos de Direito"},{"@type":"BreadcrumbList","@id":"https:\/\/talkpal.ai\/pt-br\/aprenda-a-linguagem-juridica-profissional-com-ia\/#breadcrumb","itemListElement":[{"@type":"ListItem","position":1,"name":"Homepage","item":"https:\/\/talkpal.ai\/pt-br\/"},{"@type":"ListItem","position":2,"name":"Aprenda a linguagem jur\u00eddica profissional com IA"}]},{"@type":"WebSite","@id":"https:\/\/talkpal.ai\/pt-br\/#website","url":"https:\/\/talkpal.ai\/pt-br\/","name":"Talkpal","description":"AI Language Learning","publisher":{"@id":"https:\/\/talkpal.ai\/pt-br\/#organization"},"alternateName":"Talkpal AI","potentialAction":[{"@type":"SearchAction","target":{"@type":"EntryPoint","urlTemplate":"https:\/\/talkpal.ai\/pt-br\/?s={search_term_string}"},"query-input":{"@type":"PropertyValueSpecification","valueRequired":true,"valueName":"search_term_string"}}],"inLanguage":"pt-BR"},{"@type":"Organization","@id":"https:\/\/talkpal.ai\/pt-br\/#organization","name":"Talkpal, Inc.","alternateName":"Talkpal AI","url":"https:\/\/talkpal.ai\/pt-br\/","logo":{"@type":"ImageObject","inLanguage":"pt-BR","@id":"https:\/\/talkpal.ai\/pt-br\/#\/schema\/logo\/image\/","url":"https:\/\/talkpal.ai\/wp-content\/uploads\/2024\/03\/Talkpal-Logo-Icon.png","contentUrl":"https:\/\/talkpal.ai\/wp-content\/uploads\/2024\/03\/Talkpal-Logo-Icon.png","width":2880,"height":2880,"caption":"Talkpal, Inc."},"image":{"@id":"https:\/\/talkpal.ai\/pt-br\/#\/schema\/logo\/image\/"},"sameAs":["https:\/\/www.facebook.com\/profile.php?id=100090733639311","https:\/\/x.com\/talkpalai","https:\/\/www.linkedin.com\/company\/talkpal\/","https:\/\/www.youtube.com\/@TalkPal\/","https:\/\/www.tiktok.com\/@talkpal","https:\/\/www.instagram.com\/talkpal_ai\/","https:\/\/www.crunchbase.com\/organization\/talkpal-9cde","https:\/\/www.g2.com\/products\/talkpal-for-business\/","https:\/\/www.trustpilot.com\/review\/talkpal.ai","https:\/\/www.capterra.com\/p\/10006800\/TalkPal\/"],"description":"Talkpal is a language learning web and mobile education app, powered by the latest AI technologies, that provides engaging experiences to its customers in many different languages to help them improve their language skills. Users can chat about unlimited amount of topics with the app and use other modes to practice their language learning.","email":"support@talkpal.ai","legalName":"Talkpal, Inc.","foundingDate":"2023-04-03","duns":"118989042","numberOfEmployees":{"@type":"QuantitativeValue","minValue":"11","maxValue":"50"},"publishingPrinciples":"https:\/\/talkpal.ai\/publishing-principles\/","actionableFeedbackPolicy":"https:\/\/talkpal.ai\/actionable-feedback-policy\/","correctionsPolicy":"https:\/\/talkpal.ai\/corrections-policy\/","ethicsPolicy":"https:\/\/talkpal.ai\/ethics-policy\/","diversityPolicy":"https:\/\/talkpal.ai\/diversity-policy\/","diversityStaffingReport":"https:\/\/talkpal.ai\/diversity-policy\/"}]}},"_links":{"self":[{"href":"https:\/\/talkpal.ai\/pt-br\/wp-json\/wp\/v2\/pages\/1647896","targetHints":{"allow":["GET"]}}],"collection":[{"href":"https:\/\/talkpal.ai\/pt-br\/wp-json\/wp\/v2\/pages"}],"about":[{"href":"https:\/\/talkpal.ai\/pt-br\/wp-json\/wp\/v2\/types\/page"}],"author":[{"embeddable":true,"href":"https:\/\/talkpal.ai\/pt-br\/wp-json\/wp\/v2\/users\/20"}],"replies":[{"embeddable":true,"href":"https:\/\/talkpal.ai\/pt-br\/wp-json\/wp\/v2\/comments?post=1647896"}],"version-history":[{"count":0,"href":"https:\/\/talkpal.ai\/pt-br\/wp-json\/wp\/v2\/pages\/1647896\/revisions"}],"wp:featuredmedia":[{"embeddable":true,"href":"https:\/\/talkpal.ai\/pt-br\/wp-json\/wp\/v2\/media\/1647898"}],"wp:attachment":[{"href":"https:\/\/talkpal.ai\/pt-br\/wp-json\/wp\/v2\/media?parent=1647896"}],"curies":[{"name":"wp","href":"https:\/\/api.w.org\/{rel}","templated":true}]}}