{"id":1647884,"date":"2026-02-27T11:12:20","date_gmt":"2026-02-27T11:12:20","guid":{"rendered":"https:\/\/talkpal.ai\/domine-o-curso-de-engenharia-profissional-com-ia\/"},"modified":"2026-02-27T11:33:18","modified_gmt":"2026-02-27T11:33:18","slug":"domine-o-curso-de-engenharia-profissional-com-ia","status":"publish","type":"page","link":"https:\/\/talkpal.ai\/pt-br\/domine-o-curso-de-engenharia-profissional-com-ia\/","title":{"rendered":"Domine o curso de engenharia profissional com IA"},"content":{"rendered":"\r\n\r\n\r\n<section class=\"languageChallengeSection\">\r\n    <div class=\"languageInfoWrapper\">\r\n        \r\n        <h1>Domine o curso de engenharia profissional com IA<\/h1>\r\n        <p>Tenha conversas perspicazes sobre qualquer t\u00f3pico t\u00e9cnico que voc\u00ea achar interessante e receba feedback imediato para aprimorar suas habilidades de comunica\u00e7\u00e3o profissional. Apenas 10 minutos de pr\u00e1tica por dia fazem uma diferen\u00e7a real no dom\u00ednio do seu <a href=\"https:\/\/talkpal.ai\/master-the-professional-engineering-course-with-ai\/\">curso de Engenharia<\/a> Profissional!<\/p>\r\n\r\n                            <a class=\"getStartedHidden\" href=\"https:\/\/app.talkpal.ai\/pt-br\/signup?lng=\">Come\u00e7a<\/a>\r\n        \r\n    <\/div>\r\n\r\n    <figure>\r\n    <img decoding=\"async\" width=\"768\" height=\"635\" src=\"https:\/\/talkpal.ai\/wp-content\/uploads\/2026\/02\/engineering_courses-768x635.webp\" class=\"languageImage no-lazy\" alt=\"Cursos de engenharia\" fetchpriority=\"high\" sizes=\"(max-width: 768px) 150px, 768px\" srcset=\"https:\/\/talkpal.ai\/wp-content\/uploads\/2026\/02\/engineering_courses-768x635.webp 768w, https:\/\/talkpal.ai\/wp-content\/uploads\/2026\/02\/engineering_courses-300x248.webp 300w\" \/>\r\n    \r\n\r\n    <\/figure>\r\n\r\n            <a class=\"getStartedVisible\" href=\"https:\/\/app.talkpal.ai\/pt-br\/signup?lng=\">Come\u00e7a<\/a>\r\n    \r\n<\/section><section class=\"promotionalBanner\">\r\n    <p class=\"promotionalText\">A maneira mais eficiente de aprender um idioma<\/p>\r\n    <a class=\"promotionalLink\" href=\"https:\/\/app.talkpal.ai\/pt-br\/signup?lng=\">Experimente o Talkpal gratuitamente<\/a>\r\n<\/section>\n<div class=\"wp-block-group pageContainerStyle\"><div class=\"wp-block-group__inner-container is-layout-constrained wp-block-group-is-layout-constrained\">\n<h2 class=\"wp-block-heading\" id=\"h-we-are-talkpal\">N\u00f3s somos Talkpal<\/h2>\n\n\n\n<p>Avan\u00e7ar em sua carreira por meio de um curso especializado pode ser uma experi\u00eancia empolgante e desafiadora. Abre novas portas a oportunidades, tanto a n\u00edvel pessoal <a href=\"https:\/\/talkpal.ai\/locations\/language-courses-in-como\/\">como<\/a> profissional. O <a href=\"https:\/\/talkpal.ai\/ko\/ai-%ec%96%b8%ec%96%b4-%ea%b5%90%ec%82%ac\/\">Talkpal<\/a>, um <a href=\"https:\/\/talkpal.ai\/es\/descargar-la-aplicacion-talkpal-para-android-e-ios\/\">aplicativo<\/a> de aprendizado baseado em IA que ensina mais de 80 idiomas, vem desenvolvendo e treinando seus algoritmos h\u00e1 anos. Agora, com nosso <a href=\"https:\/\/talkpal.ai\/master-the-professional-engineering-course-with-ai\/\">curso de Engenharia<\/a> Profissional, \u00e9 mais f\u00e1cil do que nunca aprender a comunica\u00e7\u00e3o pr\u00e1tica e real usando as tecnologias mais recentes.<\/p>\n\n\n\n<h2 class=\"wp-block-heading\" id=\"h-choosing-the-right-language-learning-platform\">Escolher a plataforma de aprendizagem de l\u00ednguas correcta<\/h2>\n\n\n\n<p>Com tantas plataformas educacionais dispon\u00edveis, pode ser um desafio escolher a plataforma certa. \u00c9 importante considerar fatores como a metodologia de ensino, a acessibilidade e o custo. A Talkpal, por exemplo, oferece uma metodologia baseada em bate-papo que se concentra em conversas profissionais da vida real, em vez de apenas memoriza\u00e7\u00e3o de livros did\u00e1ticos. O Talkpal ensina voc\u00ea a falar em situa\u00e7\u00f5es pr\u00e1ticas no local de trabalho para todos os n\u00edveis. Aprender comunica\u00e7\u00e3o t\u00e9cnica com uma conversa real por meio de um modelo de IA nunca foi t\u00e3o f\u00e1cil e divertido. Isso permite que nossos clientes eliminem o t\u00e9dio dos estudos.<\/p>\n\n\n\n<p>O Talkpal \u00e9 um produto complementar e pode ser usado em combina\u00e7\u00e3o ou al\u00e9m de outros m\u00e9todos de treinamento que voc\u00ea preferir. Experimente gratuitamente hoje mesmo.<\/p>\n<\/div><\/div>\n\r\n\r\n\r\n<section class=\"smartFunSection\">\r\n            \r\n            <div class=\"smartFunCard\">\r\n                <div class=\"smartFunWrapper\"><img decoding=\"async\" src=\"https:\/\/talkpal.ai\/wp-content\/uploads\/2025\/05\/1.png\" alt=\"Learning Stats Screenshot\"><\/div>\r\n                <h3>Aprendizagem personalizada<\/h3>\r\n                <p>Ao aproveitar os pontos fortes da IA, nossas sess\u00f5es s\u00e3o personalizadas para permitir que voc\u00ea aprenda no n\u00edvel e no ritmo ideais, fornecendo conte\u00fado de engenharia feito sob medida para voc\u00ea.<\/p>\r\n            <\/div>\r\n\r\n        \r\n            <div class=\"smartFunCard\">\r\n                <div class=\"smartFunWrapper\"><img decoding=\"async\" src=\"https:\/\/talkpal.ai\/wp-content\/uploads\/2025\/05\/2.png\" alt=\"Pronunciation Score Screenshot\"><\/div>\r\n                <h3>Eficaz e eficiente<\/h3>\r\n                <p>Com o Talkpal, voc\u00ea pode praticar habilidades de leitura, audi\u00e7\u00e3o e fala de maneira eficiente e eficaz. Veja o nosso mais recente produto!<\/p>\r\n            <\/div>\r\n\r\n        \r\n            <div class=\"smartFunCard\">\r\n                <div class=\"smartFunWrapper\"><img decoding=\"async\" src=\"https:\/\/talkpal.ai\/wp-content\/uploads\/2025\/05\/3.png\" alt=\"Chat Topics Screenshot\"><\/div>\r\n                <h3>Manter-se empenhado<\/h3>\r\n                <p>Facilitamos o desenvolvimento de um h\u00e1bito de aprendizagem incorporando caracter\u00edsticas de jogos, desafios agrad\u00e1veis e perguntas t\u00e9cnicas perspicazes para manter voc\u00ea motivado e envolvido.<\/p>\r\n            <\/div>\r\n\r\n        \r\n            <div class=\"smartFunCard\">\r\n                <div class=\"smartFunWrapper\"><img decoding=\"async\" src=\"https:\/\/talkpal.ai\/wp-content\/uploads\/2025\/05\/4.png\" alt=\"Dashboard Screenshot\"><\/div>\r\n                <h3>Divertir-se<\/h3>\r\n                <p>A aprendizagem n\u00e3o precisa de ser aborrecida e mon\u00f3tona! Aprimore suas habilidades de engenharia todos os dias com exerc\u00edcios cativantes. Fa\u00e7a perguntas t\u00e9cnicas complexas ou hipot\u00e9ticas e veja como o tutor de IA do Talkpal reage.<\/p>\r\n            <\/div>\r\n\r\n            \r\n<\/section>\n<div class=\"wp-block-group pageContainerStyle\"><div class=\"wp-block-group__inner-container is-layout-constrained wp-block-group-is-layout-constrained\">\n<h2 class=\"wp-block-heading\" id=\"h-why-the-professional-engineering-course\"><strong><strong><strong><strong>Por que o Curso de Engenharia Profissional?<\/strong><\/strong><\/strong><\/strong><\/h2>\n\n\n\n<p>Os princ\u00edpios de engenharia s\u00e3o a linguagem universal da inova\u00e7\u00e3o, da tecnologia e da infraestrutura global. No entanto, dominar a comunica\u00e7\u00e3o profissional necess\u00e1ria nesse campo pode ser um processo desafiador e demorado. Com o avan\u00e7o da tecnologia, dominar essas habilidades se tornou muito mais f\u00e1cil, e o <a href=\"https:\/\/talkpal.ai\/lt\/talkpal-verslui\/\">Talkpal AI<\/a> Chat \u00e9 uma das melhores maneiras de fazer isso. Neste artigo, exploraremos por que fazer o curso de Engenharia Profissional via Talkpal AI Chat \u00e9 uma maneira eficaz e eficiente de aprimorar suas habilidades profissionais.<\/p>\n<\/div><\/div>\n\n<div class=\"wp-block-group pageContainerStyle\"><div class=\"wp-block-group__inner-container is-layout-constrained wp-block-group-is-layout-constrained\">\n<h2 class=\"wp-block-heading\" id=\"h-why-is-professional-engineering-communication-difficult\"><strong><strong><strong><strong>Por que a comunica\u00e7\u00e3o profissional de engenharia \u00e9 dif\u00edcil?<\/strong><\/strong><\/strong><\/strong><\/h2>\n\n\n\n<p>O dom\u00ednio da comunica\u00e7\u00e3o em engenharia envolve o aprendizado de uma terminologia altamente espec\u00edfica. O campo tem uma grande variedade de jarg\u00f5es e acr\u00f4nimos complexos, alguns dos quais s\u00e3o estritamente limitados a setores de nicho. Al\u00e9m disso, os contextos profissionais geralmente exigem um tom formal, o que dificulta para os alunos adaptarem seus h\u00e1bitos de fala cotidianos.<\/p>\n\n\n\n<h3 class=\"wp-block-heading\" id=\"h-complex-concepts-and-syntax\"><strong><strong>Conceitos complexos e sintaxe<\/strong><\/strong><\/h3>\n\n\n\n<p>A comunica\u00e7\u00e3o em engenharia pode ser bastante complexa, exigindo a capacidade de explicar regras matem\u00e1ticas ou cient\u00edficas complexas com clareza. Os alunos devem entender como articular processos, normas de seguran\u00e7a e especifica\u00e7\u00f5es t\u00e9cnicas, o que pode ser confuso sem pr\u00e1tica.<\/p>\n\n\n\n<h3 class=\"wp-block-heading\" id=\"h-technical-vocabulary-and-specifications\"><strong><strong><strong>Vocabul\u00e1rio t\u00e9cnico e especifica\u00e7\u00f5es<\/strong><\/strong><\/strong><\/h3>\n\n\n\n<p>O setor de engenharia tem um vocabul\u00e1rio extenso e altamente especializado. Esse vasto conjunto de palavras pode ser esmagador para os alunos, que tamb\u00e9m precisam navegar por express\u00f5es espec\u00edficas do setor. Esses termos podem ser dif\u00edceis de entender, pois seus significados geralmente est\u00e3o ligados a processos f\u00edsicos complexos.<\/p>\n\n\n\n<h3 class=\"wp-block-heading\" id=\"h-accuracy-and-precision\"><strong><strong><strong><strong>Exatid\u00e3o e precis\u00e3o<\/strong><\/strong><\/strong><\/strong><\/h3>\n\n\n\n<p>A documenta\u00e7\u00e3o e o discurso de engenharia exigem uma precis\u00e3o notoriamente rigorosa. Uma pequena falha de comunica\u00e7\u00e3o pode levar a grandes erros de projeto. Isso faz com que seja fundamental que os alunos expressem suas ideias com precis\u00e3o, com base nos padr\u00f5es exatos do setor.<\/p>\n\n\n\n<h3 class=\"wp-block-heading\" id=\"h-understanding-industry-nuances\"><strong><strong><strong><strong><strong>Entendendo as nuances do setor<\/strong><\/strong><\/strong><\/strong><\/strong><\/h3>\n\n\n\n<p>O aprendizado da engenharia profissional tamb\u00e9m envolve a compreens\u00e3o das nuances corporativas e das normas de colabora\u00e7\u00e3o dos ambientes de tecnologia e manufatura. Isso pode ser um desafio para os alunos que est\u00e3o fazendo a transi\u00e7\u00e3o para o campo, pois eles precisam se adaptar aos novos costumes do local de trabalho.<\/p>\n\n\n\n<h3 class=\"wp-block-heading\" id=\"h-professional-engineering-course-learning-strategies\"><strong><strong><strong><strong>Estrat\u00e9gias de aprendizado do curso de engenharia profissional<\/strong><\/strong><\/strong><\/strong><\/h3>\n\n\n\n<h4 class=\"wp-block-heading\" id=\"h-listening-and-speaking\">Audi\u00e7\u00e3o e express\u00e3o oral<\/h4>\n\n\n\n<p>Para melhorar a flu\u00eancia em reuni\u00f5es, os alunos devem praticar a escuta dos l\u00edderes do setor e participar de discuss\u00f5es t\u00e9cnicas sempre que poss\u00edvel. Isso pode ser feito por meio de redes profissionais ou aplicativos m\u00f3veis como o Talkpal.<\/p>\n\n\n\n<h4 class=\"wp-block-heading\" id=\"h-reading\">Leitura<\/h4>\n\n\n\n<p>A leitura \u00e9 uma ferramenta essencial para expandir o vocabul\u00e1rio t\u00e9cnico e melhorar a compreens\u00e3o. Os alunos devem ler uma variedade de textos, desde plantas de projetos at\u00e9 whitepapers t\u00e9cnicos, para se exporem a diferentes estilos de reda\u00e7\u00e3o profissional.<\/p>\n\n\n\n<h4 class=\"wp-block-heading\" id=\"h-writing\">Escrita<\/h4>\n\n\n\n<p>A reda\u00e7\u00e3o \u00e9 uma habilidade essencial para os profissionais de engenharia, pois ajuda a solidificar a capacidade de elaborar relat\u00f3rios e documenta\u00e7\u00e3o. Os alunos devem praticar a escrita regularmente, seja redigindo e-mails, criando propostas de projetos ou registrando dados.<\/p>\n\n\n\n<h4 class=\"wp-block-heading\" id=\"h-theory-and-vocabulary\">Teoria e vocabul\u00e1rio<\/h4>\n\n\n\n<p>Os alunos devem dedicar tempo para estudar os princ\u00edpios fundamentais e expandir seu vocabul\u00e1rio profissional. Isso pode ser feito por meio de nossos cen\u00e1rios de IA, recursos on-line ou m\u00f3dulos t\u00e9cnicos dedicados.<\/p>\n\n\n\n<h2 class=\"wp-block-heading\" id=\"h-conclusion\">Conclus\u00e3o<\/h2>\n\n\n\n<p>O dom\u00ednio do curso de Engenharia Profissional apresenta desafios \u00fanicos, desde a terminologia complexa at\u00e9 a precis\u00e3o e as nuances do setor. No entanto, com as estrat\u00e9gias, ferramentas e suporte corretos de um tutor de IA envolvente, alunos de todos os n\u00edveis podem superar esses obst\u00e1culos e colher os muitos benef\u00edcios que v\u00eam com a eleva\u00e7\u00e3o de suas carreiras profissionais.<\/p>\n<\/div><\/div>\n<section class=\"promotionalBanner\">\r\n    <p class=\"promotionalText\">A maneira mais eficiente de aprender um idioma<\/p>\r\n    <a class=\"promotionalLink\" href=\"https:\/\/app.talkpal.ai\/pt-br\/signup?lng=\">Experimente o Talkpal gratuitamente<\/a>\r\n<\/section>","protected":false},"excerpt":{"rendered":"<p>N\u00f3s somos Talkpal Avan\u00e7ar em sua carreira por meio de um curso especializado pode ser uma experi\u00eancia empolgante e desafiadora. Abre novas portas a oportunidades, tanto a n\u00edvel pessoal como profissional. O Talkpal, um aplicativo de aprendizado baseado em IA que ensina mais de 80 idiomas, vem desenvolvendo e treinando seus algoritmos h\u00e1 anos. Agora, [&hellip;]<\/p>\n","protected":false},"author":20,"featured_media":1647885,"parent":0,"menu_order":0,"comment_status":"closed","ping_status":"closed","template":"LearningContentPage.php","meta":{"_acf_changed":false,"footnotes":""},"class_list":["post-1647884","page","type-page","status-publish","has-post-thumbnail","hentry"],"acf":[],"yoast_head":"<!-- This site is optimized with the Yoast SEO Premium plugin v27.2 (Yoast SEO v27.2) - https:\/\/yoast.com\/product\/yoast-seo-premium-wordpress\/ -->\n<title>Domine o curso de engenharia profissional com IA - Talkpal<\/title>\n<meta name=\"description\" content=\"Eleve sua carreira com o curso de Engenharia Profissional da Talkpal. Aprenda a terminologia t\u00e9cnica e pratique cen\u00e1rios reais de engenharia com nosso tutor de IA.\" \/>\n<meta name=\"robots\" content=\"index, follow, max-snippet:-1, max-image-preview:large, max-video-preview:-1\" \/>\n<link rel=\"canonical\" href=\"https:\/\/talkpal.ai\/pt-br\/domine-o-curso-de-engenharia-profissional-com-ia\/\" \/>\n<meta property=\"og:locale\" content=\"pt_BR\" \/>\n<meta property=\"og:type\" content=\"article\" \/>\n<meta property=\"og:title\" content=\"Domine o curso de engenharia profissional com IA\" \/>\n<meta property=\"og:description\" content=\"N\u00f3s somos Talkpal Avan\u00e7ar em sua carreira por meio de um curso especializado pode ser uma experi\u00eancia empolgante e desafiadora. Abre novas portas a\" \/>\n<meta property=\"og:url\" content=\"https:\/\/talkpal.ai\/pt-br\/domine-o-curso-de-engenharia-profissional-com-ia\/\" \/>\n<meta property=\"og:site_name\" content=\"Talkpal\" \/>\n<meta property=\"article:publisher\" content=\"https:\/\/www.facebook.com\/profile.php?id=100090733639311\" \/>\n<meta property=\"article:modified_time\" content=\"2026-02-27T11:33:18+00:00\" \/>\n<meta property=\"og:image\" content=\"https:\/\/talkpal.ai\/wp-content\/uploads\/2026\/02\/engineering_courses.webp\" \/>\n\t<meta property=\"og:image:width\" content=\"1200\" \/>\n\t<meta property=\"og:image:height\" content=\"992\" \/>\n\t<meta property=\"og:image:type\" content=\"image\/webp\" \/>\n<meta name=\"twitter:card\" content=\"summary_large_image\" \/>\n<meta name=\"twitter:site\" content=\"@talkpalai\" \/>\n<meta name=\"twitter:label1\" content=\"Est. tempo de leitura\" \/>\n\t<meta name=\"twitter:data1\" content=\"4 minutos\" \/>\n<script type=\"application\/ld+json\" class=\"yoast-schema-graph\">{\"@context\":\"https:\/\/schema.org\",\"@graph\":[{\"@type\":\"WebPage\",\"@id\":\"https:\/\/talkpal.ai\/pt-br\/domine-o-curso-de-engenharia-profissional-com-ia\/\",\"url\":\"https:\/\/talkpal.ai\/pt-br\/domine-o-curso-de-engenharia-profissional-com-ia\/\",\"name\":\"Domine o curso de engenharia profissional com IA - Talkpal\",\"isPartOf\":{\"@id\":\"https:\/\/talkpal.ai\/pt-br\/#website\"},\"primaryImageOfPage\":{\"@id\":\"https:\/\/talkpal.ai\/pt-br\/domine-o-curso-de-engenharia-profissional-com-ia\/#primaryimage\"},\"image\":{\"@id\":\"https:\/\/talkpal.ai\/pt-br\/domine-o-curso-de-engenharia-profissional-com-ia\/#primaryimage\"},\"thumbnailUrl\":\"https:\/\/talkpal.ai\/wp-content\/uploads\/2026\/02\/engineering_courses.webp\",\"datePublished\":\"2026-02-27T11:12:20+00:00\",\"dateModified\":\"2026-02-27T11:33:18+00:00\",\"description\":\"Eleve sua carreira com o curso de Engenharia Profissional da Talkpal. Aprenda a terminologia t\u00e9cnica e pratique cen\u00e1rios reais de engenharia com nosso tutor de IA.\",\"breadcrumb\":{\"@id\":\"https:\/\/talkpal.ai\/pt-br\/domine-o-curso-de-engenharia-profissional-com-ia\/#breadcrumb\"},\"inLanguage\":\"pt-BR\",\"potentialAction\":[{\"@type\":\"ReadAction\",\"target\":[\"https:\/\/talkpal.ai\/pt-br\/domine-o-curso-de-engenharia-profissional-com-ia\/\"]}]},{\"@type\":\"ImageObject\",\"inLanguage\":\"pt-BR\",\"@id\":\"https:\/\/talkpal.ai\/pt-br\/domine-o-curso-de-engenharia-profissional-com-ia\/#primaryimage\",\"url\":\"https:\/\/talkpal.ai\/wp-content\/uploads\/2026\/02\/engineering_courses.webp\",\"contentUrl\":\"https:\/\/talkpal.ai\/wp-content\/uploads\/2026\/02\/engineering_courses.webp\",\"width\":1200,\"height\":992,\"caption\":\"Cursos de engenharia\"},{\"@type\":\"BreadcrumbList\",\"@id\":\"https:\/\/talkpal.ai\/pt-br\/domine-o-curso-de-engenharia-profissional-com-ia\/#breadcrumb\",\"itemListElement\":[{\"@type\":\"ListItem\",\"position\":1,\"name\":\"Homepage\",\"item\":\"https:\/\/talkpal.ai\/pt-br\/\"},{\"@type\":\"ListItem\",\"position\":2,\"name\":\"Domine o curso de engenharia profissional com IA\"}]},{\"@type\":\"WebSite\",\"@id\":\"https:\/\/talkpal.ai\/pt-br\/#website\",\"url\":\"https:\/\/talkpal.ai\/pt-br\/\",\"name\":\"Talkpal\",\"description\":\"AI Language Learning\",\"publisher\":{\"@id\":\"https:\/\/talkpal.ai\/pt-br\/#organization\"},\"alternateName\":\"Talkpal AI\",\"potentialAction\":[{\"@type\":\"SearchAction\",\"target\":{\"@type\":\"EntryPoint\",\"urlTemplate\":\"https:\/\/talkpal.ai\/pt-br\/?s={search_term_string}\"},\"query-input\":{\"@type\":\"PropertyValueSpecification\",\"valueRequired\":true,\"valueName\":\"search_term_string\"}}],\"inLanguage\":\"pt-BR\"},{\"@type\":\"Organization\",\"@id\":\"https:\/\/talkpal.ai\/pt-br\/#organization\",\"name\":\"Talkpal, Inc.\",\"alternateName\":\"Talkpal AI\",\"url\":\"https:\/\/talkpal.ai\/pt-br\/\",\"logo\":{\"@type\":\"ImageObject\",\"inLanguage\":\"pt-BR\",\"@id\":\"https:\/\/talkpal.ai\/pt-br\/#\/schema\/logo\/image\/\",\"url\":\"https:\/\/talkpal.ai\/wp-content\/uploads\/2024\/03\/Talkpal-Logo-Icon.png\",\"contentUrl\":\"https:\/\/talkpal.ai\/wp-content\/uploads\/2024\/03\/Talkpal-Logo-Icon.png\",\"width\":2880,\"height\":2880,\"caption\":\"Talkpal, Inc.\"},\"image\":{\"@id\":\"https:\/\/talkpal.ai\/pt-br\/#\/schema\/logo\/image\/\"},\"sameAs\":[\"https:\/\/www.facebook.com\/profile.php?id=100090733639311\",\"https:\/\/x.com\/talkpalai\",\"https:\/\/www.linkedin.com\/company\/talkpal\/\",\"https:\/\/www.youtube.com\/@TalkPal\/\",\"https:\/\/www.tiktok.com\/@talkpal\",\"https:\/\/www.instagram.com\/talkpal_ai\/\",\"https:\/\/www.crunchbase.com\/organization\/talkpal-9cde\",\"https:\/\/www.g2.com\/products\/talkpal-for-business\/\",\"https:\/\/www.trustpilot.com\/review\/talkpal.ai\",\"https:\/\/www.capterra.com\/p\/10006800\/TalkPal\/\"],\"description\":\"Talkpal is a language learning web and mobile education app, powered by the latest AI technologies, that provides engaging experiences to its customers in many different languages to help them improve their language skills. Users can chat about unlimited amount of topics with the app and use other modes to practice their language learning.\",\"email\":\"support@talkpal.ai\",\"legalName\":\"Talkpal, Inc.\",\"foundingDate\":\"2023-04-03\",\"duns\":\"118989042\",\"numberOfEmployees\":{\"@type\":\"QuantitativeValue\",\"minValue\":\"11\",\"maxValue\":\"50\"},\"publishingPrinciples\":\"https:\/\/talkpal.ai\/publishing-principles\/\",\"actionableFeedbackPolicy\":\"https:\/\/talkpal.ai\/actionable-feedback-policy\/\",\"correctionsPolicy\":\"https:\/\/talkpal.ai\/corrections-policy\/\",\"ethicsPolicy\":\"https:\/\/talkpal.ai\/ethics-policy\/\",\"diversityPolicy\":\"https:\/\/talkpal.ai\/diversity-policy\/\",\"diversityStaffingReport\":\"https:\/\/talkpal.ai\/diversity-policy\/\"}]}<\/script>\n<!-- \/ Yoast SEO Premium plugin. -->","yoast_head_json":{"title":"Domine o curso de engenharia profissional com IA - Talkpal","description":"Eleve sua carreira com o curso de Engenharia Profissional da Talkpal. Aprenda a terminologia t\u00e9cnica e pratique cen\u00e1rios reais de engenharia com nosso tutor de IA.","robots":{"index":"index","follow":"follow","max-snippet":"max-snippet:-1","max-image-preview":"max-image-preview:large","max-video-preview":"max-video-preview:-1"},"canonical":"https:\/\/talkpal.ai\/pt-br\/domine-o-curso-de-engenharia-profissional-com-ia\/","og_locale":"pt_BR","og_type":"article","og_title":"Domine o curso de engenharia profissional com IA","og_description":"N\u00f3s somos Talkpal Avan\u00e7ar em sua carreira por meio de um curso especializado pode ser uma experi\u00eancia empolgante e desafiadora. Abre novas portas a","og_url":"https:\/\/talkpal.ai\/pt-br\/domine-o-curso-de-engenharia-profissional-com-ia\/","og_site_name":"Talkpal","article_publisher":"https:\/\/www.facebook.com\/profile.php?id=100090733639311","article_modified_time":"2026-02-27T11:33:18+00:00","og_image":[{"width":1200,"height":992,"url":"https:\/\/talkpal.ai\/wp-content\/uploads\/2026\/02\/engineering_courses.webp","type":"image\/webp"}],"twitter_card":"summary_large_image","twitter_site":"@talkpalai","twitter_misc":{"Est. tempo de leitura":"4 minutos"},"schema":{"@context":"https:\/\/schema.org","@graph":[{"@type":"WebPage","@id":"https:\/\/talkpal.ai\/pt-br\/domine-o-curso-de-engenharia-profissional-com-ia\/","url":"https:\/\/talkpal.ai\/pt-br\/domine-o-curso-de-engenharia-profissional-com-ia\/","name":"Domine o curso de engenharia profissional com IA - Talkpal","isPartOf":{"@id":"https:\/\/talkpal.ai\/pt-br\/#website"},"primaryImageOfPage":{"@id":"https:\/\/talkpal.ai\/pt-br\/domine-o-curso-de-engenharia-profissional-com-ia\/#primaryimage"},"image":{"@id":"https:\/\/talkpal.ai\/pt-br\/domine-o-curso-de-engenharia-profissional-com-ia\/#primaryimage"},"thumbnailUrl":"https:\/\/talkpal.ai\/wp-content\/uploads\/2026\/02\/engineering_courses.webp","datePublished":"2026-02-27T11:12:20+00:00","dateModified":"2026-02-27T11:33:18+00:00","description":"Eleve sua carreira com o curso de Engenharia Profissional da Talkpal. Aprenda a terminologia t\u00e9cnica e pratique cen\u00e1rios reais de engenharia com nosso tutor de IA.","breadcrumb":{"@id":"https:\/\/talkpal.ai\/pt-br\/domine-o-curso-de-engenharia-profissional-com-ia\/#breadcrumb"},"inLanguage":"pt-BR","potentialAction":[{"@type":"ReadAction","target":["https:\/\/talkpal.ai\/pt-br\/domine-o-curso-de-engenharia-profissional-com-ia\/"]}]},{"@type":"ImageObject","inLanguage":"pt-BR","@id":"https:\/\/talkpal.ai\/pt-br\/domine-o-curso-de-engenharia-profissional-com-ia\/#primaryimage","url":"https:\/\/talkpal.ai\/wp-content\/uploads\/2026\/02\/engineering_courses.webp","contentUrl":"https:\/\/talkpal.ai\/wp-content\/uploads\/2026\/02\/engineering_courses.webp","width":1200,"height":992,"caption":"Cursos de engenharia"},{"@type":"BreadcrumbList","@id":"https:\/\/talkpal.ai\/pt-br\/domine-o-curso-de-engenharia-profissional-com-ia\/#breadcrumb","itemListElement":[{"@type":"ListItem","position":1,"name":"Homepage","item":"https:\/\/talkpal.ai\/pt-br\/"},{"@type":"ListItem","position":2,"name":"Domine o curso de engenharia profissional com IA"}]},{"@type":"WebSite","@id":"https:\/\/talkpal.ai\/pt-br\/#website","url":"https:\/\/talkpal.ai\/pt-br\/","name":"Talkpal","description":"AI Language Learning","publisher":{"@id":"https:\/\/talkpal.ai\/pt-br\/#organization"},"alternateName":"Talkpal AI","potentialAction":[{"@type":"SearchAction","target":{"@type":"EntryPoint","urlTemplate":"https:\/\/talkpal.ai\/pt-br\/?s={search_term_string}"},"query-input":{"@type":"PropertyValueSpecification","valueRequired":true,"valueName":"search_term_string"}}],"inLanguage":"pt-BR"},{"@type":"Organization","@id":"https:\/\/talkpal.ai\/pt-br\/#organization","name":"Talkpal, Inc.","alternateName":"Talkpal AI","url":"https:\/\/talkpal.ai\/pt-br\/","logo":{"@type":"ImageObject","inLanguage":"pt-BR","@id":"https:\/\/talkpal.ai\/pt-br\/#\/schema\/logo\/image\/","url":"https:\/\/talkpal.ai\/wp-content\/uploads\/2024\/03\/Talkpal-Logo-Icon.png","contentUrl":"https:\/\/talkpal.ai\/wp-content\/uploads\/2024\/03\/Talkpal-Logo-Icon.png","width":2880,"height":2880,"caption":"Talkpal, Inc."},"image":{"@id":"https:\/\/talkpal.ai\/pt-br\/#\/schema\/logo\/image\/"},"sameAs":["https:\/\/www.facebook.com\/profile.php?id=100090733639311","https:\/\/x.com\/talkpalai","https:\/\/www.linkedin.com\/company\/talkpal\/","https:\/\/www.youtube.com\/@TalkPal\/","https:\/\/www.tiktok.com\/@talkpal","https:\/\/www.instagram.com\/talkpal_ai\/","https:\/\/www.crunchbase.com\/organization\/talkpal-9cde","https:\/\/www.g2.com\/products\/talkpal-for-business\/","https:\/\/www.trustpilot.com\/review\/talkpal.ai","https:\/\/www.capterra.com\/p\/10006800\/TalkPal\/"],"description":"Talkpal is a language learning web and mobile education app, powered by the latest AI technologies, that provides engaging experiences to its customers in many different languages to help them improve their language skills. Users can chat about unlimited amount of topics with the app and use other modes to practice their language learning.","email":"support@talkpal.ai","legalName":"Talkpal, Inc.","foundingDate":"2023-04-03","duns":"118989042","numberOfEmployees":{"@type":"QuantitativeValue","minValue":"11","maxValue":"50"},"publishingPrinciples":"https:\/\/talkpal.ai\/publishing-principles\/","actionableFeedbackPolicy":"https:\/\/talkpal.ai\/actionable-feedback-policy\/","correctionsPolicy":"https:\/\/talkpal.ai\/corrections-policy\/","ethicsPolicy":"https:\/\/talkpal.ai\/ethics-policy\/","diversityPolicy":"https:\/\/talkpal.ai\/diversity-policy\/","diversityStaffingReport":"https:\/\/talkpal.ai\/diversity-policy\/"}]}},"_links":{"self":[{"href":"https:\/\/talkpal.ai\/pt-br\/wp-json\/wp\/v2\/pages\/1647884","targetHints":{"allow":["GET"]}}],"collection":[{"href":"https:\/\/talkpal.ai\/pt-br\/wp-json\/wp\/v2\/pages"}],"about":[{"href":"https:\/\/talkpal.ai\/pt-br\/wp-json\/wp\/v2\/types\/page"}],"author":[{"embeddable":true,"href":"https:\/\/talkpal.ai\/pt-br\/wp-json\/wp\/v2\/users\/20"}],"replies":[{"embeddable":true,"href":"https:\/\/talkpal.ai\/pt-br\/wp-json\/wp\/v2\/comments?post=1647884"}],"version-history":[{"count":0,"href":"https:\/\/talkpal.ai\/pt-br\/wp-json\/wp\/v2\/pages\/1647884\/revisions"}],"wp:featuredmedia":[{"embeddable":true,"href":"https:\/\/talkpal.ai\/pt-br\/wp-json\/wp\/v2\/media\/1647885"}],"wp:attachment":[{"href":"https:\/\/talkpal.ai\/pt-br\/wp-json\/wp\/v2\/media?parent=1647884"}],"curies":[{"name":"wp","href":"https:\/\/api.w.org\/{rel}","templated":true}]}}