{"id":1647876,"date":"2026-02-27T11:07:24","date_gmt":"2026-02-27T11:07:24","guid":{"rendered":"https:\/\/talkpal.ai\/aprenda-a-linguagem-medica-com-a-ia\/"},"modified":"2026-02-27T11:33:17","modified_gmt":"2026-02-27T11:33:17","slug":"aprenda-a-linguagem-medica-com-a-ia","status":"publish","type":"page","link":"https:\/\/talkpal.ai\/pt-br\/aprenda-a-linguagem-medica-com-a-ia\/","title":{"rendered":"Aprenda a linguagem m\u00e9dica com a IA"},"content":{"rendered":"\r\n\r\n\r\n<section class=\"languageChallengeSection\">\r\n    <div class=\"languageInfoWrapper\">\r\n        \r\n        <h1>Aprenda a linguagem m\u00e9dica com IA<\/h1>\r\n        <p>Tenha conversas perspicazes sobre t\u00f3picos complexos de sa\u00fade, pratique consultas com pacientes e obtenha feedback imediato para aprimorar suas habilidades de linguagem cl\u00ednica. Apenas 10 minutos de pr\u00e1tica por dia fazem uma diferen\u00e7a real para os profissionais da \u00e1rea m\u00e9dica!<\/p>\r\n\r\n                            <a class=\"getStartedHidden\" href=\"https:\/\/app.talkpal.ai\/pt-br\/signup?lng=\">Come\u00e7a<\/a>\r\n        \r\n    <\/div>\r\n\r\n    <figure>\r\n    <img decoding=\"async\" width=\"768\" height=\"619\" src=\"https:\/\/talkpal.ai\/wp-content\/uploads\/2026\/02\/medicine_courses-768x619.webp\" class=\"languageImage no-lazy\" alt=\"Cursos de Medicina\" fetchpriority=\"high\" sizes=\"(max-width: 768px) 150px, 768px\" srcset=\"https:\/\/talkpal.ai\/wp-content\/uploads\/2026\/02\/medicine_courses-768x619.webp 768w, https:\/\/talkpal.ai\/wp-content\/uploads\/2026\/02\/medicine_courses-300x242.webp 300w\" \/>\r\n    \r\n\r\n    <\/figure>\r\n\r\n            <a class=\"getStartedVisible\" href=\"https:\/\/app.talkpal.ai\/pt-br\/signup?lng=\">Come\u00e7a<\/a>\r\n    \r\n<\/section><section class=\"promotionalBanner\">\r\n    <p class=\"promotionalText\">A maneira mais eficiente de aprender um idioma<\/p>\r\n    <a class=\"promotionalLink\" href=\"https:\/\/app.talkpal.ai\/pt-br\/signup?lng=\">Experimente o Talkpal gratuitamente<\/a>\r\n<\/section>\n<div class=\"wp-block-group pageContainerStyle\"><div class=\"wp-block-group__inner-container is-layout-constrained wp-block-group-is-layout-constrained\">\n<h2 class=\"wp-block-heading\" id=\"h-we-are-talkpal\">N\u00f3s somos Talkpal<\/h2>\n\n\n\n<p>Aprender uma nova l\u00edngua pode ser uma experi\u00eancia excitante e desafiante. Abre novas portas a oportunidades, tanto a n\u00edvel pessoal <a href=\"https:\/\/talkpal.ai\/locations\/language-courses-in-como\/\">como<\/a> profissional. A <a href=\"https:\/\/talkpal.ai\/ko\/ai-%ec%96%b8%ec%96%b4-%ea%b5%90%ec%82%ac\/\">Talkpal<\/a>, uma plataforma de <a href=\"https:\/\/talkpal.ai\/pt-br\/ia-no-aprendizado-de-idiomas-uma-revisao-abrangente\/\">aprendizado de idiomas<\/a> que ensina mais de 80 idiomas, vem desenvolvendo e treinando seus algoritmos h\u00e1 anos. <a href=\"https:\/\/talkpal.ai\/locations\/language-courses-in-como\/\">Como<\/a> a tecnologia e o aprendizado de idiomas continuam a evoluir, \u00e9 importante que voc\u00ea entenda os benef\u00edcios de aprender um <a href=\"https:\/\/talkpal.ai\/talkpal-new-years-discount\/\">novo<\/a> idioma com as tecnologias mais recentes.<\/p>\n\n\n\n<h2 class=\"wp-block-heading\" id=\"h-choosing-the-right-language-learning-platform\">Escolher a plataforma de aprendizagem de l\u00ednguas correcta<\/h2>\n\n\n\n<p>Com tantas plataformas de <a href=\"https:\/\/talkpal.ai\/pt-pt\/beneficios-da-aprendizagem-de-linguas-para-o-desenvolvimento-cognitivo\/\">aprendizagem de l\u00ednguas<\/a> dispon\u00edveis, pode ser dif\u00edcil escolher a mais adequada. \u00c9 importante ter em conta factores como a metodologia de ensino da plataforma, as op\u00e7\u00f5es lingu\u00edsticas e o custo. A Talkpal, por exemplo, oferece uma metodologia baseada em bate-papo, que se concentra em conversas da vida real e insights m\u00e9dicos pr\u00e1ticos. O Talkpal est\u00e1 dispon\u00edvel em mais de 80 idiomas e \u00e9 amado por nossos clientes. Aprender a falar com os pacientes por meio de uma conversa real com um modelo de IA nunca foi t\u00e3o f\u00e1cil e divertido. Isso permite que nossos clientes eliminem o t\u00e9dio e o trabalho \u00e1rduo do processo de aprendizado de idiomas.<\/p>\n<\/div><\/div>\n\r\n\r\n\r\n<section class=\"smartFunSection\">\r\n            \r\n            <div class=\"smartFunCard\">\r\n                <div class=\"smartFunWrapper\"><img decoding=\"async\" src=\"https:\/\/talkpal.ai\/wp-content\/uploads\/2025\/05\/1.png\" alt=\"Learning Stats Screenshot\"><\/div>\r\n                <h3>Aprendizagem personalizada<\/h3>\r\n                <p>Ao aproveitar os pontos fortes da IA e da ci\u00eancia da linguagem, nossas sess\u00f5es de cursos de medicina s\u00e3o personalizadas para permitir que voc\u00ea aprenda no n\u00edvel e no ritmo ideais, fornecendo conte\u00fado m\u00e9dico feito sob medida para sua especialidade e seus interesses.<\/p>\r\n            <\/div>\r\n\r\n        \r\n            <div class=\"smartFunCard\">\r\n                <div class=\"smartFunWrapper\"><img decoding=\"async\" src=\"https:\/\/talkpal.ai\/wp-content\/uploads\/2025\/05\/2.png\" alt=\"Pronunciation Score Screenshot\"><\/div>\r\n                <h3>Eficaz e eficiente<\/h3>\r\n                <p>Com o Talkpal, voc\u00ea pode praticar a leitura de prontu\u00e1rios de pacientes, ouvir sintomas e falar com colegas de maneira eficiente e eficaz. Veja o nosso mais recente produto!<\/p>\r\n            <\/div>\r\n\r\n        \r\n            <div class=\"smartFunCard\">\r\n                <div class=\"smartFunWrapper\"><img decoding=\"async\" src=\"https:\/\/talkpal.ai\/wp-content\/uploads\/2025\/05\/3.png\" alt=\"Chat Topics Screenshot\"><\/div>\r\n                <h3>Manter-se empenhado<\/h3>\r\n                <p>Facilitamos o desenvolvimento de um h\u00e1bito de aprendizado de idiomas incorporando caracter\u00edsticas de jogos, desafios de diagn\u00f3stico agrad\u00e1veis e perguntas m\u00e9dicas perspicazes para manter voc\u00ea motivado e envolvido.<\/p>\r\n            <\/div>\r\n\r\n        \r\n            <div class=\"smartFunCard\">\r\n                <div class=\"smartFunWrapper\"><img decoding=\"async\" src=\"https:\/\/talkpal.ai\/wp-content\/uploads\/2025\/05\/4.png\" alt=\"Dashboard Screenshot\"><\/div>\r\n                <h3>Divertir-se<\/h3>\r\n                <p>A aprendizagem n\u00e3o precisa de ser aborrecida e mon\u00f3tona! Aprimore suas habilidades cl\u00ednicas todos os dias com exerc\u00edcios cativantes e personagens encantadores de pacientes. Fa\u00e7a perguntas de diagn\u00f3stico engra\u00e7adas ou il\u00f3gicas e veja como a IA do Talkpal reage.<\/p>\r\n            <\/div>\r\n\r\n            \r\n<\/section>\n<div class=\"wp-block-group pageContainerStyle\"><div class=\"wp-block-group__inner-container is-layout-constrained wp-block-group-is-layout-constrained\">\n<h2 class=\"wp-block-heading\" id=\"h-why-focus-on-medical-language\"><strong><strong><strong>Por que focar na linguagem m\u00e9dica?<\/strong><\/strong><\/strong><\/h2>\n\n\n\n<p><a href=\"https:\/\/talkpal.ai\/culture\/how-do-i-combine-em-and-um-to-form-num\/\">Em um<\/a> mundo cada vez mais globalizado, os profissionais da \u00e1rea m\u00e9dica interagem com pacientes de in\u00fameras origens diferentes. A capacidade de se comunicar diretamente com os pacientes em seu idioma nativo gera confian\u00e7a, reduz os erros de diagn\u00f3stico e melhora o atendimento geral. No entanto, aprender a terminologia cl\u00ednica em um novo idioma pode ser um processo desafiador e demorado. Com o avan\u00e7o da tecnologia, dominar a comunica\u00e7\u00e3o na \u00e1rea da sa\u00fade ficou muito mais f\u00e1cil, e o Talkpal AI Chat \u00e9 uma das melhores maneiras de fazer isso. Neste artigo, exploraremos por que fazer nosso curso de medicina via Talkpal AI Chat \u00e9 uma maneira eficaz e eficiente de aprimorar suas habilidades.<\/p>\n<\/div><\/div>\n\n<div class=\"wp-block-group pageContainerStyle\"><div class=\"wp-block-group__inner-container is-layout-constrained wp-block-group-is-layout-constrained\">\n<h2 class=\"wp-block-heading\" id=\"h-why-is-medical-language-difficult\"><strong><strong><strong>Por que a linguagem m\u00e9dica \u00e9 dif\u00edcil?<\/strong><\/strong><\/strong><\/h2>\n\n\n\n<h3 class=\"wp-block-heading\" id=\"h-pronunciation\"><strong>Pron\u00fancia<\/strong><\/h3>\n\n\n\n<p>O dom\u00ednio da pron\u00fancia \u00e9 um obst\u00e1culo significativo para os alunos de medicina. Termos anat\u00f4micos e nomes farmac\u00eauticos complexos geralmente cont\u00eam combina\u00e7\u00f5es de sons que s\u00e3o altamente desafiadoras para serem articuladas com precis\u00e3o.<\/p>\n\n\n\n<h3 class=\"wp-block-heading\" id=\"h-grammar-and-syntax\"><strong><strong>Gram\u00e1tica e sintaxe<\/strong><\/strong><\/h3>\n\n\n\n<p>A gram\u00e1tica em um ambiente cl\u00ednico deve ser precisa para evitar erros m\u00e9dicos. Os alunos devem entender como fazer perguntas relacionadas a sintomas corretamente, dar instru\u00e7\u00f5es claras sobre tratamentos e usar tempos verbais precisos para entender o hist\u00f3rico m\u00e9dico de um paciente.<\/p>\n\n\n\n<h3 class=\"wp-block-heading\" id=\"h-vocabulary-and-idioms\"><strong><strong><strong>Vocabul\u00e1rio e express\u00f5es idiom\u00e1ticas<\/strong><\/strong><\/strong><\/h3>\n\n\n\n<p>O setor de sa\u00fade exige um vocabul\u00e1rio extenso e altamente especializado. Esse vasto conjunto de palavras pode ser esmagador para os alunos, que tamb\u00e9m precisam navegar pelos coloquialismos que os pacientes usam para descrever sua dor ou seus sintomas. As express\u00f5es idiom\u00e1ticas podem ser particularmente dif\u00edceis de entender quando um paciente est\u00e1 tentando explicar como se sente.<\/p>\n\n\n\n<h3 class=\"wp-block-heading\" id=\"h-spelling\"><strong><strong><strong><strong>Ortografia<\/strong><\/strong><\/strong><\/strong><\/h3>\n\n\n\n<p>A ortografia da terminologia m\u00e9dica \u00e9 notoriamente inconsistente, muitas vezes baseada em ra\u00edzes latinas ou gregas complexas. Isso pode dificultar que os alunos fa\u00e7am anota\u00e7\u00f5es com precis\u00e3o ou escrevam prescri\u00e7\u00f5es com base em palavras faladas.<\/p>\n\n\n\n<h3 class=\"wp-block-heading\" id=\"h-medical-language-learning-strategies\"><strong><strong><strong>Estrat\u00e9gias de aprendizado de idiomas m\u00e9dicos<\/strong><\/strong><\/strong><\/h3>\n\n\n\n<h4 class=\"wp-block-heading\" id=\"h-listening-and-speaking\">Audi\u00e7\u00e3o e express\u00e3o oral<\/h4>\n\n\n\n<p>Para melhorar a pron\u00fancia e a flu\u00eancia, os alunos devem praticar a audi\u00e7\u00e3o de falantes nativos e participar de conversas m\u00e9dicas sempre que poss\u00edvel. Com o Talkpal, voc\u00ea pratica a fala real, simulando essas intera\u00e7\u00f5es vitais.<\/p>\n\n\n\n<h4 class=\"wp-block-heading\" id=\"h-reading\">Leitura<\/h4>\n\n\n\n<p>A leitura \u00e9 uma ferramenta essencial para expandir o vocabul\u00e1rio cl\u00ednico e aprimorar as habilidades de compreens\u00e3o. Os alunos devem ler uma variedade de textos, desde revistas m\u00e9dicas at\u00e9 estudos de casos de pacientes.<\/p>\n\n\n\n<h4 class=\"wp-block-heading\" id=\"h-writing\">Escrita<\/h4>\n\n\n\n<p>A reda\u00e7\u00e3o \u00e9 uma habilidade essencial para os alunos da \u00e1rea de sa\u00fade, pois ajuda a solidificar a gram\u00e1tica para a elabora\u00e7\u00e3o de gr\u00e1ficos e relat\u00f3rios. Os alunos devem praticar a escrita regularmente, traduzindo sintomas e planos de tratamento.<\/p>\n\n\n\n<h4 class=\"wp-block-heading\" id=\"h-grammar-and-vocabulary\">Gram\u00e1tica e vocabul\u00e1rio<\/h4>\n\n\n\n<p>Os alunos devem dedicar tempo para estudar as regras gramaticais e expandir seu vocabul\u00e1rio cl\u00ednico. Isso pode ser alcan\u00e7ado por meio de nossos cen\u00e1rios especializados de IA.<\/p>\n\n\n\n<h2 class=\"wp-block-heading\" id=\"h-conclusion\">Conclus\u00e3o<\/h2>\n\n\n\n<p>O aprendizado do idioma m\u00e9dico apresenta desafios \u00fanicos, desde o vocabul\u00e1rio cl\u00ednico complexo e a gram\u00e1tica r\u00edgida at\u00e9 as nuances culturais no atendimento ao paciente. No entanto, com as estrat\u00e9gias certas, ferramentas como o Talkpal e pr\u00e1tica consistente, os profissionais da \u00e1rea m\u00e9dica podem superar esses obst\u00e1culos e colher os muitos benef\u00edcios que v\u00eam com o dom\u00ednio de um novo idioma.<\/p>\n<\/div><\/div>\n<section class=\"promotionalBanner\">\r\n    <p class=\"promotionalText\">A maneira mais eficiente de aprender um idioma<\/p>\r\n    <a class=\"promotionalLink\" href=\"https:\/\/app.talkpal.ai\/pt-br\/signup?lng=\">Experimente o Talkpal gratuitamente<\/a>\r\n<\/section>","protected":false},"excerpt":{"rendered":"<p>N\u00f3s somos Talkpal Aprender uma nova l\u00edngua pode ser uma experi\u00eancia excitante e desafiante. Abre novas portas a oportunidades, tanto a n\u00edvel pessoal como profissional. A Talkpal, uma plataforma de aprendizado de idiomas que ensina mais de 80 idiomas, vem desenvolvendo e treinando seus algoritmos h\u00e1 anos. Como a tecnologia e o aprendizado de idiomas [&hellip;]<\/p>\n","protected":false},"author":20,"featured_media":1647877,"parent":0,"menu_order":0,"comment_status":"closed","ping_status":"closed","template":"LearningContentPage.php","meta":{"_acf_changed":false,"footnotes":""},"class_list":["post-1647876","page","type-page","status-publish","has-post-thumbnail","hentry"],"acf":[],"yoast_head":"<!-- This site is optimized with the Yoast SEO Premium plugin v27.2 (Yoast SEO v27.2) - https:\/\/yoast.com\/product\/yoast-seo-premium-wordpress\/ -->\n<title>Aprenda a linguagem m\u00e9dica com a IA - Talkpal<\/title>\n<meta name=\"description\" content=\"Melhore sua carreira na \u00e1rea de sa\u00fade com o novo curso de Medicina da Talkpal. Aprenda a se comunicar efetivamente com os pacientes em mais de 80 idiomas usando nosso tutor de IA personalizado.\" \/>\n<meta name=\"robots\" content=\"index, follow, max-snippet:-1, max-image-preview:large, max-video-preview:-1\" \/>\n<link rel=\"canonical\" href=\"https:\/\/talkpal.ai\/pt-br\/aprenda-a-linguagem-medica-com-a-ia\/\" \/>\n<meta property=\"og:locale\" content=\"pt_BR\" \/>\n<meta property=\"og:type\" content=\"article\" \/>\n<meta property=\"og:title\" content=\"Aprenda a linguagem m\u00e9dica com a IA\" \/>\n<meta property=\"og:description\" content=\"N\u00f3s somos Talkpal Aprender uma nova l\u00edngua pode ser uma experi\u00eancia excitante e desafiante. Abre novas portas a oportunidades, tanto a n\u00edvel pessoal como\" \/>\n<meta property=\"og:url\" content=\"https:\/\/talkpal.ai\/pt-br\/aprenda-a-linguagem-medica-com-a-ia\/\" \/>\n<meta property=\"og:site_name\" content=\"Talkpal\" \/>\n<meta property=\"article:publisher\" content=\"https:\/\/www.facebook.com\/profile.php?id=100090733639311\" \/>\n<meta property=\"article:modified_time\" content=\"2026-02-27T11:33:17+00:00\" \/>\n<meta property=\"og:image\" content=\"https:\/\/talkpal.ai\/wp-content\/uploads\/2026\/02\/medicine_courses.webp\" \/>\n\t<meta property=\"og:image:width\" content=\"1200\" \/>\n\t<meta property=\"og:image:height\" content=\"967\" \/>\n\t<meta property=\"og:image:type\" content=\"image\/webp\" \/>\n<meta name=\"twitter:card\" content=\"summary_large_image\" \/>\n<meta name=\"twitter:site\" content=\"@talkpalai\" \/>\n<meta name=\"twitter:label1\" content=\"Est. tempo de leitura\" \/>\n\t<meta name=\"twitter:data1\" content=\"4 minutos\" \/>\n<script type=\"application\/ld+json\" class=\"yoast-schema-graph\">{\"@context\":\"https:\/\/schema.org\",\"@graph\":[{\"@type\":\"WebPage\",\"@id\":\"https:\/\/talkpal.ai\/pt-br\/aprenda-a-linguagem-medica-com-a-ia\/\",\"url\":\"https:\/\/talkpal.ai\/pt-br\/aprenda-a-linguagem-medica-com-a-ia\/\",\"name\":\"Aprenda a linguagem m\u00e9dica com a IA - Talkpal\",\"isPartOf\":{\"@id\":\"https:\/\/talkpal.ai\/pt-br\/#website\"},\"primaryImageOfPage\":{\"@id\":\"https:\/\/talkpal.ai\/pt-br\/aprenda-a-linguagem-medica-com-a-ia\/#primaryimage\"},\"image\":{\"@id\":\"https:\/\/talkpal.ai\/pt-br\/aprenda-a-linguagem-medica-com-a-ia\/#primaryimage\"},\"thumbnailUrl\":\"https:\/\/talkpal.ai\/wp-content\/uploads\/2026\/02\/medicine_courses.webp\",\"datePublished\":\"2026-02-27T11:07:24+00:00\",\"dateModified\":\"2026-02-27T11:33:17+00:00\",\"description\":\"Melhore sua carreira na \u00e1rea de sa\u00fade com o novo curso de Medicina da Talkpal. Aprenda a se comunicar efetivamente com os pacientes em mais de 80 idiomas usando nosso tutor de IA personalizado.\",\"breadcrumb\":{\"@id\":\"https:\/\/talkpal.ai\/pt-br\/aprenda-a-linguagem-medica-com-a-ia\/#breadcrumb\"},\"inLanguage\":\"pt-BR\",\"potentialAction\":[{\"@type\":\"ReadAction\",\"target\":[\"https:\/\/talkpal.ai\/pt-br\/aprenda-a-linguagem-medica-com-a-ia\/\"]}]},{\"@type\":\"ImageObject\",\"inLanguage\":\"pt-BR\",\"@id\":\"https:\/\/talkpal.ai\/pt-br\/aprenda-a-linguagem-medica-com-a-ia\/#primaryimage\",\"url\":\"https:\/\/talkpal.ai\/wp-content\/uploads\/2026\/02\/medicine_courses.webp\",\"contentUrl\":\"https:\/\/talkpal.ai\/wp-content\/uploads\/2026\/02\/medicine_courses.webp\",\"width\":1200,\"height\":967,\"caption\":\"Cursos de Medicina\"},{\"@type\":\"BreadcrumbList\",\"@id\":\"https:\/\/talkpal.ai\/pt-br\/aprenda-a-linguagem-medica-com-a-ia\/#breadcrumb\",\"itemListElement\":[{\"@type\":\"ListItem\",\"position\":1,\"name\":\"Homepage\",\"item\":\"https:\/\/talkpal.ai\/pt-br\/\"},{\"@type\":\"ListItem\",\"position\":2,\"name\":\"Aprenda a linguagem m\u00e9dica com a IA\"}]},{\"@type\":\"WebSite\",\"@id\":\"https:\/\/talkpal.ai\/pt-br\/#website\",\"url\":\"https:\/\/talkpal.ai\/pt-br\/\",\"name\":\"Talkpal\",\"description\":\"AI Language Learning\",\"publisher\":{\"@id\":\"https:\/\/talkpal.ai\/pt-br\/#organization\"},\"alternateName\":\"Talkpal AI\",\"potentialAction\":[{\"@type\":\"SearchAction\",\"target\":{\"@type\":\"EntryPoint\",\"urlTemplate\":\"https:\/\/talkpal.ai\/pt-br\/?s={search_term_string}\"},\"query-input\":{\"@type\":\"PropertyValueSpecification\",\"valueRequired\":true,\"valueName\":\"search_term_string\"}}],\"inLanguage\":\"pt-BR\"},{\"@type\":\"Organization\",\"@id\":\"https:\/\/talkpal.ai\/pt-br\/#organization\",\"name\":\"Talkpal, Inc.\",\"alternateName\":\"Talkpal AI\",\"url\":\"https:\/\/talkpal.ai\/pt-br\/\",\"logo\":{\"@type\":\"ImageObject\",\"inLanguage\":\"pt-BR\",\"@id\":\"https:\/\/talkpal.ai\/pt-br\/#\/schema\/logo\/image\/\",\"url\":\"https:\/\/talkpal.ai\/wp-content\/uploads\/2024\/03\/Talkpal-Logo-Icon.png\",\"contentUrl\":\"https:\/\/talkpal.ai\/wp-content\/uploads\/2024\/03\/Talkpal-Logo-Icon.png\",\"width\":2880,\"height\":2880,\"caption\":\"Talkpal, Inc.\"},\"image\":{\"@id\":\"https:\/\/talkpal.ai\/pt-br\/#\/schema\/logo\/image\/\"},\"sameAs\":[\"https:\/\/www.facebook.com\/profile.php?id=100090733639311\",\"https:\/\/x.com\/talkpalai\",\"https:\/\/www.linkedin.com\/company\/talkpal\/\",\"https:\/\/www.youtube.com\/@TalkPal\/\",\"https:\/\/www.tiktok.com\/@talkpal\",\"https:\/\/www.instagram.com\/talkpal_ai\/\",\"https:\/\/www.crunchbase.com\/organization\/talkpal-9cde\",\"https:\/\/www.g2.com\/products\/talkpal-for-business\/\",\"https:\/\/www.trustpilot.com\/review\/talkpal.ai\",\"https:\/\/www.capterra.com\/p\/10006800\/TalkPal\/\"],\"description\":\"Talkpal is a language learning web and mobile education app, powered by the latest AI technologies, that provides engaging experiences to its customers in many different languages to help them improve their language skills. Users can chat about unlimited amount of topics with the app and use other modes to practice their language learning.\",\"email\":\"support@talkpal.ai\",\"legalName\":\"Talkpal, Inc.\",\"foundingDate\":\"2023-04-03\",\"duns\":\"118989042\",\"numberOfEmployees\":{\"@type\":\"QuantitativeValue\",\"minValue\":\"11\",\"maxValue\":\"50\"},\"publishingPrinciples\":\"https:\/\/talkpal.ai\/publishing-principles\/\",\"actionableFeedbackPolicy\":\"https:\/\/talkpal.ai\/actionable-feedback-policy\/\",\"correctionsPolicy\":\"https:\/\/talkpal.ai\/corrections-policy\/\",\"ethicsPolicy\":\"https:\/\/talkpal.ai\/ethics-policy\/\",\"diversityPolicy\":\"https:\/\/talkpal.ai\/diversity-policy\/\",\"diversityStaffingReport\":\"https:\/\/talkpal.ai\/diversity-policy\/\"}]}<\/script>\n<!-- \/ Yoast SEO Premium plugin. -->","yoast_head_json":{"title":"Aprenda a linguagem m\u00e9dica com a IA - Talkpal","description":"Melhore sua carreira na \u00e1rea de sa\u00fade com o novo curso de Medicina da Talkpal. Aprenda a se comunicar efetivamente com os pacientes em mais de 80 idiomas usando nosso tutor de IA personalizado.","robots":{"index":"index","follow":"follow","max-snippet":"max-snippet:-1","max-image-preview":"max-image-preview:large","max-video-preview":"max-video-preview:-1"},"canonical":"https:\/\/talkpal.ai\/pt-br\/aprenda-a-linguagem-medica-com-a-ia\/","og_locale":"pt_BR","og_type":"article","og_title":"Aprenda a linguagem m\u00e9dica com a IA","og_description":"N\u00f3s somos Talkpal Aprender uma nova l\u00edngua pode ser uma experi\u00eancia excitante e desafiante. Abre novas portas a oportunidades, tanto a n\u00edvel pessoal como","og_url":"https:\/\/talkpal.ai\/pt-br\/aprenda-a-linguagem-medica-com-a-ia\/","og_site_name":"Talkpal","article_publisher":"https:\/\/www.facebook.com\/profile.php?id=100090733639311","article_modified_time":"2026-02-27T11:33:17+00:00","og_image":[{"width":1200,"height":967,"url":"https:\/\/talkpal.ai\/wp-content\/uploads\/2026\/02\/medicine_courses.webp","type":"image\/webp"}],"twitter_card":"summary_large_image","twitter_site":"@talkpalai","twitter_misc":{"Est. tempo de leitura":"4 minutos"},"schema":{"@context":"https:\/\/schema.org","@graph":[{"@type":"WebPage","@id":"https:\/\/talkpal.ai\/pt-br\/aprenda-a-linguagem-medica-com-a-ia\/","url":"https:\/\/talkpal.ai\/pt-br\/aprenda-a-linguagem-medica-com-a-ia\/","name":"Aprenda a linguagem m\u00e9dica com a IA - Talkpal","isPartOf":{"@id":"https:\/\/talkpal.ai\/pt-br\/#website"},"primaryImageOfPage":{"@id":"https:\/\/talkpal.ai\/pt-br\/aprenda-a-linguagem-medica-com-a-ia\/#primaryimage"},"image":{"@id":"https:\/\/talkpal.ai\/pt-br\/aprenda-a-linguagem-medica-com-a-ia\/#primaryimage"},"thumbnailUrl":"https:\/\/talkpal.ai\/wp-content\/uploads\/2026\/02\/medicine_courses.webp","datePublished":"2026-02-27T11:07:24+00:00","dateModified":"2026-02-27T11:33:17+00:00","description":"Melhore sua carreira na \u00e1rea de sa\u00fade com o novo curso de Medicina da Talkpal. Aprenda a se comunicar efetivamente com os pacientes em mais de 80 idiomas usando nosso tutor de IA personalizado.","breadcrumb":{"@id":"https:\/\/talkpal.ai\/pt-br\/aprenda-a-linguagem-medica-com-a-ia\/#breadcrumb"},"inLanguage":"pt-BR","potentialAction":[{"@type":"ReadAction","target":["https:\/\/talkpal.ai\/pt-br\/aprenda-a-linguagem-medica-com-a-ia\/"]}]},{"@type":"ImageObject","inLanguage":"pt-BR","@id":"https:\/\/talkpal.ai\/pt-br\/aprenda-a-linguagem-medica-com-a-ia\/#primaryimage","url":"https:\/\/talkpal.ai\/wp-content\/uploads\/2026\/02\/medicine_courses.webp","contentUrl":"https:\/\/talkpal.ai\/wp-content\/uploads\/2026\/02\/medicine_courses.webp","width":1200,"height":967,"caption":"Cursos de Medicina"},{"@type":"BreadcrumbList","@id":"https:\/\/talkpal.ai\/pt-br\/aprenda-a-linguagem-medica-com-a-ia\/#breadcrumb","itemListElement":[{"@type":"ListItem","position":1,"name":"Homepage","item":"https:\/\/talkpal.ai\/pt-br\/"},{"@type":"ListItem","position":2,"name":"Aprenda a linguagem m\u00e9dica com a IA"}]},{"@type":"WebSite","@id":"https:\/\/talkpal.ai\/pt-br\/#website","url":"https:\/\/talkpal.ai\/pt-br\/","name":"Talkpal","description":"AI Language Learning","publisher":{"@id":"https:\/\/talkpal.ai\/pt-br\/#organization"},"alternateName":"Talkpal AI","potentialAction":[{"@type":"SearchAction","target":{"@type":"EntryPoint","urlTemplate":"https:\/\/talkpal.ai\/pt-br\/?s={search_term_string}"},"query-input":{"@type":"PropertyValueSpecification","valueRequired":true,"valueName":"search_term_string"}}],"inLanguage":"pt-BR"},{"@type":"Organization","@id":"https:\/\/talkpal.ai\/pt-br\/#organization","name":"Talkpal, Inc.","alternateName":"Talkpal AI","url":"https:\/\/talkpal.ai\/pt-br\/","logo":{"@type":"ImageObject","inLanguage":"pt-BR","@id":"https:\/\/talkpal.ai\/pt-br\/#\/schema\/logo\/image\/","url":"https:\/\/talkpal.ai\/wp-content\/uploads\/2024\/03\/Talkpal-Logo-Icon.png","contentUrl":"https:\/\/talkpal.ai\/wp-content\/uploads\/2024\/03\/Talkpal-Logo-Icon.png","width":2880,"height":2880,"caption":"Talkpal, Inc."},"image":{"@id":"https:\/\/talkpal.ai\/pt-br\/#\/schema\/logo\/image\/"},"sameAs":["https:\/\/www.facebook.com\/profile.php?id=100090733639311","https:\/\/x.com\/talkpalai","https:\/\/www.linkedin.com\/company\/talkpal\/","https:\/\/www.youtube.com\/@TalkPal\/","https:\/\/www.tiktok.com\/@talkpal","https:\/\/www.instagram.com\/talkpal_ai\/","https:\/\/www.crunchbase.com\/organization\/talkpal-9cde","https:\/\/www.g2.com\/products\/talkpal-for-business\/","https:\/\/www.trustpilot.com\/review\/talkpal.ai","https:\/\/www.capterra.com\/p\/10006800\/TalkPal\/"],"description":"Talkpal is a language learning web and mobile education app, powered by the latest AI technologies, that provides engaging experiences to its customers in many different languages to help them improve their language skills. Users can chat about unlimited amount of topics with the app and use other modes to practice their language learning.","email":"support@talkpal.ai","legalName":"Talkpal, Inc.","foundingDate":"2023-04-03","duns":"118989042","numberOfEmployees":{"@type":"QuantitativeValue","minValue":"11","maxValue":"50"},"publishingPrinciples":"https:\/\/talkpal.ai\/publishing-principles\/","actionableFeedbackPolicy":"https:\/\/talkpal.ai\/actionable-feedback-policy\/","correctionsPolicy":"https:\/\/talkpal.ai\/corrections-policy\/","ethicsPolicy":"https:\/\/talkpal.ai\/ethics-policy\/","diversityPolicy":"https:\/\/talkpal.ai\/diversity-policy\/","diversityStaffingReport":"https:\/\/talkpal.ai\/diversity-policy\/"}]}},"_links":{"self":[{"href":"https:\/\/talkpal.ai\/pt-br\/wp-json\/wp\/v2\/pages\/1647876","targetHints":{"allow":["GET"]}}],"collection":[{"href":"https:\/\/talkpal.ai\/pt-br\/wp-json\/wp\/v2\/pages"}],"about":[{"href":"https:\/\/talkpal.ai\/pt-br\/wp-json\/wp\/v2\/types\/page"}],"author":[{"embeddable":true,"href":"https:\/\/talkpal.ai\/pt-br\/wp-json\/wp\/v2\/users\/20"}],"replies":[{"embeddable":true,"href":"https:\/\/talkpal.ai\/pt-br\/wp-json\/wp\/v2\/comments?post=1647876"}],"version-history":[{"count":0,"href":"https:\/\/talkpal.ai\/pt-br\/wp-json\/wp\/v2\/pages\/1647876\/revisions"}],"wp:featuredmedia":[{"embeddable":true,"href":"https:\/\/talkpal.ai\/pt-br\/wp-json\/wp\/v2\/media\/1647877"}],"wp:attachment":[{"href":"https:\/\/talkpal.ai\/pt-br\/wp-json\/wp\/v2\/media?parent=1647876"}],"curies":[{"name":"wp","href":"https:\/\/api.w.org\/{rel}","templated":true}]}}