{"id":162720,"date":"2023-06-21T14:01:18","date_gmt":"2023-06-21T14:01:18","guid":{"rendered":"http:\/\/talkpal.ai\/exercicios-de-gramatica-galega\/"},"modified":"2025-12-17T16:02:17","modified_gmt":"2025-12-17T16:02:17","slug":"exercicios-de-gramatica-galega","status":"publish","type":"page","link":"https:\/\/talkpal.ai\/pt-br\/exercicios-de-gramatica-galega\/","title":{"rendered":"Exerc\u00edcios de gram\u00e1tica galega"},"content":{"rendered":"\r\n\r\n\r\n<section class=\"languageChallengeSection\">\r\n    <div class=\"languageInfoWrapper\">\r\n        \r\n        <h1>Exerc\u00edcios de gram\u00e1tica galega<\/h1>\r\n        <p>Voc\u00ea quer melhorar suas habilidades no idioma <a href=\"https:\/\/talkpal.ai\/learn-galician\/\">galego<\/a>? Praticar exerc\u00edcios gramaticais \u00e9 uma \u00f3tima maneira de dominar a estrutura das frases, as formas verbais e as caracter\u00edsticas distintivas do galego. Comece a trabalhar com a <a href=\"https:\/\/talkpal.ai\/es\/grammar\/caso-en-gramatica-gallega\/\">gram\u00e1tica galega<\/a> hoje mesmo e veja sua compreens\u00e3o e confian\u00e7a crescerem a cada exerc\u00edcio!<\/p>\r\n\r\n                            <a class=\"getStartedHidden\" href=\"https:\/\/app.talkpal.ai\/pt-br\/signup?lng=\">Come\u00e7a<\/a>\r\n        \r\n    <\/div>\r\n\r\n    <figure>\r\n    <img decoding=\"async\" width=\"768\" height=\"768\" src=\"https:\/\/talkpal.ai\/wp-content\/uploads\/2023\/06\/galician-768x768.png\" class=\"languageImage no-lazy\" alt=\"Language immersion powerful learning method\" fetchpriority=\"high\" sizes=\"(max-width: 768px) 150px, 768px\" srcset=\"https:\/\/talkpal.ai\/wp-content\/uploads\/2023\/06\/galician-768x768.png 768w, https:\/\/talkpal.ai\/wp-content\/uploads\/2023\/06\/galician-300x300.png 300w\" \/>\r\n    \r\n\r\n    <\/figure>\r\n\r\n            <a class=\"getStartedVisible\" href=\"https:\/\/app.talkpal.ai\/pt-br\/signup?lng=\">Come\u00e7a<\/a>\r\n    \r\n<\/section>\r\n\r\n\r\n<!-- <section class=\"grammarSection\">\r\n    <div class=\"grammarLinks\">\r\n            <\/div>\r\n<\/section> -->\r\n\r\n\r\n\r\n\r\n<section class=\"promotionalBanner\">\r\n    <p class=\"promotionalText\">A maneira mais eficiente de aprender um idioma<\/p>\r\n    <a class=\"promotionalLink\" href=\"https:\/\/app.talkpal.ai\/pt-br\/signup?lng=\">Experimente o Talkpal gratuitamente<\/a>\r\n<\/section>\n<div class=\"wp-block-group pageContainerStyle\"><div class=\"wp-block-group__inner-container is-layout-constrained wp-block-group-is-layout-constrained\">\n<h2 class=\"wp-block-heading\" id=\"h-galician-grammar-topics\">T\u00f3picos de gram\u00e1tica galega<\/h2>\n\n\n\n<p>A gram\u00e1tica galega \u00e9 o estudo da estrutura lingu\u00edstica, regras e componentes da <a href=\"https:\/\/talkpal.ai\/pt-pt\/quais-paises-falam-melhor-a-lingua-galega\/\">l\u00edngua galega<\/a>, uma l\u00edngua rom\u00e2nica falada na comunidade aut\u00f4noma da Gal\u00edcia, no noroeste da Espanha. Compartilhando uma estreita rela\u00e7\u00e3o com o <a href=\"https:\/\/talkpal.ai\/learn-portuguese\/\">portugu\u00eas<\/a>, a gram\u00e1tica galega \u00e9 composta por v\u00e1rios elementos que auxiliam na forma\u00e7\u00e3o e compreens\u00e3o da l\u00edngua, <a href=\"https:\/\/talkpal.ai\/locations\/language-courses-in-como\/\">como<\/a> conjuga\u00e7\u00e3o de verbos, concord\u00e2ncia nominal e adjetiva, e o uso de artigos, pronomes, adv\u00e9rbios e preposi\u00e7\u00f5es. Aprender a gram\u00e1tica galega de forma estruturada garantir\u00e1 um processo de aprendizagem suave e eficiente, proporcionando uma compreens\u00e3o profunda desta l\u00edngua rica e vibrante.<\/p>\n\n\n\n<h3 class=\"wp-block-heading\" id=\"h-1-nouns\">1. Substantivos:<\/h3>\n\n\n\n<p>Comece entendendo o conceito de substantivos em galego, que s\u00e3o classificados em dois g\u00eaneros (masculino e feminino) e podem ser singulares ou plurais. Aprenda a identific\u00e1-los e us\u00e1-los corretamente em frases.<\/p>\n\n\n\n<h3 class=\"wp-block-heading\" id=\"h-2-articles\">2. Artigos:<\/h3>\n\n\n\n<p>Estude os <a href=\"https:\/\/talkpal.ai\/pt-pt\/grammar\/artigos-definidos-e-indefinidos-na-gramatica-arabe\/\">artigos definidos e indefinidos<\/a> em galego, que concordam em g\u00eanero e n\u00famero com os substantivos que acompanham. Isso ajudar\u00e1 na forma\u00e7\u00e3o de frases e frases b\u00e1sicas de forma mais eficaz.<\/p>\n\n\n\n<h3 class=\"wp-block-heading\" id=\"h-3-adjectives\">3. Adjetivos:<\/h3>\n\n\n\n<p>Saiba mais sobre adjetivos em galego, que concordam em g\u00eanero e n\u00famero com os substantivos que modificam. Compreender as regras de posicionamento e contrato permitir\u00e1 que voc\u00ea descreva objetos e pessoas com precis\u00e3o.<\/p>\n\n\n\n<h3 class=\"wp-block-heading\" id=\"h-4-pronouns-determiners\">4. Pronomes\/Determinantes:<\/h3>\n\n\n\n<p>Estude os v\u00e1rios tipos de pronomes e determinantes em galego, que podem substituir ou indicar substantivos em uma frase. Isso inclui <a href=\"https:\/\/talkpal.ai\/grammar\/pronomes-pessoais-in-portuguese-grammar\/\">pronomes pessoais<\/a>, demonstrativos, possessivos e interrogativos, entre outros.<\/p>\n\n\n\n<h3 class=\"wp-block-heading\" id=\"h-5-verbs\">5. Verbos:<\/h3>\n\n\n\n<p>Foco na conjuga\u00e7\u00e3o de verbos, que \u00e9 um aspecto crucial da gram\u00e1tica galega. Aprenda os diferentes tempos e humores, e pratique a conjuga\u00e7\u00e3o de verbos regulares e irregulares.<\/p>\n\n\n\n<h3 class=\"wp-block-heading\" id=\"h-6-tense-comparison\">6. Compara\u00e7\u00e3o tensa:<\/h3>\n\n\n\n<p>Entenda as diferen\u00e7as entre os v\u00e1rios tempos em galego, e aprenda a us\u00e1-los corretamente para transmitir a refer\u00eancia de tempo apropriada em sua fala ou escrita.<\/p>\n\n\n\n<h3 class=\"wp-block-heading\" id=\"h-7-progressive\">7. Progressiva:<\/h3>\n\n\n\n<p>Estude o aspecto progressivo em galego, que indica uma a\u00e7\u00e3o cont\u00ednua, e aprenda a form\u00e1-lo e us\u00e1-lo com diferentes tempos.<\/p>\n\n\n\n<h3 class=\"wp-block-heading\" id=\"h-8-perfect-progressive\">8. Perfeito Progressivo:<\/h3>\n\n\n\n<p>Aprenda sobre o aspecto progressivo perfeito, que combina os aspectos perfeito e progressivo para expressar uma a\u00e7\u00e3o que foi cont\u00ednua e pode continuar no <a href=\"https:\/\/talkpal.ai\/ja\/grammar_exercises\/futuro-%e3%82%b9%e3%83%9a%e3%82%a4%e3%83%b3%e8%aa%9e%e3%81%ae%e6%96%87%e6%b3%95%e3%81%ae%e6%bc%94%e7%bf%92\/\">futuro<\/a>.<\/p>\n\n\n\n<h3 class=\"wp-block-heading\" id=\"h-9-adverbs\">9. Adv\u00e9rbios:<\/h3>\n\n\n\n<p>Explore os adv\u00e9rbios galegos, que fornecem informa\u00e7\u00f5es adicionais sobre verbos, adjetivos ou outros adv\u00e9rbios. Aprenda os v\u00e1rios tipos e suas regras de coloca\u00e7\u00e3o em frases.<\/p>\n\n\n\n<h3 class=\"wp-block-heading\" id=\"h-10-prepositions\">10. Preposi\u00e7\u00f5es:<\/h3>\n\n\n\n<p>Estude as v\u00e1rias preposi\u00e7\u00f5es em galego, que mostram a rela\u00e7\u00e3o entre os elementos de uma frase, como localiza\u00e7\u00e3o, dire\u00e7\u00e3o, tempo ou causa.<\/p>\n\n\n\n<h3 class=\"wp-block-heading\" id=\"h-11-conditionals\">11. Condicionais:<\/h3>\n\n\n\n<p>Aprenda sobre senten\u00e7as condicionais em galego, que expressam situa\u00e7\u00f5es hipot\u00e9ticas ou irreais e suas consequ\u00eancias. Estudar a forma\u00e7\u00e3o e utiliza\u00e7\u00e3o dos diferentes tipos de condicionais.<\/p>\n\n\n\n<h3 class=\"wp-block-heading\" id=\"h-12-sentences\">12. Senten\u00e7as:<\/h3>\n\n\n\n<p>Finalmente, pratique a combina\u00e7\u00e3o de todos os componentes gramaticais previamente aprendidos para formar frases simples e complexas em galego. Isso ajudar\u00e1 a refor\u00e7ar sua compreens\u00e3o do idioma e a construir sua flu\u00eancia.<\/p>\n<\/div><\/div>\n\r\n<section class=\"learnNavigationSection\">\r\n            \r\n        <a href=\"https:\/\/talkpal.ai\/pt-br\/aprenda-galego\/\">\r\n            <div class=\"learnNavigationWrapper\">\r\n                <div class=\"learnNavigationContent\">\r\n                    <img decoding=\"async\" src=\"https:\/\/talkpal.ai\/wp-content\/uploads\/2024\/08\/Galician.jpg\" alt=\"Galicia Flag\">\r\n                    <div>\r\n                        <h4>Sobre a Galician Learning<\/h4>\r\n                        <p>Saiba tudo sobre a gram\u00e1tica galega .<\/p>\r\n                    <\/div>\r\n                <\/div>\r\n            <\/div>\r\n        <\/a>\r\n\r\n        \r\n        <a href=\"https:\/\/talkpal.ai\/pt-br\/gramatica-galega\/\">\r\n            <div class=\"learnNavigationWrapper\">\r\n                <div class=\"learnNavigationContent\">\r\n                    <img decoding=\"async\" src=\"https:\/\/talkpal.ai\/wp-content\/uploads\/2024\/08\/Galician.jpg\" alt=\"Galicia Flag\">\r\n                    <div>\r\n                        <h4>Aulas de gram\u00e1tica galega<\/h4>\r\n                        <p>Pratique a gram\u00e1tica galega.<\/p>\r\n                    <\/div>\r\n                <\/div>\r\n            <\/div>\r\n        <\/a>\r\n\r\n        \r\n        <a href=\"https:\/\/talkpal.ai\/vocabulary_language\/galician\/\">\r\n            <div class=\"learnNavigationWrapper\">\r\n                <div class=\"learnNavigationContent\">\r\n                    <img decoding=\"async\" src=\"https:\/\/talkpal.ai\/wp-content\/uploads\/2024\/08\/Galician.jpg\" alt=\"Galicia Flag\">\r\n                    <div>\r\n                        <h4>Vocabul\u00e1rio galego<\/h4>\r\n                        <p>Amplie seu vocabul\u00e1rio galego.<\/p>\r\n                    <\/div>\r\n                <\/div>\r\n            <\/div>\r\n        <\/a>\r\n\r\n            <\/section>","protected":false},"excerpt":{"rendered":"<p>T\u00f3picos de gram\u00e1tica galega A gram\u00e1tica galega \u00e9 o estudo da estrutura lingu\u00edstica, regras e componentes da l\u00edngua galega, uma l\u00edngua rom\u00e2nica falada na comunidade aut\u00f4noma da Gal\u00edcia, no noroeste da Espanha. Compartilhando uma estreita rela\u00e7\u00e3o com o portugu\u00eas, a gram\u00e1tica galega \u00e9 composta por v\u00e1rios elementos que auxiliam na forma\u00e7\u00e3o e compreens\u00e3o da l\u00edngua, [&hellip;]<\/p>\n","protected":false},"author":6,"featured_media":111992,"parent":0,"menu_order":0,"comment_status":"closed","ping_status":"closed","template":"LearningContentPage.php","meta":{"_acf_changed":false,"footnotes":""},"class_list":["post-162720","page","type-page","status-publish","has-post-thumbnail","hentry"],"acf":[],"yoast_head":"<!-- This site is optimized with the Yoast SEO Premium plugin v27.2 (Yoast SEO v27.2) - https:\/\/yoast.com\/product\/yoast-seo-premium-wordpress\/ -->\n<title>Exerc\u00edcios de gram\u00e1tica galega - Talkpal<\/title>\n<meta name=\"description\" content=\"Pratique a gram\u00e1tica galega com facilidade - melhore rapidamente, participe de exerc\u00edcios interativos claros e ganhe confian\u00e7a no idioma\" \/>\n<meta name=\"robots\" content=\"index, follow, max-snippet:-1, max-image-preview:large, max-video-preview:-1\" \/>\n<link rel=\"canonical\" href=\"https:\/\/talkpal.ai\/pt-br\/exercicios-de-gramatica-galega\/\" \/>\n<meta property=\"og:locale\" content=\"pt_BR\" \/>\n<meta property=\"og:type\" content=\"article\" \/>\n<meta property=\"og:title\" content=\"Exerc\u00edcios de gram\u00e1tica galega\" \/>\n<meta property=\"og:description\" content=\"T\u00f3picos de gram\u00e1tica galega A gram\u00e1tica galega \u00e9 o estudo da estrutura lingu\u00edstica, regras e componentes da l\u00edngua galega, uma l\u00edngua rom\u00e2nica falada na\" \/>\n<meta property=\"og:url\" content=\"https:\/\/talkpal.ai\/pt-br\/exercicios-de-gramatica-galega\/\" \/>\n<meta property=\"og:site_name\" content=\"Talkpal\" \/>\n<meta property=\"article:publisher\" content=\"https:\/\/www.facebook.com\/profile.php?id=100090733639311\" \/>\n<meta property=\"article:modified_time\" content=\"2025-12-17T16:02:17+00:00\" \/>\n<meta property=\"og:image\" content=\"https:\/\/talkpal.ai\/wp-content\/uploads\/2023\/05\/Galician-spain.png\" \/>\n\t<meta property=\"og:image:width\" content=\"512\" \/>\n\t<meta property=\"og:image:height\" content=\"512\" \/>\n\t<meta property=\"og:image:type\" content=\"image\/png\" \/>\n<meta name=\"twitter:card\" content=\"summary_large_image\" \/>\n<meta name=\"twitter:site\" content=\"@talkpalai\" \/>\n<meta name=\"twitter:label1\" content=\"Est. tempo de leitura\" \/>\n\t<meta name=\"twitter:data1\" content=\"3 minutos\" \/>\n<script type=\"application\/ld+json\" class=\"yoast-schema-graph\">{\"@context\":\"https:\/\/schema.org\",\"@graph\":[{\"@type\":\"WebPage\",\"@id\":\"https:\/\/talkpal.ai\/pt-br\/exercicios-de-gramatica-galega\/\",\"url\":\"https:\/\/talkpal.ai\/pt-br\/exercicios-de-gramatica-galega\/\",\"name\":\"Exerc\u00edcios de gram\u00e1tica galega - Talkpal\",\"isPartOf\":{\"@id\":\"https:\/\/talkpal.ai\/pt-br\/#website\"},\"primaryImageOfPage\":{\"@id\":\"https:\/\/talkpal.ai\/pt-br\/exercicios-de-gramatica-galega\/#primaryimage\"},\"image\":{\"@id\":\"https:\/\/talkpal.ai\/pt-br\/exercicios-de-gramatica-galega\/#primaryimage\"},\"thumbnailUrl\":\"https:\/\/talkpal.ai\/wp-content\/uploads\/2023\/05\/Galician-spain.png\",\"datePublished\":\"2023-06-21T14:01:18+00:00\",\"dateModified\":\"2025-12-17T16:02:17+00:00\",\"description\":\"Pratique a gram\u00e1tica galega com facilidade - melhore rapidamente, participe de exerc\u00edcios interativos claros e ganhe confian\u00e7a no idioma\",\"breadcrumb\":{\"@id\":\"https:\/\/talkpal.ai\/pt-br\/exercicios-de-gramatica-galega\/#breadcrumb\"},\"inLanguage\":\"pt-BR\",\"potentialAction\":[{\"@type\":\"ReadAction\",\"target\":[\"https:\/\/talkpal.ai\/pt-br\/exercicios-de-gramatica-galega\/\"]}]},{\"@type\":\"ImageObject\",\"inLanguage\":\"pt-BR\",\"@id\":\"https:\/\/talkpal.ai\/pt-br\/exercicios-de-gramatica-galega\/#primaryimage\",\"url\":\"https:\/\/talkpal.ai\/wp-content\/uploads\/2023\/05\/Galician-spain.png\",\"contentUrl\":\"https:\/\/talkpal.ai\/wp-content\/uploads\/2023\/05\/Galician-spain.png\",\"width\":512,\"height\":512},{\"@type\":\"BreadcrumbList\",\"@id\":\"https:\/\/talkpal.ai\/pt-br\/exercicios-de-gramatica-galega\/#breadcrumb\",\"itemListElement\":[{\"@type\":\"ListItem\",\"position\":1,\"name\":\"Homepage\",\"item\":\"https:\/\/talkpal.ai\/pt-br\/\"},{\"@type\":\"ListItem\",\"position\":2,\"name\":\"Exerc\u00edcios de gram\u00e1tica galega\"}]},{\"@type\":\"WebSite\",\"@id\":\"https:\/\/talkpal.ai\/pt-br\/#website\",\"url\":\"https:\/\/talkpal.ai\/pt-br\/\",\"name\":\"Talkpal\",\"description\":\"AI Language Learning\",\"publisher\":{\"@id\":\"https:\/\/talkpal.ai\/pt-br\/#organization\"},\"alternateName\":\"Talkpal AI\",\"potentialAction\":[{\"@type\":\"SearchAction\",\"target\":{\"@type\":\"EntryPoint\",\"urlTemplate\":\"https:\/\/talkpal.ai\/pt-br\/?s={search_term_string}\"},\"query-input\":{\"@type\":\"PropertyValueSpecification\",\"valueRequired\":true,\"valueName\":\"search_term_string\"}}],\"inLanguage\":\"pt-BR\"},{\"@type\":\"Organization\",\"@id\":\"https:\/\/talkpal.ai\/pt-br\/#organization\",\"name\":\"Talkpal, Inc.\",\"alternateName\":\"Talkpal AI\",\"url\":\"https:\/\/talkpal.ai\/pt-br\/\",\"logo\":{\"@type\":\"ImageObject\",\"inLanguage\":\"pt-BR\",\"@id\":\"https:\/\/talkpal.ai\/pt-br\/#\/schema\/logo\/image\/\",\"url\":\"https:\/\/talkpal.ai\/wp-content\/uploads\/2024\/03\/Talkpal-Logo-Icon.png\",\"contentUrl\":\"https:\/\/talkpal.ai\/wp-content\/uploads\/2024\/03\/Talkpal-Logo-Icon.png\",\"width\":2880,\"height\":2880,\"caption\":\"Talkpal, Inc.\"},\"image\":{\"@id\":\"https:\/\/talkpal.ai\/pt-br\/#\/schema\/logo\/image\/\"},\"sameAs\":[\"https:\/\/www.facebook.com\/profile.php?id=100090733639311\",\"https:\/\/x.com\/talkpalai\",\"https:\/\/www.linkedin.com\/company\/talkpal\/\",\"https:\/\/www.youtube.com\/@TalkPal\/\",\"https:\/\/www.tiktok.com\/@talkpal\",\"https:\/\/www.instagram.com\/talkpal_ai\/\",\"https:\/\/www.crunchbase.com\/organization\/talkpal-9cde\",\"https:\/\/www.g2.com\/products\/talkpal-for-business\/\",\"https:\/\/www.trustpilot.com\/review\/talkpal.ai\",\"https:\/\/www.capterra.com\/p\/10006800\/TalkPal\/\"],\"description\":\"Talkpal is a language learning web and mobile education app, powered by the latest AI technologies, that provides engaging experiences to its customers in many different languages to help them improve their language skills. Users can chat about unlimited amount of topics with the app and use other modes to practice their language learning.\",\"email\":\"support@talkpal.ai\",\"legalName\":\"Talkpal, Inc.\",\"foundingDate\":\"2023-04-03\",\"duns\":\"118989042\",\"numberOfEmployees\":{\"@type\":\"QuantitativeValue\",\"minValue\":\"11\",\"maxValue\":\"50\"},\"publishingPrinciples\":\"https:\/\/talkpal.ai\/publishing-principles\/\",\"actionableFeedbackPolicy\":\"https:\/\/talkpal.ai\/actionable-feedback-policy\/\",\"correctionsPolicy\":\"https:\/\/talkpal.ai\/corrections-policy\/\",\"ethicsPolicy\":\"https:\/\/talkpal.ai\/ethics-policy\/\",\"diversityPolicy\":\"https:\/\/talkpal.ai\/diversity-policy\/\",\"diversityStaffingReport\":\"https:\/\/talkpal.ai\/diversity-policy\/\"}]}<\/script>\n<!-- \/ Yoast SEO Premium plugin. -->","yoast_head_json":{"title":"Exerc\u00edcios de gram\u00e1tica galega - Talkpal","description":"Pratique a gram\u00e1tica galega com facilidade - melhore rapidamente, participe de exerc\u00edcios interativos claros e ganhe confian\u00e7a no idioma","robots":{"index":"index","follow":"follow","max-snippet":"max-snippet:-1","max-image-preview":"max-image-preview:large","max-video-preview":"max-video-preview:-1"},"canonical":"https:\/\/talkpal.ai\/pt-br\/exercicios-de-gramatica-galega\/","og_locale":"pt_BR","og_type":"article","og_title":"Exerc\u00edcios de gram\u00e1tica galega","og_description":"T\u00f3picos de gram\u00e1tica galega A gram\u00e1tica galega \u00e9 o estudo da estrutura lingu\u00edstica, regras e componentes da l\u00edngua galega, uma l\u00edngua rom\u00e2nica falada na","og_url":"https:\/\/talkpal.ai\/pt-br\/exercicios-de-gramatica-galega\/","og_site_name":"Talkpal","article_publisher":"https:\/\/www.facebook.com\/profile.php?id=100090733639311","article_modified_time":"2025-12-17T16:02:17+00:00","og_image":[{"width":512,"height":512,"url":"https:\/\/talkpal.ai\/wp-content\/uploads\/2023\/05\/Galician-spain.png","type":"image\/png"}],"twitter_card":"summary_large_image","twitter_site":"@talkpalai","twitter_misc":{"Est. tempo de leitura":"3 minutos"},"schema":{"@context":"https:\/\/schema.org","@graph":[{"@type":"WebPage","@id":"https:\/\/talkpal.ai\/pt-br\/exercicios-de-gramatica-galega\/","url":"https:\/\/talkpal.ai\/pt-br\/exercicios-de-gramatica-galega\/","name":"Exerc\u00edcios de gram\u00e1tica galega - Talkpal","isPartOf":{"@id":"https:\/\/talkpal.ai\/pt-br\/#website"},"primaryImageOfPage":{"@id":"https:\/\/talkpal.ai\/pt-br\/exercicios-de-gramatica-galega\/#primaryimage"},"image":{"@id":"https:\/\/talkpal.ai\/pt-br\/exercicios-de-gramatica-galega\/#primaryimage"},"thumbnailUrl":"https:\/\/talkpal.ai\/wp-content\/uploads\/2023\/05\/Galician-spain.png","datePublished":"2023-06-21T14:01:18+00:00","dateModified":"2025-12-17T16:02:17+00:00","description":"Pratique a gram\u00e1tica galega com facilidade - melhore rapidamente, participe de exerc\u00edcios interativos claros e ganhe confian\u00e7a no idioma","breadcrumb":{"@id":"https:\/\/talkpal.ai\/pt-br\/exercicios-de-gramatica-galega\/#breadcrumb"},"inLanguage":"pt-BR","potentialAction":[{"@type":"ReadAction","target":["https:\/\/talkpal.ai\/pt-br\/exercicios-de-gramatica-galega\/"]}]},{"@type":"ImageObject","inLanguage":"pt-BR","@id":"https:\/\/talkpal.ai\/pt-br\/exercicios-de-gramatica-galega\/#primaryimage","url":"https:\/\/talkpal.ai\/wp-content\/uploads\/2023\/05\/Galician-spain.png","contentUrl":"https:\/\/talkpal.ai\/wp-content\/uploads\/2023\/05\/Galician-spain.png","width":512,"height":512},{"@type":"BreadcrumbList","@id":"https:\/\/talkpal.ai\/pt-br\/exercicios-de-gramatica-galega\/#breadcrumb","itemListElement":[{"@type":"ListItem","position":1,"name":"Homepage","item":"https:\/\/talkpal.ai\/pt-br\/"},{"@type":"ListItem","position":2,"name":"Exerc\u00edcios de gram\u00e1tica galega"}]},{"@type":"WebSite","@id":"https:\/\/talkpal.ai\/pt-br\/#website","url":"https:\/\/talkpal.ai\/pt-br\/","name":"Talkpal","description":"AI Language Learning","publisher":{"@id":"https:\/\/talkpal.ai\/pt-br\/#organization"},"alternateName":"Talkpal AI","potentialAction":[{"@type":"SearchAction","target":{"@type":"EntryPoint","urlTemplate":"https:\/\/talkpal.ai\/pt-br\/?s={search_term_string}"},"query-input":{"@type":"PropertyValueSpecification","valueRequired":true,"valueName":"search_term_string"}}],"inLanguage":"pt-BR"},{"@type":"Organization","@id":"https:\/\/talkpal.ai\/pt-br\/#organization","name":"Talkpal, Inc.","alternateName":"Talkpal AI","url":"https:\/\/talkpal.ai\/pt-br\/","logo":{"@type":"ImageObject","inLanguage":"pt-BR","@id":"https:\/\/talkpal.ai\/pt-br\/#\/schema\/logo\/image\/","url":"https:\/\/talkpal.ai\/wp-content\/uploads\/2024\/03\/Talkpal-Logo-Icon.png","contentUrl":"https:\/\/talkpal.ai\/wp-content\/uploads\/2024\/03\/Talkpal-Logo-Icon.png","width":2880,"height":2880,"caption":"Talkpal, Inc."},"image":{"@id":"https:\/\/talkpal.ai\/pt-br\/#\/schema\/logo\/image\/"},"sameAs":["https:\/\/www.facebook.com\/profile.php?id=100090733639311","https:\/\/x.com\/talkpalai","https:\/\/www.linkedin.com\/company\/talkpal\/","https:\/\/www.youtube.com\/@TalkPal\/","https:\/\/www.tiktok.com\/@talkpal","https:\/\/www.instagram.com\/talkpal_ai\/","https:\/\/www.crunchbase.com\/organization\/talkpal-9cde","https:\/\/www.g2.com\/products\/talkpal-for-business\/","https:\/\/www.trustpilot.com\/review\/talkpal.ai","https:\/\/www.capterra.com\/p\/10006800\/TalkPal\/"],"description":"Talkpal is a language learning web and mobile education app, powered by the latest AI technologies, that provides engaging experiences to its customers in many different languages to help them improve their language skills. Users can chat about unlimited amount of topics with the app and use other modes to practice their language learning.","email":"support@talkpal.ai","legalName":"Talkpal, Inc.","foundingDate":"2023-04-03","duns":"118989042","numberOfEmployees":{"@type":"QuantitativeValue","minValue":"11","maxValue":"50"},"publishingPrinciples":"https:\/\/talkpal.ai\/publishing-principles\/","actionableFeedbackPolicy":"https:\/\/talkpal.ai\/actionable-feedback-policy\/","correctionsPolicy":"https:\/\/talkpal.ai\/corrections-policy\/","ethicsPolicy":"https:\/\/talkpal.ai\/ethics-policy\/","diversityPolicy":"https:\/\/talkpal.ai\/diversity-policy\/","diversityStaffingReport":"https:\/\/talkpal.ai\/diversity-policy\/"}]}},"_links":{"self":[{"href":"https:\/\/talkpal.ai\/pt-br\/wp-json\/wp\/v2\/pages\/162720","targetHints":{"allow":["GET"]}}],"collection":[{"href":"https:\/\/talkpal.ai\/pt-br\/wp-json\/wp\/v2\/pages"}],"about":[{"href":"https:\/\/talkpal.ai\/pt-br\/wp-json\/wp\/v2\/types\/page"}],"author":[{"embeddable":true,"href":"https:\/\/talkpal.ai\/pt-br\/wp-json\/wp\/v2\/users\/6"}],"replies":[{"embeddable":true,"href":"https:\/\/talkpal.ai\/pt-br\/wp-json\/wp\/v2\/comments?post=162720"}],"version-history":[{"count":0,"href":"https:\/\/talkpal.ai\/pt-br\/wp-json\/wp\/v2\/pages\/162720\/revisions"}],"wp:featuredmedia":[{"embeddable":true,"href":"https:\/\/talkpal.ai\/pt-br\/wp-json\/wp\/v2\/media\/111992"}],"wp:attachment":[{"href":"https:\/\/talkpal.ai\/pt-br\/wp-json\/wp\/v2\/media?parent=162720"}],"curies":[{"name":"wp","href":"https:\/\/api.w.org\/{rel}","templated":true}]}}