{"id":161585,"date":"2023-06-21T14:50:44","date_gmt":"2023-06-21T14:50:44","guid":{"rendered":"http:\/\/talkpal.ai\/exercicios-de-gramatica-islandesa\/"},"modified":"2025-12-17T16:08:55","modified_gmt":"2025-12-17T16:08:55","slug":"exercicios-de-gramatica-islandesa","status":"publish","type":"page","link":"https:\/\/talkpal.ai\/pt-br\/exercicios-de-gramatica-islandesa\/","title":{"rendered":"Exerc\u00edcios de gram\u00e1tica islandesa"},"content":{"rendered":"\r\n\r\n\r\n<section class=\"languageChallengeSection\">\r\n    <div class=\"languageInfoWrapper\">\r\n        \r\n        <h1>Exerc\u00edcios de gram\u00e1tica islandesa<\/h1>\r\n        <p>Voc\u00ea est\u00e1 pronto para aprimorar suas habilidades em island\u00eas? Praticar exerc\u00edcios de gram\u00e1tica \u00e9 uma \u00f3tima maneira de dominar a estrutura das frases, as formas verbais e as caracter\u00edsticas exclusivas do idioma island\u00eas. Comece a explorar a <a href=\"https:\/\/talkpal.ai\/pt-pt\/o-que-ha-de-especial-na-gramatica-islandesa\/\">gram\u00e1tica islandesa<\/a> hoje mesmo e veja sua confian\u00e7a e flu\u00eancia aumentarem a cada exerc\u00edcio!\n\n<\/p>\r\n\r\n                            <a class=\"getStartedHidden\" href=\"https:\/\/app.talkpal.ai\/pt-br\/signup?lng=\">Come\u00e7a<\/a>\r\n        \r\n    <\/div>\r\n\r\n    <figure>\r\n    <img decoding=\"async\" width=\"768\" height=\"768\" src=\"https:\/\/talkpal.ai\/wp-content\/uploads\/2023\/06\/Icelandic-768x768.png\" class=\"languageImage no-lazy\" alt=\"Language learning for better job opportunities\" fetchpriority=\"high\" sizes=\"(max-width: 768px) 150px, 768px\" srcset=\"https:\/\/talkpal.ai\/wp-content\/uploads\/2023\/06\/Icelandic-768x768.png 768w, https:\/\/talkpal.ai\/wp-content\/uploads\/2023\/06\/Icelandic-300x300.png 300w\" \/>\r\n    \r\n\r\n    <\/figure>\r\n\r\n            <a class=\"getStartedVisible\" href=\"https:\/\/app.talkpal.ai\/pt-br\/signup?lng=\">Come\u00e7a<\/a>\r\n    \r\n<\/section>\r\n\r\n\r\n<!-- <section class=\"grammarSection\">\r\n    <div class=\"grammarLinks\">\r\n            <\/div>\r\n<\/section> -->\r\n\r\n\r\n\r\n\r\n<section class=\"promotionalBanner\">\r\n    <p class=\"promotionalText\">A maneira mais eficiente de aprender um idioma<\/p>\r\n    <a class=\"promotionalLink\" href=\"https:\/\/app.talkpal.ai\/pt-br\/signup?lng=\">Experimente o Talkpal gratuitamente<\/a>\r\n<\/section>\n<div class=\"wp-block-group pageContainerStyle\"><div class=\"wp-block-group__inner-container is-layout-constrained wp-block-group-is-layout-constrained\">\n<h2 class=\"wp-block-heading\" id=\"h-icelandic-grammar-topics\">T\u00f3picos de gram\u00e1tica islandesa<\/h2>\n\n\n\n<p>O island\u00eas, uma l\u00edngua germ\u00e2nica do norte falada por mais de 300.000 pessoas, \u00e9 a l\u00edngua oficial da Isl\u00e2ndia. Conhecido por sua gram\u00e1tica complexa e vocabul\u00e1rio rico, o island\u00eas tem um charme \u00fanico que atrai <a href=\"https:\/\/talkpal.ai\/talkpal-discount-for-students\/\">estudantes<\/a> de idiomas de todo o mundo. Com suas ra\u00edzes no n\u00f3rdico antigo, o island\u00eas tem uma forte tradi\u00e7\u00e3o liter\u00e1ria que remonta \u00e0 Era Viking. Neste artigo, vamos explorar os principais t\u00f3picos da gram\u00e1tica islandesa que ajudar\u00e3o voc\u00ea a entender e dominar essa l\u00edngua fascinante, desde o b\u00e1sico, <a href=\"https:\/\/talkpal.ai\/locations\/language-courses-in-como\/\">como<\/a> substantivos e verbos, at\u00e9 estruturas mais complexas, como condicionais e preposi\u00e7\u00f5es.<\/p>\n\n\n\n<h3 class=\"wp-block-heading\" id=\"h-1-nouns\">1. Substantivos<\/h3>\n\n\n\n<p>Comece aprendendo o b\u00e1sico dos substantivos islandeses, que englobam pessoas, lugares e coisas. O island\u00eas tem tr\u00eas g\u00eaneros gramaticais (masculino, feminino e neutro) e quatro casos (nominativo, acusativo, dativo e genitivo). A compreens\u00e3o desses aspectos \u00e9 essencial para a adequada declina\u00e7\u00e3o e concord\u00e2ncia com outras partes do discurso.<\/p>\n\n\n\n<h3 class=\"wp-block-heading\" id=\"h-2-articles\">2. Artigos<\/h3>\n\n\n\n<p>Island\u00eas n\u00e3o tem artigos indefinidos, mas tem <a href=\"https:\/\/talkpal.ai\/hi\/grammar_exercises\/articulos-%e0%a4%b8%e0%a5%8d%e0%a4%aa%e0%a5%87%e0%a4%a8%e0%a4%bf%e0%a4%b6-%e0%a4%b5%e0%a5%8d%e0%a4%af%e0%a4%be%e0%a4%95%e0%a4%b0%e0%a4%a3-%e0%a4%95%e0%a5%87-%e0%a4%b2%e0%a4%bf%e0%a4%8f-%e0%a4%b5\/\">artigos definidos<\/a> que s\u00e3o anexados ao final de um substantivo. Saiba como formar o artigo definido para cada g\u00eanero e caso, pois isso ajudar\u00e1 no uso adequado do substantivo.<\/p>\n\n\n\n<h3 class=\"wp-block-heading\" id=\"h-3-pronouns-determiners\">3. Pronomes\/Determinantes<\/h3>\n\n\n\n<p>O island\u00eas tem <a href=\"https:\/\/talkpal.ai\/grammar\/pronomes-pessoais-in-portuguese-grammar\/\">pronomes pessoais<\/a>, possessivos, reflexivos e demonstrativos, bem como quantificadores e determinantes interrogativos. Familiarize-se com esses pronomes e determinantes e suas respectivas declina\u00e7\u00f5es para garantir a concord\u00e2ncia e o uso adequados nas frases.<\/p>\n\n\n\n<h3 class=\"wp-block-heading\" id=\"h-4-adjectives\">4. Adjetivos<\/h3>\n\n\n\n<p>Os adjetivos em island\u00eas devem concordar em g\u00eanero, n\u00famero e caso com o substantivo que modificam. Aprenda os diferentes padr\u00f5es de declina\u00e7\u00e3o para adjetivos e como eles mudam com base no g\u00eanero e no caso do substantivo.<\/p>\n\n\n\n<h3 class=\"wp-block-heading\" id=\"h-5-verbs\">5. Verbos<\/h3>\n\n\n\n<p>Os verbos islandeses s\u00e3o conjugados de acordo com o tempo, o humor e a voz. Comece aprendendo os tempos <a href=\"https:\/\/talkpal.ai\/zh-hans\/grammar_exercises\/presente-%e8%a5%bf%e7%8f%ad%e7%89%99%e8%af%ad%e6%b3%95%e7%bb%83%e4%b9%a0\/\">presente<\/a>, passado e <a href=\"https:\/\/talkpal.ai\/ja\/grammar_exercises\/futuro-%e3%82%b9%e3%83%9a%e3%82%a4%e3%83%b3%e8%aa%9e%e3%81%ae%e6%96%87%e6%b3%95%e3%81%ae%e6%bc%94%e7%bf%92\/\">futuro<\/a>, bem como os humores indicativos, subjuntivos e imperativos. Al\u00e9m disso, familiarize-se com os padr\u00f5es de conjuga\u00e7\u00e3o para verbos regulares e irregulares.<\/p>\n\n\n\n<h3 class=\"wp-block-heading\" id=\"h-6-tense-comparison\">6. Compara\u00e7\u00e3o tensa<\/h3>\n\n\n\n<p>Entenda a distin\u00e7\u00e3o entre as formas simples e cont\u00ednuas de cada tempo. O island\u00eas n\u00e3o tem um aspecto progressivo como o <a href=\"https:\/\/talkpal.ai\/pt-pt\/locations\/aprenda-ingles-em-passos\/\">ingl\u00eas<\/a>, ent\u00e3o aprenda a expressar a\u00e7\u00f5es em andamento usando outras estruturas.<\/p>\n\n\n\n<h3 class=\"wp-block-heading\" id=\"h-7-perfect-progressive\">7. Progressivo perfeito<\/h3>\n\n\n\n<p>O island\u00eas n\u00e3o tem um equivalente direto ao ingl\u00eas perfeito progressivo tenso. No entanto, voc\u00ea pode aprender a expressar ideias semelhantes usando constru\u00e7\u00f5es perifr\u00e1sticas com verbos auxiliares e partic\u00edpios.<\/p>\n\n\n\n<h3 class=\"wp-block-heading\" id=\"h-8-adverbs\">8. Adv\u00e9rbios<\/h3>\n\n\n\n<p>Os adv\u00e9rbios modificam verbos, adjetivos e outros adv\u00e9rbios. Aprenda os v\u00e1rios tipos de adv\u00e9rbios em island\u00eas, bem como sua coloca\u00e7\u00e3o em frases.<\/p>\n\n\n\n<h3 class=\"wp-block-heading\" id=\"h-9-prepositions\">9. Preposi\u00e7\u00f5es<\/h3>\n\n\n\n<p>As preposi\u00e7\u00f5es mostram a rela\u00e7\u00e3o entre um substantivo ou pronome e outro elemento da frase. Estude as preposi\u00e7\u00f5es islandesas mais comuns e seus respectivos casos para us\u00e1-las corretamente.<\/p>\n\n\n\n<h3 class=\"wp-block-heading\" id=\"h-10-conditionals\">10. Condicionais<\/h3>\n\n\n\n<p>O island\u00eas tem tr\u00eas tipos de senten\u00e7as condicionais: real, irreal e irreal passado. Compreender a estrutura e o uso dessas condicionais para expressar situa\u00e7\u00f5es hipot\u00e9ticas e seus poss\u00edveis resultados.<\/p>\n\n\n\n<h3 class=\"wp-block-heading\" id=\"h-11-sentences\">11. Senten\u00e7as<\/h3>\n\n\n\n<p>Por fim, pratique a constru\u00e7\u00e3o de diferentes tipos de senten\u00e7as islandesas, como declarativas, interrogativas, imperativas e exclamativas. Isso ajudar\u00e1 voc\u00ea a desenvolver uma base s\u00f3lida na sintaxe islandesa e na profici\u00eancia geral do idioma.<\/p>\n<\/div><\/div>\n\r\n<section class=\"learnNavigationSection\">\r\n            \r\n        <a href=\"https:\/\/talkpal.ai\/pt-br\/aprenda-islandes\/\">\r\n            <div class=\"learnNavigationWrapper\">\r\n                <div class=\"learnNavigationContent\">\r\n                    <img decoding=\"async\" src=\"https:\/\/talkpal.ai\/wp-content\/uploads\/2024\/08\/Icelandic.jpg\" alt=\"Iceland Flag\">\r\n                    <div>\r\n                        <h4>Sobre o Icelandic Learning<\/h4>\r\n                        <p>Saiba tudo sobre a gram\u00e1tica islandesa.<\/p>\r\n                    <\/div>\r\n                <\/div>\r\n            <\/div>\r\n        <\/a>\r\n\r\n        \r\n        <a href=\"https:\/\/talkpal.ai\/pt-br\/gramatica-islandesa\/\">\r\n            <div class=\"learnNavigationWrapper\">\r\n                <div class=\"learnNavigationContent\">\r\n                    <img decoding=\"async\" src=\"https:\/\/talkpal.ai\/wp-content\/uploads\/2024\/08\/Icelandic.jpg\" alt=\"Iceland Flag\">\r\n                    <div>\r\n                        <h4>Aulas de gram\u00e1tica islandesa<\/h4>\r\n                        <p>Pratique a gram\u00e1tica islandesa.<\/p>\r\n                    <\/div>\r\n                <\/div>\r\n            <\/div>\r\n        <\/a>\r\n\r\n        \r\n        <a href=\"https:\/\/talkpal.ai\/vocabulary_language\/icelandic\/\">\r\n            <div class=\"learnNavigationWrapper\">\r\n                <div class=\"learnNavigationContent\">\r\n                    <img decoding=\"async\" src=\"https:\/\/talkpal.ai\/wp-content\/uploads\/2024\/08\/Icelandic.jpg\" alt=\"Iceland Flag\">\r\n                    <div>\r\n                        <h4>Vocabul\u00e1rio island\u00eas<\/h4>\r\n                        <p>Amplie seu vocabul\u00e1rio de island\u00eas.<\/p>\r\n                    <\/div>\r\n                <\/div>\r\n            <\/div>\r\n        <\/a>\r\n\r\n            <\/section>","protected":false},"excerpt":{"rendered":"<p>T\u00f3picos de gram\u00e1tica islandesa O island\u00eas, uma l\u00edngua germ\u00e2nica do norte falada por mais de 300.000 pessoas, \u00e9 a l\u00edngua oficial da Isl\u00e2ndia. Conhecido por sua gram\u00e1tica complexa e vocabul\u00e1rio rico, o island\u00eas tem um charme \u00fanico que atrai estudantes de idiomas de todo o mundo. Com suas ra\u00edzes no n\u00f3rdico antigo, o island\u00eas tem [&hellip;]<\/p>\n","protected":false},"author":6,"featured_media":113425,"parent":0,"menu_order":0,"comment_status":"closed","ping_status":"closed","template":"LearningContentPage.php","meta":{"_acf_changed":false,"footnotes":""},"class_list":["post-161585","page","type-page","status-publish","has-post-thumbnail","hentry"],"acf":[],"yoast_head":"<!-- This site is optimized with the Yoast SEO Premium plugin v27.2 (Yoast SEO v27.2) - https:\/\/yoast.com\/product\/yoast-seo-premium-wordpress\/ -->\n<title>Exerc\u00edcios de gram\u00e1tica islandesa - Talkpal<\/title>\n<meta name=\"description\" content=\"Pratique a gram\u00e1tica islandesa com facilidade - fortale\u00e7a suas habilidades por meio de exerc\u00edcios, pr\u00e1tica interativa e feedback instant\u00e2neo com Talkpal IA.\" \/>\n<meta name=\"robots\" content=\"index, follow, max-snippet:-1, max-image-preview:large, max-video-preview:-1\" \/>\n<link rel=\"canonical\" href=\"https:\/\/talkpal.ai\/pt-br\/exercicios-de-gramatica-islandesa\/\" \/>\n<meta property=\"og:locale\" content=\"pt_BR\" \/>\n<meta property=\"og:type\" content=\"article\" \/>\n<meta property=\"og:title\" content=\"Exerc\u00edcios de gram\u00e1tica islandesa\" \/>\n<meta property=\"og:description\" content=\"T\u00f3picos de gram\u00e1tica islandesa O island\u00eas, uma l\u00edngua germ\u00e2nica do norte falada por mais de 300.000 pessoas, \u00e9 a l\u00edngua oficial da Isl\u00e2ndia. Conhecido por\" \/>\n<meta property=\"og:url\" content=\"https:\/\/talkpal.ai\/pt-br\/exercicios-de-gramatica-islandesa\/\" \/>\n<meta property=\"og:site_name\" content=\"Talkpal\" \/>\n<meta property=\"article:publisher\" content=\"https:\/\/www.facebook.com\/profile.php?id=100090733639311\" \/>\n<meta property=\"article:modified_time\" content=\"2025-12-17T16:08:55+00:00\" \/>\n<meta property=\"og:image\" content=\"https:\/\/talkpal.ai\/wp-content\/uploads\/2023\/05\/iceland.png\" \/>\n\t<meta property=\"og:image:width\" content=\"512\" \/>\n\t<meta property=\"og:image:height\" content=\"512\" \/>\n\t<meta property=\"og:image:type\" content=\"image\/png\" \/>\n<meta name=\"twitter:card\" content=\"summary_large_image\" \/>\n<meta name=\"twitter:site\" content=\"@talkpalai\" \/>\n<meta name=\"twitter:label1\" content=\"Est. tempo de leitura\" \/>\n\t<meta name=\"twitter:data1\" content=\"3 minutos\" \/>\n<script type=\"application\/ld+json\" class=\"yoast-schema-graph\">{\"@context\":\"https:\/\/schema.org\",\"@graph\":[{\"@type\":\"WebPage\",\"@id\":\"https:\/\/talkpal.ai\/pt-br\/exercicios-de-gramatica-islandesa\/\",\"url\":\"https:\/\/talkpal.ai\/pt-br\/exercicios-de-gramatica-islandesa\/\",\"name\":\"Exerc\u00edcios de gram\u00e1tica islandesa - Talkpal\",\"isPartOf\":{\"@id\":\"https:\/\/talkpal.ai\/pt-br\/#website\"},\"primaryImageOfPage\":{\"@id\":\"https:\/\/talkpal.ai\/pt-br\/exercicios-de-gramatica-islandesa\/#primaryimage\"},\"image\":{\"@id\":\"https:\/\/talkpal.ai\/pt-br\/exercicios-de-gramatica-islandesa\/#primaryimage\"},\"thumbnailUrl\":\"https:\/\/talkpal.ai\/wp-content\/uploads\/2023\/05\/iceland.png\",\"datePublished\":\"2023-06-21T14:50:44+00:00\",\"dateModified\":\"2025-12-17T16:08:55+00:00\",\"description\":\"Pratique a gram\u00e1tica islandesa com facilidade - fortale\u00e7a suas habilidades por meio de exerc\u00edcios, pr\u00e1tica interativa e feedback instant\u00e2neo com Talkpal IA.\",\"breadcrumb\":{\"@id\":\"https:\/\/talkpal.ai\/pt-br\/exercicios-de-gramatica-islandesa\/#breadcrumb\"},\"inLanguage\":\"pt-BR\",\"potentialAction\":[{\"@type\":\"ReadAction\",\"target\":[\"https:\/\/talkpal.ai\/pt-br\/exercicios-de-gramatica-islandesa\/\"]}]},{\"@type\":\"ImageObject\",\"inLanguage\":\"pt-BR\",\"@id\":\"https:\/\/talkpal.ai\/pt-br\/exercicios-de-gramatica-islandesa\/#primaryimage\",\"url\":\"https:\/\/talkpal.ai\/wp-content\/uploads\/2023\/05\/iceland.png\",\"contentUrl\":\"https:\/\/talkpal.ai\/wp-content\/uploads\/2023\/05\/iceland.png\",\"width\":512,\"height\":512},{\"@type\":\"BreadcrumbList\",\"@id\":\"https:\/\/talkpal.ai\/pt-br\/exercicios-de-gramatica-islandesa\/#breadcrumb\",\"itemListElement\":[{\"@type\":\"ListItem\",\"position\":1,\"name\":\"Homepage\",\"item\":\"https:\/\/talkpal.ai\/pt-br\/\"},{\"@type\":\"ListItem\",\"position\":2,\"name\":\"Exerc\u00edcios de gram\u00e1tica islandesa\"}]},{\"@type\":\"WebSite\",\"@id\":\"https:\/\/talkpal.ai\/pt-br\/#website\",\"url\":\"https:\/\/talkpal.ai\/pt-br\/\",\"name\":\"Talkpal\",\"description\":\"AI Language Learning\",\"publisher\":{\"@id\":\"https:\/\/talkpal.ai\/pt-br\/#organization\"},\"alternateName\":\"Talkpal AI\",\"potentialAction\":[{\"@type\":\"SearchAction\",\"target\":{\"@type\":\"EntryPoint\",\"urlTemplate\":\"https:\/\/talkpal.ai\/pt-br\/?s={search_term_string}\"},\"query-input\":{\"@type\":\"PropertyValueSpecification\",\"valueRequired\":true,\"valueName\":\"search_term_string\"}}],\"inLanguage\":\"pt-BR\"},{\"@type\":\"Organization\",\"@id\":\"https:\/\/talkpal.ai\/pt-br\/#organization\",\"name\":\"Talkpal, Inc.\",\"alternateName\":\"Talkpal AI\",\"url\":\"https:\/\/talkpal.ai\/pt-br\/\",\"logo\":{\"@type\":\"ImageObject\",\"inLanguage\":\"pt-BR\",\"@id\":\"https:\/\/talkpal.ai\/pt-br\/#\/schema\/logo\/image\/\",\"url\":\"https:\/\/talkpal.ai\/wp-content\/uploads\/2024\/03\/Talkpal-Logo-Icon.png\",\"contentUrl\":\"https:\/\/talkpal.ai\/wp-content\/uploads\/2024\/03\/Talkpal-Logo-Icon.png\",\"width\":2880,\"height\":2880,\"caption\":\"Talkpal, Inc.\"},\"image\":{\"@id\":\"https:\/\/talkpal.ai\/pt-br\/#\/schema\/logo\/image\/\"},\"sameAs\":[\"https:\/\/www.facebook.com\/profile.php?id=100090733639311\",\"https:\/\/x.com\/talkpalai\",\"https:\/\/www.linkedin.com\/company\/talkpal\/\",\"https:\/\/www.youtube.com\/@TalkPal\/\",\"https:\/\/www.tiktok.com\/@talkpal\",\"https:\/\/www.instagram.com\/talkpal_ai\/\",\"https:\/\/www.crunchbase.com\/organization\/talkpal-9cde\",\"https:\/\/www.g2.com\/products\/talkpal-for-business\/\",\"https:\/\/www.trustpilot.com\/review\/talkpal.ai\",\"https:\/\/www.capterra.com\/p\/10006800\/TalkPal\/\"],\"description\":\"Talkpal is a language learning web and mobile education app, powered by the latest AI technologies, that provides engaging experiences to its customers in many different languages to help them improve their language skills. Users can chat about unlimited amount of topics with the app and use other modes to practice their language learning.\",\"email\":\"support@talkpal.ai\",\"legalName\":\"Talkpal, Inc.\",\"foundingDate\":\"2023-04-03\",\"duns\":\"118989042\",\"numberOfEmployees\":{\"@type\":\"QuantitativeValue\",\"minValue\":\"11\",\"maxValue\":\"50\"},\"publishingPrinciples\":\"https:\/\/talkpal.ai\/publishing-principles\/\",\"actionableFeedbackPolicy\":\"https:\/\/talkpal.ai\/actionable-feedback-policy\/\",\"correctionsPolicy\":\"https:\/\/talkpal.ai\/corrections-policy\/\",\"ethicsPolicy\":\"https:\/\/talkpal.ai\/ethics-policy\/\",\"diversityPolicy\":\"https:\/\/talkpal.ai\/diversity-policy\/\",\"diversityStaffingReport\":\"https:\/\/talkpal.ai\/diversity-policy\/\"}]}<\/script>\n<!-- \/ Yoast SEO Premium plugin. -->","yoast_head_json":{"title":"Exerc\u00edcios de gram\u00e1tica islandesa - Talkpal","description":"Pratique a gram\u00e1tica islandesa com facilidade - fortale\u00e7a suas habilidades por meio de exerc\u00edcios, pr\u00e1tica interativa e feedback instant\u00e2neo com Talkpal IA.","robots":{"index":"index","follow":"follow","max-snippet":"max-snippet:-1","max-image-preview":"max-image-preview:large","max-video-preview":"max-video-preview:-1"},"canonical":"https:\/\/talkpal.ai\/pt-br\/exercicios-de-gramatica-islandesa\/","og_locale":"pt_BR","og_type":"article","og_title":"Exerc\u00edcios de gram\u00e1tica islandesa","og_description":"T\u00f3picos de gram\u00e1tica islandesa O island\u00eas, uma l\u00edngua germ\u00e2nica do norte falada por mais de 300.000 pessoas, \u00e9 a l\u00edngua oficial da Isl\u00e2ndia. Conhecido por","og_url":"https:\/\/talkpal.ai\/pt-br\/exercicios-de-gramatica-islandesa\/","og_site_name":"Talkpal","article_publisher":"https:\/\/www.facebook.com\/profile.php?id=100090733639311","article_modified_time":"2025-12-17T16:08:55+00:00","og_image":[{"width":512,"height":512,"url":"https:\/\/talkpal.ai\/wp-content\/uploads\/2023\/05\/iceland.png","type":"image\/png"}],"twitter_card":"summary_large_image","twitter_site":"@talkpalai","twitter_misc":{"Est. tempo de leitura":"3 minutos"},"schema":{"@context":"https:\/\/schema.org","@graph":[{"@type":"WebPage","@id":"https:\/\/talkpal.ai\/pt-br\/exercicios-de-gramatica-islandesa\/","url":"https:\/\/talkpal.ai\/pt-br\/exercicios-de-gramatica-islandesa\/","name":"Exerc\u00edcios de gram\u00e1tica islandesa - Talkpal","isPartOf":{"@id":"https:\/\/talkpal.ai\/pt-br\/#website"},"primaryImageOfPage":{"@id":"https:\/\/talkpal.ai\/pt-br\/exercicios-de-gramatica-islandesa\/#primaryimage"},"image":{"@id":"https:\/\/talkpal.ai\/pt-br\/exercicios-de-gramatica-islandesa\/#primaryimage"},"thumbnailUrl":"https:\/\/talkpal.ai\/wp-content\/uploads\/2023\/05\/iceland.png","datePublished":"2023-06-21T14:50:44+00:00","dateModified":"2025-12-17T16:08:55+00:00","description":"Pratique a gram\u00e1tica islandesa com facilidade - fortale\u00e7a suas habilidades por meio de exerc\u00edcios, pr\u00e1tica interativa e feedback instant\u00e2neo com Talkpal IA.","breadcrumb":{"@id":"https:\/\/talkpal.ai\/pt-br\/exercicios-de-gramatica-islandesa\/#breadcrumb"},"inLanguage":"pt-BR","potentialAction":[{"@type":"ReadAction","target":["https:\/\/talkpal.ai\/pt-br\/exercicios-de-gramatica-islandesa\/"]}]},{"@type":"ImageObject","inLanguage":"pt-BR","@id":"https:\/\/talkpal.ai\/pt-br\/exercicios-de-gramatica-islandesa\/#primaryimage","url":"https:\/\/talkpal.ai\/wp-content\/uploads\/2023\/05\/iceland.png","contentUrl":"https:\/\/talkpal.ai\/wp-content\/uploads\/2023\/05\/iceland.png","width":512,"height":512},{"@type":"BreadcrumbList","@id":"https:\/\/talkpal.ai\/pt-br\/exercicios-de-gramatica-islandesa\/#breadcrumb","itemListElement":[{"@type":"ListItem","position":1,"name":"Homepage","item":"https:\/\/talkpal.ai\/pt-br\/"},{"@type":"ListItem","position":2,"name":"Exerc\u00edcios de gram\u00e1tica islandesa"}]},{"@type":"WebSite","@id":"https:\/\/talkpal.ai\/pt-br\/#website","url":"https:\/\/talkpal.ai\/pt-br\/","name":"Talkpal","description":"AI Language Learning","publisher":{"@id":"https:\/\/talkpal.ai\/pt-br\/#organization"},"alternateName":"Talkpal AI","potentialAction":[{"@type":"SearchAction","target":{"@type":"EntryPoint","urlTemplate":"https:\/\/talkpal.ai\/pt-br\/?s={search_term_string}"},"query-input":{"@type":"PropertyValueSpecification","valueRequired":true,"valueName":"search_term_string"}}],"inLanguage":"pt-BR"},{"@type":"Organization","@id":"https:\/\/talkpal.ai\/pt-br\/#organization","name":"Talkpal, Inc.","alternateName":"Talkpal AI","url":"https:\/\/talkpal.ai\/pt-br\/","logo":{"@type":"ImageObject","inLanguage":"pt-BR","@id":"https:\/\/talkpal.ai\/pt-br\/#\/schema\/logo\/image\/","url":"https:\/\/talkpal.ai\/wp-content\/uploads\/2024\/03\/Talkpal-Logo-Icon.png","contentUrl":"https:\/\/talkpal.ai\/wp-content\/uploads\/2024\/03\/Talkpal-Logo-Icon.png","width":2880,"height":2880,"caption":"Talkpal, Inc."},"image":{"@id":"https:\/\/talkpal.ai\/pt-br\/#\/schema\/logo\/image\/"},"sameAs":["https:\/\/www.facebook.com\/profile.php?id=100090733639311","https:\/\/x.com\/talkpalai","https:\/\/www.linkedin.com\/company\/talkpal\/","https:\/\/www.youtube.com\/@TalkPal\/","https:\/\/www.tiktok.com\/@talkpal","https:\/\/www.instagram.com\/talkpal_ai\/","https:\/\/www.crunchbase.com\/organization\/talkpal-9cde","https:\/\/www.g2.com\/products\/talkpal-for-business\/","https:\/\/www.trustpilot.com\/review\/talkpal.ai","https:\/\/www.capterra.com\/p\/10006800\/TalkPal\/"],"description":"Talkpal is a language learning web and mobile education app, powered by the latest AI technologies, that provides engaging experiences to its customers in many different languages to help them improve their language skills. Users can chat about unlimited amount of topics with the app and use other modes to practice their language learning.","email":"support@talkpal.ai","legalName":"Talkpal, Inc.","foundingDate":"2023-04-03","duns":"118989042","numberOfEmployees":{"@type":"QuantitativeValue","minValue":"11","maxValue":"50"},"publishingPrinciples":"https:\/\/talkpal.ai\/publishing-principles\/","actionableFeedbackPolicy":"https:\/\/talkpal.ai\/actionable-feedback-policy\/","correctionsPolicy":"https:\/\/talkpal.ai\/corrections-policy\/","ethicsPolicy":"https:\/\/talkpal.ai\/ethics-policy\/","diversityPolicy":"https:\/\/talkpal.ai\/diversity-policy\/","diversityStaffingReport":"https:\/\/talkpal.ai\/diversity-policy\/"}]}},"_links":{"self":[{"href":"https:\/\/talkpal.ai\/pt-br\/wp-json\/wp\/v2\/pages\/161585","targetHints":{"allow":["GET"]}}],"collection":[{"href":"https:\/\/talkpal.ai\/pt-br\/wp-json\/wp\/v2\/pages"}],"about":[{"href":"https:\/\/talkpal.ai\/pt-br\/wp-json\/wp\/v2\/types\/page"}],"author":[{"embeddable":true,"href":"https:\/\/talkpal.ai\/pt-br\/wp-json\/wp\/v2\/users\/6"}],"replies":[{"embeddable":true,"href":"https:\/\/talkpal.ai\/pt-br\/wp-json\/wp\/v2\/comments?post=161585"}],"version-history":[{"count":0,"href":"https:\/\/talkpal.ai\/pt-br\/wp-json\/wp\/v2\/pages\/161585\/revisions"}],"wp:featuredmedia":[{"embeddable":true,"href":"https:\/\/talkpal.ai\/pt-br\/wp-json\/wp\/v2\/media\/113425"}],"wp:attachment":[{"href":"https:\/\/talkpal.ai\/pt-br\/wp-json\/wp\/v2\/media?parent=161585"}],"curies":[{"name":"wp","href":"https:\/\/api.w.org\/{rel}","templated":true}]}}