{"id":159796,"date":"2023-06-22T08:24:14","date_gmt":"2023-06-22T08:24:14","guid":{"rendered":"http:\/\/talkpal.ai\/exercicios-de-gramatica-macedonia\/"},"modified":"2025-12-17T15:55:45","modified_gmt":"2025-12-17T15:55:45","slug":"exercicios-de-gramatica-macedonia","status":"publish","type":"page","link":"https:\/\/talkpal.ai\/pt-br\/exercicios-de-gramatica-macedonia\/","title":{"rendered":"Exerc\u00edcios de Gram\u00e1tica Maced\u00f4nia"},"content":{"rendered":"\r\n\r\n\r\n<section class=\"languageChallengeSection\">\r\n    <div class=\"languageInfoWrapper\">\r\n        \r\n        <h1>Exerc\u00edcios de Gram\u00e1tica Maced\u00f4nia<\/h1>\r\n        <p>Voc\u00ea quer ganhar confian\u00e7a no <a href=\"https:\/\/talkpal.ai\/learn-macedonian\/\">maced\u00f4nio<\/a>? Praticar exerc\u00edcios de gram\u00e1tica \u00e9 uma \u00f3tima maneira de entender a estrutura das frases, as formas verbais e as caracter\u00edsticas exclusivas do idioma <a href=\"https:\/\/talkpal.ai\/learn-macedonian\/\">maced\u00f4nio<\/a>. Comece a explorar a <a href=\"https:\/\/talkpal.ai\/macedonian-grammar\/\">gram\u00e1tica maced\u00f4nia<\/a> hoje mesmo e veja suas habilidades e flu\u00eancia crescerem a cada exerc\u00edcio!<\/p>\r\n\r\n                            <a class=\"getStartedHidden\" href=\"https:\/\/app.talkpal.ai\/pt-br\/signup?lng=\">Come\u00e7a<\/a>\r\n        \r\n    <\/div>\r\n\r\n    <figure>\r\n    <img decoding=\"async\" width=\"768\" height=\"768\" src=\"https:\/\/talkpal.ai\/wp-content\/uploads\/2023\/06\/macedonian-768x768.png\" class=\"languageImage no-lazy\" alt=\"Language learning through conversational practice\" fetchpriority=\"high\" sizes=\"(max-width: 768px) 150px, 768px\" srcset=\"https:\/\/talkpal.ai\/wp-content\/uploads\/2023\/06\/macedonian-768x768.png 768w, https:\/\/talkpal.ai\/wp-content\/uploads\/2023\/06\/macedonian-300x300.png 300w\" \/>\r\n    \r\n\r\n    <\/figure>\r\n\r\n            <a class=\"getStartedVisible\" href=\"https:\/\/app.talkpal.ai\/pt-br\/signup?lng=\">Come\u00e7a<\/a>\r\n    \r\n<\/section>\r\n\r\n\r\n<!-- <section class=\"grammarSection\">\r\n    <div class=\"grammarLinks\">\r\n            <\/div>\r\n<\/section> -->\r\n\r\n\r\n\r\n\r\n<section class=\"promotionalBanner\">\r\n    <p class=\"promotionalText\">A maneira mais eficiente de aprender um idioma<\/p>\r\n    <a class=\"promotionalLink\" href=\"https:\/\/app.talkpal.ai\/pt-br\/signup?lng=\">Experimente o Talkpal gratuitamente<\/a>\r\n<\/section>\n<div class=\"wp-block-group pageContainerStyle\"><div class=\"wp-block-group__inner-container is-layout-constrained wp-block-group-is-layout-constrained\">\n<h2 class=\"wp-block-heading\" id=\"h-macedonian-grammar-topics\">T\u00f3picos de gram\u00e1tica maced\u00f4nia<\/h2>\n\n\n\n<header id=\"main-header\" data-height-onload=\"80\" data-height-loaded=\"true\" data-fixed-height-onload=\"80\">\n<p>Maced\u00f4nio, uma l\u00edngua eslava do sul, \u00e9 a l\u00edngua oficial da Maced\u00f4nia do Norte. \u00c9 falado por mais de dois milh\u00f5es de pessoas em todo o mundo e oferece uma experi\u00eancia lingu\u00edstica \u00fanica devido \u00e0s suas regras gramaticais espec\u00edficas e vocabul\u00e1rio rico. Este guia ir\u00e1 fornecer-lhe uma vis\u00e3o geral dos t\u00f3picos essenciais da gram\u00e1tica maced\u00f4nica, organizados em uma sequ\u00eancia que facilitar\u00e1 seu processo de aprendizagem. De tempos a estruturas de frases, abordaremos todas as informa\u00e7\u00f5es necess\u00e1rias para ajud\u00e1-lo a come\u00e7ar sua jornada para dominar a l\u00edngua maced\u00f4nia.<\/p>\n<h3>1. Substantivos:<\/h3>\n<p><a href=\"https:\/\/talkpal.ai\/locations\/language-courses-in-como\/\">Como<\/a> outras l\u00ednguas eslavas, os substantivos maced\u00f4nios t\u00eam tr\u00eas g\u00eaneros (masculino, feminino e neutro) e s\u00e3o flexionados para caso e n\u00famero. Aprender o g\u00eanero e as flex\u00f5es corretas \u00e9 crucial para formar frases gramaticalmente corretas.<\/p>\n<h3>2. Artigos:<\/h3>\n<p>a l\u00edngua maced\u00f4nia tem apenas um artigo definido, que varia de acordo com o g\u00eanero e o caso. N\u00e3o h\u00e1 artigos indefinidos em maced\u00f4nio, mas o numeral &#8220;um&#8221; pode ser usado de forma semelhante.<\/p>\n<h3>3. Adjetivos:<\/h3>\n<p>Os adjetivos em maced\u00f4nio concordam com os substantivos que modificam em g\u00eanero, n\u00famero e caso. Eles t\u00eam formas longas e curtas, que s\u00e3o usadas em diferentes contextos.<\/p>\n<h3>4. Pronomes\/Determinantes:<\/h3>\n<p>Maced\u00f4nio tem uma variedade de pronomes e determinantes, que s\u00e3o essenciais na forma\u00e7\u00e3o de frases. Eles substituem ou modificam substantivos e concordam com eles em g\u00eanero, n\u00famero e caso.<\/p>\n<h3>5. Verbos:<\/h3>\n<p>Os verbos s\u00e3o centrais para a gram\u00e1tica maced\u00f4nica. Eles se conjugam por pessoa e n\u00famero e t\u00eam v\u00e1rios tempos, aspectos e humores.<\/p>\n<h3>6. Tempos:<\/h3>\n<p>Maced\u00f4nio tem tr\u00eas tempos b\u00e1sicos \u2013 passado, <a href=\"https:\/\/talkpal.ai\/zh-hans\/grammar_exercises\/presente-%e8%a5%bf%e7%8f%ad%e7%89%99%e8%af%ad%e6%b3%95%e7%bb%83%e4%b9%a0\/\">presente<\/a> e <a href=\"https:\/\/talkpal.ai\/ja\/grammar_exercises\/futuro-%e3%82%b9%e3%83%9a%e3%82%a4%e3%83%b3%e8%aa%9e%e3%81%ae%e6%96%87%e6%b3%95%e3%81%ae%e6%bc%94%e7%bf%92\/\">futuro<\/a>. Eles s\u00e3o formados usando diferentes conjuga\u00e7\u00f5es verbais e verbos auxiliares. \u00c9 essencial compreender a forma\u00e7\u00e3o e o uso de cada tempo para expressar a\u00e7\u00f5es e eventos com precis\u00e3o.<\/p>\n<h3>7. Compara\u00e7\u00e3o tensa:<\/h3>\n<p>Comparar a\u00e7\u00f5es e eventos em diferentes tempos \u00e9 essencial para transmitir significado. Em maced\u00f4nio, essa compara\u00e7\u00e3o \u00e9 obtida usando formas verbais espec\u00edficas e verbos auxiliares.<\/p>\n<h3>8. Progressiva:<\/h3>\n<p>O aspecto progressivo em maced\u00f4nio \u00e9 usado para indicar a\u00e7\u00f5es em andamento. \u00c9 formado usando o tempo presente do verbo &#8220;to be&#8221; e o partic\u00edpio presente ativo do verbo principal.<\/p>\n<h3>9. Perfeito Progressivo:<\/h3>\n<p>Esse aspecto combina os aspectos progressivos e perfeitos para descrever a\u00e7\u00f5es que estavam em curso no passado e t\u00eam conex\u00e3o com o presente. \u00c9 formado usando o tempo presente do verbo &#8220;to be&#8221; e o partic\u00edpio passado ativo do verbo principal.<\/p>\n<h3>10. Adv\u00e9rbios:<\/h3>\n<p>Adv\u00e9rbios em maced\u00f4nio s\u00e3o usados para modificar verbos, adjetivos ou outros adv\u00e9rbios. Em geral, eles n\u00e3o mudam de forma e podem ser facilmente reconhecidos por suas termina\u00e7\u00f5es t\u00edpicas.<\/p>\n<h3>11. Condicionais:<\/h3>\n<p>Maced\u00f4nio tem tr\u00eas tipos de condicionais &#8211; real, irreal e potencial. Eles s\u00e3o usados para expressar situa\u00e7\u00f5es hipot\u00e9ticas e suas consequ\u00eancias.<\/p>\n<h3>12. Preposi\u00e7\u00f5es:<\/h3>\n<p>Preposi\u00e7\u00f5es em maced\u00f4nio s\u00e3o essenciais na forma\u00e7\u00e3o de frases e frases. Eles indicam v\u00e1rias rela\u00e7\u00f5es entre as palavras, <a href=\"https:\/\/talkpal.ai\/locations\/language-courses-in-como\/\">como<\/a> localiza\u00e7\u00e3o, dire\u00e7\u00e3o, tempo ou causa.<\/p>\n<h3>13. Senten\u00e7as:<\/h3>\n<p>Compreender a estrutura das senten\u00e7as maced\u00f4nias \u00e9 crucial para uma comunica\u00e7\u00e3o eficaz. As senten\u00e7as maced\u00f4nias normalmente seguem a ordem das palavras sujeito-verbo-objeto (SVO), mas podem ocorrer varia\u00e7\u00f5es dependendo da \u00eanfase e do contexto.<\/p>\n<\/header>\n\n\n\n<footer> <\/footer>\n<\/div><\/div>\n\r\n<section class=\"learnNavigationSection\">\r\n            \r\n        <a href=\"https:\/\/talkpal.ai\/pt-br\/aprenda-macedonio\/\">\r\n            <div class=\"learnNavigationWrapper\">\r\n                <div class=\"learnNavigationContent\">\r\n                    <img decoding=\"async\" src=\"https:\/\/talkpal.ai\/wp-content\/uploads\/2024\/08\/Macedonian.jpg\" alt=\"Macedonian Flag\">\r\n                    <div>\r\n                        <h4>Sobre o Macedonian Learning<\/h4>\r\n                        <p>Saiba tudo sobre a gram\u00e1tica maced\u00f4nia .<\/p>\r\n                    <\/div>\r\n                <\/div>\r\n            <\/div>\r\n        <\/a>\r\n\r\n        \r\n        <a href=\"https:\/\/talkpal.ai\/pt-br\/gramatica-macedonia\/\">\r\n            <div class=\"learnNavigationWrapper\">\r\n                <div class=\"learnNavigationContent\">\r\n                    <img decoding=\"async\" src=\"https:\/\/talkpal.ai\/wp-content\/uploads\/2024\/08\/Macedonian.jpg\" alt=\"Macedonian Flag\">\r\n                    <div>\r\n                        <h4>Li\u00e7\u00f5es de Gram\u00e1tica Maced\u00f4nia<\/h4>\r\n                        <p>Pratique a gram\u00e1tica maced\u00f4nia .<\/p>\r\n                    <\/div>\r\n                <\/div>\r\n            <\/div>\r\n        <\/a>\r\n\r\n        \r\n        <a href=\"https:\/\/talkpal.ai\/vocabulary_language\/macedonian\/\">\r\n            <div class=\"learnNavigationWrapper\">\r\n                <div class=\"learnNavigationContent\">\r\n                    <img decoding=\"async\" src=\"https:\/\/talkpal.ai\/wp-content\/uploads\/2024\/08\/Macedonian.jpg\" alt=\"Macedonian Flag\">\r\n                    <div>\r\n                        <h4>Vocabul\u00e1rio maced\u00f4nio<\/h4>\r\n                        <p>Amplie seu vocabul\u00e1rio maced\u00f4nio.<\/p>\r\n                    <\/div>\r\n                <\/div>\r\n            <\/div>\r\n        <\/a>\r\n\r\n            <\/section>","protected":false},"excerpt":{"rendered":"<p>T\u00f3picos de gram\u00e1tica maced\u00f4nia Maced\u00f4nio, uma l\u00edngua eslava do sul, \u00e9 a l\u00edngua oficial da Maced\u00f4nia do Norte. \u00c9 falado por mais de dois milh\u00f5es de pessoas em todo o mundo e oferece uma experi\u00eancia lingu\u00edstica \u00fanica devido \u00e0s suas regras gramaticais espec\u00edficas e vocabul\u00e1rio rico. Este guia ir\u00e1 fornecer-lhe uma vis\u00e3o geral dos t\u00f3picos [&hellip;]<\/p>\n","protected":false},"author":6,"featured_media":115378,"parent":0,"menu_order":0,"comment_status":"closed","ping_status":"closed","template":"LearningContentPage.php","meta":{"_acf_changed":false,"footnotes":""},"class_list":["post-159796","page","type-page","status-publish","has-post-thumbnail","hentry"],"acf":[],"yoast_head":"<!-- This site is optimized with the Yoast SEO Premium plugin v27.2 (Yoast SEO v27.2) - https:\/\/yoast.com\/product\/yoast-seo-premium-wordpress\/ -->\n<title>Exerc\u00edcios de Gram\u00e1tica Maced\u00f4nia - Talkpal<\/title>\n<meta name=\"description\" content=\"Domine a gram\u00e1tica maced\u00f4nia com os exerc\u00edcios interativos de gram\u00e1tica maced\u00f4nia do Talkpalseu tutor de idiomas com intelig\u00eancia artificial.\" \/>\n<meta name=\"robots\" content=\"index, follow, max-snippet:-1, max-image-preview:large, max-video-preview:-1\" \/>\n<link rel=\"canonical\" href=\"https:\/\/talkpal.ai\/pt-br\/exercicios-de-gramatica-macedonia\/\" \/>\n<meta property=\"og:locale\" content=\"pt_BR\" \/>\n<meta property=\"og:type\" content=\"article\" \/>\n<meta property=\"og:title\" content=\"Exerc\u00edcios de Gram\u00e1tica Maced\u00f4nia\" \/>\n<meta property=\"og:description\" content=\"T\u00f3picos de gram\u00e1tica maced\u00f4nia Maced\u00f4nio, uma l\u00edngua eslava do sul, \u00e9 a l\u00edngua oficial da Maced\u00f4nia do Norte. \u00c9 falado por mais de dois milh\u00f5es de pessoas\" \/>\n<meta property=\"og:url\" content=\"https:\/\/talkpal.ai\/pt-br\/exercicios-de-gramatica-macedonia\/\" \/>\n<meta property=\"og:site_name\" content=\"Talkpal\" \/>\n<meta property=\"article:publisher\" content=\"https:\/\/www.facebook.com\/profile.php?id=100090733639311\" \/>\n<meta property=\"article:modified_time\" content=\"2025-12-17T15:55:45+00:00\" \/>\n<meta property=\"og:image\" content=\"https:\/\/talkpal.ai\/wp-content\/uploads\/2023\/05\/republic-of-macedonia.png\" \/>\n\t<meta property=\"og:image:width\" content=\"512\" \/>\n\t<meta property=\"og:image:height\" content=\"512\" \/>\n\t<meta property=\"og:image:type\" content=\"image\/png\" \/>\n<meta name=\"twitter:card\" content=\"summary_large_image\" \/>\n<meta name=\"twitter:site\" content=\"@talkpalai\" \/>\n<meta name=\"twitter:label1\" content=\"Est. tempo de leitura\" \/>\n\t<meta name=\"twitter:data1\" content=\"3 minutos\" \/>\n<script type=\"application\/ld+json\" class=\"yoast-schema-graph\">{\"@context\":\"https:\/\/schema.org\",\"@graph\":[{\"@type\":\"WebPage\",\"@id\":\"https:\/\/talkpal.ai\/pt-br\/exercicios-de-gramatica-macedonia\/\",\"url\":\"https:\/\/talkpal.ai\/pt-br\/exercicios-de-gramatica-macedonia\/\",\"name\":\"Exerc\u00edcios de Gram\u00e1tica Maced\u00f4nia - Talkpal\",\"isPartOf\":{\"@id\":\"https:\/\/talkpal.ai\/pt-br\/#website\"},\"primaryImageOfPage\":{\"@id\":\"https:\/\/talkpal.ai\/pt-br\/exercicios-de-gramatica-macedonia\/#primaryimage\"},\"image\":{\"@id\":\"https:\/\/talkpal.ai\/pt-br\/exercicios-de-gramatica-macedonia\/#primaryimage\"},\"thumbnailUrl\":\"https:\/\/talkpal.ai\/wp-content\/uploads\/2023\/05\/republic-of-macedonia.png\",\"datePublished\":\"2023-06-22T08:24:14+00:00\",\"dateModified\":\"2025-12-17T15:55:45+00:00\",\"description\":\"Domine a gram\u00e1tica maced\u00f4nia com os exerc\u00edcios interativos de gram\u00e1tica maced\u00f4nia do Talkpalseu tutor de idiomas com intelig\u00eancia artificial.\",\"breadcrumb\":{\"@id\":\"https:\/\/talkpal.ai\/pt-br\/exercicios-de-gramatica-macedonia\/#breadcrumb\"},\"inLanguage\":\"pt-BR\",\"potentialAction\":[{\"@type\":\"ReadAction\",\"target\":[\"https:\/\/talkpal.ai\/pt-br\/exercicios-de-gramatica-macedonia\/\"]}]},{\"@type\":\"ImageObject\",\"inLanguage\":\"pt-BR\",\"@id\":\"https:\/\/talkpal.ai\/pt-br\/exercicios-de-gramatica-macedonia\/#primaryimage\",\"url\":\"https:\/\/talkpal.ai\/wp-content\/uploads\/2023\/05\/republic-of-macedonia.png\",\"contentUrl\":\"https:\/\/talkpal.ai\/wp-content\/uploads\/2023\/05\/republic-of-macedonia.png\",\"width\":512,\"height\":512},{\"@type\":\"BreadcrumbList\",\"@id\":\"https:\/\/talkpal.ai\/pt-br\/exercicios-de-gramatica-macedonia\/#breadcrumb\",\"itemListElement\":[{\"@type\":\"ListItem\",\"position\":1,\"name\":\"Homepage\",\"item\":\"https:\/\/talkpal.ai\/pt-br\/\"},{\"@type\":\"ListItem\",\"position\":2,\"name\":\"Exerc\u00edcios de Gram\u00e1tica Maced\u00f4nia\"}]},{\"@type\":\"WebSite\",\"@id\":\"https:\/\/talkpal.ai\/pt-br\/#website\",\"url\":\"https:\/\/talkpal.ai\/pt-br\/\",\"name\":\"Talkpal\",\"description\":\"AI Language Learning\",\"publisher\":{\"@id\":\"https:\/\/talkpal.ai\/pt-br\/#organization\"},\"alternateName\":\"Talkpal AI\",\"potentialAction\":[{\"@type\":\"SearchAction\",\"target\":{\"@type\":\"EntryPoint\",\"urlTemplate\":\"https:\/\/talkpal.ai\/pt-br\/?s={search_term_string}\"},\"query-input\":{\"@type\":\"PropertyValueSpecification\",\"valueRequired\":true,\"valueName\":\"search_term_string\"}}],\"inLanguage\":\"pt-BR\"},{\"@type\":\"Organization\",\"@id\":\"https:\/\/talkpal.ai\/pt-br\/#organization\",\"name\":\"Talkpal, Inc.\",\"alternateName\":\"Talkpal AI\",\"url\":\"https:\/\/talkpal.ai\/pt-br\/\",\"logo\":{\"@type\":\"ImageObject\",\"inLanguage\":\"pt-BR\",\"@id\":\"https:\/\/talkpal.ai\/pt-br\/#\/schema\/logo\/image\/\",\"url\":\"https:\/\/talkpal.ai\/wp-content\/uploads\/2024\/03\/Talkpal-Logo-Icon.png\",\"contentUrl\":\"https:\/\/talkpal.ai\/wp-content\/uploads\/2024\/03\/Talkpal-Logo-Icon.png\",\"width\":2880,\"height\":2880,\"caption\":\"Talkpal, Inc.\"},\"image\":{\"@id\":\"https:\/\/talkpal.ai\/pt-br\/#\/schema\/logo\/image\/\"},\"sameAs\":[\"https:\/\/www.facebook.com\/profile.php?id=100090733639311\",\"https:\/\/x.com\/talkpalai\",\"https:\/\/www.linkedin.com\/company\/talkpal\/\",\"https:\/\/www.youtube.com\/@TalkPal\/\",\"https:\/\/www.tiktok.com\/@talkpal\",\"https:\/\/www.instagram.com\/talkpal_ai\/\",\"https:\/\/www.crunchbase.com\/organization\/talkpal-9cde\",\"https:\/\/www.g2.com\/products\/talkpal-for-business\/\",\"https:\/\/www.trustpilot.com\/review\/talkpal.ai\",\"https:\/\/www.capterra.com\/p\/10006800\/TalkPal\/\"],\"description\":\"Talkpal is a language learning web and mobile education app, powered by the latest AI technologies, that provides engaging experiences to its customers in many different languages to help them improve their language skills. Users can chat about unlimited amount of topics with the app and use other modes to practice their language learning.\",\"email\":\"support@talkpal.ai\",\"legalName\":\"Talkpal, Inc.\",\"foundingDate\":\"2023-04-03\",\"duns\":\"118989042\",\"numberOfEmployees\":{\"@type\":\"QuantitativeValue\",\"minValue\":\"11\",\"maxValue\":\"50\"},\"publishingPrinciples\":\"https:\/\/talkpal.ai\/publishing-principles\/\",\"actionableFeedbackPolicy\":\"https:\/\/talkpal.ai\/actionable-feedback-policy\/\",\"correctionsPolicy\":\"https:\/\/talkpal.ai\/corrections-policy\/\",\"ethicsPolicy\":\"https:\/\/talkpal.ai\/ethics-policy\/\",\"diversityPolicy\":\"https:\/\/talkpal.ai\/diversity-policy\/\",\"diversityStaffingReport\":\"https:\/\/talkpal.ai\/diversity-policy\/\"}]}<\/script>\n<!-- \/ Yoast SEO Premium plugin. -->","yoast_head_json":{"title":"Exerc\u00edcios de Gram\u00e1tica Maced\u00f4nia - Talkpal","description":"Domine a gram\u00e1tica maced\u00f4nia com os exerc\u00edcios interativos de gram\u00e1tica maced\u00f4nia do Talkpalseu tutor de idiomas com intelig\u00eancia artificial.","robots":{"index":"index","follow":"follow","max-snippet":"max-snippet:-1","max-image-preview":"max-image-preview:large","max-video-preview":"max-video-preview:-1"},"canonical":"https:\/\/talkpal.ai\/pt-br\/exercicios-de-gramatica-macedonia\/","og_locale":"pt_BR","og_type":"article","og_title":"Exerc\u00edcios de Gram\u00e1tica Maced\u00f4nia","og_description":"T\u00f3picos de gram\u00e1tica maced\u00f4nia Maced\u00f4nio, uma l\u00edngua eslava do sul, \u00e9 a l\u00edngua oficial da Maced\u00f4nia do Norte. \u00c9 falado por mais de dois milh\u00f5es de pessoas","og_url":"https:\/\/talkpal.ai\/pt-br\/exercicios-de-gramatica-macedonia\/","og_site_name":"Talkpal","article_publisher":"https:\/\/www.facebook.com\/profile.php?id=100090733639311","article_modified_time":"2025-12-17T15:55:45+00:00","og_image":[{"width":512,"height":512,"url":"https:\/\/talkpal.ai\/wp-content\/uploads\/2023\/05\/republic-of-macedonia.png","type":"image\/png"}],"twitter_card":"summary_large_image","twitter_site":"@talkpalai","twitter_misc":{"Est. tempo de leitura":"3 minutos"},"schema":{"@context":"https:\/\/schema.org","@graph":[{"@type":"WebPage","@id":"https:\/\/talkpal.ai\/pt-br\/exercicios-de-gramatica-macedonia\/","url":"https:\/\/talkpal.ai\/pt-br\/exercicios-de-gramatica-macedonia\/","name":"Exerc\u00edcios de Gram\u00e1tica Maced\u00f4nia - Talkpal","isPartOf":{"@id":"https:\/\/talkpal.ai\/pt-br\/#website"},"primaryImageOfPage":{"@id":"https:\/\/talkpal.ai\/pt-br\/exercicios-de-gramatica-macedonia\/#primaryimage"},"image":{"@id":"https:\/\/talkpal.ai\/pt-br\/exercicios-de-gramatica-macedonia\/#primaryimage"},"thumbnailUrl":"https:\/\/talkpal.ai\/wp-content\/uploads\/2023\/05\/republic-of-macedonia.png","datePublished":"2023-06-22T08:24:14+00:00","dateModified":"2025-12-17T15:55:45+00:00","description":"Domine a gram\u00e1tica maced\u00f4nia com os exerc\u00edcios interativos de gram\u00e1tica maced\u00f4nia do Talkpalseu tutor de idiomas com intelig\u00eancia artificial.","breadcrumb":{"@id":"https:\/\/talkpal.ai\/pt-br\/exercicios-de-gramatica-macedonia\/#breadcrumb"},"inLanguage":"pt-BR","potentialAction":[{"@type":"ReadAction","target":["https:\/\/talkpal.ai\/pt-br\/exercicios-de-gramatica-macedonia\/"]}]},{"@type":"ImageObject","inLanguage":"pt-BR","@id":"https:\/\/talkpal.ai\/pt-br\/exercicios-de-gramatica-macedonia\/#primaryimage","url":"https:\/\/talkpal.ai\/wp-content\/uploads\/2023\/05\/republic-of-macedonia.png","contentUrl":"https:\/\/talkpal.ai\/wp-content\/uploads\/2023\/05\/republic-of-macedonia.png","width":512,"height":512},{"@type":"BreadcrumbList","@id":"https:\/\/talkpal.ai\/pt-br\/exercicios-de-gramatica-macedonia\/#breadcrumb","itemListElement":[{"@type":"ListItem","position":1,"name":"Homepage","item":"https:\/\/talkpal.ai\/pt-br\/"},{"@type":"ListItem","position":2,"name":"Exerc\u00edcios de Gram\u00e1tica Maced\u00f4nia"}]},{"@type":"WebSite","@id":"https:\/\/talkpal.ai\/pt-br\/#website","url":"https:\/\/talkpal.ai\/pt-br\/","name":"Talkpal","description":"AI Language Learning","publisher":{"@id":"https:\/\/talkpal.ai\/pt-br\/#organization"},"alternateName":"Talkpal AI","potentialAction":[{"@type":"SearchAction","target":{"@type":"EntryPoint","urlTemplate":"https:\/\/talkpal.ai\/pt-br\/?s={search_term_string}"},"query-input":{"@type":"PropertyValueSpecification","valueRequired":true,"valueName":"search_term_string"}}],"inLanguage":"pt-BR"},{"@type":"Organization","@id":"https:\/\/talkpal.ai\/pt-br\/#organization","name":"Talkpal, Inc.","alternateName":"Talkpal AI","url":"https:\/\/talkpal.ai\/pt-br\/","logo":{"@type":"ImageObject","inLanguage":"pt-BR","@id":"https:\/\/talkpal.ai\/pt-br\/#\/schema\/logo\/image\/","url":"https:\/\/talkpal.ai\/wp-content\/uploads\/2024\/03\/Talkpal-Logo-Icon.png","contentUrl":"https:\/\/talkpal.ai\/wp-content\/uploads\/2024\/03\/Talkpal-Logo-Icon.png","width":2880,"height":2880,"caption":"Talkpal, Inc."},"image":{"@id":"https:\/\/talkpal.ai\/pt-br\/#\/schema\/logo\/image\/"},"sameAs":["https:\/\/www.facebook.com\/profile.php?id=100090733639311","https:\/\/x.com\/talkpalai","https:\/\/www.linkedin.com\/company\/talkpal\/","https:\/\/www.youtube.com\/@TalkPal\/","https:\/\/www.tiktok.com\/@talkpal","https:\/\/www.instagram.com\/talkpal_ai\/","https:\/\/www.crunchbase.com\/organization\/talkpal-9cde","https:\/\/www.g2.com\/products\/talkpal-for-business\/","https:\/\/www.trustpilot.com\/review\/talkpal.ai","https:\/\/www.capterra.com\/p\/10006800\/TalkPal\/"],"description":"Talkpal is a language learning web and mobile education app, powered by the latest AI technologies, that provides engaging experiences to its customers in many different languages to help them improve their language skills. Users can chat about unlimited amount of topics with the app and use other modes to practice their language learning.","email":"support@talkpal.ai","legalName":"Talkpal, Inc.","foundingDate":"2023-04-03","duns":"118989042","numberOfEmployees":{"@type":"QuantitativeValue","minValue":"11","maxValue":"50"},"publishingPrinciples":"https:\/\/talkpal.ai\/publishing-principles\/","actionableFeedbackPolicy":"https:\/\/talkpal.ai\/actionable-feedback-policy\/","correctionsPolicy":"https:\/\/talkpal.ai\/corrections-policy\/","ethicsPolicy":"https:\/\/talkpal.ai\/ethics-policy\/","diversityPolicy":"https:\/\/talkpal.ai\/diversity-policy\/","diversityStaffingReport":"https:\/\/talkpal.ai\/diversity-policy\/"}]}},"_links":{"self":[{"href":"https:\/\/talkpal.ai\/pt-br\/wp-json\/wp\/v2\/pages\/159796","targetHints":{"allow":["GET"]}}],"collection":[{"href":"https:\/\/talkpal.ai\/pt-br\/wp-json\/wp\/v2\/pages"}],"about":[{"href":"https:\/\/talkpal.ai\/pt-br\/wp-json\/wp\/v2\/types\/page"}],"author":[{"embeddable":true,"href":"https:\/\/talkpal.ai\/pt-br\/wp-json\/wp\/v2\/users\/6"}],"replies":[{"embeddable":true,"href":"https:\/\/talkpal.ai\/pt-br\/wp-json\/wp\/v2\/comments?post=159796"}],"version-history":[{"count":0,"href":"https:\/\/talkpal.ai\/pt-br\/wp-json\/wp\/v2\/pages\/159796\/revisions"}],"wp:featuredmedia":[{"embeddable":true,"href":"https:\/\/talkpal.ai\/pt-br\/wp-json\/wp\/v2\/media\/115378"}],"wp:attachment":[{"href":"https:\/\/talkpal.ai\/pt-br\/wp-json\/wp\/v2\/media?parent=159796"}],"curies":[{"name":"wp","href":"https:\/\/api.w.org\/{rel}","templated":true}]}}