{"id":159237,"date":"2023-06-22T08:37:16","date_gmt":"2023-06-22T08:37:16","guid":{"rendered":"http:\/\/talkpal.ai\/exercicios-de-gramatica-marathi\/"},"modified":"2025-12-17T15:24:30","modified_gmt":"2025-12-17T15:24:30","slug":"exercicios-de-gramatica-marathi","status":"publish","type":"page","link":"https:\/\/talkpal.ai\/pt-br\/exercicios-de-gramatica-marathi\/","title":{"rendered":"Exerc\u00edcios de Gram\u00e1tica Marathi"},"content":{"rendered":"\r\n\r\n\r\n<section class=\"languageChallengeSection\">\r\n    <div class=\"languageInfoWrapper\">\r\n        \r\n        <h1>Exerc\u00edcios de Gram\u00e1tica Marathi<\/h1>\r\n        <p>Voc\u00ea est\u00e1 pronto para aprimorar suas habilidades em <a href=\"https:\/\/talkpal.ai\/learn-marathi\/\">Marathi<\/a>? A pr\u00e1tica de exerc\u00edcios gramaticais \u00e9 uma excelente maneira de voc\u00ea dominar a estrutura das frases, as formas verbais e os principais padr\u00f5es gramaticais do idioma. Comece a explorar a gram\u00e1tica do Marathi hoje mesmo e veja sua confian\u00e7a e flu\u00eancia aumentarem a cada exerc\u00edcio!<\/p>\r\n\r\n                            <a class=\"getStartedHidden\" href=\"https:\/\/app.talkpal.ai\/pt-br\/signup?lng=\">Come\u00e7a<\/a>\r\n        \r\n    <\/div>\r\n\r\n    <figure>\r\n    <img decoding=\"async\" width=\"768\" height=\"768\" src=\"https:\/\/talkpal.ai\/wp-content\/uploads\/2023\/06\/marathi-768x768.png\" class=\"languageImage no-lazy\" alt=\"Fun ways to make language learning interesting\" fetchpriority=\"high\" sizes=\"(max-width: 768px) 150px, 768px\" srcset=\"https:\/\/talkpal.ai\/wp-content\/uploads\/2023\/06\/marathi-768x768.png 768w, https:\/\/talkpal.ai\/wp-content\/uploads\/2023\/06\/marathi-300x300.png 300w\" \/>\r\n    \r\n\r\n    <\/figure>\r\n\r\n            <a class=\"getStartedVisible\" href=\"https:\/\/app.talkpal.ai\/pt-br\/signup?lng=\">Come\u00e7a<\/a>\r\n    \r\n<\/section>\r\n\r\n\r\n<!-- <section class=\"grammarSection\">\r\n    <div class=\"grammarLinks\">\r\n            <\/div>\r\n<\/section> -->\r\n\r\n\r\n\r\n\r\n<section class=\"promotionalBanner\">\r\n    <p class=\"promotionalText\">A maneira mais eficiente de aprender um idioma<\/p>\r\n    <a class=\"promotionalLink\" href=\"https:\/\/app.talkpal.ai\/pt-br\/signup?lng=\">Experimente o Talkpal gratuitamente<\/a>\r\n<\/section>\n<div class=\"wp-block-group pageContainerStyle\"><div class=\"wp-block-group__inner-container is-layout-constrained wp-block-group-is-layout-constrained\">\n<h2 class=\"wp-block-heading\" id=\"h-marathi-grammar-topics\">Marata T\u00f3picos de gram\u00e1tica<\/h2>\n\n\n\n<p>Marathi, uma l\u00edngua indo-ariana, \u00e9 predominantemente falada no estado indiano de Maharashtra e \u00e9 a l\u00edngua oficial da regi\u00e3o. <a href=\"https:\/\/talkpal.ai\/es\/como-aprender-marathi-en-casa\/\">Aprender Marathi<\/a> pode ser uma experi\u00eancia enriquecedora, pois abre as portas para uma rica cultura, hist\u00f3ria e literatura. Para aprender efetivamente Marathi, \u00e9 importante ter uma abordagem estruturada que se concentre em v\u00e1rios aspectos da l\u00edngua, <a href=\"https:\/\/talkpal.ai\/locations\/language-courses-in-como\/\">como<\/a> gram\u00e1tica, vocabul\u00e1rio e pron\u00fancia. Este artigo ir\u00e1 gui\u00e1-lo atrav\u00e9s da sequ\u00eancia de aprendizagem de t\u00f3picos de <a href=\"https:\/\/talkpal.ai\/es\/gramatica-marathi\/\">gram\u00e1tica Marathi<\/a>, come\u00e7ando com tempos, verbos, substantivos e passando para conceitos mais avan\u00e7ados, como condicionais e preposi\u00e7\u00f5es.<\/p>\n\n\n\n<h3 class=\"wp-block-heading\" id=\"h-1-tenses\">1. Tempos:<\/h3>\n\n\n\n<p>Os tempos s\u00e3o a espinha dorsal de qualquer linguagem, pois ajudam a expressar a\u00e7\u00f5es ou estados em rela\u00e7\u00e3o ao tempo. Em Marathi, h\u00e1 tr\u00eas tempos b\u00e1sicos \u2013 passado, <a href=\"https:\/\/talkpal.ai\/zh-hans\/grammar_exercises\/presente-%e8%a5%bf%e7%8f%ad%e7%89%99%e8%af%ad%e6%b3%95%e7%bb%83%e4%b9%a0\/\">presente<\/a> e <a href=\"https:\/\/talkpal.ai\/ja\/grammar_exercises\/futuro-%e3%82%b9%e3%83%9a%e3%82%a4%e3%83%b3%e8%aa%9e%e3%81%ae%e6%96%87%e6%b3%95%e3%81%ae%e6%bc%94%e7%bf%92\/\">futuro<\/a>. Cada tempo tem formas diferentes com base no tipo de a\u00e7\u00e3o (simples, cont\u00ednua, perfeita ou perfeita cont\u00ednua). Comece aprendendo os tempos simples e depois passe para os mais complexos.<\/p>\n\n\n\n<h3 class=\"wp-block-heading\" id=\"h-2-tense-comparison\">2. Compara\u00e7\u00e3o tensa:<\/h3>\n\n\n\n<p>Depois de entender os tempos b\u00e1sicos, \u00e9 crucial aprender a compar\u00e1-los. A compara\u00e7\u00e3o tensa permite que voc\u00ea fale sobre v\u00e1rias a\u00e7\u00f5es ou eventos que ocorrem simultaneamente ou em diferentes per\u00edodos de tempo. Isso ajuda na forma\u00e7\u00e3o de frases complexas e na express\u00e3o de uma gama maior de ideias.<\/p>\n\n\n\n<h3 class=\"wp-block-heading\" id=\"h-3-verbs\">3. Verbos:<\/h3>\n\n\n\n<p>Verbos s\u00e3o palavras de a\u00e7\u00e3o que representam uma a\u00e7\u00e3o ou estado em uma frase. Em Marathi, os verbos s\u00e3o flexionados para indicar tempo, aspecto, humor e voz. Aprenda as regras b\u00e1sicas de conjuga\u00e7\u00e3o de verbos e v\u00e1rias formas verbais para aprimorar suas habilidades de constru\u00e7\u00e3o de frases.<\/p>\n\n\n\n<h3 class=\"wp-block-heading\" id=\"h-4-nouns\">4. Substantivos:<\/h3>\n\n\n\n<p>Substantivos s\u00e3o palavras que representam pessoas, lugares, coisas ou ideias. Os substantivos marathi t\u00eam um g\u00eanero (masculino, feminino ou neutro) e s\u00e3o flexionados para n\u00famero (singular ou plural) e caso (direto, obl\u00edquo ou possessivo). Familiarize-se com as diferentes formas de substantivos e seu uso em frases.<\/p>\n\n\n\n<h3 class=\"wp-block-heading\" id=\"h-5-articles\">5. Artigos:<\/h3>\n\n\n\n<p>O marathi n\u00e3o tem artigos como &#8220;a&#8221;, &#8220;an&#8221; ou &#8220;the&#8221;. No entanto, existem <a href=\"https:\/\/talkpal.ai\/grammar\/pronomes-demonstrativos-in-portuguese-grammar\/\">pronomes demonstrativos<\/a> e determinantes que servem a um prop\u00f3sito semelhante. Aprenda a usar esses pronomes e determinantes para especificar ou identificar substantivos em uma frase.<\/p>\n\n\n\n<h3 class=\"wp-block-heading\" id=\"h-6-pronouns-determiners\">6. Pronomes\/Determinantes:<\/h3>\n\n\n\n<p>Os pronomes substituem os substantivos para evitar a repeti\u00e7\u00e3o, enquanto os determinantes especificam ou limitam o significado dos substantivos. Em Marathi, pronomes e determinantes concordam em g\u00eanero e n\u00famero com o substantivo que substituem ou modificam. Aprenda as v\u00e1rias formas e seu uso apropriado para melhorar sua constru\u00e7\u00e3o de frases.<\/p>\n\n\n\n<h3 class=\"wp-block-heading\" id=\"h-7-adjectives\">7. Adjetivos:<\/h3>\n\n\n\n<p>Os adjetivos descrevem ou modificam substantivos, fornecendo informa\u00e7\u00f5es adicionais sobre suas qualidades ou atributos. Em Marathi, os adjetivos concordam em g\u00eanero e n\u00famero com o substantivo que modificam. Aprenda as v\u00e1rias formas adjetivas e seu uso correto nas frases.<\/p>\n\n\n\n<h3 class=\"wp-block-heading\" id=\"h-8-adverbs\">8. Adv\u00e9rbios:<\/h3>\n\n\n\n<p>Os adv\u00e9rbios fornecem informa\u00e7\u00f5es adicionais sobre verbos, adjetivos ou outros adv\u00e9rbios, descrevendo como, quando, onde ou at\u00e9 que ponto algo acontece. Aprenda os diferentes tipos de adv\u00e9rbios e sua coloca\u00e7\u00e3o em frases para melhorar suas habilidades lingu\u00edsticas.<\/p>\n\n\n\n<h3 class=\"wp-block-heading\" id=\"h-9-conditionals\">9. Condicionais:<\/h3>\n\n\n\n<p>As condicionais expressam situa\u00e7\u00f5es ou condi\u00e7\u00f5es hipot\u00e9ticas e suas poss\u00edveis consequ\u00eancias. Em Marathi, existem tr\u00eas tipos de condicionais \u2013 reais, irreais e mistos. Aprenda a estrutura e o uso de cada tipo para expressar ideias e situa\u00e7\u00f5es complexas.<\/p>\n\n\n\n<h3 class=\"wp-block-heading\" id=\"h-10-prepositions\">10. Preposi\u00e7\u00f5es:<\/h3>\n\n\n\n<p>Preposi\u00e7\u00f5es s\u00e3o palavras que mostram a rela\u00e7\u00e3o entre substantivos (ou pronomes) e outras palavras em uma frase. Eles indicam localiza\u00e7\u00e3o, dire\u00e7\u00e3o, tempo ou outros relacionamentos. Aprenda as preposi\u00e7\u00f5es comuns em Marathi e seu uso em frases.<\/p>\n\n\n\n<h3 class=\"wp-block-heading\" id=\"h-11-sentences\">11. Senten\u00e7as:<\/h3>\n\n\n\n<p>Por fim, pratique a forma\u00e7\u00e3o de frases simples e complexas usando as regras gramaticais e o vocabul\u00e1rio que voc\u00ea aprendeu. Concentre-se na estrutura das frases.<\/p>\n<\/div><\/div>\n\r\n<section class=\"learnNavigationSection\">\r\n            \r\n        <a href=\"https:\/\/talkpal.ai\/pt-br\/aprenda-marathi\/\">\r\n            <div class=\"learnNavigationWrapper\">\r\n                <div class=\"learnNavigationContent\">\r\n                    <img decoding=\"async\" src=\"https:\/\/talkpal.ai\/wp-content\/uploads\/2023\/05\/Marathi-india.png\" alt=\"TalkPal Marathi Flag\">\r\n                    <div>\r\n                        <h4>Sobre o Marathi Learning<\/h4>\r\n                        <p>Saiba tudo sobre a gram\u00e1tica marathi .<\/p>\r\n                    <\/div>\r\n                <\/div>\r\n            <\/div>\r\n        <\/a>\r\n\r\n        \r\n        <a href=\"https:\/\/talkpal.ai\/pt-br\/gramatica-marathi\/\">\r\n            <div class=\"learnNavigationWrapper\">\r\n                <div class=\"learnNavigationContent\">\r\n                    <img decoding=\"async\" src=\"https:\/\/talkpal.ai\/wp-content\/uploads\/2023\/05\/Marathi-india.png\" alt=\"TalkPal Marathi Flag\">\r\n                    <div>\r\n                        <h4>Aulas de gram\u00e1tica Marathi<\/h4>\r\n                        <p>Pratique a gram\u00e1tica marathi .<\/p>\r\n                    <\/div>\r\n                <\/div>\r\n            <\/div>\r\n        <\/a>\r\n\r\n        \r\n        <a href=\"https:\/\/talkpal.ai\/vocabulary_language\/marathi\/\">\r\n            <div class=\"learnNavigationWrapper\">\r\n                <div class=\"learnNavigationContent\">\r\n                    <img decoding=\"async\" src=\"https:\/\/talkpal.ai\/wp-content\/uploads\/2023\/05\/Marathi-india.png\" alt=\"TalkPal Marathi Flag\">\r\n                    <div>\r\n                        <h4>Vocabul\u00e1rio de Marathi<\/h4>\r\n                        <p>Amplie seu vocabul\u00e1rio de marata.<\/p>\r\n                    <\/div>\r\n                <\/div>\r\n            <\/div>\r\n        <\/a>\r\n\r\n            <\/section>","protected":false},"excerpt":{"rendered":"<p>Marata T\u00f3picos de gram\u00e1tica Marathi, uma l\u00edngua indo-ariana, \u00e9 predominantemente falada no estado indiano de Maharashtra e \u00e9 a l\u00edngua oficial da regi\u00e3o. Aprender Marathi pode ser uma experi\u00eancia enriquecedora, pois abre as portas para uma rica cultura, hist\u00f3ria e literatura. Para aprender efetivamente Marathi, \u00e9 importante ter uma abordagem estruturada que se concentre em [&hellip;]<\/p>\n","protected":false},"author":6,"featured_media":116463,"parent":0,"menu_order":0,"comment_status":"closed","ping_status":"closed","template":"LearningContentPage.php","meta":{"_acf_changed":false,"footnotes":""},"class_list":["post-159237","page","type-page","status-publish","has-post-thumbnail","hentry"],"acf":[],"yoast_head":"<!-- This site is optimized with the Yoast SEO Premium plugin v27.2 (Yoast SEO v27.2) - https:\/\/yoast.com\/product\/yoast-seo-premium-wordpress\/ -->\n<title>Exerc\u00edcios de Gram\u00e1tica Marathi - Talkpal<\/title>\n<meta name=\"description\" content=\"Aprimore suas habilidades no idioma Marathi com exerc\u00edcios envolventes de gram\u00e1tica Marathi criados para alunos de todos os n\u00edveis.\" \/>\n<meta name=\"robots\" content=\"index, follow, max-snippet:-1, max-image-preview:large, max-video-preview:-1\" \/>\n<link rel=\"canonical\" href=\"https:\/\/talkpal.ai\/pt-br\/exercicios-de-gramatica-marathi\/\" \/>\n<meta property=\"og:locale\" content=\"pt_BR\" \/>\n<meta property=\"og:type\" content=\"article\" \/>\n<meta property=\"og:title\" content=\"Exerc\u00edcios de Gram\u00e1tica Marathi\" \/>\n<meta property=\"og:description\" content=\"Marata T\u00f3picos de gram\u00e1tica Marathi, uma l\u00edngua indo-ariana, \u00e9 predominantemente falada no estado indiano de Maharashtra e \u00e9 a l\u00edngua oficial da regi\u00e3o.\" \/>\n<meta property=\"og:url\" content=\"https:\/\/talkpal.ai\/pt-br\/exercicios-de-gramatica-marathi\/\" \/>\n<meta property=\"og:site_name\" content=\"Talkpal\" \/>\n<meta property=\"article:publisher\" content=\"https:\/\/www.facebook.com\/profile.php?id=100090733639311\" \/>\n<meta property=\"article:modified_time\" content=\"2025-12-17T15:24:30+00:00\" \/>\n<meta property=\"og:image\" content=\"https:\/\/talkpal.ai\/wp-content\/uploads\/2023\/05\/Marathi-india.png\" \/>\n\t<meta property=\"og:image:width\" content=\"512\" \/>\n\t<meta property=\"og:image:height\" content=\"512\" \/>\n\t<meta property=\"og:image:type\" content=\"image\/png\" \/>\n<meta name=\"twitter:card\" content=\"summary_large_image\" \/>\n<meta name=\"twitter:site\" content=\"@talkpalai\" \/>\n<meta name=\"twitter:label1\" content=\"Est. tempo de leitura\" \/>\n\t<meta name=\"twitter:data1\" content=\"3 minutos\" \/>\n<script type=\"application\/ld+json\" class=\"yoast-schema-graph\">{\"@context\":\"https:\/\/schema.org\",\"@graph\":[{\"@type\":\"WebPage\",\"@id\":\"https:\/\/talkpal.ai\/pt-br\/exercicios-de-gramatica-marathi\/\",\"url\":\"https:\/\/talkpal.ai\/pt-br\/exercicios-de-gramatica-marathi\/\",\"name\":\"Exerc\u00edcios de Gram\u00e1tica Marathi - Talkpal\",\"isPartOf\":{\"@id\":\"https:\/\/talkpal.ai\/pt-br\/#website\"},\"primaryImageOfPage\":{\"@id\":\"https:\/\/talkpal.ai\/pt-br\/exercicios-de-gramatica-marathi\/#primaryimage\"},\"image\":{\"@id\":\"https:\/\/talkpal.ai\/pt-br\/exercicios-de-gramatica-marathi\/#primaryimage\"},\"thumbnailUrl\":\"https:\/\/talkpal.ai\/wp-content\/uploads\/2023\/05\/Marathi-india.png\",\"datePublished\":\"2023-06-22T08:37:16+00:00\",\"dateModified\":\"2025-12-17T15:24:30+00:00\",\"description\":\"Aprimore suas habilidades no idioma Marathi com exerc\u00edcios envolventes de gram\u00e1tica Marathi criados para alunos de todos os n\u00edveis.\",\"breadcrumb\":{\"@id\":\"https:\/\/talkpal.ai\/pt-br\/exercicios-de-gramatica-marathi\/#breadcrumb\"},\"inLanguage\":\"pt-BR\",\"potentialAction\":[{\"@type\":\"ReadAction\",\"target\":[\"https:\/\/talkpal.ai\/pt-br\/exercicios-de-gramatica-marathi\/\"]}]},{\"@type\":\"ImageObject\",\"inLanguage\":\"pt-BR\",\"@id\":\"https:\/\/talkpal.ai\/pt-br\/exercicios-de-gramatica-marathi\/#primaryimage\",\"url\":\"https:\/\/talkpal.ai\/wp-content\/uploads\/2023\/05\/Marathi-india.png\",\"contentUrl\":\"https:\/\/talkpal.ai\/wp-content\/uploads\/2023\/05\/Marathi-india.png\",\"width\":512,\"height\":512},{\"@type\":\"BreadcrumbList\",\"@id\":\"https:\/\/talkpal.ai\/pt-br\/exercicios-de-gramatica-marathi\/#breadcrumb\",\"itemListElement\":[{\"@type\":\"ListItem\",\"position\":1,\"name\":\"Homepage\",\"item\":\"https:\/\/talkpal.ai\/pt-br\/\"},{\"@type\":\"ListItem\",\"position\":2,\"name\":\"Exerc\u00edcios de Gram\u00e1tica Marathi\"}]},{\"@type\":\"WebSite\",\"@id\":\"https:\/\/talkpal.ai\/pt-br\/#website\",\"url\":\"https:\/\/talkpal.ai\/pt-br\/\",\"name\":\"Talkpal\",\"description\":\"AI Language Learning\",\"publisher\":{\"@id\":\"https:\/\/talkpal.ai\/pt-br\/#organization\"},\"alternateName\":\"Talkpal AI\",\"potentialAction\":[{\"@type\":\"SearchAction\",\"target\":{\"@type\":\"EntryPoint\",\"urlTemplate\":\"https:\/\/talkpal.ai\/pt-br\/?s={search_term_string}\"},\"query-input\":{\"@type\":\"PropertyValueSpecification\",\"valueRequired\":true,\"valueName\":\"search_term_string\"}}],\"inLanguage\":\"pt-BR\"},{\"@type\":\"Organization\",\"@id\":\"https:\/\/talkpal.ai\/pt-br\/#organization\",\"name\":\"Talkpal, Inc.\",\"alternateName\":\"Talkpal AI\",\"url\":\"https:\/\/talkpal.ai\/pt-br\/\",\"logo\":{\"@type\":\"ImageObject\",\"inLanguage\":\"pt-BR\",\"@id\":\"https:\/\/talkpal.ai\/pt-br\/#\/schema\/logo\/image\/\",\"url\":\"https:\/\/talkpal.ai\/wp-content\/uploads\/2024\/03\/Talkpal-Logo-Icon.png\",\"contentUrl\":\"https:\/\/talkpal.ai\/wp-content\/uploads\/2024\/03\/Talkpal-Logo-Icon.png\",\"width\":2880,\"height\":2880,\"caption\":\"Talkpal, Inc.\"},\"image\":{\"@id\":\"https:\/\/talkpal.ai\/pt-br\/#\/schema\/logo\/image\/\"},\"sameAs\":[\"https:\/\/www.facebook.com\/profile.php?id=100090733639311\",\"https:\/\/x.com\/talkpalai\",\"https:\/\/www.linkedin.com\/company\/talkpal\/\",\"https:\/\/www.youtube.com\/@TalkPal\/\",\"https:\/\/www.tiktok.com\/@talkpal\",\"https:\/\/www.instagram.com\/talkpal_ai\/\",\"https:\/\/www.crunchbase.com\/organization\/talkpal-9cde\",\"https:\/\/www.g2.com\/products\/talkpal-for-business\/\",\"https:\/\/www.trustpilot.com\/review\/talkpal.ai\",\"https:\/\/www.capterra.com\/p\/10006800\/TalkPal\/\"],\"description\":\"Talkpal is a language learning web and mobile education app, powered by the latest AI technologies, that provides engaging experiences to its customers in many different languages to help them improve their language skills. Users can chat about unlimited amount of topics with the app and use other modes to practice their language learning.\",\"email\":\"support@talkpal.ai\",\"legalName\":\"Talkpal, Inc.\",\"foundingDate\":\"2023-04-03\",\"duns\":\"118989042\",\"numberOfEmployees\":{\"@type\":\"QuantitativeValue\",\"minValue\":\"11\",\"maxValue\":\"50\"},\"publishingPrinciples\":\"https:\/\/talkpal.ai\/publishing-principles\/\",\"actionableFeedbackPolicy\":\"https:\/\/talkpal.ai\/actionable-feedback-policy\/\",\"correctionsPolicy\":\"https:\/\/talkpal.ai\/corrections-policy\/\",\"ethicsPolicy\":\"https:\/\/talkpal.ai\/ethics-policy\/\",\"diversityPolicy\":\"https:\/\/talkpal.ai\/diversity-policy\/\",\"diversityStaffingReport\":\"https:\/\/talkpal.ai\/diversity-policy\/\"}]}<\/script>\n<!-- \/ Yoast SEO Premium plugin. -->","yoast_head_json":{"title":"Exerc\u00edcios de Gram\u00e1tica Marathi - Talkpal","description":"Aprimore suas habilidades no idioma Marathi com exerc\u00edcios envolventes de gram\u00e1tica Marathi criados para alunos de todos os n\u00edveis.","robots":{"index":"index","follow":"follow","max-snippet":"max-snippet:-1","max-image-preview":"max-image-preview:large","max-video-preview":"max-video-preview:-1"},"canonical":"https:\/\/talkpal.ai\/pt-br\/exercicios-de-gramatica-marathi\/","og_locale":"pt_BR","og_type":"article","og_title":"Exerc\u00edcios de Gram\u00e1tica Marathi","og_description":"Marata T\u00f3picos de gram\u00e1tica Marathi, uma l\u00edngua indo-ariana, \u00e9 predominantemente falada no estado indiano de Maharashtra e \u00e9 a l\u00edngua oficial da regi\u00e3o.","og_url":"https:\/\/talkpal.ai\/pt-br\/exercicios-de-gramatica-marathi\/","og_site_name":"Talkpal","article_publisher":"https:\/\/www.facebook.com\/profile.php?id=100090733639311","article_modified_time":"2025-12-17T15:24:30+00:00","og_image":[{"width":512,"height":512,"url":"https:\/\/talkpal.ai\/wp-content\/uploads\/2023\/05\/Marathi-india.png","type":"image\/png"}],"twitter_card":"summary_large_image","twitter_site":"@talkpalai","twitter_misc":{"Est. tempo de leitura":"3 minutos"},"schema":{"@context":"https:\/\/schema.org","@graph":[{"@type":"WebPage","@id":"https:\/\/talkpal.ai\/pt-br\/exercicios-de-gramatica-marathi\/","url":"https:\/\/talkpal.ai\/pt-br\/exercicios-de-gramatica-marathi\/","name":"Exerc\u00edcios de Gram\u00e1tica Marathi - Talkpal","isPartOf":{"@id":"https:\/\/talkpal.ai\/pt-br\/#website"},"primaryImageOfPage":{"@id":"https:\/\/talkpal.ai\/pt-br\/exercicios-de-gramatica-marathi\/#primaryimage"},"image":{"@id":"https:\/\/talkpal.ai\/pt-br\/exercicios-de-gramatica-marathi\/#primaryimage"},"thumbnailUrl":"https:\/\/talkpal.ai\/wp-content\/uploads\/2023\/05\/Marathi-india.png","datePublished":"2023-06-22T08:37:16+00:00","dateModified":"2025-12-17T15:24:30+00:00","description":"Aprimore suas habilidades no idioma Marathi com exerc\u00edcios envolventes de gram\u00e1tica Marathi criados para alunos de todos os n\u00edveis.","breadcrumb":{"@id":"https:\/\/talkpal.ai\/pt-br\/exercicios-de-gramatica-marathi\/#breadcrumb"},"inLanguage":"pt-BR","potentialAction":[{"@type":"ReadAction","target":["https:\/\/talkpal.ai\/pt-br\/exercicios-de-gramatica-marathi\/"]}]},{"@type":"ImageObject","inLanguage":"pt-BR","@id":"https:\/\/talkpal.ai\/pt-br\/exercicios-de-gramatica-marathi\/#primaryimage","url":"https:\/\/talkpal.ai\/wp-content\/uploads\/2023\/05\/Marathi-india.png","contentUrl":"https:\/\/talkpal.ai\/wp-content\/uploads\/2023\/05\/Marathi-india.png","width":512,"height":512},{"@type":"BreadcrumbList","@id":"https:\/\/talkpal.ai\/pt-br\/exercicios-de-gramatica-marathi\/#breadcrumb","itemListElement":[{"@type":"ListItem","position":1,"name":"Homepage","item":"https:\/\/talkpal.ai\/pt-br\/"},{"@type":"ListItem","position":2,"name":"Exerc\u00edcios de Gram\u00e1tica Marathi"}]},{"@type":"WebSite","@id":"https:\/\/talkpal.ai\/pt-br\/#website","url":"https:\/\/talkpal.ai\/pt-br\/","name":"Talkpal","description":"AI Language Learning","publisher":{"@id":"https:\/\/talkpal.ai\/pt-br\/#organization"},"alternateName":"Talkpal AI","potentialAction":[{"@type":"SearchAction","target":{"@type":"EntryPoint","urlTemplate":"https:\/\/talkpal.ai\/pt-br\/?s={search_term_string}"},"query-input":{"@type":"PropertyValueSpecification","valueRequired":true,"valueName":"search_term_string"}}],"inLanguage":"pt-BR"},{"@type":"Organization","@id":"https:\/\/talkpal.ai\/pt-br\/#organization","name":"Talkpal, Inc.","alternateName":"Talkpal AI","url":"https:\/\/talkpal.ai\/pt-br\/","logo":{"@type":"ImageObject","inLanguage":"pt-BR","@id":"https:\/\/talkpal.ai\/pt-br\/#\/schema\/logo\/image\/","url":"https:\/\/talkpal.ai\/wp-content\/uploads\/2024\/03\/Talkpal-Logo-Icon.png","contentUrl":"https:\/\/talkpal.ai\/wp-content\/uploads\/2024\/03\/Talkpal-Logo-Icon.png","width":2880,"height":2880,"caption":"Talkpal, Inc."},"image":{"@id":"https:\/\/talkpal.ai\/pt-br\/#\/schema\/logo\/image\/"},"sameAs":["https:\/\/www.facebook.com\/profile.php?id=100090733639311","https:\/\/x.com\/talkpalai","https:\/\/www.linkedin.com\/company\/talkpal\/","https:\/\/www.youtube.com\/@TalkPal\/","https:\/\/www.tiktok.com\/@talkpal","https:\/\/www.instagram.com\/talkpal_ai\/","https:\/\/www.crunchbase.com\/organization\/talkpal-9cde","https:\/\/www.g2.com\/products\/talkpal-for-business\/","https:\/\/www.trustpilot.com\/review\/talkpal.ai","https:\/\/www.capterra.com\/p\/10006800\/TalkPal\/"],"description":"Talkpal is a language learning web and mobile education app, powered by the latest AI technologies, that provides engaging experiences to its customers in many different languages to help them improve their language skills. Users can chat about unlimited amount of topics with the app and use other modes to practice their language learning.","email":"support@talkpal.ai","legalName":"Talkpal, Inc.","foundingDate":"2023-04-03","duns":"118989042","numberOfEmployees":{"@type":"QuantitativeValue","minValue":"11","maxValue":"50"},"publishingPrinciples":"https:\/\/talkpal.ai\/publishing-principles\/","actionableFeedbackPolicy":"https:\/\/talkpal.ai\/actionable-feedback-policy\/","correctionsPolicy":"https:\/\/talkpal.ai\/corrections-policy\/","ethicsPolicy":"https:\/\/talkpal.ai\/ethics-policy\/","diversityPolicy":"https:\/\/talkpal.ai\/diversity-policy\/","diversityStaffingReport":"https:\/\/talkpal.ai\/diversity-policy\/"}]}},"_links":{"self":[{"href":"https:\/\/talkpal.ai\/pt-br\/wp-json\/wp\/v2\/pages\/159237","targetHints":{"allow":["GET"]}}],"collection":[{"href":"https:\/\/talkpal.ai\/pt-br\/wp-json\/wp\/v2\/pages"}],"about":[{"href":"https:\/\/talkpal.ai\/pt-br\/wp-json\/wp\/v2\/types\/page"}],"author":[{"embeddable":true,"href":"https:\/\/talkpal.ai\/pt-br\/wp-json\/wp\/v2\/users\/6"}],"replies":[{"embeddable":true,"href":"https:\/\/talkpal.ai\/pt-br\/wp-json\/wp\/v2\/comments?post=159237"}],"version-history":[{"count":0,"href":"https:\/\/talkpal.ai\/pt-br\/wp-json\/wp\/v2\/pages\/159237\/revisions"}],"wp:featuredmedia":[{"embeddable":true,"href":"https:\/\/talkpal.ai\/pt-br\/wp-json\/wp\/v2\/media\/116463"}],"wp:attachment":[{"href":"https:\/\/talkpal.ai\/pt-br\/wp-json\/wp\/v2\/media?parent=159237"}],"curies":[{"name":"wp","href":"https:\/\/api.w.org\/{rel}","templated":true}]}}