{"id":152186,"date":"2023-05-14T14:22:39","date_gmt":"2023-05-14T14:22:39","guid":{"rendered":"http:\/\/talkpal.ai\/gramatica-urdu\/"},"modified":"2025-12-11T16:20:47","modified_gmt":"2025-12-11T16:20:47","slug":"gramatica-urdu","status":"publish","type":"page","link":"https:\/\/talkpal.ai\/pt-br\/gramatica-urdu\/","title":{"rendered":"Gram\u00e1tica Urdu"},"content":{"rendered":"\r\n\r\n\r\n<section class=\"languageChallengeSection\">\r\n    <div class=\"languageInfoWrapper\">\r\n        \r\n        <h1>Gram\u00e1tica Urdu<\/h1>\r\n        <p>Voc\u00ea tem interesse em aprender <a href=\"https:\/\/talkpal.ai\/learn-urdu\/\">urdu<\/a>? Mergulhe na <a href=\"https:\/\/talkpal.ai\/es\/gramatica-urdu\/\">gram\u00e1tica urdu<\/a>, onde a escrita elegante, os substantivos com g\u00eanero e as formas verbais expressivas criam uma linguagem po\u00e9tica e pr\u00e1tica. Comece sua jornada em <a href=\"https:\/\/talkpal.ai\/learn-urdu\/\">urdu<\/a> hoje mesmo &#8211; dominar sua gram\u00e1tica abrir\u00e1 novos caminhos para a comunica\u00e7\u00e3o e conectar\u00e1 voc\u00ea profundamente com as ricas tradi\u00e7\u00f5es liter\u00e1rias e culturais do sul da \u00c1sia!<\/p>\r\n\r\n                            <a class=\"getStartedHidden\" href=\"https:\/\/app.talkpal.ai\/pt-br\/signup?lng=\">Come\u00e7a<\/a>\r\n        \r\n    <\/div>\r\n\r\n    <figure>\r\n    <img decoding=\"async\" width=\"768\" height=\"768\" src=\"https:\/\/talkpal.ai\/wp-content\/uploads\/2023\/06\/urdu-768x768.png\" class=\"languageImage no-lazy\" alt=\"Language learning for global understanding\" fetchpriority=\"high\" sizes=\"(max-width: 768px) 150px, 768px\" srcset=\"https:\/\/talkpal.ai\/wp-content\/uploads\/2023\/06\/urdu-768x768.png 768w, https:\/\/talkpal.ai\/wp-content\/uploads\/2023\/06\/urdu-300x300.png 300w\" \/>\r\n    \r\n\r\n    <\/figure>\r\n\r\n            <a class=\"getStartedVisible\" href=\"https:\/\/app.talkpal.ai\/pt-br\/signup?lng=\">Come\u00e7a<\/a>\r\n    \r\n<\/section>\r\n<section class=\"promotionalBanner\">\r\n    <p class=\"promotionalText\">A maneira mais eficiente de aprender um idioma<\/p>\r\n    <a class=\"promotionalLink\" href=\"https:\/\/app.talkpal.ai\/pt-br\/signup?lng=\">Experimente o Talkpal gratuitamente<\/a>\r\n<\/section>\n<div class=\"wp-block-group pageContainerStyle\"><div class=\"wp-block-group__inner-container is-layout-constrained wp-block-group-is-layout-constrained\">\n<h2 class=\"wp-block-heading\" id=\"h-urdu-grammar-exploring-the-beauty-and-intricacies-of-the-indo-aryan-language\">Gram\u00e1tica Urdu: Explorando a Beleza e os Meandros da L\u00edngua Indo-Ariana<\/h2>\n\n\n\n<p>Entusiastas da l\u00edngua e aprendizes curiosos, voc\u00ea est\u00e1 pronto para mergulhar no fascinante mundo da <a href=\"https:\/\/talkpal.ai\/es\/gramatica-urdu\/\">gram\u00e1tica urdu<\/a>? Urdu, uma l\u00edngua indo-ariana, \u00e9 a l\u00edngua nacional do Paquist\u00e3o e uma das l\u00ednguas oficiais da \u00cdndia. Com aproximadamente 70 milh\u00f5es de falantes em todo o mundo, o urdu n\u00e3o \u00e9 apenas uma l\u00edngua rica e expressiva, mas tamb\u00e9m uma ponte para uma cultura e hist\u00f3ria vibrantes. Neste artigo, vamos nos aprofundar nos aspectos exclusivos da gram\u00e1tica urdu e descobrir o que a diferencia de outros idiomas.<\/p>\n\n\n\n<h3 class=\"wp-block-heading\" id=\"h-script-and-pronunciation-the-elegant-nastaliq\">Roteiro e Pron\u00fancia: O Elegante Nastaliq<\/h3>\n\n\n\n<p>A escrita urdu \u00e9 baseada no estilo persa-\u00e1rabe Nastaliq, que \u00e9 escrito e lido da direita para a esquerda. Composta por 38 letras com marcas diacr\u00edticas adicionais para vogais e pron\u00fancia, a escrita Nastaliq \u00e9 elegante e fluida. Aprender a escrita e dominar a pron\u00fancia dos sons do urdu ser\u00e1 o primeiro passo para voc\u00ea entender a gram\u00e1tica do idioma.<\/p>\n\n\n\n<h3 class=\"wp-block-heading\" id=\"h-nouns-and-pronouns-exploring-gender-number-and-case\">Substantivos e Pronomes: Explorando G\u00eanero, N\u00famero e Caso<\/h3>\n\n\n\n<p>Os substantivos urdu s\u00e3o classificados de acordo com g\u00eanero (masculino ou feminino), n\u00famero (singular ou plural) e caso (direto ou obl\u00edquo). O idioma n\u00e3o tem artigos (<a href=\"https:\/\/talkpal.ai\/locations\/language-courses-in-como\/\">como<\/a> &#8220;a&#8221; ou &#8220;the&#8221;), mas depende do contexto para transmitir a defini\u00e7\u00e3o. Os pronomes urdu tamb\u00e9m seguem distin\u00e7\u00f5es de g\u00eanero, n\u00famero e caso e t\u00eam v\u00e1rias formas de polidez e familiaridade.<\/p>\n\n\n\n<h3 class=\"wp-block-heading\" id=\"h-postpositions-and-cases-urdu-s-unique-approach-to-indicating-relationships\">Postposi\u00e7\u00f5es e casos: A abordagem \u00fanica do urdu para indicar relacionamentos<\/h3>\n\n\n\n<p>Em vez de preposi\u00e7\u00f5es, o Urdu utiliza posposi\u00e7\u00f5es \u2013 palavras que v\u00eam depois dos substantivos que governam. Essa caracter\u00edstica distinta pode ser <a href=\"https:\/\/talkpal.ai\/locations\/language-courses-in-vista\/\">vista<\/a> em <a href=\"https:\/\/talkpal.ai\/locations\/language-courses-in-toda\/\">toda<\/a> a l\u00edngua e influencia significativamente as marca\u00e7\u00f5es de caso. Os dois casos do urdu, direto e obl\u00edquo, s\u00e3o usados em combina\u00e7\u00e3o com postposi\u00e7\u00f5es para indicar rela\u00e7\u00f5es entre palavras.<\/p>\n\n\n\n<h3 class=\"wp-block-heading\" id=\"h-harnessing-the-power-of-verbs-tense-aspect-and-moods\">Aproveitando o Poder dos Verbos: Tempo, Aspecto e Humores<\/h3>\n\n\n\n<p>Os verbos urdu s\u00e3o fascinantes com sua gama diversificada de tempos (passado, <a href=\"https:\/\/talkpal.ai\/zh-hans\/grammar_exercises\/presente-%e8%a5%bf%e7%8f%ad%e7%89%99%e8%af%ad%e6%b3%95%e7%bb%83%e4%b9%a0\/\">presente<\/a> e <a href=\"https:\/\/talkpal.ai\/ja\/grammar_exercises\/futuro-%e3%82%b9%e3%83%9a%e3%82%a4%e3%83%b3%e8%aa%9e%e3%81%ae%e6%96%87%e6%b3%95%e3%81%ae%e6%bc%94%e7%bf%92\/\">futuro<\/a>), aspectos (perfectivo, imperfectivo e habitual) e humores (indicativos, imperativos e subjuntivos). A l\u00edngua tamb\u00e9m faz uso extensivo de verbos auxiliares para formar tempos compostos, expressando nuances no tempo e na conclus\u00e3o das a\u00e7\u00f5es.<\/p>\n\n\n\n<p>Os verbos tamb\u00e9m concordam com seus sujeitos em termos de g\u00eanero e n\u00famero, o que adiciona camadas de complexidade e riqueza \u00e0 gram\u00e1tica urdu.<\/p>\n\n\n\n<h3 class=\"wp-block-heading\" id=\"h-adjectives-adverbs-and-more-adding-color-to-your-language\">Adjetivos, adv\u00e9rbios e muito mais: adicionando cor ao seu idioma<\/h3>\n\n\n\n<p>Os adjetivos urdu geralmente seguem os substantivos que modificam e concordam com eles em termos de g\u00eanero e n\u00famero. Os adjetivos podem ser intensificados usando comparativos e superlativos, adicionando profundidade \u00e0s descri\u00e7\u00f5es. Os adv\u00e9rbios urdu, derivados de adjetivos ou existentes independentemente, tamb\u00e9m desempenham um papel vital na l\u00edngua, fornecendo informa\u00e7\u00f5es sobre tempo, maneira, lugar e grau.<\/p>\n\n\n\n<p>A gram\u00e1tica urdu se orgulha de uma infinidade de conjun\u00e7\u00f5es, interjei\u00e7\u00f5es, part\u00edculas e muito mais, ajudando voc\u00ea a construir frases ricas, significativas e expressivas.<\/p>\n\n\n\n<h3 class=\"wp-block-heading\" id=\"h-embracing-the-world-of-urdu-grammar\">Abra\u00e7ando o Mundo da Gram\u00e1tica Urdu<\/h3>\n\n\n\n<p>A gram\u00e1tica do urdu pode parecer complexa no in\u00edcio, mas \u00e0 medida que voc\u00ea mergulhar em suas complexidades, ver\u00e1 que o idioma est\u00e1 repleto de beleza e express\u00e3o. Aprender Urdu n\u00e3o s\u00f3 ir\u00e1 melhorar a sua compreens\u00e3o da fam\u00edlia lingu\u00edstica indo-ariana, mas tamb\u00e9m ajud\u00e1-lo a se conectar com uma cultura, literatura e hist\u00f3ria encantadoras.<\/p>\n\n\n\n<p>Ent\u00e3o, por que n\u00e3o embarcar na emocionante jornada de aprender a gram\u00e1tica urdu? Com dedica\u00e7\u00e3o e curiosidade, voc\u00ea logo poder\u00e1 se encontrar conversando com falantes nativos, trocando ideias e hist\u00f3rias neste idioma poderoso. Feliz aprendizado!<\/p>\n<\/div><\/div>\n\r\n<section class=\"learnNavigationSection\">\r\n            \r\n        <a href=\"https:\/\/talkpal.ai\/pt-br\/aprenda-urdu\/\">\r\n            <div class=\"learnNavigationWrapper\">\r\n                <div class=\"learnNavigationContent\">\r\n                    <img decoding=\"async\" src=\"https:\/\/talkpal.ai\/wp-content\/uploads\/2024\/08\/Urdu.jpg\" alt=\"Pakistani Flag\">\r\n                    <div>\r\n                        <h4>Sobre o aprendizado de urdu<\/h4>\r\n                        <p>Saiba tudo sobre a gram\u00e1tica Urdu.<\/p>\r\n                    <\/div>\r\n                <\/div>\r\n            <\/div>\r\n        <\/a>\r\n\r\n        \r\n        <a href=\"https:\/\/talkpal.ai\/pt-br\/exercicios-de-gramatica-urdu\/\">\r\n            <div class=\"learnNavigationWrapper\">\r\n                <div class=\"learnNavigationContent\">\r\n                    <img decoding=\"async\" src=\"https:\/\/talkpal.ai\/wp-content\/uploads\/2024\/08\/Urdu.jpg\" alt=\"Pakistani Flag\">\r\n                    <div>\r\n                        <h4>Exerc\u00edcio de gram\u00e1tica urdu<\/h4>\r\n                        <p>Pratique a gram\u00e1tica urdu.<\/p>\r\n                    <\/div>\r\n                <\/div>\r\n            <\/div>\r\n        <\/a>\r\n\r\n        \r\n        <a href=\"https:\/\/talkpal.ai\/vocabulary_language\/urdu\/\">\r\n            <div class=\"learnNavigationWrapper\">\r\n                <div class=\"learnNavigationContent\">\r\n                    <img decoding=\"async\" src=\"https:\/\/talkpal.ai\/wp-content\/uploads\/2024\/08\/Urdu.jpg\" alt=\"Pakistani Flag\">\r\n                    <div>\r\n                        <h4>Vocabul\u00e1rio urdu<\/h4>\r\n                        <p>Amplie seu vocabul\u00e1rio urdu.<\/p>\r\n                    <\/div>\r\n                <\/div>\r\n            <\/div>\r\n        <\/a>\r\n\r\n            <\/section>","protected":false},"excerpt":{"rendered":"<p>Gram\u00e1tica Urdu: Explorando a Beleza e os Meandros da L\u00edngua Indo-Ariana Entusiastas da l\u00edngua e aprendizes curiosos, voc\u00ea est\u00e1 pronto para mergulhar no fascinante mundo da gram\u00e1tica urdu? Urdu, uma l\u00edngua indo-ariana, \u00e9 a l\u00edngua nacional do Paquist\u00e3o e uma das l\u00ednguas oficiais da \u00cdndia. Com aproximadamente 70 milh\u00f5es de falantes em todo o mundo, [&hellip;]<\/p>\n","protected":false},"author":1,"featured_media":121290,"parent":0,"menu_order":0,"comment_status":"closed","ping_status":"closed","template":"LearningContentPage.php","meta":{"_acf_changed":false,"footnotes":""},"class_list":["post-152186","page","type-page","status-publish","has-post-thumbnail","hentry"],"acf":[],"yoast_head":"<!-- This site is optimized with the Yoast SEO Premium plugin v27.2 (Yoast SEO v27.2) - https:\/\/yoast.com\/product\/yoast-seo-premium-wordpress\/ -->\n<title>Gram\u00e1tica Urdu - Talkpal<\/title>\n<meta name=\"description\" content=\"Descubra a beleza da gram\u00e1tica urdu. Explore seus aspectos exclusivos, seu roteiro e como ele se conecta \u00e0 cultura e \u00e0 hist\u00f3ria.\" \/>\n<meta name=\"robots\" content=\"index, follow, max-snippet:-1, max-image-preview:large, max-video-preview:-1\" \/>\n<link rel=\"canonical\" href=\"https:\/\/talkpal.ai\/pt-br\/gramatica-urdu\/\" \/>\n<meta property=\"og:locale\" content=\"pt_BR\" \/>\n<meta property=\"og:type\" content=\"article\" \/>\n<meta property=\"og:title\" content=\"Gram\u00e1tica Urdu\" \/>\n<meta property=\"og:description\" content=\"Gram\u00e1tica Urdu: Explorando a Beleza e os Meandros da L\u00edngua Indo-Ariana Entusiastas da l\u00edngua e aprendizes curiosos, voc\u00ea est\u00e1 pronto para mergulhar no\" \/>\n<meta property=\"og:url\" content=\"https:\/\/talkpal.ai\/pt-br\/gramatica-urdu\/\" \/>\n<meta property=\"og:site_name\" content=\"Talkpal\" \/>\n<meta property=\"article:publisher\" content=\"https:\/\/www.facebook.com\/profile.php?id=100090733639311\" \/>\n<meta property=\"article:modified_time\" content=\"2025-12-11T16:20:47+00:00\" \/>\n<meta property=\"og:image\" content=\"https:\/\/talkpal.ai\/wp-content\/uploads\/2023\/05\/Urdu-pakistan.png\" \/>\n\t<meta property=\"og:image:width\" content=\"512\" \/>\n\t<meta property=\"og:image:height\" content=\"512\" \/>\n\t<meta property=\"og:image:type\" content=\"image\/png\" \/>\n<meta name=\"twitter:card\" content=\"summary_large_image\" \/>\n<meta name=\"twitter:site\" content=\"@talkpalai\" \/>\n<meta name=\"twitter:label1\" content=\"Est. tempo de leitura\" \/>\n\t<meta name=\"twitter:data1\" content=\"3 minutos\" \/>\n<script type=\"application\/ld+json\" class=\"yoast-schema-graph\">{\"@context\":\"https:\/\/schema.org\",\"@graph\":[{\"@type\":\"WebPage\",\"@id\":\"https:\/\/talkpal.ai\/pt-br\/gramatica-urdu\/\",\"url\":\"https:\/\/talkpal.ai\/pt-br\/gramatica-urdu\/\",\"name\":\"Gram\u00e1tica Urdu - Talkpal\",\"isPartOf\":{\"@id\":\"https:\/\/talkpal.ai\/pt-br\/#website\"},\"primaryImageOfPage\":{\"@id\":\"https:\/\/talkpal.ai\/pt-br\/gramatica-urdu\/#primaryimage\"},\"image\":{\"@id\":\"https:\/\/talkpal.ai\/pt-br\/gramatica-urdu\/#primaryimage\"},\"thumbnailUrl\":\"https:\/\/talkpal.ai\/wp-content\/uploads\/2023\/05\/Urdu-pakistan.png\",\"datePublished\":\"2023-05-14T14:22:39+00:00\",\"dateModified\":\"2025-12-11T16:20:47+00:00\",\"description\":\"Descubra a beleza da gram\u00e1tica urdu. Explore seus aspectos exclusivos, seu roteiro e como ele se conecta \u00e0 cultura e \u00e0 hist\u00f3ria.\",\"breadcrumb\":{\"@id\":\"https:\/\/talkpal.ai\/pt-br\/gramatica-urdu\/#breadcrumb\"},\"inLanguage\":\"pt-BR\",\"potentialAction\":[{\"@type\":\"ReadAction\",\"target\":[\"https:\/\/talkpal.ai\/pt-br\/gramatica-urdu\/\"]}]},{\"@type\":\"ImageObject\",\"inLanguage\":\"pt-BR\",\"@id\":\"https:\/\/talkpal.ai\/pt-br\/gramatica-urdu\/#primaryimage\",\"url\":\"https:\/\/talkpal.ai\/wp-content\/uploads\/2023\/05\/Urdu-pakistan.png\",\"contentUrl\":\"https:\/\/talkpal.ai\/wp-content\/uploads\/2023\/05\/Urdu-pakistan.png\",\"width\":512,\"height\":512},{\"@type\":\"BreadcrumbList\",\"@id\":\"https:\/\/talkpal.ai\/pt-br\/gramatica-urdu\/#breadcrumb\",\"itemListElement\":[{\"@type\":\"ListItem\",\"position\":1,\"name\":\"Homepage\",\"item\":\"https:\/\/talkpal.ai\/pt-br\/\"},{\"@type\":\"ListItem\",\"position\":2,\"name\":\"Gram\u00e1tica Urdu\"}]},{\"@type\":\"WebSite\",\"@id\":\"https:\/\/talkpal.ai\/pt-br\/#website\",\"url\":\"https:\/\/talkpal.ai\/pt-br\/\",\"name\":\"Talkpal\",\"description\":\"AI Language Learning\",\"publisher\":{\"@id\":\"https:\/\/talkpal.ai\/pt-br\/#organization\"},\"alternateName\":\"Talkpal AI\",\"potentialAction\":[{\"@type\":\"SearchAction\",\"target\":{\"@type\":\"EntryPoint\",\"urlTemplate\":\"https:\/\/talkpal.ai\/pt-br\/?s={search_term_string}\"},\"query-input\":{\"@type\":\"PropertyValueSpecification\",\"valueRequired\":true,\"valueName\":\"search_term_string\"}}],\"inLanguage\":\"pt-BR\"},{\"@type\":\"Organization\",\"@id\":\"https:\/\/talkpal.ai\/pt-br\/#organization\",\"name\":\"Talkpal, Inc.\",\"alternateName\":\"Talkpal AI\",\"url\":\"https:\/\/talkpal.ai\/pt-br\/\",\"logo\":{\"@type\":\"ImageObject\",\"inLanguage\":\"pt-BR\",\"@id\":\"https:\/\/talkpal.ai\/pt-br\/#\/schema\/logo\/image\/\",\"url\":\"https:\/\/talkpal.ai\/wp-content\/uploads\/2024\/03\/Talkpal-Logo-Icon.png\",\"contentUrl\":\"https:\/\/talkpal.ai\/wp-content\/uploads\/2024\/03\/Talkpal-Logo-Icon.png\",\"width\":2880,\"height\":2880,\"caption\":\"Talkpal, Inc.\"},\"image\":{\"@id\":\"https:\/\/talkpal.ai\/pt-br\/#\/schema\/logo\/image\/\"},\"sameAs\":[\"https:\/\/www.facebook.com\/profile.php?id=100090733639311\",\"https:\/\/x.com\/talkpalai\",\"https:\/\/www.linkedin.com\/company\/talkpal\/\",\"https:\/\/www.youtube.com\/@TalkPal\/\",\"https:\/\/www.tiktok.com\/@talkpal\",\"https:\/\/www.instagram.com\/talkpal_ai\/\",\"https:\/\/www.crunchbase.com\/organization\/talkpal-9cde\",\"https:\/\/www.g2.com\/products\/talkpal-for-business\/\",\"https:\/\/www.trustpilot.com\/review\/talkpal.ai\",\"https:\/\/www.capterra.com\/p\/10006800\/TalkPal\/\"],\"description\":\"Talkpal is a language learning web and mobile education app, powered by the latest AI technologies, that provides engaging experiences to its customers in many different languages to help them improve their language skills. Users can chat about unlimited amount of topics with the app and use other modes to practice their language learning.\",\"email\":\"support@talkpal.ai\",\"legalName\":\"Talkpal, Inc.\",\"foundingDate\":\"2023-04-03\",\"duns\":\"118989042\",\"numberOfEmployees\":{\"@type\":\"QuantitativeValue\",\"minValue\":\"11\",\"maxValue\":\"50\"},\"publishingPrinciples\":\"https:\/\/talkpal.ai\/publishing-principles\/\",\"actionableFeedbackPolicy\":\"https:\/\/talkpal.ai\/actionable-feedback-policy\/\",\"correctionsPolicy\":\"https:\/\/talkpal.ai\/corrections-policy\/\",\"ethicsPolicy\":\"https:\/\/talkpal.ai\/ethics-policy\/\",\"diversityPolicy\":\"https:\/\/talkpal.ai\/diversity-policy\/\",\"diversityStaffingReport\":\"https:\/\/talkpal.ai\/diversity-policy\/\"}]}<\/script>\n<!-- \/ Yoast SEO Premium plugin. -->","yoast_head_json":{"title":"Gram\u00e1tica Urdu - Talkpal","description":"Descubra a beleza da gram\u00e1tica urdu. Explore seus aspectos exclusivos, seu roteiro e como ele se conecta \u00e0 cultura e \u00e0 hist\u00f3ria.","robots":{"index":"index","follow":"follow","max-snippet":"max-snippet:-1","max-image-preview":"max-image-preview:large","max-video-preview":"max-video-preview:-1"},"canonical":"https:\/\/talkpal.ai\/pt-br\/gramatica-urdu\/","og_locale":"pt_BR","og_type":"article","og_title":"Gram\u00e1tica Urdu","og_description":"Gram\u00e1tica Urdu: Explorando a Beleza e os Meandros da L\u00edngua Indo-Ariana Entusiastas da l\u00edngua e aprendizes curiosos, voc\u00ea est\u00e1 pronto para mergulhar no","og_url":"https:\/\/talkpal.ai\/pt-br\/gramatica-urdu\/","og_site_name":"Talkpal","article_publisher":"https:\/\/www.facebook.com\/profile.php?id=100090733639311","article_modified_time":"2025-12-11T16:20:47+00:00","og_image":[{"width":512,"height":512,"url":"https:\/\/talkpal.ai\/wp-content\/uploads\/2023\/05\/Urdu-pakistan.png","type":"image\/png"}],"twitter_card":"summary_large_image","twitter_site":"@talkpalai","twitter_misc":{"Est. tempo de leitura":"3 minutos"},"schema":{"@context":"https:\/\/schema.org","@graph":[{"@type":"WebPage","@id":"https:\/\/talkpal.ai\/pt-br\/gramatica-urdu\/","url":"https:\/\/talkpal.ai\/pt-br\/gramatica-urdu\/","name":"Gram\u00e1tica Urdu - Talkpal","isPartOf":{"@id":"https:\/\/talkpal.ai\/pt-br\/#website"},"primaryImageOfPage":{"@id":"https:\/\/talkpal.ai\/pt-br\/gramatica-urdu\/#primaryimage"},"image":{"@id":"https:\/\/talkpal.ai\/pt-br\/gramatica-urdu\/#primaryimage"},"thumbnailUrl":"https:\/\/talkpal.ai\/wp-content\/uploads\/2023\/05\/Urdu-pakistan.png","datePublished":"2023-05-14T14:22:39+00:00","dateModified":"2025-12-11T16:20:47+00:00","description":"Descubra a beleza da gram\u00e1tica urdu. Explore seus aspectos exclusivos, seu roteiro e como ele se conecta \u00e0 cultura e \u00e0 hist\u00f3ria.","breadcrumb":{"@id":"https:\/\/talkpal.ai\/pt-br\/gramatica-urdu\/#breadcrumb"},"inLanguage":"pt-BR","potentialAction":[{"@type":"ReadAction","target":["https:\/\/talkpal.ai\/pt-br\/gramatica-urdu\/"]}]},{"@type":"ImageObject","inLanguage":"pt-BR","@id":"https:\/\/talkpal.ai\/pt-br\/gramatica-urdu\/#primaryimage","url":"https:\/\/talkpal.ai\/wp-content\/uploads\/2023\/05\/Urdu-pakistan.png","contentUrl":"https:\/\/talkpal.ai\/wp-content\/uploads\/2023\/05\/Urdu-pakistan.png","width":512,"height":512},{"@type":"BreadcrumbList","@id":"https:\/\/talkpal.ai\/pt-br\/gramatica-urdu\/#breadcrumb","itemListElement":[{"@type":"ListItem","position":1,"name":"Homepage","item":"https:\/\/talkpal.ai\/pt-br\/"},{"@type":"ListItem","position":2,"name":"Gram\u00e1tica Urdu"}]},{"@type":"WebSite","@id":"https:\/\/talkpal.ai\/pt-br\/#website","url":"https:\/\/talkpal.ai\/pt-br\/","name":"Talkpal","description":"AI Language Learning","publisher":{"@id":"https:\/\/talkpal.ai\/pt-br\/#organization"},"alternateName":"Talkpal AI","potentialAction":[{"@type":"SearchAction","target":{"@type":"EntryPoint","urlTemplate":"https:\/\/talkpal.ai\/pt-br\/?s={search_term_string}"},"query-input":{"@type":"PropertyValueSpecification","valueRequired":true,"valueName":"search_term_string"}}],"inLanguage":"pt-BR"},{"@type":"Organization","@id":"https:\/\/talkpal.ai\/pt-br\/#organization","name":"Talkpal, Inc.","alternateName":"Talkpal AI","url":"https:\/\/talkpal.ai\/pt-br\/","logo":{"@type":"ImageObject","inLanguage":"pt-BR","@id":"https:\/\/talkpal.ai\/pt-br\/#\/schema\/logo\/image\/","url":"https:\/\/talkpal.ai\/wp-content\/uploads\/2024\/03\/Talkpal-Logo-Icon.png","contentUrl":"https:\/\/talkpal.ai\/wp-content\/uploads\/2024\/03\/Talkpal-Logo-Icon.png","width":2880,"height":2880,"caption":"Talkpal, Inc."},"image":{"@id":"https:\/\/talkpal.ai\/pt-br\/#\/schema\/logo\/image\/"},"sameAs":["https:\/\/www.facebook.com\/profile.php?id=100090733639311","https:\/\/x.com\/talkpalai","https:\/\/www.linkedin.com\/company\/talkpal\/","https:\/\/www.youtube.com\/@TalkPal\/","https:\/\/www.tiktok.com\/@talkpal","https:\/\/www.instagram.com\/talkpal_ai\/","https:\/\/www.crunchbase.com\/organization\/talkpal-9cde","https:\/\/www.g2.com\/products\/talkpal-for-business\/","https:\/\/www.trustpilot.com\/review\/talkpal.ai","https:\/\/www.capterra.com\/p\/10006800\/TalkPal\/"],"description":"Talkpal is a language learning web and mobile education app, powered by the latest AI technologies, that provides engaging experiences to its customers in many different languages to help them improve their language skills. Users can chat about unlimited amount of topics with the app and use other modes to practice their language learning.","email":"support@talkpal.ai","legalName":"Talkpal, Inc.","foundingDate":"2023-04-03","duns":"118989042","numberOfEmployees":{"@type":"QuantitativeValue","minValue":"11","maxValue":"50"},"publishingPrinciples":"https:\/\/talkpal.ai\/publishing-principles\/","actionableFeedbackPolicy":"https:\/\/talkpal.ai\/actionable-feedback-policy\/","correctionsPolicy":"https:\/\/talkpal.ai\/corrections-policy\/","ethicsPolicy":"https:\/\/talkpal.ai\/ethics-policy\/","diversityPolicy":"https:\/\/talkpal.ai\/diversity-policy\/","diversityStaffingReport":"https:\/\/talkpal.ai\/diversity-policy\/"}]}},"_links":{"self":[{"href":"https:\/\/talkpal.ai\/pt-br\/wp-json\/wp\/v2\/pages\/152186","targetHints":{"allow":["GET"]}}],"collection":[{"href":"https:\/\/talkpal.ai\/pt-br\/wp-json\/wp\/v2\/pages"}],"about":[{"href":"https:\/\/talkpal.ai\/pt-br\/wp-json\/wp\/v2\/types\/page"}],"author":[{"embeddable":true,"href":"https:\/\/talkpal.ai\/pt-br\/wp-json\/wp\/v2\/users\/1"}],"replies":[{"embeddable":true,"href":"https:\/\/talkpal.ai\/pt-br\/wp-json\/wp\/v2\/comments?post=152186"}],"version-history":[{"count":0,"href":"https:\/\/talkpal.ai\/pt-br\/wp-json\/wp\/v2\/pages\/152186\/revisions"}],"wp:featuredmedia":[{"embeddable":true,"href":"https:\/\/talkpal.ai\/pt-br\/wp-json\/wp\/v2\/media\/121290"}],"wp:attachment":[{"href":"https:\/\/talkpal.ai\/pt-br\/wp-json\/wp\/v2\/media?parent=152186"}],"curies":[{"name":"wp","href":"https:\/\/api.w.org\/{rel}","templated":true}]}}