{"id":150161,"date":"2023-05-14T14:19:49","date_gmt":"2023-05-14T14:19:49","guid":{"rendered":"http:\/\/talkpal.ai\/gramatica-eslovaca\/"},"modified":"2025-12-12T11:10:09","modified_gmt":"2025-12-12T11:10:09","slug":"gramatica-eslovaca","status":"publish","type":"page","link":"https:\/\/talkpal.ai\/pt-br\/gramatica-eslovaca\/","title":{"rendered":"Gram\u00e1tica Eslovaca"},"content":{"rendered":"\r\n\r\n\r\n<section class=\"languageChallengeSection\">\r\n    <div class=\"languageInfoWrapper\">\r\n        \r\n        <h1>Gram\u00e1tica Eslovaca<\/h1>\r\n        <p>Descubra a beleza da l\u00edngua eslovaca aprendendo suas regras gramaticais fundamentais. Entender a <a href=\"https:\/\/talkpal.ai\/es\/gramatica-eslovaca\/\">gram\u00e1tica eslovaca<\/a> ajudar\u00e1 voc\u00ea a se comunicar com confian\u00e7a e a se conectar mais profundamente com as ricas tradi\u00e7\u00f5es da Eslov\u00e1quia. Comece sua jornada hoje e d\u00ea o primeiro passo para dominar o <a href=\"https:\/\/talkpal.ai\/learn-slovak\/\">eslovaco<\/a>!\n\n<\/p>\r\n\r\n                            <a class=\"getStartedHidden\" href=\"https:\/\/app.talkpal.ai\/pt-br\/signup?lng=\">Come\u00e7a<\/a>\r\n        \r\n    <\/div>\r\n\r\n    <figure>\r\n    <img decoding=\"async\" width=\"768\" height=\"768\" src=\"https:\/\/talkpal.ai\/wp-content\/uploads\/2023\/06\/slovak-768x768.png\" class=\"languageImage no-lazy\" alt=\"Language learning for cross-cultural competence\" fetchpriority=\"high\" sizes=\"(max-width: 768px) 150px, 768px\" srcset=\"https:\/\/talkpal.ai\/wp-content\/uploads\/2023\/06\/slovak-768x768.png 768w, https:\/\/talkpal.ai\/wp-content\/uploads\/2023\/06\/slovak-300x300.png 300w\" \/>\r\n    \r\n\r\n    <\/figure>\r\n\r\n            <a class=\"getStartedVisible\" href=\"https:\/\/app.talkpal.ai\/pt-br\/signup?lng=\">Come\u00e7a<\/a>\r\n    \r\n<\/section>\r\n<section class=\"promotionalBanner\">\r\n    <p class=\"promotionalText\">A maneira mais eficiente de aprender um idioma<\/p>\r\n    <a class=\"promotionalLink\" href=\"https:\/\/app.talkpal.ai\/pt-br\/signup?lng=\">Experimente o Talkpal gratuitamente<\/a>\r\n<\/section>\n<div class=\"wp-block-group pageContainerStyle\"><div class=\"wp-block-group__inner-container is-layout-constrained wp-block-group-is-layout-constrained\">\n<h2 class=\"wp-block-heading\" id=\"h-slovak-grammar-the-key-to-unlocking-a-beautiful-language\">Gram\u00e1tica eslovaca: a chave para desbloquear uma l\u00edngua bonita<\/h2>\n\n\n\n<p>Voc\u00ea est\u00e1 planejando <a href=\"https:\/\/talkpal.ai\/pt-pt\/aprender-eslovaco\/\">aprender eslovaco<\/a> ou apenas curioso sobre sua gram\u00e1tica \u00fanica? Voc\u00ea est\u00e1 no lugar certo! A <a href=\"https:\/\/talkpal.ai\/es\/gramatica-eslovaca\/\">gram\u00e1tica eslovaca<\/a> pode parecer intimidadora \u00e0 primeira <a href=\"https:\/\/talkpal.ai\/locations\/language-courses-in-vista\/\">vista<\/a>, mas n\u00e3o se preocupe &#8211; ela \u00e9, na verdade, bastante l\u00f3gica e f\u00e1cil de lidar. Neste artigo, exploraremos os pr\u00f3s e contras da gram\u00e1tica eslovaca para ajudar voc\u00ea a entender <a href=\"https:\/\/talkpal.ai\/es\/la-mejor-aplicacion-de-conversacion-con-ia\/\">melhor<\/a> e apreciar sua beleza.<\/p>\n\n\n\n<p>Primeiro, vamos come\u00e7ar com um pequeno hist\u00f3rico. O eslovaco \u00e9 uma l\u00edngua eslava ocidental falada principalmente na Eslov\u00e1quia, mas voc\u00ea tamb\u00e9m pode encontrar falantes nos pa\u00edses vizinhos. <a href=\"https:\/\/talkpal.ai\/locations\/language-courses-in-como\/\">Como<\/a> l\u00edngua eslava, compartilha muitas semelhan\u00e7as com outras l\u00ednguas da regi\u00e3o, <a href=\"https:\/\/talkpal.ai\/locations\/language-courses-in-como\/\">como<\/a> o <a href=\"https:\/\/talkpal.ai\/learn-czech\/\">tcheco<\/a> e o <a href=\"https:\/\/talkpal.ai\/learn-polish\/\">polon\u00eas<\/a>. No entanto, ele tem suas pr\u00f3prias regras gramaticais distintas e padr\u00f5es de uso que o diferenciam.<\/p>\n\n\n\n<p>Agora, vamos nos aprofundar em alguns dos aspectos mais importantes da gram\u00e1tica eslovaca.<\/p>\n\n\n\n<h3 class=\"wp-block-heading\" id=\"h-1-nouns-and-their-cases\">1. Substantivos e seus casos<\/h3>\n\n\n\n<p>Uma das caracter\u00edsticas mais marcantes da gram\u00e1tica eslovaca \u00e9 o seu complexo sistema de casos. Se voc\u00ea conhece o alem\u00e3o ou o russo, saber\u00e1 do que estamos falando: Os substantivos eslovacos mudam de forma dependendo de sua fun\u00e7\u00e3o em uma frase. Com sete casos (nominativo, genitivo, dativo, acusativo, locativo, instrumental e vocativo), isso pode parecer muito dif\u00edcil no in\u00edcio, mas n\u00e3o desista! Depois que voc\u00ea pega o jeito, \u00e9 incrivelmente l\u00f3gico e at\u00e9 divertido.<\/p>\n\n\n\n<p>Tome como exemplo o substantivo &#8220;chlapec&#8221; (menino). Ele pode mudar para &#8220;chlapca&#8221;, &#8220;chlapcovi&#8221;, &#8220;chlapcom&#8221; e assim por diante, dependendo de ser o sujeito, o objeto ou o destinat\u00e1rio de uma a\u00e7\u00e3o. As termina\u00e7\u00f5es tamb\u00e9m dependem do g\u00eanero do substantivo (masculino, feminino ou neutro), o que d\u00e1 ainda mais variedade ao idioma.<\/p>\n\n\n\n<h3 class=\"wp-block-heading\" id=\"h-2-verb-conjugation-and-tenses\">2. Conjuga\u00e7\u00e3o de verbos e tempos<\/h3>\n\n\n\n<p>Os verbos eslovacos mudam suas termina\u00e7\u00f5es com base na pessoa e no n\u00famero (singular ou plural) do sujeito. Por exemplo, o verbo &#8220;vidie\u0165&#8221; (ver) pode se tornar &#8220;vid\u00edm&#8221; (eu vejo), &#8220;vid\u00ed\u0161&#8221; (voc\u00ea v\u00ea), &#8220;vidia&#8221; (eles veem), entre outros.<\/p>\n\n\n\n<p>O eslovaco tem tr\u00eas tempos principais: passado, presente e futuro. O interessante \u00e9 que, ao contr\u00e1rio do ingl\u00eas, o eslovaco normalmente n\u00e3o usa verbos auxiliares para formar esses tempos. Em vez disso, eles s\u00e3o formados pela mudan\u00e7a das termina\u00e7\u00f5es verbais. Por exemplo, &#8220;I see&#8221; \u00e9 &#8220;vid\u00edm&#8221;, &#8220;I saw&#8221; \u00e9 &#8220;videl som&#8221; e &#8220;I will see&#8221; \u00e9 &#8220;uvid\u00edm&#8221;.<\/p>\n\n\n\n<h3 class=\"wp-block-heading\" id=\"h-3-sentence-structure-and-word-order\">3. Estrutura das frases e ordem das palavras<\/h3>\n\n\n\n<p>O eslovaco tem uma ordem de palavras relativamente flex\u00edvel, gra\u00e7as ao seu sistema de conjuga\u00e7\u00e3o de mai\u00fasculas e min\u00fasculas. Isso significa que, diferentemente do ingl\u00eas, voc\u00ea pode colocar palavras em posi\u00e7\u00f5es diferentes dentro de uma frase sem alterar seu significado &#8211; por exemplo, &#8220;chlapec vid\u00ed psa&#8221; (o menino v\u00ea o cachorro) tamb\u00e9m pode ser &#8220;psa vid\u00ed chlapec&#8221; e ainda ter o mesmo significado.<\/p>\n\n\n\n<p>Dito isso, a ordem de palavras mais comum em eslovaco \u00e9 sujeito-verbo-objeto ou SVO. Isso \u00e9 semelhante ao ingl\u00eas e \u00e9 um \u00f3timo ponto de partida para os alunos. \u00c0 medida que voc\u00ea se torna mais confort\u00e1vel com o idioma, voc\u00ea pode experimentar diferentes ordens de palavras para adicionar \u00eanfase ou nuance \u00e0s suas frases.<\/p>\n\n\n\n<h3 class=\"wp-block-heading\" id=\"h-4-adjectives-and-adverbs\">4. Adjetivos e adv\u00e9rbios<\/h3>\n\n\n\n<p>Assim como em muitas outras l\u00ednguas, adjetivos e adv\u00e9rbios em eslovaco s\u00e3o usados para descrever substantivos e verbos. No entanto, eles tamb\u00e9m v\u00eam com seu pr\u00f3prio acordo de caso e regras de acordo de g\u00eanero, o que pode tornar as coisas um pouco mais complicadas. Felizmente, uma vez que voc\u00ea domine os casos substantivos e conjuga\u00e7\u00f5es verbais, essas regras vir\u00e3o mais naturalmente.<\/p>\n\n\n\n<p>Ent\u00e3o, voc\u00ea est\u00e1 pronto para enfrentar a gram\u00e1tica eslovaca? Com a mentalidade e os recursos certos, aprender eslovaco \u00e9 uma experi\u00eancia gratificante que pode abrir portas para uma cultura rica e um belo pa\u00eds. Fa\u00e7a isso passo a passo, pratique regularmente e n\u00e3o tenha medo de cometer erros &#8211; afinal, \u00e9 assim que todos n\u00f3s aprendemos. Ve\u013ea \u0161\u0165astia! (Boa sorte!)<\/p>\n<\/div><\/div>\n\r\n<section class=\"learnNavigationSection\">\r\n            \r\n        <a href=\"https:\/\/talkpal.ai\/pt-br\/aprenda-eslovaco\/\">\r\n            <div class=\"learnNavigationWrapper\">\r\n                <div class=\"learnNavigationContent\">\r\n                    <img decoding=\"async\" src=\"https:\/\/talkpal.ai\/wp-content\/uploads\/2024\/08\/Slovak.jpg\" alt=\"Slovak Flag\">\r\n                    <div>\r\n                        <h4>Sobre o Slovak Learning<\/h4>\r\n                        <p>Saiba tudo sobre a gram\u00e1tica eslovaca .<\/p>\r\n                    <\/div>\r\n                <\/div>\r\n            <\/div>\r\n        <\/a>\r\n\r\n        \r\n        <a href=\"https:\/\/talkpal.ai\/pt-br\/exercicios-de-gramatica-eslovaca\/\">\r\n            <div class=\"learnNavigationWrapper\">\r\n                <div class=\"learnNavigationContent\">\r\n                    <img decoding=\"async\" src=\"https:\/\/talkpal.ai\/wp-content\/uploads\/2024\/08\/Slovak.jpg\" alt=\"Slovak Flag\">\r\n                    <div>\r\n                        <h4>Exerc\u00edcio de gram\u00e1tica eslovaca<\/h4>\r\n                        <p>Pratique a gram\u00e1tica eslovaca .<\/p>\r\n                    <\/div>\r\n                <\/div>\r\n            <\/div>\r\n        <\/a>\r\n\r\n        \r\n        <a href=\"https:\/\/talkpal.ai\/vocabulary_language\/slovak\/\">\r\n            <div class=\"learnNavigationWrapper\">\r\n                <div class=\"learnNavigationContent\">\r\n                    <img decoding=\"async\" src=\"https:\/\/talkpal.ai\/wp-content\/uploads\/2024\/08\/Slovak.jpg\" alt=\"Slovak Flag\">\r\n                    <div>\r\n                        <h4>Vocabul\u00e1rio eslovaco<\/h4>\r\n                        <p>Amplie seu vocabul\u00e1rio eslovaco.<\/p>\r\n                    <\/div>\r\n                <\/div>\r\n            <\/div>\r\n        <\/a>\r\n\r\n            <\/section>","protected":false},"excerpt":{"rendered":"<p>Gram\u00e1tica eslovaca: a chave para desbloquear uma l\u00edngua bonita Voc\u00ea est\u00e1 planejando aprender eslovaco ou apenas curioso sobre sua gram\u00e1tica \u00fanica? Voc\u00ea est\u00e1 no lugar certo! A gram\u00e1tica eslovaca pode parecer intimidadora \u00e0 primeira vista, mas n\u00e3o se preocupe &#8211; ela \u00e9, na verdade, bastante l\u00f3gica e f\u00e1cil de lidar. Neste artigo, exploraremos os pr\u00f3s [&hellip;]<\/p>\n","protected":false},"author":1,"featured_media":118538,"parent":0,"menu_order":0,"comment_status":"closed","ping_status":"closed","template":"LearningContentPage.php","meta":{"_acf_changed":false,"footnotes":""},"class_list":["post-150161","page","type-page","status-publish","has-post-thumbnail","hentry"],"acf":[],"yoast_head":"<!-- This site is optimized with the Yoast SEO Premium plugin v27.2 (Yoast SEO v27.2) - https:\/\/yoast.com\/product\/yoast-seo-premium-wordpress\/ -->\n<title>Gram\u00e1tica Eslovaca - Talkpal<\/title>\n<meta name=\"description\" content=\"Domine a gram\u00e1tica eslovaca com explica\u00e7\u00f5es claras, exemplos pr\u00e1ticos e exerc\u00edcios interativos. Aprimore suas habilidades!\" \/>\n<meta name=\"robots\" content=\"index, follow, max-snippet:-1, max-image-preview:large, max-video-preview:-1\" \/>\n<link rel=\"canonical\" href=\"https:\/\/talkpal.ai\/pt-br\/gramatica-eslovaca\/\" \/>\n<meta property=\"og:locale\" content=\"pt_BR\" \/>\n<meta property=\"og:type\" content=\"article\" \/>\n<meta property=\"og:title\" content=\"Gram\u00e1tica Eslovaca\" \/>\n<meta property=\"og:description\" content=\"Gram\u00e1tica eslovaca: a chave para desbloquear uma l\u00edngua bonita Voc\u00ea est\u00e1 planejando aprender eslovaco ou apenas curioso sobre sua gram\u00e1tica \u00fanica? Voc\u00ea\" \/>\n<meta property=\"og:url\" content=\"https:\/\/talkpal.ai\/pt-br\/gramatica-eslovaca\/\" \/>\n<meta property=\"og:site_name\" content=\"Talkpal\" \/>\n<meta property=\"article:publisher\" content=\"https:\/\/www.facebook.com\/profile.php?id=100090733639311\" \/>\n<meta property=\"article:modified_time\" content=\"2025-12-12T11:10:09+00:00\" \/>\n<meta property=\"og:image\" content=\"https:\/\/talkpal.ai\/wp-content\/uploads\/2023\/05\/slovakia.png\" \/>\n\t<meta property=\"og:image:width\" content=\"512\" \/>\n\t<meta property=\"og:image:height\" content=\"512\" \/>\n\t<meta property=\"og:image:type\" content=\"image\/png\" \/>\n<meta name=\"twitter:card\" content=\"summary_large_image\" \/>\n<meta name=\"twitter:site\" content=\"@talkpalai\" \/>\n<meta name=\"twitter:label1\" content=\"Est. tempo de leitura\" \/>\n\t<meta name=\"twitter:data1\" content=\"3 minutos\" \/>\n<script type=\"application\/ld+json\" class=\"yoast-schema-graph\">{\"@context\":\"https:\/\/schema.org\",\"@graph\":[{\"@type\":\"WebPage\",\"@id\":\"https:\/\/talkpal.ai\/pt-br\/gramatica-eslovaca\/\",\"url\":\"https:\/\/talkpal.ai\/pt-br\/gramatica-eslovaca\/\",\"name\":\"Gram\u00e1tica Eslovaca - Talkpal\",\"isPartOf\":{\"@id\":\"https:\/\/talkpal.ai\/pt-br\/#website\"},\"primaryImageOfPage\":{\"@id\":\"https:\/\/talkpal.ai\/pt-br\/gramatica-eslovaca\/#primaryimage\"},\"image\":{\"@id\":\"https:\/\/talkpal.ai\/pt-br\/gramatica-eslovaca\/#primaryimage\"},\"thumbnailUrl\":\"https:\/\/talkpal.ai\/wp-content\/uploads\/2023\/05\/slovakia.png\",\"datePublished\":\"2023-05-14T14:19:49+00:00\",\"dateModified\":\"2025-12-12T11:10:09+00:00\",\"description\":\"Domine a gram\u00e1tica eslovaca com explica\u00e7\u00f5es claras, exemplos pr\u00e1ticos e exerc\u00edcios interativos. Aprimore suas habilidades!\",\"breadcrumb\":{\"@id\":\"https:\/\/talkpal.ai\/pt-br\/gramatica-eslovaca\/#breadcrumb\"},\"inLanguage\":\"pt-BR\",\"potentialAction\":[{\"@type\":\"ReadAction\",\"target\":[\"https:\/\/talkpal.ai\/pt-br\/gramatica-eslovaca\/\"]}]},{\"@type\":\"ImageObject\",\"inLanguage\":\"pt-BR\",\"@id\":\"https:\/\/talkpal.ai\/pt-br\/gramatica-eslovaca\/#primaryimage\",\"url\":\"https:\/\/talkpal.ai\/wp-content\/uploads\/2023\/05\/slovakia.png\",\"contentUrl\":\"https:\/\/talkpal.ai\/wp-content\/uploads\/2023\/05\/slovakia.png\",\"width\":512,\"height\":512},{\"@type\":\"BreadcrumbList\",\"@id\":\"https:\/\/talkpal.ai\/pt-br\/gramatica-eslovaca\/#breadcrumb\",\"itemListElement\":[{\"@type\":\"ListItem\",\"position\":1,\"name\":\"Homepage\",\"item\":\"https:\/\/talkpal.ai\/pt-br\/\"},{\"@type\":\"ListItem\",\"position\":2,\"name\":\"Gram\u00e1tica Eslovaca\"}]},{\"@type\":\"WebSite\",\"@id\":\"https:\/\/talkpal.ai\/pt-br\/#website\",\"url\":\"https:\/\/talkpal.ai\/pt-br\/\",\"name\":\"Talkpal\",\"description\":\"AI Language Learning\",\"publisher\":{\"@id\":\"https:\/\/talkpal.ai\/pt-br\/#organization\"},\"alternateName\":\"Talkpal AI\",\"potentialAction\":[{\"@type\":\"SearchAction\",\"target\":{\"@type\":\"EntryPoint\",\"urlTemplate\":\"https:\/\/talkpal.ai\/pt-br\/?s={search_term_string}\"},\"query-input\":{\"@type\":\"PropertyValueSpecification\",\"valueRequired\":true,\"valueName\":\"search_term_string\"}}],\"inLanguage\":\"pt-BR\"},{\"@type\":\"Organization\",\"@id\":\"https:\/\/talkpal.ai\/pt-br\/#organization\",\"name\":\"Talkpal, Inc.\",\"alternateName\":\"Talkpal AI\",\"url\":\"https:\/\/talkpal.ai\/pt-br\/\",\"logo\":{\"@type\":\"ImageObject\",\"inLanguage\":\"pt-BR\",\"@id\":\"https:\/\/talkpal.ai\/pt-br\/#\/schema\/logo\/image\/\",\"url\":\"https:\/\/talkpal.ai\/wp-content\/uploads\/2024\/03\/Talkpal-Logo-Icon.png\",\"contentUrl\":\"https:\/\/talkpal.ai\/wp-content\/uploads\/2024\/03\/Talkpal-Logo-Icon.png\",\"width\":2880,\"height\":2880,\"caption\":\"Talkpal, Inc.\"},\"image\":{\"@id\":\"https:\/\/talkpal.ai\/pt-br\/#\/schema\/logo\/image\/\"},\"sameAs\":[\"https:\/\/www.facebook.com\/profile.php?id=100090733639311\",\"https:\/\/x.com\/talkpalai\",\"https:\/\/www.linkedin.com\/company\/talkpal\/\",\"https:\/\/www.youtube.com\/@TalkPal\/\",\"https:\/\/www.tiktok.com\/@talkpal\",\"https:\/\/www.instagram.com\/talkpal_ai\/\",\"https:\/\/www.crunchbase.com\/organization\/talkpal-9cde\",\"https:\/\/www.g2.com\/products\/talkpal-for-business\/\",\"https:\/\/www.trustpilot.com\/review\/talkpal.ai\",\"https:\/\/www.capterra.com\/p\/10006800\/TalkPal\/\"],\"description\":\"Talkpal is a language learning web and mobile education app, powered by the latest AI technologies, that provides engaging experiences to its customers in many different languages to help them improve their language skills. Users can chat about unlimited amount of topics with the app and use other modes to practice their language learning.\",\"email\":\"support@talkpal.ai\",\"legalName\":\"Talkpal, Inc.\",\"foundingDate\":\"2023-04-03\",\"duns\":\"118989042\",\"numberOfEmployees\":{\"@type\":\"QuantitativeValue\",\"minValue\":\"11\",\"maxValue\":\"50\"},\"publishingPrinciples\":\"https:\/\/talkpal.ai\/publishing-principles\/\",\"actionableFeedbackPolicy\":\"https:\/\/talkpal.ai\/actionable-feedback-policy\/\",\"correctionsPolicy\":\"https:\/\/talkpal.ai\/corrections-policy\/\",\"ethicsPolicy\":\"https:\/\/talkpal.ai\/ethics-policy\/\",\"diversityPolicy\":\"https:\/\/talkpal.ai\/diversity-policy\/\",\"diversityStaffingReport\":\"https:\/\/talkpal.ai\/diversity-policy\/\"}]}<\/script>\n<!-- \/ Yoast SEO Premium plugin. -->","yoast_head_json":{"title":"Gram\u00e1tica Eslovaca - Talkpal","description":"Domine a gram\u00e1tica eslovaca com explica\u00e7\u00f5es claras, exemplos pr\u00e1ticos e exerc\u00edcios interativos. Aprimore suas habilidades!","robots":{"index":"index","follow":"follow","max-snippet":"max-snippet:-1","max-image-preview":"max-image-preview:large","max-video-preview":"max-video-preview:-1"},"canonical":"https:\/\/talkpal.ai\/pt-br\/gramatica-eslovaca\/","og_locale":"pt_BR","og_type":"article","og_title":"Gram\u00e1tica Eslovaca","og_description":"Gram\u00e1tica eslovaca: a chave para desbloquear uma l\u00edngua bonita Voc\u00ea est\u00e1 planejando aprender eslovaco ou apenas curioso sobre sua gram\u00e1tica \u00fanica? Voc\u00ea","og_url":"https:\/\/talkpal.ai\/pt-br\/gramatica-eslovaca\/","og_site_name":"Talkpal","article_publisher":"https:\/\/www.facebook.com\/profile.php?id=100090733639311","article_modified_time":"2025-12-12T11:10:09+00:00","og_image":[{"width":512,"height":512,"url":"https:\/\/talkpal.ai\/wp-content\/uploads\/2023\/05\/slovakia.png","type":"image\/png"}],"twitter_card":"summary_large_image","twitter_site":"@talkpalai","twitter_misc":{"Est. tempo de leitura":"3 minutos"},"schema":{"@context":"https:\/\/schema.org","@graph":[{"@type":"WebPage","@id":"https:\/\/talkpal.ai\/pt-br\/gramatica-eslovaca\/","url":"https:\/\/talkpal.ai\/pt-br\/gramatica-eslovaca\/","name":"Gram\u00e1tica Eslovaca - Talkpal","isPartOf":{"@id":"https:\/\/talkpal.ai\/pt-br\/#website"},"primaryImageOfPage":{"@id":"https:\/\/talkpal.ai\/pt-br\/gramatica-eslovaca\/#primaryimage"},"image":{"@id":"https:\/\/talkpal.ai\/pt-br\/gramatica-eslovaca\/#primaryimage"},"thumbnailUrl":"https:\/\/talkpal.ai\/wp-content\/uploads\/2023\/05\/slovakia.png","datePublished":"2023-05-14T14:19:49+00:00","dateModified":"2025-12-12T11:10:09+00:00","description":"Domine a gram\u00e1tica eslovaca com explica\u00e7\u00f5es claras, exemplos pr\u00e1ticos e exerc\u00edcios interativos. Aprimore suas habilidades!","breadcrumb":{"@id":"https:\/\/talkpal.ai\/pt-br\/gramatica-eslovaca\/#breadcrumb"},"inLanguage":"pt-BR","potentialAction":[{"@type":"ReadAction","target":["https:\/\/talkpal.ai\/pt-br\/gramatica-eslovaca\/"]}]},{"@type":"ImageObject","inLanguage":"pt-BR","@id":"https:\/\/talkpal.ai\/pt-br\/gramatica-eslovaca\/#primaryimage","url":"https:\/\/talkpal.ai\/wp-content\/uploads\/2023\/05\/slovakia.png","contentUrl":"https:\/\/talkpal.ai\/wp-content\/uploads\/2023\/05\/slovakia.png","width":512,"height":512},{"@type":"BreadcrumbList","@id":"https:\/\/talkpal.ai\/pt-br\/gramatica-eslovaca\/#breadcrumb","itemListElement":[{"@type":"ListItem","position":1,"name":"Homepage","item":"https:\/\/talkpal.ai\/pt-br\/"},{"@type":"ListItem","position":2,"name":"Gram\u00e1tica Eslovaca"}]},{"@type":"WebSite","@id":"https:\/\/talkpal.ai\/pt-br\/#website","url":"https:\/\/talkpal.ai\/pt-br\/","name":"Talkpal","description":"AI Language Learning","publisher":{"@id":"https:\/\/talkpal.ai\/pt-br\/#organization"},"alternateName":"Talkpal AI","potentialAction":[{"@type":"SearchAction","target":{"@type":"EntryPoint","urlTemplate":"https:\/\/talkpal.ai\/pt-br\/?s={search_term_string}"},"query-input":{"@type":"PropertyValueSpecification","valueRequired":true,"valueName":"search_term_string"}}],"inLanguage":"pt-BR"},{"@type":"Organization","@id":"https:\/\/talkpal.ai\/pt-br\/#organization","name":"Talkpal, Inc.","alternateName":"Talkpal AI","url":"https:\/\/talkpal.ai\/pt-br\/","logo":{"@type":"ImageObject","inLanguage":"pt-BR","@id":"https:\/\/talkpal.ai\/pt-br\/#\/schema\/logo\/image\/","url":"https:\/\/talkpal.ai\/wp-content\/uploads\/2024\/03\/Talkpal-Logo-Icon.png","contentUrl":"https:\/\/talkpal.ai\/wp-content\/uploads\/2024\/03\/Talkpal-Logo-Icon.png","width":2880,"height":2880,"caption":"Talkpal, Inc."},"image":{"@id":"https:\/\/talkpal.ai\/pt-br\/#\/schema\/logo\/image\/"},"sameAs":["https:\/\/www.facebook.com\/profile.php?id=100090733639311","https:\/\/x.com\/talkpalai","https:\/\/www.linkedin.com\/company\/talkpal\/","https:\/\/www.youtube.com\/@TalkPal\/","https:\/\/www.tiktok.com\/@talkpal","https:\/\/www.instagram.com\/talkpal_ai\/","https:\/\/www.crunchbase.com\/organization\/talkpal-9cde","https:\/\/www.g2.com\/products\/talkpal-for-business\/","https:\/\/www.trustpilot.com\/review\/talkpal.ai","https:\/\/www.capterra.com\/p\/10006800\/TalkPal\/"],"description":"Talkpal is a language learning web and mobile education app, powered by the latest AI technologies, that provides engaging experiences to its customers in many different languages to help them improve their language skills. Users can chat about unlimited amount of topics with the app and use other modes to practice their language learning.","email":"support@talkpal.ai","legalName":"Talkpal, Inc.","foundingDate":"2023-04-03","duns":"118989042","numberOfEmployees":{"@type":"QuantitativeValue","minValue":"11","maxValue":"50"},"publishingPrinciples":"https:\/\/talkpal.ai\/publishing-principles\/","actionableFeedbackPolicy":"https:\/\/talkpal.ai\/actionable-feedback-policy\/","correctionsPolicy":"https:\/\/talkpal.ai\/corrections-policy\/","ethicsPolicy":"https:\/\/talkpal.ai\/ethics-policy\/","diversityPolicy":"https:\/\/talkpal.ai\/diversity-policy\/","diversityStaffingReport":"https:\/\/talkpal.ai\/diversity-policy\/"}]}},"_links":{"self":[{"href":"https:\/\/talkpal.ai\/pt-br\/wp-json\/wp\/v2\/pages\/150161","targetHints":{"allow":["GET"]}}],"collection":[{"href":"https:\/\/talkpal.ai\/pt-br\/wp-json\/wp\/v2\/pages"}],"about":[{"href":"https:\/\/talkpal.ai\/pt-br\/wp-json\/wp\/v2\/types\/page"}],"author":[{"embeddable":true,"href":"https:\/\/talkpal.ai\/pt-br\/wp-json\/wp\/v2\/users\/1"}],"replies":[{"embeddable":true,"href":"https:\/\/talkpal.ai\/pt-br\/wp-json\/wp\/v2\/comments?post=150161"}],"version-history":[{"count":0,"href":"https:\/\/talkpal.ai\/pt-br\/wp-json\/wp\/v2\/pages\/150161\/revisions"}],"wp:featuredmedia":[{"embeddable":true,"href":"https:\/\/talkpal.ai\/pt-br\/wp-json\/wp\/v2\/media\/118538"}],"wp:attachment":[{"href":"https:\/\/talkpal.ai\/pt-br\/wp-json\/wp\/v2\/media?parent=150161"}],"curies":[{"name":"wp","href":"https:\/\/api.w.org\/{rel}","templated":true}]}}