{"id":149776,"date":"2023-05-14T14:19:26","date_gmt":"2023-05-14T14:19:26","guid":{"rendered":"http:\/\/talkpal.ai\/gramatica-servia\/"},"modified":"2025-12-17T15:36:29","modified_gmt":"2025-12-17T15:36:29","slug":"gramatica-servia","status":"publish","type":"page","link":"https:\/\/talkpal.ai\/pt-br\/gramatica-servia\/","title":{"rendered":"Gram\u00e1tica s\u00e9rvia"},"content":{"rendered":"\r\n\r\n\r\n<section class=\"languageChallengeSection\">\r\n    <div class=\"languageInfoWrapper\">\r\n        \r\n        <h1>Gram\u00e1tica s\u00e9rvia<\/h1>\r\n        <p>Comece sua aventura no idioma russo e abra as portas para uma rica cultura e hist\u00f3ria. O dom\u00ednio da gram\u00e1tica e do vocabul\u00e1rio russo aumentar\u00e1 suas oportunidades de viagem, carreira e comunica\u00e7\u00e3o. Comece a aprender russo hoje mesmo e d\u00ea o primeiro passo rumo \u00e0 flu\u00eancia!\n\n<\/p>\r\n\r\n                            <a class=\"getStartedHidden\" href=\"https:\/\/app.talkpal.ai\/pt-br\/signup?lng=\">Come\u00e7a<\/a>\r\n        \r\n    <\/div>\r\n\r\n    <figure>\r\n    <img decoding=\"async\" width=\"768\" height=\"768\" src=\"https:\/\/talkpal.ai\/wp-content\/uploads\/2023\/06\/serbian-768x768.png\" class=\"languageImage no-lazy\" alt=\"Fast-track to fluency with language learning\" fetchpriority=\"high\" sizes=\"(max-width: 768px) 150px, 768px\" srcset=\"https:\/\/talkpal.ai\/wp-content\/uploads\/2023\/06\/serbian-768x768.png 768w, https:\/\/talkpal.ai\/wp-content\/uploads\/2023\/06\/serbian-300x300.png 300w\" \/>\r\n    \r\n\r\n    <\/figure>\r\n\r\n            <a class=\"getStartedVisible\" href=\"https:\/\/app.talkpal.ai\/pt-br\/signup?lng=\">Come\u00e7a<\/a>\r\n    \r\n<\/section>\r\n<section class=\"promotionalBanner\">\r\n    <p class=\"promotionalText\">A maneira mais eficiente de aprender um idioma<\/p>\r\n    <a class=\"promotionalLink\" href=\"https:\/\/app.talkpal.ai\/pt-br\/signup?lng=\">Experimente o Talkpal gratuitamente<\/a>\r\n<\/section>\n<div class=\"wp-block-group pageContainerStyle\"><div class=\"wp-block-group__inner-container is-layout-constrained wp-block-group-is-layout-constrained\">\n<h1 class=\"wp-block-heading\" id=\"h-serbian-grammar-unraveling-the-intricacies-of-the-south-slavic-language\">Gram\u00e1tica s\u00e9rvia: desvendando os meandros da l\u00edngua eslava meridional<\/h1>\n\n\n\n<p>Chamando todos os entusiastas da l\u00edngua e aficionados dos Balc\u00e3s! Voc\u00ea j\u00e1 pensou em mergulhar no mundo da <a href=\"https:\/\/talkpal.ai\/serbian-grammar\/\">gram\u00e1tica s\u00e9rvia<\/a>? O <a href=\"https:\/\/talkpal.ai\/learn-serbian\/\">s\u00e9rvio<\/a>, uma l\u00edngua eslava do sul, \u00e9 a l\u00edngua oficial da S\u00e9rvia e uma das l\u00ednguas oficiais da B\u00f3snia e Herzegovina. Com cerca de 9 milh\u00f5es de falantes nativos, esta l\u00edngua intrigante compartilha semelhan\u00e7as com <a href=\"https:\/\/talkpal.ai\/learn-croatian\/\">croata<\/a>, <a href=\"https:\/\/talkpal.ai\/learn-bosnian\/\">b\u00f3snio<\/a> e montenegrino, mas possui caracter\u00edsticas distintas que a diferenciam. Neste artigo, exploraremos os aspectos fascinantes da <a href=\"https:\/\/talkpal.ai\/serbian-grammar\/\">gram\u00e1tica s\u00e9rvia<\/a>.<\/p>\n\n\n\n<h3 class=\"wp-block-heading\" id=\"h-the-dual-alphabet-cyrillic-and-latin\">O Alfabeto Dual: Cir\u00edlico e Latim<\/h3>\n\n\n\n<p>Uma das primeiras coisas que voc\u00ea perceber\u00e1 sobre o s\u00e9rvio \u00e9 o uso de dois alfabetos: cir\u00edlico e latino. O alfabeto cir\u00edlico s\u00e9rvio, com 30 letras, foi padronizado pelo linguista Vuk Karad\u017ei\u0107 em 1818 e \u00e9 o alfabeto oficial do pa\u00eds. No entanto, o alfabeto latino, tamb\u00e9m composto por 30 letras, \u00e9 amplamente utilizado, especialmente para comunica\u00e7\u00e3o digital e contextos informais. O uso de dois alfabetos d\u00e1 ao s\u00e9rvio um car\u00e1ter \u00fanico e vers\u00e1til.<\/p>\n\n\n\n<h3 class=\"wp-block-heading\" id=\"h-the-building-blocks-nouns-pronouns-and-cases\">Os blocos de constru\u00e7\u00e3o: substantivos, pronomes e casos<\/h3>\n\n\n\n<p><a href=\"https:\/\/talkpal.ai\/locations\/language-courses-in-como\/\">Como<\/a> outras l\u00ednguas eslavas, a gram\u00e1tica s\u00e9rvia gira em torno da flex\u00e3o, onde as palavras mudam suas termina\u00e7\u00f5es de acordo com sua fun\u00e7\u00e3o gramatical. Isso \u00e9 mais evidente em substantivos, pronomes e adjetivos. S\u00e9rvio tem sete casos:<\/p>\n\n\n\n<p><strong>1. Nominativo &#8211; indica o sujeito de uma frase<\/strong><\/p>\n\n\n\n<p><strong>2. Genitivo &#8211; mostra posse, objeto de nega\u00e7\u00e3o ou significado partitivo<\/strong><\/p>\n\n\n\n<p><strong>3. Dativo &#8211; marca o objeto indireto<\/strong><\/p>\n\n\n\n<p><strong>4. Acusativo &#8211; significa o objeto direto<\/strong><\/p>\n\n\n\n<p><strong>5. Vocativo &#8211; usado para se dirigir ou chamar algu\u00e9m<\/strong><\/p>\n\n\n\n<p><strong>6. Instrumental &#8211; expressa os meios ou o m\u00e9todo de uma a\u00e7\u00e3o<\/strong><\/p>\n\n\n\n<p><strong>7. Locativo &#8211; especifica a localiza\u00e7\u00e3o ou o objeto de determinadas preposi\u00e7\u00f5es<\/strong><\/p>\n\n\n\n<p>Os substantivos s\u00e9rvios t\u00eam tr\u00eas g\u00eaneros (masculino, feminino e neutro) e dois n\u00fameros (singular e plural). As termina\u00e7\u00f5es espec\u00edficas para cada g\u00eanero e n\u00famero variam de acordo com o caso, portanto, \u00e9 essencial memorizar essas termina\u00e7\u00f5es para construir frases gramaticalmente precisas.<\/p>\n\n\n\n<h3 class=\"wp-block-heading\" id=\"h-get-moving-with-verbs-tenses-aspects-and-moods\">Mexa-se com verbos: tempos, aspectos e humores<\/h3>\n\n\n\n<p>Os verbos s\u00e9rvios exibem complexidades fascinantes com seus tempos (passado, <a href=\"https:\/\/talkpal.ai\/zh-hans\/grammar_exercises\/presente-%e8%a5%bf%e7%8f%ad%e7%89%99%e8%af%ad%e6%b3%95%e7%bb%83%e4%b9%a0\/\">presente<\/a> e <a href=\"https:\/\/talkpal.ai\/ja\/grammar_exercises\/futuro-%e3%82%b9%e3%83%9a%e3%82%a4%e3%83%b3%e8%aa%9e%e3%81%ae%e6%96%87%e6%b3%95%e3%81%ae%e6%bc%94%e7%bf%92\/\">futuro<\/a>), aspectos (perfectivo e imperfectivo) e humores (indicativos, imperativos e condicionais). O aspecto desempenha um papel significativo nos verbos s\u00e9rvios, pois transmite se uma a\u00e7\u00e3o \u00e9 <a href=\"https:\/\/talkpal.ai\/locations\/language-courses-in-vista\/\">vista<\/a> como completa (perfectiva) ou cont\u00ednua (imperfectiva). Muitos verbos v\u00eam em pares que indicam os diferentes aspectos, muitas vezes atrav\u00e9s do uso de prefixos ou sufixos espec\u00edficos.<\/p>\n\n\n\n<h3 class=\"wp-block-heading\" id=\"h-adjectives-adverbs-and-all-that-jazz\">Adjetivos, adv\u00e9rbios e todo aquele jazz<\/h3>\n\n\n\n<p>Os adjetivos s\u00e9rvios concordam com os substantivos que modificam em termos de g\u00eanero, n\u00famero e caso. Eles tamb\u00e9m t\u00eam formas comparativas e superlativas para expressar diferentes graus de qualidades. Al\u00e9m disso, os adv\u00e9rbios s\u00e3o frequentemente derivados de adjetivos e transmitem v\u00e1rios significados, como tempo, maneira, lugar e grau.<\/p>\n\n\n\n<p>A l\u00edngua s\u00e9rvia tamb\u00e9m possui uma s\u00e9rie de conjun\u00e7\u00f5es, preposi\u00e7\u00f5es, numerais e part\u00edculas que contribuem para a beleza da l\u00edngua e ajudam a criar frases complexas e significativas.<\/p>\n\n\n\n<h3 class=\"wp-block-heading\" id=\"h-embracing-the-world-of-serbian-grammar\">Abra\u00e7ando o mundo da gram\u00e1tica s\u00e9rvia<\/h3>\n\n\n\n<p>A gram\u00e1tica s\u00e9rvia pode parecer avassaladora \u00e0 primeira vista. No entanto, \u00e0 medida que voc\u00ea se aprofundar em seu rico cen\u00e1rio de casos, aspectos e peculiaridades lingu\u00edsticas, descobrir\u00e1 uma linguagem vibrante e expressiva. Aprender s\u00e9rvio n\u00e3o s\u00f3 ir\u00e1 agu\u00e7ar a sua compreens\u00e3o da fam\u00edlia de l\u00ednguas eslavas, mas tamb\u00e9m ajud\u00e1-lo a se conectar com uma hist\u00f3ria e cultura cativantes.<\/p>\n\n\n\n<p>Ent\u00e3o, por que n\u00e3o assumir o desafio de explorar mais a gram\u00e1tica s\u00e9rvia? Com persist\u00eancia e paix\u00e3o, voc\u00ea pode um dia se encontrar passeando pelas ruas de Belgrado, engajando-se em conversas animadas com os moradores locais em sua l\u00edngua nativa. Feliz aprendizado!<\/p>\n<\/div><\/div>\n\r\n<section class=\"learnNavigationSection\">\r\n            \r\n        <a href=\"https:\/\/talkpal.ai\/pt-br\/aprenda-servio\/\">\r\n            <div class=\"learnNavigationWrapper\">\r\n                <div class=\"learnNavigationContent\">\r\n                    <img decoding=\"async\" src=\"https:\/\/talkpal.ai\/wp-content\/uploads\/2024\/08\/Serbian.jpg\" alt=\"Serbian Flag\">\r\n                    <div>\r\n                        <h4>Sobre o Serbia Learning<\/h4>\r\n                        <p>Descubra tudo sobre a gram\u00e1tica da S\u00e9rvia.<\/p>\r\n                    <\/div>\r\n                <\/div>\r\n            <\/div>\r\n        <\/a>\r\n\r\n        \r\n        <a href=\"https:\/\/talkpal.ai\/pt-br\/exercicios-de-gramatica-servia\/\">\r\n            <div class=\"learnNavigationWrapper\">\r\n                <div class=\"learnNavigationContent\">\r\n                    <img decoding=\"async\" src=\"https:\/\/talkpal.ai\/wp-content\/uploads\/2024\/08\/Serbian.jpg\" alt=\"Serbian Flag\">\r\n                    <div>\r\n                        <h4>Exerc\u00edcio de gram\u00e1tica s\u00e9rvia<\/h4>\r\n                        <p>Pratique a gram\u00e1tica s\u00e9rvia.<\/p>\r\n                    <\/div>\r\n                <\/div>\r\n            <\/div>\r\n        <\/a>\r\n\r\n        \r\n        <a href=\"https:\/\/talkpal.ai\/vocabulary_language\/serbian\/\">\r\n            <div class=\"learnNavigationWrapper\">\r\n                <div class=\"learnNavigationContent\">\r\n                    <img decoding=\"async\" src=\"https:\/\/talkpal.ai\/wp-content\/uploads\/2024\/08\/Serbian.jpg\" alt=\"Serbian Flag\">\r\n                    <div>\r\n                        <h4>Vocabul\u00e1rio s\u00e9rvio<\/h4>\r\n                        <p>Amplie seu vocabul\u00e1rio s\u00e9rvio.<\/p>\r\n                    <\/div>\r\n                <\/div>\r\n            <\/div>\r\n        <\/a>\r\n\r\n            <\/section>","protected":false},"excerpt":{"rendered":"<p>Gram\u00e1tica s\u00e9rvia: desvendando os meandros da l\u00edngua eslava meridional Chamando todos os entusiastas da l\u00edngua e aficionados dos Balc\u00e3s! Voc\u00ea j\u00e1 pensou em mergulhar no mundo da gram\u00e1tica s\u00e9rvia? O s\u00e9rvio, uma l\u00edngua eslava do sul, \u00e9 a l\u00edngua oficial da S\u00e9rvia e uma das l\u00ednguas oficiais da B\u00f3snia e Herzegovina. Com cerca de 9 [&hellip;]<\/p>\n","protected":false},"author":1,"featured_media":118100,"parent":0,"menu_order":0,"comment_status":"closed","ping_status":"closed","template":"LearningContentPage.php","meta":{"_acf_changed":false,"footnotes":""},"class_list":["post-149776","page","type-page","status-publish","has-post-thumbnail","hentry"],"acf":[],"yoast_head":"<!-- This site is optimized with the Yoast SEO Premium plugin v27.2 (Yoast SEO v27.2) - https:\/\/yoast.com\/product\/yoast-seo-premium-wordpress\/ -->\n<title>Gram\u00e1tica s\u00e9rvia - Talkpal<\/title>\n<meta name=\"description\" content=\"Explore as complexidades da gram\u00e1tica s\u00e9rvia e descubra as caracter\u00edsticas \u00fanicas que a distinguem de outros idiomas dos B\u00e1lc\u00e3s.\" \/>\n<meta name=\"robots\" content=\"index, follow, max-snippet:-1, max-image-preview:large, max-video-preview:-1\" \/>\n<link rel=\"canonical\" href=\"https:\/\/talkpal.ai\/pt-br\/gramatica-servia\/\" \/>\n<meta property=\"og:locale\" content=\"pt_BR\" \/>\n<meta property=\"og:type\" content=\"article\" \/>\n<meta property=\"og:title\" content=\"Gram\u00e1tica s\u00e9rvia\" \/>\n<meta property=\"og:description\" content=\"Gram\u00e1tica s\u00e9rvia: desvendando os meandros da l\u00edngua eslava meridional Chamando todos os entusiastas da l\u00edngua e aficionados dos Balc\u00e3s! Voc\u00ea j\u00e1 pensou em\" \/>\n<meta property=\"og:url\" content=\"https:\/\/talkpal.ai\/pt-br\/gramatica-servia\/\" \/>\n<meta property=\"og:site_name\" content=\"Talkpal\" \/>\n<meta property=\"article:publisher\" content=\"https:\/\/www.facebook.com\/profile.php?id=100090733639311\" \/>\n<meta property=\"article:modified_time\" content=\"2025-12-17T15:36:29+00:00\" \/>\n<meta property=\"og:image\" content=\"https:\/\/talkpal.ai\/wp-content\/uploads\/2023\/05\/serbia.png\" \/>\n\t<meta property=\"og:image:width\" content=\"512\" \/>\n\t<meta property=\"og:image:height\" content=\"512\" \/>\n\t<meta property=\"og:image:type\" content=\"image\/png\" \/>\n<meta name=\"twitter:card\" content=\"summary_large_image\" \/>\n<meta name=\"twitter:site\" content=\"@talkpalai\" \/>\n<meta name=\"twitter:label1\" content=\"Est. tempo de leitura\" \/>\n\t<meta name=\"twitter:data1\" content=\"3 minutos\" \/>\n<script type=\"application\/ld+json\" class=\"yoast-schema-graph\">{\"@context\":\"https:\/\/schema.org\",\"@graph\":[{\"@type\":\"WebPage\",\"@id\":\"https:\/\/talkpal.ai\/pt-br\/gramatica-servia\/\",\"url\":\"https:\/\/talkpal.ai\/pt-br\/gramatica-servia\/\",\"name\":\"Gram\u00e1tica s\u00e9rvia - Talkpal\",\"isPartOf\":{\"@id\":\"https:\/\/talkpal.ai\/pt-br\/#website\"},\"primaryImageOfPage\":{\"@id\":\"https:\/\/talkpal.ai\/pt-br\/gramatica-servia\/#primaryimage\"},\"image\":{\"@id\":\"https:\/\/talkpal.ai\/pt-br\/gramatica-servia\/#primaryimage\"},\"thumbnailUrl\":\"https:\/\/talkpal.ai\/wp-content\/uploads\/2023\/05\/serbia.png\",\"datePublished\":\"2023-05-14T14:19:26+00:00\",\"dateModified\":\"2025-12-17T15:36:29+00:00\",\"description\":\"Explore as complexidades da gram\u00e1tica s\u00e9rvia e descubra as caracter\u00edsticas \u00fanicas que a distinguem de outros idiomas dos B\u00e1lc\u00e3s.\",\"breadcrumb\":{\"@id\":\"https:\/\/talkpal.ai\/pt-br\/gramatica-servia\/#breadcrumb\"},\"inLanguage\":\"pt-BR\",\"potentialAction\":[{\"@type\":\"ReadAction\",\"target\":[\"https:\/\/talkpal.ai\/pt-br\/gramatica-servia\/\"]}]},{\"@type\":\"ImageObject\",\"inLanguage\":\"pt-BR\",\"@id\":\"https:\/\/talkpal.ai\/pt-br\/gramatica-servia\/#primaryimage\",\"url\":\"https:\/\/talkpal.ai\/wp-content\/uploads\/2023\/05\/serbia.png\",\"contentUrl\":\"https:\/\/talkpal.ai\/wp-content\/uploads\/2023\/05\/serbia.png\",\"width\":512,\"height\":512},{\"@type\":\"BreadcrumbList\",\"@id\":\"https:\/\/talkpal.ai\/pt-br\/gramatica-servia\/#breadcrumb\",\"itemListElement\":[{\"@type\":\"ListItem\",\"position\":1,\"name\":\"Homepage\",\"item\":\"https:\/\/talkpal.ai\/pt-br\/\"},{\"@type\":\"ListItem\",\"position\":2,\"name\":\"Gram\u00e1tica s\u00e9rvia\"}]},{\"@type\":\"WebSite\",\"@id\":\"https:\/\/talkpal.ai\/pt-br\/#website\",\"url\":\"https:\/\/talkpal.ai\/pt-br\/\",\"name\":\"Talkpal\",\"description\":\"AI Language Learning\",\"publisher\":{\"@id\":\"https:\/\/talkpal.ai\/pt-br\/#organization\"},\"alternateName\":\"Talkpal AI\",\"potentialAction\":[{\"@type\":\"SearchAction\",\"target\":{\"@type\":\"EntryPoint\",\"urlTemplate\":\"https:\/\/talkpal.ai\/pt-br\/?s={search_term_string}\"},\"query-input\":{\"@type\":\"PropertyValueSpecification\",\"valueRequired\":true,\"valueName\":\"search_term_string\"}}],\"inLanguage\":\"pt-BR\"},{\"@type\":\"Organization\",\"@id\":\"https:\/\/talkpal.ai\/pt-br\/#organization\",\"name\":\"Talkpal, Inc.\",\"alternateName\":\"Talkpal AI\",\"url\":\"https:\/\/talkpal.ai\/pt-br\/\",\"logo\":{\"@type\":\"ImageObject\",\"inLanguage\":\"pt-BR\",\"@id\":\"https:\/\/talkpal.ai\/pt-br\/#\/schema\/logo\/image\/\",\"url\":\"https:\/\/talkpal.ai\/wp-content\/uploads\/2024\/03\/Talkpal-Logo-Icon.png\",\"contentUrl\":\"https:\/\/talkpal.ai\/wp-content\/uploads\/2024\/03\/Talkpal-Logo-Icon.png\",\"width\":2880,\"height\":2880,\"caption\":\"Talkpal, Inc.\"},\"image\":{\"@id\":\"https:\/\/talkpal.ai\/pt-br\/#\/schema\/logo\/image\/\"},\"sameAs\":[\"https:\/\/www.facebook.com\/profile.php?id=100090733639311\",\"https:\/\/x.com\/talkpalai\",\"https:\/\/www.linkedin.com\/company\/talkpal\/\",\"https:\/\/www.youtube.com\/@TalkPal\/\",\"https:\/\/www.tiktok.com\/@talkpal\",\"https:\/\/www.instagram.com\/talkpal_ai\/\",\"https:\/\/www.crunchbase.com\/organization\/talkpal-9cde\",\"https:\/\/www.g2.com\/products\/talkpal-for-business\/\",\"https:\/\/www.trustpilot.com\/review\/talkpal.ai\",\"https:\/\/www.capterra.com\/p\/10006800\/TalkPal\/\"],\"description\":\"Talkpal is a language learning web and mobile education app, powered by the latest AI technologies, that provides engaging experiences to its customers in many different languages to help them improve their language skills. Users can chat about unlimited amount of topics with the app and use other modes to practice their language learning.\",\"email\":\"support@talkpal.ai\",\"legalName\":\"Talkpal, Inc.\",\"foundingDate\":\"2023-04-03\",\"duns\":\"118989042\",\"numberOfEmployees\":{\"@type\":\"QuantitativeValue\",\"minValue\":\"11\",\"maxValue\":\"50\"},\"publishingPrinciples\":\"https:\/\/talkpal.ai\/publishing-principles\/\",\"actionableFeedbackPolicy\":\"https:\/\/talkpal.ai\/actionable-feedback-policy\/\",\"correctionsPolicy\":\"https:\/\/talkpal.ai\/corrections-policy\/\",\"ethicsPolicy\":\"https:\/\/talkpal.ai\/ethics-policy\/\",\"diversityPolicy\":\"https:\/\/talkpal.ai\/diversity-policy\/\",\"diversityStaffingReport\":\"https:\/\/talkpal.ai\/diversity-policy\/\"}]}<\/script>\n<!-- \/ Yoast SEO Premium plugin. -->","yoast_head_json":{"title":"Gram\u00e1tica s\u00e9rvia - Talkpal","description":"Explore as complexidades da gram\u00e1tica s\u00e9rvia e descubra as caracter\u00edsticas \u00fanicas que a distinguem de outros idiomas dos B\u00e1lc\u00e3s.","robots":{"index":"index","follow":"follow","max-snippet":"max-snippet:-1","max-image-preview":"max-image-preview:large","max-video-preview":"max-video-preview:-1"},"canonical":"https:\/\/talkpal.ai\/pt-br\/gramatica-servia\/","og_locale":"pt_BR","og_type":"article","og_title":"Gram\u00e1tica s\u00e9rvia","og_description":"Gram\u00e1tica s\u00e9rvia: desvendando os meandros da l\u00edngua eslava meridional Chamando todos os entusiastas da l\u00edngua e aficionados dos Balc\u00e3s! Voc\u00ea j\u00e1 pensou em","og_url":"https:\/\/talkpal.ai\/pt-br\/gramatica-servia\/","og_site_name":"Talkpal","article_publisher":"https:\/\/www.facebook.com\/profile.php?id=100090733639311","article_modified_time":"2025-12-17T15:36:29+00:00","og_image":[{"width":512,"height":512,"url":"https:\/\/talkpal.ai\/wp-content\/uploads\/2023\/05\/serbia.png","type":"image\/png"}],"twitter_card":"summary_large_image","twitter_site":"@talkpalai","twitter_misc":{"Est. tempo de leitura":"3 minutos"},"schema":{"@context":"https:\/\/schema.org","@graph":[{"@type":"WebPage","@id":"https:\/\/talkpal.ai\/pt-br\/gramatica-servia\/","url":"https:\/\/talkpal.ai\/pt-br\/gramatica-servia\/","name":"Gram\u00e1tica s\u00e9rvia - Talkpal","isPartOf":{"@id":"https:\/\/talkpal.ai\/pt-br\/#website"},"primaryImageOfPage":{"@id":"https:\/\/talkpal.ai\/pt-br\/gramatica-servia\/#primaryimage"},"image":{"@id":"https:\/\/talkpal.ai\/pt-br\/gramatica-servia\/#primaryimage"},"thumbnailUrl":"https:\/\/talkpal.ai\/wp-content\/uploads\/2023\/05\/serbia.png","datePublished":"2023-05-14T14:19:26+00:00","dateModified":"2025-12-17T15:36:29+00:00","description":"Explore as complexidades da gram\u00e1tica s\u00e9rvia e descubra as caracter\u00edsticas \u00fanicas que a distinguem de outros idiomas dos B\u00e1lc\u00e3s.","breadcrumb":{"@id":"https:\/\/talkpal.ai\/pt-br\/gramatica-servia\/#breadcrumb"},"inLanguage":"pt-BR","potentialAction":[{"@type":"ReadAction","target":["https:\/\/talkpal.ai\/pt-br\/gramatica-servia\/"]}]},{"@type":"ImageObject","inLanguage":"pt-BR","@id":"https:\/\/talkpal.ai\/pt-br\/gramatica-servia\/#primaryimage","url":"https:\/\/talkpal.ai\/wp-content\/uploads\/2023\/05\/serbia.png","contentUrl":"https:\/\/talkpal.ai\/wp-content\/uploads\/2023\/05\/serbia.png","width":512,"height":512},{"@type":"BreadcrumbList","@id":"https:\/\/talkpal.ai\/pt-br\/gramatica-servia\/#breadcrumb","itemListElement":[{"@type":"ListItem","position":1,"name":"Homepage","item":"https:\/\/talkpal.ai\/pt-br\/"},{"@type":"ListItem","position":2,"name":"Gram\u00e1tica s\u00e9rvia"}]},{"@type":"WebSite","@id":"https:\/\/talkpal.ai\/pt-br\/#website","url":"https:\/\/talkpal.ai\/pt-br\/","name":"Talkpal","description":"AI Language Learning","publisher":{"@id":"https:\/\/talkpal.ai\/pt-br\/#organization"},"alternateName":"Talkpal AI","potentialAction":[{"@type":"SearchAction","target":{"@type":"EntryPoint","urlTemplate":"https:\/\/talkpal.ai\/pt-br\/?s={search_term_string}"},"query-input":{"@type":"PropertyValueSpecification","valueRequired":true,"valueName":"search_term_string"}}],"inLanguage":"pt-BR"},{"@type":"Organization","@id":"https:\/\/talkpal.ai\/pt-br\/#organization","name":"Talkpal, Inc.","alternateName":"Talkpal AI","url":"https:\/\/talkpal.ai\/pt-br\/","logo":{"@type":"ImageObject","inLanguage":"pt-BR","@id":"https:\/\/talkpal.ai\/pt-br\/#\/schema\/logo\/image\/","url":"https:\/\/talkpal.ai\/wp-content\/uploads\/2024\/03\/Talkpal-Logo-Icon.png","contentUrl":"https:\/\/talkpal.ai\/wp-content\/uploads\/2024\/03\/Talkpal-Logo-Icon.png","width":2880,"height":2880,"caption":"Talkpal, Inc."},"image":{"@id":"https:\/\/talkpal.ai\/pt-br\/#\/schema\/logo\/image\/"},"sameAs":["https:\/\/www.facebook.com\/profile.php?id=100090733639311","https:\/\/x.com\/talkpalai","https:\/\/www.linkedin.com\/company\/talkpal\/","https:\/\/www.youtube.com\/@TalkPal\/","https:\/\/www.tiktok.com\/@talkpal","https:\/\/www.instagram.com\/talkpal_ai\/","https:\/\/www.crunchbase.com\/organization\/talkpal-9cde","https:\/\/www.g2.com\/products\/talkpal-for-business\/","https:\/\/www.trustpilot.com\/review\/talkpal.ai","https:\/\/www.capterra.com\/p\/10006800\/TalkPal\/"],"description":"Talkpal is a language learning web and mobile education app, powered by the latest AI technologies, that provides engaging experiences to its customers in many different languages to help them improve their language skills. Users can chat about unlimited amount of topics with the app and use other modes to practice their language learning.","email":"support@talkpal.ai","legalName":"Talkpal, Inc.","foundingDate":"2023-04-03","duns":"118989042","numberOfEmployees":{"@type":"QuantitativeValue","minValue":"11","maxValue":"50"},"publishingPrinciples":"https:\/\/talkpal.ai\/publishing-principles\/","actionableFeedbackPolicy":"https:\/\/talkpal.ai\/actionable-feedback-policy\/","correctionsPolicy":"https:\/\/talkpal.ai\/corrections-policy\/","ethicsPolicy":"https:\/\/talkpal.ai\/ethics-policy\/","diversityPolicy":"https:\/\/talkpal.ai\/diversity-policy\/","diversityStaffingReport":"https:\/\/talkpal.ai\/diversity-policy\/"}]}},"_links":{"self":[{"href":"https:\/\/talkpal.ai\/pt-br\/wp-json\/wp\/v2\/pages\/149776","targetHints":{"allow":["GET"]}}],"collection":[{"href":"https:\/\/talkpal.ai\/pt-br\/wp-json\/wp\/v2\/pages"}],"about":[{"href":"https:\/\/talkpal.ai\/pt-br\/wp-json\/wp\/v2\/types\/page"}],"author":[{"embeddable":true,"href":"https:\/\/talkpal.ai\/pt-br\/wp-json\/wp\/v2\/users\/1"}],"replies":[{"embeddable":true,"href":"https:\/\/talkpal.ai\/pt-br\/wp-json\/wp\/v2\/comments?post=149776"}],"version-history":[{"count":0,"href":"https:\/\/talkpal.ai\/pt-br\/wp-json\/wp\/v2\/pages\/149776\/revisions"}],"wp:featuredmedia":[{"embeddable":true,"href":"https:\/\/talkpal.ai\/pt-br\/wp-json\/wp\/v2\/media\/118100"}],"wp:attachment":[{"href":"https:\/\/talkpal.ai\/pt-br\/wp-json\/wp\/v2\/media?parent=149776"}],"curies":[{"name":"wp","href":"https:\/\/api.w.org\/{rel}","templated":true}]}}