{"id":149332,"date":"2023-05-14T14:19:07","date_gmt":"2023-05-14T14:19:07","guid":{"rendered":"http:\/\/talkpal.ai\/gramatica-romena\/"},"modified":"2025-12-17T15:34:19","modified_gmt":"2025-12-17T15:34:19","slug":"gramatica-romena","status":"publish","type":"page","link":"https:\/\/talkpal.ai\/pt-br\/gramatica-romena\/","title":{"rendered":"Gram\u00e1tica romena"},"content":{"rendered":"\r\n\r\n\r\n<section class=\"languageChallengeSection\">\r\n    <div class=\"languageInfoWrapper\">\r\n        \r\n        <h1>Gram\u00e1tica romena<\/h1>\r\n        <p>Descubra a beleza do idioma <a href=\"https:\/\/talkpal.ai\/learn-romanian\/\">romeno<\/a> aprendendo as regras gramaticais essenciais. Dominar a <a href=\"https:\/\/talkpal.ai\/romanian-grammar\/\">gram\u00e1tica romena<\/a> ajudar\u00e1 voc\u00ea a se comunicar com confian\u00e7a e a se conectar com a rica cultura e hist\u00f3ria da Rom\u00eania. Comece a estudar a gram\u00e1tica romena hoje mesmo e d\u00ea o primeiro passo rumo \u00e0 flu\u00eancia!<\/p>\r\n\r\n                            <a class=\"getStartedHidden\" href=\"https:\/\/app.talkpal.ai\/pt-br\/signup?lng=\">Come\u00e7a<\/a>\r\n        \r\n    <\/div>\r\n\r\n    <figure>\r\n    <img decoding=\"async\" width=\"768\" height=\"768\" src=\"https:\/\/talkpal.ai\/wp-content\/uploads\/2023\/06\/romanian-768x768.png\" class=\"languageImage no-lazy\" alt=\"Language learning for intellectual challenge\" fetchpriority=\"high\" sizes=\"(max-width: 768px) 150px, 768px\" srcset=\"https:\/\/talkpal.ai\/wp-content\/uploads\/2023\/06\/romanian-768x768.png 768w, https:\/\/talkpal.ai\/wp-content\/uploads\/2023\/06\/romanian-300x300.png 300w\" \/>\r\n    \r\n\r\n    <\/figure>\r\n\r\n            <a class=\"getStartedVisible\" href=\"https:\/\/app.talkpal.ai\/pt-br\/signup?lng=\">Come\u00e7a<\/a>\r\n    \r\n<\/section>\r\n<section class=\"promotionalBanner\">\r\n    <p class=\"promotionalText\">A maneira mais eficiente de aprender um idioma<\/p>\r\n    <a class=\"promotionalLink\" href=\"https:\/\/app.talkpal.ai\/pt-br\/signup?lng=\">Experimente o Talkpal gratuitamente<\/a>\r\n<\/section>\n<div class=\"wp-block-group pageContainerStyle\"><div class=\"wp-block-group__inner-container is-layout-constrained wp-block-group-is-layout-constrained\">\n<h2 class=\"wp-block-heading\" id=\"h-unraveling-the-mysteries-of-romanian-grammar\">Desvendando os mist\u00e9rios da gram\u00e1tica romena<\/h2>\n\n\n\n<p>O romeno, a \u00fanica l\u00edngua rom\u00e2nica falada na Europa Oriental, oferece uma viagem lingu\u00edstica \u00fanica e interessante. Atravessando a <a href=\"https:\/\/talkpal.ai\/pt-pt\/culture\/estudando-a-heranca-cultural-dos-monumentos-megaliticos\/\">heran\u00e7a cultural<\/a> dos mundos latino e eslavo, o romeno tem uma hist\u00f3ria fascinante e um sistema gramatical emocionante para explorar. Portanto, quer voc\u00ea seja um entusiasta poliglota ou esteja apenas procurando uma nova aventura lingu\u00edstica, aperte o cinto e prepare-se para explorar a beleza da gram\u00e1tica romena!<\/p>\n\n\n\n<h3 class=\"wp-block-heading\" id=\"h-1-the-alphabet-a-familiar-friend-with-a-twist\">1. O alfabeto: um amigo familiar com uma reviravolta<\/h3>\n\n\n\n<p>O alfabeto romeno \u00e9 baseado na escrita <a href=\"https:\/\/talkpal.ai\/locations\/language-courses-in-latina\/\">latina<\/a>, composta por 31 letras. Felizmente, para os falantes de <a href=\"https:\/\/talkpal.ai\/pt-pt\/locations\/aprenda-ingles-em-passos\/\">ingl\u00eas<\/a>, ele \u00e9 bastante semelhante ao alfabeto ingl\u00eas, com apenas alguns caracteres extras para representar sons romenos espec\u00edficos. Com um pouco de pr\u00e1tica, dominar o b\u00e1sico (<a href=\"https:\/\/talkpal.ai\/locations\/language-courses-in-como\/\">como<\/a> soletrar seu nome ou ler placas de rua) ser\u00e1 muito f\u00e1cil!<\/p>\n\n\n\n<h3 class=\"wp-block-heading\" id=\"h-2-nouns-meet-cases-the-dynamic-duo\">2. Substantivos se encontram com casos: o duo din\u00e2mico<\/h3>\n\n\n\n<p>Os substantivos romenos se dividem em tr\u00eas g\u00eaneros (masculino, feminino e neutro) e mudam de forma dependendo do caso gramatical (nominativo, genitivo, dativo, acusativo ou vocativo). Embora isso possa parecer assustador no in\u00edcio, esse sistema d\u00e1 ao romeno uma riqueza que permite nuances e criatividade na composi\u00e7\u00e3o de frases, tornando sua jornada lingu\u00edstica ainda mais gratificante.<\/p>\n\n\n\n<h3 class=\"wp-block-heading\" id=\"h-3-verbs-conjugating-your-way-to-success\">3. Verbos: Conjugando seu caminho para o sucesso<\/h3>\n\n\n\n<p>A conjuga\u00e7\u00e3o verbal romena, embora um pouco mais direta do que a declina\u00e7\u00e3o nominal, ainda \u00e9 um processo multifacetado. Os verbos mudam de forma dependendo do tempo verbal, do humor, da voz e da pessoa e n\u00famero do sujeito. <a href=\"https:\/\/talkpal.ai\/locations\/language-courses-in-como\/\">Como<\/a> um instrumento afinado, os verbos romenos podem transmitir uma ampla gama de a\u00e7\u00f5es, emo\u00e7\u00f5es e inten\u00e7\u00f5es, permitindo uma express\u00e3o precisa e po\u00e9tica.<\/p>\n\n\n\n<h3 class=\"wp-block-heading\" id=\"h-4-flexible-word-order-shuffle-the-sentences\">4. Ordem flex\u00edvel das palavras: embaralhe as frases<\/h3>\n\n\n\n<p>O romeno \u00e9 bastante flex\u00edvel quando se trata de ordem de palavras, permitindo que voc\u00ea organize assuntos, verbos e objetos de v\u00e1rias maneiras sem comprometer o significado. Essa flexibilidade pode adicionar \u00eanfase, criar contrastes ou simplesmente tornar a fala mais envolvente. \u00c0 medida que se tornar mais proficiente em romeno, voc\u00ea se divertir\u00e1 experimentando maneiras diferentes de dizer a mesma coisa, encontrando o tom perfeito para qualquer situa\u00e7\u00e3o.<\/p>\n\n\n\n<h3 class=\"wp-block-heading\" id=\"h-5-wading-deeper-language-through-culture\">5. Wading Deeper: Linguagem Atrav\u00e9s da Cultura<\/h3>\n\n\n\n<p>Para apreciar verdadeiramente o romeno, voc\u00ea deve mergulhar mais fundo na cultura, hist\u00f3ria e mentalidade que moldaram o idioma. Envolva-se com falantes nativos, explore a literatura romena e mergulhe nos costumes e tradi\u00e7\u00f5es locais. Ao fazer isso, voc\u00ea n\u00e3o apenas aprimorar\u00e1 sua profici\u00eancia no idioma, mas tamb\u00e9m descobrir\u00e1 a beleza multifacetada da cultura romena.<\/p>\n\n\n\n<h3 class=\"wp-block-heading\" id=\"h-in-conclusion-embrace-the-magic-of-romanian-grammar\">Em conclus\u00e3o: Abrace a magia da gram\u00e1tica romena<\/h3>\n\n\n\n<p>A gram\u00e1tica romena pode parecer um enigma no in\u00edcio, mas com tempo, paci\u00eancia e um grande interesse pelo idioma, voc\u00ea desvendar\u00e1 os segredos desse not\u00e1vel tesouro lingu\u00edstico. Ent\u00e3o, por que esperar? Comece sua jornada na l\u00edngua romena hoje e aproveite a beleza de sua gram\u00e1tica, sua cultura e o mundo cativante que ela abre para voc\u00ea.<\/p>\n<\/div><\/div>\n\r\n<section class=\"learnNavigationSection\">\r\n            \r\n        <a href=\"https:\/\/talkpal.ai\/pt-br\/aprenda-romeno\/\">\r\n            <div class=\"learnNavigationWrapper\">\r\n                <div class=\"learnNavigationContent\">\r\n                    <img decoding=\"async\" src=\"https:\/\/talkpal.ai\/wp-content\/uploads\/2024\/08\/Romanian.jpg\" alt=\"Romanian Flag\">\r\n                    <div>\r\n                        <h4>Sobre o aprendizado de romeno<\/h4>\r\n                        <p>Saiba tudo sobre a gram\u00e1tica romena.<\/p>\r\n                    <\/div>\r\n                <\/div>\r\n            <\/div>\r\n        <\/a>\r\n\r\n        \r\n        <a href=\"https:\/\/talkpal.ai\/pt-br\/exercicios-de-gramatica-romena\/\">\r\n            <div class=\"learnNavigationWrapper\">\r\n                <div class=\"learnNavigationContent\">\r\n                    <img decoding=\"async\" src=\"https:\/\/talkpal.ai\/wp-content\/uploads\/2024\/08\/Romanian.jpg\" alt=\"Romanian Flag\">\r\n                    <div>\r\n                        <h4>Exerc\u00edcio de gram\u00e1tica romena<\/h4>\r\n                        <p>Pratique a gram\u00e1tica romena.<\/p>\r\n                    <\/div>\r\n                <\/div>\r\n            <\/div>\r\n        <\/a>\r\n\r\n        \r\n        <a href=\"https:\/\/talkpal.ai\/vocabulary_language\/romanian\/\">\r\n            <div class=\"learnNavigationWrapper\">\r\n                <div class=\"learnNavigationContent\">\r\n                    <img decoding=\"async\" src=\"https:\/\/talkpal.ai\/wp-content\/uploads\/2024\/08\/Romanian.jpg\" alt=\"Romanian Flag\">\r\n                    <div>\r\n                        <h4>Vocabul\u00e1rio romeno<\/h4>\r\n                        <p>Amplie seu vocabul\u00e1rio em romeno.<\/p>\r\n                    <\/div>\r\n                <\/div>\r\n            <\/div>\r\n        <\/a>\r\n\r\n            <\/section>","protected":false},"excerpt":{"rendered":"<p>Desvendando os mist\u00e9rios da gram\u00e1tica romena O romeno, a \u00fanica l\u00edngua rom\u00e2nica falada na Europa Oriental, oferece uma viagem lingu\u00edstica \u00fanica e interessante. Atravessando a heran\u00e7a cultural dos mundos latino e eslavo, o romeno tem uma hist\u00f3ria fascinante e um sistema gramatical emocionante para explorar. Portanto, quer voc\u00ea seja um entusiasta poliglota ou esteja apenas [&hellip;]<\/p>\n","protected":false},"author":1,"featured_media":117770,"parent":0,"menu_order":0,"comment_status":"closed","ping_status":"closed","template":"LearningContentPage.php","meta":{"_acf_changed":false,"footnotes":""},"class_list":["post-149332","page","type-page","status-publish","has-post-thumbnail","hentry"],"acf":[],"yoast_head":"<!-- This site is optimized with the Yoast SEO Premium plugin v27.2 (Yoast SEO v27.2) - https:\/\/yoast.com\/product\/yoast-seo-premium-wordpress\/ -->\n<title>Gram\u00e1tica romena - Talkpal<\/title>\n<meta name=\"description\" content=\"Explore o fascinante mundo da gram\u00e1tica romena e descubra as caracter\u00edsticas \u00fanicas dessa bela l\u00edngua rom\u00e2nica.\" \/>\n<meta name=\"robots\" content=\"index, follow, max-snippet:-1, max-image-preview:large, max-video-preview:-1\" \/>\n<link rel=\"canonical\" href=\"https:\/\/talkpal.ai\/pt-br\/gramatica-romena\/\" \/>\n<meta property=\"og:locale\" content=\"pt_BR\" \/>\n<meta property=\"og:type\" content=\"article\" \/>\n<meta property=\"og:title\" content=\"Gram\u00e1tica romena\" \/>\n<meta property=\"og:description\" content=\"Desvendando os mist\u00e9rios da gram\u00e1tica romena O romeno, a \u00fanica l\u00edngua rom\u00e2nica falada na Europa Oriental, oferece uma viagem lingu\u00edstica \u00fanica e\" \/>\n<meta property=\"og:url\" content=\"https:\/\/talkpal.ai\/pt-br\/gramatica-romena\/\" \/>\n<meta property=\"og:site_name\" content=\"Talkpal\" \/>\n<meta property=\"article:publisher\" content=\"https:\/\/www.facebook.com\/profile.php?id=100090733639311\" \/>\n<meta property=\"article:modified_time\" content=\"2025-12-17T15:34:19+00:00\" \/>\n<meta property=\"og:image\" content=\"https:\/\/talkpal.ai\/wp-content\/uploads\/2023\/05\/romania.png\" \/>\n\t<meta property=\"og:image:width\" content=\"512\" \/>\n\t<meta property=\"og:image:height\" content=\"512\" \/>\n\t<meta property=\"og:image:type\" content=\"image\/png\" \/>\n<meta name=\"twitter:card\" content=\"summary_large_image\" \/>\n<meta name=\"twitter:site\" content=\"@talkpalai\" \/>\n<meta name=\"twitter:label1\" content=\"Est. tempo de leitura\" \/>\n\t<meta name=\"twitter:data1\" content=\"3 minutos\" \/>\n<script type=\"application\/ld+json\" class=\"yoast-schema-graph\">{\"@context\":\"https:\/\/schema.org\",\"@graph\":[{\"@type\":\"WebPage\",\"@id\":\"https:\/\/talkpal.ai\/pt-br\/gramatica-romena\/\",\"url\":\"https:\/\/talkpal.ai\/pt-br\/gramatica-romena\/\",\"name\":\"Gram\u00e1tica romena - Talkpal\",\"isPartOf\":{\"@id\":\"https:\/\/talkpal.ai\/pt-br\/#website\"},\"primaryImageOfPage\":{\"@id\":\"https:\/\/talkpal.ai\/pt-br\/gramatica-romena\/#primaryimage\"},\"image\":{\"@id\":\"https:\/\/talkpal.ai\/pt-br\/gramatica-romena\/#primaryimage\"},\"thumbnailUrl\":\"https:\/\/talkpal.ai\/wp-content\/uploads\/2023\/05\/romania.png\",\"datePublished\":\"2023-05-14T14:19:07+00:00\",\"dateModified\":\"2025-12-17T15:34:19+00:00\",\"description\":\"Explore o fascinante mundo da gram\u00e1tica romena e descubra as caracter\u00edsticas \u00fanicas dessa bela l\u00edngua rom\u00e2nica.\",\"breadcrumb\":{\"@id\":\"https:\/\/talkpal.ai\/pt-br\/gramatica-romena\/#breadcrumb\"},\"inLanguage\":\"pt-BR\",\"potentialAction\":[{\"@type\":\"ReadAction\",\"target\":[\"https:\/\/talkpal.ai\/pt-br\/gramatica-romena\/\"]}]},{\"@type\":\"ImageObject\",\"inLanguage\":\"pt-BR\",\"@id\":\"https:\/\/talkpal.ai\/pt-br\/gramatica-romena\/#primaryimage\",\"url\":\"https:\/\/talkpal.ai\/wp-content\/uploads\/2023\/05\/romania.png\",\"contentUrl\":\"https:\/\/talkpal.ai\/wp-content\/uploads\/2023\/05\/romania.png\",\"width\":512,\"height\":512},{\"@type\":\"BreadcrumbList\",\"@id\":\"https:\/\/talkpal.ai\/pt-br\/gramatica-romena\/#breadcrumb\",\"itemListElement\":[{\"@type\":\"ListItem\",\"position\":1,\"name\":\"Homepage\",\"item\":\"https:\/\/talkpal.ai\/pt-br\/\"},{\"@type\":\"ListItem\",\"position\":2,\"name\":\"Gram\u00e1tica romena\"}]},{\"@type\":\"WebSite\",\"@id\":\"https:\/\/talkpal.ai\/pt-br\/#website\",\"url\":\"https:\/\/talkpal.ai\/pt-br\/\",\"name\":\"Talkpal\",\"description\":\"AI Language Learning\",\"publisher\":{\"@id\":\"https:\/\/talkpal.ai\/pt-br\/#organization\"},\"alternateName\":\"Talkpal AI\",\"potentialAction\":[{\"@type\":\"SearchAction\",\"target\":{\"@type\":\"EntryPoint\",\"urlTemplate\":\"https:\/\/talkpal.ai\/pt-br\/?s={search_term_string}\"},\"query-input\":{\"@type\":\"PropertyValueSpecification\",\"valueRequired\":true,\"valueName\":\"search_term_string\"}}],\"inLanguage\":\"pt-BR\"},{\"@type\":\"Organization\",\"@id\":\"https:\/\/talkpal.ai\/pt-br\/#organization\",\"name\":\"Talkpal, Inc.\",\"alternateName\":\"Talkpal AI\",\"url\":\"https:\/\/talkpal.ai\/pt-br\/\",\"logo\":{\"@type\":\"ImageObject\",\"inLanguage\":\"pt-BR\",\"@id\":\"https:\/\/talkpal.ai\/pt-br\/#\/schema\/logo\/image\/\",\"url\":\"https:\/\/talkpal.ai\/wp-content\/uploads\/2024\/03\/Talkpal-Logo-Icon.png\",\"contentUrl\":\"https:\/\/talkpal.ai\/wp-content\/uploads\/2024\/03\/Talkpal-Logo-Icon.png\",\"width\":2880,\"height\":2880,\"caption\":\"Talkpal, Inc.\"},\"image\":{\"@id\":\"https:\/\/talkpal.ai\/pt-br\/#\/schema\/logo\/image\/\"},\"sameAs\":[\"https:\/\/www.facebook.com\/profile.php?id=100090733639311\",\"https:\/\/x.com\/talkpalai\",\"https:\/\/www.linkedin.com\/company\/talkpal\/\",\"https:\/\/www.youtube.com\/@TalkPal\/\",\"https:\/\/www.tiktok.com\/@talkpal\",\"https:\/\/www.instagram.com\/talkpal_ai\/\",\"https:\/\/www.crunchbase.com\/organization\/talkpal-9cde\",\"https:\/\/www.g2.com\/products\/talkpal-for-business\/\",\"https:\/\/www.trustpilot.com\/review\/talkpal.ai\",\"https:\/\/www.capterra.com\/p\/10006800\/TalkPal\/\"],\"description\":\"Talkpal is a language learning web and mobile education app, powered by the latest AI technologies, that provides engaging experiences to its customers in many different languages to help them improve their language skills. Users can chat about unlimited amount of topics with the app and use other modes to practice their language learning.\",\"email\":\"support@talkpal.ai\",\"legalName\":\"Talkpal, Inc.\",\"foundingDate\":\"2023-04-03\",\"duns\":\"118989042\",\"numberOfEmployees\":{\"@type\":\"QuantitativeValue\",\"minValue\":\"11\",\"maxValue\":\"50\"},\"publishingPrinciples\":\"https:\/\/talkpal.ai\/publishing-principles\/\",\"actionableFeedbackPolicy\":\"https:\/\/talkpal.ai\/actionable-feedback-policy\/\",\"correctionsPolicy\":\"https:\/\/talkpal.ai\/corrections-policy\/\",\"ethicsPolicy\":\"https:\/\/talkpal.ai\/ethics-policy\/\",\"diversityPolicy\":\"https:\/\/talkpal.ai\/diversity-policy\/\",\"diversityStaffingReport\":\"https:\/\/talkpal.ai\/diversity-policy\/\"}]}<\/script>\n<!-- \/ Yoast SEO Premium plugin. -->","yoast_head_json":{"title":"Gram\u00e1tica romena - Talkpal","description":"Explore o fascinante mundo da gram\u00e1tica romena e descubra as caracter\u00edsticas \u00fanicas dessa bela l\u00edngua rom\u00e2nica.","robots":{"index":"index","follow":"follow","max-snippet":"max-snippet:-1","max-image-preview":"max-image-preview:large","max-video-preview":"max-video-preview:-1"},"canonical":"https:\/\/talkpal.ai\/pt-br\/gramatica-romena\/","og_locale":"pt_BR","og_type":"article","og_title":"Gram\u00e1tica romena","og_description":"Desvendando os mist\u00e9rios da gram\u00e1tica romena O romeno, a \u00fanica l\u00edngua rom\u00e2nica falada na Europa Oriental, oferece uma viagem lingu\u00edstica \u00fanica e","og_url":"https:\/\/talkpal.ai\/pt-br\/gramatica-romena\/","og_site_name":"Talkpal","article_publisher":"https:\/\/www.facebook.com\/profile.php?id=100090733639311","article_modified_time":"2025-12-17T15:34:19+00:00","og_image":[{"width":512,"height":512,"url":"https:\/\/talkpal.ai\/wp-content\/uploads\/2023\/05\/romania.png","type":"image\/png"}],"twitter_card":"summary_large_image","twitter_site":"@talkpalai","twitter_misc":{"Est. tempo de leitura":"3 minutos"},"schema":{"@context":"https:\/\/schema.org","@graph":[{"@type":"WebPage","@id":"https:\/\/talkpal.ai\/pt-br\/gramatica-romena\/","url":"https:\/\/talkpal.ai\/pt-br\/gramatica-romena\/","name":"Gram\u00e1tica romena - Talkpal","isPartOf":{"@id":"https:\/\/talkpal.ai\/pt-br\/#website"},"primaryImageOfPage":{"@id":"https:\/\/talkpal.ai\/pt-br\/gramatica-romena\/#primaryimage"},"image":{"@id":"https:\/\/talkpal.ai\/pt-br\/gramatica-romena\/#primaryimage"},"thumbnailUrl":"https:\/\/talkpal.ai\/wp-content\/uploads\/2023\/05\/romania.png","datePublished":"2023-05-14T14:19:07+00:00","dateModified":"2025-12-17T15:34:19+00:00","description":"Explore o fascinante mundo da gram\u00e1tica romena e descubra as caracter\u00edsticas \u00fanicas dessa bela l\u00edngua rom\u00e2nica.","breadcrumb":{"@id":"https:\/\/talkpal.ai\/pt-br\/gramatica-romena\/#breadcrumb"},"inLanguage":"pt-BR","potentialAction":[{"@type":"ReadAction","target":["https:\/\/talkpal.ai\/pt-br\/gramatica-romena\/"]}]},{"@type":"ImageObject","inLanguage":"pt-BR","@id":"https:\/\/talkpal.ai\/pt-br\/gramatica-romena\/#primaryimage","url":"https:\/\/talkpal.ai\/wp-content\/uploads\/2023\/05\/romania.png","contentUrl":"https:\/\/talkpal.ai\/wp-content\/uploads\/2023\/05\/romania.png","width":512,"height":512},{"@type":"BreadcrumbList","@id":"https:\/\/talkpal.ai\/pt-br\/gramatica-romena\/#breadcrumb","itemListElement":[{"@type":"ListItem","position":1,"name":"Homepage","item":"https:\/\/talkpal.ai\/pt-br\/"},{"@type":"ListItem","position":2,"name":"Gram\u00e1tica romena"}]},{"@type":"WebSite","@id":"https:\/\/talkpal.ai\/pt-br\/#website","url":"https:\/\/talkpal.ai\/pt-br\/","name":"Talkpal","description":"AI Language Learning","publisher":{"@id":"https:\/\/talkpal.ai\/pt-br\/#organization"},"alternateName":"Talkpal AI","potentialAction":[{"@type":"SearchAction","target":{"@type":"EntryPoint","urlTemplate":"https:\/\/talkpal.ai\/pt-br\/?s={search_term_string}"},"query-input":{"@type":"PropertyValueSpecification","valueRequired":true,"valueName":"search_term_string"}}],"inLanguage":"pt-BR"},{"@type":"Organization","@id":"https:\/\/talkpal.ai\/pt-br\/#organization","name":"Talkpal, Inc.","alternateName":"Talkpal AI","url":"https:\/\/talkpal.ai\/pt-br\/","logo":{"@type":"ImageObject","inLanguage":"pt-BR","@id":"https:\/\/talkpal.ai\/pt-br\/#\/schema\/logo\/image\/","url":"https:\/\/talkpal.ai\/wp-content\/uploads\/2024\/03\/Talkpal-Logo-Icon.png","contentUrl":"https:\/\/talkpal.ai\/wp-content\/uploads\/2024\/03\/Talkpal-Logo-Icon.png","width":2880,"height":2880,"caption":"Talkpal, Inc."},"image":{"@id":"https:\/\/talkpal.ai\/pt-br\/#\/schema\/logo\/image\/"},"sameAs":["https:\/\/www.facebook.com\/profile.php?id=100090733639311","https:\/\/x.com\/talkpalai","https:\/\/www.linkedin.com\/company\/talkpal\/","https:\/\/www.youtube.com\/@TalkPal\/","https:\/\/www.tiktok.com\/@talkpal","https:\/\/www.instagram.com\/talkpal_ai\/","https:\/\/www.crunchbase.com\/organization\/talkpal-9cde","https:\/\/www.g2.com\/products\/talkpal-for-business\/","https:\/\/www.trustpilot.com\/review\/talkpal.ai","https:\/\/www.capterra.com\/p\/10006800\/TalkPal\/"],"description":"Talkpal is a language learning web and mobile education app, powered by the latest AI technologies, that provides engaging experiences to its customers in many different languages to help them improve their language skills. Users can chat about unlimited amount of topics with the app and use other modes to practice their language learning.","email":"support@talkpal.ai","legalName":"Talkpal, Inc.","foundingDate":"2023-04-03","duns":"118989042","numberOfEmployees":{"@type":"QuantitativeValue","minValue":"11","maxValue":"50"},"publishingPrinciples":"https:\/\/talkpal.ai\/publishing-principles\/","actionableFeedbackPolicy":"https:\/\/talkpal.ai\/actionable-feedback-policy\/","correctionsPolicy":"https:\/\/talkpal.ai\/corrections-policy\/","ethicsPolicy":"https:\/\/talkpal.ai\/ethics-policy\/","diversityPolicy":"https:\/\/talkpal.ai\/diversity-policy\/","diversityStaffingReport":"https:\/\/talkpal.ai\/diversity-policy\/"}]}},"_links":{"self":[{"href":"https:\/\/talkpal.ai\/pt-br\/wp-json\/wp\/v2\/pages\/149332","targetHints":{"allow":["GET"]}}],"collection":[{"href":"https:\/\/talkpal.ai\/pt-br\/wp-json\/wp\/v2\/pages"}],"about":[{"href":"https:\/\/talkpal.ai\/pt-br\/wp-json\/wp\/v2\/types\/page"}],"author":[{"embeddable":true,"href":"https:\/\/talkpal.ai\/pt-br\/wp-json\/wp\/v2\/users\/1"}],"replies":[{"embeddable":true,"href":"https:\/\/talkpal.ai\/pt-br\/wp-json\/wp\/v2\/comments?post=149332"}],"version-history":[{"count":0,"href":"https:\/\/talkpal.ai\/pt-br\/wp-json\/wp\/v2\/pages\/149332\/revisions"}],"wp:featuredmedia":[{"embeddable":true,"href":"https:\/\/talkpal.ai\/pt-br\/wp-json\/wp\/v2\/media\/117770"}],"wp:attachment":[{"href":"https:\/\/talkpal.ai\/pt-br\/wp-json\/wp\/v2\/media?parent=149332"}],"curies":[{"name":"wp","href":"https:\/\/api.w.org\/{rel}","templated":true}]}}