{"id":147074,"date":"2023-05-14T14:11:47","date_gmt":"2023-05-14T14:11:47","guid":{"rendered":"http:\/\/talkpal.ai\/gramatica-malaia\/"},"modified":"2025-12-17T16:40:31","modified_gmt":"2025-12-17T16:40:31","slug":"gramatica-malaia","status":"publish","type":"page","link":"https:\/\/talkpal.ai\/pt-br\/gramatica-malaia\/","title":{"rendered":"Gram\u00e1tica Malaia"},"content":{"rendered":"\r\n\r\n\r\n<section class=\"languageChallengeSection\">\r\n    <div class=\"languageInfoWrapper\">\r\n        \r\n        <h1>Gram\u00e1tica Malaia<\/h1>\r\n        <p>Voc\u00ea tem curiosidade em aprender <a href=\"https:\/\/talkpal.ai\/learn-malay\/\">malaio<\/a>? Mergulhe na <a href=\"https:\/\/talkpal.ai\/pt-pt\/o-que-ha-de-especial-na-gramatica-malaia\/\">gram\u00e1tica malaia<\/a>, conhecida por suas regras simples, pela falta de conjuga\u00e7\u00e3o de verbos e pelo uso de afixos para criar significado. Comece hoje mesmo &#8211; dominar a <a href=\"https:\/\/talkpal.ai\/pt-pt\/o-que-ha-de-especial-na-gramatica-malaia\/\">gram\u00e1tica malaia<\/a> dar\u00e1 a voc\u00ea a confian\u00e7a necess\u00e1ria para se comunicar com facilidade e abrir\u00e1 as portas para as diversas e din\u00e2micas culturas do Sudeste Asi\u00e1tico!<\/p>\r\n\r\n                            <a class=\"getStartedHidden\" href=\"https:\/\/app.talkpal.ai\/pt-br\/signup?lng=\">Come\u00e7a<\/a>\r\n        \r\n    <\/div>\r\n\r\n    <figure>\r\n    <img decoding=\"async\" width=\"768\" height=\"768\" src=\"https:\/\/talkpal.ai\/wp-content\/uploads\/2023\/06\/malay-768x768.png\" class=\"languageImage no-lazy\" alt=\"Language learning for personal accomplishments\" fetchpriority=\"high\" sizes=\"(max-width: 768px) 150px, 768px\" srcset=\"https:\/\/talkpal.ai\/wp-content\/uploads\/2023\/06\/malay-768x768.png 768w, https:\/\/talkpal.ai\/wp-content\/uploads\/2023\/06\/malay-300x300.png 300w\" \/>\r\n    \r\n\r\n    <\/figure>\r\n\r\n            <a class=\"getStartedVisible\" href=\"https:\/\/app.talkpal.ai\/pt-br\/signup?lng=\">Come\u00e7a<\/a>\r\n    \r\n<\/section>\r\n<section class=\"promotionalBanner\">\r\n    <p class=\"promotionalText\">A maneira mais eficiente de aprender um idioma<\/p>\r\n    <a class=\"promotionalLink\" href=\"https:\/\/app.talkpal.ai\/pt-br\/signup?lng=\">Experimente o Talkpal gratuitamente<\/a>\r\n<\/section>\n<div class=\"wp-block-group pageContainerStyle\"><div class=\"wp-block-group__inner-container is-layout-constrained wp-block-group-is-layout-constrained\">\n<h2 class=\"wp-block-heading\" id=\"h-malay-grammar-exploring-the-richness-of-bahasa-melayu\">Gram\u00e1tica Malaia: Explorando a Riqueza de Bahasa Melayu<\/h2>\n\n\n\n<p>O idioma malaio, ou <a href=\"https:\/\/talkpal.ai\/ms\/belajar-bahasa-melayu\/\">Bahasa Melayu<\/a>, est\u00e1 entre os idiomas mais falados do mundo, unindo os diversos povos da Mal\u00e1sia, Indon\u00e9sia, Brunei e Cingapura. Ao se aprofundar no aprendizado do malaio, voc\u00ea descobrir\u00e1 rapidamente a beleza de sua gram\u00e1tica e o cen\u00e1rio lingu\u00edstico em expans\u00e3o. Este artigo tem <a href=\"https:\/\/talkpal.ai\/locations\/language-courses-in-como\/\">como<\/a> objetivo apresent\u00e1-lo aos princ\u00edpios fundamentais da gram\u00e1tica malaia, orientando-o a compreender e apreciar <a href=\"https:\/\/talkpal.ai\/es\/la-mejor-aplicacion-de-conversacion-con-ia\/\">melhor<\/a> esta linguagem vers\u00e1til.<\/p>\n\n\n\n<h3 class=\"wp-block-heading\" id=\"h-1-nouns-simplicity-rules\">1. Substantivos \u2013 Regras de Simplicidade<\/h3>\n\n\n\n<p><a href=\"https:\/\/talkpal.ai\/culture\/how-do-you-use-the-phrase-ao-contrario-de\/\">Ao contr\u00e1rio<\/a> de outras l\u00ednguas, a gram\u00e1tica malaia n\u00e3o apresenta declina\u00e7\u00f5es ou classifica\u00e7\u00f5es de g\u00eanero para seus substantivos. Em vez disso, o uso do substantivo coloca uma forte \u00eanfase na simplicidade. Formas plurais de substantivos s\u00e3o criadas simplesmente duplicando-os. Parece f\u00e1cil, certo? Por exemplo, &#8220;apple&#8221; (ma\u00e7\u00e3) \u00e9 &#8220;buah epal&#8221;, ent\u00e3o &#8220;apples&#8221; (ma\u00e7\u00e3s) se torna &#8220;buah-buah epal&#8221;. Voc\u00ea pode soltar a duplica\u00e7\u00e3o no discurso informal.<\/p>\n\n\n\n<h3 class=\"wp-block-heading\" id=\"h-2-adjectives-straightforward-descriptions\">2. Adjetivos \u2013 Descri\u00e7\u00f5es diretas<\/h3>\n\n\n\n<p>Os adjetivos malaios permanecem inalterados independentemente do substantivo que descrevem, o que os torna incrivelmente f\u00e1ceis de usar &#8211; outra <a href=\"https:\/\/talkpal.ai\/ko\/ai-%ec%96%b8%ec%96%b4-%ea%b5%90%ec%82%ac\/\">prova<\/a> da simplicidade do idioma. A coloca\u00e7\u00e3o adjetiva vem depois do substantivo, criando um fluxo agrad\u00e1vel nas frases. Por exemplo, &#8220;uma casa grande&#8221; \u00e9 &#8220;rumah besar&#8221;, com &#8220;rumah&#8221; se referindo a &#8220;casa&#8221; e &#8220;besar&#8221; significando &#8220;grande&#8221;.<\/p>\n\n\n\n<h3 class=\"wp-block-heading\" id=\"h-3-verbs-the-magic-of-prefixes-and-suffixes\">3. Verbos \u2013 A Magia dos Prefixos e Sufixos<\/h3>\n\n\n\n<p>Os verbos em malaio apresentam uma versatilidade que \u00e9 ao mesmo tempo interessante e simples. No Bahasa Melayu, os tempos verbais n\u00e3o s\u00e3o explicitamente transmitidos por meio de formas verbais; em vez disso, s\u00e3o indicados por meio de marcadores de contexto ou de tempo. Al\u00e9m disso, o malaio faz uso extensivo de prefixos e sufixos para expressar diferentes aspectos verbais.<\/p>\n\n\n\n<p>H\u00e1 tr\u00eas prefixos principais: &#8220;meN-&#8220;, &#8220;ber-&#8221; e &#8220;ter-&#8220;. O prefixo &#8220;meN-&#8221; tem uma ampla gama de usos, inclusive para formar verbos ativos e denotar a\u00e7\u00f5es causais. Enquanto isso, &#8220;ber-&#8221; significa a\u00e7\u00f5es intransitivas, e &#8220;ter-&#8221; indica ocorr\u00eancias acidentais ou a\u00e7\u00f5es passivas. \u00c9 importante observar que cada prefixo pode provocar pequenas altera\u00e7\u00f5es ortogr\u00e1ficas no verbo base.<\/p>\n\n\n\n<p>Os sufixos, como &#8220;-kan&#8221; e &#8220;-i&#8221;, ajudam a fornecer mais especificidade, enquanto o infixo &#8220;-el-&#8221; injeta intensidade ao verbo base.<\/p>\n\n\n\n<h3 class=\"wp-block-heading\" id=\"h-4-prepositions-amp-particles-adding-flavor-to-sentences\">4. Preposi\u00e7\u00f5es e part\u00edculas \u2013 adicionando sabor \u00e0s frases<\/h3>\n\n\n\n<p>Preposi\u00e7\u00f5es e part\u00edculas desempenham um papel vital na gram\u00e1tica malaia, atuando como cola lingu\u00edstica e fornecendo contexto essencial. As preposi\u00e7\u00f5es, como &#8220;di&#8221; (em), &#8220;ke&#8221; (para) e &#8220;dari&#8221; (de), ajudam a estabelecer rela\u00e7\u00f5es entre as palavras. Por outro lado, as part\u00edculas, como &#8220;lah&#8221;, &#8220;kah&#8221; e &#8220;pun&#8221;, s\u00e3o usadas para dar \u00eanfase, emo\u00e7\u00e3o e pontos de interroga\u00e7\u00e3o \u00e0s frases.<\/p>\n\n\n\n<p>Por exemplo, a frase &#8220;Kamu pergi sana&#8221;, que significa &#8220;Voc\u00ea vai l\u00e1&#8221;, torna-se mais enf\u00e1tica se voc\u00ea acrescentar &#8220;lah&#8221; no final: &#8220;Kamu pergi sana lah&#8221;. Agora significa &#8220;Voc\u00ea vai at\u00e9 l\u00e1 (agora mesmo)&#8221;.<\/p>\n\n\n\n<h3 class=\"wp-block-heading\" id=\"h-5-embracing-the-journey\">5. Abra\u00e7ando a Jornada<\/h3>\n\n\n\n<p>Embora a gram\u00e1tica malaia possa parecer simples em compara\u00e7\u00e3o com outras l\u00ednguas, sua beleza est\u00e1 na riqueza e variedade de express\u00f5es alcan\u00e7adas atrav\u00e9s de regras simples. A facilidade de aprender a gram\u00e1tica malaia permitir\u00e1 que voc\u00ea se envolva com o mundo de l\u00edngua malaia diversificado de forma mais eficaz e mergulhe em sua cultura \u00fanica.<\/p>\n\n\n\n<p>Antes de mergulhar de cabe\u00e7a no mundo de Bahasa Melayu, lembre-se de que a viagem nem sempre pode ser tranquila. Mantenha a mente aberta, envolva-se com falantes nativos e, o mais importante, aprecie a experi\u00eancia de descobrir as nuances dentro desta bela l\u00edngua. Selamat belajar\u2013 feliz aprendizado!<\/p>\n<\/div><\/div>\n\r\n<section class=\"learnNavigationSection\">\r\n            \r\n        <a href=\"https:\/\/talkpal.ai\/pt-br\/aprenda-malaio\/\">\r\n            <div class=\"learnNavigationWrapper\">\r\n                <div class=\"learnNavigationContent\">\r\n                    <img decoding=\"async\" src=\"https:\/\/talkpal.ai\/wp-content\/uploads\/2024\/08\/Malay.jpg\" alt=\"Malaysian Flag\">\r\n                    <div>\r\n                        <h4>Sobre a Malay Learning<\/h4>\r\n                        <p>Saiba tudo sobre a gram\u00e1tica malaia.<\/p>\r\n                    <\/div>\r\n                <\/div>\r\n            <\/div>\r\n        <\/a>\r\n\r\n        \r\n        <a href=\"https:\/\/talkpal.ai\/pt-br\/exercicios-de-gramatica-malaia\/\">\r\n            <div class=\"learnNavigationWrapper\">\r\n                <div class=\"learnNavigationContent\">\r\n                    <img decoding=\"async\" src=\"https:\/\/talkpal.ai\/wp-content\/uploads\/2024\/08\/Malay.jpg\" alt=\"Malaysian Flag\">\r\n                    <div>\r\n                        <h4>Exerc\u00edcio de gram\u00e1tica malaia<\/h4>\r\n                        <p>Praticar a gram\u00e1tica malaia<\/p>\r\n                    <\/div>\r\n                <\/div>\r\n            <\/div>\r\n        <\/a>\r\n\r\n        \r\n        <a href=\"https:\/\/talkpal.ai\/vocabulary_language\/malay\/\">\r\n            <div class=\"learnNavigationWrapper\">\r\n                <div class=\"learnNavigationContent\">\r\n                    <img decoding=\"async\" src=\"https:\/\/talkpal.ai\/wp-content\/uploads\/2024\/08\/Malay.jpg\" alt=\"Malaysian Flag\">\r\n                    <div>\r\n                        <h4>Vocabul\u00e1rio malaio<\/h4>\r\n                        <p>Amplie seu vocabul\u00e1rio malaio.<\/p>\r\n                    <\/div>\r\n                <\/div>\r\n            <\/div>\r\n        <\/a>\r\n\r\n            <\/section>","protected":false},"excerpt":{"rendered":"<p>Gram\u00e1tica Malaia: Explorando a Riqueza de Bahasa Melayu O idioma malaio, ou Bahasa Melayu, est\u00e1 entre os idiomas mais falados do mundo, unindo os diversos povos da Mal\u00e1sia, Indon\u00e9sia, Brunei e Cingapura. Ao se aprofundar no aprendizado do malaio, voc\u00ea descobrir\u00e1 rapidamente a beleza de sua gram\u00e1tica e o cen\u00e1rio lingu\u00edstico em expans\u00e3o. Este artigo [&hellip;]<\/p>\n","protected":false},"author":1,"featured_media":115598,"parent":0,"menu_order":0,"comment_status":"closed","ping_status":"closed","template":"LearningContentPage.php","meta":{"_acf_changed":false,"footnotes":""},"class_list":["post-147074","page","type-page","status-publish","has-post-thumbnail","hentry"],"acf":[],"yoast_head":"<!-- This site is optimized with the Yoast SEO Premium plugin v27.2 (Yoast SEO v27.2) - https:\/\/yoast.com\/product\/yoast-seo-premium-wordpress\/ -->\n<title>Gram\u00e1tica Malaia - Talkpal<\/title>\n<meta name=\"description\" content=\"Explore a gram\u00e1tica malaia e aprenda como sua simplicidade pode melhorar sua compreens\u00e3o do idioma malaio.\" \/>\n<meta name=\"robots\" content=\"index, follow, max-snippet:-1, max-image-preview:large, max-video-preview:-1\" \/>\n<link rel=\"canonical\" href=\"https:\/\/talkpal.ai\/pt-br\/gramatica-malaia\/\" \/>\n<meta property=\"og:locale\" content=\"pt_BR\" \/>\n<meta property=\"og:type\" content=\"article\" \/>\n<meta property=\"og:title\" content=\"Gram\u00e1tica Malaia\" \/>\n<meta property=\"og:description\" content=\"Gram\u00e1tica Malaia: Explorando a Riqueza de Bahasa Melayu O idioma malaio, ou Bahasa Melayu, est\u00e1 entre os idiomas mais falados do mundo, unindo os diversos\" \/>\n<meta property=\"og:url\" content=\"https:\/\/talkpal.ai\/pt-br\/gramatica-malaia\/\" \/>\n<meta property=\"og:site_name\" content=\"Talkpal\" \/>\n<meta property=\"article:publisher\" content=\"https:\/\/www.facebook.com\/profile.php?id=100090733639311\" \/>\n<meta property=\"article:modified_time\" content=\"2025-12-17T16:40:31+00:00\" \/>\n<meta property=\"og:image\" content=\"https:\/\/talkpal.ai\/wp-content\/uploads\/2023\/05\/malaysia.png\" \/>\n\t<meta property=\"og:image:width\" content=\"512\" \/>\n\t<meta property=\"og:image:height\" content=\"512\" \/>\n\t<meta property=\"og:image:type\" content=\"image\/png\" \/>\n<meta name=\"twitter:card\" content=\"summary_large_image\" \/>\n<meta name=\"twitter:site\" content=\"@talkpalai\" \/>\n<meta name=\"twitter:label1\" content=\"Est. tempo de leitura\" \/>\n\t<meta name=\"twitter:data1\" content=\"3 minutos\" \/>\n<script type=\"application\/ld+json\" class=\"yoast-schema-graph\">{\"@context\":\"https:\/\/schema.org\",\"@graph\":[{\"@type\":\"WebPage\",\"@id\":\"https:\/\/talkpal.ai\/pt-br\/gramatica-malaia\/\",\"url\":\"https:\/\/talkpal.ai\/pt-br\/gramatica-malaia\/\",\"name\":\"Gram\u00e1tica Malaia - Talkpal\",\"isPartOf\":{\"@id\":\"https:\/\/talkpal.ai\/pt-br\/#website\"},\"primaryImageOfPage\":{\"@id\":\"https:\/\/talkpal.ai\/pt-br\/gramatica-malaia\/#primaryimage\"},\"image\":{\"@id\":\"https:\/\/talkpal.ai\/pt-br\/gramatica-malaia\/#primaryimage\"},\"thumbnailUrl\":\"https:\/\/talkpal.ai\/wp-content\/uploads\/2023\/05\/malaysia.png\",\"datePublished\":\"2023-05-14T14:11:47+00:00\",\"dateModified\":\"2025-12-17T16:40:31+00:00\",\"description\":\"Explore a gram\u00e1tica malaia e aprenda como sua simplicidade pode melhorar sua compreens\u00e3o do idioma malaio.\",\"breadcrumb\":{\"@id\":\"https:\/\/talkpal.ai\/pt-br\/gramatica-malaia\/#breadcrumb\"},\"inLanguage\":\"pt-BR\",\"potentialAction\":[{\"@type\":\"ReadAction\",\"target\":[\"https:\/\/talkpal.ai\/pt-br\/gramatica-malaia\/\"]}]},{\"@type\":\"ImageObject\",\"inLanguage\":\"pt-BR\",\"@id\":\"https:\/\/talkpal.ai\/pt-br\/gramatica-malaia\/#primaryimage\",\"url\":\"https:\/\/talkpal.ai\/wp-content\/uploads\/2023\/05\/malaysia.png\",\"contentUrl\":\"https:\/\/talkpal.ai\/wp-content\/uploads\/2023\/05\/malaysia.png\",\"width\":512,\"height\":512},{\"@type\":\"BreadcrumbList\",\"@id\":\"https:\/\/talkpal.ai\/pt-br\/gramatica-malaia\/#breadcrumb\",\"itemListElement\":[{\"@type\":\"ListItem\",\"position\":1,\"name\":\"Homepage\",\"item\":\"https:\/\/talkpal.ai\/pt-br\/\"},{\"@type\":\"ListItem\",\"position\":2,\"name\":\"Gram\u00e1tica Malaia\"}]},{\"@type\":\"WebSite\",\"@id\":\"https:\/\/talkpal.ai\/pt-br\/#website\",\"url\":\"https:\/\/talkpal.ai\/pt-br\/\",\"name\":\"Talkpal\",\"description\":\"AI Language Learning\",\"publisher\":{\"@id\":\"https:\/\/talkpal.ai\/pt-br\/#organization\"},\"alternateName\":\"Talkpal AI\",\"potentialAction\":[{\"@type\":\"SearchAction\",\"target\":{\"@type\":\"EntryPoint\",\"urlTemplate\":\"https:\/\/talkpal.ai\/pt-br\/?s={search_term_string}\"},\"query-input\":{\"@type\":\"PropertyValueSpecification\",\"valueRequired\":true,\"valueName\":\"search_term_string\"}}],\"inLanguage\":\"pt-BR\"},{\"@type\":\"Organization\",\"@id\":\"https:\/\/talkpal.ai\/pt-br\/#organization\",\"name\":\"Talkpal, Inc.\",\"alternateName\":\"Talkpal AI\",\"url\":\"https:\/\/talkpal.ai\/pt-br\/\",\"logo\":{\"@type\":\"ImageObject\",\"inLanguage\":\"pt-BR\",\"@id\":\"https:\/\/talkpal.ai\/pt-br\/#\/schema\/logo\/image\/\",\"url\":\"https:\/\/talkpal.ai\/wp-content\/uploads\/2024\/03\/Talkpal-Logo-Icon.png\",\"contentUrl\":\"https:\/\/talkpal.ai\/wp-content\/uploads\/2024\/03\/Talkpal-Logo-Icon.png\",\"width\":2880,\"height\":2880,\"caption\":\"Talkpal, Inc.\"},\"image\":{\"@id\":\"https:\/\/talkpal.ai\/pt-br\/#\/schema\/logo\/image\/\"},\"sameAs\":[\"https:\/\/www.facebook.com\/profile.php?id=100090733639311\",\"https:\/\/x.com\/talkpalai\",\"https:\/\/www.linkedin.com\/company\/talkpal\/\",\"https:\/\/www.youtube.com\/@TalkPal\/\",\"https:\/\/www.tiktok.com\/@talkpal\",\"https:\/\/www.instagram.com\/talkpal_ai\/\",\"https:\/\/www.crunchbase.com\/organization\/talkpal-9cde\",\"https:\/\/www.g2.com\/products\/talkpal-for-business\/\",\"https:\/\/www.trustpilot.com\/review\/talkpal.ai\",\"https:\/\/www.capterra.com\/p\/10006800\/TalkPal\/\"],\"description\":\"Talkpal is a language learning web and mobile education app, powered by the latest AI technologies, that provides engaging experiences to its customers in many different languages to help them improve their language skills. Users can chat about unlimited amount of topics with the app and use other modes to practice their language learning.\",\"email\":\"support@talkpal.ai\",\"legalName\":\"Talkpal, Inc.\",\"foundingDate\":\"2023-04-03\",\"duns\":\"118989042\",\"numberOfEmployees\":{\"@type\":\"QuantitativeValue\",\"minValue\":\"11\",\"maxValue\":\"50\"},\"publishingPrinciples\":\"https:\/\/talkpal.ai\/publishing-principles\/\",\"actionableFeedbackPolicy\":\"https:\/\/talkpal.ai\/actionable-feedback-policy\/\",\"correctionsPolicy\":\"https:\/\/talkpal.ai\/corrections-policy\/\",\"ethicsPolicy\":\"https:\/\/talkpal.ai\/ethics-policy\/\",\"diversityPolicy\":\"https:\/\/talkpal.ai\/diversity-policy\/\",\"diversityStaffingReport\":\"https:\/\/talkpal.ai\/diversity-policy\/\"}]}<\/script>\n<!-- \/ Yoast SEO Premium plugin. -->","yoast_head_json":{"title":"Gram\u00e1tica Malaia - Talkpal","description":"Explore a gram\u00e1tica malaia e aprenda como sua simplicidade pode melhorar sua compreens\u00e3o do idioma malaio.","robots":{"index":"index","follow":"follow","max-snippet":"max-snippet:-1","max-image-preview":"max-image-preview:large","max-video-preview":"max-video-preview:-1"},"canonical":"https:\/\/talkpal.ai\/pt-br\/gramatica-malaia\/","og_locale":"pt_BR","og_type":"article","og_title":"Gram\u00e1tica Malaia","og_description":"Gram\u00e1tica Malaia: Explorando a Riqueza de Bahasa Melayu O idioma malaio, ou Bahasa Melayu, est\u00e1 entre os idiomas mais falados do mundo, unindo os diversos","og_url":"https:\/\/talkpal.ai\/pt-br\/gramatica-malaia\/","og_site_name":"Talkpal","article_publisher":"https:\/\/www.facebook.com\/profile.php?id=100090733639311","article_modified_time":"2025-12-17T16:40:31+00:00","og_image":[{"width":512,"height":512,"url":"https:\/\/talkpal.ai\/wp-content\/uploads\/2023\/05\/malaysia.png","type":"image\/png"}],"twitter_card":"summary_large_image","twitter_site":"@talkpalai","twitter_misc":{"Est. tempo de leitura":"3 minutos"},"schema":{"@context":"https:\/\/schema.org","@graph":[{"@type":"WebPage","@id":"https:\/\/talkpal.ai\/pt-br\/gramatica-malaia\/","url":"https:\/\/talkpal.ai\/pt-br\/gramatica-malaia\/","name":"Gram\u00e1tica Malaia - Talkpal","isPartOf":{"@id":"https:\/\/talkpal.ai\/pt-br\/#website"},"primaryImageOfPage":{"@id":"https:\/\/talkpal.ai\/pt-br\/gramatica-malaia\/#primaryimage"},"image":{"@id":"https:\/\/talkpal.ai\/pt-br\/gramatica-malaia\/#primaryimage"},"thumbnailUrl":"https:\/\/talkpal.ai\/wp-content\/uploads\/2023\/05\/malaysia.png","datePublished":"2023-05-14T14:11:47+00:00","dateModified":"2025-12-17T16:40:31+00:00","description":"Explore a gram\u00e1tica malaia e aprenda como sua simplicidade pode melhorar sua compreens\u00e3o do idioma malaio.","breadcrumb":{"@id":"https:\/\/talkpal.ai\/pt-br\/gramatica-malaia\/#breadcrumb"},"inLanguage":"pt-BR","potentialAction":[{"@type":"ReadAction","target":["https:\/\/talkpal.ai\/pt-br\/gramatica-malaia\/"]}]},{"@type":"ImageObject","inLanguage":"pt-BR","@id":"https:\/\/talkpal.ai\/pt-br\/gramatica-malaia\/#primaryimage","url":"https:\/\/talkpal.ai\/wp-content\/uploads\/2023\/05\/malaysia.png","contentUrl":"https:\/\/talkpal.ai\/wp-content\/uploads\/2023\/05\/malaysia.png","width":512,"height":512},{"@type":"BreadcrumbList","@id":"https:\/\/talkpal.ai\/pt-br\/gramatica-malaia\/#breadcrumb","itemListElement":[{"@type":"ListItem","position":1,"name":"Homepage","item":"https:\/\/talkpal.ai\/pt-br\/"},{"@type":"ListItem","position":2,"name":"Gram\u00e1tica Malaia"}]},{"@type":"WebSite","@id":"https:\/\/talkpal.ai\/pt-br\/#website","url":"https:\/\/talkpal.ai\/pt-br\/","name":"Talkpal","description":"AI Language Learning","publisher":{"@id":"https:\/\/talkpal.ai\/pt-br\/#organization"},"alternateName":"Talkpal AI","potentialAction":[{"@type":"SearchAction","target":{"@type":"EntryPoint","urlTemplate":"https:\/\/talkpal.ai\/pt-br\/?s={search_term_string}"},"query-input":{"@type":"PropertyValueSpecification","valueRequired":true,"valueName":"search_term_string"}}],"inLanguage":"pt-BR"},{"@type":"Organization","@id":"https:\/\/talkpal.ai\/pt-br\/#organization","name":"Talkpal, Inc.","alternateName":"Talkpal AI","url":"https:\/\/talkpal.ai\/pt-br\/","logo":{"@type":"ImageObject","inLanguage":"pt-BR","@id":"https:\/\/talkpal.ai\/pt-br\/#\/schema\/logo\/image\/","url":"https:\/\/talkpal.ai\/wp-content\/uploads\/2024\/03\/Talkpal-Logo-Icon.png","contentUrl":"https:\/\/talkpal.ai\/wp-content\/uploads\/2024\/03\/Talkpal-Logo-Icon.png","width":2880,"height":2880,"caption":"Talkpal, Inc."},"image":{"@id":"https:\/\/talkpal.ai\/pt-br\/#\/schema\/logo\/image\/"},"sameAs":["https:\/\/www.facebook.com\/profile.php?id=100090733639311","https:\/\/x.com\/talkpalai","https:\/\/www.linkedin.com\/company\/talkpal\/","https:\/\/www.youtube.com\/@TalkPal\/","https:\/\/www.tiktok.com\/@talkpal","https:\/\/www.instagram.com\/talkpal_ai\/","https:\/\/www.crunchbase.com\/organization\/talkpal-9cde","https:\/\/www.g2.com\/products\/talkpal-for-business\/","https:\/\/www.trustpilot.com\/review\/talkpal.ai","https:\/\/www.capterra.com\/p\/10006800\/TalkPal\/"],"description":"Talkpal is a language learning web and mobile education app, powered by the latest AI technologies, that provides engaging experiences to its customers in many different languages to help them improve their language skills. Users can chat about unlimited amount of topics with the app and use other modes to practice their language learning.","email":"support@talkpal.ai","legalName":"Talkpal, Inc.","foundingDate":"2023-04-03","duns":"118989042","numberOfEmployees":{"@type":"QuantitativeValue","minValue":"11","maxValue":"50"},"publishingPrinciples":"https:\/\/talkpal.ai\/publishing-principles\/","actionableFeedbackPolicy":"https:\/\/talkpal.ai\/actionable-feedback-policy\/","correctionsPolicy":"https:\/\/talkpal.ai\/corrections-policy\/","ethicsPolicy":"https:\/\/talkpal.ai\/ethics-policy\/","diversityPolicy":"https:\/\/talkpal.ai\/diversity-policy\/","diversityStaffingReport":"https:\/\/talkpal.ai\/diversity-policy\/"}]}},"_links":{"self":[{"href":"https:\/\/talkpal.ai\/pt-br\/wp-json\/wp\/v2\/pages\/147074","targetHints":{"allow":["GET"]}}],"collection":[{"href":"https:\/\/talkpal.ai\/pt-br\/wp-json\/wp\/v2\/pages"}],"about":[{"href":"https:\/\/talkpal.ai\/pt-br\/wp-json\/wp\/v2\/types\/page"}],"author":[{"embeddable":true,"href":"https:\/\/talkpal.ai\/pt-br\/wp-json\/wp\/v2\/users\/1"}],"replies":[{"embeddable":true,"href":"https:\/\/talkpal.ai\/pt-br\/wp-json\/wp\/v2\/comments?post=147074"}],"version-history":[{"count":0,"href":"https:\/\/talkpal.ai\/pt-br\/wp-json\/wp\/v2\/pages\/147074\/revisions"}],"wp:featuredmedia":[{"embeddable":true,"href":"https:\/\/talkpal.ai\/pt-br\/wp-json\/wp\/v2\/media\/115598"}],"wp:attachment":[{"href":"https:\/\/talkpal.ai\/pt-br\/wp-json\/wp\/v2\/media?parent=147074"}],"curies":[{"name":"wp","href":"https:\/\/api.w.org\/{rel}","templated":true}]}}