{"id":146746,"date":"2023-05-14T14:11:28","date_gmt":"2023-05-14T14:11:28","guid":{"rendered":"http:\/\/talkpal.ai\/gramatica-macedonia\/"},"modified":"2025-12-17T16:35:36","modified_gmt":"2025-12-17T16:35:36","slug":"gramatica-macedonia","status":"publish","type":"page","link":"https:\/\/talkpal.ai\/pt-br\/gramatica-macedonia\/","title":{"rendered":"Gram\u00e1tica maced\u00f4nia"},"content":{"rendered":"\r\n\r\n\r\n<section class=\"languageChallengeSection\">\r\n    <div class=\"languageInfoWrapper\">\r\n        \r\n        <h1>Gram\u00e1tica maced\u00f4nia<\/h1>\r\n        <p>Mergulhe no fascinante mundo da <a href=\"https:\/\/talkpal.ai\/macedonian-grammar\/\">gram\u00e1tica maced\u00f4nia<\/a> e descubra a estrutura por tr\u00e1s desse idioma eslavo do sul \u00fanico. Aprender o b\u00e1sico da <a href=\"https:\/\/talkpal.ai\/macedonian-grammar\/\">gram\u00e1tica maced\u00f4nia<\/a> permitir\u00e1 que voc\u00ea se comunique com mais confian\u00e7a e explore a rica cultura da Maced\u00f4nia do Norte. Comece hoje mesmo e d\u00ea o primeiro passo para dominar o <a href=\"https:\/\/talkpal.ai\/learn-macedonian\/\">maced\u00f4nio<\/a>!<\/p>\r\n\r\n                            <a class=\"getStartedHidden\" href=\"https:\/\/app.talkpal.ai\/pt-br\/signup?lng=\">Come\u00e7a<\/a>\r\n        \r\n    <\/div>\r\n\r\n    <figure>\r\n    <img decoding=\"async\" width=\"768\" height=\"768\" src=\"https:\/\/talkpal.ai\/wp-content\/uploads\/2023\/06\/macedonian-768x768.png\" class=\"languageImage no-lazy\" alt=\"Language learning through conversational practice\" fetchpriority=\"high\" sizes=\"(max-width: 768px) 150px, 768px\" srcset=\"https:\/\/talkpal.ai\/wp-content\/uploads\/2023\/06\/macedonian-768x768.png 768w, https:\/\/talkpal.ai\/wp-content\/uploads\/2023\/06\/macedonian-300x300.png 300w\" \/>\r\n    \r\n\r\n    <\/figure>\r\n\r\n            <a class=\"getStartedVisible\" href=\"https:\/\/app.talkpal.ai\/pt-br\/signup?lng=\">Come\u00e7a<\/a>\r\n    \r\n<\/section>\r\n<section class=\"promotionalBanner\">\r\n    <p class=\"promotionalText\">A maneira mais eficiente de aprender um idioma<\/p>\r\n    <a class=\"promotionalLink\" href=\"https:\/\/app.talkpal.ai\/pt-br\/signup?lng=\">Experimente o Talkpal gratuitamente<\/a>\r\n<\/section>\n<div class=\"wp-block-group pageContainerStyle\"><div class=\"wp-block-group__inner-container is-layout-constrained wp-block-group-is-layout-constrained\">\n<h2 class=\"wp-block-heading\" id=\"h-unraveling-the-mysteries-of-macedonian-grammar\">Desvendando os mist\u00e9rios da gram\u00e1tica maced\u00f4nia<\/h2>\n\n\n\n<p>Gram\u00e1tica maced\u00f4nia &#8211; intrincada, mas acess\u00edvel, fascinante, mas graciosa, complexa, mas intrigante. Ao <a href=\"https:\/\/talkpal.ai\/ko\/ai-%ec%96%b8%ec%96%b4-%ea%b5%90%ec%82%ac\/\">iniciar<\/a> sua viagem ao mundo da l\u00edngua maced\u00f4nia, voc\u00ea pode sentir uma mistura de emo\u00e7\u00e3o e intimida\u00e7\u00e3o quando se trata de decifrar seus enigmas gramaticais. N\u00e3o temas, fervoroso entusiasta da l\u00edngua! Estamos aqui para apoiar voc\u00ea nessa aventura lingu\u00edstica!<\/p>\n\n\n\n<p>Neste artigo envolvente, vamos esclarecer aspectos essenciais da gram\u00e1tica maced\u00f4nia, fornecendo insights, explica\u00e7\u00f5es e exemplos pr\u00e1ticos. Revelaremos que esse fascinante idioma dos B\u00e1lc\u00e3s \u00e9 mais acess\u00edvel do que voc\u00ea imagina! Ent\u00e3o aperte o cinto e nos permita simplificar e desmistificar a gram\u00e1tica maced\u00f4nia para voc\u00ea.<\/p>\n\n\n\n<h3 class=\"wp-block-heading\" id=\"h-1-delightful-declensions-noun-cases-made-easy\">1. Declina\u00e7\u00f5es deliciosas: casos substantivos facilitados<\/h3>\n\n\n\n<p><a href=\"https:\/\/talkpal.ai\/locations\/language-courses-in-como\/\">Como<\/a> outras l\u00ednguas eslavas, o maced\u00f4nio apresenta um complexo sistema de casos substantivos, consistindo de tr\u00eas casos: nominativo, acusativo e dativo. Embora menos assustador do que idiomas com mais casos, dominar essas nuances \u00e9 essencial para alcan\u00e7ar a flu\u00eancia. Esses casos atribuem pap\u00e9is diferentes a substantivos, pronomes e adjetivos em uma frase. Aqui est\u00e1 uma breve vis\u00e3o geral:<\/p>\n\n\n\n<p><strong>&#8211; Nominativo: O sujeito da senten\u00e7a<\/strong><\/p>\n\n\n\n<p><strong>&#8211; Acusativo: O objeto direto ou o objetivo de uma a\u00e7\u00e3o<\/strong><\/p>\n\n\n\n<p><strong>&#8211; Dativo: O objeto indireto, ou que mostra a dire\u00e7\u00e3o de uma a\u00e7\u00e3o<\/strong><\/p>\n\n\n\n<p>Para pegar o jeito desses casos, a pr\u00e1tica \u00e9 a chave. Com o tempo e a exposi\u00e7\u00e3o \u00e0 l\u00edngua, essas distin\u00e7\u00f5es se tornar\u00e3o uma segunda natureza.<\/p>\n\n\n\n<h3 class=\"wp-block-heading\" id=\"h-2-amiable-adjectives-agreement-is-everything\">2. Adjetivos am\u00e1veis: acordo \u00e9 tudo<\/h3>\n\n\n\n<p>Os adjetivos na gram\u00e1tica maced\u00f4nia s\u00e3o conformistas simp\u00e1ticos. Eles concordam com o g\u00eanero, n\u00famero e caso dos substantivos que descrevem. Isso significa que voc\u00ea ter\u00e1 de ajustar a forma de cada adjetivo <a href=\"https:\/\/talkpal.ai\/culture\/how-do-i-use-para-que-correctly\/\">para que<\/a> se alinhe com as caracter\u00edsticas do substantivo.<\/p>\n\n\n\n<p>Para tornar esse processo mais suave, concentre-se em aprender as principais formas adjetivas \u2013 masculino, feminino e neutro. Com a pr\u00e1tica regular, o processo de concord\u00e2ncia adjetiva logo se tornar\u00e1 intuitivo.<\/p>\n\n\n\n<h3 class=\"wp-block-heading\" id=\"h-3-vigorous-verbs-conjugation-and-aspect-mastery\">3. Verbos vigorosos: conjuga\u00e7\u00e3o e dom\u00ednio de aspectos<\/h3>\n\n\n\n<p>Tal <a href=\"https:\/\/talkpal.ai\/locations\/language-courses-in-como\/\">como<\/a> acontece com outras l\u00ednguas eslavas, os verbos maced\u00f4nios experimentam varia\u00e7\u00f5es substanciais. A conjuga\u00e7\u00e3o depende do tempo, do humor, da pessoa, do n\u00famero e, principalmente, do aspecto.<\/p>\n\n\n\n<p>Os verbos maced\u00f4nios t\u00eam dois aspectos: perfectivo e imperfectivo. Os verbos perfectivos expressam uma a\u00e7\u00e3o completa, enquanto os imperfectivos transmitem uma a\u00e7\u00e3o cont\u00ednua ou repetitiva. Entender esse conceito \u00e9 crucial para refinar sua experi\u00eancia gramatical.<\/p>\n\n\n\n<h3 class=\"wp-block-heading\" id=\"h-4-pitch-perfect-particles-mastering-stress-and-intonation\">4. Part\u00edculas perfeitas: dominando a tens\u00e3o e a entona\u00e7\u00e3o<\/h3>\n\n\n\n<p>Um desafio \u00fanico para os <a href=\"https:\/\/talkpal.ai\/talkpal-discount-for-students\/\">estudantes<\/a> de l\u00ednguas \u00e9 dominar o sistema distinto de sotaque que atribui \u00eanfase e entona\u00e7\u00e3o \u00e0s s\u00edlabas. Esse sistema pode impactar diretamente o significado e a compreens\u00e3o.<\/p>\n\n\n\n<p>Para obter precis\u00e3o na pron\u00fancia e clareza na comunica\u00e7\u00e3o, preste muita aten\u00e7\u00e3o aos padr\u00f5es de entona\u00e7\u00e3o na fala dos falantes nativos da Maced\u00f4nia. Como iniciante, voc\u00ea pode ter dificuldades, mas lembre-se de que a pr\u00e1tica <a href=\"https:\/\/talkpal.ai\/locations\/language-courses-in-gera\/\">gera<\/a> confian\u00e7a e dom\u00ednio.<\/p>\n\n\n\n<h3 class=\"wp-block-heading\" id=\"h-5-embrace-the-intricacies-persevere-and-prosper\">5. Abrace os meandros: persevere e prospere<\/h3>\n\n\n\n<p>A gram\u00e1tica maced\u00f4nica, \u00e0 primeira <a href=\"https:\/\/talkpal.ai\/locations\/language-courses-in-vista\/\">vista<\/a>, pode parecer complexa, mas tenha em mente que paci\u00eancia, pr\u00e1tica e perseveran\u00e7a s\u00e3o os segredos para o sucesso. Envolva-se com o idioma por meio da leitura, escrita, audi\u00e7\u00e3o e fala. Abrace os desafios e recompense-se com a satisfa\u00e7\u00e3o do progresso.<\/p>\n\n\n\n<p>Ent\u00e3o, voc\u00ea est\u00e1 pronto para mergulhar no reino hipnotizante da gram\u00e1tica maced\u00f4nica? Abrace suas peculiaridades e complexidades, saboreie as sutilezas e lembre-se de que, com dedica\u00e7\u00e3o e entusiasmo, voc\u00ea pode desbloquear a verdadeira beleza da l\u00edngua maced\u00f4nia. \u0421\u043e \u0441\u0440\u0435\u045c\u0430! (Boa sorte!)<\/p>\n<\/div><\/div>\n\r\n<section class=\"learnNavigationSection\">\r\n            \r\n        <a href=\"https:\/\/talkpal.ai\/pt-br\/aprenda-macedonio\/\">\r\n            <div class=\"learnNavigationWrapper\">\r\n                <div class=\"learnNavigationContent\">\r\n                    <img decoding=\"async\" src=\"https:\/\/talkpal.ai\/wp-content\/uploads\/2024\/08\/Macedonian.jpg\" alt=\"Macedonian Flag\">\r\n                    <div>\r\n                        <h4>Sobre o Macedonian Learning<\/h4>\r\n                        <p>Saiba tudo sobre a gram\u00e1tica maced\u00f4nia .<\/p>\r\n                    <\/div>\r\n                <\/div>\r\n            <\/div>\r\n        <\/a>\r\n\r\n        \r\n        <a href=\"https:\/\/talkpal.ai\/pt-br\/exercicios-de-gramatica-macedonia\/\">\r\n            <div class=\"learnNavigationWrapper\">\r\n                <div class=\"learnNavigationContent\">\r\n                    <img decoding=\"async\" src=\"https:\/\/talkpal.ai\/wp-content\/uploads\/2024\/08\/Macedonian.jpg\" alt=\"Macedonian Flag\">\r\n                    <div>\r\n                        <h4>Exerc\u00edcio de gram\u00e1tica maced\u00f4nia<\/h4>\r\n                        <p>Pratique a gram\u00e1tica maced\u00f4nia .<\/p>\r\n                    <\/div>\r\n                <\/div>\r\n            <\/div>\r\n        <\/a>\r\n\r\n        \r\n        <a href=\"https:\/\/talkpal.ai\/vocabulary_language\/macedonian\/\">\r\n            <div class=\"learnNavigationWrapper\">\r\n                <div class=\"learnNavigationContent\">\r\n                    <img decoding=\"async\" src=\"https:\/\/talkpal.ai\/wp-content\/uploads\/2024\/08\/Macedonian.jpg\" alt=\"Macedonian Flag\">\r\n                    <div>\r\n                        <h4>Vocabul\u00e1rio maced\u00f4nio<\/h4>\r\n                        <p>Amplie seu vocabul\u00e1rio maced\u00f4nio.<\/p>\r\n                    <\/div>\r\n                <\/div>\r\n            <\/div>\r\n        <\/a>\r\n\r\n            <\/section>","protected":false},"excerpt":{"rendered":"<p>Desvendando os mist\u00e9rios da gram\u00e1tica maced\u00f4nia Gram\u00e1tica maced\u00f4nia &#8211; intrincada, mas acess\u00edvel, fascinante, mas graciosa, complexa, mas intrigante. Ao iniciar sua viagem ao mundo da l\u00edngua maced\u00f4nia, voc\u00ea pode sentir uma mistura de emo\u00e7\u00e3o e intimida\u00e7\u00e3o quando se trata de decifrar seus enigmas gramaticais. N\u00e3o temas, fervoroso entusiasta da l\u00edngua! Estamos aqui para apoiar voc\u00ea [&hellip;]<\/p>\n","protected":false},"author":1,"featured_media":115378,"parent":0,"menu_order":0,"comment_status":"closed","ping_status":"closed","template":"LearningContentPage.php","meta":{"_acf_changed":false,"footnotes":""},"class_list":["post-146746","page","type-page","status-publish","has-post-thumbnail","hentry"],"acf":[],"yoast_head":"<!-- This site is optimized with the Yoast SEO Premium plugin v27.2 (Yoast SEO v27.2) - https:\/\/yoast.com\/product\/yoast-seo-premium-wordpress\/ -->\n<title>Gram\u00e1tica maced\u00f4nia - Talkpal<\/title>\n<meta name=\"description\" content=\"Domine a gram\u00e1tica maced\u00f4nia sem esfor\u00e7o com o Talkpal, seu tutor de idiomas com intelig\u00eancia artificial. Melhore suas habilidades gramaticais em maced\u00f4nio!\" \/>\n<meta name=\"robots\" content=\"index, follow, max-snippet:-1, max-image-preview:large, max-video-preview:-1\" \/>\n<link rel=\"canonical\" href=\"https:\/\/talkpal.ai\/pt-br\/gramatica-macedonia\/\" \/>\n<meta property=\"og:locale\" content=\"pt_BR\" \/>\n<meta property=\"og:type\" content=\"article\" \/>\n<meta property=\"og:title\" content=\"Gram\u00e1tica maced\u00f4nia\" \/>\n<meta property=\"og:description\" content=\"Desvendando os mist\u00e9rios da gram\u00e1tica maced\u00f4nia Gram\u00e1tica maced\u00f4nia - intrincada, mas acess\u00edvel, fascinante, mas graciosa, complexa, mas intrigante. Ao\" \/>\n<meta property=\"og:url\" content=\"https:\/\/talkpal.ai\/pt-br\/gramatica-macedonia\/\" \/>\n<meta property=\"og:site_name\" content=\"Talkpal\" \/>\n<meta property=\"article:publisher\" content=\"https:\/\/www.facebook.com\/profile.php?id=100090733639311\" \/>\n<meta property=\"article:modified_time\" content=\"2025-12-17T16:35:36+00:00\" \/>\n<meta property=\"og:image\" content=\"https:\/\/talkpal.ai\/wp-content\/uploads\/2023\/05\/republic-of-macedonia.png\" \/>\n\t<meta property=\"og:image:width\" content=\"512\" \/>\n\t<meta property=\"og:image:height\" content=\"512\" \/>\n\t<meta property=\"og:image:type\" content=\"image\/png\" \/>\n<meta name=\"twitter:card\" content=\"summary_large_image\" \/>\n<meta name=\"twitter:site\" content=\"@talkpalai\" \/>\n<meta name=\"twitter:label1\" content=\"Est. tempo de leitura\" \/>\n\t<meta name=\"twitter:data1\" content=\"3 minutos\" \/>\n<script type=\"application\/ld+json\" class=\"yoast-schema-graph\">{\"@context\":\"https:\/\/schema.org\",\"@graph\":[{\"@type\":\"WebPage\",\"@id\":\"https:\/\/talkpal.ai\/pt-br\/gramatica-macedonia\/\",\"url\":\"https:\/\/talkpal.ai\/pt-br\/gramatica-macedonia\/\",\"name\":\"Gram\u00e1tica maced\u00f4nia - Talkpal\",\"isPartOf\":{\"@id\":\"https:\/\/talkpal.ai\/pt-br\/#website\"},\"primaryImageOfPage\":{\"@id\":\"https:\/\/talkpal.ai\/pt-br\/gramatica-macedonia\/#primaryimage\"},\"image\":{\"@id\":\"https:\/\/talkpal.ai\/pt-br\/gramatica-macedonia\/#primaryimage\"},\"thumbnailUrl\":\"https:\/\/talkpal.ai\/wp-content\/uploads\/2023\/05\/republic-of-macedonia.png\",\"datePublished\":\"2023-05-14T14:11:28+00:00\",\"dateModified\":\"2025-12-17T16:35:36+00:00\",\"description\":\"Domine a gram\u00e1tica maced\u00f4nia sem esfor\u00e7o com o Talkpal, seu tutor de idiomas com intelig\u00eancia artificial. Melhore suas habilidades gramaticais em maced\u00f4nio!\",\"breadcrumb\":{\"@id\":\"https:\/\/talkpal.ai\/pt-br\/gramatica-macedonia\/#breadcrumb\"},\"inLanguage\":\"pt-BR\",\"potentialAction\":[{\"@type\":\"ReadAction\",\"target\":[\"https:\/\/talkpal.ai\/pt-br\/gramatica-macedonia\/\"]}]},{\"@type\":\"ImageObject\",\"inLanguage\":\"pt-BR\",\"@id\":\"https:\/\/talkpal.ai\/pt-br\/gramatica-macedonia\/#primaryimage\",\"url\":\"https:\/\/talkpal.ai\/wp-content\/uploads\/2023\/05\/republic-of-macedonia.png\",\"contentUrl\":\"https:\/\/talkpal.ai\/wp-content\/uploads\/2023\/05\/republic-of-macedonia.png\",\"width\":512,\"height\":512},{\"@type\":\"BreadcrumbList\",\"@id\":\"https:\/\/talkpal.ai\/pt-br\/gramatica-macedonia\/#breadcrumb\",\"itemListElement\":[{\"@type\":\"ListItem\",\"position\":1,\"name\":\"Homepage\",\"item\":\"https:\/\/talkpal.ai\/pt-br\/\"},{\"@type\":\"ListItem\",\"position\":2,\"name\":\"Gram\u00e1tica maced\u00f4nia\"}]},{\"@type\":\"WebSite\",\"@id\":\"https:\/\/talkpal.ai\/pt-br\/#website\",\"url\":\"https:\/\/talkpal.ai\/pt-br\/\",\"name\":\"Talkpal\",\"description\":\"AI Language Learning\",\"publisher\":{\"@id\":\"https:\/\/talkpal.ai\/pt-br\/#organization\"},\"alternateName\":\"Talkpal AI\",\"potentialAction\":[{\"@type\":\"SearchAction\",\"target\":{\"@type\":\"EntryPoint\",\"urlTemplate\":\"https:\/\/talkpal.ai\/pt-br\/?s={search_term_string}\"},\"query-input\":{\"@type\":\"PropertyValueSpecification\",\"valueRequired\":true,\"valueName\":\"search_term_string\"}}],\"inLanguage\":\"pt-BR\"},{\"@type\":\"Organization\",\"@id\":\"https:\/\/talkpal.ai\/pt-br\/#organization\",\"name\":\"Talkpal, Inc.\",\"alternateName\":\"Talkpal AI\",\"url\":\"https:\/\/talkpal.ai\/pt-br\/\",\"logo\":{\"@type\":\"ImageObject\",\"inLanguage\":\"pt-BR\",\"@id\":\"https:\/\/talkpal.ai\/pt-br\/#\/schema\/logo\/image\/\",\"url\":\"https:\/\/talkpal.ai\/wp-content\/uploads\/2024\/03\/Talkpal-Logo-Icon.png\",\"contentUrl\":\"https:\/\/talkpal.ai\/wp-content\/uploads\/2024\/03\/Talkpal-Logo-Icon.png\",\"width\":2880,\"height\":2880,\"caption\":\"Talkpal, Inc.\"},\"image\":{\"@id\":\"https:\/\/talkpal.ai\/pt-br\/#\/schema\/logo\/image\/\"},\"sameAs\":[\"https:\/\/www.facebook.com\/profile.php?id=100090733639311\",\"https:\/\/x.com\/talkpalai\",\"https:\/\/www.linkedin.com\/company\/talkpal\/\",\"https:\/\/www.youtube.com\/@TalkPal\/\",\"https:\/\/www.tiktok.com\/@talkpal\",\"https:\/\/www.instagram.com\/talkpal_ai\/\",\"https:\/\/www.crunchbase.com\/organization\/talkpal-9cde\",\"https:\/\/www.g2.com\/products\/talkpal-for-business\/\",\"https:\/\/www.trustpilot.com\/review\/talkpal.ai\",\"https:\/\/www.capterra.com\/p\/10006800\/TalkPal\/\"],\"description\":\"Talkpal is a language learning web and mobile education app, powered by the latest AI technologies, that provides engaging experiences to its customers in many different languages to help them improve their language skills. Users can chat about unlimited amount of topics with the app and use other modes to practice their language learning.\",\"email\":\"support@talkpal.ai\",\"legalName\":\"Talkpal, Inc.\",\"foundingDate\":\"2023-04-03\",\"duns\":\"118989042\",\"numberOfEmployees\":{\"@type\":\"QuantitativeValue\",\"minValue\":\"11\",\"maxValue\":\"50\"},\"publishingPrinciples\":\"https:\/\/talkpal.ai\/publishing-principles\/\",\"actionableFeedbackPolicy\":\"https:\/\/talkpal.ai\/actionable-feedback-policy\/\",\"correctionsPolicy\":\"https:\/\/talkpal.ai\/corrections-policy\/\",\"ethicsPolicy\":\"https:\/\/talkpal.ai\/ethics-policy\/\",\"diversityPolicy\":\"https:\/\/talkpal.ai\/diversity-policy\/\",\"diversityStaffingReport\":\"https:\/\/talkpal.ai\/diversity-policy\/\"}]}<\/script>\n<!-- \/ Yoast SEO Premium plugin. -->","yoast_head_json":{"title":"Gram\u00e1tica maced\u00f4nia - Talkpal","description":"Domine a gram\u00e1tica maced\u00f4nia sem esfor\u00e7o com o Talkpal, seu tutor de idiomas com intelig\u00eancia artificial. Melhore suas habilidades gramaticais em maced\u00f4nio!","robots":{"index":"index","follow":"follow","max-snippet":"max-snippet:-1","max-image-preview":"max-image-preview:large","max-video-preview":"max-video-preview:-1"},"canonical":"https:\/\/talkpal.ai\/pt-br\/gramatica-macedonia\/","og_locale":"pt_BR","og_type":"article","og_title":"Gram\u00e1tica maced\u00f4nia","og_description":"Desvendando os mist\u00e9rios da gram\u00e1tica maced\u00f4nia Gram\u00e1tica maced\u00f4nia - intrincada, mas acess\u00edvel, fascinante, mas graciosa, complexa, mas intrigante. Ao","og_url":"https:\/\/talkpal.ai\/pt-br\/gramatica-macedonia\/","og_site_name":"Talkpal","article_publisher":"https:\/\/www.facebook.com\/profile.php?id=100090733639311","article_modified_time":"2025-12-17T16:35:36+00:00","og_image":[{"width":512,"height":512,"url":"https:\/\/talkpal.ai\/wp-content\/uploads\/2023\/05\/republic-of-macedonia.png","type":"image\/png"}],"twitter_card":"summary_large_image","twitter_site":"@talkpalai","twitter_misc":{"Est. tempo de leitura":"3 minutos"},"schema":{"@context":"https:\/\/schema.org","@graph":[{"@type":"WebPage","@id":"https:\/\/talkpal.ai\/pt-br\/gramatica-macedonia\/","url":"https:\/\/talkpal.ai\/pt-br\/gramatica-macedonia\/","name":"Gram\u00e1tica maced\u00f4nia - Talkpal","isPartOf":{"@id":"https:\/\/talkpal.ai\/pt-br\/#website"},"primaryImageOfPage":{"@id":"https:\/\/talkpal.ai\/pt-br\/gramatica-macedonia\/#primaryimage"},"image":{"@id":"https:\/\/talkpal.ai\/pt-br\/gramatica-macedonia\/#primaryimage"},"thumbnailUrl":"https:\/\/talkpal.ai\/wp-content\/uploads\/2023\/05\/republic-of-macedonia.png","datePublished":"2023-05-14T14:11:28+00:00","dateModified":"2025-12-17T16:35:36+00:00","description":"Domine a gram\u00e1tica maced\u00f4nia sem esfor\u00e7o com o Talkpal, seu tutor de idiomas com intelig\u00eancia artificial. Melhore suas habilidades gramaticais em maced\u00f4nio!","breadcrumb":{"@id":"https:\/\/talkpal.ai\/pt-br\/gramatica-macedonia\/#breadcrumb"},"inLanguage":"pt-BR","potentialAction":[{"@type":"ReadAction","target":["https:\/\/talkpal.ai\/pt-br\/gramatica-macedonia\/"]}]},{"@type":"ImageObject","inLanguage":"pt-BR","@id":"https:\/\/talkpal.ai\/pt-br\/gramatica-macedonia\/#primaryimage","url":"https:\/\/talkpal.ai\/wp-content\/uploads\/2023\/05\/republic-of-macedonia.png","contentUrl":"https:\/\/talkpal.ai\/wp-content\/uploads\/2023\/05\/republic-of-macedonia.png","width":512,"height":512},{"@type":"BreadcrumbList","@id":"https:\/\/talkpal.ai\/pt-br\/gramatica-macedonia\/#breadcrumb","itemListElement":[{"@type":"ListItem","position":1,"name":"Homepage","item":"https:\/\/talkpal.ai\/pt-br\/"},{"@type":"ListItem","position":2,"name":"Gram\u00e1tica maced\u00f4nia"}]},{"@type":"WebSite","@id":"https:\/\/talkpal.ai\/pt-br\/#website","url":"https:\/\/talkpal.ai\/pt-br\/","name":"Talkpal","description":"AI Language Learning","publisher":{"@id":"https:\/\/talkpal.ai\/pt-br\/#organization"},"alternateName":"Talkpal AI","potentialAction":[{"@type":"SearchAction","target":{"@type":"EntryPoint","urlTemplate":"https:\/\/talkpal.ai\/pt-br\/?s={search_term_string}"},"query-input":{"@type":"PropertyValueSpecification","valueRequired":true,"valueName":"search_term_string"}}],"inLanguage":"pt-BR"},{"@type":"Organization","@id":"https:\/\/talkpal.ai\/pt-br\/#organization","name":"Talkpal, Inc.","alternateName":"Talkpal AI","url":"https:\/\/talkpal.ai\/pt-br\/","logo":{"@type":"ImageObject","inLanguage":"pt-BR","@id":"https:\/\/talkpal.ai\/pt-br\/#\/schema\/logo\/image\/","url":"https:\/\/talkpal.ai\/wp-content\/uploads\/2024\/03\/Talkpal-Logo-Icon.png","contentUrl":"https:\/\/talkpal.ai\/wp-content\/uploads\/2024\/03\/Talkpal-Logo-Icon.png","width":2880,"height":2880,"caption":"Talkpal, Inc."},"image":{"@id":"https:\/\/talkpal.ai\/pt-br\/#\/schema\/logo\/image\/"},"sameAs":["https:\/\/www.facebook.com\/profile.php?id=100090733639311","https:\/\/x.com\/talkpalai","https:\/\/www.linkedin.com\/company\/talkpal\/","https:\/\/www.youtube.com\/@TalkPal\/","https:\/\/www.tiktok.com\/@talkpal","https:\/\/www.instagram.com\/talkpal_ai\/","https:\/\/www.crunchbase.com\/organization\/talkpal-9cde","https:\/\/www.g2.com\/products\/talkpal-for-business\/","https:\/\/www.trustpilot.com\/review\/talkpal.ai","https:\/\/www.capterra.com\/p\/10006800\/TalkPal\/"],"description":"Talkpal is a language learning web and mobile education app, powered by the latest AI technologies, that provides engaging experiences to its customers in many different languages to help them improve their language skills. Users can chat about unlimited amount of topics with the app and use other modes to practice their language learning.","email":"support@talkpal.ai","legalName":"Talkpal, Inc.","foundingDate":"2023-04-03","duns":"118989042","numberOfEmployees":{"@type":"QuantitativeValue","minValue":"11","maxValue":"50"},"publishingPrinciples":"https:\/\/talkpal.ai\/publishing-principles\/","actionableFeedbackPolicy":"https:\/\/talkpal.ai\/actionable-feedback-policy\/","correctionsPolicy":"https:\/\/talkpal.ai\/corrections-policy\/","ethicsPolicy":"https:\/\/talkpal.ai\/ethics-policy\/","diversityPolicy":"https:\/\/talkpal.ai\/diversity-policy\/","diversityStaffingReport":"https:\/\/talkpal.ai\/diversity-policy\/"}]}},"_links":{"self":[{"href":"https:\/\/talkpal.ai\/pt-br\/wp-json\/wp\/v2\/pages\/146746","targetHints":{"allow":["GET"]}}],"collection":[{"href":"https:\/\/talkpal.ai\/pt-br\/wp-json\/wp\/v2\/pages"}],"about":[{"href":"https:\/\/talkpal.ai\/pt-br\/wp-json\/wp\/v2\/types\/page"}],"author":[{"embeddable":true,"href":"https:\/\/talkpal.ai\/pt-br\/wp-json\/wp\/v2\/users\/1"}],"replies":[{"embeddable":true,"href":"https:\/\/talkpal.ai\/pt-br\/wp-json\/wp\/v2\/comments?post=146746"}],"version-history":[{"count":0,"href":"https:\/\/talkpal.ai\/pt-br\/wp-json\/wp\/v2\/pages\/146746\/revisions"}],"wp:featuredmedia":[{"embeddable":true,"href":"https:\/\/talkpal.ai\/pt-br\/wp-json\/wp\/v2\/media\/115378"}],"wp:attachment":[{"href":"https:\/\/talkpal.ai\/pt-br\/wp-json\/wp\/v2\/media?parent=146746"}],"curies":[{"name":"wp","href":"https:\/\/api.w.org\/{rel}","templated":true}]}}