{"id":1464732,"date":"2025-11-12T17:23:13","date_gmt":"2025-11-12T17:23:13","guid":{"rendered":"https:\/\/talkpal.ai\/gramatica-uzbeque\/"},"modified":"2025-12-30T13:30:26","modified_gmt":"2025-12-30T13:30:26","slug":"gramatica-uzbeque","status":"publish","type":"page","link":"https:\/\/talkpal.ai\/pt-br\/gramatica-uzbeque\/","title":{"rendered":"Gram\u00e1tica uzbeque"},"content":{"rendered":"\r\n\r\n\r\n<section class=\"languageChallengeSection\">\r\n    <div class=\"languageInfoWrapper\">\r\n        \r\n        <h1>Gram\u00e1tica uzbeque<\/h1>\r\n        <p>A <a href=\"https:\/\/talkpal.ai\/uzbek-grammar\/\">gram\u00e1tica uzbeque<\/a> pode parecer desafiadora no in\u00edcio, mas suas caracter\u00edsticas \u00fanicas tornam o aprendizado do idioma uma experi\u00eancia gratificante. Ao explorar seu alfabeto, muta\u00e7\u00f5es e regras gramaticais, voc\u00ea ter\u00e1 uma vis\u00e3o de uma rica tradi\u00e7\u00e3o lingu\u00edstica. Comece sua jornada e descubra a beleza do Uzbequist\u00e3o!<\/p>\r\n\r\n                            <a class=\"getStartedHidden\" href=\"https:\/\/app.talkpal.ai\/pt-br\/signup?lng=\">Come\u00e7a<\/a>\r\n        \r\n    <\/div>\r\n\r\n    <figure>\r\n    <img decoding=\"async\" width=\"768\" height=\"768\" src=\"https:\/\/talkpal.ai\/wp-content\/uploads\/2023\/06\/welsh-768x768.png\" class=\"languageImage no-lazy\" alt=\"Language learning for better cognitive abilities\" fetchpriority=\"high\" sizes=\"(max-width: 768px) 150px, 768px\" srcset=\"https:\/\/talkpal.ai\/wp-content\/uploads\/2023\/06\/welsh-768x768.png 768w, https:\/\/talkpal.ai\/wp-content\/uploads\/2023\/06\/welsh-300x300.png 300w\" \/>\r\n    \r\n\r\n    <\/figure>\r\n\r\n            <a class=\"getStartedVisible\" href=\"https:\/\/app.talkpal.ai\/pt-br\/signup?lng=\">Come\u00e7a<\/a>\r\n    \r\n<\/section><section class=\"promotionalBanner\">\r\n    <p class=\"promotionalText\">A maneira mais eficiente de aprender um idioma<\/p>\r\n    <a class=\"promotionalLink\" href=\"https:\/\/app.talkpal.ai\/pt-br\/signup?lng=\">Experimente o Talkpal gratuitamente<\/a>\r\n<\/section>\n<div class=\"wp-block-group pageContainerStyle\"><div class=\"wp-block-group__inner-container is-layout-constrained wp-block-group-is-layout-constrained\">\n<h2 class=\"wp-block-heading\" id=\"h-navigating-the-intricacies-of-uzbek-grammar\">Navegando pelos meandros da gram\u00e1tica uzbeque<\/h2>\n\n\n\n<p><a href=\"https:\/\/talkpal.ai\/pt-br\/aprenda-uzbeque\/\">O uzbeque<\/a>, uma l\u00edngua turca com uma rica hist\u00f3ria e significado cultural, oferece uma experi\u00eancia lingu\u00edstica emocionante para aqueles que desejam explorar seu sistema gramatical \u00fanico. Ao se aventurar no reino do Uzbequist\u00e3o, voc\u00ea n\u00e3o apenas enriquecer\u00e1 seu repert\u00f3rio lingu\u00edstico, mas tamb\u00e9m abra\u00e7ar\u00e1 uma fascinante jornada cultural. Embora a gram\u00e1tica <a href=\"https:\/\/talkpal.ai\/learn-uzbek\/\">uzbeque<\/a> possa parecer complicada no in\u00edcio, dividi-la em componentes principais torna o aprendizado do idioma mais acess\u00edvel. Neste artigo, exploraremos o cativante mundo da gram\u00e1tica uzbeque e forneceremos dicas sobre <a href=\"https:\/\/talkpal.ai\/locations\/language-courses-in-como\/\">como<\/a> dominar suas complexidades.<\/p>\n\n\n\n<h3 class=\"wp-block-heading\" id=\"h-1-uzbek-alphabet-and-phonetics\">1. Alfabeto uzbeque e fon\u00e9tica<\/h3>\n\n\n\n<p>O alfabeto latino uzbeque compreende 29 letras, incluindo as distintas como O\u02bb, G\u02bb e os d\u00edgrafos Sh, Ch, Ele tamb\u00e9m apresenta letras como Q e X com sons desconhecidos para muitos alunos. Para aprender a gram\u00e1tica uzbeque, \u00e9 crucial se familiarizar com esse sistema de escrita praticando a leitura e a escrita em uzbeque.<\/p>\n\n\n\n<h3 class=\"wp-block-heading\" id=\"h-2-agglutination-a-peculiar-uzbek-feature\">2. Aglutina\u00e7\u00e3o: uma caracter\u00edstica peculiar do Uzbequist\u00e3o<\/h3>\n\n\n\n<p>Um dos aspectos mais marcantes da gram\u00e1tica uzbeque \u00e9 a aglutina\u00e7\u00e3o, onde as palavras s\u00e3o constru\u00eddas adicionando cadeias de sufixos. Muitos sufixos t\u00eam variantes que dependem dos sons circundantes, como -ga\/-ka\/-qa e -da\/-ta, e consoantes de buffer como -y- e -n- parecem facilitar a pron\u00fancia. Entender quando e como esses sufixos se ligam \u00e9 vital para uma comunica\u00e7\u00e3o precisa em uzbeque.<\/p>\n\n\n\n<h3 class=\"wp-block-heading\" id=\"h-3-nouns-and-pronouns-gender-and-cases\">3. Substantivos e Pronomes: G\u00eanero e Casos<\/h3>\n\n\n\n<p>Os substantivos uzbeques n\u00e3o t\u00eam <a href=\"https:\/\/talkpal.ai\/ar\/grammar_exercises\/genero-%d8%aa%d9%85%d8%a7%d8%b1%d9%8a%d9%86-%d9%84%d9%82%d9%88%d8%a7%d8%b9%d8%af-%d8%a7%d9%84%d9%84%d8%ba%d8%a9-%d8%a7%d9%84%d8%a5%d8%b3%d8%a8%d8%a7%d9%86%d9%8a%d8%a9\/\">g\u00eanero gramatical<\/a>, e o plural \u00e9 tipicamente formado com -lar. O uzbeque <a href=\"https:\/\/talkpal.ai\/locations\/learn-english-in-usa\/\">usa<\/a> um sistema de casos ricos marcado por sufixos, incluindo genitivo -ning, dativo -ga, acusativo -ni, locativo -da e ablativo -dan, com comitativo frequentemente expresso por bilan. Os pronomes incluem <a href=\"https:\/\/talkpal.ai\/grammar\/pronomes-pessoais-in-portuguese-grammar\/\">pronomes pessoais<\/a> (men, sen, u, biz, siz, ular), formas possessivas expressas com sufixos (-im, -ing, -i, etc.) e <a href=\"https:\/\/talkpal.ai\/grammar\/pronomes-demonstrativos-in-portuguese-grammar\/\">pronomes demonstrativos<\/a> e interrogativos como bu, shu, o&#8217;sha, kim e nima. Familiarizar-se com esses pronomes e suas formas aumentar\u00e1 significativamente sua compreens\u00e3o da gram\u00e1tica uzbeque.<\/p>\n\n\n\n<h3 class=\"wp-block-heading\" id=\"h-4-verbs-structure-and-conjugation\">4. Verbos: Estrutura e Conjuga\u00e7\u00e3o<\/h3>\n\n\n\n<p>Os verbos uzbeques se conjugam por meio de sufixos para tempo, aspecto, modo e polidez, e os pronomes sujeitos s\u00e3o frequentemente descartados. Os tempos e aspectos centrais incluem o presente habitual -adi, o presente cont\u00ednuo -yapti, o passado -di e o futuro ou inten\u00e7\u00e3o com -moqchi. Os modos incluem -sa condicional e formas imperativas, com a nega\u00e7\u00e3o formada por -ma. Dominar a conjuga\u00e7\u00e3o de verbos e auxiliares comuns, como bo&#8217;lmoq, melhorar\u00e1 sua capacidade de se comunicar efetivamente em usbeque.<\/p>\n\n\n\n<h3 class=\"wp-block-heading\" id=\"h-5-adjectives-agreement-and-placement\">5. Adjetivos: Concord\u00e2ncia e Coloca\u00e7\u00e3o<\/h3>\n\n\n\n<p>Na gram\u00e1tica uzbeque, os adjetivos normalmente precedem o substantivo que modificam e n\u00e3o concordam em n\u00famero ou mai\u00fasculas e min\u00fasculas com o substantivo. Comparativos e superlativos s\u00e3o comumente formados com -roq e eng. Aprender esses padr\u00f5es \u00e9 essencial para uma comunica\u00e7\u00e3o mais natural.<\/p>\n\n\n\n<p><strong>Exemplos:<\/strong><\/p>\n\n\n\n<p><strong>\u2013 Katta Muhabbat (Grande Amor)<\/strong><\/p>\n\n\n\n<p><strong>\u2013 Kichik Bolalar (crian\u00e7as pequenas)<\/strong><\/p>\n\n\n\n<h3 class=\"wp-block-heading\" id=\"h-6-engaging-with-the-language\">6. Envolvendo-se com o idioma<\/h3>\n\n\n\n<p>A maneira mais eficaz de entender e internalizar completamente a gram\u00e1tica uzbeque \u00e9 se envolver consistentemente com o idioma. Ao ler literatura uzbeque, assistir a filmes ou s\u00e9ries de televis\u00e3o uzbeques e se comunicar ativamente com falantes nativos, voc\u00ea refor\u00e7ar\u00e1 sua compreens\u00e3o da gram\u00e1tica enquanto expande seu vocabul\u00e1rio.<\/p>\n\n\n\n<h3 class=\"wp-block-heading\" id=\"h-conclusion\">Conclus\u00e3o<\/h3>\n\n\n\n<p>Embora a gram\u00e1tica uzbeque possa parecer complexa, voc\u00ea pode se tornar proficiente neste belo idioma com dedica\u00e7\u00e3o, pr\u00e1tica e entusiasmo. Ao se concentrar nas regras fundamentais e se envolver com o idioma em diferentes contextos, voc\u00ea aprimorar\u00e1 rapidamente suas <a href=\"https:\/\/talkpal.ai\/pt-br\/gramatica\/\">habilidades gramaticais<\/a> uzbeques. Omad (boa sorte) com sua jornada no idioma uzbeque e divirta-se desvendando o mundo enigm\u00e1tico e cativante da gram\u00e1tica uzbeque!<\/p>\n<\/div><\/div>\n\r\n<section class=\"learnNavigationSection\">\r\n            \r\n        <a href=\"https:\/\/talkpal.ai\/pt-br\/aprenda-uzbeque\/\">\r\n            <div class=\"learnNavigationWrapper\">\r\n                <div class=\"learnNavigationContent\">\r\n                    <img decoding=\"async\" src=\"https:\/\/talkpal.ai\/wp-content\/uploads\/2025\/11\/Uzbek.png\" alt=\"Uzbek Flag\">\r\n                    <div>\r\n                        <h4>Sobre o Uzbek Learning<\/h4>\r\n                        <p>Descubra tudo sobre a gram\u00e1tica uzbeque.<\/p>\r\n                    <\/div>\r\n                <\/div>\r\n            <\/div>\r\n        <\/a>\r\n\r\n        \r\n        <a href=\"https:\/\/talkpal.ai\/pt-br\/exercicios-de-gramatica-uzbeque\/\">\r\n            <div class=\"learnNavigationWrapper\">\r\n                <div class=\"learnNavigationContent\">\r\n                    <img decoding=\"async\" src=\"https:\/\/talkpal.ai\/wp-content\/uploads\/2025\/11\/Uzbek.png\" alt=\"Uzbek Flag\">\r\n                    <div>\r\n                        <h4>Exerc\u00edcio de gram\u00e1tica uzbeque<\/h4>\r\n                        <p>Pratique a gram\u00e1tica uzbeque.<\/p>\r\n                    <\/div>\r\n                <\/div>\r\n            <\/div>\r\n        <\/a>\r\n\r\n            <\/section>","protected":false},"excerpt":{"rendered":"<p>Navegando pelos meandros da gram\u00e1tica uzbeque O uzbeque, uma l\u00edngua turca com uma rica hist\u00f3ria e significado cultural, oferece uma experi\u00eancia lingu\u00edstica emocionante para aqueles que desejam explorar seu sistema gramatical \u00fanico. Ao se aventurar no reino do Uzbequist\u00e3o, voc\u00ea n\u00e3o apenas enriquecer\u00e1 seu repert\u00f3rio lingu\u00edstico, mas tamb\u00e9m abra\u00e7ar\u00e1 uma fascinante jornada cultural. Embora a [&hellip;]<\/p>\n","protected":false},"author":20,"featured_media":0,"parent":0,"menu_order":0,"comment_status":"closed","ping_status":"closed","template":"LearningContentPage.php","meta":{"_acf_changed":false,"footnotes":""},"class_list":["post-1464732","page","type-page","status-publish","hentry"],"acf":[],"yoast_head":"<!-- This site is optimized with the Yoast SEO Premium plugin v27.2 (Yoast SEO v27.2) - https:\/\/yoast.com\/product\/yoast-seo-premium-wordpress\/ -->\n<title>Gram\u00e1tica uzbeque - Talkpal<\/title>\n<meta name=\"description\" content=\"Domine os fundamentos da gram\u00e1tica uzbeque, incluindo o alfabeto, a fon\u00e9tica e a conjuga\u00e7\u00e3o de verbos, com nosso guia abrangente.\" \/>\n<meta name=\"robots\" content=\"index, follow, max-snippet:-1, max-image-preview:large, max-video-preview:-1\" \/>\n<link rel=\"canonical\" href=\"https:\/\/talkpal.ai\/pt-br\/gramatica-uzbeque\/\" \/>\n<meta property=\"og:locale\" content=\"pt_BR\" \/>\n<meta property=\"og:type\" content=\"article\" \/>\n<meta property=\"og:title\" content=\"Gram\u00e1tica uzbeque\" \/>\n<meta property=\"og:description\" content=\"Navegando pelos meandros da gram\u00e1tica uzbeque O uzbeque, uma l\u00edngua turca com uma rica hist\u00f3ria e significado cultural, oferece uma experi\u00eancia\" \/>\n<meta property=\"og:url\" content=\"https:\/\/talkpal.ai\/pt-br\/gramatica-uzbeque\/\" \/>\n<meta property=\"og:site_name\" content=\"Talkpal\" \/>\n<meta property=\"article:publisher\" content=\"https:\/\/www.facebook.com\/profile.php?id=100090733639311\" \/>\n<meta property=\"article:modified_time\" content=\"2025-12-30T13:30:26+00:00\" \/>\n<meta property=\"og:image\" content=\"https:\/\/talkpal.ai\/wp-content\/uploads\/2025\/02\/Progress-tab-16_9.png\" \/>\n\t<meta property=\"og:image:width\" content=\"2880\" \/>\n\t<meta property=\"og:image:height\" content=\"1620\" \/>\n\t<meta property=\"og:image:type\" content=\"image\/png\" \/>\n<meta name=\"twitter:card\" content=\"summary_large_image\" \/>\n<meta name=\"twitter:site\" content=\"@talkpalai\" \/>\n<meta name=\"twitter:label1\" content=\"Est. tempo de leitura\" \/>\n\t<meta name=\"twitter:data1\" content=\"3 minutos\" \/>\n<script type=\"application\/ld+json\" class=\"yoast-schema-graph\">{\"@context\":\"https:\/\/schema.org\",\"@graph\":[{\"@type\":\"WebPage\",\"@id\":\"https:\/\/talkpal.ai\/pt-br\/gramatica-uzbeque\/\",\"url\":\"https:\/\/talkpal.ai\/pt-br\/gramatica-uzbeque\/\",\"name\":\"Gram\u00e1tica uzbeque - Talkpal\",\"isPartOf\":{\"@id\":\"https:\/\/talkpal.ai\/pt-br\/#website\"},\"datePublished\":\"2025-11-12T17:23:13+00:00\",\"dateModified\":\"2025-12-30T13:30:26+00:00\",\"description\":\"Domine os fundamentos da gram\u00e1tica uzbeque, incluindo o alfabeto, a fon\u00e9tica e a conjuga\u00e7\u00e3o de verbos, com nosso guia abrangente.\",\"breadcrumb\":{\"@id\":\"https:\/\/talkpal.ai\/pt-br\/gramatica-uzbeque\/#breadcrumb\"},\"inLanguage\":\"pt-BR\",\"potentialAction\":[{\"@type\":\"ReadAction\",\"target\":[\"https:\/\/talkpal.ai\/pt-br\/gramatica-uzbeque\/\"]}]},{\"@type\":\"BreadcrumbList\",\"@id\":\"https:\/\/talkpal.ai\/pt-br\/gramatica-uzbeque\/#breadcrumb\",\"itemListElement\":[{\"@type\":\"ListItem\",\"position\":1,\"name\":\"Homepage\",\"item\":\"https:\/\/talkpal.ai\/pt-br\/\"},{\"@type\":\"ListItem\",\"position\":2,\"name\":\"Gram\u00e1tica uzbeque\"}]},{\"@type\":\"WebSite\",\"@id\":\"https:\/\/talkpal.ai\/pt-br\/#website\",\"url\":\"https:\/\/talkpal.ai\/pt-br\/\",\"name\":\"Talkpal\",\"description\":\"AI Language Learning\",\"publisher\":{\"@id\":\"https:\/\/talkpal.ai\/pt-br\/#organization\"},\"alternateName\":\"Talkpal AI\",\"potentialAction\":[{\"@type\":\"SearchAction\",\"target\":{\"@type\":\"EntryPoint\",\"urlTemplate\":\"https:\/\/talkpal.ai\/pt-br\/?s={search_term_string}\"},\"query-input\":{\"@type\":\"PropertyValueSpecification\",\"valueRequired\":true,\"valueName\":\"search_term_string\"}}],\"inLanguage\":\"pt-BR\"},{\"@type\":\"Organization\",\"@id\":\"https:\/\/talkpal.ai\/pt-br\/#organization\",\"name\":\"Talkpal, Inc.\",\"alternateName\":\"Talkpal AI\",\"url\":\"https:\/\/talkpal.ai\/pt-br\/\",\"logo\":{\"@type\":\"ImageObject\",\"inLanguage\":\"pt-BR\",\"@id\":\"https:\/\/talkpal.ai\/pt-br\/#\/schema\/logo\/image\/\",\"url\":\"https:\/\/talkpal.ai\/wp-content\/uploads\/2024\/03\/Talkpal-Logo-Icon.png\",\"contentUrl\":\"https:\/\/talkpal.ai\/wp-content\/uploads\/2024\/03\/Talkpal-Logo-Icon.png\",\"width\":2880,\"height\":2880,\"caption\":\"Talkpal, Inc.\"},\"image\":{\"@id\":\"https:\/\/talkpal.ai\/pt-br\/#\/schema\/logo\/image\/\"},\"sameAs\":[\"https:\/\/www.facebook.com\/profile.php?id=100090733639311\",\"https:\/\/x.com\/talkpalai\",\"https:\/\/www.linkedin.com\/company\/talkpal\/\",\"https:\/\/www.youtube.com\/@TalkPal\/\",\"https:\/\/www.tiktok.com\/@talkpal\",\"https:\/\/www.instagram.com\/talkpal_ai\/\",\"https:\/\/www.crunchbase.com\/organization\/talkpal-9cde\",\"https:\/\/www.g2.com\/products\/talkpal-for-business\/\",\"https:\/\/www.trustpilot.com\/review\/talkpal.ai\",\"https:\/\/www.capterra.com\/p\/10006800\/TalkPal\/\"],\"description\":\"Talkpal is a language learning web and mobile education app, powered by the latest AI technologies, that provides engaging experiences to its customers in many different languages to help them improve their language skills. Users can chat about unlimited amount of topics with the app and use other modes to practice their language learning.\",\"email\":\"support@talkpal.ai\",\"legalName\":\"Talkpal, Inc.\",\"foundingDate\":\"2023-04-03\",\"duns\":\"118989042\",\"numberOfEmployees\":{\"@type\":\"QuantitativeValue\",\"minValue\":\"11\",\"maxValue\":\"50\"},\"publishingPrinciples\":\"https:\/\/talkpal.ai\/publishing-principles\/\",\"actionableFeedbackPolicy\":\"https:\/\/talkpal.ai\/actionable-feedback-policy\/\",\"correctionsPolicy\":\"https:\/\/talkpal.ai\/corrections-policy\/\",\"ethicsPolicy\":\"https:\/\/talkpal.ai\/ethics-policy\/\",\"diversityPolicy\":\"https:\/\/talkpal.ai\/diversity-policy\/\",\"diversityStaffingReport\":\"https:\/\/talkpal.ai\/diversity-policy\/\"}]}<\/script>\n<!-- \/ Yoast SEO Premium plugin. -->","yoast_head_json":{"title":"Gram\u00e1tica uzbeque - Talkpal","description":"Domine os fundamentos da gram\u00e1tica uzbeque, incluindo o alfabeto, a fon\u00e9tica e a conjuga\u00e7\u00e3o de verbos, com nosso guia abrangente.","robots":{"index":"index","follow":"follow","max-snippet":"max-snippet:-1","max-image-preview":"max-image-preview:large","max-video-preview":"max-video-preview:-1"},"canonical":"https:\/\/talkpal.ai\/pt-br\/gramatica-uzbeque\/","og_locale":"pt_BR","og_type":"article","og_title":"Gram\u00e1tica uzbeque","og_description":"Navegando pelos meandros da gram\u00e1tica uzbeque O uzbeque, uma l\u00edngua turca com uma rica hist\u00f3ria e significado cultural, oferece uma experi\u00eancia","og_url":"https:\/\/talkpal.ai\/pt-br\/gramatica-uzbeque\/","og_site_name":"Talkpal","article_publisher":"https:\/\/www.facebook.com\/profile.php?id=100090733639311","article_modified_time":"2025-12-30T13:30:26+00:00","og_image":[{"width":2880,"height":1620,"url":"https:\/\/talkpal.ai\/wp-content\/uploads\/2025\/02\/Progress-tab-16_9.png","type":"image\/png"}],"twitter_card":"summary_large_image","twitter_site":"@talkpalai","twitter_misc":{"Est. tempo de leitura":"3 minutos"},"schema":{"@context":"https:\/\/schema.org","@graph":[{"@type":"WebPage","@id":"https:\/\/talkpal.ai\/pt-br\/gramatica-uzbeque\/","url":"https:\/\/talkpal.ai\/pt-br\/gramatica-uzbeque\/","name":"Gram\u00e1tica uzbeque - Talkpal","isPartOf":{"@id":"https:\/\/talkpal.ai\/pt-br\/#website"},"datePublished":"2025-11-12T17:23:13+00:00","dateModified":"2025-12-30T13:30:26+00:00","description":"Domine os fundamentos da gram\u00e1tica uzbeque, incluindo o alfabeto, a fon\u00e9tica e a conjuga\u00e7\u00e3o de verbos, com nosso guia abrangente.","breadcrumb":{"@id":"https:\/\/talkpal.ai\/pt-br\/gramatica-uzbeque\/#breadcrumb"},"inLanguage":"pt-BR","potentialAction":[{"@type":"ReadAction","target":["https:\/\/talkpal.ai\/pt-br\/gramatica-uzbeque\/"]}]},{"@type":"BreadcrumbList","@id":"https:\/\/talkpal.ai\/pt-br\/gramatica-uzbeque\/#breadcrumb","itemListElement":[{"@type":"ListItem","position":1,"name":"Homepage","item":"https:\/\/talkpal.ai\/pt-br\/"},{"@type":"ListItem","position":2,"name":"Gram\u00e1tica uzbeque"}]},{"@type":"WebSite","@id":"https:\/\/talkpal.ai\/pt-br\/#website","url":"https:\/\/talkpal.ai\/pt-br\/","name":"Talkpal","description":"AI Language Learning","publisher":{"@id":"https:\/\/talkpal.ai\/pt-br\/#organization"},"alternateName":"Talkpal AI","potentialAction":[{"@type":"SearchAction","target":{"@type":"EntryPoint","urlTemplate":"https:\/\/talkpal.ai\/pt-br\/?s={search_term_string}"},"query-input":{"@type":"PropertyValueSpecification","valueRequired":true,"valueName":"search_term_string"}}],"inLanguage":"pt-BR"},{"@type":"Organization","@id":"https:\/\/talkpal.ai\/pt-br\/#organization","name":"Talkpal, Inc.","alternateName":"Talkpal AI","url":"https:\/\/talkpal.ai\/pt-br\/","logo":{"@type":"ImageObject","inLanguage":"pt-BR","@id":"https:\/\/talkpal.ai\/pt-br\/#\/schema\/logo\/image\/","url":"https:\/\/talkpal.ai\/wp-content\/uploads\/2024\/03\/Talkpal-Logo-Icon.png","contentUrl":"https:\/\/talkpal.ai\/wp-content\/uploads\/2024\/03\/Talkpal-Logo-Icon.png","width":2880,"height":2880,"caption":"Talkpal, Inc."},"image":{"@id":"https:\/\/talkpal.ai\/pt-br\/#\/schema\/logo\/image\/"},"sameAs":["https:\/\/www.facebook.com\/profile.php?id=100090733639311","https:\/\/x.com\/talkpalai","https:\/\/www.linkedin.com\/company\/talkpal\/","https:\/\/www.youtube.com\/@TalkPal\/","https:\/\/www.tiktok.com\/@talkpal","https:\/\/www.instagram.com\/talkpal_ai\/","https:\/\/www.crunchbase.com\/organization\/talkpal-9cde","https:\/\/www.g2.com\/products\/talkpal-for-business\/","https:\/\/www.trustpilot.com\/review\/talkpal.ai","https:\/\/www.capterra.com\/p\/10006800\/TalkPal\/"],"description":"Talkpal is a language learning web and mobile education app, powered by the latest AI technologies, that provides engaging experiences to its customers in many different languages to help them improve their language skills. Users can chat about unlimited amount of topics with the app and use other modes to practice their language learning.","email":"support@talkpal.ai","legalName":"Talkpal, Inc.","foundingDate":"2023-04-03","duns":"118989042","numberOfEmployees":{"@type":"QuantitativeValue","minValue":"11","maxValue":"50"},"publishingPrinciples":"https:\/\/talkpal.ai\/publishing-principles\/","actionableFeedbackPolicy":"https:\/\/talkpal.ai\/actionable-feedback-policy\/","correctionsPolicy":"https:\/\/talkpal.ai\/corrections-policy\/","ethicsPolicy":"https:\/\/talkpal.ai\/ethics-policy\/","diversityPolicy":"https:\/\/talkpal.ai\/diversity-policy\/","diversityStaffingReport":"https:\/\/talkpal.ai\/diversity-policy\/"}]}},"_links":{"self":[{"href":"https:\/\/talkpal.ai\/pt-br\/wp-json\/wp\/v2\/pages\/1464732","targetHints":{"allow":["GET"]}}],"collection":[{"href":"https:\/\/talkpal.ai\/pt-br\/wp-json\/wp\/v2\/pages"}],"about":[{"href":"https:\/\/talkpal.ai\/pt-br\/wp-json\/wp\/v2\/types\/page"}],"author":[{"embeddable":true,"href":"https:\/\/talkpal.ai\/pt-br\/wp-json\/wp\/v2\/users\/20"}],"replies":[{"embeddable":true,"href":"https:\/\/talkpal.ai\/pt-br\/wp-json\/wp\/v2\/comments?post=1464732"}],"version-history":[{"count":0,"href":"https:\/\/talkpal.ai\/pt-br\/wp-json\/wp\/v2\/pages\/1464732\/revisions"}],"wp:attachment":[{"href":"https:\/\/talkpal.ai\/pt-br\/wp-json\/wp\/v2\/media?parent=1464732"}],"curies":[{"name":"wp","href":"https:\/\/api.w.org\/{rel}","templated":true}]}}