{"id":1464641,"date":"2025-11-12T16:33:49","date_gmt":"2025-11-12T16:33:49","guid":{"rendered":"https:\/\/talkpal.ai\/exercicios-de-gramatica-punjabi\/"},"modified":"2025-12-30T11:19:58","modified_gmt":"2025-12-30T11:19:58","slug":"exercicios-de-gramatica-punjabi","status":"publish","type":"page","link":"https:\/\/talkpal.ai\/pt-br\/exercicios-de-gramatica-punjabi\/","title":{"rendered":"Exerc\u00edcios de gram\u00e1tica punjabi"},"content":{"rendered":"\r\n\r\n\r\n<section class=\"languageChallengeSection\">\r\n    <div class=\"languageInfoWrapper\">\r\n        \r\n        <h1>Exerc\u00edcios de gram\u00e1tica punjabi<\/h1>\r\n        <p>Pronto para mergulhar na <a href=\"https:\/\/talkpal.ai\/punjabi-grammar\/\">gram\u00e1tica punjabi<\/a>? Praticar algumas no\u00e7\u00f5es b\u00e1sicas ajudar\u00e1 voc\u00ea a se sentir confort\u00e1vel com esse idioma \u00fanico e belo. Experimente estes exerc\u00edcios para aumentar sua confian\u00e7a e se divertir ao longo do caminho!<\/p>\r\n\r\n                            <a class=\"getStartedHidden\" href=\"https:\/\/app.talkpal.ai\/pt-br\/signup?lng=\">Come\u00e7a<\/a>\r\n        \r\n    <\/div>\r\n\r\n    <figure>\r\n    <img decoding=\"async\" width=\"768\" height=\"768\" src=\"https:\/\/talkpal.ai\/wp-content\/uploads\/2023\/06\/welsh-768x768.png\" class=\"languageImage no-lazy\" alt=\"Language learning for better cognitive abilities\" fetchpriority=\"high\" sizes=\"(max-width: 768px) 150px, 768px\" srcset=\"https:\/\/talkpal.ai\/wp-content\/uploads\/2023\/06\/welsh-768x768.png 768w, https:\/\/talkpal.ai\/wp-content\/uploads\/2023\/06\/welsh-300x300.png 300w\" \/>\r\n    \r\n\r\n    <\/figure>\r\n\r\n            <a class=\"getStartedVisible\" href=\"https:\/\/app.talkpal.ai\/pt-br\/signup?lng=\">Come\u00e7a<\/a>\r\n    \r\n<\/section><section class=\"promotionalBanner\">\r\n    <p class=\"promotionalText\">A maneira mais eficiente de aprender um idioma<\/p>\r\n    <a class=\"promotionalLink\" href=\"https:\/\/app.talkpal.ai\/pt-br\/signup?lng=\">Experimente o Talkpal gratuitamente<\/a>\r\n<\/section>\n<div class=\"wp-block-group pageContainerStyle\"><div class=\"wp-block-group__inner-container is-layout-constrained wp-block-group-is-layout-constrained\">\n<h2 class=\"wp-block-heading\" id=\"h-punjabi-grammar-topics\">T\u00f3picos de gram\u00e1tica punjabi<\/h2>\n\n\n\n<p><a href=\"https:\/\/talkpal.ai\/pt-br\/os-maiores-erros-que-voce-deve-evitar-ao-aprender-um-novo-idioma\/\">Aprender um novo idioma<\/a> pode ser um empreendimento desafiador, mas gratificante. O <a href=\"https:\/\/talkpal.ai\/learn-punjabi\/\">punjabi<\/a>, uma l\u00edngua indo-ariana falada principalmente na regi\u00e3o de Punjab e nas comunidades da di\u00e1spora, n\u00e3o \u00e9 exce\u00e7\u00e3o. Com suas caracter\u00edsticas e estruturas \u00fanicas, <a href=\"https:\/\/talkpal.ai\/pt-br\/talkpal-para-a-educacao\/\">aprender<\/a> punjabi requer uma abordagem sistem\u00e1tica para entender sua gram\u00e1tica. Este guia descreve as principais \u00e1reas da <a href=\"https:\/\/talkpal.ai\/pt-br\/gramatica-punjabi\/\">gram\u00e1tica punjabi <\/a>em uma sequ\u00eancia l\u00f3gica para o aprendizado de <a href=\"https:\/\/talkpal.ai\/pt-br\/talkpal-para-a-educacao\/\">idiomas<\/a>, come\u00e7ando pelo b\u00e1sico, <a href=\"https:\/\/talkpal.ai\/locations\/language-courses-in-como\/\">como<\/a> substantivos e artigos, e progredindo para \u00e1reas mais complexas, como tempos verbais e constru\u00e7\u00e3o de frases.<\/p>\n\n\n\n<h3 class=\"wp-block-heading\" id=\"h-1-nouns\">1. Substantivos:<\/h3>\n\n\n\n<p>Comece sua jornada no idioma punjabi aprendendo os substantivos. Isso inclui entender as diferentes categorias de substantivos, como substantivos comuns e pr\u00f3prios, seu g\u00eanero (masculino e feminino) e suas formas plurais.<\/p>\n\n\n\n<h3 class=\"wp-block-heading\" id=\"h-2-articles\">2. Artigos:<\/h3>\n\n\n\n<p>Os artigos na l\u00edngua punjabi n\u00e3o s\u00e3o usados da mesma forma que em <a href=\"https:\/\/talkpal.ai\/pt-br\/pratica-de-conversacao-em-ingles-com-ia\/\">ingl\u00eas<\/a>. O punjabi n\u00e3o tem <a href=\"https:\/\/talkpal.ai\/hi\/grammar_exercises\/articulos-%e0%a4%b8%e0%a5%8d%e0%a4%aa%e0%a5%87%e0%a4%a8%e0%a4%bf%e0%a4%b6-%e0%a4%b5%e0%a5%8d%e0%a4%af%e0%a4%be%e0%a4%95%e0%a4%b0%e0%a4%a3-%e0%a4%95%e0%a5%87-%e0%a4%b2%e0%a4%bf%e0%a4%8f-%e0%a4%b5\/\">artigos definidos<\/a> ou indefinidos; A defini\u00e7\u00e3o \u00e9 expressa por meio de contexto ou demonstrativos, e o numeral ik pode funcionar como um <a href=\"https:\/\/talkpal.ai\/pt-pt\/grammar\/artigo-indefinido-na-gramatica-galesa\/\">artigo indefinido<\/a> em alguns contextos.<\/p>\n\n\n\n<h3 class=\"wp-block-heading\" id=\"h-3-adjectives\">3. Adjetivos:<\/h3>\n\n\n\n<p>Os adjetivos em punjabi geralmente precedem seus substantivos e concordam com o substantivo em g\u00eanero, n\u00famero e caso. Voc\u00ea tamb\u00e9m precisar\u00e1 aprender como suas termina\u00e7\u00f5es mudam e como formar comparativos e superlativos usando palavras como hor e sabh ton.<\/p>\n\n\n\n<h3 class=\"wp-block-heading\" id=\"h-4-pronouns-determiners\">4. Pronomes\/Determinantes:<\/h3>\n\n\n\n<p>Pronomes e determinantes s\u00e3o essenciais em Punjabi; eles substituem substantivos e fornecem informa\u00e7\u00f5es sobre quantidade, posse e muito mais. Aprenda as formas diretas e obl\u00edquas usadas com p\u00f3s-posi\u00e7\u00f5es, bem como demonstrativos como eh e oh e possessivos como mera e tera para uma comunica\u00e7\u00e3o eficaz.<\/p>\n\n\n\n<h3 class=\"wp-block-heading\" id=\"h-5-verbs\">5. Verbos:<\/h3>\n\n\n\n<p>Os verbos punjabi t\u00eam formas diferentes dependendo do tempo, aspecto, humor e voz, e funcionam em estreita colabora\u00e7\u00e3o com o verbo auxiliar hona. Comece com as formas habituais presentes e explore gradualmente as formas perfectivas e futuras.<\/p>\n\n\n\n<h3 class=\"wp-block-heading\" id=\"h-6-tenses\">6. Tempos:<\/h3>\n\n\n\n<p>Depois de dominar as formas verbais, aprofunde-se nos tempos verbais do punjabi. Isso inclui entender como o <a href=\"https:\/\/talkpal.ai\/zh-hans\/grammar_exercises\/presente-%e8%a5%bf%e7%8f%ad%e7%89%99%e8%af%ad%e6%b3%95%e7%bb%83%e4%b9%a0\/\">presente<\/a>, o passado e o <a href=\"https:\/\/talkpal.ai\/ja\/grammar_exercises\/futuro-%e3%82%b9%e3%83%9a%e3%82%a4%e3%83%b3%e8%aa%9e%e3%81%ae%e6%96%87%e6%b3%95%e3%81%ae%e6%bc%94%e7%bf%92\/\">futuro<\/a> s\u00e3o expressos por meio de partic\u00edpios aspectuais com auxiliares ou por meio de formas futuras sint\u00e9ticas e como elas s\u00e3o usadas em diferentes contextos.<\/p>\n\n\n\n<h3 class=\"wp-block-heading\" id=\"h-7-tense-comparison\">7. Compara\u00e7\u00e3o tensa:<\/h3>\n\n\n\n<p>A compara\u00e7\u00e3o dos tempos verbais em punjabi ajuda a entender a sequ\u00eancia dos eventos. Comparar o mesmo verbo em v\u00e1rios tempos e aspectos fornecer\u00e1 uma <a href=\"https:\/\/talkpal.ai\/es\/la-mejor-aplicacion-de-conversacion-con-ia\/\">melhor<\/a> compreens\u00e3o dos padr\u00f5es de concord\u00e2ncia e uso.<\/p>\n\n\n\n<h3 class=\"wp-block-heading\" id=\"h-8-progressive\">8. Progressiva:<\/h3>\n\n\n\n<p>O progressista em Punjabi \u00e9 usado para expressar a\u00e7\u00f5es em andamento. \u00c9 formado pelo uso do partic\u00edpio progressivo reha, rahi ou rahe com a forma apropriada do verbo ser.<\/p>\n\n\n\n<h3 class=\"wp-block-heading\" id=\"h-9-perfect-progressive\">9. Perfeito Progressivo:<\/h3>\n\n\n\n<p>Isso \u00e9 usado para expressar a\u00e7\u00f5es que est\u00e3o em andamento at\u00e9 um determinado ponto. Em Punjabi, \u00e9 formado com o partic\u00edpio progressivo reha, rahi ou rahe junto com a forma perfeita ou passada do verbo ser.<\/p>\n\n\n\n<h3 class=\"wp-block-heading\" id=\"h-10-conditionals\">10. Condicionais:<\/h3>\n\n\n\n<p>As condicionais expressam situa\u00e7\u00f5es hipot\u00e9ticas e seus poss\u00edveis desfechos. Eles s\u00e3o uma parte importante da gram\u00e1tica punjabi e geralmente usam estruturas com ora\u00e7\u00f5es je e then, juntamente com formas verbais ou modais apropriadas, para adicionar nuances \u00e0s suas habilidades lingu\u00edsticas.<\/p>\n\n\n\n<h3 class=\"wp-block-heading\" id=\"h-11-adverbs\">11. Adv\u00e9rbios:<\/h3>\n\n\n\n<p>Os adv\u00e9rbios em punjabi modificam verbos, adjetivos ou outros adv\u00e9rbios. Eles fornecem informa\u00e7\u00f5es sobre maneira, lugar, tempo, grau e muito mais, e s\u00e3o essenciais para uma express\u00e3o precisa.<\/p>\n\n\n\n<h3 class=\"wp-block-heading\" id=\"h-12-prepositions\">12. Preposi\u00e7\u00f5es:<\/h3>\n\n\n\n<p>O punjabi usa postposi\u00e7\u00f5es em vez de preposi\u00e7\u00f5es; eles seguem o substantivo e muitas vezes requerem o substantivo no caso obl\u00edquo. Eles expressam rela\u00e7\u00f5es de tempo, lugar, dire\u00e7\u00e3o e muito mais.<\/p>\n\n\n\n<h3 class=\"wp-block-heading\" id=\"h-13-sentences\">13. Senten\u00e7as:<\/h3>\n\n\n\n<p>Por fim, pratique a constru\u00e7\u00e3o de frases. Isso envolver\u00e1 o uso de todos os pontos gramaticais aprendidos anteriormente no contexto, normalmente com um sujeito-objeto, verbo, ordem das palavras e p\u00f3s-posi\u00e7\u00f5es, garantindo assim uma compreens\u00e3o abrangente da l\u00edngua punjabi.<\/p>\n<\/div><\/div>\n\r\n<section class=\"learnNavigationSection\">\r\n            \r\n        <a href=\"https:\/\/talkpal.ai\/pt-br\/aprenda-punjabi\/\">\r\n            <div class=\"learnNavigationWrapper\">\r\n                <div class=\"learnNavigationContent\">\r\n                    <img decoding=\"async\" src=\"https:\/\/talkpal.ai\/wp-content\/uploads\/2025\/11\/Punjabi.png\" alt=\"Indian Simplified Flag\">\r\n                    <div>\r\n                        <h4>Sobre o Punjabi Learning<\/h4>\r\n                        <p>Descubra tudo sobre a gram\u00e1tica punjabi.<\/p>\r\n                    <\/div>\r\n                <\/div>\r\n            <\/div>\r\n        <\/a>\r\n\r\n        \r\n        <a href=\"https:\/\/talkpal.ai\/pt-br\/gramatica-punjabi\/\">\r\n            <div class=\"learnNavigationWrapper\">\r\n                <div class=\"learnNavigationContent\">\r\n                    <img decoding=\"async\" src=\"https:\/\/talkpal.ai\/wp-content\/uploads\/2025\/11\/Punjabi.png\" alt=\"Indian Simplified Flag\">\r\n                    <div>\r\n                        <h4>Aulas de gram\u00e1tica punjabi<\/h4>\r\n                        <p>Pratique a gram\u00e1tica punjabi.<\/p>\r\n                    <\/div>\r\n                <\/div>\r\n            <\/div>\r\n        <\/a>\r\n\r\n            <\/section>","protected":false},"excerpt":{"rendered":"<p>T\u00f3picos de gram\u00e1tica punjabi Aprender um novo idioma pode ser um empreendimento desafiador, mas gratificante. O punjabi, uma l\u00edngua indo-ariana falada principalmente na regi\u00e3o de Punjab e nas comunidades da di\u00e1spora, n\u00e3o \u00e9 exce\u00e7\u00e3o. Com suas caracter\u00edsticas e estruturas \u00fanicas, aprender punjabi requer uma abordagem sistem\u00e1tica para entender sua gram\u00e1tica. Este guia descreve as principais [&hellip;]<\/p>\n","protected":false},"author":20,"featured_media":0,"parent":0,"menu_order":0,"comment_status":"closed","ping_status":"closed","template":"LearningContentPage.php","meta":{"_acf_changed":false,"footnotes":""},"class_list":["post-1464641","page","type-page","status-publish","hentry"],"acf":[],"yoast_head":"<!-- This site is optimized with the Yoast SEO Premium plugin v27.2 (Yoast SEO v27.2) - https:\/\/yoast.com\/product\/yoast-seo-premium-wordpress\/ -->\n<title>Exerc\u00edcios de gram\u00e1tica punjabi - Talkpal<\/title>\n<meta name=\"description\" content=\"Domine a gram\u00e1tica do punjabi com exerc\u00edcios interativos criados para melhorar sua flu\u00eancia e confian\u00e7a no idioma.\" \/>\n<meta name=\"robots\" content=\"index, follow, max-snippet:-1, max-image-preview:large, max-video-preview:-1\" \/>\n<link rel=\"canonical\" href=\"https:\/\/talkpal.ai\/pt-br\/exercicios-de-gramatica-punjabi\/\" \/>\n<meta property=\"og:locale\" content=\"pt_BR\" \/>\n<meta property=\"og:type\" content=\"article\" \/>\n<meta property=\"og:title\" content=\"Exerc\u00edcios de gram\u00e1tica punjabi\" \/>\n<meta property=\"og:description\" content=\"T\u00f3picos de gram\u00e1tica punjabi Aprender um novo idioma pode ser um empreendimento desafiador, mas gratificante. O punjabi, uma l\u00edngua indo-ariana falada\" \/>\n<meta property=\"og:url\" content=\"https:\/\/talkpal.ai\/pt-br\/exercicios-de-gramatica-punjabi\/\" \/>\n<meta property=\"og:site_name\" content=\"Talkpal\" \/>\n<meta property=\"article:publisher\" content=\"https:\/\/www.facebook.com\/profile.php?id=100090733639311\" \/>\n<meta property=\"article:modified_time\" content=\"2025-12-30T11:19:58+00:00\" \/>\n<meta property=\"og:image\" content=\"https:\/\/talkpal.ai\/wp-content\/uploads\/2025\/02\/Progress-tab-16_9.png\" \/>\n\t<meta property=\"og:image:width\" content=\"2880\" \/>\n\t<meta property=\"og:image:height\" content=\"1620\" \/>\n\t<meta property=\"og:image:type\" content=\"image\/png\" \/>\n<meta name=\"twitter:card\" content=\"summary_large_image\" \/>\n<meta name=\"twitter:site\" content=\"@talkpalai\" \/>\n<meta name=\"twitter:label1\" content=\"Est. tempo de leitura\" \/>\n\t<meta name=\"twitter:data1\" content=\"3 minutos\" \/>\n<script type=\"application\/ld+json\" class=\"yoast-schema-graph\">{\"@context\":\"https:\/\/schema.org\",\"@graph\":[{\"@type\":\"WebPage\",\"@id\":\"https:\/\/talkpal.ai\/pt-br\/exercicios-de-gramatica-punjabi\/\",\"url\":\"https:\/\/talkpal.ai\/pt-br\/exercicios-de-gramatica-punjabi\/\",\"name\":\"Exerc\u00edcios de gram\u00e1tica punjabi - Talkpal\",\"isPartOf\":{\"@id\":\"https:\/\/talkpal.ai\/pt-br\/#website\"},\"datePublished\":\"2025-11-12T16:33:49+00:00\",\"dateModified\":\"2025-12-30T11:19:58+00:00\",\"description\":\"Domine a gram\u00e1tica do punjabi com exerc\u00edcios interativos criados para melhorar sua flu\u00eancia e confian\u00e7a no idioma.\",\"breadcrumb\":{\"@id\":\"https:\/\/talkpal.ai\/pt-br\/exercicios-de-gramatica-punjabi\/#breadcrumb\"},\"inLanguage\":\"pt-BR\",\"potentialAction\":[{\"@type\":\"ReadAction\",\"target\":[\"https:\/\/talkpal.ai\/pt-br\/exercicios-de-gramatica-punjabi\/\"]}]},{\"@type\":\"BreadcrumbList\",\"@id\":\"https:\/\/talkpal.ai\/pt-br\/exercicios-de-gramatica-punjabi\/#breadcrumb\",\"itemListElement\":[{\"@type\":\"ListItem\",\"position\":1,\"name\":\"Homepage\",\"item\":\"https:\/\/talkpal.ai\/pt-br\/\"},{\"@type\":\"ListItem\",\"position\":2,\"name\":\"Exerc\u00edcios de gram\u00e1tica punjabi\"}]},{\"@type\":\"WebSite\",\"@id\":\"https:\/\/talkpal.ai\/pt-br\/#website\",\"url\":\"https:\/\/talkpal.ai\/pt-br\/\",\"name\":\"Talkpal\",\"description\":\"AI Language Learning\",\"publisher\":{\"@id\":\"https:\/\/talkpal.ai\/pt-br\/#organization\"},\"alternateName\":\"Talkpal AI\",\"potentialAction\":[{\"@type\":\"SearchAction\",\"target\":{\"@type\":\"EntryPoint\",\"urlTemplate\":\"https:\/\/talkpal.ai\/pt-br\/?s={search_term_string}\"},\"query-input\":{\"@type\":\"PropertyValueSpecification\",\"valueRequired\":true,\"valueName\":\"search_term_string\"}}],\"inLanguage\":\"pt-BR\"},{\"@type\":\"Organization\",\"@id\":\"https:\/\/talkpal.ai\/pt-br\/#organization\",\"name\":\"Talkpal, Inc.\",\"alternateName\":\"Talkpal AI\",\"url\":\"https:\/\/talkpal.ai\/pt-br\/\",\"logo\":{\"@type\":\"ImageObject\",\"inLanguage\":\"pt-BR\",\"@id\":\"https:\/\/talkpal.ai\/pt-br\/#\/schema\/logo\/image\/\",\"url\":\"https:\/\/talkpal.ai\/wp-content\/uploads\/2024\/03\/Talkpal-Logo-Icon.png\",\"contentUrl\":\"https:\/\/talkpal.ai\/wp-content\/uploads\/2024\/03\/Talkpal-Logo-Icon.png\",\"width\":2880,\"height\":2880,\"caption\":\"Talkpal, Inc.\"},\"image\":{\"@id\":\"https:\/\/talkpal.ai\/pt-br\/#\/schema\/logo\/image\/\"},\"sameAs\":[\"https:\/\/www.facebook.com\/profile.php?id=100090733639311\",\"https:\/\/x.com\/talkpalai\",\"https:\/\/www.linkedin.com\/company\/talkpal\/\",\"https:\/\/www.youtube.com\/@TalkPal\/\",\"https:\/\/www.tiktok.com\/@talkpal\",\"https:\/\/www.instagram.com\/talkpal_ai\/\",\"https:\/\/www.crunchbase.com\/organization\/talkpal-9cde\",\"https:\/\/www.g2.com\/products\/talkpal-for-business\/\",\"https:\/\/www.trustpilot.com\/review\/talkpal.ai\",\"https:\/\/www.capterra.com\/p\/10006800\/TalkPal\/\"],\"description\":\"Talkpal is a language learning web and mobile education app, powered by the latest AI technologies, that provides engaging experiences to its customers in many different languages to help them improve their language skills. Users can chat about unlimited amount of topics with the app and use other modes to practice their language learning.\",\"email\":\"support@talkpal.ai\",\"legalName\":\"Talkpal, Inc.\",\"foundingDate\":\"2023-04-03\",\"duns\":\"118989042\",\"numberOfEmployees\":{\"@type\":\"QuantitativeValue\",\"minValue\":\"11\",\"maxValue\":\"50\"},\"publishingPrinciples\":\"https:\/\/talkpal.ai\/publishing-principles\/\",\"actionableFeedbackPolicy\":\"https:\/\/talkpal.ai\/actionable-feedback-policy\/\",\"correctionsPolicy\":\"https:\/\/talkpal.ai\/corrections-policy\/\",\"ethicsPolicy\":\"https:\/\/talkpal.ai\/ethics-policy\/\",\"diversityPolicy\":\"https:\/\/talkpal.ai\/diversity-policy\/\",\"diversityStaffingReport\":\"https:\/\/talkpal.ai\/diversity-policy\/\"}]}<\/script>\n<!-- \/ Yoast SEO Premium plugin. -->","yoast_head_json":{"title":"Exerc\u00edcios de gram\u00e1tica punjabi - Talkpal","description":"Domine a gram\u00e1tica do punjabi com exerc\u00edcios interativos criados para melhorar sua flu\u00eancia e confian\u00e7a no idioma.","robots":{"index":"index","follow":"follow","max-snippet":"max-snippet:-1","max-image-preview":"max-image-preview:large","max-video-preview":"max-video-preview:-1"},"canonical":"https:\/\/talkpal.ai\/pt-br\/exercicios-de-gramatica-punjabi\/","og_locale":"pt_BR","og_type":"article","og_title":"Exerc\u00edcios de gram\u00e1tica punjabi","og_description":"T\u00f3picos de gram\u00e1tica punjabi Aprender um novo idioma pode ser um empreendimento desafiador, mas gratificante. O punjabi, uma l\u00edngua indo-ariana falada","og_url":"https:\/\/talkpal.ai\/pt-br\/exercicios-de-gramatica-punjabi\/","og_site_name":"Talkpal","article_publisher":"https:\/\/www.facebook.com\/profile.php?id=100090733639311","article_modified_time":"2025-12-30T11:19:58+00:00","og_image":[{"width":2880,"height":1620,"url":"https:\/\/talkpal.ai\/wp-content\/uploads\/2025\/02\/Progress-tab-16_9.png","type":"image\/png"}],"twitter_card":"summary_large_image","twitter_site":"@talkpalai","twitter_misc":{"Est. tempo de leitura":"3 minutos"},"schema":{"@context":"https:\/\/schema.org","@graph":[{"@type":"WebPage","@id":"https:\/\/talkpal.ai\/pt-br\/exercicios-de-gramatica-punjabi\/","url":"https:\/\/talkpal.ai\/pt-br\/exercicios-de-gramatica-punjabi\/","name":"Exerc\u00edcios de gram\u00e1tica punjabi - Talkpal","isPartOf":{"@id":"https:\/\/talkpal.ai\/pt-br\/#website"},"datePublished":"2025-11-12T16:33:49+00:00","dateModified":"2025-12-30T11:19:58+00:00","description":"Domine a gram\u00e1tica do punjabi com exerc\u00edcios interativos criados para melhorar sua flu\u00eancia e confian\u00e7a no idioma.","breadcrumb":{"@id":"https:\/\/talkpal.ai\/pt-br\/exercicios-de-gramatica-punjabi\/#breadcrumb"},"inLanguage":"pt-BR","potentialAction":[{"@type":"ReadAction","target":["https:\/\/talkpal.ai\/pt-br\/exercicios-de-gramatica-punjabi\/"]}]},{"@type":"BreadcrumbList","@id":"https:\/\/talkpal.ai\/pt-br\/exercicios-de-gramatica-punjabi\/#breadcrumb","itemListElement":[{"@type":"ListItem","position":1,"name":"Homepage","item":"https:\/\/talkpal.ai\/pt-br\/"},{"@type":"ListItem","position":2,"name":"Exerc\u00edcios de gram\u00e1tica punjabi"}]},{"@type":"WebSite","@id":"https:\/\/talkpal.ai\/pt-br\/#website","url":"https:\/\/talkpal.ai\/pt-br\/","name":"Talkpal","description":"AI Language Learning","publisher":{"@id":"https:\/\/talkpal.ai\/pt-br\/#organization"},"alternateName":"Talkpal AI","potentialAction":[{"@type":"SearchAction","target":{"@type":"EntryPoint","urlTemplate":"https:\/\/talkpal.ai\/pt-br\/?s={search_term_string}"},"query-input":{"@type":"PropertyValueSpecification","valueRequired":true,"valueName":"search_term_string"}}],"inLanguage":"pt-BR"},{"@type":"Organization","@id":"https:\/\/talkpal.ai\/pt-br\/#organization","name":"Talkpal, Inc.","alternateName":"Talkpal AI","url":"https:\/\/talkpal.ai\/pt-br\/","logo":{"@type":"ImageObject","inLanguage":"pt-BR","@id":"https:\/\/talkpal.ai\/pt-br\/#\/schema\/logo\/image\/","url":"https:\/\/talkpal.ai\/wp-content\/uploads\/2024\/03\/Talkpal-Logo-Icon.png","contentUrl":"https:\/\/talkpal.ai\/wp-content\/uploads\/2024\/03\/Talkpal-Logo-Icon.png","width":2880,"height":2880,"caption":"Talkpal, Inc."},"image":{"@id":"https:\/\/talkpal.ai\/pt-br\/#\/schema\/logo\/image\/"},"sameAs":["https:\/\/www.facebook.com\/profile.php?id=100090733639311","https:\/\/x.com\/talkpalai","https:\/\/www.linkedin.com\/company\/talkpal\/","https:\/\/www.youtube.com\/@TalkPal\/","https:\/\/www.tiktok.com\/@talkpal","https:\/\/www.instagram.com\/talkpal_ai\/","https:\/\/www.crunchbase.com\/organization\/talkpal-9cde","https:\/\/www.g2.com\/products\/talkpal-for-business\/","https:\/\/www.trustpilot.com\/review\/talkpal.ai","https:\/\/www.capterra.com\/p\/10006800\/TalkPal\/"],"description":"Talkpal is a language learning web and mobile education app, powered by the latest AI technologies, that provides engaging experiences to its customers in many different languages to help them improve their language skills. Users can chat about unlimited amount of topics with the app and use other modes to practice their language learning.","email":"support@talkpal.ai","legalName":"Talkpal, Inc.","foundingDate":"2023-04-03","duns":"118989042","numberOfEmployees":{"@type":"QuantitativeValue","minValue":"11","maxValue":"50"},"publishingPrinciples":"https:\/\/talkpal.ai\/publishing-principles\/","actionableFeedbackPolicy":"https:\/\/talkpal.ai\/actionable-feedback-policy\/","correctionsPolicy":"https:\/\/talkpal.ai\/corrections-policy\/","ethicsPolicy":"https:\/\/talkpal.ai\/ethics-policy\/","diversityPolicy":"https:\/\/talkpal.ai\/diversity-policy\/","diversityStaffingReport":"https:\/\/talkpal.ai\/diversity-policy\/"}]}},"_links":{"self":[{"href":"https:\/\/talkpal.ai\/pt-br\/wp-json\/wp\/v2\/pages\/1464641","targetHints":{"allow":["GET"]}}],"collection":[{"href":"https:\/\/talkpal.ai\/pt-br\/wp-json\/wp\/v2\/pages"}],"about":[{"href":"https:\/\/talkpal.ai\/pt-br\/wp-json\/wp\/v2\/types\/page"}],"author":[{"embeddable":true,"href":"https:\/\/talkpal.ai\/pt-br\/wp-json\/wp\/v2\/users\/20"}],"replies":[{"embeddable":true,"href":"https:\/\/talkpal.ai\/pt-br\/wp-json\/wp\/v2\/comments?post=1464641"}],"version-history":[{"count":0,"href":"https:\/\/talkpal.ai\/pt-br\/wp-json\/wp\/v2\/pages\/1464641\/revisions"}],"wp:attachment":[{"href":"https:\/\/talkpal.ai\/pt-br\/wp-json\/wp\/v2\/media?parent=1464641"}],"curies":[{"name":"wp","href":"https:\/\/api.w.org\/{rel}","templated":true}]}}